{"id":14215,"date":"2022-10-06T10:59:21","date_gmt":"2022-10-06T08:59:21","guid":{"rendered":"https:\/\/www.tischbein-metall.de\/?page_id=14215"},"modified":"2025-01-02T12:07:12","modified_gmt":"2025-01-02T11:07:12","slug":"informacion-de-pago-y-envio","status":"publish","type":"page","link":"https:\/\/www.tischbein-metall.de\/es\/informacion-de-pago-y-envio\/","title":{"rendered":"Informaci\u00f3n de pago y env\u00edo"},"content":{"rendered":"\t\t<div data-elementor-type=\"wp-page\" data-elementor-id=\"14215\" class=\"elementor elementor-14215 elementor-11088\">\n\t\t\t\t\t\t<section class=\"elementor-section elementor-top-section elementor-element elementor-element-4439531 elementor-section-full_width elementor-section-height-default elementor-section-height-default\" data-id=\"4439531\" data-element_type=\"section\">\n\t\t\t\t\t\t<div class=\"elementor-container elementor-column-gap-no\">\n\t\t\t\t\t<div class=\"elementor-column elementor-col-100 elementor-top-column elementor-element elementor-element-eca6dd6\" data-id=\"eca6dd6\" data-element_type=\"column\">\n\t\t\t<div class=\"elementor-widget-wrap elementor-element-populated\">\n\t\t\t\t\t\t<div class=\"elementor-element elementor-element-37fa216 elementor-widget elementor-widget-heading\" data-id=\"37fa216\" data-element_type=\"widget\" data-widget_type=\"heading.default\">\n\t\t\t\t<div class=\"elementor-widget-container\">\n\t\t\t<style>\/*! elementor - v3.23.0 - 25-07-2024 *\/\n.elementor-heading-title{padding:0;margin:0;line-height:1}.elementor-widget-heading .elementor-heading-title[class*=elementor-size-]>a{color:inherit;font-size:inherit;line-height:inherit}.elementor-widget-heading .elementor-heading-title.elementor-size-small{font-size:15px}.elementor-widget-heading .elementor-heading-title.elementor-size-medium{font-size:19px}.elementor-widget-heading .elementor-heading-title.elementor-size-large{font-size:29px}.elementor-widget-heading .elementor-heading-title.elementor-size-xl{font-size:39px}.elementor-widget-heading .elementor-heading-title.elementor-size-xxl{font-size:59px}<\/style><h1 class=\"elementor-heading-title elementor-size-default\">Informaci\u00f3n de pago y env\u00edo<\/h1>\t\t<\/div>\n\t\t\t\t<\/div>\n\t\t\t\t\t<\/div>\n\t\t<\/div>\n\t\t\t\t\t<\/div>\n\t\t<\/section>\n\t\t<div class=\"elementor-element elementor-element-4800c504 e-flex e-con-boxed e-con e-parent\" data-id=\"4800c504\" data-element_type=\"container\">\n\t\t\t\t\t<div class=\"e-con-inner\">\n\t\t\t\t<div class=\"elementor-element elementor-element-431a6b9a elementor-widget elementor-widget-text-editor\" data-id=\"431a6b9a\" data-element_type=\"widget\" data-widget_type=\"text-editor.default\">\n\t\t\t\t<div class=\"elementor-widget-container\">\n\t\t\t<style>\/*! elementor - v3.23.0 - 25-07-2024 *\/\n.elementor-widget-text-editor.elementor-drop-cap-view-stacked .elementor-drop-cap{background-color:#69727d;color:#fff}.elementor-widget-text-editor.elementor-drop-cap-view-framed .elementor-drop-cap{color:#69727d;border:3px solid;background-color:transparent}.elementor-widget-text-editor:not(.elementor-drop-cap-view-default) .elementor-drop-cap{margin-top:8px}.elementor-widget-text-editor:not(.elementor-drop-cap-view-default) .elementor-drop-cap-letter{width:1em;height:1em}.elementor-widget-text-editor .elementor-drop-cap{float:left;text-align:center;line-height:1;font-size:50px}.elementor-widget-text-editor .elementor-drop-cap-letter{display:inline-block}<\/style>\t\t\t\t<p><strong>1. Opciones de pago<\/strong><\/p>\n<figure class=\"wp-block-image size-large\"><img decoding=\"async\" src=\"https:\/\/www.tischbein-metall.de\/wp-content\/uploads\/2023\/12\/zahlungsarten-2-1024x60-7.png\" alt=\"Formas de pago\" width=\"601\"\/><\/figure>\n<p>1.1 Para entregas dentro de Alemania, puedes elegir entre los siguientes m\u00e9todos de pago, a menos que se indique lo contrario en la descripci\u00f3n del art\u00edculo:<\/p>\n<ul>\n \t<li>Pago anticipado mediante transferencia bancaria<\/li>\n \t<li>Paypal<\/li>\n \t<li>Paypal Express<\/li>\n \t<li>Domiciliaci\u00f3n bancaria a trav\u00e9s de PayPal<\/li>\n \t<li>Pago con tarjeta de cr\u00e9dito a trav\u00e9s de PayPal<\/li>\n \t<li>Compra a cuenta mediante PayPal<\/li>\n \t<li>Google Pay via Stripe<\/li>\n \t<li>Apple Pay via Stripe<\/li>\n \t<li>Pago con tarjeta de cr\u00e9dito a trav\u00e9s de Stripe<\/li>\n \t<li>Bancontact<\/li>\n<\/ul>\n<p>1.2 Para entregas al extranjero, ofrecemos los siguientes m\u00e9todos de pago, a menos que se indique lo contrario en la descripci\u00f3n del art\u00edculo:<\/p>\n<ul>\n \t<li>Pago anticipado mediante transferencia bancaria<\/li>\n \t<li>Paypal<\/li>\n \t<li>Paypal Express<\/li>\n \t<li>Domiciliaci\u00f3n bancaria a trav\u00e9s de PayPal<\/li>\n \t<li>Pago con tarjeta de cr\u00e9dito a trav\u00e9s de PayPal<\/li>\n \t<li>Compra a cuenta mediante PayPal<\/li>\n \t<li>Google Pay via Stripe<\/li>\n \t<li>Apple Pay via Stripe<\/li>\n \t<li>Pago con tarjeta de cr\u00e9dito a trav\u00e9s de Stripe<\/li>\n \t<li>Bancontact<\/li>\n<\/ul>\n<p><strong>2. Env\u00edo<\/strong><\/p>\n\n<p>2.1 El env\u00edo de tu pedido se realizar\u00e1 a trav\u00e9s de DPD<br \/>\n2.2 Enviamos a los siguientes pa\u00edses: Alemania, Austria, Pa\u00edses Bajos, B\u00e9lgica, Francia, Italia, Portugal, Espa\u00f1a, Irlanda, Dinamarca, Finlandia, Croacia, Suecia, Luxemburgo, Eslovaquia, Eslovenia y Rep\u00fablica Checa.<\/p>\n\n<strong>3. Costos de env\u00edo<\/strong>\n<br>\n<p>3.1 El env\u00edo dentro de Alemania es gratuito.<br \/>\n3.2 Para env\u00edos al extranjero, se aplican costos de env\u00edo que van desde 4,99 \u20ac hasta 99,99 \u20ac por art\u00edculo, dependiendo del peso y la cantidad de paquetes del producto correspondiente. Antes de finalizar tu pedido, puedes consultar los costos de env\u00edo exactos en el carrito de compras o en la p\u00e1gina de pago.<br \/>\n3.3 En el caso de env\u00edos transfronterizos, pueden aplicarse impuestos adicionales (por ejemplo, en el caso de una adquisici\u00f3n intracomunitaria) y\/o cargos, como aranceles aduaneros. Estos costos corren por tu cuenta.<\/p>\n\n<strong>4. Plazo de entrega<\/strong>\n<br>\n<p>El plazo de entrega para env\u00edos dentro de Alemania se indica en la p\u00e1gina de oferta correspondiente. El inicio del plazo de entrega depende del m\u00e9todo de pago elegido.\nEn caso de pago con PayPal, tarjeta de cr\u00e9dito (PayPal Plus), domiciliaci\u00f3n bancaria (PayPal Plus) o pago anticipado, el plazo de entrega comienza un d\u00eda despu\u00e9s de realizar la instrucci\u00f3n de pago. Para todos los dem\u00e1s m\u00e9todos de pago, el plazo comienza un d\u00eda despu\u00e9s de realizar el pedido.\nPara entregas fuera de Alemania, se aplican los siguientes plazos de entrega:<\/p>\n<ul>\n<li>Austria &#8211; 14 d\u00edas h\u00e1biles<\/li>\n<li>Pa\u00edses Bajos &#8211; 14 d\u00edas laborables<\/li>\n<li>B\u00e9lgica &#8211; 14 d\u00edas laborables<\/li>\n<li>Francia &#8211; 14 d\u00edas laborables<\/li>\n<li>Italia &#8211; 14 d\u00edas laborables<\/li>\n<li>Portugal &#8211; 14 d\u00edas laborables<\/li>\n<li>Espa\u00f1a &#8211; 14 d\u00edas laborables<\/li>\n<li>Irlanda &#8211; 14 d\u00edas laborables<\/li>\n<li>Dinamarca &#8211; 14 d\u00edas laborables<\/li>\n<li>Finlandia &#8211; 14 d\u00edas laborables<\/li>\n<li>Croacia &#8211; 14 d\u00edas laborables<\/li>\n<li>Suecia &#8211; 14 d\u00edas laborables<\/li>\n<li>Luxemburgo &#8211; 14 d\u00edas laborables<\/li>\n<li>Eslovaquia &#8211; 14 d\u00edas laborables<\/li>\n<li>Eslovenia &#8211; 14 d\u00edas laborables<\/li>\n<li>Rep\u00fablica Checa &#8211; 14 d\u00edas laborables<\/li>\n<\/ul>\n<p>Si el inicio o el final del plazo cae en s\u00e1bado, domingo o d\u00eda festivo, el inicio o el final del plazo se trasladar\u00e1n al siguiente d\u00eda h\u00e1bil.<\/p>\t\t\t\t\t\t<\/div>\n\t\t\t\t<\/div>\n\t\t\t\t\t<\/div>\n\t\t\t\t<\/div>\n\t\t\t\t<\/div>\n\t\t","protected":false},"excerpt":{"rendered":"<p>Informaci\u00f3n de pago y env\u00edo 1. Opciones de pago 1.1 Para entregas dentro de Alemania, puedes elegir entre los siguientes m\u00e9todos de pago, a menos que se indique lo contrario en la descripci\u00f3n del art\u00edculo: Pago anticipado mediante transferencia bancaria Paypal Paypal Express Domiciliaci\u00f3n bancaria a trav\u00e9s de PayPal Pago con tarjeta de cr\u00e9dito a [&hellip;]<\/p>\n","protected":false},"author":3,"featured_media":0,"parent":0,"menu_order":0,"comment_status":"closed","ping_status":"closed","template":"","meta":{"_acf_changed":false,"inline_featured_image":false,"footnotes":""},"class_list":["post-14215","page","type-page","status-publish","hentry"],"acf":[],"yoast_head":"<!-- This site is optimized with the Yoast SEO plugin v25.3 - https:\/\/yoast.com\/wordpress\/plugins\/seo\/ -->\n<title>Pago y env\u00edo - Su experto en patas de mesa de metal<\/title>\n<meta name=\"description\" content=\"Pago y env\u00edo \u2013 Su experto en patas de mesa de metal \u2714\ufe0f Fabricado en Europa \u2714\ufe0f Calidad superior \u2714\ufe0f Env\u00edo r\u00e1pido y gratuito\" \/>\n<meta name=\"robots\" content=\"index, follow, max-snippet:-1, max-image-preview:large, max-video-preview:-1\" \/>\n<link rel=\"canonical\" href=\"https:\/\/www.tischbein-metall.de\/zahlung-versand\/\" \/>\n<meta property=\"og:locale\" content=\"es_ES\" \/>\n<meta property=\"og:type\" content=\"article\" \/>\n<meta property=\"og:title\" content=\"Pago y env\u00edo - Su experto en patas de mesa de metal\" \/>\n<meta property=\"og:description\" content=\"Pago y env\u00edo \u2013 Su experto en patas de mesa de metal \u2714\ufe0f Fabricado en Europa \u2714\ufe0f Calidad superior \u2714\ufe0f Env\u00edo r\u00e1pido y gratuito\" \/>\n<meta property=\"og:url\" content=\"https:\/\/www.tischbein-metall.de\/zahlung-versand\/\" \/>\n<meta property=\"og:site_name\" content=\"Su experto en patas de mesa met\u00e1licas\" \/>\n<meta property=\"article:modified_time\" content=\"2025-01-02T11:07:12+00:00\" \/>\n<meta property=\"og:image\" content=\"https:\/\/www.tischbein-metall.de\/wp-content\/uploads\/2023\/12\/zahlungsarten-2-1024x60-7.png\" \/>\n<meta name=\"twitter:card\" content=\"summary_large_image\" \/>\n<meta name=\"twitter:label1\" content=\"Tiempo de lectura\" \/>\n\t<meta name=\"twitter:data1\" content=\"3 minutos\" \/>\n<script type=\"application\/ld+json\" class=\"yoast-schema-graph\">{\"@context\":\"https:\/\/schema.org\",\"@graph\":[{\"@type\":\"WebPage\",\"@id\":\"https:\/\/www.tischbein-metall.de\/zahlung-versand\/\",\"url\":\"https:\/\/www.tischbein-metall.de\/zahlung-versand\/\",\"name\":\"Pago y env\u00edo - Su experto en patas de mesa de metal\",\"isPartOf\":{\"@id\":\"https:\/\/www.tischbein-metall.de\/#website\"},\"primaryImageOfPage\":{\"@id\":\"https:\/\/www.tischbein-metall.de\/zahlung-versand\/#primaryimage\"},\"image\":{\"@id\":\"https:\/\/www.tischbein-metall.de\/zahlung-versand\/#primaryimage\"},\"thumbnailUrl\":\"https:\/\/www.tischbein-metall.de\/wp-content\/uploads\/2023\/12\/zahlungsarten-2-1024x60-7.png\",\"datePublished\":\"2022-10-06T08:59:21+00:00\",\"dateModified\":\"2025-01-02T11:07:12+00:00\",\"description\":\"Pago y env\u00edo \u2013 Su experto en patas de mesa de metal \u2714\ufe0f Fabricado en Europa \u2714\ufe0f Calidad superior \u2714\ufe0f Env\u00edo r\u00e1pido y gratuito\",\"breadcrumb\":{\"@id\":\"https:\/\/www.tischbein-metall.de\/zahlung-versand\/#breadcrumb\"},\"inLanguage\":\"es\",\"potentialAction\":[{\"@type\":\"ReadAction\",\"target\":[\"https:\/\/www.tischbein-metall.de\/zahlung-versand\/\"]}]},{\"@type\":\"ImageObject\",\"inLanguage\":\"es\",\"@id\":\"https:\/\/www.tischbein-metall.de\/zahlung-versand\/#primaryimage\",\"url\":\"https:\/\/www.tischbein-metall.de\/wp-content\/uploads\/2023\/12\/zahlungsarten-2-1024x60-7.png\",\"contentUrl\":\"https:\/\/www.tischbein-metall.de\/wp-content\/uploads\/2023\/12\/zahlungsarten-2-1024x60-7.png\"},{\"@type\":\"BreadcrumbList\",\"@id\":\"https:\/\/www.tischbein-metall.de\/zahlung-versand\/#breadcrumb\",\"itemListElement\":[{\"@type\":\"ListItem\",\"position\":1,\"name\":\"P\u00e1gina de inicio\",\"item\":\"https:\/\/www.tischbein-metall.de\/es\/\"},{\"@type\":\"ListItem\",\"position\":2,\"name\":\"Informaci\u00f3n de pago y env\u00edo\"}]},{\"@type\":\"WebSite\",\"@id\":\"https:\/\/www.tischbein-metall.de\/#website\",\"url\":\"https:\/\/www.tischbein-metall.de\/\",\"name\":\"Su experto en patas de mesa met\u00e1licas\",\"description\":\"\",\"potentialAction\":[{\"@type\":\"SearchAction\",\"target\":{\"@type\":\"EntryPoint\",\"urlTemplate\":\"https:\/\/www.tischbein-metall.de\/?s={search_term_string}\"},\"query-input\":{\"@type\":\"PropertyValueSpecification\",\"valueRequired\":true,\"valueName\":\"search_term_string\"}}],\"inLanguage\":\"es\"}]}<\/script>\n<!-- \/ Yoast SEO plugin. -->","yoast_head_json":{"title":"Pago y env\u00edo - Su experto en patas de mesa de metal","description":"Pago y env\u00edo \u2013 Su experto en patas de mesa de metal \u2714\ufe0f Fabricado en Europa \u2714\ufe0f Calidad superior \u2714\ufe0f Env\u00edo r\u00e1pido y gratuito","robots":{"index":"index","follow":"follow","max-snippet":"max-snippet:-1","max-image-preview":"max-image-preview:large","max-video-preview":"max-video-preview:-1"},"canonical":"https:\/\/www.tischbein-metall.de\/zahlung-versand\/","og_locale":"es_ES","og_type":"article","og_title":"Pago y env\u00edo - Su experto en patas de mesa de metal","og_description":"Pago y env\u00edo \u2013 Su experto en patas de mesa de metal \u2714\ufe0f Fabricado en Europa \u2714\ufe0f Calidad superior \u2714\ufe0f Env\u00edo r\u00e1pido y gratuito","og_url":"https:\/\/www.tischbein-metall.de\/zahlung-versand\/","og_site_name":"Su experto en patas de mesa met\u00e1licas","article_modified_time":"2025-01-02T11:07:12+00:00","og_image":[{"url":"https:\/\/www.tischbein-metall.de\/wp-content\/uploads\/2023\/12\/zahlungsarten-2-1024x60-7.png","type":"","width":"","height":""}],"twitter_card":"summary_large_image","twitter_misc":{"Tiempo de lectura":"3 minutos"},"schema":{"@context":"https:\/\/schema.org","@graph":[{"@type":"WebPage","@id":"https:\/\/www.tischbein-metall.de\/zahlung-versand\/","url":"https:\/\/www.tischbein-metall.de\/zahlung-versand\/","name":"Pago y env\u00edo - Su experto en patas de mesa de metal","isPartOf":{"@id":"https:\/\/www.tischbein-metall.de\/#website"},"primaryImageOfPage":{"@id":"https:\/\/www.tischbein-metall.de\/zahlung-versand\/#primaryimage"},"image":{"@id":"https:\/\/www.tischbein-metall.de\/zahlung-versand\/#primaryimage"},"thumbnailUrl":"https:\/\/www.tischbein-metall.de\/wp-content\/uploads\/2023\/12\/zahlungsarten-2-1024x60-7.png","datePublished":"2022-10-06T08:59:21+00:00","dateModified":"2025-01-02T11:07:12+00:00","description":"Pago y env\u00edo \u2013 Su experto en patas de mesa de metal \u2714\ufe0f Fabricado en Europa \u2714\ufe0f Calidad superior \u2714\ufe0f Env\u00edo r\u00e1pido y gratuito","breadcrumb":{"@id":"https:\/\/www.tischbein-metall.de\/zahlung-versand\/#breadcrumb"},"inLanguage":"es","potentialAction":[{"@type":"ReadAction","target":["https:\/\/www.tischbein-metall.de\/zahlung-versand\/"]}]},{"@type":"ImageObject","inLanguage":"es","@id":"https:\/\/www.tischbein-metall.de\/zahlung-versand\/#primaryimage","url":"https:\/\/www.tischbein-metall.de\/wp-content\/uploads\/2023\/12\/zahlungsarten-2-1024x60-7.png","contentUrl":"https:\/\/www.tischbein-metall.de\/wp-content\/uploads\/2023\/12\/zahlungsarten-2-1024x60-7.png"},{"@type":"BreadcrumbList","@id":"https:\/\/www.tischbein-metall.de\/zahlung-versand\/#breadcrumb","itemListElement":[{"@type":"ListItem","position":1,"name":"P\u00e1gina de inicio","item":"https:\/\/www.tischbein-metall.de\/es\/"},{"@type":"ListItem","position":2,"name":"Informaci\u00f3n de pago y env\u00edo"}]},{"@type":"WebSite","@id":"https:\/\/www.tischbein-metall.de\/#website","url":"https:\/\/www.tischbein-metall.de\/","name":"Su experto en patas de mesa met\u00e1licas","description":"","potentialAction":[{"@type":"SearchAction","target":{"@type":"EntryPoint","urlTemplate":"https:\/\/www.tischbein-metall.de\/?s={search_term_string}"},"query-input":{"@type":"PropertyValueSpecification","valueRequired":true,"valueName":"search_term_string"}}],"inLanguage":"es"}]}},"_links":{"self":[{"href":"https:\/\/www.tischbein-metall.de\/es\/wp-json\/wp\/v2\/pages\/14215","targetHints":{"allow":["GET"]}}],"collection":[{"href":"https:\/\/www.tischbein-metall.de\/es\/wp-json\/wp\/v2\/pages"}],"about":[{"href":"https:\/\/www.tischbein-metall.de\/es\/wp-json\/wp\/v2\/types\/page"}],"author":[{"embeddable":true,"href":"https:\/\/www.tischbein-metall.de\/es\/wp-json\/wp\/v2\/users\/3"}],"replies":[{"embeddable":true,"href":"https:\/\/www.tischbein-metall.de\/es\/wp-json\/wp\/v2\/comments?post=14215"}],"version-history":[{"count":24,"href":"https:\/\/www.tischbein-metall.de\/es\/wp-json\/wp\/v2\/pages\/14215\/revisions"}],"predecessor-version":[{"id":33320,"href":"https:\/\/www.tischbein-metall.de\/es\/wp-json\/wp\/v2\/pages\/14215\/revisions\/33320"}],"wp:attachment":[{"href":"https:\/\/www.tischbein-metall.de\/es\/wp-json\/wp\/v2\/media?parent=14215"}],"curies":[{"name":"wp","href":"https:\/\/api.w.org\/{rel}","templated":true}]}}