{"id":14349,"date":"2022-11-18T11:47:09","date_gmt":"2022-11-18T10:47:09","guid":{"rendered":"https:\/\/www.tischbein-metall.de\/?page_id=14349"},"modified":"2024-06-20T18:06:01","modified_gmt":"2024-06-20T16:06:01","slug":"sobre-nosotros","status":"publish","type":"page","link":"https:\/\/www.tischbein-metall.de\/es\/sobre-nosotros\/","title":{"rendered":"SOBRE NOSOTROS"},"content":{"rendered":"\t\t<div data-elementor-type=\"wp-page\" data-elementor-id=\"14349\" class=\"elementor elementor-14349 elementor-11810\">\n\t\t\t\t\t\t<section class=\"elementor-section elementor-top-section elementor-element elementor-element-7b77b65 elementor-section-boxed elementor-section-height-default elementor-section-height-default\" data-id=\"7b77b65\" data-element_type=\"section\">\n\t\t\t\t\t\t<div class=\"elementor-container elementor-column-gap-default\">\n\t\t\t\t\t<div class=\"elementor-column elementor-col-33 elementor-top-column elementor-element elementor-element-a9d2bdc\" data-id=\"a9d2bdc\" data-element_type=\"column\">\n\t\t\t<div class=\"elementor-widget-wrap elementor-element-populated\">\n\t\t\t\t\t\t<div class=\"elementor-element elementor-element-92f9508 elementor-widget elementor-widget-image\" data-id=\"92f9508\" data-element_type=\"widget\" data-widget_type=\"image.default\">\n\t\t\t\t<div class=\"elementor-widget-container\">\n\t\t\t<style>\/*! elementor - v3.23.0 - 25-07-2024 *\/\n.elementor-widget-image{text-align:center}.elementor-widget-image a{display:inline-block}.elementor-widget-image a img[src$=\".svg\"]{width:48px}.elementor-widget-image img{vertical-align:middle;display:inline-block}<\/style>\t\t\t\t\t\t\t\t\t\t<img fetchpriority=\"high\" decoding=\"async\" width=\"814\" height=\"260\" src=\"https:\/\/www.tischbein-metall.de\/wp-content\/uploads\/2024\/01\/noggi-logo-4.png\" class=\"attachment-full size-full wp-image-21567\" alt=\"\" srcset=\"https:\/\/www.tischbein-metall.de\/wp-content\/uploads\/2024\/01\/noggi-logo-4.png 814w, https:\/\/www.tischbein-metall.de\/wp-content\/uploads\/2024\/01\/noggi-logo-4-300x96.png 300w, https:\/\/www.tischbein-metall.de\/wp-content\/uploads\/2024\/01\/noggi-logo-4-768x245.png 768w, https:\/\/www.tischbein-metall.de\/wp-content\/uploads\/2024\/01\/noggi-logo-4-600x192.png 600w\" sizes=\"(max-width: 814px) 100vw, 814px\" \/>\t\t\t\t\t\t\t\t\t\t\t\t\t<\/div>\n\t\t\t\t<\/div>\n\t\t\t\t\t<\/div>\n\t\t<\/div>\n\t\t\t\t<div class=\"elementor-column elementor-col-66 elementor-top-column elementor-element elementor-element-96ecf35\" data-id=\"96ecf35\" data-element_type=\"column\">\n\t\t\t<div class=\"elementor-widget-wrap elementor-element-populated\">\n\t\t\t\t\t\t<div class=\"elementor-element elementor-element-a19df34 elementor-widget elementor-widget-text-editor\" data-id=\"a19df34\" data-element_type=\"widget\" data-widget_type=\"text-editor.default\">\n\t\t\t\t<div class=\"elementor-widget-container\">\n\t\t\t<style>\/*! elementor - v3.23.0 - 25-07-2024 *\/\n.elementor-widget-text-editor.elementor-drop-cap-view-stacked .elementor-drop-cap{background-color:#69727d;color:#fff}.elementor-widget-text-editor.elementor-drop-cap-view-framed .elementor-drop-cap{color:#69727d;border:3px solid;background-color:transparent}.elementor-widget-text-editor:not(.elementor-drop-cap-view-default) .elementor-drop-cap{margin-top:8px}.elementor-widget-text-editor:not(.elementor-drop-cap-view-default) .elementor-drop-cap-letter{width:1em;height:1em}.elementor-widget-text-editor .elementor-drop-cap{float:left;text-align:center;line-height:1;font-size:50px}.elementor-widget-text-editor .elementor-drop-cap-letter{display:inline-block}<\/style>\t\t\t\t<h1 style=\"font-size: 18px;\"><strong>Sobre Nosotros &#8211; Noggi<\/strong><\/h1>\n\n<p>Bienvenidos a Noggi, el ep\u00edtome de la innovaci\u00f3n y calidad en el campo de las patas de mesa de metal. Como una empresa joven dedicada al arte de la metalurgia, combinamos el dise\u00f1o moderno con la precisi\u00f3n artesanal para crear productos excepcionales. Nuestra fabricaci\u00f3n en Polonia, en el coraz\u00f3n de Europa, representa la artesan\u00eda europea y la sostenibilidad.<\/p>\n\n<h2 style=\"font-size: 18px;\"><strong>Nuestra Historia<\/strong><\/h2>\n\n<p>Nuestro viaje comenz\u00f3 hace unos a\u00f1os con una idea simple: crear patas de mesa de metal que no solo fueran funcionales, sino tambi\u00e9n elegantes elementos de dise\u00f1o. R\u00e1pidamente nos desarrollamos en un equipo din\u00e1mico que combina t\u00e9cnicas tradicionales con tecnolog\u00edas modernas para ofrecer soluciones \u00fanicas.<\/p>\n\n<h2 style=\"font-size: 18px;\"><strong>Nuestros Productos<\/strong><\/h2>\n\n<p>Nuestra gama de productos incluye diversos estilos de patas de mesa de metal, desde el minimalista-moderno hasta el elegante y sofisticado. Cada pieza se fabrica en nuestra planta de producci\u00f3n en Polonia con el m\u00e1ximo cuidado y precisi\u00f3n. Utilizamos materiales de alta calidad para asegurar que nuestros productos no solo sean est\u00e9ticamente atractivos, sino tambi\u00e9n duraderos.<\/p>\n\n<h2 style=\"font-size: 18px;\"><strong>Nuestro Equipo<\/strong><\/h2>\n\n<p>Detr\u00e1s de cada empresa exitosa hay un equipo dedicado. Nuestros empleados son el coraz\u00f3n de Noggi. Desde el dise\u00f1o hasta la fabricaci\u00f3n, cada miembro del equipo aporta su talento \u00fanico y su pasi\u00f3n por el excelente trabajo en metal. Fomentamos una cultura de innovaci\u00f3n, respeto y colaboraci\u00f3n para asegurar que como empresa continuemos creciendo y mejorando.<\/p>\t\t\t\t\t\t<\/div>\n\t\t\t\t<\/div>\n\t\t\t\t\t<\/div>\n\t\t<\/div>\n\t\t\t\t\t<\/div>\n\t\t<\/section>\n\t\t\t\t<\/div>\n\t\t","protected":false},"excerpt":{"rendered":"<p>Sobre Nosotros &#8211; Noggi Bienvenidos a Noggi, el ep\u00edtome de la innovaci\u00f3n y calidad en el campo de las patas de mesa de metal. Como una empresa joven dedicada al arte de la metalurgia, combinamos el dise\u00f1o moderno con la precisi\u00f3n artesanal para crear productos excepcionales. Nuestra fabricaci\u00f3n en Polonia, en el coraz\u00f3n de Europa, [&hellip;]<\/p>\n","protected":false},"author":3,"featured_media":0,"parent":0,"menu_order":0,"comment_status":"closed","ping_status":"closed","template":"","meta":{"_acf_changed":false,"inline_featured_image":false,"footnotes":""},"class_list":["post-14349","page","type-page","status-publish","hentry"],"acf":[],"yoast_head":"<!-- This site is optimized with the Yoast SEO plugin v25.3 - https:\/\/yoast.com\/wordpress\/plugins\/seo\/ -->\n<title>SOBRE NOSOTROS - Su experto en patas de mesa de metal<\/title>\n<meta name=\"description\" content=\"Sobre Nosotros \u2013 Su experto en patas de mesa de metal \u2714\ufe0f Fabricado en Europa \u2714\ufe0f Calidad superior \u2714\ufe0f Env\u00edo r\u00e1pido y gratuito\" \/>\n<meta name=\"robots\" content=\"index, follow, max-snippet:-1, max-image-preview:large, max-video-preview:-1\" \/>\n<link rel=\"canonical\" href=\"https:\/\/www.tischbein-metall.de\/es\/sobre-nosotros\/\" \/>\n<meta property=\"og:locale\" content=\"es_ES\" \/>\n<meta property=\"og:type\" content=\"article\" \/>\n<meta property=\"og:title\" content=\"SOBRE NOSOTROS - Su experto en patas de mesa de metal\" \/>\n<meta property=\"og:description\" content=\"Sobre Nosotros \u2013 Su experto en patas de mesa de metal \u2714\ufe0f Fabricado en Europa \u2714\ufe0f Calidad superior \u2714\ufe0f Env\u00edo r\u00e1pido y gratuito\" \/>\n<meta property=\"og:url\" content=\"https:\/\/www.tischbein-metall.de\/es\/sobre-nosotros\/\" \/>\n<meta property=\"og:site_name\" content=\"Su experto en patas de mesa met\u00e1licas\" \/>\n<meta property=\"article:modified_time\" content=\"2024-06-20T16:06:01+00:00\" \/>\n<meta property=\"og:image\" content=\"https:\/\/www.tischbein-metall.de\/wp-content\/uploads\/2024\/01\/noggi-logo-4.png\" \/>\n<meta name=\"twitter:card\" content=\"summary_large_image\" \/>\n<meta name=\"twitter:label1\" content=\"Tiempo de lectura\" \/>\n\t<meta name=\"twitter:data1\" content=\"2 minutos\" \/>\n<script type=\"application\/ld+json\" class=\"yoast-schema-graph\">{\"@context\":\"https:\/\/schema.org\",\"@graph\":[{\"@type\":\"WebPage\",\"@id\":\"https:\/\/www.tischbein-metall.de\/es\/sobre-nosotros\/\",\"url\":\"https:\/\/www.tischbein-metall.de\/es\/sobre-nosotros\/\",\"name\":\"SOBRE NOSOTROS - Su experto en patas de mesa de metal\",\"isPartOf\":{\"@id\":\"https:\/\/www.tischbein-metall.de\/#website\"},\"primaryImageOfPage\":{\"@id\":\"https:\/\/www.tischbein-metall.de\/es\/sobre-nosotros\/#primaryimage\"},\"image\":{\"@id\":\"https:\/\/www.tischbein-metall.de\/es\/sobre-nosotros\/#primaryimage\"},\"thumbnailUrl\":\"https:\/\/www.tischbein-metall.de\/wp-content\/uploads\/2024\/01\/noggi-logo-4.png\",\"datePublished\":\"2022-11-18T10:47:09+00:00\",\"dateModified\":\"2024-06-20T16:06:01+00:00\",\"description\":\"Sobre Nosotros \u2013 Su experto en patas de mesa de metal \u2714\ufe0f Fabricado en Europa \u2714\ufe0f Calidad superior \u2714\ufe0f Env\u00edo r\u00e1pido y gratuito\",\"breadcrumb\":{\"@id\":\"https:\/\/www.tischbein-metall.de\/es\/sobre-nosotros\/#breadcrumb\"},\"inLanguage\":\"es\",\"potentialAction\":[{\"@type\":\"ReadAction\",\"target\":[\"https:\/\/www.tischbein-metall.de\/es\/sobre-nosotros\/\"]}]},{\"@type\":\"ImageObject\",\"inLanguage\":\"es\",\"@id\":\"https:\/\/www.tischbein-metall.de\/es\/sobre-nosotros\/#primaryimage\",\"url\":\"https:\/\/www.tischbein-metall.de\/wp-content\/uploads\/2024\/01\/noggi-logo-4.png\",\"contentUrl\":\"https:\/\/www.tischbein-metall.de\/wp-content\/uploads\/2024\/01\/noggi-logo-4.png\"},{\"@type\":\"BreadcrumbList\",\"@id\":\"https:\/\/www.tischbein-metall.de\/es\/sobre-nosotros\/#breadcrumb\",\"itemListElement\":[{\"@type\":\"ListItem\",\"position\":1,\"name\":\"P\u00e1gina de inicio\",\"item\":\"https:\/\/www.tischbein-metall.de\/es\/\"},{\"@type\":\"ListItem\",\"position\":2,\"name\":\"SOBRE NOSOTROS\"}]},{\"@type\":\"WebSite\",\"@id\":\"https:\/\/www.tischbein-metall.de\/#website\",\"url\":\"https:\/\/www.tischbein-metall.de\/\",\"name\":\"Su experto en patas de mesa met\u00e1licas\",\"description\":\"\",\"potentialAction\":[{\"@type\":\"SearchAction\",\"target\":{\"@type\":\"EntryPoint\",\"urlTemplate\":\"https:\/\/www.tischbein-metall.de\/?s={search_term_string}\"},\"query-input\":{\"@type\":\"PropertyValueSpecification\",\"valueRequired\":true,\"valueName\":\"search_term_string\"}}],\"inLanguage\":\"es\"}]}<\/script>\n<!-- \/ Yoast SEO plugin. -->","yoast_head_json":{"title":"SOBRE NOSOTROS - Su experto en patas de mesa de metal","description":"Sobre Nosotros \u2013 Su experto en patas de mesa de metal \u2714\ufe0f Fabricado en Europa \u2714\ufe0f Calidad superior \u2714\ufe0f Env\u00edo r\u00e1pido y gratuito","robots":{"index":"index","follow":"follow","max-snippet":"max-snippet:-1","max-image-preview":"max-image-preview:large","max-video-preview":"max-video-preview:-1"},"canonical":"https:\/\/www.tischbein-metall.de\/es\/sobre-nosotros\/","og_locale":"es_ES","og_type":"article","og_title":"SOBRE NOSOTROS - Su experto en patas de mesa de metal","og_description":"Sobre Nosotros \u2013 Su experto en patas de mesa de metal \u2714\ufe0f Fabricado en Europa \u2714\ufe0f Calidad superior \u2714\ufe0f Env\u00edo r\u00e1pido y gratuito","og_url":"https:\/\/www.tischbein-metall.de\/es\/sobre-nosotros\/","og_site_name":"Su experto en patas de mesa met\u00e1licas","article_modified_time":"2024-06-20T16:06:01+00:00","og_image":[{"url":"https:\/\/www.tischbein-metall.de\/wp-content\/uploads\/2024\/01\/noggi-logo-4.png","type":"","width":"","height":""}],"twitter_card":"summary_large_image","twitter_misc":{"Tiempo de lectura":"2 minutos"},"schema":{"@context":"https:\/\/schema.org","@graph":[{"@type":"WebPage","@id":"https:\/\/www.tischbein-metall.de\/es\/sobre-nosotros\/","url":"https:\/\/www.tischbein-metall.de\/es\/sobre-nosotros\/","name":"SOBRE NOSOTROS - Su experto en patas de mesa de metal","isPartOf":{"@id":"https:\/\/www.tischbein-metall.de\/#website"},"primaryImageOfPage":{"@id":"https:\/\/www.tischbein-metall.de\/es\/sobre-nosotros\/#primaryimage"},"image":{"@id":"https:\/\/www.tischbein-metall.de\/es\/sobre-nosotros\/#primaryimage"},"thumbnailUrl":"https:\/\/www.tischbein-metall.de\/wp-content\/uploads\/2024\/01\/noggi-logo-4.png","datePublished":"2022-11-18T10:47:09+00:00","dateModified":"2024-06-20T16:06:01+00:00","description":"Sobre Nosotros \u2013 Su experto en patas de mesa de metal \u2714\ufe0f Fabricado en Europa \u2714\ufe0f Calidad superior \u2714\ufe0f Env\u00edo r\u00e1pido y gratuito","breadcrumb":{"@id":"https:\/\/www.tischbein-metall.de\/es\/sobre-nosotros\/#breadcrumb"},"inLanguage":"es","potentialAction":[{"@type":"ReadAction","target":["https:\/\/www.tischbein-metall.de\/es\/sobre-nosotros\/"]}]},{"@type":"ImageObject","inLanguage":"es","@id":"https:\/\/www.tischbein-metall.de\/es\/sobre-nosotros\/#primaryimage","url":"https:\/\/www.tischbein-metall.de\/wp-content\/uploads\/2024\/01\/noggi-logo-4.png","contentUrl":"https:\/\/www.tischbein-metall.de\/wp-content\/uploads\/2024\/01\/noggi-logo-4.png"},{"@type":"BreadcrumbList","@id":"https:\/\/www.tischbein-metall.de\/es\/sobre-nosotros\/#breadcrumb","itemListElement":[{"@type":"ListItem","position":1,"name":"P\u00e1gina de inicio","item":"https:\/\/www.tischbein-metall.de\/es\/"},{"@type":"ListItem","position":2,"name":"SOBRE NOSOTROS"}]},{"@type":"WebSite","@id":"https:\/\/www.tischbein-metall.de\/#website","url":"https:\/\/www.tischbein-metall.de\/","name":"Su experto en patas de mesa met\u00e1licas","description":"","potentialAction":[{"@type":"SearchAction","target":{"@type":"EntryPoint","urlTemplate":"https:\/\/www.tischbein-metall.de\/?s={search_term_string}"},"query-input":{"@type":"PropertyValueSpecification","valueRequired":true,"valueName":"search_term_string"}}],"inLanguage":"es"}]}},"_links":{"self":[{"href":"https:\/\/www.tischbein-metall.de\/es\/wp-json\/wp\/v2\/pages\/14349","targetHints":{"allow":["GET"]}}],"collection":[{"href":"https:\/\/www.tischbein-metall.de\/es\/wp-json\/wp\/v2\/pages"}],"about":[{"href":"https:\/\/www.tischbein-metall.de\/es\/wp-json\/wp\/v2\/types\/page"}],"author":[{"embeddable":true,"href":"https:\/\/www.tischbein-metall.de\/es\/wp-json\/wp\/v2\/users\/3"}],"replies":[{"embeddable":true,"href":"https:\/\/www.tischbein-metall.de\/es\/wp-json\/wp\/v2\/comments?post=14349"}],"version-history":[{"count":11,"href":"https:\/\/www.tischbein-metall.de\/es\/wp-json\/wp\/v2\/pages\/14349\/revisions"}],"predecessor-version":[{"id":24634,"href":"https:\/\/www.tischbein-metall.de\/es\/wp-json\/wp\/v2\/pages\/14349\/revisions\/24634"}],"wp:attachment":[{"href":"https:\/\/www.tischbein-metall.de\/es\/wp-json\/wp\/v2\/media?parent=14349"}],"curies":[{"name":"wp","href":"https:\/\/api.w.org\/{rel}","templated":true}]}}