{"id":14370,"date":"2022-10-06T10:55:17","date_gmt":"2022-10-06T08:55:17","guid":{"rendered":"https:\/\/www.tischbein-metall.de\/?page_id=14370"},"modified":"2024-12-16T14:00:04","modified_gmt":"2024-12-16T13:00:04","slug":"derecho-de-desistimiento","status":"publish","type":"page","link":"https:\/\/www.tischbein-metall.de\/es\/derecho-de-desistimiento\/","title":{"rendered":"Derecho de desistimiento para consumidores y formulario de desistimiento modelo"},"content":{"rendered":"\t\t<div data-elementor-type=\"wp-page\" data-elementor-id=\"14370\" class=\"elementor elementor-14370 elementor-11084\">\n\t\t\t\t<div class=\"elementor-element elementor-element-71761ffb e-flex e-con-boxed e-con e-parent\" data-id=\"71761ffb\" data-element_type=\"container\">\n\t\t\t\t\t<div class=\"e-con-inner\">\n\t\t\t\t<div class=\"elementor-element elementor-element-616deede elementor-widget elementor-widget-text-editor\" data-id=\"616deede\" data-element_type=\"widget\" data-widget_type=\"text-editor.default\">\n\t\t\t\t<div class=\"elementor-widget-container\">\n\t\t\t<style>\/*! elementor - v3.23.0 - 25-07-2024 *\/\n.elementor-widget-text-editor.elementor-drop-cap-view-stacked .elementor-drop-cap{background-color:#69727d;color:#fff}.elementor-widget-text-editor.elementor-drop-cap-view-framed .elementor-drop-cap{color:#69727d;border:3px solid;background-color:transparent}.elementor-widget-text-editor:not(.elementor-drop-cap-view-default) .elementor-drop-cap{margin-top:8px}.elementor-widget-text-editor:not(.elementor-drop-cap-view-default) .elementor-drop-cap-letter{width:1em;height:1em}.elementor-widget-text-editor .elementor-drop-cap{float:left;text-align:center;line-height:1;font-size:50px}.elementor-widget-text-editor .elementor-drop-cap-letter{display:inline-block}<\/style>\t\t\t\t<h1>INFORMACION SOBRE EL DERECHO DE DESISTIMIENTO<\/h1><p><strong>Derecho de desistimiento<\/strong><br \/>Tiene usted derecho a desistir del presente contrato en un plazo de 30 d\u00edas sin necesidad de justificaci\u00f3n. El plazo de desistimiento expirar\u00e1 a los<br \/>30 d\u00edas del d\u00eda que usted o un tercero por usted indicado, distinto del transportista, adquiri\u00f3 la posesi\u00f3n material por \u00faltimo de esos bienes.<\/p><p>Para ejercer el derecho de desistimiento, deber\u00e1 usted notificarnos (K-Sport GmbH (Noggi &#8211; Home Decor Masters &#8211; una marca de K-Sport GmbH), Kiesweg 18, 35396 Gie\u00dfen, Alemania, support@tischbein-metall.de, Telef\u00f3no: +49 641 971 846 16) su decisi\u00f3n de desistir del contrato a trav\u00e9s de una declaraci\u00f3n inequ\u00edvoca (por ejemplo, una carta enviada por correo postal, fax o correo electr\u00f3nico). Podr\u00e1 utilizar el modelo de formulario de desistimiento que figura a continuaci\u00f3n, aunque su uso no es obligatorio.<\/p><p>Tiene usted asimismo la opci\u00f3n de completar y enviar electr\u00f3nicamente el modelo de formulario de desistimiento o cualquier otra declaraci\u00f3n inequ\u00edvoca a trav\u00e9s de nuestro sitio web <a href=\"https:\/\/www.tischbein-metall.de\/es\/devolucion-y-reclamacion\/\">https:\/\/www.tischbein-metall.de\/es\/devolucion-y-reclamacion\/<\/a>. Si recurre a esa opci\u00f3n, le comunicaremos sin demora en un soporte duradero (por ejemplo, por correo electr\u00f3nico) la recepci\u00f3n de dicho desistimiento.<\/p><p>Para cumplir el plazo de desistimiento, basta con que la comunicaci\u00f3n relativa al ejercicio por su parte del derecho de desistimiento sea enviada antes de que venza el plazo correspondiente.<\/p><p><strong>Consecuencias del desistimiento<\/strong><br \/>En caso de desistimiento por su parte, le devolveremos todos los pagos recibidos de usted, incluidos los gastos de entrega (con la excepci\u00f3n de los gastos adicionales resultantes de la elecci\u00f3n por su parte de una modalidad de entrega diferente a la modalidad menos costosa de entrega ordinaria que ofrezcamos) sin ninguna demora indebida y, en todo caso, a m\u00e1s tardar 14 d\u00edas a partir de la fecha en la que se nos informe de su decisi\u00f3n de desistir del presente contrato. Procederemos a efectuar dicho reembolso utilizando el mismo medio de pago empleado por usted para la transacci\u00f3n inicial, a no ser que haya usted dispuesto expresamente lo contrario; en todo caso, no incurrir\u00e1 en ning\u00fan gasto como consecuencia del reembolso.<br \/>Podremos retener el reembolso hasta haber recibido los bienes, o hasta que usted haya presentado una prueba de la devoluci\u00f3n de los bienes, seg\u00fan qu\u00e9 condici\u00f3n se cumpla primero.<\/p><p>Deber\u00e1 usted devolver o entregar los bienes a nosotros mismos, sin ninguna demora indebida y, en cualquier caso, a m\u00e1s tardar en el plazo de 14 d\u00edas a partir de la fecha en que nos comunique su decisi\u00f3n de desistimiento del contrato. Se considerar\u00e1 cumplido el plazo si efect\u00faa la devoluci\u00f3n de los bienes antes de que haya concluido dicho plazo.<br \/>Nos haremos cargo de los costes de devoluci\u00f3n de los bienes.<br \/>Solo ser\u00e1 usted responsable de la disminuci\u00f3n de valor de los bienes resultante de una manipulaci\u00f3n distinta a la necesaria para establecer la naturaleza, las caracter\u00edsticas y el funcionamiento de los bienes.<\/p><div style=\"border: 1px solid #000000; padding: 20px; margin-bottom: 20px; background-color: #c9c9c9;\"><h4 style=\"text-align: center;\">Modelo de formulario de desistimiento<\/h4><p>(s\u00f3lo debe cumplimentar y enviar el presente formulario si desea desistir del contrato)<\/p><p>&#8211; A la atenci\u00f3n de <strong>K-Sport GmbH (Noggi &#8211; Home Decor Masters &#8211; una marca de K-Sport GmbH), Kiesweg 18, Gie\u00dfen, Alemania, <a href=\"mailto:support@tischbein-metall.de\">support@tischbein-metall.de<\/a><\/strong><\/p><p>&#8211; Por la presente le comunico\/comunicamos (*) que desisto de mi\/desistimos de nuestro (*) contrato de venta del siguiente bien\/prestaci\u00f3n del siguiente servicio (*)<\/p><p>&#8211; Pedido el\/recibido el(*)<\/p><p>&#8211; Nombre del consumidor y usuario o de los consumidores y usuarios<\/p><p>&#8211; Domicilio del consumidor y usuario o de los consumidores y usuarios<\/p><p>&#8211; Firma del consumidor y usuario o de los consumidores y usuarios (solo si el presente formulario se presenta en papel)<\/p><p>&#8211; Fecha<\/p><p>_______________<br \/>(*) T\u00e1chese lo que no proceda.<\/p><\/div><p><strong>Instrucciones especiales<\/strong><br \/>Si financia este contrato mediante un pr\u00e9stamo y desiste de ese contrato posteriormente, quedar\u00e1 liberado del contrato de pr\u00e9stamo, siempre y cuando ambos contratos formen una unidad econ\u00f3mica. Esto debe asumirse en particular si nosotros somos su prestamista o si su prestamista utiliza nuestra cooperaci\u00f3n con respecto a la financiaci\u00f3n. Si ya hemos recibido el monto del pr\u00e9stamo cuando la revocaci\u00f3n se haga efectiva, su prestamista asumir\u00e1 tomar\u00e1 su lugar, adquiriendo los derechos y obligaciones en virtud del contrato financiado en lo que respecta a las consecuencias jur\u00eddicas de la revocaci\u00f3n o devoluci\u00f3n. Esto \u00faltimo no se aplica si el presente contrato se refiere a la adquisici\u00f3n de instrumentos financieros (por ejemplo, valores, divisas o derivados).<\/p><p>Si desea evitar una obligaci\u00f3n contractual en la medida de lo posible, haga uso de su derecho de revocaci\u00f3n y revoque tambi\u00e9n el contrato del pr\u00e9stamo, siempre que esto sea posible.<\/p><p><strong>Etiquetas de devoluci\u00f3n<\/strong><br \/>Sin perjuicio de sus derechos legales, se le facilitar\u00e1n etiquetas de devoluci\u00f3n gratuitas para su devoluci\u00f3n. Al utilizar estas etiquetas de devoluci\u00f3n, la devoluci\u00f3n ser\u00e1 gratuita.<br \/>El retorno de la mercanc\u00eda lo puede realizar en una tienda de correo postal del proveedor correspondiente en Espa\u00f1a.<br \/>La etiqueta de devoluci\u00f3n se le enviar\u00e1 por correo electr\u00f3nico.<br \/>Se proporcionar\u00e1 un enlace para suministrar la etiqueta de devoluci\u00f3n.<\/p>\t\t\t\t\t\t<\/div>\n\t\t\t\t<\/div>\n\t\t\t\t\t<\/div>\n\t\t\t\t<\/div>\n\t\t\t\t<\/div>\n\t\t","protected":false},"excerpt":{"rendered":"<p>INFORMACION SOBRE EL DERECHO DE DESISTIMIENTO Derecho de desistimientoTiene usted derecho a desistir del presente contrato en un plazo de 30 d\u00edas sin necesidad de justificaci\u00f3n. El plazo de desistimiento expirar\u00e1 a los30 d\u00edas del d\u00eda que usted o un tercero por usted indicado, distinto del transportista, adquiri\u00f3 la posesi\u00f3n material por \u00faltimo de esos [&hellip;]<\/p>\n","protected":false},"author":3,"featured_media":0,"parent":0,"menu_order":0,"comment_status":"closed","ping_status":"closed","template":"","meta":{"_acf_changed":false,"inline_featured_image":false,"footnotes":""},"class_list":["post-14370","page","type-page","status-publish","hentry"],"acf":[],"yoast_head":"<!-- This site is optimized with the Yoast SEO plugin v25.3 - https:\/\/yoast.com\/wordpress\/plugins\/seo\/ -->\n<title>Derecho de desistimiento - Su experto en patas de mesa de metal<\/title>\n<meta name=\"description\" content=\"Derecho de desistimiento \u2013 Su experto en patas de mesa de metal \u2714\ufe0f Fabricado en Europa \u2714\ufe0f Calidad superior \u2714\ufe0f Env\u00edo r\u00e1pido y gratuito\" \/>\n<meta name=\"robots\" content=\"index, follow, max-snippet:-1, max-image-preview:large, max-video-preview:-1\" \/>\n<link rel=\"canonical\" href=\"https:\/\/www.tischbein-metall.de\/es\/derecho-de-desistimiento\/\" \/>\n<meta property=\"og:locale\" content=\"es_ES\" \/>\n<meta property=\"og:type\" content=\"article\" \/>\n<meta property=\"og:title\" content=\"Derecho de desistimiento - Su experto en patas de mesa de metal\" \/>\n<meta property=\"og:description\" content=\"Derecho de desistimiento \u2013 Su experto en patas de mesa de metal \u2714\ufe0f Fabricado en Europa \u2714\ufe0f Calidad superior \u2714\ufe0f Env\u00edo r\u00e1pido y gratuito\" \/>\n<meta property=\"og:url\" content=\"https:\/\/www.tischbein-metall.de\/es\/derecho-de-desistimiento\/\" \/>\n<meta property=\"og:site_name\" content=\"Su experto en patas de mesa met\u00e1licas\" \/>\n<meta property=\"article:modified_time\" content=\"2024-12-16T13:00:04+00:00\" \/>\n<meta name=\"twitter:card\" content=\"summary_large_image\" \/>\n<meta name=\"twitter:label1\" content=\"Tiempo de lectura\" \/>\n\t<meta name=\"twitter:data1\" content=\"4 minutos\" \/>\n<script type=\"application\/ld+json\" class=\"yoast-schema-graph\">{\"@context\":\"https:\/\/schema.org\",\"@graph\":[{\"@type\":\"WebPage\",\"@id\":\"https:\/\/www.tischbein-metall.de\/es\/derecho-de-desistimiento\/\",\"url\":\"https:\/\/www.tischbein-metall.de\/es\/derecho-de-desistimiento\/\",\"name\":\"Derecho de desistimiento - Su experto en patas de mesa de metal\",\"isPartOf\":{\"@id\":\"https:\/\/www.tischbein-metall.de\/#website\"},\"datePublished\":\"2022-10-06T08:55:17+00:00\",\"dateModified\":\"2024-12-16T13:00:04+00:00\",\"description\":\"Derecho de desistimiento \u2013 Su experto en patas de mesa de metal \u2714\ufe0f Fabricado en Europa \u2714\ufe0f Calidad superior \u2714\ufe0f Env\u00edo r\u00e1pido y gratuito\",\"breadcrumb\":{\"@id\":\"https:\/\/www.tischbein-metall.de\/es\/derecho-de-desistimiento\/#breadcrumb\"},\"inLanguage\":\"es\",\"potentialAction\":[{\"@type\":\"ReadAction\",\"target\":[\"https:\/\/www.tischbein-metall.de\/es\/derecho-de-desistimiento\/\"]}]},{\"@type\":\"BreadcrumbList\",\"@id\":\"https:\/\/www.tischbein-metall.de\/es\/derecho-de-desistimiento\/#breadcrumb\",\"itemListElement\":[{\"@type\":\"ListItem\",\"position\":1,\"name\":\"P\u00e1gina de inicio\",\"item\":\"https:\/\/www.tischbein-metall.de\/es\/\"},{\"@type\":\"ListItem\",\"position\":2,\"name\":\"Derecho de desistimiento para consumidores y formulario de desistimiento modelo\"}]},{\"@type\":\"WebSite\",\"@id\":\"https:\/\/www.tischbein-metall.de\/#website\",\"url\":\"https:\/\/www.tischbein-metall.de\/\",\"name\":\"Su experto en patas de mesa met\u00e1licas\",\"description\":\"\",\"potentialAction\":[{\"@type\":\"SearchAction\",\"target\":{\"@type\":\"EntryPoint\",\"urlTemplate\":\"https:\/\/www.tischbein-metall.de\/?s={search_term_string}\"},\"query-input\":{\"@type\":\"PropertyValueSpecification\",\"valueRequired\":true,\"valueName\":\"search_term_string\"}}],\"inLanguage\":\"es\"}]}<\/script>\n<!-- \/ Yoast SEO plugin. -->","yoast_head_json":{"title":"Derecho de desistimiento - Su experto en patas de mesa de metal","description":"Derecho de desistimiento \u2013 Su experto en patas de mesa de metal \u2714\ufe0f Fabricado en Europa \u2714\ufe0f Calidad superior \u2714\ufe0f Env\u00edo r\u00e1pido y gratuito","robots":{"index":"index","follow":"follow","max-snippet":"max-snippet:-1","max-image-preview":"max-image-preview:large","max-video-preview":"max-video-preview:-1"},"canonical":"https:\/\/www.tischbein-metall.de\/es\/derecho-de-desistimiento\/","og_locale":"es_ES","og_type":"article","og_title":"Derecho de desistimiento - Su experto en patas de mesa de metal","og_description":"Derecho de desistimiento \u2013 Su experto en patas de mesa de metal \u2714\ufe0f Fabricado en Europa \u2714\ufe0f Calidad superior \u2714\ufe0f Env\u00edo r\u00e1pido y gratuito","og_url":"https:\/\/www.tischbein-metall.de\/es\/derecho-de-desistimiento\/","og_site_name":"Su experto en patas de mesa met\u00e1licas","article_modified_time":"2024-12-16T13:00:04+00:00","twitter_card":"summary_large_image","twitter_misc":{"Tiempo de lectura":"4 minutos"},"schema":{"@context":"https:\/\/schema.org","@graph":[{"@type":"WebPage","@id":"https:\/\/www.tischbein-metall.de\/es\/derecho-de-desistimiento\/","url":"https:\/\/www.tischbein-metall.de\/es\/derecho-de-desistimiento\/","name":"Derecho de desistimiento - Su experto en patas de mesa de metal","isPartOf":{"@id":"https:\/\/www.tischbein-metall.de\/#website"},"datePublished":"2022-10-06T08:55:17+00:00","dateModified":"2024-12-16T13:00:04+00:00","description":"Derecho de desistimiento \u2013 Su experto en patas de mesa de metal \u2714\ufe0f Fabricado en Europa \u2714\ufe0f Calidad superior \u2714\ufe0f Env\u00edo r\u00e1pido y gratuito","breadcrumb":{"@id":"https:\/\/www.tischbein-metall.de\/es\/derecho-de-desistimiento\/#breadcrumb"},"inLanguage":"es","potentialAction":[{"@type":"ReadAction","target":["https:\/\/www.tischbein-metall.de\/es\/derecho-de-desistimiento\/"]}]},{"@type":"BreadcrumbList","@id":"https:\/\/www.tischbein-metall.de\/es\/derecho-de-desistimiento\/#breadcrumb","itemListElement":[{"@type":"ListItem","position":1,"name":"P\u00e1gina de inicio","item":"https:\/\/www.tischbein-metall.de\/es\/"},{"@type":"ListItem","position":2,"name":"Derecho de desistimiento para consumidores y formulario de desistimiento modelo"}]},{"@type":"WebSite","@id":"https:\/\/www.tischbein-metall.de\/#website","url":"https:\/\/www.tischbein-metall.de\/","name":"Su experto en patas de mesa met\u00e1licas","description":"","potentialAction":[{"@type":"SearchAction","target":{"@type":"EntryPoint","urlTemplate":"https:\/\/www.tischbein-metall.de\/?s={search_term_string}"},"query-input":{"@type":"PropertyValueSpecification","valueRequired":true,"valueName":"search_term_string"}}],"inLanguage":"es"}]}},"_links":{"self":[{"href":"https:\/\/www.tischbein-metall.de\/es\/wp-json\/wp\/v2\/pages\/14370","targetHints":{"allow":["GET"]}}],"collection":[{"href":"https:\/\/www.tischbein-metall.de\/es\/wp-json\/wp\/v2\/pages"}],"about":[{"href":"https:\/\/www.tischbein-metall.de\/es\/wp-json\/wp\/v2\/types\/page"}],"author":[{"embeddable":true,"href":"https:\/\/www.tischbein-metall.de\/es\/wp-json\/wp\/v2\/users\/3"}],"replies":[{"embeddable":true,"href":"https:\/\/www.tischbein-metall.de\/es\/wp-json\/wp\/v2\/comments?post=14370"}],"version-history":[{"count":16,"href":"https:\/\/www.tischbein-metall.de\/es\/wp-json\/wp\/v2\/pages\/14370\/revisions"}],"predecessor-version":[{"id":32484,"href":"https:\/\/www.tischbein-metall.de\/es\/wp-json\/wp\/v2\/pages\/14370\/revisions\/32484"}],"wp:attachment":[{"href":"https:\/\/www.tischbein-metall.de\/es\/wp-json\/wp\/v2\/media?parent=14370"}],"curies":[{"name":"wp","href":"https:\/\/api.w.org\/{rel}","templated":true}]}}