{"id":14378,"date":"2022-10-31T11:59:02","date_gmt":"2022-10-31T10:59:02","guid":{"rendered":"https:\/\/www.tischbein-metall.de\/?page_id=14378"},"modified":"2024-02-09T16:10:23","modified_gmt":"2024-02-09T15:10:23","slug":"devolucion-y-reclamacion","status":"publish","type":"page","link":"https:\/\/www.tischbein-metall.de\/es\/devolucion-y-reclamacion\/","title":{"rendered":"Devoluci\u00f3n y reclamaci\u00f3n"},"content":{"rendered":"\t\t<div data-elementor-type=\"wp-page\" data-elementor-id=\"14378\" class=\"elementor elementor-14378 elementor-11257\">\n\t\t\t\t<div class=\"elementor-element elementor-element-5feb824f e-flex e-con-boxed e-con e-parent\" data-id=\"5feb824f\" data-element_type=\"container\">\n\t\t\t\t\t<div class=\"e-con-inner\">\n\t\t\t\t<div class=\"elementor-element elementor-element-6ef17f1e elementor-widget elementor-widget-text-editor\" data-id=\"6ef17f1e\" data-element_type=\"widget\" data-widget_type=\"text-editor.default\">\n\t\t\t\t<div class=\"elementor-widget-container\">\n\t\t\t<style>\/*! elementor - v3.23.0 - 25-07-2024 *\/\n.elementor-widget-text-editor.elementor-drop-cap-view-stacked .elementor-drop-cap{background-color:#69727d;color:#fff}.elementor-widget-text-editor.elementor-drop-cap-view-framed .elementor-drop-cap{color:#69727d;border:3px solid;background-color:transparent}.elementor-widget-text-editor:not(.elementor-drop-cap-view-default) .elementor-drop-cap{margin-top:8px}.elementor-widget-text-editor:not(.elementor-drop-cap-view-default) .elementor-drop-cap-letter{width:1em;height:1em}.elementor-widget-text-editor .elementor-drop-cap{float:left;text-align:center;line-height:1;font-size:50px}.elementor-widget-text-editor .elementor-drop-cap-letter{display:inline-block}<\/style>\t\t\t\t\n<p>Seguramente puede suceder que no te guste un art\u00edculo. Puedes revocar el contrato de compra hasta 30 d\u00edas despu\u00e9s de recibir el producto y devolverlo dentro de un plazo de 30 d\u00edas despu\u00e9s de la revocaci\u00f3n de forma gratuita y recibir un reembolso del precio de compra. Puedes encontrar nuestras instrucciones de revocaci\u00f3n aqu\u00ed.<\/p>\n\n\n\n<p>Deseo devolver un art\u00edculo que he pedido:<\/p>\n\n\n\n<p>Por supuesto, en Noggi tienes derecho a revocar sin restricciones dentro de los 30 d\u00edas posteriores a la recepci\u00f3n del producto. Por favor, cont\u00e1ctanos por correo electr\u00f3nico a: <a href=\"mailto:support@tischbein-metall.de\">support@tischbein-metall.de<\/a><\/p>\n\n\n\n<p>o completa el formulario de revocaci\u00f3n previamente preparado.<\/p>\n\n\n\n<p>Importante: Te pedimos que no nos devuelvas tu pedido sin comentarios ni sin franqueo. Despu\u00e9s de recibir la revocaci\u00f3n, te enviaremos una etiqueta de devoluci\u00f3n con la que podr\u00e1s enviarnos el paquete de vuelta.<\/p>\n\n\n\n<p>\u00a1Gracias por tu comprensi\u00f3n!<\/p>\n\n\n\n<p>Tu equipo de Noggi<\/p>\n\n\n\n<p>&nbsp;<\/p>\n\n\n\n<p class=\"has-text-align-center has-large-font-size\"><strong>Devoluci\u00f3n y reclamaci\u00f3n<\/strong><\/p>\n\n\n<div class=\"wpforms-container wpforms-container-full wpforms-render-modern\" id=\"wpforms-15264\"><form id=\"wpforms-form-15264\" class=\"wpforms-validate wpforms-form wpforms-ajax-form\" data-formid=\"15264\" method=\"post\" enctype=\"multipart\/form-data\" action=\"\/es\/wp-json\/wp\/v2\/pages\/14378\" data-token=\"827762c9442de0250e3feff258790c37\" data-token-time=\"1777480712\"><noscript class=\"wpforms-error-noscript\">Por favor, activa JavaScript en tu navegador para completar este formulario.<\/noscript><div class=\"wpforms-hidden\" id=\"wpforms-error-noscript\">Por favor, activa JavaScript en tu navegador para completar este formulario.<\/div><div class=\"wpforms-field-container\"><div id=\"wpforms-15264-field_0-container\" class=\"wpforms-field wpforms-field-name\" data-field-id=\"0\"><label class=\"wpforms-field-label\" for=\"wpforms-15264-field_0\">Nombre <span class=\"wpforms-required-label\" aria-hidden=\"true\">*<\/span><\/label><input type=\"text\" id=\"wpforms-15264-field_0\" class=\"wpforms-field-medium wpforms-field-required\" name=\"wpforms[fields][0]\" aria-errormessage=\"wpforms-15264-field_0-error\" required><\/div><div id=\"wpforms-15264-field_1-container\" class=\"wpforms-field wpforms-field-email\" data-field-id=\"1\"><label class=\"wpforms-field-label\" for=\"wpforms-15264-field_1\">E-mail <span class=\"wpforms-required-label\" aria-hidden=\"true\">*<\/span><\/label><input type=\"email\" id=\"wpforms-15264-field_1\" class=\"wpforms-field-medium wpforms-field-required\" name=\"wpforms[fields][1]\" spellcheck=\"false\" aria-errormessage=\"wpforms-15264-field_1-error\" required><\/div><div id=\"wpforms-15264-field_3-container\" class=\"wpforms-field wpforms-field-select wpforms-field-select-style-classic\" data-field-id=\"3\"><label class=\"wpforms-field-label\" for=\"wpforms-15264-field_3\">Raz\u00f3n <span class=\"wpforms-required-label\" aria-hidden=\"true\">*<\/span><\/label><select id=\"wpforms-15264-field_3\" class=\"wpforms-field-medium wpforms-field-required\" name=\"wpforms[fields][3]\" required=\"required\"><option value=\"Por favor, seleccione\" >Por favor, seleccione<\/option><option value=\"Retoure\" >Retoure<\/option><option value=\"Reclamaci\u00f3n\" >Reclamaci\u00f3n<\/option><option value=\"Revocaci\u00f3n\" >Revocaci\u00f3n<\/option><\/select><\/div><div id=\"wpforms-15264-field_2-container\" class=\"wpforms-field wpforms-field-textarea\" data-field-id=\"2\"><label class=\"wpforms-field-label\" for=\"wpforms-15264-field_2\">Mensaje <span class=\"wpforms-required-label\" aria-hidden=\"true\">*<\/span><\/label><textarea id=\"wpforms-15264-field_2\" class=\"wpforms-field-medium wpforms-field-required\" name=\"wpforms[fields][2]\" aria-errormessage=\"wpforms-15264-field_2-error\" required><\/textarea><\/div><div id=\"wpforms-15264-field_4-container\" class=\"wpforms-field wpforms-field-checkbox\" data-field-id=\"4\"><fieldset><legend class=\"wpforms-field-label\">Pol\u00edtica de Privacidad <span class=\"wpforms-required-label\" aria-hidden=\"true\">*<\/span><\/legend><ul id=\"wpforms-15264-field_4\" class=\"wpforms-field-required\"><li class=\"choice-1 depth-1\"><input type=\"checkbox\" id=\"wpforms-15264-field_4_1\" name=\"wpforms[fields][4][]\" value=\"Declaro que he le\u00eddo la &lt;a style=&quot;color:#ed1b24;&quot; href=&quot;\/es\/politica-de-privacidad&quot;&gt;pol\u00edtica de privacidad&lt;\/a&gt;.\" aria-errormessage=\"wpforms-15264-field_4_1-error\" aria-describedby=\"wpforms-15264-field_4-description\" required ><label class=\"wpforms-field-label-inline\" for=\"wpforms-15264-field_4_1\">Declaro que he le\u00eddo la <a style=\"color:#ed1b24\" href=\"\/es\/politica-de-privacidad\">pol\u00edtica de privacidad<\/a>.<\/label><\/li><\/ul><div id=\"wpforms-15264-field_4-description\" class=\"wpforms-field-description\">El consentimiento puede revocarse en cualquier momento de conformidad con el art. 7 (3) DSGVO mediante comunicaci\u00f3n informal (por ejemplo, por correo electr\u00f3nico).<br><br>\r\n\r\nEste sitio web est\u00e1 protegido por reCAPTCHA, se aplican la <a href=\"https:\/\/policies.google.com\/privacy?hl=es\">pol\u00edtica de privacidad<\/a> y las <a href=\"https:\/\/policies.google.com\/terms?hl=es\">condiciones de uso<\/a> de Google.<\/div><\/fieldset><\/div><\/div><!-- .wpforms-field-container --><div class=\"wpforms-recaptcha-container wpforms-is-recaptcha wpforms-is-recaptcha-type-v3\" ><input type=\"hidden\" name=\"wpforms[recaptcha]\" value=\"\"><\/div><div class=\"wpforms-submit-container\" ><input type=\"hidden\" name=\"wpforms[id]\" value=\"15264\"><input type=\"hidden\" name=\"page_title\" value=\"\"><input type=\"hidden\" name=\"page_url\" value=\"https:\/\/www.tischbein-metall.de\/es\/wp-json\/wp\/v2\/pages\/14378\"><button type=\"submit\" name=\"wpforms[submit]\" id=\"wpforms-submit-15264\" class=\"wpforms-submit\" data-alt-text=\"Enviar...\" data-submit-text=\"Enviar\" aria-live=\"assertive\" value=\"wpforms-submit\">Enviar<\/button><img decoding=\"async\" src=\"https:\/\/www.tischbein-metall.de\/wp-content\/plugins\/wpforms\/assets\/images\/submit-spin.svg\" class=\"wpforms-submit-spinner\" style=\"display: none;\" width=\"26\" height=\"26\" alt=\"Cargando\"><\/div><\/form><\/div>  <!-- .wpforms-container -->\t\t\t\t\t\t<\/div>\n\t\t\t\t<\/div>\n\t\t\t\t\t<\/div>\n\t\t\t\t<\/div>\n\t\t\t\t<\/div>\n\t\t","protected":false},"excerpt":{"rendered":"<p>Seguramente puede suceder que no te guste un art\u00edculo. Puedes revocar el contrato de compra hasta 30 d\u00edas despu\u00e9s de recibir el producto y devolverlo dentro de un plazo de 30 d\u00edas despu\u00e9s de la revocaci\u00f3n de forma gratuita y recibir un reembolso del precio de compra. Puedes encontrar nuestras instrucciones de revocaci\u00f3n aqu\u00ed. Deseo [&hellip;]<\/p>\n","protected":false},"author":3,"featured_media":0,"parent":0,"menu_order":0,"comment_status":"closed","ping_status":"closed","template":"","meta":{"_acf_changed":false,"inline_featured_image":false,"footnotes":""},"class_list":["post-14378","page","type-page","status-publish","hentry"],"acf":[],"yoast_head":"<!-- This site is optimized with the Yoast SEO plugin v25.3 - https:\/\/yoast.com\/wordpress\/plugins\/seo\/ -->\n<title>Devoluci\u00f3n y reclamaci\u00f3n - Su experto en patas de mesa de metal<\/title>\n<meta name=\"description\" content=\"Devoluci\u00f3n y reclamaci\u00f3n \u2013 Su experto en patas de mesa de metal \u2714\ufe0f Fabricado en Europa \u2714\ufe0f Calidad superior \u2714\ufe0f Env\u00edo r\u00e1pido y gratuito\" \/>\n<meta name=\"robots\" content=\"index, follow, max-snippet:-1, max-image-preview:large, max-video-preview:-1\" \/>\n<link rel=\"canonical\" href=\"https:\/\/www.tischbein-metall.de\/nl\/retour-klacht\/\" \/>\n<meta property=\"og:locale\" content=\"es_ES\" \/>\n<meta property=\"og:type\" content=\"article\" \/>\n<meta property=\"og:title\" content=\"Devoluci\u00f3n y reclamaci\u00f3n - Su experto en patas de mesa de metal\" \/>\n<meta property=\"og:description\" content=\"Devoluci\u00f3n y reclamaci\u00f3n \u2013 Su experto en patas de mesa de metal \u2714\ufe0f Fabricado en Europa \u2714\ufe0f Calidad superior \u2714\ufe0f Env\u00edo r\u00e1pido y gratuito\" \/>\n<meta property=\"og:url\" content=\"https:\/\/www.tischbein-metall.de\/nl\/retour-klacht\/\" \/>\n<meta property=\"og:site_name\" content=\"Su experto en patas de mesa met\u00e1licas\" \/>\n<meta property=\"article:modified_time\" content=\"2024-02-09T15:10:23+00:00\" \/>\n<meta name=\"twitter:card\" content=\"summary_large_image\" \/>\n<meta name=\"twitter:label1\" content=\"Tiempo de lectura\" \/>\n\t<meta name=\"twitter:data1\" content=\"1 minuto\" \/>\n<script type=\"application\/ld+json\" class=\"yoast-schema-graph\">{\"@context\":\"https:\/\/schema.org\",\"@graph\":[{\"@type\":\"WebPage\",\"@id\":\"https:\/\/www.tischbein-metall.de\/nl\/retour-klacht\/\",\"url\":\"https:\/\/www.tischbein-metall.de\/nl\/retour-klacht\/\",\"name\":\"Devoluci\u00f3n y reclamaci\u00f3n - Su experto en patas de mesa de metal\",\"isPartOf\":{\"@id\":\"https:\/\/www.tischbein-metall.de\/#website\"},\"datePublished\":\"2022-10-31T10:59:02+00:00\",\"dateModified\":\"2024-02-09T15:10:23+00:00\",\"description\":\"Devoluci\u00f3n y reclamaci\u00f3n \u2013 Su experto en patas de mesa de metal \u2714\ufe0f Fabricado en Europa \u2714\ufe0f Calidad superior \u2714\ufe0f Env\u00edo r\u00e1pido y gratuito\",\"breadcrumb\":{\"@id\":\"https:\/\/www.tischbein-metall.de\/nl\/retour-klacht\/#breadcrumb\"},\"inLanguage\":\"es\",\"potentialAction\":[{\"@type\":\"ReadAction\",\"target\":[\"https:\/\/www.tischbein-metall.de\/nl\/retour-klacht\/\"]}]},{\"@type\":\"BreadcrumbList\",\"@id\":\"https:\/\/www.tischbein-metall.de\/nl\/retour-klacht\/#breadcrumb\",\"itemListElement\":[{\"@type\":\"ListItem\",\"position\":1,\"name\":\"P\u00e1gina de inicio\",\"item\":\"https:\/\/www.tischbein-metall.de\/es\/\"},{\"@type\":\"ListItem\",\"position\":2,\"name\":\"Devoluci\u00f3n y reclamaci\u00f3n\"}]},{\"@type\":\"WebSite\",\"@id\":\"https:\/\/www.tischbein-metall.de\/#website\",\"url\":\"https:\/\/www.tischbein-metall.de\/\",\"name\":\"Su experto en patas de mesa met\u00e1licas\",\"description\":\"\",\"potentialAction\":[{\"@type\":\"SearchAction\",\"target\":{\"@type\":\"EntryPoint\",\"urlTemplate\":\"https:\/\/www.tischbein-metall.de\/?s={search_term_string}\"},\"query-input\":{\"@type\":\"PropertyValueSpecification\",\"valueRequired\":true,\"valueName\":\"search_term_string\"}}],\"inLanguage\":\"es\"}]}<\/script>\n<!-- \/ Yoast SEO plugin. -->","yoast_head_json":{"title":"Devoluci\u00f3n y reclamaci\u00f3n - Su experto en patas de mesa de metal","description":"Devoluci\u00f3n y reclamaci\u00f3n \u2013 Su experto en patas de mesa de metal \u2714\ufe0f Fabricado en Europa \u2714\ufe0f Calidad superior \u2714\ufe0f Env\u00edo r\u00e1pido y gratuito","robots":{"index":"index","follow":"follow","max-snippet":"max-snippet:-1","max-image-preview":"max-image-preview:large","max-video-preview":"max-video-preview:-1"},"canonical":"https:\/\/www.tischbein-metall.de\/nl\/retour-klacht\/","og_locale":"es_ES","og_type":"article","og_title":"Devoluci\u00f3n y reclamaci\u00f3n - Su experto en patas de mesa de metal","og_description":"Devoluci\u00f3n y reclamaci\u00f3n \u2013 Su experto en patas de mesa de metal \u2714\ufe0f Fabricado en Europa \u2714\ufe0f Calidad superior \u2714\ufe0f Env\u00edo r\u00e1pido y gratuito","og_url":"https:\/\/www.tischbein-metall.de\/nl\/retour-klacht\/","og_site_name":"Su experto en patas de mesa met\u00e1licas","article_modified_time":"2024-02-09T15:10:23+00:00","twitter_card":"summary_large_image","twitter_misc":{"Tiempo de lectura":"1 minuto"},"schema":{"@context":"https:\/\/schema.org","@graph":[{"@type":"WebPage","@id":"https:\/\/www.tischbein-metall.de\/nl\/retour-klacht\/","url":"https:\/\/www.tischbein-metall.de\/nl\/retour-klacht\/","name":"Devoluci\u00f3n y reclamaci\u00f3n - Su experto en patas de mesa de metal","isPartOf":{"@id":"https:\/\/www.tischbein-metall.de\/#website"},"datePublished":"2022-10-31T10:59:02+00:00","dateModified":"2024-02-09T15:10:23+00:00","description":"Devoluci\u00f3n y reclamaci\u00f3n \u2013 Su experto en patas de mesa de metal \u2714\ufe0f Fabricado en Europa \u2714\ufe0f Calidad superior \u2714\ufe0f Env\u00edo r\u00e1pido y gratuito","breadcrumb":{"@id":"https:\/\/www.tischbein-metall.de\/nl\/retour-klacht\/#breadcrumb"},"inLanguage":"es","potentialAction":[{"@type":"ReadAction","target":["https:\/\/www.tischbein-metall.de\/nl\/retour-klacht\/"]}]},{"@type":"BreadcrumbList","@id":"https:\/\/www.tischbein-metall.de\/nl\/retour-klacht\/#breadcrumb","itemListElement":[{"@type":"ListItem","position":1,"name":"P\u00e1gina de inicio","item":"https:\/\/www.tischbein-metall.de\/es\/"},{"@type":"ListItem","position":2,"name":"Devoluci\u00f3n y reclamaci\u00f3n"}]},{"@type":"WebSite","@id":"https:\/\/www.tischbein-metall.de\/#website","url":"https:\/\/www.tischbein-metall.de\/","name":"Su experto en patas de mesa met\u00e1licas","description":"","potentialAction":[{"@type":"SearchAction","target":{"@type":"EntryPoint","urlTemplate":"https:\/\/www.tischbein-metall.de\/?s={search_term_string}"},"query-input":{"@type":"PropertyValueSpecification","valueRequired":true,"valueName":"search_term_string"}}],"inLanguage":"es"}]}},"_links":{"self":[{"href":"https:\/\/www.tischbein-metall.de\/es\/wp-json\/wp\/v2\/pages\/14378","targetHints":{"allow":["GET"]}}],"collection":[{"href":"https:\/\/www.tischbein-metall.de\/es\/wp-json\/wp\/v2\/pages"}],"about":[{"href":"https:\/\/www.tischbein-metall.de\/es\/wp-json\/wp\/v2\/types\/page"}],"author":[{"embeddable":true,"href":"https:\/\/www.tischbein-metall.de\/es\/wp-json\/wp\/v2\/users\/3"}],"replies":[{"embeddable":true,"href":"https:\/\/www.tischbein-metall.de\/es\/wp-json\/wp\/v2\/comments?post=14378"}],"version-history":[{"count":6,"href":"https:\/\/www.tischbein-metall.de\/es\/wp-json\/wp\/v2\/pages\/14378\/revisions"}],"predecessor-version":[{"id":22002,"href":"https:\/\/www.tischbein-metall.de\/es\/wp-json\/wp\/v2\/pages\/14378\/revisions\/22002"}],"wp:attachment":[{"href":"https:\/\/www.tischbein-metall.de\/es\/wp-json\/wp\/v2\/media?parent=14378"}],"curies":[{"name":"wp","href":"https:\/\/api.w.org\/{rel}","templated":true}]}}