{"id":19195,"date":"2023-11-16T17:29:39","date_gmt":"2023-11-16T16:29:39","guid":{"rendered":"https:\/\/www.tischbein-metall.de\/treuepunkteprogramm\/"},"modified":"2024-06-20T18:07:04","modified_gmt":"2024-06-20T16:07:04","slug":"programa-de-fidelidad","status":"publish","type":"page","link":"https:\/\/www.tischbein-metall.de\/es\/programa-de-fidelidad\/","title":{"rendered":"Programa de fidelidad"},"content":{"rendered":"\t\t<div data-elementor-type=\"wp-page\" data-elementor-id=\"19195\" class=\"elementor elementor-19195 elementor-19136\">\n\t\t\t\t\t\t<section class=\"elementor-section elementor-top-section elementor-element elementor-element-49a214c4 elementor-section-full_width elementor-section-height-default elementor-section-height-default\" data-id=\"49a214c4\" data-element_type=\"section\">\n\t\t\t\t\t\t<div class=\"elementor-container elementor-column-gap-no\">\n\t\t\t\t\t<div class=\"elementor-column elementor-col-100 elementor-top-column elementor-element elementor-element-13a1510b\" data-id=\"13a1510b\" data-element_type=\"column\">\n\t\t\t<div class=\"elementor-widget-wrap elementor-element-populated\">\n\t\t\t\t\t\t<div class=\"elementor-element elementor-element-3c6a3012 razzi--h-position-center razzi--v-position-middle razzi-slide-banner__ratio--169 razzi-slides-elementor--arrow-style-1 razzi-slides-elementor--dots-style-1 elementor-widget elementor-widget-razzi-slides\" data-id=\"3c6a3012\" data-element_type=\"widget\" data-settings=\"{&quot;effect&quot;:&quot;fade&quot;,&quot;autoplay&quot;:&quot;yes&quot;,&quot;delay&quot;:3000,&quot;autoplay_speed&quot;:1000,&quot;aspect_ratio&quot;:&quot;169&quot;}\" data-widget_type=\"razzi-slides.default\">\n\t\t\t\t<div class=\"elementor-widget-container\">\n\t\t\t<div class=\"razzi-slides-elementor razzi-swiper-carousel-elementor razzi-swiper-slider-elementor navigation-arrows navigation-tablet-arrows navigation-mobile-arrows\">\r\n\t\t\t\t<div class=\"razzi-slides-elementor__wrapper swiper-container\">\r\n\t\t\t\t\t<div class=\"razzi-slides-elementor__inner swiper-wrapper\"><div  class=\"elementor-repeater-item-396798a item-slider swiper-slide \"><div class=\"slick-slide-inner container\"><div class=\"razzi-slide-content\"><div class=\"razzi-slide-heading\">Programa de fidelidad<\/div><div class=\"razzi-slide-button\"><\/div><\/div><\/div><\/div><\/div>\r\n\t\t\t\t<\/div>\r\n\t\t\t\t\r\n\t\t\t<\/div>\t\t<\/div>\n\t\t\t\t<\/div>\n\t\t\t\t\t<\/div>\n\t\t<\/div>\n\t\t\t\t\t<\/div>\n\t\t<\/section>\n\t\t\t\t<section class=\"elementor-section elementor-top-section elementor-element elementor-element-6d561be0 elementor-section-boxed elementor-section-height-default elementor-section-height-default\" data-id=\"6d561be0\" data-element_type=\"section\">\n\t\t\t\t\t\t<div class=\"elementor-container elementor-column-gap-default\">\n\t\t\t\t\t<div class=\"elementor-column elementor-col-100 elementor-top-column elementor-element elementor-element-6f3844ff\" data-id=\"6f3844ff\" data-element_type=\"column\">\n\t\t\t<div class=\"elementor-widget-wrap elementor-element-populated\">\n\t\t\t\t\t\t<div class=\"elementor-element elementor-element-6122c379 elementor-widget elementor-widget-heading\" data-id=\"6122c379\" data-element_type=\"widget\" data-widget_type=\"heading.default\">\n\t\t\t\t<div class=\"elementor-widget-container\">\n\t\t\t<style>\/*! elementor - v3.23.0 - 25-07-2024 *\/\n.elementor-heading-title{padding:0;margin:0;line-height:1}.elementor-widget-heading .elementor-heading-title[class*=elementor-size-]>a{color:inherit;font-size:inherit;line-height:inherit}.elementor-widget-heading .elementor-heading-title.elementor-size-small{font-size:15px}.elementor-widget-heading .elementor-heading-title.elementor-size-medium{font-size:19px}.elementor-widget-heading .elementor-heading-title.elementor-size-large{font-size:29px}.elementor-widget-heading .elementor-heading-title.elementor-size-xl{font-size:39px}.elementor-widget-heading .elementor-heading-title.elementor-size-xxl{font-size:59px}<\/style><h1 class=\"elementor-heading-title elementor-size-default\">\u00a1Bienvenido al Programa de Fidelidad Noggi!<\/h1>\t\t<\/div>\n\t\t\t\t<\/div>\n\t\t\t\t\t<\/div>\n\t\t<\/div>\n\t\t\t\t\t<\/div>\n\t\t<\/section>\n\t\t\t\t<section class=\"elementor-section elementor-top-section elementor-element elementor-element-11ae71b4 elementor-section-boxed elementor-section-height-default elementor-section-height-default\" data-id=\"11ae71b4\" data-element_type=\"section\">\n\t\t\t\t\t\t<div class=\"elementor-container elementor-column-gap-default\">\n\t\t\t\t\t<div class=\"elementor-column elementor-col-100 elementor-top-column elementor-element elementor-element-347a14f3\" data-id=\"347a14f3\" data-element_type=\"column\">\n\t\t\t<div class=\"elementor-widget-wrap elementor-element-populated\">\n\t\t\t\t\t\t<div class=\"elementor-element elementor-element-376a0e82 elementor-widget elementor-widget-text-editor\" data-id=\"376a0e82\" data-element_type=\"widget\" data-widget_type=\"text-editor.default\">\n\t\t\t\t<div class=\"elementor-widget-container\">\n\t\t\t<style>\/*! elementor - v3.23.0 - 25-07-2024 *\/\n.elementor-widget-text-editor.elementor-drop-cap-view-stacked .elementor-drop-cap{background-color:#69727d;color:#fff}.elementor-widget-text-editor.elementor-drop-cap-view-framed .elementor-drop-cap{color:#69727d;border:3px solid;background-color:transparent}.elementor-widget-text-editor:not(.elementor-drop-cap-view-default) .elementor-drop-cap{margin-top:8px}.elementor-widget-text-editor:not(.elementor-drop-cap-view-default) .elementor-drop-cap-letter{width:1em;height:1em}.elementor-widget-text-editor .elementor-drop-cap{float:left;text-align:center;line-height:1;font-size:50px}.elementor-widget-text-editor .elementor-drop-cap-letter{display:inline-block}<\/style>\t\t\t\t<h2 style=\"font-size: 18px;\">Apreciaci\u00f3n al Cliente &#8211; Nuestra Prioridad<\/h2><p>En Noggi valoramos a cada uno de nuestros clientes. Nuestro nuevo programa de fidelidad es nuestra forma de agradecerles por su lealtad y confianza.<\/p><h3 style=\"font-size: 18px;\">Gana puntos con cada compra<\/h3><p>Por cada euro que gastes con nosotros, recibir\u00e1s un punto de fidelidad. Cada punto de fidelidad equivale a 0,05\u20ac. Esto significa que en una compra de 100\u20ac, recibir\u00e1s un bono de fidelidad de 5\u20ac que podr\u00e1s canjear en tus futuras compras.<\/p><h3 style=\"font-size: 18px;\">\u00bfPara qui\u00e9n es nuestro programa de fidelidad?<\/h3><p>Nuestro programa de fidelidad es ideal para una amplia gama de profesionales y entusiastas: dise\u00f1adores y fabricantes de muebles, dise\u00f1adores de interiores, operadores de restaurantes, artesanos, restauradores, aficionados, carpinteros, entusiastas del bricolaje, proveedores de oficina y todos los amantes de las mesas.<\/p><h3 style=\"font-size: 18px;\">\u00bfCu\u00e1ndo y c\u00f3mo puedes usar tus puntos de fidelidad?<\/h3><p>Despu\u00e9s de pagar tu pedido, tus puntos de fidelidad estar\u00e1n disponibles de inmediato. Puedes canjear tus puntos f\u00e1cilmente en el pr\u00f3ximo pedido en la caja.<\/p><h3 style=\"font-size: 18px;\">Transparente y justo, incluso en devoluciones<\/h3><p>Si decides devolver un art\u00edculo, los puntos de fidelidad ganados por ese art\u00edculo se cancelar\u00e1n en consecuencia.<\/p><h3 style=\"font-size: 18px;\">Siempre a la vista: tus puntos de fidelidad<\/h3><p>Puedes ver los puntos a recibir en tu primer pedido directamente en la caja. Los puntos ya acumulados se pueden encontrar en tu cuenta de usuario en la pesta\u00f1a &#8220;Puntos de Fidelidad&#8221;.<\/p><h3 style=\"font-size: 18px;\">Canje de puntos: f\u00e1cil y autom\u00e1tico<\/h3><p>Puedes agregar f\u00e1cil y autom\u00e1ticamente tus puntos de fidelidad acumulados a tu pedido en la caja.<\/p><h3 style=\"font-size: 18px;\">Informaci\u00f3n importante sobre el pago de puntos de fidelidad<\/h3><p>Ten en cuenta que los puntos de fidelidad no se pueden pagar en efectivo. Los puntos de fidelidad solo se pueden utilizar para compras en nuestro sitio web.<\/p><h3 style=\"font-size: 18px;\">Vencimiento de los puntos de fidelidad<\/h3><div>Los puntos de fidelidad son v\u00e1lidos indefinidamente.<\/div>\t\t\t\t\t\t<\/div>\n\t\t\t\t<\/div>\n\t\t\t\t\t<\/div>\n\t\t<\/div>\n\t\t\t\t\t<\/div>\n\t\t<\/section>\n\t\t\t\t<section class=\"elementor-section elementor-top-section elementor-element elementor-element-5a58834 elementor-section-boxed elementor-section-height-default elementor-section-height-default\" data-id=\"5a58834\" data-element_type=\"section\">\n\t\t\t\t\t\t<div class=\"elementor-container elementor-column-gap-default\">\n\t\t\t\t\t<div class=\"elementor-column elementor-col-100 elementor-top-column elementor-element elementor-element-8200d13\" data-id=\"8200d13\" data-element_type=\"column\">\n\t\t\t<div class=\"elementor-widget-wrap elementor-element-populated\">\n\t\t\t\t\t\t<div class=\"elementor-element elementor-element-5e18617 elementor-align-center elementor-widget elementor-widget-button\" data-id=\"5e18617\" data-element_type=\"widget\" data-widget_type=\"button.default\">\n\t\t\t\t<div class=\"elementor-widget-container\">\n\t\t\t\t\t<div class=\"elementor-button-wrapper\">\n\t\t\t<a class=\"elementor-button elementor-button-link elementor-size-md\" href=\"\/es\/\">\n\t\t\t\t\t\t<span class=\"elementor-button-content-wrapper\">\n\t\t\t\t\t\t\t\t\t<span class=\"elementor-button-text\">\u00a1Gana puntos de fidelidad ahora!*<\/span>\n\t\t\t\t\t<\/span>\n\t\t\t\t\t<\/a>\n\t\t<\/div>\n\t\t\t\t<\/div>\n\t\t\t\t<\/div>\n\t\t\t\t\t<\/div>\n\t\t<\/div>\n\t\t\t\t\t<\/div>\n\t\t<\/section>\n\t\t\t\t<section class=\"elementor-section elementor-top-section elementor-element elementor-element-8414448 elementor-section-boxed elementor-section-height-default elementor-section-height-default\" data-id=\"8414448\" data-element_type=\"section\">\n\t\t\t\t\t\t<div class=\"elementor-container elementor-column-gap-default\">\n\t\t\t\t\t<div class=\"elementor-column elementor-col-100 elementor-top-column elementor-element elementor-element-33b5cf2\" data-id=\"33b5cf2\" data-element_type=\"column\">\n\t\t\t<div class=\"elementor-widget-wrap elementor-element-populated\">\n\t\t\t\t\t\t<div class=\"elementor-element elementor-element-e75b57f elementor-widget elementor-widget-text-editor\" data-id=\"e75b57f\" data-element_type=\"widget\" data-widget_type=\"text-editor.default\">\n\t\t\t\t<div class=\"elementor-widget-container\">\n\t\t\t\t\t\t\t<p>*La inscripci\u00f3n en el programa de fidelidad es <strong>gratuita<\/strong> y <strong>autom\u00e1tica<\/strong> con tu primera compra.<\/p>\t\t\t\t\t\t<\/div>\n\t\t\t\t<\/div>\n\t\t\t\t\t<\/div>\n\t\t<\/div>\n\t\t\t\t\t<\/div>\n\t\t<\/section>\n\t\t\t\t<\/div>\n\t\t","protected":false},"excerpt":{"rendered":"<p>Programa de fidelidad \u00a1Bienvenido al Programa de Fidelidad Noggi! Apreciaci\u00f3n al Cliente &#8211; Nuestra Prioridad En Noggi valoramos a cada uno de nuestros clientes. Nuestro nuevo programa de fidelidad es nuestra forma de agradecerles por su lealtad y confianza. Gana puntos con cada compra Por cada euro que gastes con nosotros, recibir\u00e1s un punto de [&hellip;]<\/p>\n","protected":false},"author":1,"featured_media":0,"parent":0,"menu_order":0,"comment_status":"closed","ping_status":"closed","template":"","meta":{"_acf_changed":false,"inline_featured_image":false,"footnotes":""},"class_list":["post-19195","page","type-page","status-publish","hentry"],"acf":[],"yoast_head":"<!-- This site is optimized with the Yoast SEO plugin v25.3 - https:\/\/yoast.com\/wordpress\/plugins\/seo\/ -->\n<title>Programa de Fidelidad - Beneficios Exclusivos | Tischbein-Metall<\/title>\n<meta name=\"description\" content=\"\u00danete a nuestro Programa de Fidelidad y disfruta de beneficios exclusivos. Descuentos, ofertas especiales y m\u00e1s en Tischbein-Metall.de!\" \/>\n<meta name=\"robots\" content=\"index, follow, max-snippet:-1, max-image-preview:large, max-video-preview:-1\" \/>\n<link rel=\"canonical\" href=\"https:\/\/www.tischbein-metall.de\/es\/programa-de-fidelidad\/\" \/>\n<meta property=\"og:locale\" content=\"es_ES\" \/>\n<meta property=\"og:type\" content=\"article\" \/>\n<meta property=\"og:title\" content=\"Programa de Fidelidad - Beneficios Exclusivos | Tischbein-Metall\" \/>\n<meta property=\"og:description\" content=\"\u00danete a nuestro Programa de Fidelidad y disfruta de beneficios exclusivos. Descuentos, ofertas especiales y m\u00e1s en Tischbein-Metall.de!\" \/>\n<meta property=\"og:url\" content=\"https:\/\/www.tischbein-metall.de\/es\/programa-de-fidelidad\/\" \/>\n<meta property=\"og:site_name\" content=\"Su experto en patas de mesa met\u00e1licas\" \/>\n<meta property=\"article:modified_time\" content=\"2024-06-20T16:07:04+00:00\" \/>\n<meta name=\"twitter:card\" content=\"summary_large_image\" \/>\n<meta name=\"twitter:label1\" content=\"Tiempo de lectura\" \/>\n\t<meta name=\"twitter:data1\" content=\"2 minutos\" \/>\n<script type=\"application\/ld+json\" class=\"yoast-schema-graph\">{\"@context\":\"https:\/\/schema.org\",\"@graph\":[{\"@type\":\"WebPage\",\"@id\":\"https:\/\/www.tischbein-metall.de\/es\/programa-de-fidelidad\/\",\"url\":\"https:\/\/www.tischbein-metall.de\/es\/programa-de-fidelidad\/\",\"name\":\"Programa de Fidelidad - Beneficios Exclusivos | Tischbein-Metall\",\"isPartOf\":{\"@id\":\"https:\/\/www.tischbein-metall.de\/#website\"},\"datePublished\":\"2023-11-16T16:29:39+00:00\",\"dateModified\":\"2024-06-20T16:07:04+00:00\",\"description\":\"\u00danete a nuestro Programa de Fidelidad y disfruta de beneficios exclusivos. Descuentos, ofertas especiales y m\u00e1s en Tischbein-Metall.de!\",\"breadcrumb\":{\"@id\":\"https:\/\/www.tischbein-metall.de\/es\/programa-de-fidelidad\/#breadcrumb\"},\"inLanguage\":\"es\",\"potentialAction\":[{\"@type\":\"ReadAction\",\"target\":[\"https:\/\/www.tischbein-metall.de\/es\/programa-de-fidelidad\/\"]}]},{\"@type\":\"BreadcrumbList\",\"@id\":\"https:\/\/www.tischbein-metall.de\/es\/programa-de-fidelidad\/#breadcrumb\",\"itemListElement\":[{\"@type\":\"ListItem\",\"position\":1,\"name\":\"P\u00e1gina de inicio\",\"item\":\"https:\/\/www.tischbein-metall.de\/es\/\"},{\"@type\":\"ListItem\",\"position\":2,\"name\":\"Programa de fidelidad\"}]},{\"@type\":\"WebSite\",\"@id\":\"https:\/\/www.tischbein-metall.de\/#website\",\"url\":\"https:\/\/www.tischbein-metall.de\/\",\"name\":\"Su experto en patas de mesa met\u00e1licas\",\"description\":\"\",\"potentialAction\":[{\"@type\":\"SearchAction\",\"target\":{\"@type\":\"EntryPoint\",\"urlTemplate\":\"https:\/\/www.tischbein-metall.de\/?s={search_term_string}\"},\"query-input\":{\"@type\":\"PropertyValueSpecification\",\"valueRequired\":true,\"valueName\":\"search_term_string\"}}],\"inLanguage\":\"es\"}]}<\/script>\n<!-- \/ Yoast SEO plugin. -->","yoast_head_json":{"title":"Programa de Fidelidad - Beneficios Exclusivos | Tischbein-Metall","description":"\u00danete a nuestro Programa de Fidelidad y disfruta de beneficios exclusivos. Descuentos, ofertas especiales y m\u00e1s en Tischbein-Metall.de!","robots":{"index":"index","follow":"follow","max-snippet":"max-snippet:-1","max-image-preview":"max-image-preview:large","max-video-preview":"max-video-preview:-1"},"canonical":"https:\/\/www.tischbein-metall.de\/es\/programa-de-fidelidad\/","og_locale":"es_ES","og_type":"article","og_title":"Programa de Fidelidad - Beneficios Exclusivos | Tischbein-Metall","og_description":"\u00danete a nuestro Programa de Fidelidad y disfruta de beneficios exclusivos. Descuentos, ofertas especiales y m\u00e1s en Tischbein-Metall.de!","og_url":"https:\/\/www.tischbein-metall.de\/es\/programa-de-fidelidad\/","og_site_name":"Su experto en patas de mesa met\u00e1licas","article_modified_time":"2024-06-20T16:07:04+00:00","twitter_card":"summary_large_image","twitter_misc":{"Tiempo de lectura":"2 minutos"},"schema":{"@context":"https:\/\/schema.org","@graph":[{"@type":"WebPage","@id":"https:\/\/www.tischbein-metall.de\/es\/programa-de-fidelidad\/","url":"https:\/\/www.tischbein-metall.de\/es\/programa-de-fidelidad\/","name":"Programa de Fidelidad - Beneficios Exclusivos | Tischbein-Metall","isPartOf":{"@id":"https:\/\/www.tischbein-metall.de\/#website"},"datePublished":"2023-11-16T16:29:39+00:00","dateModified":"2024-06-20T16:07:04+00:00","description":"\u00danete a nuestro Programa de Fidelidad y disfruta de beneficios exclusivos. Descuentos, ofertas especiales y m\u00e1s en Tischbein-Metall.de!","breadcrumb":{"@id":"https:\/\/www.tischbein-metall.de\/es\/programa-de-fidelidad\/#breadcrumb"},"inLanguage":"es","potentialAction":[{"@type":"ReadAction","target":["https:\/\/www.tischbein-metall.de\/es\/programa-de-fidelidad\/"]}]},{"@type":"BreadcrumbList","@id":"https:\/\/www.tischbein-metall.de\/es\/programa-de-fidelidad\/#breadcrumb","itemListElement":[{"@type":"ListItem","position":1,"name":"P\u00e1gina de inicio","item":"https:\/\/www.tischbein-metall.de\/es\/"},{"@type":"ListItem","position":2,"name":"Programa de fidelidad"}]},{"@type":"WebSite","@id":"https:\/\/www.tischbein-metall.de\/#website","url":"https:\/\/www.tischbein-metall.de\/","name":"Su experto en patas de mesa met\u00e1licas","description":"","potentialAction":[{"@type":"SearchAction","target":{"@type":"EntryPoint","urlTemplate":"https:\/\/www.tischbein-metall.de\/?s={search_term_string}"},"query-input":{"@type":"PropertyValueSpecification","valueRequired":true,"valueName":"search_term_string"}}],"inLanguage":"es"}]}},"_links":{"self":[{"href":"https:\/\/www.tischbein-metall.de\/es\/wp-json\/wp\/v2\/pages\/19195","targetHints":{"allow":["GET"]}}],"collection":[{"href":"https:\/\/www.tischbein-metall.de\/es\/wp-json\/wp\/v2\/pages"}],"about":[{"href":"https:\/\/www.tischbein-metall.de\/es\/wp-json\/wp\/v2\/types\/page"}],"author":[{"embeddable":true,"href":"https:\/\/www.tischbein-metall.de\/es\/wp-json\/wp\/v2\/users\/1"}],"replies":[{"embeddable":true,"href":"https:\/\/www.tischbein-metall.de\/es\/wp-json\/wp\/v2\/comments?post=19195"}],"version-history":[{"count":10,"href":"https:\/\/www.tischbein-metall.de\/es\/wp-json\/wp\/v2\/pages\/19195\/revisions"}],"predecessor-version":[{"id":21615,"href":"https:\/\/www.tischbein-metall.de\/es\/wp-json\/wp\/v2\/pages\/19195\/revisions\/21615"}],"wp:attachment":[{"href":"https:\/\/www.tischbein-metall.de\/es\/wp-json\/wp\/v2\/media?parent=19195"}],"curies":[{"name":"wp","href":"https:\/\/api.w.org\/{rel}","templated":true}]}}