{"id":36531,"date":"2025-02-11T17:12:35","date_gmt":"2025-02-11T16:12:35","guid":{"rendered":"https:\/\/www.tischbein-metall.de\/wohnraum-und-garten\/"},"modified":"2025-02-26T09:24:45","modified_gmt":"2025-02-26T08:24:45","slug":"salon-y-jardin","status":"publish","type":"page","link":"https:\/\/www.tischbein-metall.de\/es\/salon-y-jardin\/","title":{"rendered":"Sal\u00f3n &amp; Jard\u00edn"},"content":{"rendered":"\t\t<div data-elementor-type=\"wp-page\" data-elementor-id=\"36531\" class=\"elementor elementor-36531 elementor-35409\">\n\t\t\t\t\t\t<section class=\"elementor-section elementor-top-section elementor-element elementor-element-c8a5628 elementor-section-full_width elementor-section-height-default elementor-section-height-default\" data-id=\"c8a5628\" data-element_type=\"section\">\n\t\t\t\t\t\t<div class=\"elementor-container elementor-column-gap-no\">\n\t\t\t\t\t<div class=\"elementor-column elementor-col-100 elementor-top-column elementor-element elementor-element-c0a72ce\" data-id=\"c0a72ce\" data-element_type=\"column\">\n\t\t\t<div class=\"elementor-widget-wrap elementor-element-populated\">\n\t\t\t\t\t\t<div class=\"elementor-element elementor-element-b1681a6 elementor-widget elementor-widget-heading\" data-id=\"b1681a6\" data-element_type=\"widget\" data-widget_type=\"heading.default\">\n\t\t\t\t<div class=\"elementor-widget-container\">\n\t\t\t<style>\/*! elementor - v3.23.0 - 25-07-2024 *\/\n.elementor-heading-title{padding:0;margin:0;line-height:1}.elementor-widget-heading .elementor-heading-title[class*=elementor-size-]>a{color:inherit;font-size:inherit;line-height:inherit}.elementor-widget-heading .elementor-heading-title.elementor-size-small{font-size:15px}.elementor-widget-heading .elementor-heading-title.elementor-size-medium{font-size:19px}.elementor-widget-heading .elementor-heading-title.elementor-size-large{font-size:29px}.elementor-widget-heading .elementor-heading-title.elementor-size-xl{font-size:39px}.elementor-widget-heading .elementor-heading-title.elementor-size-xxl{font-size:59px}<\/style><h1 class=\"elementor-heading-title elementor-size-default\">Sal\u00f3n & Jard\u00edn<\/h1>\t\t<\/div>\n\t\t\t\t<\/div>\n\t\t\t\t\t<\/div>\n\t\t<\/div>\n\t\t\t\t\t<\/div>\n\t\t<\/section>\n\t\t\t\t<section class=\"elementor-section elementor-top-section elementor-element elementor-element-ce2cb75 elementor-section-boxed elementor-section-height-default elementor-section-height-default\" data-id=\"ce2cb75\" data-element_type=\"section\">\n\t\t\t\t\t\t<div class=\"elementor-container elementor-column-gap-default\">\n\t\t\t\t\t<div class=\"elementor-column elementor-col-100 elementor-top-column elementor-element elementor-element-30d6e51\" data-id=\"30d6e51\" data-element_type=\"column\">\n\t\t\t<div class=\"elementor-widget-wrap elementor-element-populated\">\n\t\t\t\t\t\t<div class=\"elementor-element elementor-element-96207b0 elementor-widget elementor-widget-razzi-products-grid\" data-id=\"96207b0\" data-element_type=\"widget\" data-settings=\"{&quot;columns&quot;:3,&quot;products&quot;:&quot;custom&quot;}\" data-widget_type=\"razzi-products-grid.default\">\n\t\t\t\t<div class=\"elementor-widget-container\">\n\t\t\t\t\t<div class=\"razzi-products-grid woocommerce\">\r\n\t\t\t<div class=\"product-content\"><ul class=\"products columns-3\">\n<\/ul>\n<\/div>\t\t<\/div>\r\n\t\t\t\t<\/div>\n\t\t\t\t<\/div>\n\t\t\t\t\t<\/div>\n\t\t<\/div>\n\t\t\t\t\t<\/div>\n\t\t<\/section>\n\t\t\t\t<\/div>\n\t\t","protected":false},"excerpt":{"rendered":"<p>Sal\u00f3n &#038; Jard\u00edn Vista r\u00e1pida A\u00f1adir al carrito \u00a1Oferta! Silla colgante con soporte 99,00&nbsp;&euro; 124,49&nbsp;&euro; A\u00f1adir al carrito IVA incluido m\u00e1s gastos de env\u00edo Plazo de entrega: 3 &#8211; 5 d\u00edas laborables Vista r\u00e1pida A\u00f1adir al carrito \u00a1Oferta! Soporte para silla colgante 89,00&nbsp;&euro; 110,99&nbsp;&euro; A\u00f1adir al carrito IVA incluido m\u00e1s gastos de env\u00edo Plazo de [&hellip;]<\/p>\n","protected":false},"author":2,"featured_media":0,"parent":0,"menu_order":0,"comment_status":"closed","ping_status":"closed","template":"","meta":{"_acf_changed":false,"inline_featured_image":false,"footnotes":""},"class_list":["post-36531","page","type-page","status-publish","hentry"],"acf":[],"yoast_head":"<!-- This site is optimized with the Yoast SEO plugin v25.3 - https:\/\/yoast.com\/wordpress\/plugins\/seo\/ -->\n<title>Sal\u00f3n &amp; Jard\u00edn - Su experto en patas de mesa met\u00e1licas<\/title>\n<meta name=\"robots\" content=\"index, follow, max-snippet:-1, max-image-preview:large, max-video-preview:-1\" \/>\n<link rel=\"canonical\" href=\"https:\/\/www.tischbein-metall.de\/es\/salon-y-jardin\/\" \/>\n<meta property=\"og:locale\" content=\"es_ES\" \/>\n<meta property=\"og:type\" content=\"article\" \/>\n<meta property=\"og:title\" content=\"Sal\u00f3n &amp; Jard\u00edn - Su experto en patas de mesa met\u00e1licas\" \/>\n<meta property=\"og:description\" content=\"Sal\u00f3n &#038; Jard\u00edn Vista r\u00e1pida A\u00f1adir al carrito \u00a1Oferta! Silla colgante con soporte 99,00&nbsp;&euro; 124,49&nbsp;&euro; A\u00f1adir al carrito IVA incluido m\u00e1s gastos de env\u00edo Plazo de entrega: 3 &#8211; 5 d\u00edas laborables Vista r\u00e1pida A\u00f1adir al carrito \u00a1Oferta! Soporte para silla colgante 89,00&nbsp;&euro; 110,99&nbsp;&euro; A\u00f1adir al carrito IVA incluido m\u00e1s gastos de env\u00edo Plazo de [&hellip;]\" \/>\n<meta property=\"og:url\" content=\"https:\/\/www.tischbein-metall.de\/es\/salon-y-jardin\/\" \/>\n<meta property=\"og:site_name\" content=\"Su experto en patas de mesa met\u00e1licas\" \/>\n<meta property=\"article:modified_time\" content=\"2025-02-26T08:24:45+00:00\" \/>\n<meta property=\"og:image\" content=\"https:\/\/www.tischbein-metall.de\/wp-content\/uploads\/2025\/02\/mesa-pata-metal-silla-colgante-con-soporte-1-570x570.jpg\" \/>\n<meta name=\"twitter:card\" content=\"summary_large_image\" \/>\n<meta name=\"twitter:label1\" content=\"Tiempo de lectura\" \/>\n\t<meta name=\"twitter:data1\" content=\"2 minutos\" \/>\n<script type=\"application\/ld+json\" class=\"yoast-schema-graph\">{\"@context\":\"https:\/\/schema.org\",\"@graph\":[{\"@type\":\"WebPage\",\"@id\":\"https:\/\/www.tischbein-metall.de\/es\/salon-y-jardin\/\",\"url\":\"https:\/\/www.tischbein-metall.de\/es\/salon-y-jardin\/\",\"name\":\"Sal\u00f3n &amp; Jard\u00edn - Su experto en patas de mesa met\u00e1licas\",\"isPartOf\":{\"@id\":\"https:\/\/www.tischbein-metall.de\/#website\"},\"primaryImageOfPage\":{\"@id\":\"https:\/\/www.tischbein-metall.de\/es\/salon-y-jardin\/#primaryimage\"},\"image\":{\"@id\":\"https:\/\/www.tischbein-metall.de\/es\/salon-y-jardin\/#primaryimage\"},\"thumbnailUrl\":\"https:\/\/www.tischbein-metall.de\/wp-content\/uploads\/2025\/02\/mesa-pata-metal-silla-colgante-con-soporte-1-570x570.jpg\",\"datePublished\":\"2025-02-11T16:12:35+00:00\",\"dateModified\":\"2025-02-26T08:24:45+00:00\",\"breadcrumb\":{\"@id\":\"https:\/\/www.tischbein-metall.de\/es\/salon-y-jardin\/#breadcrumb\"},\"inLanguage\":\"es\",\"potentialAction\":[{\"@type\":\"ReadAction\",\"target\":[\"https:\/\/www.tischbein-metall.de\/es\/salon-y-jardin\/\"]}]},{\"@type\":\"ImageObject\",\"inLanguage\":\"es\",\"@id\":\"https:\/\/www.tischbein-metall.de\/es\/salon-y-jardin\/#primaryimage\",\"url\":\"https:\/\/www.tischbein-metall.de\/wp-content\/uploads\/2025\/02\/mesa-pata-metal-silla-colgante-con-soporte-1-570x570.jpg\",\"contentUrl\":\"https:\/\/www.tischbein-metall.de\/wp-content\/uploads\/2025\/02\/mesa-pata-metal-silla-colgante-con-soporte-1-570x570.jpg\"},{\"@type\":\"BreadcrumbList\",\"@id\":\"https:\/\/www.tischbein-metall.de\/es\/salon-y-jardin\/#breadcrumb\",\"itemListElement\":[{\"@type\":\"ListItem\",\"position\":1,\"name\":\"P\u00e1gina de inicio\",\"item\":\"https:\/\/www.tischbein-metall.de\/es\/\"},{\"@type\":\"ListItem\",\"position\":2,\"name\":\"Sal\u00f3n &amp; Jard\u00edn\"}]},{\"@type\":\"WebSite\",\"@id\":\"https:\/\/www.tischbein-metall.de\/#website\",\"url\":\"https:\/\/www.tischbein-metall.de\/\",\"name\":\"Su experto en patas de mesa met\u00e1licas\",\"description\":\"\",\"potentialAction\":[{\"@type\":\"SearchAction\",\"target\":{\"@type\":\"EntryPoint\",\"urlTemplate\":\"https:\/\/www.tischbein-metall.de\/?s={search_term_string}\"},\"query-input\":{\"@type\":\"PropertyValueSpecification\",\"valueRequired\":true,\"valueName\":\"search_term_string\"}}],\"inLanguage\":\"es\"}]}<\/script>\n<!-- \/ Yoast SEO plugin. -->","yoast_head_json":{"title":"Sal\u00f3n &amp; Jard\u00edn - Su experto en patas de mesa met\u00e1licas","robots":{"index":"index","follow":"follow","max-snippet":"max-snippet:-1","max-image-preview":"max-image-preview:large","max-video-preview":"max-video-preview:-1"},"canonical":"https:\/\/www.tischbein-metall.de\/es\/salon-y-jardin\/","og_locale":"es_ES","og_type":"article","og_title":"Sal\u00f3n &amp; Jard\u00edn - Su experto en patas de mesa met\u00e1licas","og_description":"Sal\u00f3n &#038; Jard\u00edn Vista r\u00e1pida A\u00f1adir al carrito \u00a1Oferta! Silla colgante con soporte 99,00&nbsp;&euro; 124,49&nbsp;&euro; A\u00f1adir al carrito IVA incluido m\u00e1s gastos de env\u00edo Plazo de entrega: 3 &#8211; 5 d\u00edas laborables Vista r\u00e1pida A\u00f1adir al carrito \u00a1Oferta! Soporte para silla colgante 89,00&nbsp;&euro; 110,99&nbsp;&euro; A\u00f1adir al carrito IVA incluido m\u00e1s gastos de env\u00edo Plazo de [&hellip;]","og_url":"https:\/\/www.tischbein-metall.de\/es\/salon-y-jardin\/","og_site_name":"Su experto en patas de mesa met\u00e1licas","article_modified_time":"2025-02-26T08:24:45+00:00","og_image":[{"url":"https:\/\/www.tischbein-metall.de\/wp-content\/uploads\/2025\/02\/mesa-pata-metal-silla-colgante-con-soporte-1-570x570.jpg","type":"","width":"","height":""}],"twitter_card":"summary_large_image","twitter_misc":{"Tiempo de lectura":"2 minutos"},"schema":{"@context":"https:\/\/schema.org","@graph":[{"@type":"WebPage","@id":"https:\/\/www.tischbein-metall.de\/es\/salon-y-jardin\/","url":"https:\/\/www.tischbein-metall.de\/es\/salon-y-jardin\/","name":"Sal\u00f3n &amp; Jard\u00edn - Su experto en patas de mesa met\u00e1licas","isPartOf":{"@id":"https:\/\/www.tischbein-metall.de\/#website"},"primaryImageOfPage":{"@id":"https:\/\/www.tischbein-metall.de\/es\/salon-y-jardin\/#primaryimage"},"image":{"@id":"https:\/\/www.tischbein-metall.de\/es\/salon-y-jardin\/#primaryimage"},"thumbnailUrl":"https:\/\/www.tischbein-metall.de\/wp-content\/uploads\/2025\/02\/mesa-pata-metal-silla-colgante-con-soporte-1-570x570.jpg","datePublished":"2025-02-11T16:12:35+00:00","dateModified":"2025-02-26T08:24:45+00:00","breadcrumb":{"@id":"https:\/\/www.tischbein-metall.de\/es\/salon-y-jardin\/#breadcrumb"},"inLanguage":"es","potentialAction":[{"@type":"ReadAction","target":["https:\/\/www.tischbein-metall.de\/es\/salon-y-jardin\/"]}]},{"@type":"ImageObject","inLanguage":"es","@id":"https:\/\/www.tischbein-metall.de\/es\/salon-y-jardin\/#primaryimage","url":"https:\/\/www.tischbein-metall.de\/wp-content\/uploads\/2025\/02\/mesa-pata-metal-silla-colgante-con-soporte-1-570x570.jpg","contentUrl":"https:\/\/www.tischbein-metall.de\/wp-content\/uploads\/2025\/02\/mesa-pata-metal-silla-colgante-con-soporte-1-570x570.jpg"},{"@type":"BreadcrumbList","@id":"https:\/\/www.tischbein-metall.de\/es\/salon-y-jardin\/#breadcrumb","itemListElement":[{"@type":"ListItem","position":1,"name":"P\u00e1gina de inicio","item":"https:\/\/www.tischbein-metall.de\/es\/"},{"@type":"ListItem","position":2,"name":"Sal\u00f3n &amp; Jard\u00edn"}]},{"@type":"WebSite","@id":"https:\/\/www.tischbein-metall.de\/#website","url":"https:\/\/www.tischbein-metall.de\/","name":"Su experto en patas de mesa met\u00e1licas","description":"","potentialAction":[{"@type":"SearchAction","target":{"@type":"EntryPoint","urlTemplate":"https:\/\/www.tischbein-metall.de\/?s={search_term_string}"},"query-input":{"@type":"PropertyValueSpecification","valueRequired":true,"valueName":"search_term_string"}}],"inLanguage":"es"}]}},"_links":{"self":[{"href":"https:\/\/www.tischbein-metall.de\/es\/wp-json\/wp\/v2\/pages\/36531","targetHints":{"allow":["GET"]}}],"collection":[{"href":"https:\/\/www.tischbein-metall.de\/es\/wp-json\/wp\/v2\/pages"}],"about":[{"href":"https:\/\/www.tischbein-metall.de\/es\/wp-json\/wp\/v2\/types\/page"}],"author":[{"embeddable":true,"href":"https:\/\/www.tischbein-metall.de\/es\/wp-json\/wp\/v2\/users\/2"}],"replies":[{"embeddable":true,"href":"https:\/\/www.tischbein-metall.de\/es\/wp-json\/wp\/v2\/comments?post=36531"}],"version-history":[{"count":4,"href":"https:\/\/www.tischbein-metall.de\/es\/wp-json\/wp\/v2\/pages\/36531\/revisions"}],"predecessor-version":[{"id":36535,"href":"https:\/\/www.tischbein-metall.de\/es\/wp-json\/wp\/v2\/pages\/36531\/revisions\/36535"}],"wp:attachment":[{"href":"https:\/\/www.tischbein-metall.de\/es\/wp-json\/wp\/v2\/media?parent=36531"}],"curies":[{"name":"wp","href":"https:\/\/api.w.org\/{rel}","templated":true}]}}