{"id":13959,"date":"2022-11-03T12:56:36","date_gmt":"2022-11-03T11:56:36","guid":{"rendered":"https:\/\/www.tischbein-metall.de\/produkt\/portallaves-home-sweet-home\/"},"modified":"2024-06-20T18:25:53","modified_gmt":"2024-06-20T16:25:53","slug":"portallaves-home-sweet-home","status":"publish","type":"product","link":"https:\/\/www.tischbein-metall.de\/es\/producto\/portallaves-home-sweet-home\/","title":{"rendered":"Tablero de llaves Home Sweet Home"},"content":{"rendered":"\t\t<div data-elementor-type=\"wp-post\" data-elementor-id=\"13959\" class=\"elementor elementor-13959 elementor-11427\">\n\t\t\t\t\t\t<section class=\"elementor-section elementor-top-section elementor-element elementor-element-62f016ec elementor-section-boxed elementor-section-height-default elementor-section-height-default\" data-id=\"62f016ec\" data-element_type=\"section\">\n\t\t\t\t\t\t<div class=\"elementor-container elementor-column-gap-default\">\n\t\t\t\t\t<div class=\"elementor-column elementor-col-100 elementor-top-column elementor-element elementor-element-23e6ad48\" data-id=\"23e6ad48\" data-element_type=\"column\">\n\t\t\t<div class=\"elementor-widget-wrap elementor-element-populated\">\n\t\t\t\t\t\t<div class=\"elementor-element elementor-element-37c7de3a elementor-widget elementor-widget-text-editor\" data-id=\"37c7de3a\" data-element_type=\"widget\" data-widget_type=\"text-editor.default\">\n\t\t\t\t<div class=\"elementor-widget-container\">\n\t\t\t<style>\/*! elementor - v3.23.0 - 25-07-2024 *\/\n.elementor-widget-text-editor.elementor-drop-cap-view-stacked .elementor-drop-cap{background-color:#69727d;color:#fff}.elementor-widget-text-editor.elementor-drop-cap-view-framed .elementor-drop-cap{color:#69727d;border:3px solid;background-color:transparent}.elementor-widget-text-editor:not(.elementor-drop-cap-view-default) .elementor-drop-cap{margin-top:8px}.elementor-widget-text-editor:not(.elementor-drop-cap-view-default) .elementor-drop-cap-letter{width:1em;height:1em}.elementor-widget-text-editor .elementor-drop-cap{float:left;text-align:center;line-height:1;font-size:50px}.elementor-widget-text-editor .elementor-drop-cap-letter{display:inline-block}<\/style>\t\t\t\t<div>Para una bonita zona de entrada, nuestros <strong>tablero de llaves<\/strong> llaman la atenci\u00f3n de todos los <span class=\"font-color\" data-font-color=\"red\">visitantes<\/span>. Los <strong>tablero de llaves<\/strong> no s\u00f3lo impresionan por su moderno dise\u00f1o, sino que tambi\u00e9n ofrecen un lugar ordenado para todas las llaves de la casa. Por fin se acab\u00f3 la tediosa b\u00fasqueda. Adem\u00e1s, el robusto recubrimiento en polvo garantiza una superficie resistente a los ara\u00f1azos y hace que los <strong>modernos tablero de llaves<\/strong> sean especialmente robustos para que pueda disfrutar de ellos durante mucho tiempo. Le ofrecemos una amplia selecci\u00f3n de <strong>tablero de llaves<\/strong> de fantas\u00eda y <strong>portallaves de pared<\/strong>, que tambi\u00e9n son ideales como regalo y se adaptan a cualquier estilo de interior.<\/div>\n\t\t\t\t\t\t<\/div>\n\t\t\t\t<\/div>\n\t\t\t\t<div class=\"elementor-element elementor-element-75754ff elementor-widget-divider--view-line elementor-widget elementor-widget-divider\" data-id=\"75754ff\" data-element_type=\"widget\" data-widget_type=\"divider.default\">\n\t\t\t\t<div class=\"elementor-widget-container\">\n\t\t\t<style>\/*! elementor - v3.23.0 - 25-07-2024 *\/\n.elementor-widget-divider{--divider-border-style:none;--divider-border-width:1px;--divider-color:#0c0d0e;--divider-icon-size:20px;--divider-element-spacing:10px;--divider-pattern-height:24px;--divider-pattern-size:20px;--divider-pattern-url:none;--divider-pattern-repeat:repeat-x}.elementor-widget-divider .elementor-divider{display:flex}.elementor-widget-divider .elementor-divider__text{font-size:15px;line-height:1;max-width:95%}.elementor-widget-divider .elementor-divider__element{margin:0 var(--divider-element-spacing);flex-shrink:0}.elementor-widget-divider .elementor-icon{font-size:var(--divider-icon-size)}.elementor-widget-divider .elementor-divider-separator{display:flex;margin:0;direction:ltr}.elementor-widget-divider--view-line_icon .elementor-divider-separator,.elementor-widget-divider--view-line_text .elementor-divider-separator{align-items:center}.elementor-widget-divider--view-line_icon .elementor-divider-separator:after,.elementor-widget-divider--view-line_icon .elementor-divider-separator:before,.elementor-widget-divider--view-line_text .elementor-divider-separator:after,.elementor-widget-divider--view-line_text .elementor-divider-separator:before{display:block;content:\"\";border-block-end:0;flex-grow:1;border-block-start:var(--divider-border-width) var(--divider-border-style) var(--divider-color)}.elementor-widget-divider--element-align-left .elementor-divider .elementor-divider-separator>.elementor-divider__svg:first-of-type{flex-grow:0;flex-shrink:100}.elementor-widget-divider--element-align-left .elementor-divider-separator:before{content:none}.elementor-widget-divider--element-align-left .elementor-divider__element{margin-left:0}.elementor-widget-divider--element-align-right .elementor-divider .elementor-divider-separator>.elementor-divider__svg:last-of-type{flex-grow:0;flex-shrink:100}.elementor-widget-divider--element-align-right .elementor-divider-separator:after{content:none}.elementor-widget-divider--element-align-right .elementor-divider__element{margin-right:0}.elementor-widget-divider--element-align-start .elementor-divider .elementor-divider-separator>.elementor-divider__svg:first-of-type{flex-grow:0;flex-shrink:100}.elementor-widget-divider--element-align-start .elementor-divider-separator:before{content:none}.elementor-widget-divider--element-align-start .elementor-divider__element{margin-inline-start:0}.elementor-widget-divider--element-align-end .elementor-divider .elementor-divider-separator>.elementor-divider__svg:last-of-type{flex-grow:0;flex-shrink:100}.elementor-widget-divider--element-align-end .elementor-divider-separator:after{content:none}.elementor-widget-divider--element-align-end .elementor-divider__element{margin-inline-end:0}.elementor-widget-divider:not(.elementor-widget-divider--view-line_text):not(.elementor-widget-divider--view-line_icon) .elementor-divider-separator{border-block-start:var(--divider-border-width) var(--divider-border-style) var(--divider-color)}.elementor-widget-divider--separator-type-pattern{--divider-border-style:none}.elementor-widget-divider--separator-type-pattern.elementor-widget-divider--view-line .elementor-divider-separator,.elementor-widget-divider--separator-type-pattern:not(.elementor-widget-divider--view-line) .elementor-divider-separator:after,.elementor-widget-divider--separator-type-pattern:not(.elementor-widget-divider--view-line) .elementor-divider-separator:before,.elementor-widget-divider--separator-type-pattern:not([class*=elementor-widget-divider--view]) .elementor-divider-separator{width:100%;min-height:var(--divider-pattern-height);-webkit-mask-size:var(--divider-pattern-size) 100%;mask-size:var(--divider-pattern-size) 100%;-webkit-mask-repeat:var(--divider-pattern-repeat);mask-repeat:var(--divider-pattern-repeat);background-color:var(--divider-color);-webkit-mask-image:var(--divider-pattern-url);mask-image:var(--divider-pattern-url)}.elementor-widget-divider--no-spacing{--divider-pattern-size:auto}.elementor-widget-divider--bg-round{--divider-pattern-repeat:round}.rtl .elementor-widget-divider .elementor-divider__text{direction:rtl}.e-con-inner>.elementor-widget-divider,.e-con>.elementor-widget-divider{width:var(--container-widget-width,100%);--flex-grow:var(--container-widget-flex-grow)}<\/style>\t\t<div class=\"elementor-divider\">\n\t\t\t<span class=\"elementor-divider-separator\">\n\t\t\t\t\t\t<\/span>\n\t\t<\/div>\n\t\t\t\t<\/div>\n\t\t\t\t<\/div>\n\t\t\t\t<div class=\"elementor-element elementor-element-703230e elementor-widget elementor-widget-image\" data-id=\"703230e\" data-element_type=\"widget\" data-widget_type=\"image.default\">\n\t\t\t\t<div class=\"elementor-widget-container\">\n\t\t\t<style>\/*! elementor - v3.23.0 - 25-07-2024 *\/\n.elementor-widget-image{text-align:center}.elementor-widget-image a{display:inline-block}.elementor-widget-image a img[src$=\".svg\"]{width:48px}.elementor-widget-image img{vertical-align:middle;display:inline-block}<\/style>\t\t\t\t\t\t\t\t\t\t<img decoding=\"async\" width=\"150\" height=\"150\" src=\"https:\/\/www.tischbein-metall.de\/wp-content\/uploads\/2022\/10\/eu-flag-circle-150x150.png\" class=\"attachment-thumbnail size-thumbnail wp-image-13391\" alt=\"\" srcset=\"https:\/\/www.tischbein-metall.de\/wp-content\/uploads\/2022\/10\/eu-flag-circle-150x150.png 150w, https:\/\/www.tischbein-metall.de\/wp-content\/uploads\/2022\/10\/eu-flag-circle-570x570.png 570w, https:\/\/www.tischbein-metall.de\/wp-content\/uploads\/2022\/10\/eu-flag-circle-130x130.png 130w, https:\/\/www.tischbein-metall.de\/wp-content\/uploads\/2022\/10\/eu-flag-circle-600x600.png 600w, https:\/\/www.tischbein-metall.de\/wp-content\/uploads\/2022\/10\/eu-flag-circle-300x300.png 300w, https:\/\/www.tischbein-metall.de\/wp-content\/uploads\/2022\/10\/eu-flag-circle-1024x1024.png 1024w, https:\/\/www.tischbein-metall.de\/wp-content\/uploads\/2022\/10\/eu-flag-circle-768x768.png 768w, https:\/\/www.tischbein-metall.de\/wp-content\/uploads\/2022\/10\/eu-flag-circle-12x12.png 12w, https:\/\/www.tischbein-metall.de\/wp-content\/uploads\/2022\/10\/eu-flag-circle.png 1280w\" sizes=\"(max-width: 150px) 100vw, 150px\" \/>\t\t\t\t\t\t\t\t\t\t\t\t\t<\/div>\n\t\t\t\t<\/div>\n\t\t\t\t\t<\/div>\n\t\t<\/div>\n\t\t\t\t\t<\/div>\n\t\t<\/section>\n\t\t\t\t<\/div>\n\t\t","protected":false},"excerpt":{"rendered":"<div>\n<p>El moderno y minimalista <b>tablero de llaves<\/b> de acero de alta calidad ofrece una forma sencilla pero bonita de organizar las llaves con 7 ganchos. Por fin, la b\u00fasqueda constante ha llegado a su fin.<\/p>\n<\/div>\n<div><\/div>\n<div id=\"b2435439210_1321\" class=\"editable-text paragraph indent-0 allow-dragging focused-block selected-block selected-block-wrapper\"><strong>Elegancia atemporal para su recibidor<\/strong><\/div>\n<div id=\"b2435439210_1363\" class=\"editable-text paragraph indent-0 selected-block selected-block-wrapper\">\u2714\ufe0fEl dise\u00f1o individual enriquece su vest\u00edbulo con un verdadero punto de atracci\u00f3n<\/div>\n<div id=\"b2435439210_1447\" class=\"editable-text paragraph indent-0 selected-block selected-block-wrapper\">\u2714\ufe0fUna forma sencilla de crear orden y estructura para sus llaves, de modo que nunca tenga que volver a perder tiempo buscando<\/div>\n<div id=\"b2435439210_1588\" class=\"editable-text paragraph indent-0 selected-block selected-block-wrapper\">\u2714\ufe0fEl material de alta calidad le ofrece un almacenamiento duradero y elegante para sus llaves<\/div>\n","protected":false},"featured_media":13256,"comment_status":"open","ping_status":"closed","template":"","meta":{"_acf_changed":false,"inline_featured_image":false},"product_cat":[258],"product_tag":[417,263],"class_list":{"0":"post-13959","1":"product","2":"type-product","3":"status-publish","4":"has-post-thumbnail","6":"product_cat-tablero-de-llaves","7":"product_tag-home-sweet-home-es","8":"product_tag-portallaves","10":"first","11":"outofstock","12":"taxable","13":"shipping-taxable","14":"purchasable","15":"product-type-simple"},"acf":[],"yoast_head":"<!-- This site is optimized with the Yoast SEO plugin v25.3 - https:\/\/yoast.com\/wordpress\/plugins\/seo\/ -->\n<title>Tablero de llaves Home Sweet Home - Calidad superior de Europa<\/title>\n<meta name=\"description\" content=\"Tablero de llaves Home Sweet Home \u2013 Su experto en pies de mesa met\u00e1licos \u2714\ufe0f Fabricado en Europa \u2714\ufe0f Calidad superior \u2714\ufe0f Env\u00edo r\u00e1pido y gratuito\" \/>\n<meta name=\"robots\" content=\"index, follow, max-snippet:-1, max-image-preview:large, max-video-preview:-1\" \/>\n<link rel=\"canonical\" href=\"https:\/\/www.tischbein-metall.de\/es\/producto\/portallaves-home-sweet-home\/\" \/>\n<meta property=\"og:locale\" content=\"es_ES\" \/>\n<meta property=\"og:type\" content=\"article\" \/>\n<meta property=\"og:title\" content=\"Tablero de llaves Home Sweet Home - Calidad superior de Europa\" \/>\n<meta property=\"og:description\" content=\"Tablero de llaves Home Sweet Home \u2013 Su experto en pies de mesa met\u00e1licos \u2714\ufe0f Fabricado en Europa \u2714\ufe0f Calidad superior \u2714\ufe0f Env\u00edo r\u00e1pido y gratuito\" \/>\n<meta property=\"og:url\" content=\"https:\/\/www.tischbein-metall.de\/es\/producto\/portallaves-home-sweet-home\/\" \/>\n<meta property=\"og:site_name\" content=\"Su experto en patas de mesa met\u00e1licas\" \/>\n<meta property=\"article:modified_time\" content=\"2024-06-20T16:25:53+00:00\" \/>\n<meta property=\"og:image\" content=\"https:\/\/www.tischbein-metall.de\/wp-content\/uploads\/2023\/07\/llavero-homesweethome5.jpg\" \/>\n\t<meta property=\"og:image:width\" content=\"570\" \/>\n\t<meta property=\"og:image:height\" content=\"570\" \/>\n\t<meta property=\"og:image:type\" content=\"image\/jpeg\" \/>\n<meta name=\"twitter:card\" content=\"summary_large_image\" \/>\n<meta name=\"twitter:label1\" content=\"Tiempo de lectura\" \/>\n\t<meta name=\"twitter:data1\" content=\"2 minutos\" \/>\n<script type=\"application\/ld+json\" class=\"yoast-schema-graph\">{\"@context\":\"https:\/\/schema.org\",\"@graph\":[{\"@type\":\"WebPage\",\"@id\":\"https:\/\/www.tischbein-metall.de\/es\/producto\/portallaves-home-sweet-home\/\",\"url\":\"https:\/\/www.tischbein-metall.de\/es\/producto\/portallaves-home-sweet-home\/\",\"name\":\"Tablero de llaves Home Sweet Home - Calidad superior de Europa\",\"isPartOf\":{\"@id\":\"https:\/\/www.tischbein-metall.de\/#website\"},\"primaryImageOfPage\":{\"@id\":\"https:\/\/www.tischbein-metall.de\/es\/producto\/portallaves-home-sweet-home\/#primaryimage\"},\"image\":{\"@id\":\"https:\/\/www.tischbein-metall.de\/es\/producto\/portallaves-home-sweet-home\/#primaryimage\"},\"thumbnailUrl\":\"https:\/\/www.tischbein-metall.de\/wp-content\/uploads\/2023\/07\/llavero-homesweethome5.jpg\",\"datePublished\":\"2022-11-03T11:56:36+00:00\",\"dateModified\":\"2024-06-20T16:25:53+00:00\",\"description\":\"Tablero de llaves Home Sweet Home \u2013 Su experto en pies de mesa met\u00e1licos \u2714\ufe0f Fabricado en Europa \u2714\ufe0f Calidad superior \u2714\ufe0f Env\u00edo r\u00e1pido y gratuito\",\"breadcrumb\":{\"@id\":\"https:\/\/www.tischbein-metall.de\/es\/producto\/portallaves-home-sweet-home\/#breadcrumb\"},\"inLanguage\":\"es\",\"potentialAction\":[{\"@type\":\"ReadAction\",\"target\":[\"https:\/\/www.tischbein-metall.de\/es\/producto\/portallaves-home-sweet-home\/\"]}]},{\"@type\":\"ImageObject\",\"inLanguage\":\"es\",\"@id\":\"https:\/\/www.tischbein-metall.de\/es\/producto\/portallaves-home-sweet-home\/#primaryimage\",\"url\":\"https:\/\/www.tischbein-metall.de\/wp-content\/uploads\/2023\/07\/llavero-homesweethome5.jpg\",\"contentUrl\":\"https:\/\/www.tischbein-metall.de\/wp-content\/uploads\/2023\/07\/llavero-homesweethome5.jpg\",\"width\":570,\"height\":570,\"caption\":\"Llavero Home Sweet Home\"},{\"@type\":\"BreadcrumbList\",\"@id\":\"https:\/\/www.tischbein-metall.de\/es\/producto\/portallaves-home-sweet-home\/#breadcrumb\",\"itemListElement\":[{\"@type\":\"ListItem\",\"position\":1,\"name\":\"P\u00e1gina de inicio\",\"item\":\"https:\/\/www.tischbein-metall.de\/es\/\"},{\"@type\":\"ListItem\",\"position\":2,\"name\":\"Productos\",\"item\":\"https:\/\/www.tischbein-metall.de\/es\/productos\/\"},{\"@type\":\"ListItem\",\"position\":3,\"name\":\"Tablero de llaves Home Sweet Home\"}]},{\"@type\":\"WebSite\",\"@id\":\"https:\/\/www.tischbein-metall.de\/#website\",\"url\":\"https:\/\/www.tischbein-metall.de\/\",\"name\":\"Su experto en patas de mesa met\u00e1licas\",\"description\":\"\",\"potentialAction\":[{\"@type\":\"SearchAction\",\"target\":{\"@type\":\"EntryPoint\",\"urlTemplate\":\"https:\/\/www.tischbein-metall.de\/?s={search_term_string}\"},\"query-input\":{\"@type\":\"PropertyValueSpecification\",\"valueRequired\":true,\"valueName\":\"search_term_string\"}}],\"inLanguage\":\"es\"}]}<\/script>\n<!-- \/ Yoast SEO plugin. -->","yoast_head_json":{"title":"Tablero de llaves Home Sweet Home - Calidad superior de Europa","description":"Tablero de llaves Home Sweet Home \u2013 Su experto en pies de mesa met\u00e1licos \u2714\ufe0f Fabricado en Europa \u2714\ufe0f Calidad superior \u2714\ufe0f Env\u00edo r\u00e1pido y gratuito","robots":{"index":"index","follow":"follow","max-snippet":"max-snippet:-1","max-image-preview":"max-image-preview:large","max-video-preview":"max-video-preview:-1"},"canonical":"https:\/\/www.tischbein-metall.de\/es\/producto\/portallaves-home-sweet-home\/","og_locale":"es_ES","og_type":"article","og_title":"Tablero de llaves Home Sweet Home - Calidad superior de Europa","og_description":"Tablero de llaves Home Sweet Home \u2013 Su experto en pies de mesa met\u00e1licos \u2714\ufe0f Fabricado en Europa \u2714\ufe0f Calidad superior \u2714\ufe0f Env\u00edo r\u00e1pido y gratuito","og_url":"https:\/\/www.tischbein-metall.de\/es\/producto\/portallaves-home-sweet-home\/","og_site_name":"Su experto en patas de mesa met\u00e1licas","article_modified_time":"2024-06-20T16:25:53+00:00","og_image":[{"width":570,"height":570,"url":"https:\/\/www.tischbein-metall.de\/wp-content\/uploads\/2023\/07\/llavero-homesweethome5.jpg","type":"image\/jpeg"}],"twitter_card":"summary_large_image","twitter_misc":{"Tiempo de lectura":"2 minutos"},"schema":{"@context":"https:\/\/schema.org","@graph":[{"@type":"WebPage","@id":"https:\/\/www.tischbein-metall.de\/es\/producto\/portallaves-home-sweet-home\/","url":"https:\/\/www.tischbein-metall.de\/es\/producto\/portallaves-home-sweet-home\/","name":"Tablero de llaves Home Sweet Home - Calidad superior de Europa","isPartOf":{"@id":"https:\/\/www.tischbein-metall.de\/#website"},"primaryImageOfPage":{"@id":"https:\/\/www.tischbein-metall.de\/es\/producto\/portallaves-home-sweet-home\/#primaryimage"},"image":{"@id":"https:\/\/www.tischbein-metall.de\/es\/producto\/portallaves-home-sweet-home\/#primaryimage"},"thumbnailUrl":"https:\/\/www.tischbein-metall.de\/wp-content\/uploads\/2023\/07\/llavero-homesweethome5.jpg","datePublished":"2022-11-03T11:56:36+00:00","dateModified":"2024-06-20T16:25:53+00:00","description":"Tablero de llaves Home Sweet Home \u2013 Su experto en pies de mesa met\u00e1licos \u2714\ufe0f Fabricado en Europa \u2714\ufe0f Calidad superior \u2714\ufe0f Env\u00edo r\u00e1pido y gratuito","breadcrumb":{"@id":"https:\/\/www.tischbein-metall.de\/es\/producto\/portallaves-home-sweet-home\/#breadcrumb"},"inLanguage":"es","potentialAction":[{"@type":"ReadAction","target":["https:\/\/www.tischbein-metall.de\/es\/producto\/portallaves-home-sweet-home\/"]}]},{"@type":"ImageObject","inLanguage":"es","@id":"https:\/\/www.tischbein-metall.de\/es\/producto\/portallaves-home-sweet-home\/#primaryimage","url":"https:\/\/www.tischbein-metall.de\/wp-content\/uploads\/2023\/07\/llavero-homesweethome5.jpg","contentUrl":"https:\/\/www.tischbein-metall.de\/wp-content\/uploads\/2023\/07\/llavero-homesweethome5.jpg","width":570,"height":570,"caption":"Llavero Home Sweet Home"},{"@type":"BreadcrumbList","@id":"https:\/\/www.tischbein-metall.de\/es\/producto\/portallaves-home-sweet-home\/#breadcrumb","itemListElement":[{"@type":"ListItem","position":1,"name":"P\u00e1gina de inicio","item":"https:\/\/www.tischbein-metall.de\/es\/"},{"@type":"ListItem","position":2,"name":"Productos","item":"https:\/\/www.tischbein-metall.de\/es\/productos\/"},{"@type":"ListItem","position":3,"name":"Tablero de llaves Home Sweet Home"}]},{"@type":"WebSite","@id":"https:\/\/www.tischbein-metall.de\/#website","url":"https:\/\/www.tischbein-metall.de\/","name":"Su experto en patas de mesa met\u00e1licas","description":"","potentialAction":[{"@type":"SearchAction","target":{"@type":"EntryPoint","urlTemplate":"https:\/\/www.tischbein-metall.de\/?s={search_term_string}"},"query-input":{"@type":"PropertyValueSpecification","valueRequired":true,"valueName":"search_term_string"}}],"inLanguage":"es"}]}},"_links":{"self":[{"href":"https:\/\/www.tischbein-metall.de\/es\/wp-json\/wp\/v2\/product\/13959","targetHints":{"allow":["GET"]}}],"collection":[{"href":"https:\/\/www.tischbein-metall.de\/es\/wp-json\/wp\/v2\/product"}],"about":[{"href":"https:\/\/www.tischbein-metall.de\/es\/wp-json\/wp\/v2\/types\/product"}],"replies":[{"embeddable":true,"href":"https:\/\/www.tischbein-metall.de\/es\/wp-json\/wp\/v2\/comments?post=13959"}],"version-history":[{"count":6,"href":"https:\/\/www.tischbein-metall.de\/es\/wp-json\/wp\/v2\/product\/13959\/revisions"}],"predecessor-version":[{"id":14948,"href":"https:\/\/www.tischbein-metall.de\/es\/wp-json\/wp\/v2\/product\/13959\/revisions\/14948"}],"wp:featuredmedia":[{"embeddable":true,"href":"https:\/\/www.tischbein-metall.de\/es\/wp-json\/wp\/v2\/media\/13256"}],"wp:attachment":[{"href":"https:\/\/www.tischbein-metall.de\/es\/wp-json\/wp\/v2\/media?parent=13959"}],"wp:term":[{"taxonomy":"product_cat","embeddable":true,"href":"https:\/\/www.tischbein-metall.de\/es\/wp-json\/wp\/v2\/product_cat?post=13959"},{"taxonomy":"product_tag","embeddable":true,"href":"https:\/\/www.tischbein-metall.de\/es\/wp-json\/wp\/v2\/product_tag?post=13959"}],"curies":[{"name":"wp","href":"https:\/\/api.w.org\/{rel}","templated":true}]}}