{"id":14100,"date":"2022-10-26T11:22:06","date_gmt":"2022-10-26T09:22:06","guid":{"rendered":"https:\/\/www.tischbein-metall.de\/produkt\/conjunto-de-2-patas-de-mesa-en-forma-de-x-de-metal\/"},"modified":"2026-02-02T23:05:29","modified_gmt":"2026-02-02T22:05:29","slug":"conjunto-de-2-patas-de-mesa-en-forma-de-x-de-metal","status":"publish","type":"product","link":"https:\/\/www.tischbein-metall.de\/es\/producto\/conjunto-de-2-patas-de-mesa-en-forma-de-x-de-metal\/","title":{"rendered":"Conjunto de 2 patas de mesa en forma de X de metal"},"content":{"rendered":"\t\t<div data-elementor-type=\"wp-post\" data-elementor-id=\"14100\" class=\"elementor elementor-14100 elementor-11198\">\n\t\t\t\t\t\t<section class=\"elementor-section elementor-top-section elementor-element elementor-element-dd738a4 elementor-section-boxed elementor-section-height-default elementor-section-height-default\" data-id=\"dd738a4\" data-element_type=\"section\">\n\t\t\t\t\t\t<div class=\"elementor-container elementor-column-gap-default\">\n\t\t\t\t\t<div class=\"elementor-column elementor-col-100 elementor-top-column elementor-element elementor-element-ec2fecc\" data-id=\"ec2fecc\" data-element_type=\"column\">\n\t\t\t<div class=\"elementor-widget-wrap elementor-element-populated\">\n\t\t\t\t\t\t<div class=\"elementor-element elementor-element-bcc6ed5 elementor-widget elementor-widget-text-editor\" data-id=\"bcc6ed5\" data-element_type=\"widget\" data-widget_type=\"text-editor.default\">\n\t\t\t\t<div class=\"elementor-widget-container\">\n\t\t\t<style>\/*! elementor - v3.23.0 - 25-07-2024 *\/\n.elementor-widget-text-editor.elementor-drop-cap-view-stacked .elementor-drop-cap{background-color:#69727d;color:#fff}.elementor-widget-text-editor.elementor-drop-cap-view-framed .elementor-drop-cap{color:#69727d;border:3px solid;background-color:transparent}.elementor-widget-text-editor:not(.elementor-drop-cap-view-default) .elementor-drop-cap{margin-top:8px}.elementor-widget-text-editor:not(.elementor-drop-cap-view-default) .elementor-drop-cap-letter{width:1em;height:1em}.elementor-widget-text-editor .elementor-drop-cap{float:left;text-align:center;line-height:1;font-size:50px}.elementor-widget-text-editor .elementor-drop-cap-letter{display:inline-block}<\/style>\t\t\t\t<p class=\"MsoNormal\"><span style=\"font-family: Roboto; background-image: initial; background-position: initial; background-size: initial; background-repeat: initial; background-attachment: initial; background-origin: initial; background-clip: initial;\">Quien pens\u00f3 que las patas de la mesa eran solo para lucir, se equivoc\u00f3. Las patas de<\/span> la mesa son una parte importante de cualquier dise\u00f1o de mesa y pueden ser el catalizador de una declaraci\u00f3n de dise\u00f1o. Las patas en forma de X son una forma sencilla pero elegante de darle a tu mesa un toque industrial. Ofrecemos los colores negro y antracita, as\u00ed como diferentes longitudes para que se adapten a cualquier tipo de mesa. Nuestro dise\u00f1o industrial le otorga a tu hogar un aspecto vanguardista, mientras que nuestro material de acero inoxidable garantiza que tu mesa sea duradera y perdure toda la vida.<\/p><p>Puedes crear f\u00e1cilmente mesas y estanter\u00edas personalizadas utilizando las piezas de muebles adecuadas. Esta forma es perfecta para una mesa de centro, escritorio o mesa de comedor. No te conformes con madera simple o patas aburridas: \u00a1mejora tu espacio con patas de mesa en forma de X!<\/p><p>Gracias a los orificios alargados <span style=\"font-weight: bold;\">(20x10mm)<\/span>, la fijaci\u00f3n de las estructuras de mesa es muy sencilla. Gracias a su espesor de material, el marco es muy resistente y puede soportar incluso tableros de mesa pesados.<\/p><p>Recibir\u00e1s las patas de mesa en un <b>conjunto de 2<\/b>, que incluyen protecci\u00f3n para el suelo para evitar da\u00f1ar superficies delicadas.<\/p><p>Atemporal &#8211; Vers\u00e1til &#8211; Apasionado I Construcci\u00f3n de muebles DIY seg\u00fan tu gusto<\/p><p>Elige la mesa perfecta: <strong>30&#215;40 cm<\/strong> para mesas de centro y auxiliares; <strong>60&#215;70 cm<\/strong> para escritorios, mesas de jard\u00edn y mesas de comedor; <strong>80&#215;80 cm<\/strong> para barras, mesas de computadora y oficina. \u00a1Dise\u00f1a tu mesa \u00f3ptima y dale rienda suelta a tu creatividad!<\/p>\t\t\t\t\t\t<\/div>\n\t\t\t\t<\/div>\n\t\t\t\t<div class=\"elementor-element elementor-element-87d1786 elementor-widget-divider--view-line elementor-widget elementor-widget-divider\" data-id=\"87d1786\" data-element_type=\"widget\" data-widget_type=\"divider.default\">\n\t\t\t\t<div class=\"elementor-widget-container\">\n\t\t\t<style>\/*! elementor - v3.23.0 - 25-07-2024 *\/\n.elementor-widget-divider{--divider-border-style:none;--divider-border-width:1px;--divider-color:#0c0d0e;--divider-icon-size:20px;--divider-element-spacing:10px;--divider-pattern-height:24px;--divider-pattern-size:20px;--divider-pattern-url:none;--divider-pattern-repeat:repeat-x}.elementor-widget-divider .elementor-divider{display:flex}.elementor-widget-divider .elementor-divider__text{font-size:15px;line-height:1;max-width:95%}.elementor-widget-divider .elementor-divider__element{margin:0 var(--divider-element-spacing);flex-shrink:0}.elementor-widget-divider .elementor-icon{font-size:var(--divider-icon-size)}.elementor-widget-divider .elementor-divider-separator{display:flex;margin:0;direction:ltr}.elementor-widget-divider--view-line_icon .elementor-divider-separator,.elementor-widget-divider--view-line_text .elementor-divider-separator{align-items:center}.elementor-widget-divider--view-line_icon .elementor-divider-separator:after,.elementor-widget-divider--view-line_icon .elementor-divider-separator:before,.elementor-widget-divider--view-line_text .elementor-divider-separator:after,.elementor-widget-divider--view-line_text .elementor-divider-separator:before{display:block;content:\"\";border-block-end:0;flex-grow:1;border-block-start:var(--divider-border-width) var(--divider-border-style) var(--divider-color)}.elementor-widget-divider--element-align-left .elementor-divider .elementor-divider-separator>.elementor-divider__svg:first-of-type{flex-grow:0;flex-shrink:100}.elementor-widget-divider--element-align-left .elementor-divider-separator:before{content:none}.elementor-widget-divider--element-align-left .elementor-divider__element{margin-left:0}.elementor-widget-divider--element-align-right .elementor-divider .elementor-divider-separator>.elementor-divider__svg:last-of-type{flex-grow:0;flex-shrink:100}.elementor-widget-divider--element-align-right .elementor-divider-separator:after{content:none}.elementor-widget-divider--element-align-right .elementor-divider__element{margin-right:0}.elementor-widget-divider--element-align-start .elementor-divider .elementor-divider-separator>.elementor-divider__svg:first-of-type{flex-grow:0;flex-shrink:100}.elementor-widget-divider--element-align-start .elementor-divider-separator:before{content:none}.elementor-widget-divider--element-align-start .elementor-divider__element{margin-inline-start:0}.elementor-widget-divider--element-align-end .elementor-divider .elementor-divider-separator>.elementor-divider__svg:last-of-type{flex-grow:0;flex-shrink:100}.elementor-widget-divider--element-align-end .elementor-divider-separator:after{content:none}.elementor-widget-divider--element-align-end .elementor-divider__element{margin-inline-end:0}.elementor-widget-divider:not(.elementor-widget-divider--view-line_text):not(.elementor-widget-divider--view-line_icon) .elementor-divider-separator{border-block-start:var(--divider-border-width) var(--divider-border-style) var(--divider-color)}.elementor-widget-divider--separator-type-pattern{--divider-border-style:none}.elementor-widget-divider--separator-type-pattern.elementor-widget-divider--view-line .elementor-divider-separator,.elementor-widget-divider--separator-type-pattern:not(.elementor-widget-divider--view-line) .elementor-divider-separator:after,.elementor-widget-divider--separator-type-pattern:not(.elementor-widget-divider--view-line) .elementor-divider-separator:before,.elementor-widget-divider--separator-type-pattern:not([class*=elementor-widget-divider--view]) .elementor-divider-separator{width:100%;min-height:var(--divider-pattern-height);-webkit-mask-size:var(--divider-pattern-size) 100%;mask-size:var(--divider-pattern-size) 100%;-webkit-mask-repeat:var(--divider-pattern-repeat);mask-repeat:var(--divider-pattern-repeat);background-color:var(--divider-color);-webkit-mask-image:var(--divider-pattern-url);mask-image:var(--divider-pattern-url)}.elementor-widget-divider--no-spacing{--divider-pattern-size:auto}.elementor-widget-divider--bg-round{--divider-pattern-repeat:round}.rtl .elementor-widget-divider .elementor-divider__text{direction:rtl}.e-con-inner>.elementor-widget-divider,.e-con>.elementor-widget-divider{width:var(--container-widget-width,100%);--flex-grow:var(--container-widget-flex-grow)}<\/style>\t\t<div class=\"elementor-divider\">\n\t\t\t<span class=\"elementor-divider-separator\">\n\t\t\t\t\t\t<\/span>\n\t\t<\/div>\n\t\t\t\t<\/div>\n\t\t\t\t<\/div>\n\t\t\t\t<div class=\"elementor-element elementor-element-1b25101 elementor-widget elementor-widget-image\" data-id=\"1b25101\" data-element_type=\"widget\" data-widget_type=\"image.default\">\n\t\t\t\t<div class=\"elementor-widget-container\">\n\t\t\t<style>\/*! elementor - v3.23.0 - 25-07-2024 *\/\n.elementor-widget-image{text-align:center}.elementor-widget-image a{display:inline-block}.elementor-widget-image a img[src$=\".svg\"]{width:48px}.elementor-widget-image img{vertical-align:middle;display:inline-block}<\/style>\t\t\t\t\t\t\t\t\t\t<img decoding=\"async\" width=\"150\" height=\"150\" src=\"https:\/\/www.tischbein-metall.de\/wp-content\/uploads\/2022\/10\/eu-flag-circle-150x150.png\" class=\"attachment-thumbnail size-thumbnail wp-image-13391\" alt=\"\" srcset=\"https:\/\/www.tischbein-metall.de\/wp-content\/uploads\/2022\/10\/eu-flag-circle-150x150.png 150w, https:\/\/www.tischbein-metall.de\/wp-content\/uploads\/2022\/10\/eu-flag-circle-570x570.png 570w, https:\/\/www.tischbein-metall.de\/wp-content\/uploads\/2022\/10\/eu-flag-circle-130x130.png 130w, https:\/\/www.tischbein-metall.de\/wp-content\/uploads\/2022\/10\/eu-flag-circle-600x600.png 600w, https:\/\/www.tischbein-metall.de\/wp-content\/uploads\/2022\/10\/eu-flag-circle-300x300.png 300w, https:\/\/www.tischbein-metall.de\/wp-content\/uploads\/2022\/10\/eu-flag-circle-1024x1024.png 1024w, https:\/\/www.tischbein-metall.de\/wp-content\/uploads\/2022\/10\/eu-flag-circle-768x768.png 768w, https:\/\/www.tischbein-metall.de\/wp-content\/uploads\/2022\/10\/eu-flag-circle-12x12.png 12w, https:\/\/www.tischbein-metall.de\/wp-content\/uploads\/2022\/10\/eu-flag-circle.png 1280w\" sizes=\"(max-width: 150px) 100vw, 150px\" \/>\t\t\t\t\t\t\t\t\t\t\t\t\t<\/div>\n\t\t\t\t<\/div>\n\t\t\t\t\t<\/div>\n\t\t<\/div>\n\t\t\t\t\t<\/div>\n\t\t<\/section>\n\t\t\t\t<\/div>\n\t\t","protected":false},"excerpt":{"rendered":"<table class=\"greyGridTable\">\n<tbody>\n<tr>\n<td><img decoding=\"async\" src=\"\/wp-content\/uploads\/2025\/01\/icons-noggi_diseno-atemporal_blk.svg\" alt=\"Icono que muestra una l\u00ednea estilizada que simboliza un dise\u00f1o minimalista y atemporal\" width=\"70\" height=\"70\" \/><\/td>\n<td><b>Dise\u00f1o atemporal:<\/b><br \/> Elegante y adecuado para cualquier interior<\/td>\n<td><img decoding=\"async\" src=\"\/wp-content\/uploads\/2025\/01\/icons-noggi_ajuste-versatil_blk.svg\" alt=\"Icono que muestra una l\u00ednea ajustable que simboliza la versatilidad de adaptaci\u00f3n\" width=\"70\" height=\"70\" \/><\/td>\n<td><b>Ajuste vers\u00e1til:<\/b><br \/> Compatible con cualquier tablero de mesa<\/td>\n<\/tr>\n<tr>\n<td><img loading=\"lazy\" decoding=\"async\" src=\"\/wp-content\/uploads\/2025\/01\/icons-noggi_con-recubrimiento-en-polvo_blk.svg\" alt=\"Icono que muestra un aerosol que simboliza un revestimiento de polvo de alta calidad para mayor protecci\u00f3n y dise\u00f1o moderno\" width=\"70\" height=\"70\" \/><\/td>\n<td><b>Revestimiento en polvo:<\/b><br \/> Protege contra el \u00f3xido, con un dise\u00f1o moderno<\/td>\n<td><img loading=\"lazy\" decoding=\"async\" src=\"\/wp-content\/uploads\/2025\/01\/icons-noggi_interior-exterior_blk.svg\" alt=\"Icono que muestra una casa y un \u00e1rbol que simbolizan el uso vers\u00e1til en interiores y exteriores\" width=\"70\" height=\"70\" \/><\/td>\n<td><b>Interior y exterior:<\/b><br \/> Duradero y resistente a la intemperie<\/td>\n<\/tr>\n<tr>\n<td><img loading=\"lazy\" decoding=\"async\" src=\"\/wp-content\/uploads\/2025\/01\/icons-noggi_respetuoso-con-el-suelo_blk.svg\" alt=\"Icono que simboliza bases de mesa cuidadosas con el suelo e integradas con protecci\u00f3n para superficies delicadas\" width=\"70\" height=\"70\" \/><\/td>\n<td><b>Protecci\u00f3n del suelo:<\/b><br \/> Cuida las superficies delicadas<\/td>\n<td><img loading=\"lazy\" decoding=\"async\" src=\"\/wp-content\/uploads\/2025\/01\/icons-noggi_montaje-sin-esfuerzo_blk.svg\" alt=\"Icono que muestra una llave inglesa que simboliza un montaje f\u00e1cil y sin esfuerzo\" width=\"70\" height=\"70\" \/><\/td>\n<td><b>Montaje sencillo:<\/b><br \/> F\u00e1cil de montar gracias a los orificios pretaladrados<\/td>\n<\/tr>\n<\/tbody>\n<\/table>\n","protected":false},"featured_media":13711,"comment_status":"open","ping_status":"closed","template":"","meta":{"_acf_changed":false,"inline_featured_image":false},"product_cat":[213,214],"product_tag":[],"class_list":{"0":"post-14100","1":"product","2":"type-product","3":"status-publish","4":"has-post-thumbnail","6":"product_cat-patas-de-mesa","7":"product_cat-formas-en-x","8":"pa_farbe-negro-mate","9":"pa_farbe-antracita","10":"pa_groesse-36cm-x-40cm-es","11":"pa_groesse-66cm-x-70cm-es","12":"pa_groesse-86cm-x-80cm-es","14":"first","15":"instock","16":"sale","17":"taxable","18":"shipping-taxable","19":"purchasable","20":"product-type-variable","21":"has-default-attributes"},"acf":[],"yoast_head":"<!-- This site is optimized with the Yoast SEO plugin v25.3 - https:\/\/yoast.com\/wordpress\/plugins\/seo\/ -->\n<title>Conjunto de 2 Patas de Mesa en Forma de X | Tischbein-Metall<\/title>\n<meta name=\"description\" content=\"Patas de mesa en forma de X \u2013 Su experto en pies de mesa met\u00e1licos \u2714\ufe0f Fabricado en Europa \u2714\ufe0f Calidad superior \u2714\ufe0f Env\u00edo r\u00e1pido y gratuito\" \/>\n<meta name=\"robots\" content=\"index, follow, max-snippet:-1, max-image-preview:large, max-video-preview:-1\" \/>\n<link rel=\"canonical\" href=\"https:\/\/www.tischbein-metall.de\/es\/producto\/conjunto-de-2-patas-de-mesa-en-forma-de-x-de-metal\/\" \/>\n<meta property=\"og:locale\" content=\"es_ES\" \/>\n<meta property=\"og:type\" content=\"article\" \/>\n<meta property=\"og:title\" content=\"Conjunto de 2 Patas de Mesa en Forma de X | Tischbein-Metall\" \/>\n<meta property=\"og:description\" content=\"Patas de mesa en forma de X \u2013 Su experto en pies de mesa met\u00e1licos \u2714\ufe0f Fabricado en Europa \u2714\ufe0f Calidad superior \u2714\ufe0f Env\u00edo r\u00e1pido y gratuito\" \/>\n<meta property=\"og:url\" content=\"https:\/\/www.tischbein-metall.de\/es\/producto\/conjunto-de-2-patas-de-mesa-en-forma-de-x-de-metal\/\" \/>\n<meta property=\"og:site_name\" content=\"Su experto en patas de mesa met\u00e1licas\" \/>\n<meta property=\"article:modified_time\" content=\"2026-02-02T22:05:29+00:00\" \/>\n<meta property=\"og:image\" content=\"https:\/\/www.tischbein-metall.de\/wp-content\/uploads\/2023\/07\/pata-de-mesa-forma-x-imagen-principal.jpg\" \/>\n\t<meta property=\"og:image:width\" content=\"2400\" \/>\n\t<meta property=\"og:image:height\" content=\"2400\" \/>\n\t<meta property=\"og:image:type\" content=\"image\/jpeg\" \/>\n<meta name=\"twitter:card\" content=\"summary_large_image\" \/>\n<meta name=\"twitter:label1\" content=\"Tiempo de lectura\" \/>\n\t<meta name=\"twitter:data1\" content=\"2 minutos\" \/>\n<script type=\"application\/ld+json\" class=\"yoast-schema-graph\">{\"@context\":\"https:\/\/schema.org\",\"@graph\":[{\"@type\":\"WebPage\",\"@id\":\"https:\/\/www.tischbein-metall.de\/es\/producto\/conjunto-de-2-patas-de-mesa-en-forma-de-x-de-metal\/\",\"url\":\"https:\/\/www.tischbein-metall.de\/es\/producto\/conjunto-de-2-patas-de-mesa-en-forma-de-x-de-metal\/\",\"name\":\"Conjunto de 2 Patas de Mesa en Forma de X | Tischbein-Metall\",\"isPartOf\":{\"@id\":\"https:\/\/www.tischbein-metall.de\/#website\"},\"primaryImageOfPage\":{\"@id\":\"https:\/\/www.tischbein-metall.de\/es\/producto\/conjunto-de-2-patas-de-mesa-en-forma-de-x-de-metal\/#primaryimage\"},\"image\":{\"@id\":\"https:\/\/www.tischbein-metall.de\/es\/producto\/conjunto-de-2-patas-de-mesa-en-forma-de-x-de-metal\/#primaryimage\"},\"thumbnailUrl\":\"https:\/\/www.tischbein-metall.de\/wp-content\/uploads\/2023\/07\/pata-de-mesa-forma-x-imagen-principal.jpg\",\"datePublished\":\"2022-10-26T09:22:06+00:00\",\"dateModified\":\"2026-02-02T22:05:29+00:00\",\"description\":\"Patas de mesa en forma de X \u2013 Su experto en pies de mesa met\u00e1licos \u2714\ufe0f Fabricado en Europa \u2714\ufe0f Calidad superior \u2714\ufe0f Env\u00edo r\u00e1pido y gratuito\",\"breadcrumb\":{\"@id\":\"https:\/\/www.tischbein-metall.de\/es\/producto\/conjunto-de-2-patas-de-mesa-en-forma-de-x-de-metal\/#breadcrumb\"},\"inLanguage\":\"es\",\"potentialAction\":[{\"@type\":\"ReadAction\",\"target\":[\"https:\/\/www.tischbein-metall.de\/es\/producto\/conjunto-de-2-patas-de-mesa-en-forma-de-x-de-metal\/\"]}]},{\"@type\":\"ImageObject\",\"inLanguage\":\"es\",\"@id\":\"https:\/\/www.tischbein-metall.de\/es\/producto\/conjunto-de-2-patas-de-mesa-en-forma-de-x-de-metal\/#primaryimage\",\"url\":\"https:\/\/www.tischbein-metall.de\/wp-content\/uploads\/2023\/07\/pata-de-mesa-forma-x-imagen-principal.jpg\",\"contentUrl\":\"https:\/\/www.tischbein-metall.de\/wp-content\/uploads\/2023\/07\/pata-de-mesa-forma-x-imagen-principal.jpg\",\"width\":2400,\"height\":2400,\"caption\":\"Imagen de ambiente de grupo de mesa de comedor en cocina con patas en forma de X en negro\"},{\"@type\":\"BreadcrumbList\",\"@id\":\"https:\/\/www.tischbein-metall.de\/es\/producto\/conjunto-de-2-patas-de-mesa-en-forma-de-x-de-metal\/#breadcrumb\",\"itemListElement\":[{\"@type\":\"ListItem\",\"position\":1,\"name\":\"P\u00e1gina de inicio\",\"item\":\"https:\/\/www.tischbein-metall.de\/es\/\"},{\"@type\":\"ListItem\",\"position\":2,\"name\":\"Productos\",\"item\":\"https:\/\/www.tischbein-metall.de\/es\/productos\/\"},{\"@type\":\"ListItem\",\"position\":3,\"name\":\"Conjunto de 2 patas de mesa en forma de X de metal\"}]},{\"@type\":\"WebSite\",\"@id\":\"https:\/\/www.tischbein-metall.de\/#website\",\"url\":\"https:\/\/www.tischbein-metall.de\/\",\"name\":\"Su experto en patas de mesa met\u00e1licas\",\"description\":\"\",\"potentialAction\":[{\"@type\":\"SearchAction\",\"target\":{\"@type\":\"EntryPoint\",\"urlTemplate\":\"https:\/\/www.tischbein-metall.de\/?s={search_term_string}\"},\"query-input\":{\"@type\":\"PropertyValueSpecification\",\"valueRequired\":true,\"valueName\":\"search_term_string\"}}],\"inLanguage\":\"es\"}]}<\/script>\n<!-- \/ Yoast SEO plugin. -->","yoast_head_json":{"title":"Conjunto de 2 Patas de Mesa en Forma de X | Tischbein-Metall","description":"Patas de mesa en forma de X \u2013 Su experto en pies de mesa met\u00e1licos \u2714\ufe0f Fabricado en Europa \u2714\ufe0f Calidad superior \u2714\ufe0f Env\u00edo r\u00e1pido y gratuito","robots":{"index":"index","follow":"follow","max-snippet":"max-snippet:-1","max-image-preview":"max-image-preview:large","max-video-preview":"max-video-preview:-1"},"canonical":"https:\/\/www.tischbein-metall.de\/es\/producto\/conjunto-de-2-patas-de-mesa-en-forma-de-x-de-metal\/","og_locale":"es_ES","og_type":"article","og_title":"Conjunto de 2 Patas de Mesa en Forma de X | Tischbein-Metall","og_description":"Patas de mesa en forma de X \u2013 Su experto en pies de mesa met\u00e1licos \u2714\ufe0f Fabricado en Europa \u2714\ufe0f Calidad superior \u2714\ufe0f Env\u00edo r\u00e1pido y gratuito","og_url":"https:\/\/www.tischbein-metall.de\/es\/producto\/conjunto-de-2-patas-de-mesa-en-forma-de-x-de-metal\/","og_site_name":"Su experto en patas de mesa met\u00e1licas","article_modified_time":"2026-02-02T22:05:29+00:00","og_image":[{"width":2400,"height":2400,"url":"https:\/\/www.tischbein-metall.de\/wp-content\/uploads\/2023\/07\/pata-de-mesa-forma-x-imagen-principal.jpg","type":"image\/jpeg"}],"twitter_card":"summary_large_image","twitter_misc":{"Tiempo de lectura":"2 minutos"},"schema":{"@context":"https:\/\/schema.org","@graph":[{"@type":"WebPage","@id":"https:\/\/www.tischbein-metall.de\/es\/producto\/conjunto-de-2-patas-de-mesa-en-forma-de-x-de-metal\/","url":"https:\/\/www.tischbein-metall.de\/es\/producto\/conjunto-de-2-patas-de-mesa-en-forma-de-x-de-metal\/","name":"Conjunto de 2 Patas de Mesa en Forma de X | Tischbein-Metall","isPartOf":{"@id":"https:\/\/www.tischbein-metall.de\/#website"},"primaryImageOfPage":{"@id":"https:\/\/www.tischbein-metall.de\/es\/producto\/conjunto-de-2-patas-de-mesa-en-forma-de-x-de-metal\/#primaryimage"},"image":{"@id":"https:\/\/www.tischbein-metall.de\/es\/producto\/conjunto-de-2-patas-de-mesa-en-forma-de-x-de-metal\/#primaryimage"},"thumbnailUrl":"https:\/\/www.tischbein-metall.de\/wp-content\/uploads\/2023\/07\/pata-de-mesa-forma-x-imagen-principal.jpg","datePublished":"2022-10-26T09:22:06+00:00","dateModified":"2026-02-02T22:05:29+00:00","description":"Patas de mesa en forma de X \u2013 Su experto en pies de mesa met\u00e1licos \u2714\ufe0f Fabricado en Europa \u2714\ufe0f Calidad superior \u2714\ufe0f Env\u00edo r\u00e1pido y gratuito","breadcrumb":{"@id":"https:\/\/www.tischbein-metall.de\/es\/producto\/conjunto-de-2-patas-de-mesa-en-forma-de-x-de-metal\/#breadcrumb"},"inLanguage":"es","potentialAction":[{"@type":"ReadAction","target":["https:\/\/www.tischbein-metall.de\/es\/producto\/conjunto-de-2-patas-de-mesa-en-forma-de-x-de-metal\/"]}]},{"@type":"ImageObject","inLanguage":"es","@id":"https:\/\/www.tischbein-metall.de\/es\/producto\/conjunto-de-2-patas-de-mesa-en-forma-de-x-de-metal\/#primaryimage","url":"https:\/\/www.tischbein-metall.de\/wp-content\/uploads\/2023\/07\/pata-de-mesa-forma-x-imagen-principal.jpg","contentUrl":"https:\/\/www.tischbein-metall.de\/wp-content\/uploads\/2023\/07\/pata-de-mesa-forma-x-imagen-principal.jpg","width":2400,"height":2400,"caption":"Imagen de ambiente de grupo de mesa de comedor en cocina con patas en forma de X en negro"},{"@type":"BreadcrumbList","@id":"https:\/\/www.tischbein-metall.de\/es\/producto\/conjunto-de-2-patas-de-mesa-en-forma-de-x-de-metal\/#breadcrumb","itemListElement":[{"@type":"ListItem","position":1,"name":"P\u00e1gina de inicio","item":"https:\/\/www.tischbein-metall.de\/es\/"},{"@type":"ListItem","position":2,"name":"Productos","item":"https:\/\/www.tischbein-metall.de\/es\/productos\/"},{"@type":"ListItem","position":3,"name":"Conjunto de 2 patas de mesa en forma de X de metal"}]},{"@type":"WebSite","@id":"https:\/\/www.tischbein-metall.de\/#website","url":"https:\/\/www.tischbein-metall.de\/","name":"Su experto en patas de mesa met\u00e1licas","description":"","potentialAction":[{"@type":"SearchAction","target":{"@type":"EntryPoint","urlTemplate":"https:\/\/www.tischbein-metall.de\/?s={search_term_string}"},"query-input":{"@type":"PropertyValueSpecification","valueRequired":true,"valueName":"search_term_string"}}],"inLanguage":"es"}]}},"_links":{"self":[{"href":"https:\/\/www.tischbein-metall.de\/es\/wp-json\/wp\/v2\/product\/14100","targetHints":{"allow":["GET"]}}],"collection":[{"href":"https:\/\/www.tischbein-metall.de\/es\/wp-json\/wp\/v2\/product"}],"about":[{"href":"https:\/\/www.tischbein-metall.de\/es\/wp-json\/wp\/v2\/types\/product"}],"replies":[{"embeddable":true,"href":"https:\/\/www.tischbein-metall.de\/es\/wp-json\/wp\/v2\/comments?post=14100"}],"version-history":[{"count":13,"href":"https:\/\/www.tischbein-metall.de\/es\/wp-json\/wp\/v2\/product\/14100\/revisions"}],"predecessor-version":[{"id":34345,"href":"https:\/\/www.tischbein-metall.de\/es\/wp-json\/wp\/v2\/product\/14100\/revisions\/34345"}],"wp:featuredmedia":[{"embeddable":true,"href":"https:\/\/www.tischbein-metall.de\/es\/wp-json\/wp\/v2\/media\/13711"}],"wp:attachment":[{"href":"https:\/\/www.tischbein-metall.de\/es\/wp-json\/wp\/v2\/media?parent=14100"}],"wp:term":[{"taxonomy":"product_cat","embeddable":true,"href":"https:\/\/www.tischbein-metall.de\/es\/wp-json\/wp\/v2\/product_cat?post=14100"},{"taxonomy":"product_tag","embeddable":true,"href":"https:\/\/www.tischbein-metall.de\/es\/wp-json\/wp\/v2\/product_tag?post=14100"}],"curies":[{"name":"wp","href":"https:\/\/api.w.org\/{rel}","templated":true}]}}