{"id":17315,"date":"2023-10-19T19:20:22","date_gmt":"2023-10-19T17:20:22","guid":{"rendered":"https:\/\/www.tischbein-metall.de\/?post_type=product&#038;p=17315"},"modified":"2025-04-26T07:48:33","modified_gmt":"2025-04-26T05:48:33","slug":"estante-para-lena","status":"publish","type":"product","link":"https:\/\/www.tischbein-metall.de\/es\/producto\/estante-para-lena\/","title":{"rendered":"Estante para le\u00f1a"},"content":{"rendered":"\t\t<div data-elementor-type=\"wp-post\" data-elementor-id=\"17315\" class=\"elementor elementor-17315 elementor-17215\">\n\t\t\t\t\t\t<section class=\"elementor-section elementor-top-section elementor-element elementor-element-eb2635a elementor-section-boxed elementor-section-height-default elementor-section-height-default\" data-id=\"eb2635a\" data-element_type=\"section\">\n\t\t\t\t\t\t<div class=\"elementor-container elementor-column-gap-default\">\n\t\t\t\t\t<div class=\"elementor-column elementor-col-100 elementor-top-column elementor-element elementor-element-f1f0e68\" data-id=\"f1f0e68\" data-element_type=\"column\">\n\t\t\t<div class=\"elementor-widget-wrap elementor-element-populated\">\n\t\t\t\t\t\t<div class=\"elementor-element elementor-element-43475dd elementor-widget elementor-widget-text-editor\" data-id=\"43475dd\" data-element_type=\"widget\" data-widget_type=\"text-editor.default\">\n\t\t\t\t<div class=\"elementor-widget-container\">\n\t\t\t<style>\/*! elementor - v3.23.0 - 25-07-2024 *\/\n.elementor-widget-text-editor.elementor-drop-cap-view-stacked .elementor-drop-cap{background-color:#69727d;color:#fff}.elementor-widget-text-editor.elementor-drop-cap-view-framed .elementor-drop-cap{color:#69727d;border:3px solid;background-color:transparent}.elementor-widget-text-editor:not(.elementor-drop-cap-view-default) .elementor-drop-cap{margin-top:8px}.elementor-widget-text-editor:not(.elementor-drop-cap-view-default) .elementor-drop-cap-letter{width:1em;height:1em}.elementor-widget-text-editor .elementor-drop-cap{float:left;text-align:center;line-height:1;font-size:50px}.elementor-widget-text-editor .elementor-drop-cap-letter{display:inline-block}<\/style>\t\t\t\t<p>Nuestro <b>estante met\u00e1lico para le\u00f1a<\/b> es la soluci\u00f3n perfecta para almacenar le\u00f1a, ya sea en interiores o exteriores. Fabricado en acero con recubrimiento en polvo, este vers\u00e1til estante para le\u00f1a es resistente y resistente a la corrosi\u00f3n, lo que lo convierte en un soporte ideal para la le\u00f1a en cualquier clima. Con tres opciones de tama\u00f1o diferentes (<b>25x25x130cm<\/b>, <b>60x25x100cm<\/b>, <b>40x30x100cm<\/b>), es f\u00e1cil encontrar el modelo adecuado para sus necesidades.<\/p>\n<p>Nuestro <b>estante para le\u00f1a<\/b> combina funci\u00f3n y est\u00e9tica, ya que no solo sirve como una pr\u00e1ctica <b>ayuda para apilar la le\u00f1a<\/b>, sino que tambi\u00e9n presenta un dise\u00f1o moderno y discreto. Como <b>soporte confiable para la le\u00f1a<\/b>, asegura que su le\u00f1a est\u00e9 siempre al alcance y apilada de manera ordenada, para que pueda disfrutar de noches acogedoras junto a la chimenea.<\/p>\n<p>Nuestros <b>estantes para le\u00f1a<\/b> no solo son extremadamente pr\u00e1cticos, sino tambi\u00e9n duraderos y f\u00e1ciles de mantener. Con un estante de le\u00f1a de acero con recubrimiento en polvo, est\u00e1 invirtiendo en una soluci\u00f3n duradera para almacenar su le\u00f1a.<\/p>\n\t\t\t\t\t\t<\/div>\n\t\t\t\t<\/div>\n\t\t\t\t\t<\/div>\n\t\t<\/div>\n\t\t\t\t\t<\/div>\n\t\t<\/section>\n\t\t\t\t<section class=\"elementor-section elementor-top-section elementor-element elementor-element-9658d7d elementor-section-boxed elementor-section-height-default elementor-section-height-default\" data-id=\"9658d7d\" data-element_type=\"section\">\n\t\t\t\t\t\t<div class=\"elementor-container elementor-column-gap-default\">\n\t\t\t\t\t<div class=\"elementor-column elementor-col-100 elementor-top-column elementor-element elementor-element-f84a8b5\" data-id=\"f84a8b5\" data-element_type=\"column\">\n\t\t\t<div class=\"elementor-widget-wrap elementor-element-populated\">\n\t\t\t\t\t\t<div class=\"elementor-element elementor-element-a64d52e elementor-widget-divider--view-line elementor-widget elementor-widget-divider\" data-id=\"a64d52e\" data-element_type=\"widget\" data-widget_type=\"divider.default\">\n\t\t\t\t<div class=\"elementor-widget-container\">\n\t\t\t<style>\/*! elementor - v3.23.0 - 25-07-2024 *\/\n.elementor-widget-divider{--divider-border-style:none;--divider-border-width:1px;--divider-color:#0c0d0e;--divider-icon-size:20px;--divider-element-spacing:10px;--divider-pattern-height:24px;--divider-pattern-size:20px;--divider-pattern-url:none;--divider-pattern-repeat:repeat-x}.elementor-widget-divider .elementor-divider{display:flex}.elementor-widget-divider .elementor-divider__text{font-size:15px;line-height:1;max-width:95%}.elementor-widget-divider .elementor-divider__element{margin:0 var(--divider-element-spacing);flex-shrink:0}.elementor-widget-divider .elementor-icon{font-size:var(--divider-icon-size)}.elementor-widget-divider .elementor-divider-separator{display:flex;margin:0;direction:ltr}.elementor-widget-divider--view-line_icon .elementor-divider-separator,.elementor-widget-divider--view-line_text .elementor-divider-separator{align-items:center}.elementor-widget-divider--view-line_icon .elementor-divider-separator:after,.elementor-widget-divider--view-line_icon .elementor-divider-separator:before,.elementor-widget-divider--view-line_text .elementor-divider-separator:after,.elementor-widget-divider--view-line_text .elementor-divider-separator:before{display:block;content:\"\";border-block-end:0;flex-grow:1;border-block-start:var(--divider-border-width) var(--divider-border-style) var(--divider-color)}.elementor-widget-divider--element-align-left .elementor-divider .elementor-divider-separator>.elementor-divider__svg:first-of-type{flex-grow:0;flex-shrink:100}.elementor-widget-divider--element-align-left .elementor-divider-separator:before{content:none}.elementor-widget-divider--element-align-left .elementor-divider__element{margin-left:0}.elementor-widget-divider--element-align-right .elementor-divider .elementor-divider-separator>.elementor-divider__svg:last-of-type{flex-grow:0;flex-shrink:100}.elementor-widget-divider--element-align-right .elementor-divider-separator:after{content:none}.elementor-widget-divider--element-align-right .elementor-divider__element{margin-right:0}.elementor-widget-divider--element-align-start .elementor-divider .elementor-divider-separator>.elementor-divider__svg:first-of-type{flex-grow:0;flex-shrink:100}.elementor-widget-divider--element-align-start .elementor-divider-separator:before{content:none}.elementor-widget-divider--element-align-start .elementor-divider__element{margin-inline-start:0}.elementor-widget-divider--element-align-end .elementor-divider .elementor-divider-separator>.elementor-divider__svg:last-of-type{flex-grow:0;flex-shrink:100}.elementor-widget-divider--element-align-end .elementor-divider-separator:after{content:none}.elementor-widget-divider--element-align-end .elementor-divider__element{margin-inline-end:0}.elementor-widget-divider:not(.elementor-widget-divider--view-line_text):not(.elementor-widget-divider--view-line_icon) .elementor-divider-separator{border-block-start:var(--divider-border-width) var(--divider-border-style) var(--divider-color)}.elementor-widget-divider--separator-type-pattern{--divider-border-style:none}.elementor-widget-divider--separator-type-pattern.elementor-widget-divider--view-line .elementor-divider-separator,.elementor-widget-divider--separator-type-pattern:not(.elementor-widget-divider--view-line) .elementor-divider-separator:after,.elementor-widget-divider--separator-type-pattern:not(.elementor-widget-divider--view-line) .elementor-divider-separator:before,.elementor-widget-divider--separator-type-pattern:not([class*=elementor-widget-divider--view]) .elementor-divider-separator{width:100%;min-height:var(--divider-pattern-height);-webkit-mask-size:var(--divider-pattern-size) 100%;mask-size:var(--divider-pattern-size) 100%;-webkit-mask-repeat:var(--divider-pattern-repeat);mask-repeat:var(--divider-pattern-repeat);background-color:var(--divider-color);-webkit-mask-image:var(--divider-pattern-url);mask-image:var(--divider-pattern-url)}.elementor-widget-divider--no-spacing{--divider-pattern-size:auto}.elementor-widget-divider--bg-round{--divider-pattern-repeat:round}.rtl .elementor-widget-divider .elementor-divider__text{direction:rtl}.e-con-inner>.elementor-widget-divider,.e-con>.elementor-widget-divider{width:var(--container-widget-width,100%);--flex-grow:var(--container-widget-flex-grow)}<\/style>\t\t<div class=\"elementor-divider\">\n\t\t\t<span class=\"elementor-divider-separator\">\n\t\t\t\t\t\t<\/span>\n\t\t<\/div>\n\t\t\t\t<\/div>\n\t\t\t\t<\/div>\n\t\t\t\t\t<\/div>\n\t\t<\/div>\n\t\t\t\t\t<\/div>\n\t\t<\/section>\n\t\t\t\t<section class=\"elementor-section elementor-top-section elementor-element elementor-element-2c9938e elementor-section-boxed elementor-section-height-default elementor-section-height-default\" data-id=\"2c9938e\" data-element_type=\"section\">\n\t\t\t\t\t\t<div class=\"elementor-container elementor-column-gap-default\">\n\t\t\t\t\t<div class=\"elementor-column elementor-col-100 elementor-top-column elementor-element elementor-element-0f79030\" data-id=\"0f79030\" data-element_type=\"column\">\n\t\t\t<div class=\"elementor-widget-wrap elementor-element-populated\">\n\t\t\t\t\t\t<div class=\"elementor-element elementor-element-5429a1a elementor-widget elementor-widget-image\" data-id=\"5429a1a\" data-element_type=\"widget\" data-widget_type=\"image.default\">\n\t\t\t\t<div class=\"elementor-widget-container\">\n\t\t\t<style>\/*! elementor - v3.23.0 - 25-07-2024 *\/\n.elementor-widget-image{text-align:center}.elementor-widget-image a{display:inline-block}.elementor-widget-image a img[src$=\".svg\"]{width:48px}.elementor-widget-image img{vertical-align:middle;display:inline-block}<\/style>\t\t\t\t\t\t\t\t\t\t<img decoding=\"async\" width=\"150\" height=\"150\" src=\"https:\/\/www.tischbein-metall.de\/wp-content\/uploads\/2023\/10\/eu-flag-circle-150x150.png\" class=\"attachment-thumbnail size-thumbnail wp-image-17349\" alt=\"\" srcset=\"https:\/\/www.tischbein-metall.de\/wp-content\/uploads\/2023\/10\/eu-flag-circle-150x150.png 150w, https:\/\/www.tischbein-metall.de\/wp-content\/uploads\/2023\/10\/eu-flag-circle-570x570.png 570w, https:\/\/www.tischbein-metall.de\/wp-content\/uploads\/2023\/10\/eu-flag-circle-130x130.png 130w, https:\/\/www.tischbein-metall.de\/wp-content\/uploads\/2023\/10\/eu-flag-circle-600x600.png 600w, https:\/\/www.tischbein-metall.de\/wp-content\/uploads\/2023\/10\/eu-flag-circle-300x300.png 300w, https:\/\/www.tischbein-metall.de\/wp-content\/uploads\/2023\/10\/eu-flag-circle-1024x1024.png 1024w, https:\/\/www.tischbein-metall.de\/wp-content\/uploads\/2023\/10\/eu-flag-circle-768x768.png 768w, https:\/\/www.tischbein-metall.de\/wp-content\/uploads\/2023\/10\/eu-flag-circle.png 1280w\" sizes=\"(max-width: 150px) 100vw, 150px\" \/>\t\t\t\t\t\t\t\t\t\t\t\t\t<\/div>\n\t\t\t\t<\/div>\n\t\t\t\t\t<\/div>\n\t\t<\/div>\n\t\t\t\t\t<\/div>\n\t\t<\/section>\n\t\t\t\t<\/div>\n\t\t","protected":false},"excerpt":{"rendered":"<p><span style=\"color: green;\">\u2714<\/span> <strong>Acero de alta calidad producido en la UE<\/strong><br \/>\n<span style=\"color: green;\">\u2714<\/span> <strong>Dise\u00f1o atemporal que se integra perfectamente<\/strong><br \/>\n<span style=\"color: green;\">\u2714<\/span> <strong>Env\u00edo diario para una entrega r\u00e1pida<\/strong><br \/>\n<span style=\"color: green;\">\u2714<\/span> <strong>Recubrimiento en polvo elegante para una protecci\u00f3n duradera<\/strong><br \/>\n<span style=\"color: green;\">\u2714<\/span> <strong>Calidad certificada seg\u00fan est\u00e1ndares europeos<\/strong><br \/>\n<span style=\"color: green;\">\u2714<\/span> <strong>Montaje r\u00e1pido y sin esfuerzo<\/strong><\/p>\n<p>Asegure un almacenamiento elegante de su le\u00f1a con nuestro estante met\u00e1lico para le\u00f1a en color negro. Disponible en tres tama\u00f1os diferentes (25x25x130cm, 60x25x100cm, 40x30x100cm), este estante fabricado en acero con recubrimiento en polvo es adecuado tanto para uso en interiores como en exteriores. Su dise\u00f1o sencillo y moderno se integra perfectamente en cualquier entorno sin resultar intrusivo. Mantenga su le\u00f1a organizada y al alcance con este elegante y resistente estante.<\/p>\n","protected":false},"featured_media":18287,"comment_status":"open","ping_status":"closed","template":"","meta":{"_acf_changed":false,"inline_featured_image":false},"product_cat":[592],"product_tag":[],"class_list":{"0":"post-17315","1":"product","2":"type-product","3":"status-publish","4":"has-post-thumbnail","6":"product_cat-estante-para-lena","7":"pa_farbe-negro-mate","8":"pa_groesse-25-cm-x-25-cm-x-130-cm-es","9":"pa_groesse-40-cm-x-30-cm-x-100-cm-es","10":"pa_groesse-60-cm-x-25-cm-x-100-cm-es","12":"first","13":"instock","14":"sale","15":"taxable","16":"shipping-taxable","17":"purchasable","18":"product-type-variable","19":"has-default-attributes"},"acf":[],"yoast_head":"<!-- This site is optimized with the Yoast SEO plugin v25.3 - https:\/\/yoast.com\/wordpress\/plugins\/seo\/ -->\n<title>Estante para le\u00f1a - Su experto en patas de mesa met\u00e1licas<\/title>\n<meta name=\"description\" content=\"Leggio per legna da ardere \u2013 Su experto en pies de mesa met\u00e1licos \u2714\ufe0f Fabricado en Europa \u2714\ufe0f Calidad superior \u2714\ufe0f Env\u00edo r\u00e1pido y gratuitoEstante para le\u00f1a\" \/>\n<meta name=\"robots\" content=\"index, follow, max-snippet:-1, max-image-preview:large, max-video-preview:-1\" \/>\n<link rel=\"canonical\" href=\"https:\/\/www.tischbein-metall.de\/es\/producto\/estante-para-lena\/\" \/>\n<meta property=\"og:locale\" content=\"es_ES\" \/>\n<meta property=\"og:type\" content=\"article\" \/>\n<meta property=\"og:title\" content=\"Estante para le\u00f1a - Su experto en patas de mesa met\u00e1licas\" \/>\n<meta property=\"og:description\" content=\"Leggio per legna da ardere \u2013 Su experto en pies de mesa met\u00e1licos \u2714\ufe0f Fabricado en Europa \u2714\ufe0f Calidad superior \u2714\ufe0f Env\u00edo r\u00e1pido y gratuitoEstante para le\u00f1a\" \/>\n<meta property=\"og:url\" content=\"https:\/\/www.tischbein-metall.de\/es\/producto\/estante-para-lena\/\" \/>\n<meta property=\"og:site_name\" content=\"Su experto en patas de mesa met\u00e1licas\" \/>\n<meta property=\"article:modified_time\" content=\"2025-04-26T05:48:33+00:00\" \/>\n<meta property=\"og:image\" content=\"https:\/\/www.tischbein-metall.de\/wp-content\/uploads\/2023\/10\/soporte-de-madera-vision-general.jpg\" \/>\n\t<meta property=\"og:image:width\" content=\"2400\" \/>\n\t<meta property=\"og:image:height\" content=\"2400\" \/>\n\t<meta property=\"og:image:type\" content=\"image\/jpeg\" \/>\n<meta name=\"twitter:card\" content=\"summary_large_image\" \/>\n<meta name=\"twitter:label1\" content=\"Tiempo de lectura\" \/>\n\t<meta name=\"twitter:data1\" content=\"2 minutos\" \/>\n<script type=\"application\/ld+json\" class=\"yoast-schema-graph\">{\"@context\":\"https:\/\/schema.org\",\"@graph\":[{\"@type\":\"WebPage\",\"@id\":\"https:\/\/www.tischbein-metall.de\/es\/producto\/estante-para-lena\/\",\"url\":\"https:\/\/www.tischbein-metall.de\/es\/producto\/estante-para-lena\/\",\"name\":\"Estante para le\u00f1a - Su experto en patas de mesa met\u00e1licas\",\"isPartOf\":{\"@id\":\"https:\/\/www.tischbein-metall.de\/#website\"},\"primaryImageOfPage\":{\"@id\":\"https:\/\/www.tischbein-metall.de\/es\/producto\/estante-para-lena\/#primaryimage\"},\"image\":{\"@id\":\"https:\/\/www.tischbein-metall.de\/es\/producto\/estante-para-lena\/#primaryimage\"},\"thumbnailUrl\":\"https:\/\/www.tischbein-metall.de\/wp-content\/uploads\/2023\/10\/soporte-de-madera-vision-general.jpg\",\"datePublished\":\"2023-10-19T17:20:22+00:00\",\"dateModified\":\"2025-04-26T05:48:33+00:00\",\"description\":\"Leggio per legna da ardere \u2013 Su experto en pies de mesa met\u00e1licos \u2714\ufe0f Fabricado en Europa \u2714\ufe0f Calidad superior \u2714\ufe0f Env\u00edo r\u00e1pido y gratuitoEstante para le\u00f1a\",\"breadcrumb\":{\"@id\":\"https:\/\/www.tischbein-metall.de\/es\/producto\/estante-para-lena\/#breadcrumb\"},\"inLanguage\":\"es\",\"potentialAction\":[{\"@type\":\"ReadAction\",\"target\":[\"https:\/\/www.tischbein-metall.de\/es\/producto\/estante-para-lena\/\"]}]},{\"@type\":\"ImageObject\",\"inLanguage\":\"es\",\"@id\":\"https:\/\/www.tischbein-metall.de\/es\/producto\/estante-para-lena\/#primaryimage\",\"url\":\"https:\/\/www.tischbein-metall.de\/wp-content\/uploads\/2023\/10\/soporte-de-madera-vision-general.jpg\",\"contentUrl\":\"https:\/\/www.tischbein-metall.de\/wp-content\/uploads\/2023\/10\/soporte-de-madera-vision-general.jpg\",\"width\":2400,\"height\":2400,\"caption\":\"\u00dcbersicht der drei Holzst\u00e4nder\"},{\"@type\":\"BreadcrumbList\",\"@id\":\"https:\/\/www.tischbein-metall.de\/es\/producto\/estante-para-lena\/#breadcrumb\",\"itemListElement\":[{\"@type\":\"ListItem\",\"position\":1,\"name\":\"P\u00e1gina de inicio\",\"item\":\"https:\/\/www.tischbein-metall.de\/es\/\"},{\"@type\":\"ListItem\",\"position\":2,\"name\":\"Productos\",\"item\":\"https:\/\/www.tischbein-metall.de\/es\/productos\/\"},{\"@type\":\"ListItem\",\"position\":3,\"name\":\"Estante para le\u00f1a\"}]},{\"@type\":\"WebSite\",\"@id\":\"https:\/\/www.tischbein-metall.de\/#website\",\"url\":\"https:\/\/www.tischbein-metall.de\/\",\"name\":\"Su experto en patas de mesa met\u00e1licas\",\"description\":\"\",\"potentialAction\":[{\"@type\":\"SearchAction\",\"target\":{\"@type\":\"EntryPoint\",\"urlTemplate\":\"https:\/\/www.tischbein-metall.de\/?s={search_term_string}\"},\"query-input\":{\"@type\":\"PropertyValueSpecification\",\"valueRequired\":true,\"valueName\":\"search_term_string\"}}],\"inLanguage\":\"es\"}]}<\/script>\n<!-- \/ Yoast SEO plugin. -->","yoast_head_json":{"title":"Estante para le\u00f1a - Su experto en patas de mesa met\u00e1licas","description":"Leggio per legna da ardere \u2013 Su experto en pies de mesa met\u00e1licos \u2714\ufe0f Fabricado en Europa \u2714\ufe0f Calidad superior \u2714\ufe0f Env\u00edo r\u00e1pido y gratuitoEstante para le\u00f1a","robots":{"index":"index","follow":"follow","max-snippet":"max-snippet:-1","max-image-preview":"max-image-preview:large","max-video-preview":"max-video-preview:-1"},"canonical":"https:\/\/www.tischbein-metall.de\/es\/producto\/estante-para-lena\/","og_locale":"es_ES","og_type":"article","og_title":"Estante para le\u00f1a - Su experto en patas de mesa met\u00e1licas","og_description":"Leggio per legna da ardere \u2013 Su experto en pies de mesa met\u00e1licos \u2714\ufe0f Fabricado en Europa \u2714\ufe0f Calidad superior \u2714\ufe0f Env\u00edo r\u00e1pido y gratuitoEstante para le\u00f1a","og_url":"https:\/\/www.tischbein-metall.de\/es\/producto\/estante-para-lena\/","og_site_name":"Su experto en patas de mesa met\u00e1licas","article_modified_time":"2025-04-26T05:48:33+00:00","og_image":[{"width":2400,"height":2400,"url":"https:\/\/www.tischbein-metall.de\/wp-content\/uploads\/2023\/10\/soporte-de-madera-vision-general.jpg","type":"image\/jpeg"}],"twitter_card":"summary_large_image","twitter_misc":{"Tiempo de lectura":"2 minutos"},"schema":{"@context":"https:\/\/schema.org","@graph":[{"@type":"WebPage","@id":"https:\/\/www.tischbein-metall.de\/es\/producto\/estante-para-lena\/","url":"https:\/\/www.tischbein-metall.de\/es\/producto\/estante-para-lena\/","name":"Estante para le\u00f1a - Su experto en patas de mesa met\u00e1licas","isPartOf":{"@id":"https:\/\/www.tischbein-metall.de\/#website"},"primaryImageOfPage":{"@id":"https:\/\/www.tischbein-metall.de\/es\/producto\/estante-para-lena\/#primaryimage"},"image":{"@id":"https:\/\/www.tischbein-metall.de\/es\/producto\/estante-para-lena\/#primaryimage"},"thumbnailUrl":"https:\/\/www.tischbein-metall.de\/wp-content\/uploads\/2023\/10\/soporte-de-madera-vision-general.jpg","datePublished":"2023-10-19T17:20:22+00:00","dateModified":"2025-04-26T05:48:33+00:00","description":"Leggio per legna da ardere \u2013 Su experto en pies de mesa met\u00e1licos \u2714\ufe0f Fabricado en Europa \u2714\ufe0f Calidad superior \u2714\ufe0f Env\u00edo r\u00e1pido y gratuitoEstante para le\u00f1a","breadcrumb":{"@id":"https:\/\/www.tischbein-metall.de\/es\/producto\/estante-para-lena\/#breadcrumb"},"inLanguage":"es","potentialAction":[{"@type":"ReadAction","target":["https:\/\/www.tischbein-metall.de\/es\/producto\/estante-para-lena\/"]}]},{"@type":"ImageObject","inLanguage":"es","@id":"https:\/\/www.tischbein-metall.de\/es\/producto\/estante-para-lena\/#primaryimage","url":"https:\/\/www.tischbein-metall.de\/wp-content\/uploads\/2023\/10\/soporte-de-madera-vision-general.jpg","contentUrl":"https:\/\/www.tischbein-metall.de\/wp-content\/uploads\/2023\/10\/soporte-de-madera-vision-general.jpg","width":2400,"height":2400,"caption":"\u00dcbersicht der drei Holzst\u00e4nder"},{"@type":"BreadcrumbList","@id":"https:\/\/www.tischbein-metall.de\/es\/producto\/estante-para-lena\/#breadcrumb","itemListElement":[{"@type":"ListItem","position":1,"name":"P\u00e1gina de inicio","item":"https:\/\/www.tischbein-metall.de\/es\/"},{"@type":"ListItem","position":2,"name":"Productos","item":"https:\/\/www.tischbein-metall.de\/es\/productos\/"},{"@type":"ListItem","position":3,"name":"Estante para le\u00f1a"}]},{"@type":"WebSite","@id":"https:\/\/www.tischbein-metall.de\/#website","url":"https:\/\/www.tischbein-metall.de\/","name":"Su experto en patas de mesa met\u00e1licas","description":"","potentialAction":[{"@type":"SearchAction","target":{"@type":"EntryPoint","urlTemplate":"https:\/\/www.tischbein-metall.de\/?s={search_term_string}"},"query-input":{"@type":"PropertyValueSpecification","valueRequired":true,"valueName":"search_term_string"}}],"inLanguage":"es"}]}},"_links":{"self":[{"href":"https:\/\/www.tischbein-metall.de\/es\/wp-json\/wp\/v2\/product\/17315","targetHints":{"allow":["GET"]}}],"collection":[{"href":"https:\/\/www.tischbein-metall.de\/es\/wp-json\/wp\/v2\/product"}],"about":[{"href":"https:\/\/www.tischbein-metall.de\/es\/wp-json\/wp\/v2\/types\/product"}],"replies":[{"embeddable":true,"href":"https:\/\/www.tischbein-metall.de\/es\/wp-json\/wp\/v2\/comments?post=17315"}],"version-history":[{"count":7,"href":"https:\/\/www.tischbein-metall.de\/es\/wp-json\/wp\/v2\/product\/17315\/revisions"}],"predecessor-version":[{"id":18786,"href":"https:\/\/www.tischbein-metall.de\/es\/wp-json\/wp\/v2\/product\/17315\/revisions\/18786"}],"wp:featuredmedia":[{"embeddable":true,"href":"https:\/\/www.tischbein-metall.de\/es\/wp-json\/wp\/v2\/media\/18287"}],"wp:attachment":[{"href":"https:\/\/www.tischbein-metall.de\/es\/wp-json\/wp\/v2\/media?parent=17315"}],"wp:term":[{"taxonomy":"product_cat","embeddable":true,"href":"https:\/\/www.tischbein-metall.de\/es\/wp-json\/wp\/v2\/product_cat?post=17315"},{"taxonomy":"product_tag","embeddable":true,"href":"https:\/\/www.tischbein-metall.de\/es\/wp-json\/wp\/v2\/product_tag?post=17315"}],"curies":[{"name":"wp","href":"https:\/\/api.w.org\/{rel}","templated":true}]}}