{"id":19733,"date":"2024-03-12T14:42:10","date_gmt":"2024-03-12T13:42:10","guid":{"rendered":"https:\/\/www.tischbein-metall.de\/?post_type=product&#038;p=19733"},"modified":"2025-09-29T16:54:26","modified_gmt":"2025-09-29T14:54:26","slug":"soporte-de-estanteria","status":"publish","type":"product","link":"https:\/\/www.tischbein-metall.de\/es\/producto\/soporte-de-estanteria\/","title":{"rendered":"Conjunto de 2 soporte de estanter\u00eda"},"content":{"rendered":"\t\t<div data-elementor-type=\"wp-post\" data-elementor-id=\"19733\" class=\"elementor elementor-19733 elementor-19662\">\n\t\t\t\t\t\t<section class=\"elementor-section elementor-top-section elementor-element elementor-element-5a0a023 elementor-section-boxed elementor-section-height-default elementor-section-height-default\" data-id=\"5a0a023\" data-element_type=\"section\">\n\t\t\t\t\t\t<div class=\"elementor-container elementor-column-gap-default\">\n\t\t\t\t\t<div class=\"elementor-column elementor-col-100 elementor-top-column elementor-element elementor-element-96b18cf\" data-id=\"96b18cf\" data-element_type=\"column\">\n\t\t\t<div class=\"elementor-widget-wrap elementor-element-populated\">\n\t\t\t\t\t\t<div class=\"elementor-element elementor-element-5e7b8d2 elementor-widget elementor-widget-text-editor\" data-id=\"5e7b8d2\" data-element_type=\"widget\" data-widget_type=\"text-editor.default\">\n\t\t\t\t<div class=\"elementor-widget-container\">\n\t\t\t<style>\/*! elementor - v3.23.0 - 25-07-2024 *\/\n.elementor-widget-text-editor.elementor-drop-cap-view-stacked .elementor-drop-cap{background-color:#69727d;color:#fff}.elementor-widget-text-editor.elementor-drop-cap-view-framed .elementor-drop-cap{color:#69727d;border:3px solid;background-color:transparent}.elementor-widget-text-editor:not(.elementor-drop-cap-view-default) .elementor-drop-cap{margin-top:8px}.elementor-widget-text-editor:not(.elementor-drop-cap-view-default) .elementor-drop-cap-letter{width:1em;height:1em}.elementor-widget-text-editor .elementor-drop-cap{float:left;text-align:center;line-height:1;font-size:50px}.elementor-widget-text-editor .elementor-drop-cap-letter{display:inline-block}<\/style>\t\t\t\t<p>Dale a tu espacio una nota \u00fanica con este <b>soporte de estanter\u00eda<\/b>&nbsp;discreto y vers\u00e1til en estilo industrial. La construcci\u00f3n de acero de alta calidad no solo es extremadamente resistente, sino que tambi\u00e9n est\u00e1 protegida por un recubrimiento en polvo de alta calidad que garantiza una larga vida \u00fatil. Disponible en los elegantes colores negro y antracita, se adapta f\u00e1cilmente a cualquier concepto de espacio.<\/p>\n<p>Gracias a los pr\u00e1cticos agujeros alargados <b>(20&#215;10 mm)<\/b>, la instalaci\u00f3n es sencilla. El grosor del material garantiza no solo estabilidad, sino tambi\u00e9n la capacidad de soportar cargas pesadas, ideal para estantes, decoraciones u otros accesorios de hogar.<\/p>\n<p>Nuestro&nbsp;<span style=\"font-weight: 700;\">soporte de estanter\u00eda<\/span>&nbsp;se entrega en un pr\u00e1ctico set de 2.<\/p>\n<p>Atemporal &#8211; Vers\u00e1til &#8211; Apasionado I Construcci\u00f3n de muebles DIY seg\u00fan tu gusto<\/p>\n<p>Dise\u00f1o atemporal, aplicaciones vers\u00e1tiles y pasi\u00f3n por la calidad: con este soporte de pared, ya sea como <b>consola de pared<\/b>, <b>marco de estante<\/b> o <b>estante de marco<\/b>, puedes dise\u00f1ar tus espacios seg\u00fan tus preferencias individuales. Elige entre los tama\u00f1os <b>20x30x3 cm<\/b>, <b>20x45x3 cm<\/b> y <b>20x60x3 cm<\/b> para cada prop\u00f3sito: ya sea como elegante almacenamiento para toallas en el ba\u00f1o, soporte pr\u00e1ctico para estantes en la cocina o como elemento decorativo est\u00e9tico en la sala de estar, descubre nuevas posibilidades y dale a tu hogar un toque personal. \u00a1La construcci\u00f3n de muebles DIY nunca fue tan f\u00e1cil!<\/p>\t\t\t\t\t\t<\/div>\n\t\t\t\t<\/div>\n\t\t\t\t<div class=\"elementor-element elementor-element-f6b6807 elementor-widget-divider--view-line elementor-widget elementor-widget-divider\" data-id=\"f6b6807\" data-element_type=\"widget\" data-widget_type=\"divider.default\">\n\t\t\t\t<div class=\"elementor-widget-container\">\n\t\t\t<style>\/*! elementor - v3.23.0 - 25-07-2024 *\/\n.elementor-widget-divider{--divider-border-style:none;--divider-border-width:1px;--divider-color:#0c0d0e;--divider-icon-size:20px;--divider-element-spacing:10px;--divider-pattern-height:24px;--divider-pattern-size:20px;--divider-pattern-url:none;--divider-pattern-repeat:repeat-x}.elementor-widget-divider .elementor-divider{display:flex}.elementor-widget-divider .elementor-divider__text{font-size:15px;line-height:1;max-width:95%}.elementor-widget-divider .elementor-divider__element{margin:0 var(--divider-element-spacing);flex-shrink:0}.elementor-widget-divider .elementor-icon{font-size:var(--divider-icon-size)}.elementor-widget-divider .elementor-divider-separator{display:flex;margin:0;direction:ltr}.elementor-widget-divider--view-line_icon .elementor-divider-separator,.elementor-widget-divider--view-line_text .elementor-divider-separator{align-items:center}.elementor-widget-divider--view-line_icon .elementor-divider-separator:after,.elementor-widget-divider--view-line_icon .elementor-divider-separator:before,.elementor-widget-divider--view-line_text .elementor-divider-separator:after,.elementor-widget-divider--view-line_text .elementor-divider-separator:before{display:block;content:\"\";border-block-end:0;flex-grow:1;border-block-start:var(--divider-border-width) var(--divider-border-style) var(--divider-color)}.elementor-widget-divider--element-align-left .elementor-divider .elementor-divider-separator>.elementor-divider__svg:first-of-type{flex-grow:0;flex-shrink:100}.elementor-widget-divider--element-align-left .elementor-divider-separator:before{content:none}.elementor-widget-divider--element-align-left .elementor-divider__element{margin-left:0}.elementor-widget-divider--element-align-right .elementor-divider .elementor-divider-separator>.elementor-divider__svg:last-of-type{flex-grow:0;flex-shrink:100}.elementor-widget-divider--element-align-right .elementor-divider-separator:after{content:none}.elementor-widget-divider--element-align-right .elementor-divider__element{margin-right:0}.elementor-widget-divider--element-align-start .elementor-divider .elementor-divider-separator>.elementor-divider__svg:first-of-type{flex-grow:0;flex-shrink:100}.elementor-widget-divider--element-align-start .elementor-divider-separator:before{content:none}.elementor-widget-divider--element-align-start .elementor-divider__element{margin-inline-start:0}.elementor-widget-divider--element-align-end .elementor-divider .elementor-divider-separator>.elementor-divider__svg:last-of-type{flex-grow:0;flex-shrink:100}.elementor-widget-divider--element-align-end .elementor-divider-separator:after{content:none}.elementor-widget-divider--element-align-end .elementor-divider__element{margin-inline-end:0}.elementor-widget-divider:not(.elementor-widget-divider--view-line_text):not(.elementor-widget-divider--view-line_icon) .elementor-divider-separator{border-block-start:var(--divider-border-width) var(--divider-border-style) var(--divider-color)}.elementor-widget-divider--separator-type-pattern{--divider-border-style:none}.elementor-widget-divider--separator-type-pattern.elementor-widget-divider--view-line .elementor-divider-separator,.elementor-widget-divider--separator-type-pattern:not(.elementor-widget-divider--view-line) .elementor-divider-separator:after,.elementor-widget-divider--separator-type-pattern:not(.elementor-widget-divider--view-line) .elementor-divider-separator:before,.elementor-widget-divider--separator-type-pattern:not([class*=elementor-widget-divider--view]) .elementor-divider-separator{width:100%;min-height:var(--divider-pattern-height);-webkit-mask-size:var(--divider-pattern-size) 100%;mask-size:var(--divider-pattern-size) 100%;-webkit-mask-repeat:var(--divider-pattern-repeat);mask-repeat:var(--divider-pattern-repeat);background-color:var(--divider-color);-webkit-mask-image:var(--divider-pattern-url);mask-image:var(--divider-pattern-url)}.elementor-widget-divider--no-spacing{--divider-pattern-size:auto}.elementor-widget-divider--bg-round{--divider-pattern-repeat:round}.rtl .elementor-widget-divider .elementor-divider__text{direction:rtl}.e-con-inner>.elementor-widget-divider,.e-con>.elementor-widget-divider{width:var(--container-widget-width,100%);--flex-grow:var(--container-widget-flex-grow)}<\/style>\t\t<div class=\"elementor-divider\">\n\t\t\t<span class=\"elementor-divider-separator\">\n\t\t\t\t\t\t<\/span>\n\t\t<\/div>\n\t\t\t\t<\/div>\n\t\t\t\t<\/div>\n\t\t\t\t<div class=\"elementor-element elementor-element-423889d elementor-widget elementor-widget-image\" data-id=\"423889d\" data-element_type=\"widget\" data-widget_type=\"image.default\">\n\t\t\t\t<div class=\"elementor-widget-container\">\n\t\t\t<style>\/*! elementor - v3.23.0 - 25-07-2024 *\/\n.elementor-widget-image{text-align:center}.elementor-widget-image a{display:inline-block}.elementor-widget-image a img[src$=\".svg\"]{width:48px}.elementor-widget-image img{vertical-align:middle;display:inline-block}<\/style>\t\t\t\t\t\t\t\t\t\t<img decoding=\"async\" width=\"150\" height=\"150\" src=\"https:\/\/www.tischbein-metall.de\/wp-content\/uploads\/2022\/10\/eu-flag-circle-150x150.png\" class=\"attachment-thumbnail size-thumbnail wp-image-13391\" alt=\"\" srcset=\"https:\/\/www.tischbein-metall.de\/wp-content\/uploads\/2022\/10\/eu-flag-circle-150x150.png 150w, https:\/\/www.tischbein-metall.de\/wp-content\/uploads\/2022\/10\/eu-flag-circle-570x570.png 570w, https:\/\/www.tischbein-metall.de\/wp-content\/uploads\/2022\/10\/eu-flag-circle-130x130.png 130w, https:\/\/www.tischbein-metall.de\/wp-content\/uploads\/2022\/10\/eu-flag-circle-600x600.png 600w, https:\/\/www.tischbein-metall.de\/wp-content\/uploads\/2022\/10\/eu-flag-circle-300x300.png 300w, https:\/\/www.tischbein-metall.de\/wp-content\/uploads\/2022\/10\/eu-flag-circle-1024x1024.png 1024w, https:\/\/www.tischbein-metall.de\/wp-content\/uploads\/2022\/10\/eu-flag-circle-768x768.png 768w, https:\/\/www.tischbein-metall.de\/wp-content\/uploads\/2022\/10\/eu-flag-circle-12x12.png 12w, https:\/\/www.tischbein-metall.de\/wp-content\/uploads\/2022\/10\/eu-flag-circle.png 1280w\" sizes=\"(max-width: 150px) 100vw, 150px\" \/>\t\t\t\t\t\t\t\t\t\t\t\t\t<\/div>\n\t\t\t\t<\/div>\n\t\t\t\t\t<\/div>\n\t\t<\/div>\n\t\t\t\t\t<\/div>\n\t\t<\/section>\n\t\t\t\t<\/div>\n\t\t","protected":false},"excerpt":{"rendered":"<p><span style=\"color: green;\">\u2714<\/span> <strong>Acero de alta calidad producido en la UE<\/strong><br \/>\n<span style=\"color: green;\">\u2714<\/span> <strong>Dise\u00f1o atemporal que se integra perfectamente<\/strong><br \/>\n<span style=\"color: green;\">\u2714<\/span> <strong>Env\u00edo diario para una entrega r\u00e1pida<\/strong><br \/>\n<span style=\"color: green;\">\u2714<\/span> <strong>Recubrimiento en polvo elegante para una protecci\u00f3n duradera<\/strong><br \/>\n<span style=\"color: green;\">\u2714<\/span> <strong>Calidad certificada seg\u00fan est\u00e1ndares europeos<\/strong><br \/>\n<span style=\"color: green;\">\u2714<\/span> <strong>Montaje r\u00e1pido y sin esfuerzo<\/strong><\/p>\n<p>Arte moderno para tu hogar: Este <strong>soporte de estanter\u00eda<\/strong>\u00a0discreto, dise\u00f1ado de manera industrial y tambi\u00e9n conocido como <strong>consola de pared<\/strong> o <strong>marco de estante<\/strong>, est\u00e1 hecho de acero de alta calidad con un recubrimiento en polvo duradero. No solo es un montaje estable, sino tambi\u00e9n un elemento elegante para tu ba\u00f1o, cocina o sala de estar. Su forma permite el elegante colgado de toallas, fusionando funcionalidad con est\u00e9tica. Disponible en negro y antracita.<\/p>\n","protected":false},"featured_media":21217,"comment_status":"open","ping_status":"closed","template":"","meta":{"_acf_changed":false,"inline_featured_image":false},"product_cat":[],"product_tag":[],"class_list":{"0":"post-19733","1":"product","2":"type-product","3":"status-publish","4":"has-post-thumbnail","6":"pa_farbe-negro-mate","7":"pa_farbe-antracita","8":"pa_groesse-20cm-x-30cm-x-3cm-es","9":"pa_groesse-20cm-x-45cm-x-3cm-es","10":"pa_groesse-20cm-x-60cm-x-3cm-es","12":"first","13":"instock","14":"taxable","15":"shipping-taxable","16":"purchasable","17":"product-type-variable","18":"has-default-attributes"},"acf":[],"yoast_head":"<!-- This site is optimized with the Yoast SEO plugin v25.3 - https:\/\/yoast.com\/wordpress\/plugins\/seo\/ -->\n<title>Soporte de Estanter\u00eda - Estabilidad y Dise\u00f1o | Tischbein-Metall<\/title>\n<meta name=\"description\" content=\"Asegura tus estanter\u00edas con soportes de metal robustos y elegantes. Perfectos para cualquier espacio. Compra ahora en Tischbein-Metall.de!\" \/>\n<meta name=\"robots\" content=\"index, follow, max-snippet:-1, max-image-preview:large, max-video-preview:-1\" \/>\n<link rel=\"canonical\" href=\"https:\/\/www.tischbein-metall.de\/es\/producto\/soporte-de-estanteria\/\" \/>\n<meta property=\"og:locale\" content=\"es_ES\" \/>\n<meta property=\"og:type\" content=\"article\" \/>\n<meta property=\"og:title\" content=\"Soporte de Estanter\u00eda - Estabilidad y Dise\u00f1o | Tischbein-Metall\" \/>\n<meta property=\"og:description\" content=\"Asegura tus estanter\u00edas con soportes de metal robustos y elegantes. Perfectos para cualquier espacio. Compra ahora en Tischbein-Metall.de!\" \/>\n<meta property=\"og:url\" content=\"https:\/\/www.tischbein-metall.de\/es\/producto\/soporte-de-estanteria\/\" \/>\n<meta property=\"og:site_name\" content=\"Su experto en patas de mesa met\u00e1licas\" \/>\n<meta property=\"article:modified_time\" content=\"2025-09-29T14:54:26+00:00\" \/>\n<meta property=\"og:image\" content=\"https:\/\/www.tischbein-metall.de\/wp-content\/uploads\/2023\/12\/noggi-soporte-estante-sb-antracita-bano.jpg\" \/>\n\t<meta property=\"og:image:width\" content=\"2400\" \/>\n\t<meta property=\"og:image:height\" content=\"2400\" \/>\n\t<meta property=\"og:image:type\" content=\"image\/jpeg\" \/>\n<meta name=\"twitter:card\" content=\"summary_large_image\" \/>\n<meta name=\"twitter:label1\" content=\"Tiempo de lectura\" \/>\n\t<meta name=\"twitter:data1\" content=\"2 minutos\" \/>\n<script type=\"application\/ld+json\" class=\"yoast-schema-graph\">{\"@context\":\"https:\/\/schema.org\",\"@graph\":[{\"@type\":\"WebPage\",\"@id\":\"https:\/\/www.tischbein-metall.de\/es\/producto\/soporte-de-estanteria\/\",\"url\":\"https:\/\/www.tischbein-metall.de\/es\/producto\/soporte-de-estanteria\/\",\"name\":\"Soporte de Estanter\u00eda - Estabilidad y Dise\u00f1o | Tischbein-Metall\",\"isPartOf\":{\"@id\":\"https:\/\/www.tischbein-metall.de\/#website\"},\"primaryImageOfPage\":{\"@id\":\"https:\/\/www.tischbein-metall.de\/es\/producto\/soporte-de-estanteria\/#primaryimage\"},\"image\":{\"@id\":\"https:\/\/www.tischbein-metall.de\/es\/producto\/soporte-de-estanteria\/#primaryimage\"},\"thumbnailUrl\":\"https:\/\/www.tischbein-metall.de\/wp-content\/uploads\/2023\/12\/noggi-soporte-estante-sb-antracita-bano.jpg\",\"datePublished\":\"2024-03-12T13:42:10+00:00\",\"dateModified\":\"2025-09-29T14:54:26+00:00\",\"description\":\"Asegura tus estanter\u00edas con soportes de metal robustos y elegantes. Perfectos para cualquier espacio. Compra ahora en Tischbein-Metall.de!\",\"breadcrumb\":{\"@id\":\"https:\/\/www.tischbein-metall.de\/es\/producto\/soporte-de-estanteria\/#breadcrumb\"},\"inLanguage\":\"es\",\"potentialAction\":[{\"@type\":\"ReadAction\",\"target\":[\"https:\/\/www.tischbein-metall.de\/es\/producto\/soporte-de-estanteria\/\"]}]},{\"@type\":\"ImageObject\",\"inLanguage\":\"es\",\"@id\":\"https:\/\/www.tischbein-metall.de\/es\/producto\/soporte-de-estanteria\/#primaryimage\",\"url\":\"https:\/\/www.tischbein-metall.de\/wp-content\/uploads\/2023\/12\/noggi-soporte-estante-sb-antracita-bano.jpg\",\"contentUrl\":\"https:\/\/www.tischbein-metall.de\/wp-content\/uploads\/2023\/12\/noggi-soporte-estante-sb-antracita-bano.jpg\",\"width\":2400,\"height\":2400,\"caption\":\"Soporte de estanter\u00eda en el cuarto de ba\u00f1o\"},{\"@type\":\"BreadcrumbList\",\"@id\":\"https:\/\/www.tischbein-metall.de\/es\/producto\/soporte-de-estanteria\/#breadcrumb\",\"itemListElement\":[{\"@type\":\"ListItem\",\"position\":1,\"name\":\"P\u00e1gina de inicio\",\"item\":\"https:\/\/www.tischbein-metall.de\/es\/\"},{\"@type\":\"ListItem\",\"position\":2,\"name\":\"Productos\",\"item\":\"https:\/\/www.tischbein-metall.de\/es\/productos\/\"},{\"@type\":\"ListItem\",\"position\":3,\"name\":\"Conjunto de 2 soporte de estanter\u00eda\"}]},{\"@type\":\"WebSite\",\"@id\":\"https:\/\/www.tischbein-metall.de\/#website\",\"url\":\"https:\/\/www.tischbein-metall.de\/\",\"name\":\"Su experto en patas de mesa met\u00e1licas\",\"description\":\"\",\"potentialAction\":[{\"@type\":\"SearchAction\",\"target\":{\"@type\":\"EntryPoint\",\"urlTemplate\":\"https:\/\/www.tischbein-metall.de\/?s={search_term_string}\"},\"query-input\":{\"@type\":\"PropertyValueSpecification\",\"valueRequired\":true,\"valueName\":\"search_term_string\"}}],\"inLanguage\":\"es\"}]}<\/script>\n<!-- \/ Yoast SEO plugin. -->","yoast_head_json":{"title":"Soporte de Estanter\u00eda - Estabilidad y Dise\u00f1o | Tischbein-Metall","description":"Asegura tus estanter\u00edas con soportes de metal robustos y elegantes. Perfectos para cualquier espacio. Compra ahora en Tischbein-Metall.de!","robots":{"index":"index","follow":"follow","max-snippet":"max-snippet:-1","max-image-preview":"max-image-preview:large","max-video-preview":"max-video-preview:-1"},"canonical":"https:\/\/www.tischbein-metall.de\/es\/producto\/soporte-de-estanteria\/","og_locale":"es_ES","og_type":"article","og_title":"Soporte de Estanter\u00eda - Estabilidad y Dise\u00f1o | Tischbein-Metall","og_description":"Asegura tus estanter\u00edas con soportes de metal robustos y elegantes. Perfectos para cualquier espacio. Compra ahora en Tischbein-Metall.de!","og_url":"https:\/\/www.tischbein-metall.de\/es\/producto\/soporte-de-estanteria\/","og_site_name":"Su experto en patas de mesa met\u00e1licas","article_modified_time":"2025-09-29T14:54:26+00:00","og_image":[{"width":2400,"height":2400,"url":"https:\/\/www.tischbein-metall.de\/wp-content\/uploads\/2023\/12\/noggi-soporte-estante-sb-antracita-bano.jpg","type":"image\/jpeg"}],"twitter_card":"summary_large_image","twitter_misc":{"Tiempo de lectura":"2 minutos"},"schema":{"@context":"https:\/\/schema.org","@graph":[{"@type":"WebPage","@id":"https:\/\/www.tischbein-metall.de\/es\/producto\/soporte-de-estanteria\/","url":"https:\/\/www.tischbein-metall.de\/es\/producto\/soporte-de-estanteria\/","name":"Soporte de Estanter\u00eda - Estabilidad y Dise\u00f1o | Tischbein-Metall","isPartOf":{"@id":"https:\/\/www.tischbein-metall.de\/#website"},"primaryImageOfPage":{"@id":"https:\/\/www.tischbein-metall.de\/es\/producto\/soporte-de-estanteria\/#primaryimage"},"image":{"@id":"https:\/\/www.tischbein-metall.de\/es\/producto\/soporte-de-estanteria\/#primaryimage"},"thumbnailUrl":"https:\/\/www.tischbein-metall.de\/wp-content\/uploads\/2023\/12\/noggi-soporte-estante-sb-antracita-bano.jpg","datePublished":"2024-03-12T13:42:10+00:00","dateModified":"2025-09-29T14:54:26+00:00","description":"Asegura tus estanter\u00edas con soportes de metal robustos y elegantes. Perfectos para cualquier espacio. Compra ahora en Tischbein-Metall.de!","breadcrumb":{"@id":"https:\/\/www.tischbein-metall.de\/es\/producto\/soporte-de-estanteria\/#breadcrumb"},"inLanguage":"es","potentialAction":[{"@type":"ReadAction","target":["https:\/\/www.tischbein-metall.de\/es\/producto\/soporte-de-estanteria\/"]}]},{"@type":"ImageObject","inLanguage":"es","@id":"https:\/\/www.tischbein-metall.de\/es\/producto\/soporte-de-estanteria\/#primaryimage","url":"https:\/\/www.tischbein-metall.de\/wp-content\/uploads\/2023\/12\/noggi-soporte-estante-sb-antracita-bano.jpg","contentUrl":"https:\/\/www.tischbein-metall.de\/wp-content\/uploads\/2023\/12\/noggi-soporte-estante-sb-antracita-bano.jpg","width":2400,"height":2400,"caption":"Soporte de estanter\u00eda en el cuarto de ba\u00f1o"},{"@type":"BreadcrumbList","@id":"https:\/\/www.tischbein-metall.de\/es\/producto\/soporte-de-estanteria\/#breadcrumb","itemListElement":[{"@type":"ListItem","position":1,"name":"P\u00e1gina de inicio","item":"https:\/\/www.tischbein-metall.de\/es\/"},{"@type":"ListItem","position":2,"name":"Productos","item":"https:\/\/www.tischbein-metall.de\/es\/productos\/"},{"@type":"ListItem","position":3,"name":"Conjunto de 2 soporte de estanter\u00eda"}]},{"@type":"WebSite","@id":"https:\/\/www.tischbein-metall.de\/#website","url":"https:\/\/www.tischbein-metall.de\/","name":"Su experto en patas de mesa met\u00e1licas","description":"","potentialAction":[{"@type":"SearchAction","target":{"@type":"EntryPoint","urlTemplate":"https:\/\/www.tischbein-metall.de\/?s={search_term_string}"},"query-input":{"@type":"PropertyValueSpecification","valueRequired":true,"valueName":"search_term_string"}}],"inLanguage":"es"}]}},"_links":{"self":[{"href":"https:\/\/www.tischbein-metall.de\/es\/wp-json\/wp\/v2\/product\/19733","targetHints":{"allow":["GET"]}}],"collection":[{"href":"https:\/\/www.tischbein-metall.de\/es\/wp-json\/wp\/v2\/product"}],"about":[{"href":"https:\/\/www.tischbein-metall.de\/es\/wp-json\/wp\/v2\/types\/product"}],"replies":[{"embeddable":true,"href":"https:\/\/www.tischbein-metall.de\/es\/wp-json\/wp\/v2\/comments?post=19733"}],"version-history":[{"count":8,"href":"https:\/\/www.tischbein-metall.de\/es\/wp-json\/wp\/v2\/product\/19733\/revisions"}],"predecessor-version":[{"id":21222,"href":"https:\/\/www.tischbein-metall.de\/es\/wp-json\/wp\/v2\/product\/19733\/revisions\/21222"}],"wp:featuredmedia":[{"embeddable":true,"href":"https:\/\/www.tischbein-metall.de\/es\/wp-json\/wp\/v2\/media\/21217"}],"wp:attachment":[{"href":"https:\/\/www.tischbein-metall.de\/es\/wp-json\/wp\/v2\/media?parent=19733"}],"wp:term":[{"taxonomy":"product_cat","embeddable":true,"href":"https:\/\/www.tischbein-metall.de\/es\/wp-json\/wp\/v2\/product_cat?post=19733"},{"taxonomy":"product_tag","embeddable":true,"href":"https:\/\/www.tischbein-metall.de\/es\/wp-json\/wp\/v2\/product_tag?post=19733"}],"curies":[{"name":"wp","href":"https:\/\/api.w.org\/{rel}","templated":true}]}}