{"id":36173,"date":"2025-02-24T14:36:41","date_gmt":"2025-02-24T13:36:41","guid":{"rendered":"https:\/\/www.tischbein-metall.de\/?post_type=product&#038;p=36173"},"modified":"2025-02-26T10:32:47","modified_gmt":"2025-02-26T09:32:47","slug":"hamaca-con-estructura","status":"publish","type":"product","link":"https:\/\/www.tischbein-metall.de\/es\/producto\/hamaca-con-estructura\/","title":{"rendered":"Hamaca con estructura"},"content":{"rendered":"\t\t<div data-elementor-type=\"wp-post\" data-elementor-id=\"36173\" class=\"elementor elementor-36173 elementor-36039\">\n\t\t\t\t\t\t<section class=\"elementor-section elementor-top-section elementor-element elementor-element-d3a2625 elementor-section-boxed elementor-section-height-default elementor-section-height-default\" data-id=\"d3a2625\" data-element_type=\"section\">\n\t\t\t\t\t\t<div class=\"elementor-container elementor-column-gap-default\">\n\t\t\t\t\t<div class=\"elementor-column elementor-col-100 elementor-top-column elementor-element elementor-element-26f2af8\" data-id=\"26f2af8\" data-element_type=\"column\">\n\t\t\t<div class=\"elementor-widget-wrap elementor-element-populated\">\n\t\t\t\t\t\t<div class=\"elementor-element elementor-element-3b651dd elementor-widget elementor-widget-text-editor\" data-id=\"3b651dd\" data-element_type=\"widget\" data-widget_type=\"text-editor.default\">\n\t\t\t\t<div class=\"elementor-widget-container\">\n\t\t\t<style>\/*! elementor - v3.23.0 - 25-07-2024 *\/\n.elementor-widget-text-editor.elementor-drop-cap-view-stacked .elementor-drop-cap{background-color:#69727d;color:#fff}.elementor-widget-text-editor.elementor-drop-cap-view-framed .elementor-drop-cap{color:#69727d;border:3px solid;background-color:transparent}.elementor-widget-text-editor:not(.elementor-drop-cap-view-default) .elementor-drop-cap{margin-top:8px}.elementor-widget-text-editor:not(.elementor-drop-cap-view-default) .elementor-drop-cap-letter{width:1em;height:1em}.elementor-widget-text-editor .elementor-drop-cap{float:left;text-align:center;line-height:1;font-size:50px}.elementor-widget-text-editor .elementor-drop-cap-letter{display:inline-block}<\/style>\t\t\t\t<h2 style=\"font-size: 18px;\">Hamaca con soporte: relajaci\u00f3n al m\u00e1s alto nivel<\/h2><p>\u00bfBuscas una hamaca robusta y elegante para el jard\u00edn, el balc\u00f3n o el interior? Este modelo destaca por su estructura de acero de alta calidad y te ofrece el m\u00e1ximo confort, sin importar d\u00f3nde quieras relajarte.<\/p><h3 style=\"font-size: 16px;\">Flexible para interior y exterior<\/h3><p>Ya sea en el jard\u00edn, la terraza o dentro de casa, con esta hamaca siempre disfrutar\u00e1s de un momento de descanso. La estructura de acero galvanizado garantiza una base estable y se puede colocar f\u00e1cilmente en diferentes lugares. Durante los meses fr\u00edos, tambi\u00e9n es perfecta para un rinc\u00f3n acogedor en interiores.<\/p><h3 style=\"font-size: 16px;\">Protecci\u00f3n del suelo y seguridad<\/h3><p>Los perfiles de acero hueco y resistente est\u00e1n equipados con tapas protectoras para evitar ara\u00f1azos en suelos delicados. Adem\u00e1s, las cubiertas especiales para los tornillos aseguran que no queden bordes afilados expuestos, garantizando un uso seguro.<\/p><h3 style=\"font-size: 16px;\">Resistente a la intemperie y duradera<\/h3><p>Gracias a su estructura de acero galvanizado, esta hamaca es especialmente resistente a las condiciones clim\u00e1ticas. La fabricaci\u00f3n de alta calidad garantiza una larga vida \u00fatil, y el acabado oscuro se integra perfectamente en cualquier ambiente. Las cubiertas especiales evitan la entrada de humedad y aumentan la resistencia a la corrosi\u00f3n.<\/p><h3 style=\"font-size: 16px;\">Conjunto de gran capacidad de carga<\/h3><p>Este conjunto incluye una estructura de acero tubular con una capacidad de carga de hasta 150 kg y una amplia hamaca con una superficie de descanso de 180 x 150 cm. El montaje es sencillo y la hamaca se fija en pocos minutos, para que puedas disfrutar de una relajaci\u00f3n total sin complicaciones.<\/p>\t\t\t\t\t\t<\/div>\n\t\t\t\t<\/div>\n\t\t\t\t<div class=\"elementor-element elementor-element-d038e75 elementor-widget-divider--view-line elementor-widget elementor-widget-divider\" data-id=\"d038e75\" data-element_type=\"widget\" data-widget_type=\"divider.default\">\n\t\t\t\t<div class=\"elementor-widget-container\">\n\t\t\t<style>\/*! elementor - v3.23.0 - 25-07-2024 *\/\n.elementor-widget-divider{--divider-border-style:none;--divider-border-width:1px;--divider-color:#0c0d0e;--divider-icon-size:20px;--divider-element-spacing:10px;--divider-pattern-height:24px;--divider-pattern-size:20px;--divider-pattern-url:none;--divider-pattern-repeat:repeat-x}.elementor-widget-divider .elementor-divider{display:flex}.elementor-widget-divider .elementor-divider__text{font-size:15px;line-height:1;max-width:95%}.elementor-widget-divider .elementor-divider__element{margin:0 var(--divider-element-spacing);flex-shrink:0}.elementor-widget-divider .elementor-icon{font-size:var(--divider-icon-size)}.elementor-widget-divider .elementor-divider-separator{display:flex;margin:0;direction:ltr}.elementor-widget-divider--view-line_icon .elementor-divider-separator,.elementor-widget-divider--view-line_text .elementor-divider-separator{align-items:center}.elementor-widget-divider--view-line_icon .elementor-divider-separator:after,.elementor-widget-divider--view-line_icon .elementor-divider-separator:before,.elementor-widget-divider--view-line_text .elementor-divider-separator:after,.elementor-widget-divider--view-line_text .elementor-divider-separator:before{display:block;content:\"\";border-block-end:0;flex-grow:1;border-block-start:var(--divider-border-width) var(--divider-border-style) var(--divider-color)}.elementor-widget-divider--element-align-left .elementor-divider .elementor-divider-separator>.elementor-divider__svg:first-of-type{flex-grow:0;flex-shrink:100}.elementor-widget-divider--element-align-left .elementor-divider-separator:before{content:none}.elementor-widget-divider--element-align-left .elementor-divider__element{margin-left:0}.elementor-widget-divider--element-align-right .elementor-divider .elementor-divider-separator>.elementor-divider__svg:last-of-type{flex-grow:0;flex-shrink:100}.elementor-widget-divider--element-align-right .elementor-divider-separator:after{content:none}.elementor-widget-divider--element-align-right .elementor-divider__element{margin-right:0}.elementor-widget-divider--element-align-start .elementor-divider .elementor-divider-separator>.elementor-divider__svg:first-of-type{flex-grow:0;flex-shrink:100}.elementor-widget-divider--element-align-start .elementor-divider-separator:before{content:none}.elementor-widget-divider--element-align-start .elementor-divider__element{margin-inline-start:0}.elementor-widget-divider--element-align-end .elementor-divider .elementor-divider-separator>.elementor-divider__svg:last-of-type{flex-grow:0;flex-shrink:100}.elementor-widget-divider--element-align-end .elementor-divider-separator:after{content:none}.elementor-widget-divider--element-align-end .elementor-divider__element{margin-inline-end:0}.elementor-widget-divider:not(.elementor-widget-divider--view-line_text):not(.elementor-widget-divider--view-line_icon) .elementor-divider-separator{border-block-start:var(--divider-border-width) var(--divider-border-style) var(--divider-color)}.elementor-widget-divider--separator-type-pattern{--divider-border-style:none}.elementor-widget-divider--separator-type-pattern.elementor-widget-divider--view-line .elementor-divider-separator,.elementor-widget-divider--separator-type-pattern:not(.elementor-widget-divider--view-line) .elementor-divider-separator:after,.elementor-widget-divider--separator-type-pattern:not(.elementor-widget-divider--view-line) .elementor-divider-separator:before,.elementor-widget-divider--separator-type-pattern:not([class*=elementor-widget-divider--view]) .elementor-divider-separator{width:100%;min-height:var(--divider-pattern-height);-webkit-mask-size:var(--divider-pattern-size) 100%;mask-size:var(--divider-pattern-size) 100%;-webkit-mask-repeat:var(--divider-pattern-repeat);mask-repeat:var(--divider-pattern-repeat);background-color:var(--divider-color);-webkit-mask-image:var(--divider-pattern-url);mask-image:var(--divider-pattern-url)}.elementor-widget-divider--no-spacing{--divider-pattern-size:auto}.elementor-widget-divider--bg-round{--divider-pattern-repeat:round}.rtl .elementor-widget-divider .elementor-divider__text{direction:rtl}.e-con-inner>.elementor-widget-divider,.e-con>.elementor-widget-divider{width:var(--container-widget-width,100%);--flex-grow:var(--container-widget-flex-grow)}<\/style>\t\t<div class=\"elementor-divider\">\n\t\t\t<span class=\"elementor-divider-separator\">\n\t\t\t\t\t\t<\/span>\n\t\t<\/div>\n\t\t\t\t<\/div>\n\t\t\t\t<\/div>\n\t\t\t\t<div class=\"elementor-element elementor-element-863dfbb elementor-widget elementor-widget-image\" data-id=\"863dfbb\" data-element_type=\"widget\" data-widget_type=\"image.default\">\n\t\t\t\t<div class=\"elementor-widget-container\">\n\t\t\t<style>\/*! elementor - v3.23.0 - 25-07-2024 *\/\n.elementor-widget-image{text-align:center}.elementor-widget-image a{display:inline-block}.elementor-widget-image a img[src$=\".svg\"]{width:48px}.elementor-widget-image img{vertical-align:middle;display:inline-block}<\/style>\t\t\t\t\t\t\t\t\t\t<img decoding=\"async\" width=\"150\" height=\"150\" src=\"https:\/\/www.tischbein-metall.de\/wp-content\/uploads\/2022\/10\/eu-flag-circle-150x150.png\" class=\"attachment-thumbnail size-thumbnail wp-image-13391\" alt=\"\" srcset=\"https:\/\/www.tischbein-metall.de\/wp-content\/uploads\/2022\/10\/eu-flag-circle-150x150.png 150w, https:\/\/www.tischbein-metall.de\/wp-content\/uploads\/2022\/10\/eu-flag-circle-570x570.png 570w, https:\/\/www.tischbein-metall.de\/wp-content\/uploads\/2022\/10\/eu-flag-circle-130x130.png 130w, https:\/\/www.tischbein-metall.de\/wp-content\/uploads\/2022\/10\/eu-flag-circle-600x600.png 600w, https:\/\/www.tischbein-metall.de\/wp-content\/uploads\/2022\/10\/eu-flag-circle-300x300.png 300w, https:\/\/www.tischbein-metall.de\/wp-content\/uploads\/2022\/10\/eu-flag-circle-1024x1024.png 1024w, https:\/\/www.tischbein-metall.de\/wp-content\/uploads\/2022\/10\/eu-flag-circle-768x768.png 768w, https:\/\/www.tischbein-metall.de\/wp-content\/uploads\/2022\/10\/eu-flag-circle-12x12.png 12w, https:\/\/www.tischbein-metall.de\/wp-content\/uploads\/2022\/10\/eu-flag-circle.png 1280w\" sizes=\"(max-width: 150px) 100vw, 150px\" \/>\t\t\t\t\t\t\t\t\t\t\t\t\t<\/div>\n\t\t\t\t<\/div>\n\t\t\t\t\t<\/div>\n\t\t<\/div>\n\t\t\t\t\t<\/div>\n\t\t<\/section>\n\t\t\t\t<\/div>\n\t\t","protected":false},"excerpt":{"rendered":"<table class=\"greyGridTable\">\n<tbody>\n<tr>\n<td><img decoding=\"async\" src=\"\/wp-content\/uploads\/2024\/12\/icons-noggi_timeless-design_blk.svg\" alt=\"Icono muestra una l\u00ednea estilizada que simboliza un dise\u00f1o minimalista y atemporal\" width=\"70\" height=\"70\" \/><\/td>\n<td><b>Dise\u00f1o atemporal:<\/b><br \/>\nElegante y adecuado para cualquier interior<\/td>\n<td><img decoding=\"async\" src=\"\/wp-content\/uploads\/2024\/12\/icons-noggi_versatile-fit_blk.svg\" alt=\"Icono muestra una l\u00ednea ajustable que simboliza la versatilidad de adaptaci\u00f3n\" width=\"70\" height=\"70\" \/><\/td>\n<td><b>M\u00e1ximo confort:<\/b><br \/>\nAsiento c\u00f3modo para relajarse<\/td>\n<\/tr>\n<tr>\n<td><img loading=\"lazy\" decoding=\"async\" src=\"\/wp-content\/uploads\/2024\/12\/icons-noggi_powder-coated_blk.svg\" alt=\"Icono muestra un spray que simboliza un recubrimiento en polvo de alta calidad para mayor protecci\u00f3n y dise\u00f1o moderno\" width=\"70\" height=\"70\" \/><\/td>\n<td><b>Recubrimiento en polvo:<\/b><br \/>\nProtecci\u00f3n contra la oxidaci\u00f3n y dise\u00f1o moderno<\/td>\n<td><img loading=\"lazy\" decoding=\"async\" src=\"\/wp-content\/uploads\/2024\/12\/icons-noggi_indoor-outdoor_blk.svg\" alt=\"Icono muestra una casa y un \u00e1rbol, simbolizando el uso vers\u00e1til en interiores y exteriores\" width=\"70\" height=\"70\" \/><\/td>\n<td><b>Interior y exterior:<\/b><br \/>\nDuradero y resistente a la intemperie<\/td>\n<\/tr>\n<tr>\n<td><img loading=\"lazy\" decoding=\"async\" src=\"\/wp-content\/uploads\/2024\/12\/icons-noggi_easy-to-maintain_blk.svg\" alt=\"Icono simboliza un tornillo de cruz\" width=\"70\" height=\"70\" \/><\/td>\n<td><b>Materiales duraderos:<\/b><br \/>\nAlta estabilidad y larga vida \u00fatil<\/td>\n<td><img loading=\"lazy\" decoding=\"async\" src=\"\/wp-content\/uploads\/2024\/12\/icons-noggi_effortless-assembly_blk.svg\" alt=\"Icono muestra una llave inglesa que simboliza un montaje sencillo y sin esfuerzo\" width=\"70\" height=\"70\" \/><\/td>\n<td><b>Montaje sencillo:<\/b><br \/>\nR\u00e1pido de ensamblar gracias a las instrucciones claras<\/td>\n<\/tr>\n<\/tbody>\n<\/table>\n","protected":false},"featured_media":36586,"comment_status":"open","ping_status":"closed","template":"","meta":{"_acf_changed":false,"inline_featured_image":false},"product_cat":[661],"product_tag":[],"class_list":{"0":"post-36173","1":"product","2":"type-product","3":"status-publish","4":"has-post-thumbnail","6":"product_cat-sin-categoria","8":"first","9":"outofstock","10":"taxable","11":"shipping-taxable","12":"purchasable","13":"product-type-simple"},"acf":[],"yoast_head":"<!-- This site is optimized with the Yoast SEO plugin v25.3 - https:\/\/yoast.com\/wordpress\/plugins\/seo\/ -->\n<title>Hamaca con estructura - Su experto en patas de mesa met\u00e1licas<\/title>\n<meta name=\"robots\" content=\"index, follow, max-snippet:-1, max-image-preview:large, max-video-preview:-1\" \/>\n<link rel=\"canonical\" href=\"https:\/\/www.tischbein-metall.de\/es\/producto\/hamaca-con-estructura\/\" \/>\n<meta property=\"og:locale\" content=\"es_ES\" \/>\n<meta property=\"og:type\" content=\"article\" \/>\n<meta property=\"og:title\" content=\"Hamaca con estructura - Su experto en patas de mesa met\u00e1licas\" \/>\n<meta property=\"og:description\" content=\"Dise\u00f1o atemporal: Elegante y adecuado para cualquier interior  M\u00e1ximo confort: Asiento c\u00f3modo para relajarse    Recubrimiento en polvo: Protecci\u00f3n contra la oxidaci\u00f3n y dise\u00f1o moderno  Interior y exterior: Duradero y resistente a la intemperie    Materiales duraderos: Alta estabilidad y larga vida \u00fatil  Montaje sencillo: R\u00e1pido de ensamblar gracias a las instrucciones claras\" \/>\n<meta property=\"og:url\" content=\"https:\/\/www.tischbein-metall.de\/es\/producto\/hamaca-con-estructura\/\" \/>\n<meta property=\"og:site_name\" content=\"Su experto en patas de mesa met\u00e1licas\" \/>\n<meta property=\"article:modified_time\" content=\"2025-02-26T09:32:47+00:00\" \/>\n<meta property=\"og:image\" content=\"https:\/\/www.tischbein-metall.de\/wp-content\/uploads\/2025\/02\/mesa-perna-metal-cama-de-rede-com-armacao-1-2.jpg\" \/>\n\t<meta property=\"og:image:width\" content=\"1800\" \/>\n\t<meta property=\"og:image:height\" content=\"1800\" \/>\n\t<meta property=\"og:image:type\" content=\"image\/jpeg\" \/>\n<meta name=\"twitter:card\" content=\"summary_large_image\" \/>\n<meta name=\"twitter:label1\" content=\"Tiempo de lectura\" \/>\n\t<meta name=\"twitter:data1\" content=\"2 minutos\" \/>\n<script type=\"application\/ld+json\" class=\"yoast-schema-graph\">{\"@context\":\"https:\/\/schema.org\",\"@graph\":[{\"@type\":\"WebPage\",\"@id\":\"https:\/\/www.tischbein-metall.de\/es\/producto\/hamaca-con-estructura\/\",\"url\":\"https:\/\/www.tischbein-metall.de\/es\/producto\/hamaca-con-estructura\/\",\"name\":\"Hamaca con estructura - Su experto en patas de mesa met\u00e1licas\",\"isPartOf\":{\"@id\":\"https:\/\/www.tischbein-metall.de\/#website\"},\"primaryImageOfPage\":{\"@id\":\"https:\/\/www.tischbein-metall.de\/es\/producto\/hamaca-con-estructura\/#primaryimage\"},\"image\":{\"@id\":\"https:\/\/www.tischbein-metall.de\/es\/producto\/hamaca-con-estructura\/#primaryimage\"},\"thumbnailUrl\":\"https:\/\/www.tischbein-metall.de\/wp-content\/uploads\/2025\/02\/mesa-perna-metal-cama-de-rede-com-armacao-1-2.jpg\",\"datePublished\":\"2025-02-24T13:36:41+00:00\",\"dateModified\":\"2025-02-26T09:32:47+00:00\",\"breadcrumb\":{\"@id\":\"https:\/\/www.tischbein-metall.de\/es\/producto\/hamaca-con-estructura\/#breadcrumb\"},\"inLanguage\":\"es\",\"potentialAction\":[{\"@type\":\"ReadAction\",\"target\":[\"https:\/\/www.tischbein-metall.de\/es\/producto\/hamaca-con-estructura\/\"]}]},{\"@type\":\"ImageObject\",\"inLanguage\":\"es\",\"@id\":\"https:\/\/www.tischbein-metall.de\/es\/producto\/hamaca-con-estructura\/#primaryimage\",\"url\":\"https:\/\/www.tischbein-metall.de\/wp-content\/uploads\/2025\/02\/mesa-perna-metal-cama-de-rede-com-armacao-1-2.jpg\",\"contentUrl\":\"https:\/\/www.tischbein-metall.de\/wp-content\/uploads\/2025\/02\/mesa-perna-metal-cama-de-rede-com-armacao-1-2.jpg\",\"width\":1800,\"height\":1800},{\"@type\":\"BreadcrumbList\",\"@id\":\"https:\/\/www.tischbein-metall.de\/es\/producto\/hamaca-con-estructura\/#breadcrumb\",\"itemListElement\":[{\"@type\":\"ListItem\",\"position\":1,\"name\":\"P\u00e1gina de inicio\",\"item\":\"https:\/\/www.tischbein-metall.de\/es\/\"},{\"@type\":\"ListItem\",\"position\":2,\"name\":\"Productos\",\"item\":\"https:\/\/www.tischbein-metall.de\/es\/productos\/\"},{\"@type\":\"ListItem\",\"position\":3,\"name\":\"Hamaca con estructura\"}]},{\"@type\":\"WebSite\",\"@id\":\"https:\/\/www.tischbein-metall.de\/#website\",\"url\":\"https:\/\/www.tischbein-metall.de\/\",\"name\":\"Su experto en patas de mesa met\u00e1licas\",\"description\":\"\",\"potentialAction\":[{\"@type\":\"SearchAction\",\"target\":{\"@type\":\"EntryPoint\",\"urlTemplate\":\"https:\/\/www.tischbein-metall.de\/?s={search_term_string}\"},\"query-input\":{\"@type\":\"PropertyValueSpecification\",\"valueRequired\":true,\"valueName\":\"search_term_string\"}}],\"inLanguage\":\"es\"}]}<\/script>\n<!-- \/ Yoast SEO plugin. -->","yoast_head_json":{"title":"Hamaca con estructura - Su experto en patas de mesa met\u00e1licas","robots":{"index":"index","follow":"follow","max-snippet":"max-snippet:-1","max-image-preview":"max-image-preview:large","max-video-preview":"max-video-preview:-1"},"canonical":"https:\/\/www.tischbein-metall.de\/es\/producto\/hamaca-con-estructura\/","og_locale":"es_ES","og_type":"article","og_title":"Hamaca con estructura - Su experto en patas de mesa met\u00e1licas","og_description":"Dise\u00f1o atemporal: Elegante y adecuado para cualquier interior  M\u00e1ximo confort: Asiento c\u00f3modo para relajarse    Recubrimiento en polvo: Protecci\u00f3n contra la oxidaci\u00f3n y dise\u00f1o moderno  Interior y exterior: Duradero y resistente a la intemperie    Materiales duraderos: Alta estabilidad y larga vida \u00fatil  Montaje sencillo: R\u00e1pido de ensamblar gracias a las instrucciones claras","og_url":"https:\/\/www.tischbein-metall.de\/es\/producto\/hamaca-con-estructura\/","og_site_name":"Su experto en patas de mesa met\u00e1licas","article_modified_time":"2025-02-26T09:32:47+00:00","og_image":[{"width":1800,"height":1800,"url":"https:\/\/www.tischbein-metall.de\/wp-content\/uploads\/2025\/02\/mesa-perna-metal-cama-de-rede-com-armacao-1-2.jpg","type":"image\/jpeg"}],"twitter_card":"summary_large_image","twitter_misc":{"Tiempo de lectura":"2 minutos"},"schema":{"@context":"https:\/\/schema.org","@graph":[{"@type":"WebPage","@id":"https:\/\/www.tischbein-metall.de\/es\/producto\/hamaca-con-estructura\/","url":"https:\/\/www.tischbein-metall.de\/es\/producto\/hamaca-con-estructura\/","name":"Hamaca con estructura - Su experto en patas de mesa met\u00e1licas","isPartOf":{"@id":"https:\/\/www.tischbein-metall.de\/#website"},"primaryImageOfPage":{"@id":"https:\/\/www.tischbein-metall.de\/es\/producto\/hamaca-con-estructura\/#primaryimage"},"image":{"@id":"https:\/\/www.tischbein-metall.de\/es\/producto\/hamaca-con-estructura\/#primaryimage"},"thumbnailUrl":"https:\/\/www.tischbein-metall.de\/wp-content\/uploads\/2025\/02\/mesa-perna-metal-cama-de-rede-com-armacao-1-2.jpg","datePublished":"2025-02-24T13:36:41+00:00","dateModified":"2025-02-26T09:32:47+00:00","breadcrumb":{"@id":"https:\/\/www.tischbein-metall.de\/es\/producto\/hamaca-con-estructura\/#breadcrumb"},"inLanguage":"es","potentialAction":[{"@type":"ReadAction","target":["https:\/\/www.tischbein-metall.de\/es\/producto\/hamaca-con-estructura\/"]}]},{"@type":"ImageObject","inLanguage":"es","@id":"https:\/\/www.tischbein-metall.de\/es\/producto\/hamaca-con-estructura\/#primaryimage","url":"https:\/\/www.tischbein-metall.de\/wp-content\/uploads\/2025\/02\/mesa-perna-metal-cama-de-rede-com-armacao-1-2.jpg","contentUrl":"https:\/\/www.tischbein-metall.de\/wp-content\/uploads\/2025\/02\/mesa-perna-metal-cama-de-rede-com-armacao-1-2.jpg","width":1800,"height":1800},{"@type":"BreadcrumbList","@id":"https:\/\/www.tischbein-metall.de\/es\/producto\/hamaca-con-estructura\/#breadcrumb","itemListElement":[{"@type":"ListItem","position":1,"name":"P\u00e1gina de inicio","item":"https:\/\/www.tischbein-metall.de\/es\/"},{"@type":"ListItem","position":2,"name":"Productos","item":"https:\/\/www.tischbein-metall.de\/es\/productos\/"},{"@type":"ListItem","position":3,"name":"Hamaca con estructura"}]},{"@type":"WebSite","@id":"https:\/\/www.tischbein-metall.de\/#website","url":"https:\/\/www.tischbein-metall.de\/","name":"Su experto en patas de mesa met\u00e1licas","description":"","potentialAction":[{"@type":"SearchAction","target":{"@type":"EntryPoint","urlTemplate":"https:\/\/www.tischbein-metall.de\/?s={search_term_string}"},"query-input":{"@type":"PropertyValueSpecification","valueRequired":true,"valueName":"search_term_string"}}],"inLanguage":"es"}]}},"_links":{"self":[{"href":"https:\/\/www.tischbein-metall.de\/es\/wp-json\/wp\/v2\/product\/36173","targetHints":{"allow":["GET"]}}],"collection":[{"href":"https:\/\/www.tischbein-metall.de\/es\/wp-json\/wp\/v2\/product"}],"about":[{"href":"https:\/\/www.tischbein-metall.de\/es\/wp-json\/wp\/v2\/types\/product"}],"replies":[{"embeddable":true,"href":"https:\/\/www.tischbein-metall.de\/es\/wp-json\/wp\/v2\/comments?post=36173"}],"version-history":[{"count":10,"href":"https:\/\/www.tischbein-metall.de\/es\/wp-json\/wp\/v2\/product\/36173\/revisions"}],"predecessor-version":[{"id":36209,"href":"https:\/\/www.tischbein-metall.de\/es\/wp-json\/wp\/v2\/product\/36173\/revisions\/36209"}],"wp:featuredmedia":[{"embeddable":true,"href":"https:\/\/www.tischbein-metall.de\/es\/wp-json\/wp\/v2\/media\/36586"}],"wp:attachment":[{"href":"https:\/\/www.tischbein-metall.de\/es\/wp-json\/wp\/v2\/media?parent=36173"}],"wp:term":[{"taxonomy":"product_cat","embeddable":true,"href":"https:\/\/www.tischbein-metall.de\/es\/wp-json\/wp\/v2\/product_cat?post=36173"},{"taxonomy":"product_tag","embeddable":true,"href":"https:\/\/www.tischbein-metall.de\/es\/wp-json\/wp\/v2\/product_tag?post=36173"}],"curies":[{"name":"wp","href":"https:\/\/api.w.org\/{rel}","templated":true}]}}