{"id":36247,"date":"2025-02-21T23:05:33","date_gmt":"2025-02-21T22:05:33","guid":{"rendered":"https:\/\/www.tischbein-metall.de\/produkt\/haengesessel-mit-gestell\/"},"modified":"2025-02-25T15:03:33","modified_gmt":"2025-02-25T14:03:33","slug":"silla-colgante-con-soporte","status":"publish","type":"product","link":"https:\/\/www.tischbein-metall.de\/es\/producto\/silla-colgante-con-soporte\/","title":{"rendered":"Silla colgante con soporte"},"content":{"rendered":"\t\t<div data-elementor-type=\"wp-post\" data-elementor-id=\"36247\" class=\"elementor elementor-36247 elementor-35889\">\n\t\t\t\t\t\t<section class=\"elementor-section elementor-top-section elementor-element elementor-element-80ef01b elementor-section-boxed elementor-section-height-default elementor-section-height-default\" data-id=\"80ef01b\" data-element_type=\"section\">\n\t\t\t\t\t\t<div class=\"elementor-container elementor-column-gap-default\">\n\t\t\t\t\t<div class=\"elementor-column elementor-col-100 elementor-top-column elementor-element elementor-element-0192fc4\" data-id=\"0192fc4\" data-element_type=\"column\">\n\t\t\t<div class=\"elementor-widget-wrap elementor-element-populated\">\n\t\t\t\t\t\t<div class=\"elementor-element elementor-element-a1741b9 elementor-widget elementor-widget-text-editor\" data-id=\"a1741b9\" data-element_type=\"widget\" data-widget_type=\"text-editor.default\">\n\t\t\t\t<div class=\"elementor-widget-container\">\n\t\t\t<style>\/*! elementor - v3.23.0 - 25-07-2024 *\/\n.elementor-widget-text-editor.elementor-drop-cap-view-stacked .elementor-drop-cap{background-color:#69727d;color:#fff}.elementor-widget-text-editor.elementor-drop-cap-view-framed .elementor-drop-cap{color:#69727d;border:3px solid;background-color:transparent}.elementor-widget-text-editor:not(.elementor-drop-cap-view-default) .elementor-drop-cap{margin-top:8px}.elementor-widget-text-editor:not(.elementor-drop-cap-view-default) .elementor-drop-cap-letter{width:1em;height:1em}.elementor-widget-text-editor .elementor-drop-cap{float:left;text-align:center;line-height:1;font-size:50px}.elementor-widget-text-editor .elementor-drop-cap-letter{display:inline-block}<\/style>\t\t\t\t<h2 style=\"font-size: 18px;\">Sill\u00f3n colgante con estructura para exterior \u2013 tu refugio personal<\/h2>\nVive una relajaci\u00f3n total con nuestro sill\u00f3n colgante con estructura para exterior y convierte tu jard\u00edn, balc\u00f3n o espacio interior en un oasis de bienestar con estilo. Cierra los ojos, siente el suave movimiento y disfruta de tu tiempo de descanso.\n<h3 style=\"font-size: 16px;\">Comodidad m\u00e1xima para tu descanso<\/h3>\nEl asiento extra grande y los cojines acogedores te invitan a quedarte. Ya sea que te sumerjas en un libro fascinante, medites o simplemente desconectes, este sill\u00f3n colgante te ofrece la sensaci\u00f3n perfecta de vacaciones en casa.\n<h3 style=\"font-size: 16px;\">Seguro y estable \u2013 para momentos sin preocupaciones<\/h3>\nSin tambalear, sin volcarse \u2013 gracias a la barra de madera reforzada y las cuerdas resistentes, disfrutar\u00e1s de una alta capacidad de carga y m\u00e1xima seguridad. La construcci\u00f3n bien pensada te mantiene equilibrado de manera confiable \u2013 para un balanceo relajante y liberador.\n<h3 style=\"font-size: 16px;\">Estructura robusta para interior y exterior<\/h3>\nLa estructura met\u00e1lica resistente a la intemperie, a los ara\u00f1azos y duradera soporta el viento y el clima. La elegante forma en C asegura movimientos suaves y un soporte \u00f3ptimo \u2013 perfecta para tu sill\u00f3n colgante con estructura, tanto para el exterior como para el interior.\n<h3 style=\"font-size: 16px;\">Flexible y ligera<\/h3>\n\u00bfDentro o fuera? \u00bfHoy aqu\u00ed, ma\u00f1ana all\u00ed? \u00a1Sin problema! Gracias a su dise\u00f1o ligero, puedes mover el sill\u00f3n colgante f\u00e1cilmente o guardarlo de forma compacta. As\u00ed, tu oasis de bienestar estar\u00e1 justo donde lo necesites.\n<h3 style=\"font-size: 16px;\">\u00a1Rel\u00e1jate ahora \u2013 disfruta de tu oasis de bienestar!<\/h3>\nNo esperes m\u00e1s \u2013 consigue ahora tu sill\u00f3n colgante con estructura para exterior y disfruta de la relajaci\u00f3n a otro nivel. \u00a1Haz tu pedido ahora y recu\u00e9state!\n\t\t\t\t\t\t<\/div>\n\t\t\t\t<\/div>\n\t\t\t\t<div class=\"elementor-element elementor-element-3ba8c0d elementor-widget-divider--view-line elementor-widget elementor-widget-divider\" data-id=\"3ba8c0d\" data-element_type=\"widget\" data-widget_type=\"divider.default\">\n\t\t\t\t<div class=\"elementor-widget-container\">\n\t\t\t<style>\/*! elementor - v3.23.0 - 25-07-2024 *\/\n.elementor-widget-divider{--divider-border-style:none;--divider-border-width:1px;--divider-color:#0c0d0e;--divider-icon-size:20px;--divider-element-spacing:10px;--divider-pattern-height:24px;--divider-pattern-size:20px;--divider-pattern-url:none;--divider-pattern-repeat:repeat-x}.elementor-widget-divider .elementor-divider{display:flex}.elementor-widget-divider .elementor-divider__text{font-size:15px;line-height:1;max-width:95%}.elementor-widget-divider .elementor-divider__element{margin:0 var(--divider-element-spacing);flex-shrink:0}.elementor-widget-divider .elementor-icon{font-size:var(--divider-icon-size)}.elementor-widget-divider .elementor-divider-separator{display:flex;margin:0;direction:ltr}.elementor-widget-divider--view-line_icon .elementor-divider-separator,.elementor-widget-divider--view-line_text .elementor-divider-separator{align-items:center}.elementor-widget-divider--view-line_icon .elementor-divider-separator:after,.elementor-widget-divider--view-line_icon .elementor-divider-separator:before,.elementor-widget-divider--view-line_text .elementor-divider-separator:after,.elementor-widget-divider--view-line_text .elementor-divider-separator:before{display:block;content:\"\";border-block-end:0;flex-grow:1;border-block-start:var(--divider-border-width) var(--divider-border-style) var(--divider-color)}.elementor-widget-divider--element-align-left .elementor-divider .elementor-divider-separator>.elementor-divider__svg:first-of-type{flex-grow:0;flex-shrink:100}.elementor-widget-divider--element-align-left .elementor-divider-separator:before{content:none}.elementor-widget-divider--element-align-left .elementor-divider__element{margin-left:0}.elementor-widget-divider--element-align-right .elementor-divider .elementor-divider-separator>.elementor-divider__svg:last-of-type{flex-grow:0;flex-shrink:100}.elementor-widget-divider--element-align-right .elementor-divider-separator:after{content:none}.elementor-widget-divider--element-align-right .elementor-divider__element{margin-right:0}.elementor-widget-divider--element-align-start .elementor-divider .elementor-divider-separator>.elementor-divider__svg:first-of-type{flex-grow:0;flex-shrink:100}.elementor-widget-divider--element-align-start .elementor-divider-separator:before{content:none}.elementor-widget-divider--element-align-start .elementor-divider__element{margin-inline-start:0}.elementor-widget-divider--element-align-end .elementor-divider .elementor-divider-separator>.elementor-divider__svg:last-of-type{flex-grow:0;flex-shrink:100}.elementor-widget-divider--element-align-end .elementor-divider-separator:after{content:none}.elementor-widget-divider--element-align-end .elementor-divider__element{margin-inline-end:0}.elementor-widget-divider:not(.elementor-widget-divider--view-line_text):not(.elementor-widget-divider--view-line_icon) .elementor-divider-separator{border-block-start:var(--divider-border-width) var(--divider-border-style) var(--divider-color)}.elementor-widget-divider--separator-type-pattern{--divider-border-style:none}.elementor-widget-divider--separator-type-pattern.elementor-widget-divider--view-line .elementor-divider-separator,.elementor-widget-divider--separator-type-pattern:not(.elementor-widget-divider--view-line) .elementor-divider-separator:after,.elementor-widget-divider--separator-type-pattern:not(.elementor-widget-divider--view-line) .elementor-divider-separator:before,.elementor-widget-divider--separator-type-pattern:not([class*=elementor-widget-divider--view]) .elementor-divider-separator{width:100%;min-height:var(--divider-pattern-height);-webkit-mask-size:var(--divider-pattern-size) 100%;mask-size:var(--divider-pattern-size) 100%;-webkit-mask-repeat:var(--divider-pattern-repeat);mask-repeat:var(--divider-pattern-repeat);background-color:var(--divider-color);-webkit-mask-image:var(--divider-pattern-url);mask-image:var(--divider-pattern-url)}.elementor-widget-divider--no-spacing{--divider-pattern-size:auto}.elementor-widget-divider--bg-round{--divider-pattern-repeat:round}.rtl .elementor-widget-divider .elementor-divider__text{direction:rtl}.e-con-inner>.elementor-widget-divider,.e-con>.elementor-widget-divider{width:var(--container-widget-width,100%);--flex-grow:var(--container-widget-flex-grow)}<\/style>\t\t<div class=\"elementor-divider\">\n\t\t\t<span class=\"elementor-divider-separator\">\n\t\t\t\t\t\t<\/span>\n\t\t<\/div>\n\t\t\t\t<\/div>\n\t\t\t\t<\/div>\n\t\t\t\t<div class=\"elementor-element elementor-element-5c9e8b8 elementor-widget elementor-widget-image\" data-id=\"5c9e8b8\" data-element_type=\"widget\" data-widget_type=\"image.default\">\n\t\t\t\t<div class=\"elementor-widget-container\">\n\t\t\t<style>\/*! elementor - v3.23.0 - 25-07-2024 *\/\n.elementor-widget-image{text-align:center}.elementor-widget-image a{display:inline-block}.elementor-widget-image a img[src$=\".svg\"]{width:48px}.elementor-widget-image img{vertical-align:middle;display:inline-block}<\/style>\t\t\t\t\t\t\t\t\t\t<img decoding=\"async\" width=\"150\" height=\"150\" src=\"https:\/\/www.tischbein-metall.de\/wp-content\/uploads\/2022\/10\/eu-flag-circle-150x150.png\" class=\"attachment-thumbnail size-thumbnail wp-image-13391\" alt=\"\" srcset=\"https:\/\/www.tischbein-metall.de\/wp-content\/uploads\/2022\/10\/eu-flag-circle-150x150.png 150w, https:\/\/www.tischbein-metall.de\/wp-content\/uploads\/2022\/10\/eu-flag-circle-570x570.png 570w, https:\/\/www.tischbein-metall.de\/wp-content\/uploads\/2022\/10\/eu-flag-circle-130x130.png 130w, https:\/\/www.tischbein-metall.de\/wp-content\/uploads\/2022\/10\/eu-flag-circle-600x600.png 600w, https:\/\/www.tischbein-metall.de\/wp-content\/uploads\/2022\/10\/eu-flag-circle-300x300.png 300w, https:\/\/www.tischbein-metall.de\/wp-content\/uploads\/2022\/10\/eu-flag-circle-1024x1024.png 1024w, https:\/\/www.tischbein-metall.de\/wp-content\/uploads\/2022\/10\/eu-flag-circle-768x768.png 768w, https:\/\/www.tischbein-metall.de\/wp-content\/uploads\/2022\/10\/eu-flag-circle-12x12.png 12w, https:\/\/www.tischbein-metall.de\/wp-content\/uploads\/2022\/10\/eu-flag-circle.png 1280w\" sizes=\"(max-width: 150px) 100vw, 150px\" \/>\t\t\t\t\t\t\t\t\t\t\t\t\t<\/div>\n\t\t\t\t<\/div>\n\t\t\t\t\t<\/div>\n\t\t<\/div>\n\t\t\t\t\t<\/div>\n\t\t<\/section>\n\t\t\t\t<\/div>\n\t\t","protected":false},"excerpt":{"rendered":"<table class=\"greyGridTable\">\n<tbody>\n<tr>\n<td><img decoding=\"async\" src=\"\/wp-content\/uploads\/2024\/12\/icons-noggi_timeless-design_blk.svg\" alt=\"Icono que muestra una l\u00ednea estilizada, simbolizando un dise\u00f1o minimalista y atemporal\" width=\"70\" height=\"70\" \/><\/td>\n<td><b>Dise\u00f1o atemporal:<\/b><br \/>\nElegante y adecuado para cualquier interior<\/td>\n<td><img decoding=\"async\" src=\"\/wp-content\/uploads\/2024\/12\/icons-noggi_versatile-fit_blk.svg\" alt=\"Icono que muestra una l\u00ednea ajustable, simbolizando la versatilidad en la adaptaci\u00f3n\" width=\"70\" height=\"70\" \/><\/td>\n<td><b>Comodidad m\u00e1xima:<\/b><br \/>\nAsiento extra c\u00f3modo para una estancia relajada<\/td>\n<\/tr>\n<tr>\n<td><img loading=\"lazy\" decoding=\"async\" src=\"\/wp-content\/uploads\/2024\/12\/icons-noggi_powder-coated_blk.svg\" alt=\"Icono que muestra una lata de spray, simbolizando un recubrimiento en polvo de alta calidad para mayor protecci\u00f3n y un dise\u00f1o moderno\" width=\"70\" height=\"70\" \/><\/td>\n<td><b>Capa de polvo:<\/b><br \/>\nProtege contra el \u00f3xido, con un aspecto moderno<\/td>\n<td><img loading=\"lazy\" decoding=\"async\" src=\"\/wp-content\/uploads\/2024\/12\/icons-noggi_indoor-outdoor_blk.svg\" alt=\"Icono que muestra una casa y un \u00e1rbol, simbolizando usos vers\u00e1tiles tanto en interiores como exteriores\" width=\"70\" height=\"70\" \/><\/td>\n<td><b>Indoor &amp; Outdoor:<\/b><br \/>\nDuradero y resistente a la intemperie<\/td>\n<\/tr>\n<tr>\n<td><img loading=\"lazy\" decoding=\"async\" src=\"\/wp-content\/uploads\/2024\/12\/icons-noggi_easy-to-maintain_blk.svg\" alt=\"Icono que simboliza un tornillo de ranura cruzada\" width=\"70\" height=\"70\" \/><\/td>\n<td><b>Materiales duraderos:<\/b><br \/>\nPara una alta estabilidad y larga durabilidad<\/td>\n<td><img loading=\"lazy\" decoding=\"async\" src=\"\/wp-content\/uploads\/2024\/12\/icons-noggi_effortless-assembly_blk.svg\" alt=\"Icono que muestra una llave inglesa, simbolizando un montaje f\u00e1cil y sin esfuerzo\" width=\"70\" height=\"70\" \/><\/td>\n<td><b>Montaje f\u00e1cil:<\/b><br \/>\nMontaje r\u00e1pido gracias a las instrucciones claras<\/td>\n<\/tr>\n<\/tbody>\n<\/table>\n","protected":false},"featured_media":36299,"comment_status":"open","ping_status":"closed","template":"","meta":{"_acf_changed":false,"inline_featured_image":false},"product_cat":[730],"product_tag":[],"class_list":{"0":"post-36247","1":"product","2":"type-product","3":"status-publish","4":"has-post-thumbnail","6":"product_cat-silla-colgante-con-soporte","8":"first","9":"outofstock","10":"sale","11":"taxable","12":"shipping-taxable","13":"purchasable","14":"product-type-simple"},"acf":[],"yoast_head":"<!-- This site is optimized with the Yoast SEO plugin v25.3 - https:\/\/yoast.com\/wordpress\/plugins\/seo\/ -->\n<title>Silla colgante con soporte - Su experto en patas de mesa met\u00e1licas<\/title>\n<meta name=\"robots\" content=\"index, follow, max-snippet:-1, max-image-preview:large, max-video-preview:-1\" \/>\n<link rel=\"canonical\" href=\"https:\/\/www.tischbein-metall.de\/es\/producto\/silla-colgante-con-soporte\/\" \/>\n<meta property=\"og:locale\" content=\"es_ES\" \/>\n<meta property=\"og:type\" content=\"article\" \/>\n<meta property=\"og:title\" content=\"Silla colgante con soporte - Su experto en patas de mesa met\u00e1licas\" \/>\n<meta property=\"og:description\" content=\"Dise\u00f1o atemporal: Elegante y adecuado para cualquier interior  Comodidad m\u00e1xima: Asiento extra c\u00f3modo para una estancia relajada    Capa de polvo: Protege contra el \u00f3xido, con un aspecto moderno  Indoor &amp; Outdoor: Duradero y resistente a la intemperie    Materiales duraderos: Para una alta estabilidad y larga durabilidad  Montaje f\u00e1cil: Montaje r\u00e1pido gracias a las instrucciones claras\" \/>\n<meta property=\"og:url\" content=\"https:\/\/www.tischbein-metall.de\/es\/producto\/silla-colgante-con-soporte\/\" \/>\n<meta property=\"og:site_name\" content=\"Su experto en patas de mesa met\u00e1licas\" \/>\n<meta property=\"article:modified_time\" content=\"2025-02-25T14:03:33+00:00\" \/>\n<meta property=\"og:image\" content=\"https:\/\/www.tischbein-metall.de\/wp-content\/uploads\/2025\/02\/mesa-pata-metal-silla-colgante-con-soporte-1.jpg\" \/>\n\t<meta property=\"og:image:width\" content=\"1800\" \/>\n\t<meta property=\"og:image:height\" content=\"1800\" \/>\n\t<meta property=\"og:image:type\" content=\"image\/jpeg\" \/>\n<meta name=\"twitter:card\" content=\"summary_large_image\" \/>\n<meta name=\"twitter:label1\" content=\"Tiempo de lectura\" \/>\n\t<meta name=\"twitter:data1\" content=\"2 minutos\" \/>\n<script type=\"application\/ld+json\" class=\"yoast-schema-graph\">{\"@context\":\"https:\/\/schema.org\",\"@graph\":[{\"@type\":\"WebPage\",\"@id\":\"https:\/\/www.tischbein-metall.de\/es\/producto\/silla-colgante-con-soporte\/\",\"url\":\"https:\/\/www.tischbein-metall.de\/es\/producto\/silla-colgante-con-soporte\/\",\"name\":\"Silla colgante con soporte - Su experto en patas de mesa met\u00e1licas\",\"isPartOf\":{\"@id\":\"https:\/\/www.tischbein-metall.de\/#website\"},\"primaryImageOfPage\":{\"@id\":\"https:\/\/www.tischbein-metall.de\/es\/producto\/silla-colgante-con-soporte\/#primaryimage\"},\"image\":{\"@id\":\"https:\/\/www.tischbein-metall.de\/es\/producto\/silla-colgante-con-soporte\/#primaryimage\"},\"thumbnailUrl\":\"https:\/\/www.tischbein-metall.de\/wp-content\/uploads\/2025\/02\/mesa-pata-metal-silla-colgante-con-soporte-1.jpg\",\"datePublished\":\"2025-02-21T22:05:33+00:00\",\"dateModified\":\"2025-02-25T14:03:33+00:00\",\"breadcrumb\":{\"@id\":\"https:\/\/www.tischbein-metall.de\/es\/producto\/silla-colgante-con-soporte\/#breadcrumb\"},\"inLanguage\":\"es\",\"potentialAction\":[{\"@type\":\"ReadAction\",\"target\":[\"https:\/\/www.tischbein-metall.de\/es\/producto\/silla-colgante-con-soporte\/\"]}]},{\"@type\":\"ImageObject\",\"inLanguage\":\"es\",\"@id\":\"https:\/\/www.tischbein-metall.de\/es\/producto\/silla-colgante-con-soporte\/#primaryimage\",\"url\":\"https:\/\/www.tischbein-metall.de\/wp-content\/uploads\/2025\/02\/mesa-pata-metal-silla-colgante-con-soporte-1.jpg\",\"contentUrl\":\"https:\/\/www.tischbein-metall.de\/wp-content\/uploads\/2025\/02\/mesa-pata-metal-silla-colgante-con-soporte-1.jpg\",\"width\":1800,\"height\":1800},{\"@type\":\"BreadcrumbList\",\"@id\":\"https:\/\/www.tischbein-metall.de\/es\/producto\/silla-colgante-con-soporte\/#breadcrumb\",\"itemListElement\":[{\"@type\":\"ListItem\",\"position\":1,\"name\":\"P\u00e1gina de inicio\",\"item\":\"https:\/\/www.tischbein-metall.de\/es\/\"},{\"@type\":\"ListItem\",\"position\":2,\"name\":\"Productos\",\"item\":\"https:\/\/www.tischbein-metall.de\/es\/productos\/\"},{\"@type\":\"ListItem\",\"position\":3,\"name\":\"Silla colgante con soporte\"}]},{\"@type\":\"WebSite\",\"@id\":\"https:\/\/www.tischbein-metall.de\/#website\",\"url\":\"https:\/\/www.tischbein-metall.de\/\",\"name\":\"Su experto en patas de mesa met\u00e1licas\",\"description\":\"\",\"potentialAction\":[{\"@type\":\"SearchAction\",\"target\":{\"@type\":\"EntryPoint\",\"urlTemplate\":\"https:\/\/www.tischbein-metall.de\/?s={search_term_string}\"},\"query-input\":{\"@type\":\"PropertyValueSpecification\",\"valueRequired\":true,\"valueName\":\"search_term_string\"}}],\"inLanguage\":\"es\"}]}<\/script>\n<!-- \/ Yoast SEO plugin. -->","yoast_head_json":{"title":"Silla colgante con soporte - Su experto en patas de mesa met\u00e1licas","robots":{"index":"index","follow":"follow","max-snippet":"max-snippet:-1","max-image-preview":"max-image-preview:large","max-video-preview":"max-video-preview:-1"},"canonical":"https:\/\/www.tischbein-metall.de\/es\/producto\/silla-colgante-con-soporte\/","og_locale":"es_ES","og_type":"article","og_title":"Silla colgante con soporte - Su experto en patas de mesa met\u00e1licas","og_description":"Dise\u00f1o atemporal: Elegante y adecuado para cualquier interior  Comodidad m\u00e1xima: Asiento extra c\u00f3modo para una estancia relajada    Capa de polvo: Protege contra el \u00f3xido, con un aspecto moderno  Indoor &amp; Outdoor: Duradero y resistente a la intemperie    Materiales duraderos: Para una alta estabilidad y larga durabilidad  Montaje f\u00e1cil: Montaje r\u00e1pido gracias a las instrucciones claras","og_url":"https:\/\/www.tischbein-metall.de\/es\/producto\/silla-colgante-con-soporte\/","og_site_name":"Su experto en patas de mesa met\u00e1licas","article_modified_time":"2025-02-25T14:03:33+00:00","og_image":[{"width":1800,"height":1800,"url":"https:\/\/www.tischbein-metall.de\/wp-content\/uploads\/2025\/02\/mesa-pata-metal-silla-colgante-con-soporte-1.jpg","type":"image\/jpeg"}],"twitter_card":"summary_large_image","twitter_misc":{"Tiempo de lectura":"2 minutos"},"schema":{"@context":"https:\/\/schema.org","@graph":[{"@type":"WebPage","@id":"https:\/\/www.tischbein-metall.de\/es\/producto\/silla-colgante-con-soporte\/","url":"https:\/\/www.tischbein-metall.de\/es\/producto\/silla-colgante-con-soporte\/","name":"Silla colgante con soporte - Su experto en patas de mesa met\u00e1licas","isPartOf":{"@id":"https:\/\/www.tischbein-metall.de\/#website"},"primaryImageOfPage":{"@id":"https:\/\/www.tischbein-metall.de\/es\/producto\/silla-colgante-con-soporte\/#primaryimage"},"image":{"@id":"https:\/\/www.tischbein-metall.de\/es\/producto\/silla-colgante-con-soporte\/#primaryimage"},"thumbnailUrl":"https:\/\/www.tischbein-metall.de\/wp-content\/uploads\/2025\/02\/mesa-pata-metal-silla-colgante-con-soporte-1.jpg","datePublished":"2025-02-21T22:05:33+00:00","dateModified":"2025-02-25T14:03:33+00:00","breadcrumb":{"@id":"https:\/\/www.tischbein-metall.de\/es\/producto\/silla-colgante-con-soporte\/#breadcrumb"},"inLanguage":"es","potentialAction":[{"@type":"ReadAction","target":["https:\/\/www.tischbein-metall.de\/es\/producto\/silla-colgante-con-soporte\/"]}]},{"@type":"ImageObject","inLanguage":"es","@id":"https:\/\/www.tischbein-metall.de\/es\/producto\/silla-colgante-con-soporte\/#primaryimage","url":"https:\/\/www.tischbein-metall.de\/wp-content\/uploads\/2025\/02\/mesa-pata-metal-silla-colgante-con-soporte-1.jpg","contentUrl":"https:\/\/www.tischbein-metall.de\/wp-content\/uploads\/2025\/02\/mesa-pata-metal-silla-colgante-con-soporte-1.jpg","width":1800,"height":1800},{"@type":"BreadcrumbList","@id":"https:\/\/www.tischbein-metall.de\/es\/producto\/silla-colgante-con-soporte\/#breadcrumb","itemListElement":[{"@type":"ListItem","position":1,"name":"P\u00e1gina de inicio","item":"https:\/\/www.tischbein-metall.de\/es\/"},{"@type":"ListItem","position":2,"name":"Productos","item":"https:\/\/www.tischbein-metall.de\/es\/productos\/"},{"@type":"ListItem","position":3,"name":"Silla colgante con soporte"}]},{"@type":"WebSite","@id":"https:\/\/www.tischbein-metall.de\/#website","url":"https:\/\/www.tischbein-metall.de\/","name":"Su experto en patas de mesa met\u00e1licas","description":"","potentialAction":[{"@type":"SearchAction","target":{"@type":"EntryPoint","urlTemplate":"https:\/\/www.tischbein-metall.de\/?s={search_term_string}"},"query-input":{"@type":"PropertyValueSpecification","valueRequired":true,"valueName":"search_term_string"}}],"inLanguage":"es"}]}},"_links":{"self":[{"href":"https:\/\/www.tischbein-metall.de\/es\/wp-json\/wp\/v2\/product\/36247","targetHints":{"allow":["GET"]}}],"collection":[{"href":"https:\/\/www.tischbein-metall.de\/es\/wp-json\/wp\/v2\/product"}],"about":[{"href":"https:\/\/www.tischbein-metall.de\/es\/wp-json\/wp\/v2\/types\/product"}],"replies":[{"embeddable":true,"href":"https:\/\/www.tischbein-metall.de\/es\/wp-json\/wp\/v2\/comments?post=36247"}],"version-history":[{"count":7,"href":"https:\/\/www.tischbein-metall.de\/es\/wp-json\/wp\/v2\/product\/36247\/revisions"}],"predecessor-version":[{"id":36432,"href":"https:\/\/www.tischbein-metall.de\/es\/wp-json\/wp\/v2\/product\/36247\/revisions\/36432"}],"wp:featuredmedia":[{"embeddable":true,"href":"https:\/\/www.tischbein-metall.de\/es\/wp-json\/wp\/v2\/media\/36299"}],"wp:attachment":[{"href":"https:\/\/www.tischbein-metall.de\/es\/wp-json\/wp\/v2\/media?parent=36247"}],"wp:term":[{"taxonomy":"product_cat","embeddable":true,"href":"https:\/\/www.tischbein-metall.de\/es\/wp-json\/wp\/v2\/product_cat?post=36247"},{"taxonomy":"product_tag","embeddable":true,"href":"https:\/\/www.tischbein-metall.de\/es\/wp-json\/wp\/v2\/product_tag?post=36247"}],"curies":[{"name":"wp","href":"https:\/\/api.w.org\/{rel}","templated":true}]}}