{"id":14313,"date":"2022-11-18T11:47:09","date_gmt":"2022-11-18T10:47:09","guid":{"rendered":"https:\/\/www.tischbein-metall.de\/?page_id=14313"},"modified":"2024-05-27T16:18:18","modified_gmt":"2024-05-27T14:18:18","slug":"a-propos-de-nousus","status":"publish","type":"page","link":"https:\/\/www.tischbein-metall.de\/fr\/a-propos-de-nousus\/","title":{"rendered":"\u00c0 PROPOS DE NOUS"},"content":{"rendered":"\t\t<div data-elementor-type=\"wp-page\" data-elementor-id=\"14313\" class=\"elementor elementor-14313 elementor-11810\">\n\t\t\t\t\t\t<section class=\"elementor-section elementor-top-section elementor-element elementor-element-ef07b27 elementor-section-boxed elementor-section-height-default elementor-section-height-default\" data-id=\"ef07b27\" data-element_type=\"section\">\n\t\t\t\t\t\t<div class=\"elementor-container elementor-column-gap-default\">\n\t\t\t\t\t<div class=\"elementor-column elementor-col-33 elementor-top-column elementor-element elementor-element-1ecb753\" data-id=\"1ecb753\" data-element_type=\"column\">\n\t\t\t<div class=\"elementor-widget-wrap elementor-element-populated\">\n\t\t\t\t\t\t<div class=\"elementor-element elementor-element-419c9d6 elementor-widget elementor-widget-image\" data-id=\"419c9d6\" data-element_type=\"widget\" data-widget_type=\"image.default\">\n\t\t\t\t<div class=\"elementor-widget-container\">\n\t\t\t<style>\/*! elementor - v3.23.0 - 25-07-2024 *\/\n.elementor-widget-image{text-align:center}.elementor-widget-image a{display:inline-block}.elementor-widget-image a img[src$=\".svg\"]{width:48px}.elementor-widget-image img{vertical-align:middle;display:inline-block}<\/style>\t\t\t\t\t\t\t\t\t\t<img fetchpriority=\"high\" decoding=\"async\" width=\"814\" height=\"260\" src=\"https:\/\/www.tischbein-metall.de\/wp-content\/uploads\/2024\/01\/noggi-logo-1.png\" class=\"attachment-full size-full wp-image-21543\" alt=\"\" srcset=\"https:\/\/www.tischbein-metall.de\/wp-content\/uploads\/2024\/01\/noggi-logo-1.png 814w, https:\/\/www.tischbein-metall.de\/wp-content\/uploads\/2024\/01\/noggi-logo-1-300x96.png 300w, https:\/\/www.tischbein-metall.de\/wp-content\/uploads\/2024\/01\/noggi-logo-1-768x245.png 768w, https:\/\/www.tischbein-metall.de\/wp-content\/uploads\/2024\/01\/noggi-logo-1-600x192.png 600w\" sizes=\"(max-width: 814px) 100vw, 814px\" \/>\t\t\t\t\t\t\t\t\t\t\t\t\t<\/div>\n\t\t\t\t<\/div>\n\t\t\t\t\t<\/div>\n\t\t<\/div>\n\t\t\t\t<div class=\"elementor-column elementor-col-66 elementor-top-column elementor-element elementor-element-0d63dca\" data-id=\"0d63dca\" data-element_type=\"column\">\n\t\t\t<div class=\"elementor-widget-wrap elementor-element-populated\">\n\t\t\t\t\t\t<div class=\"elementor-element elementor-element-9fae4ba elementor-widget elementor-widget-text-editor\" data-id=\"9fae4ba\" data-element_type=\"widget\" data-widget_type=\"text-editor.default\">\n\t\t\t\t<div class=\"elementor-widget-container\">\n\t\t\t<style>\/*! elementor - v3.23.0 - 25-07-2024 *\/\n.elementor-widget-text-editor.elementor-drop-cap-view-stacked .elementor-drop-cap{background-color:#69727d;color:#fff}.elementor-widget-text-editor.elementor-drop-cap-view-framed .elementor-drop-cap{color:#69727d;border:3px solid;background-color:transparent}.elementor-widget-text-editor:not(.elementor-drop-cap-view-default) .elementor-drop-cap{margin-top:8px}.elementor-widget-text-editor:not(.elementor-drop-cap-view-default) .elementor-drop-cap-letter{width:1em;height:1em}.elementor-widget-text-editor .elementor-drop-cap{float:left;text-align:center;line-height:1;font-size:50px}.elementor-widget-text-editor .elementor-drop-cap-letter{display:inline-block}<\/style>\t\t\t\t<h1 style=\"font-size: 18px;\"><strong>\u00c0 Propos de nous &#8211; Noggi<\/strong><\/h1>\n<p>Bienvenue chez Noggi, le symbole de l&#8217;innovation et de la qualit\u00e9 dans le domaine des pieds de table en m\u00e9tal. En tant que jeune entreprise d\u00e9di\u00e9e \u00e0 l&#8217;art du travail des m\u00e9taux, nous combinons design moderne et pr\u00e9cision artisanale pour cr\u00e9er des produits exceptionnels. Notre production en Pologne, au c\u0153ur de l&#8217;Europe, est synonyme de savoir-faire europ\u00e9en et de durabilit\u00e9.<\/p>\n\n<h2 style=\"font-size: 18px;\"><strong>Notre Histoire<\/strong><\/h2>\n\n<p>Notre aventure a commenc\u00e9 il y a quelques ann\u00e9es avec une id\u00e9e simple : cr\u00e9er des pieds de table en m\u00e9tal qui ne soient pas seulement fonctionnels, mais aussi des \u00e9l\u00e9ments de design \u00e9l\u00e9gants. Nous avons rapidement \u00e9volu\u00e9 en une \u00e9quipe dynamique, alliant techniques traditionnelles et technologies modernes pour offrir des solutions uniques.<\/p>\n\n    <h2 style=\"font-size: 18px;\"><strong>Nos Produits<\/strong><\/h2>\n\n<p>Notre gamme de produits comprend diff\u00e9rents styles de pieds de table en m\u00e9tal, du minimaliste moderne \u00e0 l&#8217;\u00e9l\u00e9gant et raffin\u00e9. Chaque pi\u00e8ce est fabriqu\u00e9e avec le plus grand soin et pr\u00e9cision dans notre usine en Pologne. Nous utilisons des mat\u00e9riaux de haute qualit\u00e9 pour garantir que nos produits sont non seulement esth\u00e9tiquement plaisants, mais aussi durables.<\/p>\n\n    <h2 style=\"font-size: 18px;\"><strong>Notre \u00c9quipe<\/strong><\/h2>\n\n<p>Derri\u00e8re chaque entreprise prosp\u00e8re, il y a une \u00e9quipe d\u00e9vou\u00e9e. Nos employ\u00e9s sont le c\u0153ur de Noggi. Du design \u00e0 la fabrication, chaque membre de l&#8217;\u00e9quipe apporte son talent unique et sa passion pour un travail du m\u00e9tal d&#8217;excellence. Nous favorisons une culture d&#8217;innovation, de respect et de collaboration pour assurer que nous continuons \u00e0 cro\u00eetre et \u00e0 nous am\u00e9liorer en tant qu&#8217;entreprise.<\/p>\t\t\t\t\t\t<\/div>\n\t\t\t\t<\/div>\n\t\t\t\t\t<\/div>\n\t\t<\/div>\n\t\t\t\t\t<\/div>\n\t\t<\/section>\n\t\t\t\t<\/div>\n\t\t","protected":false},"excerpt":{"rendered":"<p>\u00c0 Propos de nous &#8211; Noggi Bienvenue chez Noggi, le symbole de l&#8217;innovation et de la qualit\u00e9 dans le domaine des pieds de table en m\u00e9tal. En tant que jeune entreprise d\u00e9di\u00e9e \u00e0 l&#8217;art du travail des m\u00e9taux, nous combinons design moderne et pr\u00e9cision artisanale pour cr\u00e9er des produits exceptionnels. Notre production en Pologne, au [&hellip;]<\/p>\n","protected":false},"author":3,"featured_media":0,"parent":0,"menu_order":0,"comment_status":"closed","ping_status":"closed","template":"","meta":{"_acf_changed":false,"inline_featured_image":false,"footnotes":""},"class_list":["post-14313","page","type-page","status-publish","hentry"],"acf":[],"yoast_head":"<!-- This site is optimized with the Yoast SEO plugin v25.3 - https:\/\/yoast.com\/wordpress\/plugins\/seo\/ -->\n<title>\u00c0 PROPOS DE NOUS - Ton expert en pieds de table en m\u00e9tal<\/title>\n<meta name=\"description\" content=\"\u00c0 Propos de Nous \u2013 Ton expert en pieds de table en m\u00e9tal \u2714\ufe0f Fabriqu\u00e9 en Europe \u2714\ufe0f Qualit\u00e9 sup\u00e9rieure \u2714\ufe0f Livraison rapide &amp; gratuite\" \/>\n<meta name=\"robots\" content=\"index, follow, max-snippet:-1, max-image-preview:large, max-video-preview:-1\" \/>\n<link rel=\"canonical\" href=\"https:\/\/www.tischbein-metall.de\/fr\/a-propos-de-nousus\/\" \/>\n<meta property=\"og:locale\" content=\"fr_FR\" \/>\n<meta property=\"og:type\" content=\"article\" \/>\n<meta property=\"og:title\" content=\"\u00c0 PROPOS DE NOUS - Ton expert en pieds de table en m\u00e9tal\" \/>\n<meta property=\"og:description\" content=\"\u00c0 Propos de Nous \u2013 Ton expert en pieds de table en m\u00e9tal \u2714\ufe0f Fabriqu\u00e9 en Europe \u2714\ufe0f Qualit\u00e9 sup\u00e9rieure \u2714\ufe0f Livraison rapide &amp; gratuite\" \/>\n<meta property=\"og:url\" content=\"https:\/\/www.tischbein-metall.de\/fr\/a-propos-de-nousus\/\" \/>\n<meta property=\"og:site_name\" content=\"Ton expert en pieds de table en m\u00e9tal\" \/>\n<meta property=\"article:modified_time\" content=\"2024-05-27T14:18:18+00:00\" \/>\n<meta property=\"og:image\" content=\"https:\/\/www.tischbein-metall.de\/wp-content\/uploads\/2024\/01\/noggi-logo-1.png\" \/>\n<meta name=\"twitter:card\" content=\"summary_large_image\" \/>\n<meta name=\"twitter:label1\" content=\"Dur\u00e9e de lecture estim\u00e9e\" \/>\n\t<meta name=\"twitter:data1\" content=\"2 minutes\" \/>\n<script type=\"application\/ld+json\" class=\"yoast-schema-graph\">{\"@context\":\"https:\/\/schema.org\",\"@graph\":[{\"@type\":\"WebPage\",\"@id\":\"https:\/\/www.tischbein-metall.de\/fr\/a-propos-de-nousus\/\",\"url\":\"https:\/\/www.tischbein-metall.de\/fr\/a-propos-de-nousus\/\",\"name\":\"\u00c0 PROPOS DE NOUS - Ton expert en pieds de table en m\u00e9tal\",\"isPartOf\":{\"@id\":\"https:\/\/www.tischbein-metall.de\/#website\"},\"primaryImageOfPage\":{\"@id\":\"https:\/\/www.tischbein-metall.de\/fr\/a-propos-de-nousus\/#primaryimage\"},\"image\":{\"@id\":\"https:\/\/www.tischbein-metall.de\/fr\/a-propos-de-nousus\/#primaryimage\"},\"thumbnailUrl\":\"https:\/\/www.tischbein-metall.de\/wp-content\/uploads\/2024\/01\/noggi-logo-1.png\",\"datePublished\":\"2022-11-18T10:47:09+00:00\",\"dateModified\":\"2024-05-27T14:18:18+00:00\",\"description\":\"\u00c0 Propos de Nous \u2013 Ton expert en pieds de table en m\u00e9tal \u2714\ufe0f Fabriqu\u00e9 en Europe \u2714\ufe0f Qualit\u00e9 sup\u00e9rieure \u2714\ufe0f Livraison rapide & gratuite\",\"breadcrumb\":{\"@id\":\"https:\/\/www.tischbein-metall.de\/fr\/a-propos-de-nousus\/#breadcrumb\"},\"inLanguage\":\"fr-FR\",\"potentialAction\":[{\"@type\":\"ReadAction\",\"target\":[\"https:\/\/www.tischbein-metall.de\/fr\/a-propos-de-nousus\/\"]}]},{\"@type\":\"ImageObject\",\"inLanguage\":\"fr-FR\",\"@id\":\"https:\/\/www.tischbein-metall.de\/fr\/a-propos-de-nousus\/#primaryimage\",\"url\":\"https:\/\/www.tischbein-metall.de\/wp-content\/uploads\/2024\/01\/noggi-logo-1.png\",\"contentUrl\":\"https:\/\/www.tischbein-metall.de\/wp-content\/uploads\/2024\/01\/noggi-logo-1.png\"},{\"@type\":\"BreadcrumbList\",\"@id\":\"https:\/\/www.tischbein-metall.de\/fr\/a-propos-de-nousus\/#breadcrumb\",\"itemListElement\":[{\"@type\":\"ListItem\",\"position\":1,\"name\":\"Page d'accueil\",\"item\":\"https:\/\/www.tischbein-metall.de\/fr\/\"},{\"@type\":\"ListItem\",\"position\":2,\"name\":\"\u00c0 PROPOS DE NOUS\"}]},{\"@type\":\"WebSite\",\"@id\":\"https:\/\/www.tischbein-metall.de\/#website\",\"url\":\"https:\/\/www.tischbein-metall.de\/\",\"name\":\"Ton expert en pieds de table en m\u00e9tal\",\"description\":\"\",\"potentialAction\":[{\"@type\":\"SearchAction\",\"target\":{\"@type\":\"EntryPoint\",\"urlTemplate\":\"https:\/\/www.tischbein-metall.de\/?s={search_term_string}\"},\"query-input\":{\"@type\":\"PropertyValueSpecification\",\"valueRequired\":true,\"valueName\":\"search_term_string\"}}],\"inLanguage\":\"fr-FR\"}]}<\/script>\n<!-- \/ Yoast SEO plugin. -->","yoast_head_json":{"title":"\u00c0 PROPOS DE NOUS - Ton expert en pieds de table en m\u00e9tal","description":"\u00c0 Propos de Nous \u2013 Ton expert en pieds de table en m\u00e9tal \u2714\ufe0f Fabriqu\u00e9 en Europe \u2714\ufe0f Qualit\u00e9 sup\u00e9rieure \u2714\ufe0f Livraison rapide & gratuite","robots":{"index":"index","follow":"follow","max-snippet":"max-snippet:-1","max-image-preview":"max-image-preview:large","max-video-preview":"max-video-preview:-1"},"canonical":"https:\/\/www.tischbein-metall.de\/fr\/a-propos-de-nousus\/","og_locale":"fr_FR","og_type":"article","og_title":"\u00c0 PROPOS DE NOUS - Ton expert en pieds de table en m\u00e9tal","og_description":"\u00c0 Propos de Nous \u2013 Ton expert en pieds de table en m\u00e9tal \u2714\ufe0f Fabriqu\u00e9 en Europe \u2714\ufe0f Qualit\u00e9 sup\u00e9rieure \u2714\ufe0f Livraison rapide & gratuite","og_url":"https:\/\/www.tischbein-metall.de\/fr\/a-propos-de-nousus\/","og_site_name":"Ton expert en pieds de table en m\u00e9tal","article_modified_time":"2024-05-27T14:18:18+00:00","og_image":[{"url":"https:\/\/www.tischbein-metall.de\/wp-content\/uploads\/2024\/01\/noggi-logo-1.png","type":"","width":"","height":""}],"twitter_card":"summary_large_image","twitter_misc":{"Dur\u00e9e de lecture estim\u00e9e":"2 minutes"},"schema":{"@context":"https:\/\/schema.org","@graph":[{"@type":"WebPage","@id":"https:\/\/www.tischbein-metall.de\/fr\/a-propos-de-nousus\/","url":"https:\/\/www.tischbein-metall.de\/fr\/a-propos-de-nousus\/","name":"\u00c0 PROPOS DE NOUS - Ton expert en pieds de table en m\u00e9tal","isPartOf":{"@id":"https:\/\/www.tischbein-metall.de\/#website"},"primaryImageOfPage":{"@id":"https:\/\/www.tischbein-metall.de\/fr\/a-propos-de-nousus\/#primaryimage"},"image":{"@id":"https:\/\/www.tischbein-metall.de\/fr\/a-propos-de-nousus\/#primaryimage"},"thumbnailUrl":"https:\/\/www.tischbein-metall.de\/wp-content\/uploads\/2024\/01\/noggi-logo-1.png","datePublished":"2022-11-18T10:47:09+00:00","dateModified":"2024-05-27T14:18:18+00:00","description":"\u00c0 Propos de Nous \u2013 Ton expert en pieds de table en m\u00e9tal \u2714\ufe0f Fabriqu\u00e9 en Europe \u2714\ufe0f Qualit\u00e9 sup\u00e9rieure \u2714\ufe0f Livraison rapide & gratuite","breadcrumb":{"@id":"https:\/\/www.tischbein-metall.de\/fr\/a-propos-de-nousus\/#breadcrumb"},"inLanguage":"fr-FR","potentialAction":[{"@type":"ReadAction","target":["https:\/\/www.tischbein-metall.de\/fr\/a-propos-de-nousus\/"]}]},{"@type":"ImageObject","inLanguage":"fr-FR","@id":"https:\/\/www.tischbein-metall.de\/fr\/a-propos-de-nousus\/#primaryimage","url":"https:\/\/www.tischbein-metall.de\/wp-content\/uploads\/2024\/01\/noggi-logo-1.png","contentUrl":"https:\/\/www.tischbein-metall.de\/wp-content\/uploads\/2024\/01\/noggi-logo-1.png"},{"@type":"BreadcrumbList","@id":"https:\/\/www.tischbein-metall.de\/fr\/a-propos-de-nousus\/#breadcrumb","itemListElement":[{"@type":"ListItem","position":1,"name":"Page d'accueil","item":"https:\/\/www.tischbein-metall.de\/fr\/"},{"@type":"ListItem","position":2,"name":"\u00c0 PROPOS DE NOUS"}]},{"@type":"WebSite","@id":"https:\/\/www.tischbein-metall.de\/#website","url":"https:\/\/www.tischbein-metall.de\/","name":"Ton expert en pieds de table en m\u00e9tal","description":"","potentialAction":[{"@type":"SearchAction","target":{"@type":"EntryPoint","urlTemplate":"https:\/\/www.tischbein-metall.de\/?s={search_term_string}"},"query-input":{"@type":"PropertyValueSpecification","valueRequired":true,"valueName":"search_term_string"}}],"inLanguage":"fr-FR"}]}},"_links":{"self":[{"href":"https:\/\/www.tischbein-metall.de\/fr\/wp-json\/wp\/v2\/pages\/14313","targetHints":{"allow":["GET"]}}],"collection":[{"href":"https:\/\/www.tischbein-metall.de\/fr\/wp-json\/wp\/v2\/pages"}],"about":[{"href":"https:\/\/www.tischbein-metall.de\/fr\/wp-json\/wp\/v2\/types\/page"}],"author":[{"embeddable":true,"href":"https:\/\/www.tischbein-metall.de\/fr\/wp-json\/wp\/v2\/users\/3"}],"replies":[{"embeddable":true,"href":"https:\/\/www.tischbein-metall.de\/fr\/wp-json\/wp\/v2\/comments?post=14313"}],"version-history":[{"count":23,"href":"https:\/\/www.tischbein-metall.de\/fr\/wp-json\/wp\/v2\/pages\/14313\/revisions"}],"predecessor-version":[{"id":24245,"href":"https:\/\/www.tischbein-metall.de\/fr\/wp-json\/wp\/v2\/pages\/14313\/revisions\/24245"}],"wp:attachment":[{"href":"https:\/\/www.tischbein-metall.de\/fr\/wp-json\/wp\/v2\/media?parent=14313"}],"curies":[{"name":"wp","href":"https:\/\/api.w.org\/{rel}","templated":true}]}}