{"id":14317,"date":"2022-10-31T11:59:02","date_gmt":"2022-10-31T10:59:02","guid":{"rendered":"https:\/\/www.tischbein-metall.de\/?page_id=14317"},"modified":"2024-02-09T16:14:56","modified_gmt":"2024-02-09T15:14:56","slug":"retour-et-reclamation","status":"publish","type":"page","link":"https:\/\/www.tischbein-metall.de\/fr\/retour-et-reclamation\/","title":{"rendered":"Retour et r\u00e9clamation"},"content":{"rendered":"\t\t<div data-elementor-type=\"wp-page\" data-elementor-id=\"14317\" class=\"elementor elementor-14317 elementor-11257\">\n\t\t\t\t<div class=\"elementor-element elementor-element-768a8f9 e-flex e-con-boxed e-con e-parent\" data-id=\"768a8f9\" data-element_type=\"container\">\n\t\t\t\t\t<div class=\"e-con-inner\">\n\t\t\t\t<div class=\"elementor-element elementor-element-465a8a50 elementor-widget elementor-widget-text-editor\" data-id=\"465a8a50\" data-element_type=\"widget\" data-widget_type=\"text-editor.default\">\n\t\t\t\t<div class=\"elementor-widget-container\">\n\t\t\t<style>\/*! elementor - v3.23.0 - 25-07-2024 *\/\n.elementor-widget-text-editor.elementor-drop-cap-view-stacked .elementor-drop-cap{background-color:#69727d;color:#fff}.elementor-widget-text-editor.elementor-drop-cap-view-framed .elementor-drop-cap{color:#69727d;border:3px solid;background-color:transparent}.elementor-widget-text-editor:not(.elementor-drop-cap-view-default) .elementor-drop-cap{margin-top:8px}.elementor-widget-text-editor:not(.elementor-drop-cap-view-default) .elementor-drop-cap-letter{width:1em;height:1em}.elementor-widget-text-editor .elementor-drop-cap{float:left;text-align:center;line-height:1;font-size:50px}.elementor-widget-text-editor .elementor-drop-cap-letter{display:inline-block}<\/style>\t\t\t\t\n<p>Il est possible qu&#8217;un article ne vous convienne pas. Vous pouvez annuler le contrat d&#8217;achat dans un d\u00e9lai de 30 jours \u00e0 compter de la r\u00e9ception de la marchandise et retourner celle-ci gratuitement dans un d\u00e9lai de 30 jours apr\u00e8s l&#8217;annulation, avec remboursement du prix d&#8217;achat. Vous trouverez nos instructions de r\u00e9tractation ici.<\/p>\n\n<p><strong>Je souhaite retourner un article command\u00e9:<\/strong><\/p>\n\n<p>Bien s\u00fbr, chez Noggi, vous b\u00e9n\u00e9ficiez d&#8217;un droit de <strong>r\u00e9tractation <\/strong>illimit\u00e9 dans les 30 jours suivant la r\u00e9ception de la marchandise. Veuillez nous contacter par e-mail \u00e0 l&#8217;adresse suivante: <a href=\"mailto:support@tischbein-metall.de\"><strong>support@tischbein-metall.de<\/strong><\/a>\u00a0ou remplir le <strong>formulaire de r\u00e9tractation<\/strong> pr\u00e9\u00e9tabli.<\/p>\n\n<p><strong>Important <\/strong>: Nous vous demandons de ne pas nous renvoyer votre commande sans commentaire et en port d\u00fb ! Apr\u00e8s r\u00e9ception de votre r\u00e9tractation, nous vous enverrons une \u00e9tiquette de retour avec laquelle vous pourrez nous renvoyer le colis.<\/p>\n\n<p>Nous vous remercions de votre compr\u00e9hension!<\/p>\n\n<p>Votre \u00e9quipe Noggi<\/p>\n\n<p>\u00a0<\/p>\n\n<p class=\"has-text-align-center has-large-font-size\"><strong>Retour et r\u00e9clamation<\/strong><\/p>\n\n<div class=\"wpforms-container wpforms-container-full wpforms-render-modern\" id=\"wpforms-15227\"><form id=\"wpforms-form-15227\" class=\"wpforms-validate wpforms-form wpforms-ajax-form\" data-formid=\"15227\" method=\"post\" enctype=\"multipart\/form-data\" action=\"\/fr\/wp-json\/wp\/v2\/pages\/14317\" data-token=\"c381becbbf0b86ec3bc19ceaee60adda\" data-token-time=\"1778261152\"><noscript class=\"wpforms-error-noscript\">Veuillez activer JavaScript dans votre navigateur pour remplir ce formulaire.<\/noscript><div class=\"wpforms-hidden\" id=\"wpforms-error-noscript\">Veuillez activer JavaScript dans votre navigateur pour remplir ce formulaire.<\/div><div class=\"wpforms-field-container\"><div id=\"wpforms-15227-field_0-container\" class=\"wpforms-field wpforms-field-name\" data-field-id=\"0\"><label class=\"wpforms-field-label\" for=\"wpforms-15227-field_0\">Nom <span class=\"wpforms-required-label\" aria-hidden=\"true\">*<\/span><\/label><input type=\"text\" id=\"wpforms-15227-field_0\" class=\"wpforms-field-medium wpforms-field-required\" name=\"wpforms[fields][0]\" aria-errormessage=\"wpforms-15227-field_0-error\" required><\/div><div id=\"wpforms-15227-field_1-container\" class=\"wpforms-field wpforms-field-email\" data-field-id=\"1\"><label class=\"wpforms-field-label\" for=\"wpforms-15227-field_1\">E-mail <span class=\"wpforms-required-label\" aria-hidden=\"true\">*<\/span><\/label><input type=\"email\" id=\"wpforms-15227-field_1\" class=\"wpforms-field-medium wpforms-field-required\" name=\"wpforms[fields][1]\" spellcheck=\"false\" aria-errormessage=\"wpforms-15227-field_1-error\" required><\/div><div id=\"wpforms-15227-field_3-container\" class=\"wpforms-field wpforms-field-select wpforms-field-select-style-classic\" data-field-id=\"3\"><label class=\"wpforms-field-label\" for=\"wpforms-15227-field_3\">Raison <span class=\"wpforms-required-label\" aria-hidden=\"true\">*<\/span><\/label><select id=\"wpforms-15227-field_3\" class=\"wpforms-field-medium wpforms-field-required\" name=\"wpforms[fields][3]\" required=\"required\"><option value=\"Veuillez s\u00e9lectionner\" >Veuillez s\u00e9lectionner<\/option><option value=\"Retour\" >Retour<\/option><option value=\"R\u00e9clamation\" >R\u00e9clamation<\/option><option value=\"R\u00e9vocation\" >R\u00e9vocation<\/option><\/select><\/div><div id=\"wpforms-15227-field_2-container\" class=\"wpforms-field wpforms-field-textarea\" data-field-id=\"2\"><label class=\"wpforms-field-label\" for=\"wpforms-15227-field_2\">Votre message <span class=\"wpforms-required-label\" aria-hidden=\"true\">*<\/span><\/label><textarea id=\"wpforms-15227-field_2\" class=\"wpforms-field-medium wpforms-field-required\" name=\"wpforms[fields][2]\" aria-errormessage=\"wpforms-15227-field_2-error\" required><\/textarea><\/div><div id=\"wpforms-15227-field_4-container\" class=\"wpforms-field wpforms-field-checkbox\" data-field-id=\"4\"><fieldset><legend class=\"wpforms-field-label\">D\u00e9claration de confidentialit\u00e9 <span class=\"wpforms-required-label\" aria-hidden=\"true\">*<\/span><\/legend><ul id=\"wpforms-15227-field_4\" class=\"wpforms-field-required\"><li class=\"choice-1 depth-1\"><input type=\"checkbox\" id=\"wpforms-15227-field_4_1\" name=\"wpforms[fields][4][]\" value=\"Je d\u00e9clare avoir pris connaissance de la &lt;a href=&quot;\/fr\/declaration-de-confidentialite&quot; style=&quot;color:#ed1b24;&quot;&gt;politique de confidentialit\u00e9&lt;\/a&gt;\" aria-errormessage=\"wpforms-15227-field_4_1-error\" aria-describedby=\"wpforms-15227-field_4-description\" required ><label class=\"wpforms-field-label-inline\" for=\"wpforms-15227-field_4_1\">Je d\u00e9clare avoir pris connaissance de la <a href=\"\/fr\/declaration-de-confidentialite\" style=\"color:#ed1b24\">politique de confidentialit\u00e9<\/a><\/label><\/li><\/ul><div id=\"wpforms-15227-field_4-description\" class=\"wpforms-field-description\">Le consentement peut \u00eatre r\u00e9voqu\u00e9 \u00e0 tout moment conform\u00e9ment \u00e0 l&#8217;article 7, paragraphe 3, du RGPD, par une communication informelle (par exemple par e-mail).<br><br>\r\n\r\nCe site Web est prot\u00e9g\u00e9 par reCAPTCHA. Les <a href=\"https:\/\/policies.google.com\/privacy?hl=fr\">r\u00e8gles de confidentialit\u00e9<\/a> et les <a href=\"https:\/\/policies.google.com\/terms?hl=fr\">conditions d&#8217;utilisation<\/a> de Google s&#8217;appliquent.<\/div><\/fieldset><\/div><\/div><!-- .wpforms-field-container --><div class=\"wpforms-recaptcha-container wpforms-is-recaptcha wpforms-is-recaptcha-type-v3\" ><input type=\"hidden\" name=\"wpforms[recaptcha]\" value=\"\"><\/div><div class=\"wpforms-submit-container\" ><input type=\"hidden\" name=\"wpforms[id]\" value=\"15227\"><input type=\"hidden\" name=\"page_title\" value=\"\"><input type=\"hidden\" name=\"page_url\" value=\"https:\/\/www.tischbein-metall.de\/fr\/wp-json\/wp\/v2\/pages\/14317\"><button type=\"submit\" name=\"wpforms[submit]\" id=\"wpforms-submit-15227\" class=\"wpforms-submit\" data-alt-text=\"Envoyer...\" data-submit-text=\"Envoyer\" aria-live=\"assertive\" value=\"wpforms-submit\">Envoyer<\/button><img decoding=\"async\" src=\"https:\/\/www.tischbein-metall.de\/wp-content\/plugins\/wpforms\/assets\/images\/submit-spin.svg\" class=\"wpforms-submit-spinner\" style=\"display: none;\" width=\"26\" height=\"26\" alt=\"Chargement en cours\"><\/div><\/form><\/div>  <!-- .wpforms-container -->\t\t\t\t\t\t<\/div>\n\t\t\t\t<\/div>\n\t\t\t\t\t<\/div>\n\t\t\t\t<\/div>\n\t\t\t\t<\/div>\n\t\t","protected":false},"excerpt":{"rendered":"<p>Il est possible qu&#8217;un article ne vous convienne pas. Vous pouvez annuler le contrat d&#8217;achat dans un d\u00e9lai de 30 jours \u00e0 compter de la r\u00e9ception de la marchandise et retourner celle-ci gratuitement dans un d\u00e9lai de 30 jours apr\u00e8s l&#8217;annulation, avec remboursement du prix d&#8217;achat. Vous trouverez nos instructions de r\u00e9tractation ici. Je souhaite [&hellip;]<\/p>\n","protected":false},"author":3,"featured_media":0,"parent":0,"menu_order":0,"comment_status":"closed","ping_status":"closed","template":"","meta":{"_acf_changed":false,"inline_featured_image":false,"footnotes":""},"class_list":["post-14317","page","type-page","status-publish","hentry"],"acf":[],"yoast_head":"<!-- This site is optimized with the Yoast SEO plugin v25.3 - https:\/\/yoast.com\/wordpress\/plugins\/seo\/ -->\n<title>Retour et r\u00e9clamation - Ton expert en pieds de table en m\u00e9tal<\/title>\n<meta name=\"description\" content=\"Retour et r\u00e9clamation \u2013 Ton expert en pieds de table en m\u00e9tal \u2714\ufe0f Fabriqu\u00e9 en Europe \u2714\ufe0f Qualit\u00e9 sup\u00e9rieure \u2714\ufe0f Livraison rapide &amp; gratuite\" \/>\n<meta name=\"robots\" content=\"index, follow, max-snippet:-1, max-image-preview:large, max-video-preview:-1\" \/>\n<link rel=\"canonical\" href=\"https:\/\/www.tischbein-metall.de\/nl\/retour-klacht\/\" \/>\n<meta property=\"og:locale\" content=\"fr_FR\" \/>\n<meta property=\"og:type\" content=\"article\" \/>\n<meta property=\"og:title\" content=\"Retour et r\u00e9clamation - Ton expert en pieds de table en m\u00e9tal\" \/>\n<meta property=\"og:description\" content=\"Retour et r\u00e9clamation \u2013 Ton expert en pieds de table en m\u00e9tal \u2714\ufe0f Fabriqu\u00e9 en Europe \u2714\ufe0f Qualit\u00e9 sup\u00e9rieure \u2714\ufe0f Livraison rapide &amp; gratuite\" \/>\n<meta property=\"og:url\" content=\"https:\/\/www.tischbein-metall.de\/nl\/retour-klacht\/\" \/>\n<meta property=\"og:site_name\" content=\"Ton expert en pieds de table en m\u00e9tal\" \/>\n<meta property=\"article:modified_time\" content=\"2024-02-09T15:14:56+00:00\" \/>\n<meta name=\"twitter:card\" content=\"summary_large_image\" \/>\n<meta name=\"twitter:label1\" content=\"Dur\u00e9e de lecture estim\u00e9e\" \/>\n\t<meta name=\"twitter:data1\" content=\"1 minute\" \/>\n<script type=\"application\/ld+json\" class=\"yoast-schema-graph\">{\"@context\":\"https:\/\/schema.org\",\"@graph\":[{\"@type\":\"WebPage\",\"@id\":\"https:\/\/www.tischbein-metall.de\/nl\/retour-klacht\/\",\"url\":\"https:\/\/www.tischbein-metall.de\/nl\/retour-klacht\/\",\"name\":\"Retour et r\u00e9clamation - Ton expert en pieds de table en m\u00e9tal\",\"isPartOf\":{\"@id\":\"https:\/\/www.tischbein-metall.de\/#website\"},\"datePublished\":\"2022-10-31T10:59:02+00:00\",\"dateModified\":\"2024-02-09T15:14:56+00:00\",\"description\":\"Retour et r\u00e9clamation \u2013 Ton expert en pieds de table en m\u00e9tal \u2714\ufe0f Fabriqu\u00e9 en Europe \u2714\ufe0f Qualit\u00e9 sup\u00e9rieure \u2714\ufe0f Livraison rapide & gratuite\",\"breadcrumb\":{\"@id\":\"https:\/\/www.tischbein-metall.de\/nl\/retour-klacht\/#breadcrumb\"},\"inLanguage\":\"fr-FR\",\"potentialAction\":[{\"@type\":\"ReadAction\",\"target\":[\"https:\/\/www.tischbein-metall.de\/nl\/retour-klacht\/\"]}]},{\"@type\":\"BreadcrumbList\",\"@id\":\"https:\/\/www.tischbein-metall.de\/nl\/retour-klacht\/#breadcrumb\",\"itemListElement\":[{\"@type\":\"ListItem\",\"position\":1,\"name\":\"Page d'accueil\",\"item\":\"https:\/\/www.tischbein-metall.de\/fr\/\"},{\"@type\":\"ListItem\",\"position\":2,\"name\":\"Retour et r\u00e9clamation\"}]},{\"@type\":\"WebSite\",\"@id\":\"https:\/\/www.tischbein-metall.de\/#website\",\"url\":\"https:\/\/www.tischbein-metall.de\/\",\"name\":\"Ton expert en pieds de table en m\u00e9tal\",\"description\":\"\",\"potentialAction\":[{\"@type\":\"SearchAction\",\"target\":{\"@type\":\"EntryPoint\",\"urlTemplate\":\"https:\/\/www.tischbein-metall.de\/?s={search_term_string}\"},\"query-input\":{\"@type\":\"PropertyValueSpecification\",\"valueRequired\":true,\"valueName\":\"search_term_string\"}}],\"inLanguage\":\"fr-FR\"}]}<\/script>\n<!-- \/ Yoast SEO plugin. -->","yoast_head_json":{"title":"Retour et r\u00e9clamation - Ton expert en pieds de table en m\u00e9tal","description":"Retour et r\u00e9clamation \u2013 Ton expert en pieds de table en m\u00e9tal \u2714\ufe0f Fabriqu\u00e9 en Europe \u2714\ufe0f Qualit\u00e9 sup\u00e9rieure \u2714\ufe0f Livraison rapide & gratuite","robots":{"index":"index","follow":"follow","max-snippet":"max-snippet:-1","max-image-preview":"max-image-preview:large","max-video-preview":"max-video-preview:-1"},"canonical":"https:\/\/www.tischbein-metall.de\/nl\/retour-klacht\/","og_locale":"fr_FR","og_type":"article","og_title":"Retour et r\u00e9clamation - Ton expert en pieds de table en m\u00e9tal","og_description":"Retour et r\u00e9clamation \u2013 Ton expert en pieds de table en m\u00e9tal \u2714\ufe0f Fabriqu\u00e9 en Europe \u2714\ufe0f Qualit\u00e9 sup\u00e9rieure \u2714\ufe0f Livraison rapide & gratuite","og_url":"https:\/\/www.tischbein-metall.de\/nl\/retour-klacht\/","og_site_name":"Ton expert en pieds de table en m\u00e9tal","article_modified_time":"2024-02-09T15:14:56+00:00","twitter_card":"summary_large_image","twitter_misc":{"Dur\u00e9e de lecture estim\u00e9e":"1 minute"},"schema":{"@context":"https:\/\/schema.org","@graph":[{"@type":"WebPage","@id":"https:\/\/www.tischbein-metall.de\/nl\/retour-klacht\/","url":"https:\/\/www.tischbein-metall.de\/nl\/retour-klacht\/","name":"Retour et r\u00e9clamation - Ton expert en pieds de table en m\u00e9tal","isPartOf":{"@id":"https:\/\/www.tischbein-metall.de\/#website"},"datePublished":"2022-10-31T10:59:02+00:00","dateModified":"2024-02-09T15:14:56+00:00","description":"Retour et r\u00e9clamation \u2013 Ton expert en pieds de table en m\u00e9tal \u2714\ufe0f Fabriqu\u00e9 en Europe \u2714\ufe0f Qualit\u00e9 sup\u00e9rieure \u2714\ufe0f Livraison rapide & gratuite","breadcrumb":{"@id":"https:\/\/www.tischbein-metall.de\/nl\/retour-klacht\/#breadcrumb"},"inLanguage":"fr-FR","potentialAction":[{"@type":"ReadAction","target":["https:\/\/www.tischbein-metall.de\/nl\/retour-klacht\/"]}]},{"@type":"BreadcrumbList","@id":"https:\/\/www.tischbein-metall.de\/nl\/retour-klacht\/#breadcrumb","itemListElement":[{"@type":"ListItem","position":1,"name":"Page d'accueil","item":"https:\/\/www.tischbein-metall.de\/fr\/"},{"@type":"ListItem","position":2,"name":"Retour et r\u00e9clamation"}]},{"@type":"WebSite","@id":"https:\/\/www.tischbein-metall.de\/#website","url":"https:\/\/www.tischbein-metall.de\/","name":"Ton expert en pieds de table en m\u00e9tal","description":"","potentialAction":[{"@type":"SearchAction","target":{"@type":"EntryPoint","urlTemplate":"https:\/\/www.tischbein-metall.de\/?s={search_term_string}"},"query-input":{"@type":"PropertyValueSpecification","valueRequired":true,"valueName":"search_term_string"}}],"inLanguage":"fr-FR"}]}},"_links":{"self":[{"href":"https:\/\/www.tischbein-metall.de\/fr\/wp-json\/wp\/v2\/pages\/14317","targetHints":{"allow":["GET"]}}],"collection":[{"href":"https:\/\/www.tischbein-metall.de\/fr\/wp-json\/wp\/v2\/pages"}],"about":[{"href":"https:\/\/www.tischbein-metall.de\/fr\/wp-json\/wp\/v2\/types\/page"}],"author":[{"embeddable":true,"href":"https:\/\/www.tischbein-metall.de\/fr\/wp-json\/wp\/v2\/users\/3"}],"replies":[{"embeddable":true,"href":"https:\/\/www.tischbein-metall.de\/fr\/wp-json\/wp\/v2\/comments?post=14317"}],"version-history":[{"count":9,"href":"https:\/\/www.tischbein-metall.de\/fr\/wp-json\/wp\/v2\/pages\/14317\/revisions"}],"predecessor-version":[{"id":22017,"href":"https:\/\/www.tischbein-metall.de\/fr\/wp-json\/wp\/v2\/pages\/14317\/revisions\/22017"}],"wp:attachment":[{"href":"https:\/\/www.tischbein-metall.de\/fr\/wp-json\/wp\/v2\/media?parent=14317"}],"curies":[{"name":"wp","href":"https:\/\/api.w.org\/{rel}","templated":true}]}}