{"id":19189,"date":"2023-11-16T17:29:39","date_gmt":"2023-11-16T16:29:39","guid":{"rendered":"https:\/\/www.tischbein-metall.de\/treuepunkteprogramm\/"},"modified":"2024-05-27T16:29:20","modified_gmt":"2024-05-27T14:29:20","slug":"programme-de-fidelite","status":"publish","type":"page","link":"https:\/\/www.tischbein-metall.de\/fr\/programme-de-fidelite\/","title":{"rendered":"Programme de fid\u00e9lit\u00e9"},"content":{"rendered":"\t\t<div data-elementor-type=\"wp-page\" data-elementor-id=\"19189\" class=\"elementor elementor-19189 elementor-19136\">\n\t\t\t\t\t\t<section class=\"elementor-section elementor-top-section elementor-element elementor-element-49a214c4 elementor-section-full_width elementor-section-height-default elementor-section-height-default\" data-id=\"49a214c4\" data-element_type=\"section\">\n\t\t\t\t\t\t<div class=\"elementor-container elementor-column-gap-no\">\n\t\t\t\t\t<div class=\"elementor-column elementor-col-100 elementor-top-column elementor-element elementor-element-13a1510b\" data-id=\"13a1510b\" data-element_type=\"column\">\n\t\t\t<div class=\"elementor-widget-wrap elementor-element-populated\">\n\t\t\t\t\t\t<div class=\"elementor-element elementor-element-3c6a3012 razzi--h-position-center razzi--v-position-middle razzi-slide-banner__ratio--169 razzi-slides-elementor--arrow-style-1 razzi-slides-elementor--dots-style-1 elementor-widget elementor-widget-razzi-slides\" data-id=\"3c6a3012\" data-element_type=\"widget\" data-settings=\"{&quot;effect&quot;:&quot;fade&quot;,&quot;autoplay&quot;:&quot;yes&quot;,&quot;delay&quot;:3000,&quot;autoplay_speed&quot;:1000,&quot;aspect_ratio&quot;:&quot;169&quot;}\" data-widget_type=\"razzi-slides.default\">\n\t\t\t\t<div class=\"elementor-widget-container\">\n\t\t\t<div class=\"razzi-slides-elementor razzi-swiper-carousel-elementor razzi-swiper-slider-elementor navigation-arrows navigation-tablet-arrows navigation-mobile-arrows\">\r\n\t\t\t\t<div class=\"razzi-slides-elementor__wrapper swiper-container\">\r\n\t\t\t\t\t<div class=\"razzi-slides-elementor__inner swiper-wrapper\"><div  class=\"elementor-repeater-item-396798a item-slider swiper-slide \"><div class=\"slick-slide-inner container\"><div class=\"razzi-slide-content\"><div class=\"razzi-slide-heading\">Programme de fid\u00e9lit\u00e9<\/div><div class=\"razzi-slide-button\"><\/div><\/div><\/div><\/div><\/div>\r\n\t\t\t\t<\/div>\r\n\t\t\t\t\r\n\t\t\t<\/div>\t\t<\/div>\n\t\t\t\t<\/div>\n\t\t\t\t\t<\/div>\n\t\t<\/div>\n\t\t\t\t\t<\/div>\n\t\t<\/section>\n\t\t\t\t<section class=\"elementor-section elementor-top-section elementor-element elementor-element-6d561be0 elementor-section-boxed elementor-section-height-default elementor-section-height-default\" data-id=\"6d561be0\" data-element_type=\"section\">\n\t\t\t\t\t\t<div class=\"elementor-container elementor-column-gap-default\">\n\t\t\t\t\t<div class=\"elementor-column elementor-col-100 elementor-top-column elementor-element elementor-element-6f3844ff\" data-id=\"6f3844ff\" data-element_type=\"column\">\n\t\t\t<div class=\"elementor-widget-wrap elementor-element-populated\">\n\t\t\t\t\t\t<div class=\"elementor-element elementor-element-6122c379 elementor-widget elementor-widget-heading\" data-id=\"6122c379\" data-element_type=\"widget\" data-widget_type=\"heading.default\">\n\t\t\t\t<div class=\"elementor-widget-container\">\n\t\t\t<style>\/*! elementor - v3.23.0 - 25-07-2024 *\/\n.elementor-heading-title{padding:0;margin:0;line-height:1}.elementor-widget-heading .elementor-heading-title[class*=elementor-size-]>a{color:inherit;font-size:inherit;line-height:inherit}.elementor-widget-heading .elementor-heading-title.elementor-size-small{font-size:15px}.elementor-widget-heading .elementor-heading-title.elementor-size-medium{font-size:19px}.elementor-widget-heading .elementor-heading-title.elementor-size-large{font-size:29px}.elementor-widget-heading .elementor-heading-title.elementor-size-xl{font-size:39px}.elementor-widget-heading .elementor-heading-title.elementor-size-xxl{font-size:59px}<\/style><h1 class=\"elementor-heading-title elementor-size-default\">Bienvenue dans le programme de fid\u00e9lit\u00e9 Noggi!<\/h1>\t\t<\/div>\n\t\t\t\t<\/div>\n\t\t\t\t\t<\/div>\n\t\t<\/div>\n\t\t\t\t\t<\/div>\n\t\t<\/section>\n\t\t\t\t<section class=\"elementor-section elementor-top-section elementor-element elementor-element-11ae71b4 elementor-section-boxed elementor-section-height-default elementor-section-height-default\" data-id=\"11ae71b4\" data-element_type=\"section\">\n\t\t\t\t\t\t<div class=\"elementor-container elementor-column-gap-default\">\n\t\t\t\t\t<div class=\"elementor-column elementor-col-100 elementor-top-column elementor-element elementor-element-347a14f3\" data-id=\"347a14f3\" data-element_type=\"column\">\n\t\t\t<div class=\"elementor-widget-wrap elementor-element-populated\">\n\t\t\t\t\t\t<div class=\"elementor-element elementor-element-376a0e82 elementor-widget elementor-widget-text-editor\" data-id=\"376a0e82\" data-element_type=\"widget\" data-widget_type=\"text-editor.default\">\n\t\t\t\t<div class=\"elementor-widget-container\">\n\t\t\t<style>\/*! elementor - v3.23.0 - 25-07-2024 *\/\n.elementor-widget-text-editor.elementor-drop-cap-view-stacked .elementor-drop-cap{background-color:#69727d;color:#fff}.elementor-widget-text-editor.elementor-drop-cap-view-framed .elementor-drop-cap{color:#69727d;border:3px solid;background-color:transparent}.elementor-widget-text-editor:not(.elementor-drop-cap-view-default) .elementor-drop-cap{margin-top:8px}.elementor-widget-text-editor:not(.elementor-drop-cap-view-default) .elementor-drop-cap-letter{width:1em;height:1em}.elementor-widget-text-editor .elementor-drop-cap{float:left;text-align:center;line-height:1;font-size:50px}.elementor-widget-text-editor .elementor-drop-cap-letter{display:inline-block}<\/style>\t\t\t\t<h2 style=\"font-size: 18px;\">Appr\u00e9ciation du Client &#8211; Notre Priorit\u00e9<\/h2>\n<p>Chez Noggi, nous appr\u00e9cions chacun de nos clients. Notre nouveau programme de fid\u00e9lit\u00e9 est notre fa\u00e7on de vous remercier pour votre fid\u00e9lit\u00e9 et votre confiance.<\/p>\n<h3 style=\"font-size: 18px;\">Gagnez des points \u00e0 chaque achat<\/h3>\n<p>Pour chaque euro que vous d\u00e9pensez chez nous, vous recevez un point de fid\u00e9lit\u00e9. Chaque point de fid\u00e9lit\u00e9 \u00e9quivaut \u00e0 0,05\u20ac. Cela signifie que pour un achat de 100\u20ac, vous recevez une prime de fid\u00e9lit\u00e9 de 5\u20ac que vous pouvez utiliser pour vos achats futurs.<\/p>\n<h3 style=\"font-size: 18px;\">Pour qui est notre programme de fid\u00e9lit\u00e9?<\/h3>\n<p>Notre programme de fid\u00e9lit\u00e9 est id\u00e9al pour une large gamme de professionnels et d&#8217;enthousiastes : designers et fabricants de meubles, architectes d&#8217;int\u00e9rieur, exploitants de restaurants, artisans, restaurateurs, amateurs, menuisiers, bricoleurs, fournisseurs de bureau et tous les amateurs de tables.<\/p>\n<h3 style=\"font-size: 18px;\">Quand et comment pouvez-vous utiliser vos points de fid\u00e9lit\u00e9?<\/h3>\n<p>Apr\u00e8s le paiement de votre commande, vos points de fid\u00e9lit\u00e9 sont imm\u00e9diatement disponibles. Vous pouvez facilement les utiliser lors de votre prochaine commande \u00e0 la caisse.<\/p>\n<h3 style=\"font-size: 18px;\">Transparent et \u00e9quitable, m\u00eame en cas de retour<\/h3>\n<p>Si vous d\u00e9cidez de retourner un article, les points de fid\u00e9lit\u00e9 obtenus pour cet article seront annul\u00e9s en cons\u00e9quence.<\/p>\n<h3 style=\"font-size: 18px;\">Toujours \u00e0 l&#8217;\u0153il : vos points de fid\u00e9lit\u00e9<\/h3>\n<p>Vous pouvez voir les points \u00e0 recevoir lors de votre premi\u00e8re commande directement \u00e0 la caisse. Les points d\u00e9j\u00e0 accumul\u00e9s se trouvent dans votre compte utilisateur sous l&#8217;onglet &#8220;Points de fid\u00e9lit\u00e9&#8221;.<\/p>\n<h3 style=\"font-size: 18px;\">\u00c9change de points : facile et automatique<\/h3>\n<p>Vous pouvez facilement et automatiquement ajouter vos points de fid\u00e9lit\u00e9 accumul\u00e9s \u00e0 votre commande \u00e0 la caisse.<\/p>\n<h3 style=\"font-size: 18px;\">Informations importantes sur le paiement des points de fid\u00e9lit\u00e9<\/h3>\n<p>Veuillez noter que les points de fid\u00e9lit\u00e9 ne peuvent pas \u00eatre pay\u00e9s en esp\u00e8ces. Les points de fid\u00e9lit\u00e9 ne peuvent \u00eatre utilis\u00e9s que pour les achats sur notre site web.<\/p>\n<h3 style=\"font-size: 18px;\">Expiration des points de fid\u00e9lit\u00e9<\/h3>\n<div>Les points de fid\u00e9lit\u00e9 sont valables ind\u00e9finiment.<\/div>\t\t\t\t\t\t<\/div>\n\t\t\t\t<\/div>\n\t\t\t\t\t<\/div>\n\t\t<\/div>\n\t\t\t\t\t<\/div>\n\t\t<\/section>\n\t\t\t\t<section class=\"elementor-section elementor-top-section elementor-element elementor-element-5a58834 elementor-section-boxed elementor-section-height-default elementor-section-height-default\" data-id=\"5a58834\" data-element_type=\"section\">\n\t\t\t\t\t\t<div class=\"elementor-container elementor-column-gap-default\">\n\t\t\t\t\t<div class=\"elementor-column elementor-col-100 elementor-top-column elementor-element elementor-element-8200d13\" data-id=\"8200d13\" data-element_type=\"column\">\n\t\t\t<div class=\"elementor-widget-wrap elementor-element-populated\">\n\t\t\t\t\t\t<div class=\"elementor-element elementor-element-5e18617 elementor-align-center elementor-widget elementor-widget-button\" data-id=\"5e18617\" data-element_type=\"widget\" data-widget_type=\"button.default\">\n\t\t\t\t<div class=\"elementor-widget-container\">\n\t\t\t\t\t<div class=\"elementor-button-wrapper\">\n\t\t\t<a class=\"elementor-button elementor-button-link elementor-size-md\" href=\"\/fr\/\">\n\t\t\t\t\t\t<span class=\"elementor-button-content-wrapper\">\n\t\t\t\t\t\t\t\t\t<span class=\"elementor-button-text\">Gagnez des points de fid\u00e9lit\u00e9 d\u00e8s maintenant*<\/span>\n\t\t\t\t\t<\/span>\n\t\t\t\t\t<\/a>\n\t\t<\/div>\n\t\t\t\t<\/div>\n\t\t\t\t<\/div>\n\t\t\t\t\t<\/div>\n\t\t<\/div>\n\t\t\t\t\t<\/div>\n\t\t<\/section>\n\t\t\t\t<section class=\"elementor-section elementor-top-section elementor-element elementor-element-8414448 elementor-section-boxed elementor-section-height-default elementor-section-height-default\" data-id=\"8414448\" data-element_type=\"section\">\n\t\t\t\t\t\t<div class=\"elementor-container elementor-column-gap-default\">\n\t\t\t\t\t<div class=\"elementor-column elementor-col-100 elementor-top-column elementor-element elementor-element-33b5cf2\" data-id=\"33b5cf2\" data-element_type=\"column\">\n\t\t\t<div class=\"elementor-widget-wrap elementor-element-populated\">\n\t\t\t\t\t\t<div class=\"elementor-element elementor-element-e75b57f elementor-widget elementor-widget-text-editor\" data-id=\"e75b57f\" data-element_type=\"widget\" data-widget_type=\"text-editor.default\">\n\t\t\t\t<div class=\"elementor-widget-container\">\n\t\t\t\t\t\t\t<p>*L&#8217;inscription au programme de fid\u00e9lit\u00e9 est <strong>gratuite<\/strong> et <strong>automatique<\/strong> d\u00e8s votre premier achat.<\/p>\t\t\t\t\t\t<\/div>\n\t\t\t\t<\/div>\n\t\t\t\t\t<\/div>\n\t\t<\/div>\n\t\t\t\t\t<\/div>\n\t\t<\/section>\n\t\t\t\t<\/div>\n\t\t","protected":false},"excerpt":{"rendered":"<p>Programme de fid\u00e9lit\u00e9 Bienvenue dans le programme de fid\u00e9lit\u00e9 Noggi! Appr\u00e9ciation du Client &#8211; Notre Priorit\u00e9 Chez Noggi, nous appr\u00e9cions chacun de nos clients. Notre nouveau programme de fid\u00e9lit\u00e9 est notre fa\u00e7on de vous remercier pour votre fid\u00e9lit\u00e9 et votre confiance. Gagnez des points \u00e0 chaque achat Pour chaque euro que vous d\u00e9pensez chez nous, [&hellip;]<\/p>\n","protected":false},"author":1,"featured_media":0,"parent":0,"menu_order":0,"comment_status":"closed","ping_status":"closed","template":"","meta":{"_acf_changed":false,"inline_featured_image":false,"footnotes":""},"class_list":["post-19189","page","type-page","status-publish","hentry"],"acf":[],"yoast_head":"<!-- This site is optimized with the Yoast SEO plugin v25.3 - https:\/\/yoast.com\/wordpress\/plugins\/seo\/ -->\n<title>Programme de fid\u00e9lit\u00e9 - Ton expert en pieds de table en m\u00e9tal<\/title>\n<meta name=\"description\" content=\"Rejoignez le programme de fid\u00e9lit\u00e9 de Tischbein Metall et b\u00e9n\u00e9ficiez d&#039;avantages exclusifs sur vos achats.\" \/>\n<meta name=\"robots\" content=\"index, follow, max-snippet:-1, max-image-preview:large, max-video-preview:-1\" \/>\n<link rel=\"canonical\" href=\"https:\/\/www.tischbein-metall.de\/fr\/programme-de-fidelite\/\" \/>\n<meta property=\"og:locale\" content=\"fr_FR\" \/>\n<meta property=\"og:type\" content=\"article\" \/>\n<meta property=\"og:title\" content=\"Programme de fid\u00e9lit\u00e9 - Ton expert en pieds de table en m\u00e9tal\" \/>\n<meta property=\"og:description\" content=\"Rejoignez le programme de fid\u00e9lit\u00e9 de Tischbein Metall et b\u00e9n\u00e9ficiez d&#039;avantages exclusifs sur vos achats.\" \/>\n<meta property=\"og:url\" content=\"https:\/\/www.tischbein-metall.de\/fr\/programme-de-fidelite\/\" \/>\n<meta property=\"og:site_name\" content=\"Ton expert en pieds de table en m\u00e9tal\" \/>\n<meta property=\"article:modified_time\" content=\"2024-05-27T14:29:20+00:00\" \/>\n<meta name=\"twitter:card\" content=\"summary_large_image\" \/>\n<meta name=\"twitter:label1\" content=\"Dur\u00e9e de lecture estim\u00e9e\" \/>\n\t<meta name=\"twitter:data1\" content=\"2 minutes\" \/>\n<script type=\"application\/ld+json\" class=\"yoast-schema-graph\">{\"@context\":\"https:\/\/schema.org\",\"@graph\":[{\"@type\":\"WebPage\",\"@id\":\"https:\/\/www.tischbein-metall.de\/fr\/programme-de-fidelite\/\",\"url\":\"https:\/\/www.tischbein-metall.de\/fr\/programme-de-fidelite\/\",\"name\":\"Programme de fid\u00e9lit\u00e9 - Ton expert en pieds de table en m\u00e9tal\",\"isPartOf\":{\"@id\":\"https:\/\/www.tischbein-metall.de\/#website\"},\"datePublished\":\"2023-11-16T16:29:39+00:00\",\"dateModified\":\"2024-05-27T14:29:20+00:00\",\"description\":\"Rejoignez le programme de fid\u00e9lit\u00e9 de Tischbein Metall et b\u00e9n\u00e9ficiez d'avantages exclusifs sur vos achats.\",\"breadcrumb\":{\"@id\":\"https:\/\/www.tischbein-metall.de\/fr\/programme-de-fidelite\/#breadcrumb\"},\"inLanguage\":\"fr-FR\",\"potentialAction\":[{\"@type\":\"ReadAction\",\"target\":[\"https:\/\/www.tischbein-metall.de\/fr\/programme-de-fidelite\/\"]}]},{\"@type\":\"BreadcrumbList\",\"@id\":\"https:\/\/www.tischbein-metall.de\/fr\/programme-de-fidelite\/#breadcrumb\",\"itemListElement\":[{\"@type\":\"ListItem\",\"position\":1,\"name\":\"Page d'accueil\",\"item\":\"https:\/\/www.tischbein-metall.de\/fr\/\"},{\"@type\":\"ListItem\",\"position\":2,\"name\":\"Programme de fid\u00e9lit\u00e9\"}]},{\"@type\":\"WebSite\",\"@id\":\"https:\/\/www.tischbein-metall.de\/#website\",\"url\":\"https:\/\/www.tischbein-metall.de\/\",\"name\":\"Ton expert en pieds de table en m\u00e9tal\",\"description\":\"\",\"potentialAction\":[{\"@type\":\"SearchAction\",\"target\":{\"@type\":\"EntryPoint\",\"urlTemplate\":\"https:\/\/www.tischbein-metall.de\/?s={search_term_string}\"},\"query-input\":{\"@type\":\"PropertyValueSpecification\",\"valueRequired\":true,\"valueName\":\"search_term_string\"}}],\"inLanguage\":\"fr-FR\"}]}<\/script>\n<!-- \/ Yoast SEO plugin. -->","yoast_head_json":{"title":"Programme de fid\u00e9lit\u00e9 - Ton expert en pieds de table en m\u00e9tal","description":"Rejoignez le programme de fid\u00e9lit\u00e9 de Tischbein Metall et b\u00e9n\u00e9ficiez d'avantages exclusifs sur vos achats.","robots":{"index":"index","follow":"follow","max-snippet":"max-snippet:-1","max-image-preview":"max-image-preview:large","max-video-preview":"max-video-preview:-1"},"canonical":"https:\/\/www.tischbein-metall.de\/fr\/programme-de-fidelite\/","og_locale":"fr_FR","og_type":"article","og_title":"Programme de fid\u00e9lit\u00e9 - Ton expert en pieds de table en m\u00e9tal","og_description":"Rejoignez le programme de fid\u00e9lit\u00e9 de Tischbein Metall et b\u00e9n\u00e9ficiez d'avantages exclusifs sur vos achats.","og_url":"https:\/\/www.tischbein-metall.de\/fr\/programme-de-fidelite\/","og_site_name":"Ton expert en pieds de table en m\u00e9tal","article_modified_time":"2024-05-27T14:29:20+00:00","twitter_card":"summary_large_image","twitter_misc":{"Dur\u00e9e de lecture estim\u00e9e":"2 minutes"},"schema":{"@context":"https:\/\/schema.org","@graph":[{"@type":"WebPage","@id":"https:\/\/www.tischbein-metall.de\/fr\/programme-de-fidelite\/","url":"https:\/\/www.tischbein-metall.de\/fr\/programme-de-fidelite\/","name":"Programme de fid\u00e9lit\u00e9 - Ton expert en pieds de table en m\u00e9tal","isPartOf":{"@id":"https:\/\/www.tischbein-metall.de\/#website"},"datePublished":"2023-11-16T16:29:39+00:00","dateModified":"2024-05-27T14:29:20+00:00","description":"Rejoignez le programme de fid\u00e9lit\u00e9 de Tischbein Metall et b\u00e9n\u00e9ficiez d'avantages exclusifs sur vos achats.","breadcrumb":{"@id":"https:\/\/www.tischbein-metall.de\/fr\/programme-de-fidelite\/#breadcrumb"},"inLanguage":"fr-FR","potentialAction":[{"@type":"ReadAction","target":["https:\/\/www.tischbein-metall.de\/fr\/programme-de-fidelite\/"]}]},{"@type":"BreadcrumbList","@id":"https:\/\/www.tischbein-metall.de\/fr\/programme-de-fidelite\/#breadcrumb","itemListElement":[{"@type":"ListItem","position":1,"name":"Page d'accueil","item":"https:\/\/www.tischbein-metall.de\/fr\/"},{"@type":"ListItem","position":2,"name":"Programme de fid\u00e9lit\u00e9"}]},{"@type":"WebSite","@id":"https:\/\/www.tischbein-metall.de\/#website","url":"https:\/\/www.tischbein-metall.de\/","name":"Ton expert en pieds de table en m\u00e9tal","description":"","potentialAction":[{"@type":"SearchAction","target":{"@type":"EntryPoint","urlTemplate":"https:\/\/www.tischbein-metall.de\/?s={search_term_string}"},"query-input":{"@type":"PropertyValueSpecification","valueRequired":true,"valueName":"search_term_string"}}],"inLanguage":"fr-FR"}]}},"_links":{"self":[{"href":"https:\/\/www.tischbein-metall.de\/fr\/wp-json\/wp\/v2\/pages\/19189","targetHints":{"allow":["GET"]}}],"collection":[{"href":"https:\/\/www.tischbein-metall.de\/fr\/wp-json\/wp\/v2\/pages"}],"about":[{"href":"https:\/\/www.tischbein-metall.de\/fr\/wp-json\/wp\/v2\/types\/page"}],"author":[{"embeddable":true,"href":"https:\/\/www.tischbein-metall.de\/fr\/wp-json\/wp\/v2\/users\/1"}],"replies":[{"embeddable":true,"href":"https:\/\/www.tischbein-metall.de\/fr\/wp-json\/wp\/v2\/comments?post=19189"}],"version-history":[{"count":13,"href":"https:\/\/www.tischbein-metall.de\/fr\/wp-json\/wp\/v2\/pages\/19189\/revisions"}],"predecessor-version":[{"id":21606,"href":"https:\/\/www.tischbein-metall.de\/fr\/wp-json\/wp\/v2\/pages\/19189\/revisions\/21606"}],"wp:attachment":[{"href":"https:\/\/www.tischbein-metall.de\/fr\/wp-json\/wp\/v2\/media?parent=19189"}],"curies":[{"name":"wp","href":"https:\/\/api.w.org\/{rel}","templated":true}]}}