{"id":36499,"date":"2025-02-11T17:12:35","date_gmt":"2025-02-11T16:12:35","guid":{"rendered":"https:\/\/www.tischbein-metall.de\/wohnraum-und-garten\/"},"modified":"2025-02-26T10:06:51","modified_gmt":"2025-02-26T09:06:51","slug":"salon-et-jardin","status":"publish","type":"page","link":"https:\/\/www.tischbein-metall.de\/fr\/salon-et-jardin\/","title":{"rendered":"Salon &amp; Jardin"},"content":{"rendered":"\t\t<div data-elementor-type=\"wp-page\" data-elementor-id=\"36499\" class=\"elementor elementor-36499 elementor-35409\">\n\t\t\t\t\t\t<section class=\"elementor-section elementor-top-section elementor-element elementor-element-c8a5628 elementor-section-full_width elementor-section-height-default elementor-section-height-default\" data-id=\"c8a5628\" data-element_type=\"section\">\n\t\t\t\t\t\t<div class=\"elementor-container elementor-column-gap-no\">\n\t\t\t\t\t<div class=\"elementor-column elementor-col-100 elementor-top-column elementor-element elementor-element-c0a72ce\" data-id=\"c0a72ce\" data-element_type=\"column\">\n\t\t\t<div class=\"elementor-widget-wrap elementor-element-populated\">\n\t\t\t\t\t\t<div class=\"elementor-element elementor-element-b1681a6 elementor-widget elementor-widget-heading\" data-id=\"b1681a6\" data-element_type=\"widget\" data-widget_type=\"heading.default\">\n\t\t\t\t<div class=\"elementor-widget-container\">\n\t\t\t<style>\/*! elementor - v3.23.0 - 25-07-2024 *\/\n.elementor-heading-title{padding:0;margin:0;line-height:1}.elementor-widget-heading .elementor-heading-title[class*=elementor-size-]>a{color:inherit;font-size:inherit;line-height:inherit}.elementor-widget-heading .elementor-heading-title.elementor-size-small{font-size:15px}.elementor-widget-heading .elementor-heading-title.elementor-size-medium{font-size:19px}.elementor-widget-heading .elementor-heading-title.elementor-size-large{font-size:29px}.elementor-widget-heading .elementor-heading-title.elementor-size-xl{font-size:39px}.elementor-widget-heading .elementor-heading-title.elementor-size-xxl{font-size:59px}<\/style><h1 class=\"elementor-heading-title elementor-size-default\">Salon & Jardin<\/h1>\t\t<\/div>\n\t\t\t\t<\/div>\n\t\t\t\t\t<\/div>\n\t\t<\/div>\n\t\t\t\t\t<\/div>\n\t\t<\/section>\n\t\t\t\t<section class=\"elementor-section elementor-top-section elementor-element elementor-element-ce2cb75 elementor-section-boxed elementor-section-height-default elementor-section-height-default\" data-id=\"ce2cb75\" data-element_type=\"section\">\n\t\t\t\t\t\t<div class=\"elementor-container elementor-column-gap-default\">\n\t\t\t\t\t<div class=\"elementor-column elementor-col-100 elementor-top-column elementor-element elementor-element-30d6e51\" data-id=\"30d6e51\" data-element_type=\"column\">\n\t\t\t<div class=\"elementor-widget-wrap elementor-element-populated\">\n\t\t\t\t\t\t<div class=\"elementor-element elementor-element-96207b0 elementor-widget elementor-widget-razzi-products-grid\" data-id=\"96207b0\" data-element_type=\"widget\" data-settings=\"{&quot;columns&quot;:3,&quot;products&quot;:&quot;custom&quot;}\" data-widget_type=\"razzi-products-grid.default\">\n\t\t\t\t<div class=\"elementor-widget-container\">\n\t\t\t\t\t<div class=\"razzi-products-grid woocommerce\">\r\n\t\t\t<div class=\"product-content\"><ul class=\"products columns-3\">\n<\/ul>\n<\/div>\t\t<\/div>\r\n\t\t\t\t<\/div>\n\t\t\t\t<\/div>\n\t\t\t\t\t<\/div>\n\t\t<\/div>\n\t\t\t\t\t<\/div>\n\t\t<\/section>\n\t\t\t\t<\/div>\n\t\t","protected":false},"excerpt":{"rendered":"<p>Salon &#038; Jardin Aper\u00e7u rapide Ajouter au panier Promo\u00a0! Fauteuil suspendu avec support 99,00&nbsp;&euro; 124,49&nbsp;&euro; Ajouter au panier TTC incluse excl. frais de livraison D\u00e9lai de livraison: 3 \u00e0 5 jours ouvrables Aper\u00e7u rapide Ajouter au panier Promo\u00a0! Ch\u00e2ssis de fauteuil suspendu 89,00&nbsp;&euro; 110,99&nbsp;&euro; Ajouter au panier TTC incluse excl. frais de livraison D\u00e9lai de [&hellip;]<\/p>\n","protected":false},"author":2,"featured_media":0,"parent":0,"menu_order":0,"comment_status":"closed","ping_status":"closed","template":"","meta":{"_acf_changed":false,"inline_featured_image":false,"footnotes":""},"class_list":["post-36499","page","type-page","status-publish","hentry"],"acf":[],"yoast_head":"<!-- This site is optimized with the Yoast SEO plugin v25.3 - https:\/\/yoast.com\/wordpress\/plugins\/seo\/ -->\n<title>Salon &amp; Jardin - Ton expert en pieds de table en m\u00e9tal<\/title>\n<meta name=\"robots\" content=\"index, follow, max-snippet:-1, max-image-preview:large, max-video-preview:-1\" \/>\n<link rel=\"canonical\" href=\"https:\/\/www.tischbein-metall.de\/fr\/salon-et-jardin\/\" \/>\n<meta property=\"og:locale\" content=\"fr_FR\" \/>\n<meta property=\"og:type\" content=\"article\" \/>\n<meta property=\"og:title\" content=\"Salon &amp; Jardin - Ton expert en pieds de table en m\u00e9tal\" \/>\n<meta property=\"og:description\" content=\"Salon &#038; Jardin Aper\u00e7u rapide Ajouter au panier Promo\u00a0! Fauteuil suspendu avec support 99,00&nbsp;&euro; 124,49&nbsp;&euro; Ajouter au panier TTC incluse excl. frais de livraison D\u00e9lai de livraison: 3 \u00e0 5 jours ouvrables Aper\u00e7u rapide Ajouter au panier Promo\u00a0! Ch\u00e2ssis de fauteuil suspendu 89,00&nbsp;&euro; 110,99&nbsp;&euro; Ajouter au panier TTC incluse excl. frais de livraison D\u00e9lai de [&hellip;]\" \/>\n<meta property=\"og:url\" content=\"https:\/\/www.tischbein-metall.de\/fr\/salon-et-jardin\/\" \/>\n<meta property=\"og:site_name\" content=\"Ton expert en pieds de table en m\u00e9tal\" \/>\n<meta property=\"article:modified_time\" content=\"2025-02-26T09:06:51+00:00\" \/>\n<meta property=\"og:image\" content=\"https:\/\/www.tischbein-metall.de\/wp-content\/uploads\/2025\/02\/pied-de-table-metal-fauteuil-suspendu-avec-support-1-570x570.jpg\" \/>\n<meta name=\"twitter:card\" content=\"summary_large_image\" \/>\n<meta name=\"twitter:label1\" content=\"Dur\u00e9e de lecture estim\u00e9e\" \/>\n\t<meta name=\"twitter:data1\" content=\"2 minutes\" \/>\n<script type=\"application\/ld+json\" class=\"yoast-schema-graph\">{\"@context\":\"https:\/\/schema.org\",\"@graph\":[{\"@type\":\"WebPage\",\"@id\":\"https:\/\/www.tischbein-metall.de\/fr\/salon-et-jardin\/\",\"url\":\"https:\/\/www.tischbein-metall.de\/fr\/salon-et-jardin\/\",\"name\":\"Salon &amp; Jardin - Ton expert en pieds de table en m\u00e9tal\",\"isPartOf\":{\"@id\":\"https:\/\/www.tischbein-metall.de\/#website\"},\"primaryImageOfPage\":{\"@id\":\"https:\/\/www.tischbein-metall.de\/fr\/salon-et-jardin\/#primaryimage\"},\"image\":{\"@id\":\"https:\/\/www.tischbein-metall.de\/fr\/salon-et-jardin\/#primaryimage\"},\"thumbnailUrl\":\"https:\/\/www.tischbein-metall.de\/wp-content\/uploads\/2025\/02\/pied-de-table-metal-fauteuil-suspendu-avec-support-1-570x570.jpg\",\"datePublished\":\"2025-02-11T16:12:35+00:00\",\"dateModified\":\"2025-02-26T09:06:51+00:00\",\"breadcrumb\":{\"@id\":\"https:\/\/www.tischbein-metall.de\/fr\/salon-et-jardin\/#breadcrumb\"},\"inLanguage\":\"fr-FR\",\"potentialAction\":[{\"@type\":\"ReadAction\",\"target\":[\"https:\/\/www.tischbein-metall.de\/fr\/salon-et-jardin\/\"]}]},{\"@type\":\"ImageObject\",\"inLanguage\":\"fr-FR\",\"@id\":\"https:\/\/www.tischbein-metall.de\/fr\/salon-et-jardin\/#primaryimage\",\"url\":\"https:\/\/www.tischbein-metall.de\/wp-content\/uploads\/2025\/02\/pied-de-table-metal-fauteuil-suspendu-avec-support-1-570x570.jpg\",\"contentUrl\":\"https:\/\/www.tischbein-metall.de\/wp-content\/uploads\/2025\/02\/pied-de-table-metal-fauteuil-suspendu-avec-support-1-570x570.jpg\"},{\"@type\":\"BreadcrumbList\",\"@id\":\"https:\/\/www.tischbein-metall.de\/fr\/salon-et-jardin\/#breadcrumb\",\"itemListElement\":[{\"@type\":\"ListItem\",\"position\":1,\"name\":\"Page d'accueil\",\"item\":\"https:\/\/www.tischbein-metall.de\/fr\/\"},{\"@type\":\"ListItem\",\"position\":2,\"name\":\"Salon &amp; Jardin\"}]},{\"@type\":\"WebSite\",\"@id\":\"https:\/\/www.tischbein-metall.de\/#website\",\"url\":\"https:\/\/www.tischbein-metall.de\/\",\"name\":\"Ton expert en pieds de table en m\u00e9tal\",\"description\":\"\",\"potentialAction\":[{\"@type\":\"SearchAction\",\"target\":{\"@type\":\"EntryPoint\",\"urlTemplate\":\"https:\/\/www.tischbein-metall.de\/?s={search_term_string}\"},\"query-input\":{\"@type\":\"PropertyValueSpecification\",\"valueRequired\":true,\"valueName\":\"search_term_string\"}}],\"inLanguage\":\"fr-FR\"}]}<\/script>\n<!-- \/ Yoast SEO plugin. -->","yoast_head_json":{"title":"Salon &amp; Jardin - Ton expert en pieds de table en m\u00e9tal","robots":{"index":"index","follow":"follow","max-snippet":"max-snippet:-1","max-image-preview":"max-image-preview:large","max-video-preview":"max-video-preview:-1"},"canonical":"https:\/\/www.tischbein-metall.de\/fr\/salon-et-jardin\/","og_locale":"fr_FR","og_type":"article","og_title":"Salon &amp; Jardin - Ton expert en pieds de table en m\u00e9tal","og_description":"Salon &#038; Jardin Aper\u00e7u rapide Ajouter au panier Promo\u00a0! Fauteuil suspendu avec support 99,00&nbsp;&euro; 124,49&nbsp;&euro; Ajouter au panier TTC incluse excl. frais de livraison D\u00e9lai de livraison: 3 \u00e0 5 jours ouvrables Aper\u00e7u rapide Ajouter au panier Promo\u00a0! Ch\u00e2ssis de fauteuil suspendu 89,00&nbsp;&euro; 110,99&nbsp;&euro; Ajouter au panier TTC incluse excl. frais de livraison D\u00e9lai de [&hellip;]","og_url":"https:\/\/www.tischbein-metall.de\/fr\/salon-et-jardin\/","og_site_name":"Ton expert en pieds de table en m\u00e9tal","article_modified_time":"2025-02-26T09:06:51+00:00","og_image":[{"url":"https:\/\/www.tischbein-metall.de\/wp-content\/uploads\/2025\/02\/pied-de-table-metal-fauteuil-suspendu-avec-support-1-570x570.jpg","type":"","width":"","height":""}],"twitter_card":"summary_large_image","twitter_misc":{"Dur\u00e9e de lecture estim\u00e9e":"2 minutes"},"schema":{"@context":"https:\/\/schema.org","@graph":[{"@type":"WebPage","@id":"https:\/\/www.tischbein-metall.de\/fr\/salon-et-jardin\/","url":"https:\/\/www.tischbein-metall.de\/fr\/salon-et-jardin\/","name":"Salon &amp; Jardin - Ton expert en pieds de table en m\u00e9tal","isPartOf":{"@id":"https:\/\/www.tischbein-metall.de\/#website"},"primaryImageOfPage":{"@id":"https:\/\/www.tischbein-metall.de\/fr\/salon-et-jardin\/#primaryimage"},"image":{"@id":"https:\/\/www.tischbein-metall.de\/fr\/salon-et-jardin\/#primaryimage"},"thumbnailUrl":"https:\/\/www.tischbein-metall.de\/wp-content\/uploads\/2025\/02\/pied-de-table-metal-fauteuil-suspendu-avec-support-1-570x570.jpg","datePublished":"2025-02-11T16:12:35+00:00","dateModified":"2025-02-26T09:06:51+00:00","breadcrumb":{"@id":"https:\/\/www.tischbein-metall.de\/fr\/salon-et-jardin\/#breadcrumb"},"inLanguage":"fr-FR","potentialAction":[{"@type":"ReadAction","target":["https:\/\/www.tischbein-metall.de\/fr\/salon-et-jardin\/"]}]},{"@type":"ImageObject","inLanguage":"fr-FR","@id":"https:\/\/www.tischbein-metall.de\/fr\/salon-et-jardin\/#primaryimage","url":"https:\/\/www.tischbein-metall.de\/wp-content\/uploads\/2025\/02\/pied-de-table-metal-fauteuil-suspendu-avec-support-1-570x570.jpg","contentUrl":"https:\/\/www.tischbein-metall.de\/wp-content\/uploads\/2025\/02\/pied-de-table-metal-fauteuil-suspendu-avec-support-1-570x570.jpg"},{"@type":"BreadcrumbList","@id":"https:\/\/www.tischbein-metall.de\/fr\/salon-et-jardin\/#breadcrumb","itemListElement":[{"@type":"ListItem","position":1,"name":"Page d'accueil","item":"https:\/\/www.tischbein-metall.de\/fr\/"},{"@type":"ListItem","position":2,"name":"Salon &amp; Jardin"}]},{"@type":"WebSite","@id":"https:\/\/www.tischbein-metall.de\/#website","url":"https:\/\/www.tischbein-metall.de\/","name":"Ton expert en pieds de table en m\u00e9tal","description":"","potentialAction":[{"@type":"SearchAction","target":{"@type":"EntryPoint","urlTemplate":"https:\/\/www.tischbein-metall.de\/?s={search_term_string}"},"query-input":{"@type":"PropertyValueSpecification","valueRequired":true,"valueName":"search_term_string"}}],"inLanguage":"fr-FR"}]}},"_links":{"self":[{"href":"https:\/\/www.tischbein-metall.de\/fr\/wp-json\/wp\/v2\/pages\/36499","targetHints":{"allow":["GET"]}}],"collection":[{"href":"https:\/\/www.tischbein-metall.de\/fr\/wp-json\/wp\/v2\/pages"}],"about":[{"href":"https:\/\/www.tischbein-metall.de\/fr\/wp-json\/wp\/v2\/types\/page"}],"author":[{"embeddable":true,"href":"https:\/\/www.tischbein-metall.de\/fr\/wp-json\/wp\/v2\/users\/2"}],"replies":[{"embeddable":true,"href":"https:\/\/www.tischbein-metall.de\/fr\/wp-json\/wp\/v2\/comments?post=36499"}],"version-history":[{"count":8,"href":"https:\/\/www.tischbein-metall.de\/fr\/wp-json\/wp\/v2\/pages\/36499\/revisions"}],"predecessor-version":[{"id":36557,"href":"https:\/\/www.tischbein-metall.de\/fr\/wp-json\/wp\/v2\/pages\/36499\/revisions\/36557"}],"wp:attachment":[{"href":"https:\/\/www.tischbein-metall.de\/fr\/wp-json\/wp\/v2\/media?parent=36499"}],"curies":[{"name":"wp","href":"https:\/\/api.w.org\/{rel}","templated":true}]}}