{"id":13951,"date":"2022-11-03T12:56:36","date_gmt":"2022-11-03T11:56:36","guid":{"rendered":"https:\/\/www.tischbein-metall.de\/produkt\/tableau-a-cles-home-sweet-home\/"},"modified":"2024-06-24T14:10:33","modified_gmt":"2024-06-24T12:10:33","slug":"tableau-a-cles-home-sweet-home","status":"publish","type":"product","link":"https:\/\/www.tischbein-metall.de\/fr\/produit\/tableau-a-cles-home-sweet-home\/","title":{"rendered":"Tableau \u00e0 cl\u00e9s Home Sweet Home"},"content":{"rendered":"\t\t<div data-elementor-type=\"wp-post\" data-elementor-id=\"13951\" class=\"elementor elementor-13951 elementor-11427\">\n\t\t\t\t\t\t<section class=\"elementor-section elementor-top-section elementor-element elementor-element-62f016ec elementor-section-boxed elementor-section-height-default elementor-section-height-default\" data-id=\"62f016ec\" data-element_type=\"section\">\n\t\t\t\t\t\t<div class=\"elementor-container elementor-column-gap-default\">\n\t\t\t\t\t<div class=\"elementor-column elementor-col-100 elementor-top-column elementor-element elementor-element-23e6ad48\" data-id=\"23e6ad48\" data-element_type=\"column\">\n\t\t\t<div class=\"elementor-widget-wrap elementor-element-populated\">\n\t\t\t\t\t\t<div class=\"elementor-element elementor-element-37c7de3a elementor-widget elementor-widget-text-editor\" data-id=\"37c7de3a\" data-element_type=\"widget\" data-widget_type=\"text-editor.default\">\n\t\t\t\t<div class=\"elementor-widget-container\">\n\t\t\t<style>\/*! elementor - v3.23.0 - 25-07-2024 *\/\n.elementor-widget-text-editor.elementor-drop-cap-view-stacked .elementor-drop-cap{background-color:#69727d;color:#fff}.elementor-widget-text-editor.elementor-drop-cap-view-framed .elementor-drop-cap{color:#69727d;border:3px solid;background-color:transparent}.elementor-widget-text-editor:not(.elementor-drop-cap-view-default) .elementor-drop-cap{margin-top:8px}.elementor-widget-text-editor:not(.elementor-drop-cap-view-default) .elementor-drop-cap-letter{width:1em;height:1em}.elementor-widget-text-editor .elementor-drop-cap{float:left;text-align:center;line-height:1;font-size:50px}.elementor-widget-text-editor .elementor-drop-cap-letter{display:inline-block}<\/style>\t\t\t\t<div>Pour une belle entr\u00e9e, nos <strong>tableaux \u00e0 cl\u00e9s<\/strong> attirent l&#8217;attention de tous les <span class=\"font-color\" data-font-color=\"red\">visiteurs<\/span>. Les <strong>tableaux \u00e0 cl\u00e9s<\/strong> ne convainquent pas seulement par leur design moderne, mais offrent aussi une place ordonn\u00e9e \u00e0 toutes les cl\u00e9s de la maison. La recherche fastidieuse est enfin termin\u00e9e. Le rev\u00eatement par poudre robuste assure en outre une surface r\u00e9sistante aux rayures et rend les <strong>tableaux \u00e0 cl\u00e9s moderne<\/strong> particuli\u00e8rement robustes, pour que vous puissiez en profiter longtemps. Nous vous proposons un grand choix de <strong>tableaux \u00e0 cl\u00e9s<\/strong> <strong>muraux<\/strong> originaux, qui sont \u00e9galement parfaits comme cadeaux &#8211; adapt\u00e9s \u00e0 tous les styles d&#8217;int\u00e9rieur!<\/div>\n\t\t\t\t\t\t<\/div>\n\t\t\t\t<\/div>\n\t\t\t\t<div class=\"elementor-element elementor-element-75754ff elementor-widget-divider--view-line elementor-widget elementor-widget-divider\" data-id=\"75754ff\" data-element_type=\"widget\" data-widget_type=\"divider.default\">\n\t\t\t\t<div class=\"elementor-widget-container\">\n\t\t\t<style>\/*! elementor - v3.23.0 - 25-07-2024 *\/\n.elementor-widget-divider{--divider-border-style:none;--divider-border-width:1px;--divider-color:#0c0d0e;--divider-icon-size:20px;--divider-element-spacing:10px;--divider-pattern-height:24px;--divider-pattern-size:20px;--divider-pattern-url:none;--divider-pattern-repeat:repeat-x}.elementor-widget-divider .elementor-divider{display:flex}.elementor-widget-divider .elementor-divider__text{font-size:15px;line-height:1;max-width:95%}.elementor-widget-divider .elementor-divider__element{margin:0 var(--divider-element-spacing);flex-shrink:0}.elementor-widget-divider .elementor-icon{font-size:var(--divider-icon-size)}.elementor-widget-divider .elementor-divider-separator{display:flex;margin:0;direction:ltr}.elementor-widget-divider--view-line_icon .elementor-divider-separator,.elementor-widget-divider--view-line_text .elementor-divider-separator{align-items:center}.elementor-widget-divider--view-line_icon .elementor-divider-separator:after,.elementor-widget-divider--view-line_icon .elementor-divider-separator:before,.elementor-widget-divider--view-line_text .elementor-divider-separator:after,.elementor-widget-divider--view-line_text .elementor-divider-separator:before{display:block;content:\"\";border-block-end:0;flex-grow:1;border-block-start:var(--divider-border-width) var(--divider-border-style) var(--divider-color)}.elementor-widget-divider--element-align-left .elementor-divider .elementor-divider-separator>.elementor-divider__svg:first-of-type{flex-grow:0;flex-shrink:100}.elementor-widget-divider--element-align-left .elementor-divider-separator:before{content:none}.elementor-widget-divider--element-align-left .elementor-divider__element{margin-left:0}.elementor-widget-divider--element-align-right .elementor-divider .elementor-divider-separator>.elementor-divider__svg:last-of-type{flex-grow:0;flex-shrink:100}.elementor-widget-divider--element-align-right .elementor-divider-separator:after{content:none}.elementor-widget-divider--element-align-right .elementor-divider__element{margin-right:0}.elementor-widget-divider--element-align-start .elementor-divider .elementor-divider-separator>.elementor-divider__svg:first-of-type{flex-grow:0;flex-shrink:100}.elementor-widget-divider--element-align-start .elementor-divider-separator:before{content:none}.elementor-widget-divider--element-align-start .elementor-divider__element{margin-inline-start:0}.elementor-widget-divider--element-align-end .elementor-divider .elementor-divider-separator>.elementor-divider__svg:last-of-type{flex-grow:0;flex-shrink:100}.elementor-widget-divider--element-align-end .elementor-divider-separator:after{content:none}.elementor-widget-divider--element-align-end .elementor-divider__element{margin-inline-end:0}.elementor-widget-divider:not(.elementor-widget-divider--view-line_text):not(.elementor-widget-divider--view-line_icon) .elementor-divider-separator{border-block-start:var(--divider-border-width) var(--divider-border-style) var(--divider-color)}.elementor-widget-divider--separator-type-pattern{--divider-border-style:none}.elementor-widget-divider--separator-type-pattern.elementor-widget-divider--view-line .elementor-divider-separator,.elementor-widget-divider--separator-type-pattern:not(.elementor-widget-divider--view-line) .elementor-divider-separator:after,.elementor-widget-divider--separator-type-pattern:not(.elementor-widget-divider--view-line) .elementor-divider-separator:before,.elementor-widget-divider--separator-type-pattern:not([class*=elementor-widget-divider--view]) .elementor-divider-separator{width:100%;min-height:var(--divider-pattern-height);-webkit-mask-size:var(--divider-pattern-size) 100%;mask-size:var(--divider-pattern-size) 100%;-webkit-mask-repeat:var(--divider-pattern-repeat);mask-repeat:var(--divider-pattern-repeat);background-color:var(--divider-color);-webkit-mask-image:var(--divider-pattern-url);mask-image:var(--divider-pattern-url)}.elementor-widget-divider--no-spacing{--divider-pattern-size:auto}.elementor-widget-divider--bg-round{--divider-pattern-repeat:round}.rtl .elementor-widget-divider .elementor-divider__text{direction:rtl}.e-con-inner>.elementor-widget-divider,.e-con>.elementor-widget-divider{width:var(--container-widget-width,100%);--flex-grow:var(--container-widget-flex-grow)}<\/style>\t\t<div class=\"elementor-divider\">\n\t\t\t<span class=\"elementor-divider-separator\">\n\t\t\t\t\t\t<\/span>\n\t\t<\/div>\n\t\t\t\t<\/div>\n\t\t\t\t<\/div>\n\t\t\t\t<div class=\"elementor-element elementor-element-703230e elementor-widget elementor-widget-image\" data-id=\"703230e\" data-element_type=\"widget\" data-widget_type=\"image.default\">\n\t\t\t\t<div class=\"elementor-widget-container\">\n\t\t\t<style>\/*! elementor - v3.23.0 - 25-07-2024 *\/\n.elementor-widget-image{text-align:center}.elementor-widget-image a{display:inline-block}.elementor-widget-image a img[src$=\".svg\"]{width:48px}.elementor-widget-image img{vertical-align:middle;display:inline-block}<\/style>\t\t\t\t\t\t\t\t\t\t<img decoding=\"async\" width=\"150\" height=\"150\" src=\"https:\/\/www.tischbein-metall.de\/wp-content\/uploads\/2022\/10\/eu-flag-circle-150x150.png\" class=\"attachment-thumbnail size-thumbnail wp-image-13388\" alt=\"\" srcset=\"https:\/\/www.tischbein-metall.de\/wp-content\/uploads\/2022\/10\/eu-flag-circle-150x150.png 150w, https:\/\/www.tischbein-metall.de\/wp-content\/uploads\/2022\/10\/eu-flag-circle-570x570.png 570w, https:\/\/www.tischbein-metall.de\/wp-content\/uploads\/2022\/10\/eu-flag-circle-130x130.png 130w, https:\/\/www.tischbein-metall.de\/wp-content\/uploads\/2022\/10\/eu-flag-circle-600x600.png 600w, https:\/\/www.tischbein-metall.de\/wp-content\/uploads\/2022\/10\/eu-flag-circle-300x300.png 300w, https:\/\/www.tischbein-metall.de\/wp-content\/uploads\/2022\/10\/eu-flag-circle-1024x1024.png 1024w, https:\/\/www.tischbein-metall.de\/wp-content\/uploads\/2022\/10\/eu-flag-circle-768x768.png 768w, https:\/\/www.tischbein-metall.de\/wp-content\/uploads\/2022\/10\/eu-flag-circle-12x12.png 12w, https:\/\/www.tischbein-metall.de\/wp-content\/uploads\/2022\/10\/eu-flag-circle.png 1280w\" sizes=\"(max-width: 150px) 100vw, 150px\" \/>\t\t\t\t\t\t\t\t\t\t\t\t\t<\/div>\n\t\t\t\t<\/div>\n\t\t\t\t\t<\/div>\n\t\t<\/div>\n\t\t\t\t\t<\/div>\n\t\t<\/section>\n\t\t\t\t<\/div>\n\t\t","protected":false},"excerpt":{"rendered":"<div>\n<p>Avec ses 7 crochets, ce <b>tableau \u00e0 cl\u00e9s<\/b> moderne et minimaliste en acier de haute qualit\u00e9 offre une mani\u00e8re simple mais agr\u00e9able de ranger vos cl\u00e9s. Finies les recherches incessantes!<\/p>\n<\/div>\n<div><\/div>\n<div id=\"b2435439210_1321\" class=\"editable-text paragraph indent-0 allow-dragging focused-block selected-block selected-block-wrapper\"><strong>Une \u00e9l\u00e9gance intemporelle pour votre entr\u00e9e<\/strong><\/div>\n<div id=\"b2435439210_1363\" class=\"editable-text paragraph indent-0 selected-block selected-block-wrapper\">\u2714\ufe0fUn design individuel enrichit votre entr\u00e9e d&#8217;un v\u00e9ritable accroche-regard<\/div>\n<div id=\"b2435439210_1447\" class=\"editable-text paragraph indent-0 selected-block selected-block-wrapper\">\u2714\ufe0fUne m\u00e9thode simple pour organiser et structurer vos cl\u00e9s, afin de ne plus jamais perdre de temps \u00e0 les chercher<\/div>\n<div id=\"b2435439210_1588\" class=\"editable-text paragraph indent-0 selected-block selected-block-wrapper\">\u2714\ufe0fLe mat\u00e9riau de haute qualit\u00e9 vous offre un rangement durable et \u00e9l\u00e9gant pour vos cl\u00e9s<\/div>\n","protected":false},"featured_media":13253,"comment_status":"open","ping_status":"closed","template":"","meta":{"_acf_changed":false,"inline_featured_image":false},"product_cat":[255],"product_tag":[414,260],"class_list":{"0":"post-13951","1":"product","2":"type-product","3":"status-publish","4":"has-post-thumbnail","6":"product_cat-porte-cles-mural","7":"product_tag-home-sweet-home-fr","8":"product_tag-tableau-des-cles","10":"first","11":"outofstock","12":"taxable","13":"shipping-taxable","14":"purchasable","15":"product-type-simple"},"acf":[],"yoast_head":"<!-- This site is optimized with the Yoast SEO plugin v25.3 - https:\/\/yoast.com\/wordpress\/plugins\/seo\/ -->\n<title>Tableau \u00e0 cl\u00e9s Home Sweet Home - Top qualit\u00e9 d&#039;Europe<\/title>\n<meta name=\"description\" content=\"Tableau \u00e0 cl\u00e9s Home Sweet Home - Ton expert en pieds de table en m\u00e9tal \u2714\ufe0f Fabriqu\u00e9 en Europe \u2714\ufe0f Qualit\u00e9 sup\u00e9rieure \u2714\ufe0f Livraison rapide &amp; gratuite\" \/>\n<meta name=\"robots\" content=\"index, follow, max-snippet:-1, max-image-preview:large, max-video-preview:-1\" \/>\n<link rel=\"canonical\" href=\"https:\/\/www.tischbein-metall.de\/fr\/produit\/tableau-a-cles-home-sweet-home\/\" \/>\n<meta property=\"og:locale\" content=\"fr_FR\" \/>\n<meta property=\"og:type\" content=\"article\" \/>\n<meta property=\"og:title\" content=\"Tableau \u00e0 cl\u00e9s Home Sweet Home - Top qualit\u00e9 d&#039;Europe\" \/>\n<meta property=\"og:description\" content=\"Tableau \u00e0 cl\u00e9s Home Sweet Home - Ton expert en pieds de table en m\u00e9tal \u2714\ufe0f Fabriqu\u00e9 en Europe \u2714\ufe0f Qualit\u00e9 sup\u00e9rieure \u2714\ufe0f Livraison rapide &amp; gratuite\" \/>\n<meta property=\"og:url\" content=\"https:\/\/www.tischbein-metall.de\/fr\/produit\/tableau-a-cles-home-sweet-home\/\" \/>\n<meta property=\"og:site_name\" content=\"Ton expert en pieds de table en m\u00e9tal\" \/>\n<meta property=\"article:modified_time\" content=\"2024-06-24T12:10:33+00:00\" \/>\n<meta property=\"og:image\" content=\"https:\/\/www.tischbein-metall.de\/wp-content\/uploads\/2023\/07\/porte-cles-homesweethome5.jpg\" \/>\n\t<meta property=\"og:image:width\" content=\"570\" \/>\n\t<meta property=\"og:image:height\" content=\"570\" \/>\n\t<meta property=\"og:image:type\" content=\"image\/jpeg\" \/>\n<meta name=\"twitter:card\" content=\"summary_large_image\" \/>\n<meta name=\"twitter:label1\" content=\"Dur\u00e9e de lecture estim\u00e9e\" \/>\n\t<meta name=\"twitter:data1\" content=\"1 minute\" \/>\n<script type=\"application\/ld+json\" class=\"yoast-schema-graph\">{\"@context\":\"https:\/\/schema.org\",\"@graph\":[{\"@type\":\"WebPage\",\"@id\":\"https:\/\/www.tischbein-metall.de\/fr\/produit\/tableau-a-cles-home-sweet-home\/\",\"url\":\"https:\/\/www.tischbein-metall.de\/fr\/produit\/tableau-a-cles-home-sweet-home\/\",\"name\":\"Tableau \u00e0 cl\u00e9s Home Sweet Home - Top qualit\u00e9 d'Europe\",\"isPartOf\":{\"@id\":\"https:\/\/www.tischbein-metall.de\/#website\"},\"primaryImageOfPage\":{\"@id\":\"https:\/\/www.tischbein-metall.de\/fr\/produit\/tableau-a-cles-home-sweet-home\/#primaryimage\"},\"image\":{\"@id\":\"https:\/\/www.tischbein-metall.de\/fr\/produit\/tableau-a-cles-home-sweet-home\/#primaryimage\"},\"thumbnailUrl\":\"https:\/\/www.tischbein-metall.de\/wp-content\/uploads\/2023\/07\/porte-cles-homesweethome5.jpg\",\"datePublished\":\"2022-11-03T11:56:36+00:00\",\"dateModified\":\"2024-06-24T12:10:33+00:00\",\"description\":\"Tableau \u00e0 cl\u00e9s Home Sweet Home - Ton expert en pieds de table en m\u00e9tal \u2714\ufe0f Fabriqu\u00e9 en Europe \u2714\ufe0f Qualit\u00e9 sup\u00e9rieure \u2714\ufe0f Livraison rapide & gratuite\",\"breadcrumb\":{\"@id\":\"https:\/\/www.tischbein-metall.de\/fr\/produit\/tableau-a-cles-home-sweet-home\/#breadcrumb\"},\"inLanguage\":\"fr-FR\",\"potentialAction\":[{\"@type\":\"ReadAction\",\"target\":[\"https:\/\/www.tischbein-metall.de\/fr\/produit\/tableau-a-cles-home-sweet-home\/\"]}]},{\"@type\":\"ImageObject\",\"inLanguage\":\"fr-FR\",\"@id\":\"https:\/\/www.tischbein-metall.de\/fr\/produit\/tableau-a-cles-home-sweet-home\/#primaryimage\",\"url\":\"https:\/\/www.tischbein-metall.de\/wp-content\/uploads\/2023\/07\/porte-cles-homesweethome5.jpg\",\"contentUrl\":\"https:\/\/www.tischbein-metall.de\/wp-content\/uploads\/2023\/07\/porte-cles-homesweethome5.jpg\",\"width\":570,\"height\":570,\"caption\":\"Tableau \u00e0 cl\u00e9s Home Sweet Home\"},{\"@type\":\"BreadcrumbList\",\"@id\":\"https:\/\/www.tischbein-metall.de\/fr\/produit\/tableau-a-cles-home-sweet-home\/#breadcrumb\",\"itemListElement\":[{\"@type\":\"ListItem\",\"position\":1,\"name\":\"Page d'accueil\",\"item\":\"https:\/\/www.tischbein-metall.de\/fr\/\"},{\"@type\":\"ListItem\",\"position\":2,\"name\":\"Produits\",\"item\":\"https:\/\/www.tischbein-metall.de\/fr\/produits\/\"},{\"@type\":\"ListItem\",\"position\":3,\"name\":\"Tableau \u00e0 cl\u00e9s Home Sweet Home\"}]},{\"@type\":\"WebSite\",\"@id\":\"https:\/\/www.tischbein-metall.de\/#website\",\"url\":\"https:\/\/www.tischbein-metall.de\/\",\"name\":\"Ton expert en pieds de table en m\u00e9tal\",\"description\":\"\",\"potentialAction\":[{\"@type\":\"SearchAction\",\"target\":{\"@type\":\"EntryPoint\",\"urlTemplate\":\"https:\/\/www.tischbein-metall.de\/?s={search_term_string}\"},\"query-input\":{\"@type\":\"PropertyValueSpecification\",\"valueRequired\":true,\"valueName\":\"search_term_string\"}}],\"inLanguage\":\"fr-FR\"}]}<\/script>\n<!-- \/ Yoast SEO plugin. -->","yoast_head_json":{"title":"Tableau \u00e0 cl\u00e9s Home Sweet Home - Top qualit\u00e9 d'Europe","description":"Tableau \u00e0 cl\u00e9s Home Sweet Home - Ton expert en pieds de table en m\u00e9tal \u2714\ufe0f Fabriqu\u00e9 en Europe \u2714\ufe0f Qualit\u00e9 sup\u00e9rieure \u2714\ufe0f Livraison rapide & gratuite","robots":{"index":"index","follow":"follow","max-snippet":"max-snippet:-1","max-image-preview":"max-image-preview:large","max-video-preview":"max-video-preview:-1"},"canonical":"https:\/\/www.tischbein-metall.de\/fr\/produit\/tableau-a-cles-home-sweet-home\/","og_locale":"fr_FR","og_type":"article","og_title":"Tableau \u00e0 cl\u00e9s Home Sweet Home - Top qualit\u00e9 d'Europe","og_description":"Tableau \u00e0 cl\u00e9s Home Sweet Home - Ton expert en pieds de table en m\u00e9tal \u2714\ufe0f Fabriqu\u00e9 en Europe \u2714\ufe0f Qualit\u00e9 sup\u00e9rieure \u2714\ufe0f Livraison rapide & gratuite","og_url":"https:\/\/www.tischbein-metall.de\/fr\/produit\/tableau-a-cles-home-sweet-home\/","og_site_name":"Ton expert en pieds de table en m\u00e9tal","article_modified_time":"2024-06-24T12:10:33+00:00","og_image":[{"width":570,"height":570,"url":"https:\/\/www.tischbein-metall.de\/wp-content\/uploads\/2023\/07\/porte-cles-homesweethome5.jpg","type":"image\/jpeg"}],"twitter_card":"summary_large_image","twitter_misc":{"Dur\u00e9e de lecture estim\u00e9e":"1 minute"},"schema":{"@context":"https:\/\/schema.org","@graph":[{"@type":"WebPage","@id":"https:\/\/www.tischbein-metall.de\/fr\/produit\/tableau-a-cles-home-sweet-home\/","url":"https:\/\/www.tischbein-metall.de\/fr\/produit\/tableau-a-cles-home-sweet-home\/","name":"Tableau \u00e0 cl\u00e9s Home Sweet Home - Top qualit\u00e9 d'Europe","isPartOf":{"@id":"https:\/\/www.tischbein-metall.de\/#website"},"primaryImageOfPage":{"@id":"https:\/\/www.tischbein-metall.de\/fr\/produit\/tableau-a-cles-home-sweet-home\/#primaryimage"},"image":{"@id":"https:\/\/www.tischbein-metall.de\/fr\/produit\/tableau-a-cles-home-sweet-home\/#primaryimage"},"thumbnailUrl":"https:\/\/www.tischbein-metall.de\/wp-content\/uploads\/2023\/07\/porte-cles-homesweethome5.jpg","datePublished":"2022-11-03T11:56:36+00:00","dateModified":"2024-06-24T12:10:33+00:00","description":"Tableau \u00e0 cl\u00e9s Home Sweet Home - Ton expert en pieds de table en m\u00e9tal \u2714\ufe0f Fabriqu\u00e9 en Europe \u2714\ufe0f Qualit\u00e9 sup\u00e9rieure \u2714\ufe0f Livraison rapide & gratuite","breadcrumb":{"@id":"https:\/\/www.tischbein-metall.de\/fr\/produit\/tableau-a-cles-home-sweet-home\/#breadcrumb"},"inLanguage":"fr-FR","potentialAction":[{"@type":"ReadAction","target":["https:\/\/www.tischbein-metall.de\/fr\/produit\/tableau-a-cles-home-sweet-home\/"]}]},{"@type":"ImageObject","inLanguage":"fr-FR","@id":"https:\/\/www.tischbein-metall.de\/fr\/produit\/tableau-a-cles-home-sweet-home\/#primaryimage","url":"https:\/\/www.tischbein-metall.de\/wp-content\/uploads\/2023\/07\/porte-cles-homesweethome5.jpg","contentUrl":"https:\/\/www.tischbein-metall.de\/wp-content\/uploads\/2023\/07\/porte-cles-homesweethome5.jpg","width":570,"height":570,"caption":"Tableau \u00e0 cl\u00e9s Home Sweet Home"},{"@type":"BreadcrumbList","@id":"https:\/\/www.tischbein-metall.de\/fr\/produit\/tableau-a-cles-home-sweet-home\/#breadcrumb","itemListElement":[{"@type":"ListItem","position":1,"name":"Page d'accueil","item":"https:\/\/www.tischbein-metall.de\/fr\/"},{"@type":"ListItem","position":2,"name":"Produits","item":"https:\/\/www.tischbein-metall.de\/fr\/produits\/"},{"@type":"ListItem","position":3,"name":"Tableau \u00e0 cl\u00e9s Home Sweet Home"}]},{"@type":"WebSite","@id":"https:\/\/www.tischbein-metall.de\/#website","url":"https:\/\/www.tischbein-metall.de\/","name":"Ton expert en pieds de table en m\u00e9tal","description":"","potentialAction":[{"@type":"SearchAction","target":{"@type":"EntryPoint","urlTemplate":"https:\/\/www.tischbein-metall.de\/?s={search_term_string}"},"query-input":{"@type":"PropertyValueSpecification","valueRequired":true,"valueName":"search_term_string"}}],"inLanguage":"fr-FR"}]}},"_links":{"self":[{"href":"https:\/\/www.tischbein-metall.de\/fr\/wp-json\/wp\/v2\/product\/13951","targetHints":{"allow":["GET"]}}],"collection":[{"href":"https:\/\/www.tischbein-metall.de\/fr\/wp-json\/wp\/v2\/product"}],"about":[{"href":"https:\/\/www.tischbein-metall.de\/fr\/wp-json\/wp\/v2\/types\/product"}],"replies":[{"embeddable":true,"href":"https:\/\/www.tischbein-metall.de\/fr\/wp-json\/wp\/v2\/comments?post=13951"}],"version-history":[{"count":4,"href":"https:\/\/www.tischbein-metall.de\/fr\/wp-json\/wp\/v2\/product\/13951\/revisions"}],"predecessor-version":[{"id":14913,"href":"https:\/\/www.tischbein-metall.de\/fr\/wp-json\/wp\/v2\/product\/13951\/revisions\/14913"}],"wp:featuredmedia":[{"embeddable":true,"href":"https:\/\/www.tischbein-metall.de\/fr\/wp-json\/wp\/v2\/media\/13253"}],"wp:attachment":[{"href":"https:\/\/www.tischbein-metall.de\/fr\/wp-json\/wp\/v2\/media?parent=13951"}],"wp:term":[{"taxonomy":"product_cat","embeddable":true,"href":"https:\/\/www.tischbein-metall.de\/fr\/wp-json\/wp\/v2\/product_cat?post=13951"},{"taxonomy":"product_tag","embeddable":true,"href":"https:\/\/www.tischbein-metall.de\/fr\/wp-json\/wp\/v2\/product_tag?post=13951"}],"curies":[{"name":"wp","href":"https:\/\/api.w.org\/{rel}","templated":true}]}}