{"id":13970,"date":"2022-10-26T11:33:22","date_gmt":"2022-10-26T09:33:22","guid":{"rendered":"https:\/\/www.tischbein-metall.de\/produkt\/lot-de-2-pieds-de-table-en-metal-en-forme-de-u\/"},"modified":"2026-03-23T20:29:56","modified_gmt":"2026-03-23T19:29:56","slug":"lot-de-2-pieds-de-table-en-metal-en-forme-de-u","status":"publish","type":"product","link":"https:\/\/www.tischbein-metall.de\/fr\/produit\/lot-de-2-pieds-de-table-en-metal-en-forme-de-u\/","title":{"rendered":"Lot de 2 pieds de table en m\u00e9tal en forme de U"},"content":{"rendered":"\t\t<div data-elementor-type=\"wp-post\" data-elementor-id=\"13970\" class=\"elementor elementor-13970 elementor-11213\">\n\t\t\t\t\t\t<section class=\"elementor-section elementor-top-section elementor-element elementor-element-8acff69 elementor-section-boxed elementor-section-height-default elementor-section-height-default\" data-id=\"8acff69\" data-element_type=\"section\">\n\t\t\t\t\t\t<div class=\"elementor-container elementor-column-gap-default\">\n\t\t\t\t\t<div class=\"elementor-column elementor-col-100 elementor-top-column elementor-element elementor-element-be43b5e\" data-id=\"be43b5e\" data-element_type=\"column\">\n\t\t\t<div class=\"elementor-widget-wrap elementor-element-populated\">\n\t\t\t\t\t\t<div class=\"elementor-element elementor-element-107e4f0 elementor-widget elementor-widget-text-editor\" data-id=\"107e4f0\" data-element_type=\"widget\" data-widget_type=\"text-editor.default\">\n\t\t\t\t<div class=\"elementor-widget-container\">\n\t\t\t<style>\/*! elementor - v3.23.0 - 25-07-2024 *\/\n.elementor-widget-text-editor.elementor-drop-cap-view-stacked .elementor-drop-cap{background-color:#69727d;color:#fff}.elementor-widget-text-editor.elementor-drop-cap-view-framed .elementor-drop-cap{color:#69727d;border:3px solid;background-color:transparent}.elementor-widget-text-editor:not(.elementor-drop-cap-view-default) .elementor-drop-cap{margin-top:8px}.elementor-widget-text-editor:not(.elementor-drop-cap-view-default) .elementor-drop-cap-letter{width:1em;height:1em}.elementor-widget-text-editor .elementor-drop-cap{float:left;text-align:center;line-height:1;font-size:50px}.elementor-widget-text-editor .elementor-drop-cap-letter{display:inline-block}<\/style>\t\t\t\t<p>Nos pi\u00e8tements de table sont disponibles en diff\u00e9rentes longueurs afin de s&#8217;adapter \u00e0 tous les plateaux de table. Ils conf\u00e8rent \u00e0 vos meubles un design moderne et intemporel. Fabriqu\u00e9s en acier inoxydable solide, ils durent de nombreuses ann\u00e9es et sont superbes avec n&#8217;importe quel d\u00e9cor. Nos pieds de table sont soigneusement fabriqu\u00e9s et disposent d&#8217;une construction robuste qui assure une utilisation stable et sans vibrations.<\/p>\n<p><span style=\"color: var( --e-global-color-text ); font-family: var( --e-global-typography-text-font-family ), Sans-serif; font-weight: var( --e-global-typography-text-font-weight );\">Pieds de table simples et \u00e9l\u00e9gants qui vous permettront de faire ressembler votre table \u00e0 manger ou votre table basse \u00e0 un pied de table en m\u00e9tal qui ne vous laissera jamais tomber !<\/span><\/p>\n<p>Gr\u00e2ce aux trous oblongs <b>(20x10mm)<\/b>, les pi\u00e9tements de table se fixent facilement. Gr\u00e2ce \u00e0 l&#8217;\u00e9paisseur du mat\u00e9riau, le pi\u00e8tement est tr\u00e8s r\u00e9sistant et peut supporter des plateaux de table lourds.<\/p>\n<p>Vous recevrez les pieds de table <b>par lot de 2<\/b> &#8211; y compris une protection pratique pour les sols sensibles<\/p>\n<p>Intemporel &#8211; Polyvalent &#8211; Passionn\u00e9 I Construction de meubles DIY selon vos go\u00fbts<\/p>\n<p>D\u00e9couvrez les multiples possibilit\u00e9s qu&#8217;offre la bonne taille de table. Avec nos dimensions de <strong>30\/45&#215;40 cm<\/strong>, <b>55\/<\/b><strong>75&#215;70 cm<\/strong> et <b>70\/<\/b><strong><b>9<\/b>0x70 cm<\/strong>, nous avons la table qui convient \u00e0 chaque usage.<\/p>\n<p>Les pieds de table <b>30\/45&#215;40<\/b><strong>cm<\/strong> conviennent parfaitement comme table basse ou table d&#8217;appoint. Elles attirent \u00e9galement l&#8217;attention en tant que table de salon.<\/p>\n<p>Les dimensions <span style=\"font-weight: bold;\">5<\/span><b>5\/75&#215;70 cm<\/b> sont le choix id\u00e9al pour les bureaux, les tables de jardin, les tables de cuisine et les tables de salle \u00e0 manger. Ils offrent suffisamment de place pour les repas de famille et le lieu de travail en m\u00eame temps.<\/p>\n<p>Pieds de table pour la hauteur<strong> <\/strong><span style=\"font-weight: bold;\">7<\/span><b>0\/90&#215;70<\/b><strong>c<b>m<\/b><\/strong> conviennent parfaitement comme bar, table d&#8217;ordinateur ou de bureau. Les pieds de table sont \u00e9galement un bon choix comme bureau.<\/p>\n<p>Laissez libre cours \u00e0 votre cr\u00e9ativit\u00e9 et choisissez la table qui vous convient le mieux. Nous vous offrons la possibilit\u00e9 de trouver la table parfaite pour vos besoins.<\/p>\n\t\t\t\t\t\t<\/div>\n\t\t\t\t<\/div>\n\t\t\t\t<div class=\"elementor-element elementor-element-05d359c elementor-widget-divider--view-line elementor-widget elementor-widget-divider\" data-id=\"05d359c\" data-element_type=\"widget\" data-widget_type=\"divider.default\">\n\t\t\t\t<div class=\"elementor-widget-container\">\n\t\t\t<style>\/*! elementor - v3.23.0 - 25-07-2024 *\/\n.elementor-widget-divider{--divider-border-style:none;--divider-border-width:1px;--divider-color:#0c0d0e;--divider-icon-size:20px;--divider-element-spacing:10px;--divider-pattern-height:24px;--divider-pattern-size:20px;--divider-pattern-url:none;--divider-pattern-repeat:repeat-x}.elementor-widget-divider .elementor-divider{display:flex}.elementor-widget-divider .elementor-divider__text{font-size:15px;line-height:1;max-width:95%}.elementor-widget-divider .elementor-divider__element{margin:0 var(--divider-element-spacing);flex-shrink:0}.elementor-widget-divider .elementor-icon{font-size:var(--divider-icon-size)}.elementor-widget-divider .elementor-divider-separator{display:flex;margin:0;direction:ltr}.elementor-widget-divider--view-line_icon .elementor-divider-separator,.elementor-widget-divider--view-line_text .elementor-divider-separator{align-items:center}.elementor-widget-divider--view-line_icon .elementor-divider-separator:after,.elementor-widget-divider--view-line_icon .elementor-divider-separator:before,.elementor-widget-divider--view-line_text .elementor-divider-separator:after,.elementor-widget-divider--view-line_text .elementor-divider-separator:before{display:block;content:\"\";border-block-end:0;flex-grow:1;border-block-start:var(--divider-border-width) var(--divider-border-style) var(--divider-color)}.elementor-widget-divider--element-align-left .elementor-divider .elementor-divider-separator>.elementor-divider__svg:first-of-type{flex-grow:0;flex-shrink:100}.elementor-widget-divider--element-align-left .elementor-divider-separator:before{content:none}.elementor-widget-divider--element-align-left .elementor-divider__element{margin-left:0}.elementor-widget-divider--element-align-right .elementor-divider .elementor-divider-separator>.elementor-divider__svg:last-of-type{flex-grow:0;flex-shrink:100}.elementor-widget-divider--element-align-right .elementor-divider-separator:after{content:none}.elementor-widget-divider--element-align-right .elementor-divider__element{margin-right:0}.elementor-widget-divider--element-align-start .elementor-divider .elementor-divider-separator>.elementor-divider__svg:first-of-type{flex-grow:0;flex-shrink:100}.elementor-widget-divider--element-align-start .elementor-divider-separator:before{content:none}.elementor-widget-divider--element-align-start .elementor-divider__element{margin-inline-start:0}.elementor-widget-divider--element-align-end .elementor-divider .elementor-divider-separator>.elementor-divider__svg:last-of-type{flex-grow:0;flex-shrink:100}.elementor-widget-divider--element-align-end .elementor-divider-separator:after{content:none}.elementor-widget-divider--element-align-end .elementor-divider__element{margin-inline-end:0}.elementor-widget-divider:not(.elementor-widget-divider--view-line_text):not(.elementor-widget-divider--view-line_icon) .elementor-divider-separator{border-block-start:var(--divider-border-width) var(--divider-border-style) var(--divider-color)}.elementor-widget-divider--separator-type-pattern{--divider-border-style:none}.elementor-widget-divider--separator-type-pattern.elementor-widget-divider--view-line .elementor-divider-separator,.elementor-widget-divider--separator-type-pattern:not(.elementor-widget-divider--view-line) .elementor-divider-separator:after,.elementor-widget-divider--separator-type-pattern:not(.elementor-widget-divider--view-line) .elementor-divider-separator:before,.elementor-widget-divider--separator-type-pattern:not([class*=elementor-widget-divider--view]) .elementor-divider-separator{width:100%;min-height:var(--divider-pattern-height);-webkit-mask-size:var(--divider-pattern-size) 100%;mask-size:var(--divider-pattern-size) 100%;-webkit-mask-repeat:var(--divider-pattern-repeat);mask-repeat:var(--divider-pattern-repeat);background-color:var(--divider-color);-webkit-mask-image:var(--divider-pattern-url);mask-image:var(--divider-pattern-url)}.elementor-widget-divider--no-spacing{--divider-pattern-size:auto}.elementor-widget-divider--bg-round{--divider-pattern-repeat:round}.rtl .elementor-widget-divider .elementor-divider__text{direction:rtl}.e-con-inner>.elementor-widget-divider,.e-con>.elementor-widget-divider{width:var(--container-widget-width,100%);--flex-grow:var(--container-widget-flex-grow)}<\/style>\t\t<div class=\"elementor-divider\">\n\t\t\t<span class=\"elementor-divider-separator\">\n\t\t\t\t\t\t<\/span>\n\t\t<\/div>\n\t\t\t\t<\/div>\n\t\t\t\t<\/div>\n\t\t\t\t<div class=\"elementor-element elementor-element-e468191 elementor-widget elementor-widget-image\" data-id=\"e468191\" data-element_type=\"widget\" data-widget_type=\"image.default\">\n\t\t\t\t<div class=\"elementor-widget-container\">\n\t\t\t<style>\/*! elementor - v3.23.0 - 25-07-2024 *\/\n.elementor-widget-image{text-align:center}.elementor-widget-image a{display:inline-block}.elementor-widget-image a img[src$=\".svg\"]{width:48px}.elementor-widget-image img{vertical-align:middle;display:inline-block}<\/style>\t\t\t\t\t\t\t\t\t\t<img decoding=\"async\" width=\"150\" height=\"150\" src=\"https:\/\/www.tischbein-metall.de\/wp-content\/uploads\/2022\/10\/eu-flag-circle-150x150.png\" class=\"attachment-thumbnail size-thumbnail wp-image-13388\" alt=\"\" srcset=\"https:\/\/www.tischbein-metall.de\/wp-content\/uploads\/2022\/10\/eu-flag-circle-150x150.png 150w, https:\/\/www.tischbein-metall.de\/wp-content\/uploads\/2022\/10\/eu-flag-circle-570x570.png 570w, https:\/\/www.tischbein-metall.de\/wp-content\/uploads\/2022\/10\/eu-flag-circle-130x130.png 130w, https:\/\/www.tischbein-metall.de\/wp-content\/uploads\/2022\/10\/eu-flag-circle-600x600.png 600w, https:\/\/www.tischbein-metall.de\/wp-content\/uploads\/2022\/10\/eu-flag-circle-300x300.png 300w, https:\/\/www.tischbein-metall.de\/wp-content\/uploads\/2022\/10\/eu-flag-circle-1024x1024.png 1024w, https:\/\/www.tischbein-metall.de\/wp-content\/uploads\/2022\/10\/eu-flag-circle-768x768.png 768w, https:\/\/www.tischbein-metall.de\/wp-content\/uploads\/2022\/10\/eu-flag-circle-12x12.png 12w, https:\/\/www.tischbein-metall.de\/wp-content\/uploads\/2022\/10\/eu-flag-circle.png 1280w\" sizes=\"(max-width: 150px) 100vw, 150px\" \/>\t\t\t\t\t\t\t\t\t\t\t\t\t<\/div>\n\t\t\t\t<\/div>\n\t\t\t\t\t<\/div>\n\t\t<\/div>\n\t\t\t\t\t<\/div>\n\t\t<\/section>\n\t\t\t\t<\/div>\n\t\t","protected":false},"excerpt":{"rendered":"<table class=\"greyGridTable\">\n<tbody>\n<tr>\n<td><img decoding=\"async\" src=\"\/wp-content\/uploads\/2024\/12\/icons-noggi_timeless-design_blk.svg\" alt=\"Icon pr\u00e9sente une ligne stylis\u00e9e qui symbolise un design minimaliste et intemporel.\" width=\"70\" height=\"70\"><\/td>\n<td><b>Design intemporel :<\/b><br \/>\n\u00c9l\u00e9gant et adapt\u00e9 \u00e0 tous les int\u00e9rieurs<\/td>\n<td><img decoding=\"async\" src=\"\/wp-content\/uploads\/2024\/12\/icons-noggi_versatile-fit_blk.svg\" alt=\"L'ic\u00f4ne montre une ligne ajustable qui symbolise l'adaptabilit\u00e9 polyvalente\" width=\"70\" height=\"70\"><\/td>\n<td><b>Adaptation polyvalente :<\/b><br \/>\nConvient \u00e0 tout type de plateau de table<\/td>\n<\/tr>\n<tr>\n<td><img loading=\"lazy\" decoding=\"async\" src=\"\/wp-content\/uploads\/2024\/12\/icons-noggi_powder-coated_blk.svg\" alt=\"L'ic\u00f4ne repr\u00e9sente une bombe a\u00e9rosol symbolisant un rev\u00eatement en poudre de haute qualit\u00e9 pour une protection suppl\u00e9mentaire et un design moderne.\" width=\"70\" height=\"70\"><\/td>\n<td><b>Rev\u00eatement par poudre :<\/b><br \/>\nProt\u00e8ge contre la rouille, look moderne<\/td>\n<td><img loading=\"lazy\" decoding=\"async\" src=\"\/wp-content\/uploads\/2024\/12\/icons-noggi_indoor-outdoor_blk.svg\" alt=\"Ic\u00f4ne repr\u00e9sentant une maison et un arbre, symbolisant la polyvalence \u00e0 l'int\u00e9rieur et \u00e0 l'ext\u00e9rieur.\" width=\"70\" height=\"70\"><\/td>\n<td><b>Int\u00e9rieur &amp; ext\u00e9rieur :<\/b><br \/>\nDurable et r\u00e9sistant aux intemp\u00e9ries<\/td>\n<\/tr>\n<tr>\n<td><img loading=\"lazy\" decoding=\"async\" src=\"\/wp-content\/uploads\/2024\/12\/icons-noggi_floor-friendly_blk.svg\" alt=\"Icon symbolise les patins de table qui prot\u00e8gent le sol et int\u00e8grent une protection pour les surfaces sensibles.\" width=\"70\" height=\"70\"><\/td>\n<td><b>Protection des sols :<\/b><br \/>\nProt\u00e8ge les surfaces sensibles<\/td>\n<td><img loading=\"lazy\" decoding=\"async\" src=\"\/wp-content\/uploads\/2024\/12\/icons-noggi_effortless-assembly_blk.svg\" alt=\"L'ic\u00f4ne repr\u00e9sente une cl\u00e9 \u00e0 molette, qui symbolise un montage simple et sans effort.\" width=\"70\" height=\"70\"><\/td>\n<td><b>Montage facile :<\/b><br \/>\nMontage rapide gr\u00e2ce aux trous pr\u00e9-perc\u00e9s<\/td>\n<\/tr>\n<\/tbody>\n<\/table>\n","protected":false},"featured_media":13713,"comment_status":"open","ping_status":"closed","template":"","meta":{"_acf_changed":false,"inline_featured_image":false},"product_cat":[205,206],"product_tag":[],"class_list":{"0":"post-13970","1":"product","2":"type-product","3":"status-publish","4":"has-post-thumbnail","6":"product_cat-pieds-de-table","7":"product_cat-en-forme-de-u","8":"pa_farbe-noir-mat","9":"pa_farbe-anthracite","10":"pa_groesse-30-45cm-x-40cm-fr","11":"pa_groesse-55-75cm-x-70cm-fr","12":"pa_groesse-70-90cm-x-70cm-fr","14":"first","15":"instock","16":"sale","17":"taxable","18":"shipping-taxable","19":"purchasable","20":"product-type-variable","21":"has-default-attributes"},"acf":[],"yoast_head":"<!-- This site is optimized with the Yoast SEO plugin v25.3 - https:\/\/yoast.com\/wordpress\/plugins\/seo\/ -->\n<title>Pieds de table en m\u00e9tal en forme de U - Lot de 2 | Pied de table en m\u00e9tal<\/title>\n<meta name=\"description\" content=\"Pieds de table en forme de U - Ton expert en pieds de table en m\u00e9tal \u2714\ufe0f Fabriqu\u00e9 en Europe \u2714\ufe0f Qualit\u00e9 sup\u00e9rieure \u2714\ufe0f Livraison rapide &amp; gratuite\" \/>\n<meta name=\"robots\" content=\"index, follow, max-snippet:-1, max-image-preview:large, max-video-preview:-1\" \/>\n<link rel=\"canonical\" href=\"https:\/\/www.tischbein-metall.de\/fr\/produit\/lot-de-2-pieds-de-table-en-metal-en-forme-de-u\/\" \/>\n<meta property=\"og:locale\" content=\"fr_FR\" \/>\n<meta property=\"og:type\" content=\"article\" \/>\n<meta property=\"og:title\" content=\"Pieds de table en m\u00e9tal en forme de U - Lot de 2 | Pied de table en m\u00e9tal\" \/>\n<meta property=\"og:description\" content=\"Pieds de table en forme de U - Ton expert en pieds de table en m\u00e9tal \u2714\ufe0f Fabriqu\u00e9 en Europe \u2714\ufe0f Qualit\u00e9 sup\u00e9rieure \u2714\ufe0f Livraison rapide &amp; gratuite\" \/>\n<meta property=\"og:url\" content=\"https:\/\/www.tischbein-metall.de\/fr\/produit\/lot-de-2-pieds-de-table-en-metal-en-forme-de-u\/\" \/>\n<meta property=\"og:site_name\" content=\"Ton expert en pieds de table en m\u00e9tal\" \/>\n<meta property=\"article:modified_time\" content=\"2026-03-23T19:29:56+00:00\" \/>\n<meta property=\"og:image\" content=\"https:\/\/www.tischbein-metall.de\/wp-content\/uploads\/2023\/07\/pied-de-table-forme-en-u-image-principale.jpg\" \/>\n\t<meta property=\"og:image:width\" content=\"2400\" \/>\n\t<meta property=\"og:image:height\" content=\"2400\" \/>\n\t<meta property=\"og:image:type\" content=\"image\/jpeg\" \/>\n<meta name=\"twitter:card\" content=\"summary_large_image\" \/>\n<meta name=\"twitter:label1\" content=\"Dur\u00e9e de lecture estim\u00e9e\" \/>\n\t<meta name=\"twitter:data1\" content=\"3 minutes\" \/>\n<script type=\"application\/ld+json\" class=\"yoast-schema-graph\">{\"@context\":\"https:\/\/schema.org\",\"@graph\":[{\"@type\":\"WebPage\",\"@id\":\"https:\/\/www.tischbein-metall.de\/fr\/produit\/lot-de-2-pieds-de-table-en-metal-en-forme-de-u\/\",\"url\":\"https:\/\/www.tischbein-metall.de\/fr\/produit\/lot-de-2-pieds-de-table-en-metal-en-forme-de-u\/\",\"name\":\"Pieds de table en m\u00e9tal en forme de U - Lot de 2 | Pied de table en m\u00e9tal\",\"isPartOf\":{\"@id\":\"https:\/\/www.tischbein-metall.de\/#website\"},\"primaryImageOfPage\":{\"@id\":\"https:\/\/www.tischbein-metall.de\/fr\/produit\/lot-de-2-pieds-de-table-en-metal-en-forme-de-u\/#primaryimage\"},\"image\":{\"@id\":\"https:\/\/www.tischbein-metall.de\/fr\/produit\/lot-de-2-pieds-de-table-en-metal-en-forme-de-u\/#primaryimage\"},\"thumbnailUrl\":\"https:\/\/www.tischbein-metall.de\/wp-content\/uploads\/2023\/07\/pied-de-table-forme-en-u-image-principale.jpg\",\"datePublished\":\"2022-10-26T09:33:22+00:00\",\"dateModified\":\"2026-03-23T19:29:56+00:00\",\"description\":\"Pieds de table en forme de U - Ton expert en pieds de table en m\u00e9tal \u2714\ufe0f Fabriqu\u00e9 en Europe \u2714\ufe0f Qualit\u00e9 sup\u00e9rieure \u2714\ufe0f Livraison rapide & gratuite\",\"breadcrumb\":{\"@id\":\"https:\/\/www.tischbein-metall.de\/fr\/produit\/lot-de-2-pieds-de-table-en-metal-en-forme-de-u\/#breadcrumb\"},\"inLanguage\":\"fr-FR\",\"potentialAction\":[{\"@type\":\"ReadAction\",\"target\":[\"https:\/\/www.tischbein-metall.de\/fr\/produit\/lot-de-2-pieds-de-table-en-metal-en-forme-de-u\/\"]}]},{\"@type\":\"ImageObject\",\"inLanguage\":\"fr-FR\",\"@id\":\"https:\/\/www.tischbein-metall.de\/fr\/produit\/lot-de-2-pieds-de-table-en-metal-en-forme-de-u\/#primaryimage\",\"url\":\"https:\/\/www.tischbein-metall.de\/wp-content\/uploads\/2023\/07\/pied-de-table-forme-en-u-image-principale.jpg\",\"contentUrl\":\"https:\/\/www.tischbein-metall.de\/wp-content\/uploads\/2023\/07\/pied-de-table-forme-en-u-image-principale.jpg\",\"width\":2400,\"height\":2400,\"caption\":\"Image d'ambiance d'une table avec des pieds en forme de U en noir\"},{\"@type\":\"BreadcrumbList\",\"@id\":\"https:\/\/www.tischbein-metall.de\/fr\/produit\/lot-de-2-pieds-de-table-en-metal-en-forme-de-u\/#breadcrumb\",\"itemListElement\":[{\"@type\":\"ListItem\",\"position\":1,\"name\":\"Page d'accueil\",\"item\":\"https:\/\/www.tischbein-metall.de\/fr\/\"},{\"@type\":\"ListItem\",\"position\":2,\"name\":\"Produits\",\"item\":\"https:\/\/www.tischbein-metall.de\/fr\/produits\/\"},{\"@type\":\"ListItem\",\"position\":3,\"name\":\"Lot de 2 pieds de table en m\u00e9tal en forme de U\"}]},{\"@type\":\"WebSite\",\"@id\":\"https:\/\/www.tischbein-metall.de\/#website\",\"url\":\"https:\/\/www.tischbein-metall.de\/\",\"name\":\"Ton expert en pieds de table en m\u00e9tal\",\"description\":\"\",\"potentialAction\":[{\"@type\":\"SearchAction\",\"target\":{\"@type\":\"EntryPoint\",\"urlTemplate\":\"https:\/\/www.tischbein-metall.de\/?s={search_term_string}\"},\"query-input\":{\"@type\":\"PropertyValueSpecification\",\"valueRequired\":true,\"valueName\":\"search_term_string\"}}],\"inLanguage\":\"fr-FR\"}]}<\/script>\n<!-- \/ Yoast SEO plugin. -->","yoast_head_json":{"title":"Pieds de table en m\u00e9tal en forme de U - Lot de 2 | Pied de table en m\u00e9tal","description":"Pieds de table en forme de U - Ton expert en pieds de table en m\u00e9tal \u2714\ufe0f Fabriqu\u00e9 en Europe \u2714\ufe0f Qualit\u00e9 sup\u00e9rieure \u2714\ufe0f Livraison rapide & gratuite","robots":{"index":"index","follow":"follow","max-snippet":"max-snippet:-1","max-image-preview":"max-image-preview:large","max-video-preview":"max-video-preview:-1"},"canonical":"https:\/\/www.tischbein-metall.de\/fr\/produit\/lot-de-2-pieds-de-table-en-metal-en-forme-de-u\/","og_locale":"fr_FR","og_type":"article","og_title":"Pieds de table en m\u00e9tal en forme de U - Lot de 2 | Pied de table en m\u00e9tal","og_description":"Pieds de table en forme de U - Ton expert en pieds de table en m\u00e9tal \u2714\ufe0f Fabriqu\u00e9 en Europe \u2714\ufe0f Qualit\u00e9 sup\u00e9rieure \u2714\ufe0f Livraison rapide & gratuite","og_url":"https:\/\/www.tischbein-metall.de\/fr\/produit\/lot-de-2-pieds-de-table-en-metal-en-forme-de-u\/","og_site_name":"Ton expert en pieds de table en m\u00e9tal","article_modified_time":"2026-03-23T19:29:56+00:00","og_image":[{"width":2400,"height":2400,"url":"https:\/\/www.tischbein-metall.de\/wp-content\/uploads\/2023\/07\/pied-de-table-forme-en-u-image-principale.jpg","type":"image\/jpeg"}],"twitter_card":"summary_large_image","twitter_misc":{"Dur\u00e9e de lecture estim\u00e9e":"3 minutes"},"schema":{"@context":"https:\/\/schema.org","@graph":[{"@type":"WebPage","@id":"https:\/\/www.tischbein-metall.de\/fr\/produit\/lot-de-2-pieds-de-table-en-metal-en-forme-de-u\/","url":"https:\/\/www.tischbein-metall.de\/fr\/produit\/lot-de-2-pieds-de-table-en-metal-en-forme-de-u\/","name":"Pieds de table en m\u00e9tal en forme de U - Lot de 2 | Pied de table en m\u00e9tal","isPartOf":{"@id":"https:\/\/www.tischbein-metall.de\/#website"},"primaryImageOfPage":{"@id":"https:\/\/www.tischbein-metall.de\/fr\/produit\/lot-de-2-pieds-de-table-en-metal-en-forme-de-u\/#primaryimage"},"image":{"@id":"https:\/\/www.tischbein-metall.de\/fr\/produit\/lot-de-2-pieds-de-table-en-metal-en-forme-de-u\/#primaryimage"},"thumbnailUrl":"https:\/\/www.tischbein-metall.de\/wp-content\/uploads\/2023\/07\/pied-de-table-forme-en-u-image-principale.jpg","datePublished":"2022-10-26T09:33:22+00:00","dateModified":"2026-03-23T19:29:56+00:00","description":"Pieds de table en forme de U - Ton expert en pieds de table en m\u00e9tal \u2714\ufe0f Fabriqu\u00e9 en Europe \u2714\ufe0f Qualit\u00e9 sup\u00e9rieure \u2714\ufe0f Livraison rapide & gratuite","breadcrumb":{"@id":"https:\/\/www.tischbein-metall.de\/fr\/produit\/lot-de-2-pieds-de-table-en-metal-en-forme-de-u\/#breadcrumb"},"inLanguage":"fr-FR","potentialAction":[{"@type":"ReadAction","target":["https:\/\/www.tischbein-metall.de\/fr\/produit\/lot-de-2-pieds-de-table-en-metal-en-forme-de-u\/"]}]},{"@type":"ImageObject","inLanguage":"fr-FR","@id":"https:\/\/www.tischbein-metall.de\/fr\/produit\/lot-de-2-pieds-de-table-en-metal-en-forme-de-u\/#primaryimage","url":"https:\/\/www.tischbein-metall.de\/wp-content\/uploads\/2023\/07\/pied-de-table-forme-en-u-image-principale.jpg","contentUrl":"https:\/\/www.tischbein-metall.de\/wp-content\/uploads\/2023\/07\/pied-de-table-forme-en-u-image-principale.jpg","width":2400,"height":2400,"caption":"Image d'ambiance d'une table avec des pieds en forme de U en noir"},{"@type":"BreadcrumbList","@id":"https:\/\/www.tischbein-metall.de\/fr\/produit\/lot-de-2-pieds-de-table-en-metal-en-forme-de-u\/#breadcrumb","itemListElement":[{"@type":"ListItem","position":1,"name":"Page d'accueil","item":"https:\/\/www.tischbein-metall.de\/fr\/"},{"@type":"ListItem","position":2,"name":"Produits","item":"https:\/\/www.tischbein-metall.de\/fr\/produits\/"},{"@type":"ListItem","position":3,"name":"Lot de 2 pieds de table en m\u00e9tal en forme de U"}]},{"@type":"WebSite","@id":"https:\/\/www.tischbein-metall.de\/#website","url":"https:\/\/www.tischbein-metall.de\/","name":"Ton expert en pieds de table en m\u00e9tal","description":"","potentialAction":[{"@type":"SearchAction","target":{"@type":"EntryPoint","urlTemplate":"https:\/\/www.tischbein-metall.de\/?s={search_term_string}"},"query-input":{"@type":"PropertyValueSpecification","valueRequired":true,"valueName":"search_term_string"}}],"inLanguage":"fr-FR"}]}},"_links":{"self":[{"href":"https:\/\/www.tischbein-metall.de\/fr\/wp-json\/wp\/v2\/product\/13970","targetHints":{"allow":["GET"]}}],"collection":[{"href":"https:\/\/www.tischbein-metall.de\/fr\/wp-json\/wp\/v2\/product"}],"about":[{"href":"https:\/\/www.tischbein-metall.de\/fr\/wp-json\/wp\/v2\/types\/product"}],"replies":[{"embeddable":true,"href":"https:\/\/www.tischbein-metall.de\/fr\/wp-json\/wp\/v2\/comments?post=13970"}],"version-history":[{"count":22,"href":"https:\/\/www.tischbein-metall.de\/fr\/wp-json\/wp\/v2\/product\/13970\/revisions"}],"predecessor-version":[{"id":45114,"href":"https:\/\/www.tischbein-metall.de\/fr\/wp-json\/wp\/v2\/product\/13970\/revisions\/45114"}],"wp:featuredmedia":[{"embeddable":true,"href":"https:\/\/www.tischbein-metall.de\/fr\/wp-json\/wp\/v2\/media\/13713"}],"wp:attachment":[{"href":"https:\/\/www.tischbein-metall.de\/fr\/wp-json\/wp\/v2\/media?parent=13970"}],"wp:term":[{"taxonomy":"product_cat","embeddable":true,"href":"https:\/\/www.tischbein-metall.de\/fr\/wp-json\/wp\/v2\/product_cat?post=13970"},{"taxonomy":"product_tag","embeddable":true,"href":"https:\/\/www.tischbein-metall.de\/fr\/wp-json\/wp\/v2\/product_tag?post=13970"}],"curies":[{"name":"wp","href":"https:\/\/api.w.org\/{rel}","templated":true}]}}