{"id":17296,"date":"2023-10-19T19:20:22","date_gmt":"2023-10-19T17:20:22","guid":{"rendered":"https:\/\/www.tischbein-metall.de\/?post_type=product&#038;p=17296"},"modified":"2025-04-26T09:43:22","modified_gmt":"2025-04-26T07:43:22","slug":"porte-buches","status":"publish","type":"product","link":"https:\/\/www.tischbein-metall.de\/fr\/produit\/porte-buches\/","title":{"rendered":"Porte-b\u00fbches"},"content":{"rendered":"\t\t<div data-elementor-type=\"wp-post\" data-elementor-id=\"17296\" class=\"elementor elementor-17296 elementor-17215\">\n\t\t\t\t\t\t<section class=\"elementor-section elementor-top-section elementor-element elementor-element-eb2635a elementor-section-boxed elementor-section-height-default elementor-section-height-default\" data-id=\"eb2635a\" data-element_type=\"section\">\n\t\t\t\t\t\t<div class=\"elementor-container elementor-column-gap-default\">\n\t\t\t\t\t<div class=\"elementor-column elementor-col-100 elementor-top-column elementor-element elementor-element-f1f0e68\" data-id=\"f1f0e68\" data-element_type=\"column\">\n\t\t\t<div class=\"elementor-widget-wrap elementor-element-populated\">\n\t\t\t\t\t\t<div class=\"elementor-element elementor-element-43475dd elementor-widget elementor-widget-text-editor\" data-id=\"43475dd\" data-element_type=\"widget\" data-widget_type=\"text-editor.default\">\n\t\t\t\t<div class=\"elementor-widget-container\">\n\t\t\t<style>\/*! elementor - v3.23.0 - 25-07-2024 *\/\n.elementor-widget-text-editor.elementor-drop-cap-view-stacked .elementor-drop-cap{background-color:#69727d;color:#fff}.elementor-widget-text-editor.elementor-drop-cap-view-framed .elementor-drop-cap{color:#69727d;border:3px solid;background-color:transparent}.elementor-widget-text-editor:not(.elementor-drop-cap-view-default) .elementor-drop-cap{margin-top:8px}.elementor-widget-text-editor:not(.elementor-drop-cap-view-default) .elementor-drop-cap-letter{width:1em;height:1em}.elementor-widget-text-editor .elementor-drop-cap{float:left;text-align:center;line-height:1;font-size:50px}.elementor-widget-text-editor .elementor-drop-cap-letter{display:inline-block}<\/style>\t\t\t\t<p>Notre <b>\u00e9tag\u00e8re \u00e0 bois de chemin\u00e9e en m\u00e9tal<\/b> est la solution parfaite pour le stockage de votre bois de chauffage, que ce soit \u00e0 l&#8217;int\u00e9rieur ou \u00e0 l&#8217;ext\u00e9rieur. Fabriqu\u00e9e en acier rev\u00eatu de poudre, cette \u00e9tag\u00e8re polyvalente pour le bois de chemin\u00e9e est robuste et r\u00e9sistante \u00e0 la rouille, en faisant un support id\u00e9al pour le bois de chauffage quelles que soient les conditions m\u00e9t\u00e9orologiques. Avec trois options de tailles diff\u00e9rentes (<b>25x25x130 cm<\/b>, <b>60x25x100 cm<\/b>, <b>40x30x100 cm<\/b>), il est facile de trouver le mod\u00e8le qui correspond \u00e0 vos besoins.<\/p>\n<p>Notre <b>\u00e9tag\u00e8re \u00e0 bois de chemin\u00e9e<\/b> allie fonctionnalit\u00e9 et esth\u00e9tique, car elle sert non seulement de <b>support pratique pour empiler le bois<\/b>, mais elle pr\u00e9sente \u00e9galement un design moderne et discret. En tant que <b>support fiable pour le bois de chauffage<\/b>, elle assure que votre bois de chauffage est toujours \u00e0 port\u00e9e de main et soigneusement empil\u00e9, vous permettant de profiter de soir\u00e9es au coin du feu confortables.<\/p>\n<p>Nos <b>\u00e9tag\u00e8res pour le bois de chauffage<\/b> ne sont pas seulement extr\u00eamement pratiques, elles sont aussi durables et faciles \u00e0 entretenir. Avec une \u00e9tag\u00e8re pour le bois de chauffage en acier rev\u00eatu de poudre, vous investissez dans une solution de stockage durable pour votre bois de chauffage.<\/p>\n\t\t\t\t\t\t<\/div>\n\t\t\t\t<\/div>\n\t\t\t\t\t<\/div>\n\t\t<\/div>\n\t\t\t\t\t<\/div>\n\t\t<\/section>\n\t\t\t\t<section class=\"elementor-section elementor-top-section elementor-element elementor-element-9658d7d elementor-section-boxed elementor-section-height-default elementor-section-height-default\" data-id=\"9658d7d\" data-element_type=\"section\">\n\t\t\t\t\t\t<div class=\"elementor-container elementor-column-gap-default\">\n\t\t\t\t\t<div class=\"elementor-column elementor-col-100 elementor-top-column elementor-element elementor-element-f84a8b5\" data-id=\"f84a8b5\" data-element_type=\"column\">\n\t\t\t<div class=\"elementor-widget-wrap elementor-element-populated\">\n\t\t\t\t\t\t<div class=\"elementor-element elementor-element-a64d52e elementor-widget-divider--view-line elementor-widget elementor-widget-divider\" data-id=\"a64d52e\" data-element_type=\"widget\" data-widget_type=\"divider.default\">\n\t\t\t\t<div class=\"elementor-widget-container\">\n\t\t\t<style>\/*! elementor - v3.23.0 - 25-07-2024 *\/\n.elementor-widget-divider{--divider-border-style:none;--divider-border-width:1px;--divider-color:#0c0d0e;--divider-icon-size:20px;--divider-element-spacing:10px;--divider-pattern-height:24px;--divider-pattern-size:20px;--divider-pattern-url:none;--divider-pattern-repeat:repeat-x}.elementor-widget-divider .elementor-divider{display:flex}.elementor-widget-divider .elementor-divider__text{font-size:15px;line-height:1;max-width:95%}.elementor-widget-divider .elementor-divider__element{margin:0 var(--divider-element-spacing);flex-shrink:0}.elementor-widget-divider .elementor-icon{font-size:var(--divider-icon-size)}.elementor-widget-divider .elementor-divider-separator{display:flex;margin:0;direction:ltr}.elementor-widget-divider--view-line_icon .elementor-divider-separator,.elementor-widget-divider--view-line_text .elementor-divider-separator{align-items:center}.elementor-widget-divider--view-line_icon .elementor-divider-separator:after,.elementor-widget-divider--view-line_icon .elementor-divider-separator:before,.elementor-widget-divider--view-line_text .elementor-divider-separator:after,.elementor-widget-divider--view-line_text .elementor-divider-separator:before{display:block;content:\"\";border-block-end:0;flex-grow:1;border-block-start:var(--divider-border-width) var(--divider-border-style) var(--divider-color)}.elementor-widget-divider--element-align-left .elementor-divider .elementor-divider-separator>.elementor-divider__svg:first-of-type{flex-grow:0;flex-shrink:100}.elementor-widget-divider--element-align-left .elementor-divider-separator:before{content:none}.elementor-widget-divider--element-align-left .elementor-divider__element{margin-left:0}.elementor-widget-divider--element-align-right .elementor-divider .elementor-divider-separator>.elementor-divider__svg:last-of-type{flex-grow:0;flex-shrink:100}.elementor-widget-divider--element-align-right .elementor-divider-separator:after{content:none}.elementor-widget-divider--element-align-right .elementor-divider__element{margin-right:0}.elementor-widget-divider--element-align-start .elementor-divider .elementor-divider-separator>.elementor-divider__svg:first-of-type{flex-grow:0;flex-shrink:100}.elementor-widget-divider--element-align-start .elementor-divider-separator:before{content:none}.elementor-widget-divider--element-align-start .elementor-divider__element{margin-inline-start:0}.elementor-widget-divider--element-align-end .elementor-divider .elementor-divider-separator>.elementor-divider__svg:last-of-type{flex-grow:0;flex-shrink:100}.elementor-widget-divider--element-align-end .elementor-divider-separator:after{content:none}.elementor-widget-divider--element-align-end .elementor-divider__element{margin-inline-end:0}.elementor-widget-divider:not(.elementor-widget-divider--view-line_text):not(.elementor-widget-divider--view-line_icon) .elementor-divider-separator{border-block-start:var(--divider-border-width) var(--divider-border-style) var(--divider-color)}.elementor-widget-divider--separator-type-pattern{--divider-border-style:none}.elementor-widget-divider--separator-type-pattern.elementor-widget-divider--view-line .elementor-divider-separator,.elementor-widget-divider--separator-type-pattern:not(.elementor-widget-divider--view-line) .elementor-divider-separator:after,.elementor-widget-divider--separator-type-pattern:not(.elementor-widget-divider--view-line) .elementor-divider-separator:before,.elementor-widget-divider--separator-type-pattern:not([class*=elementor-widget-divider--view]) .elementor-divider-separator{width:100%;min-height:var(--divider-pattern-height);-webkit-mask-size:var(--divider-pattern-size) 100%;mask-size:var(--divider-pattern-size) 100%;-webkit-mask-repeat:var(--divider-pattern-repeat);mask-repeat:var(--divider-pattern-repeat);background-color:var(--divider-color);-webkit-mask-image:var(--divider-pattern-url);mask-image:var(--divider-pattern-url)}.elementor-widget-divider--no-spacing{--divider-pattern-size:auto}.elementor-widget-divider--bg-round{--divider-pattern-repeat:round}.rtl .elementor-widget-divider .elementor-divider__text{direction:rtl}.e-con-inner>.elementor-widget-divider,.e-con>.elementor-widget-divider{width:var(--container-widget-width,100%);--flex-grow:var(--container-widget-flex-grow)}<\/style>\t\t<div class=\"elementor-divider\">\n\t\t\t<span class=\"elementor-divider-separator\">\n\t\t\t\t\t\t<\/span>\n\t\t<\/div>\n\t\t\t\t<\/div>\n\t\t\t\t<\/div>\n\t\t\t\t\t<\/div>\n\t\t<\/div>\n\t\t\t\t\t<\/div>\n\t\t<\/section>\n\t\t\t\t<section class=\"elementor-section elementor-top-section elementor-element elementor-element-2c9938e elementor-section-boxed elementor-section-height-default elementor-section-height-default\" data-id=\"2c9938e\" data-element_type=\"section\">\n\t\t\t\t\t\t<div class=\"elementor-container elementor-column-gap-default\">\n\t\t\t\t\t<div class=\"elementor-column elementor-col-100 elementor-top-column elementor-element elementor-element-0f79030\" data-id=\"0f79030\" data-element_type=\"column\">\n\t\t\t<div class=\"elementor-widget-wrap elementor-element-populated\">\n\t\t\t\t\t\t<div class=\"elementor-element elementor-element-5429a1a elementor-widget elementor-widget-image\" data-id=\"5429a1a\" data-element_type=\"widget\" data-widget_type=\"image.default\">\n\t\t\t\t<div class=\"elementor-widget-container\">\n\t\t\t<style>\/*! elementor - v3.23.0 - 25-07-2024 *\/\n.elementor-widget-image{text-align:center}.elementor-widget-image a{display:inline-block}.elementor-widget-image a img[src$=\".svg\"]{width:48px}.elementor-widget-image img{vertical-align:middle;display:inline-block}<\/style>\t\t\t\t\t\t\t\t\t\t<img decoding=\"async\" width=\"150\" height=\"150\" src=\"https:\/\/www.tischbein-metall.de\/wp-content\/uploads\/2023\/10\/eu-flag-circle-150x150.png\" class=\"attachment-thumbnail size-thumbnail wp-image-17349\" alt=\"\" srcset=\"https:\/\/www.tischbein-metall.de\/wp-content\/uploads\/2023\/10\/eu-flag-circle-150x150.png 150w, https:\/\/www.tischbein-metall.de\/wp-content\/uploads\/2023\/10\/eu-flag-circle-570x570.png 570w, https:\/\/www.tischbein-metall.de\/wp-content\/uploads\/2023\/10\/eu-flag-circle-130x130.png 130w, https:\/\/www.tischbein-metall.de\/wp-content\/uploads\/2023\/10\/eu-flag-circle-600x600.png 600w, https:\/\/www.tischbein-metall.de\/wp-content\/uploads\/2023\/10\/eu-flag-circle-300x300.png 300w, https:\/\/www.tischbein-metall.de\/wp-content\/uploads\/2023\/10\/eu-flag-circle-1024x1024.png 1024w, https:\/\/www.tischbein-metall.de\/wp-content\/uploads\/2023\/10\/eu-flag-circle-768x768.png 768w, https:\/\/www.tischbein-metall.de\/wp-content\/uploads\/2023\/10\/eu-flag-circle.png 1280w\" sizes=\"(max-width: 150px) 100vw, 150px\" \/>\t\t\t\t\t\t\t\t\t\t\t\t\t<\/div>\n\t\t\t\t<\/div>\n\t\t\t\t\t<\/div>\n\t\t<\/div>\n\t\t\t\t\t<\/div>\n\t\t<\/section>\n\t\t\t\t<\/div>\n\t\t","protected":false},"excerpt":{"rendered":"<p><span style=\"color: green;\">\u2714<\/span> <strong>Acier de qualit\u00e9 robuste fabriqu\u00e9 dans l\u2019UE<\/strong><br \/>\n<span style=\"color: green;\">\u2714<\/span> <strong>Design intemporel qui s\u2019int\u00e8gre parfaitement<\/strong><br \/>\n<span style=\"color: green;\">\u2714<\/span> <strong>Exp\u00e9dition quotidienne pour une livraison rapide<\/strong><br \/>\n<span style=\"color: green;\">\u2714<\/span> <strong>Rev\u00eatement en par poudre \u00e9l\u00e9gant pour une protection durable<\/strong><br \/>\n<span style=\"color: green;\">\u2714<\/span> <strong>Qualit\u00e9 garantie selon les normes europ\u00e9ennes<\/strong><br \/>\n<span style=\"color: green;\">\u2714<\/span> <strong>Assemblage rapide et facile<\/strong><\/p>\n<p>Assurez-vous de ranger \u00e9l\u00e9gamment votre bois de chemin\u00e9e avec notre \u00e9tag\u00e8re \u00e0 bois de chemin\u00e9e en m\u00e9tal noir. Disponible en trois tailles diff\u00e9rentes (25x25x130 cm, 60x25x100 cm, 40x30x100 cm), cette \u00e9tag\u00e8re en acier rev\u00eatu de poudre convient aussi bien pour une utilisation int\u00e9rieure qu&#8217;ext\u00e9rieure. Son design sobre et moderne s&#8217;int\u00e8gre parfaitement dans n&#8217;importe quel environnement, sans \u00eatre envahissant. Gardez votre bois de chemin\u00e9e bien rang\u00e9 et \u00e0 port\u00e9e de main avec cette \u00e9tag\u00e8re \u00e9l\u00e9gante et durable.<\/p>\n","protected":false},"featured_media":18248,"comment_status":"open","ping_status":"closed","template":"","meta":{"_acf_changed":false,"inline_featured_image":false},"product_cat":[584],"product_tag":[],"class_list":{"0":"post-17296","1":"product","2":"type-product","3":"status-publish","4":"has-post-thumbnail","6":"product_cat-support-pour-bois-de-chauffage","7":"pa_farbe-noir-mat","8":"pa_groesse-25-cm-x-25-cm-x-130-cm-fr","9":"pa_groesse-40-cm-x-30-cm-x-100-cm-fr","10":"pa_groesse-60-cm-x-25-cm-x-100-cm-fr","12":"first","13":"instock","14":"sale","15":"taxable","16":"shipping-taxable","17":"purchasable","18":"product-type-variable","19":"has-default-attributes"},"acf":[],"yoast_head":"<!-- This site is optimized with the Yoast SEO plugin v25.3 - https:\/\/yoast.com\/wordpress\/plugins\/seo\/ -->\n<title>Porte-b\u00fbches - Ton expert en pieds de table en m\u00e9tal<\/title>\n<meta name=\"description\" content=\"Porte-b\u00fbches - Ton expert en pieds de table en m\u00e9tal \u2714\ufe0f Fabriqu\u00e9 en Europe \u2714\ufe0f Qualit\u00e9 sup\u00e9rieure \u2714\ufe0f Livraison rapide &amp; gratuite\" \/>\n<meta name=\"robots\" content=\"index, follow, max-snippet:-1, max-image-preview:large, max-video-preview:-1\" \/>\n<link rel=\"canonical\" href=\"https:\/\/www.tischbein-metall.de\/fr\/produit\/porte-buches\/\" \/>\n<meta property=\"og:locale\" content=\"fr_FR\" \/>\n<meta property=\"og:type\" content=\"article\" \/>\n<meta property=\"og:title\" content=\"Porte-b\u00fbches - Ton expert en pieds de table en m\u00e9tal\" \/>\n<meta property=\"og:description\" content=\"Porte-b\u00fbches - Ton expert en pieds de table en m\u00e9tal \u2714\ufe0f Fabriqu\u00e9 en Europe \u2714\ufe0f Qualit\u00e9 sup\u00e9rieure \u2714\ufe0f Livraison rapide &amp; gratuite\" \/>\n<meta property=\"og:url\" content=\"https:\/\/www.tischbein-metall.de\/fr\/produit\/porte-buches\/\" \/>\n<meta property=\"og:site_name\" content=\"Ton expert en pieds de table en m\u00e9tal\" \/>\n<meta property=\"article:modified_time\" content=\"2025-04-26T07:43:22+00:00\" \/>\n<meta property=\"og:image\" content=\"https:\/\/www.tischbein-metall.de\/wp-content\/uploads\/2023\/10\/range-bois-apercu.jpg\" \/>\n\t<meta property=\"og:image:width\" content=\"2400\" \/>\n\t<meta property=\"og:image:height\" content=\"2400\" \/>\n\t<meta property=\"og:image:type\" content=\"image\/jpeg\" \/>\n<meta name=\"twitter:card\" content=\"summary_large_image\" \/>\n<meta name=\"twitter:label1\" content=\"Dur\u00e9e de lecture estim\u00e9e\" \/>\n\t<meta name=\"twitter:data1\" content=\"2 minutes\" \/>\n<script type=\"application\/ld+json\" class=\"yoast-schema-graph\">{\"@context\":\"https:\/\/schema.org\",\"@graph\":[{\"@type\":\"WebPage\",\"@id\":\"https:\/\/www.tischbein-metall.de\/fr\/produit\/porte-buches\/\",\"url\":\"https:\/\/www.tischbein-metall.de\/fr\/produit\/porte-buches\/\",\"name\":\"Porte-b\u00fbches - Ton expert en pieds de table en m\u00e9tal\",\"isPartOf\":{\"@id\":\"https:\/\/www.tischbein-metall.de\/#website\"},\"primaryImageOfPage\":{\"@id\":\"https:\/\/www.tischbein-metall.de\/fr\/produit\/porte-buches\/#primaryimage\"},\"image\":{\"@id\":\"https:\/\/www.tischbein-metall.de\/fr\/produit\/porte-buches\/#primaryimage\"},\"thumbnailUrl\":\"https:\/\/www.tischbein-metall.de\/wp-content\/uploads\/2023\/10\/range-bois-apercu.jpg\",\"datePublished\":\"2023-10-19T17:20:22+00:00\",\"dateModified\":\"2025-04-26T07:43:22+00:00\",\"description\":\"Porte-b\u00fbches - Ton expert en pieds de table en m\u00e9tal \u2714\ufe0f Fabriqu\u00e9 en Europe \u2714\ufe0f Qualit\u00e9 sup\u00e9rieure \u2714\ufe0f Livraison rapide & gratuite\",\"breadcrumb\":{\"@id\":\"https:\/\/www.tischbein-metall.de\/fr\/produit\/porte-buches\/#breadcrumb\"},\"inLanguage\":\"fr-FR\",\"potentialAction\":[{\"@type\":\"ReadAction\",\"target\":[\"https:\/\/www.tischbein-metall.de\/fr\/produit\/porte-buches\/\"]}]},{\"@type\":\"ImageObject\",\"inLanguage\":\"fr-FR\",\"@id\":\"https:\/\/www.tischbein-metall.de\/fr\/produit\/porte-buches\/#primaryimage\",\"url\":\"https:\/\/www.tischbein-metall.de\/wp-content\/uploads\/2023\/10\/range-bois-apercu.jpg\",\"contentUrl\":\"https:\/\/www.tischbein-metall.de\/wp-content\/uploads\/2023\/10\/range-bois-apercu.jpg\",\"width\":2400,\"height\":2400,\"caption\":\"\u00dcbersicht der drei Holzst\u00e4nder\"},{\"@type\":\"BreadcrumbList\",\"@id\":\"https:\/\/www.tischbein-metall.de\/fr\/produit\/porte-buches\/#breadcrumb\",\"itemListElement\":[{\"@type\":\"ListItem\",\"position\":1,\"name\":\"Page d'accueil\",\"item\":\"https:\/\/www.tischbein-metall.de\/fr\/\"},{\"@type\":\"ListItem\",\"position\":2,\"name\":\"Produits\",\"item\":\"https:\/\/www.tischbein-metall.de\/fr\/produits\/\"},{\"@type\":\"ListItem\",\"position\":3,\"name\":\"Porte-b\u00fbches\"}]},{\"@type\":\"WebSite\",\"@id\":\"https:\/\/www.tischbein-metall.de\/#website\",\"url\":\"https:\/\/www.tischbein-metall.de\/\",\"name\":\"Ton expert en pieds de table en m\u00e9tal\",\"description\":\"\",\"potentialAction\":[{\"@type\":\"SearchAction\",\"target\":{\"@type\":\"EntryPoint\",\"urlTemplate\":\"https:\/\/www.tischbein-metall.de\/?s={search_term_string}\"},\"query-input\":{\"@type\":\"PropertyValueSpecification\",\"valueRequired\":true,\"valueName\":\"search_term_string\"}}],\"inLanguage\":\"fr-FR\"}]}<\/script>\n<!-- \/ Yoast SEO plugin. -->","yoast_head_json":{"title":"Porte-b\u00fbches - Ton expert en pieds de table en m\u00e9tal","description":"Porte-b\u00fbches - Ton expert en pieds de table en m\u00e9tal \u2714\ufe0f Fabriqu\u00e9 en Europe \u2714\ufe0f Qualit\u00e9 sup\u00e9rieure \u2714\ufe0f Livraison rapide & gratuite","robots":{"index":"index","follow":"follow","max-snippet":"max-snippet:-1","max-image-preview":"max-image-preview:large","max-video-preview":"max-video-preview:-1"},"canonical":"https:\/\/www.tischbein-metall.de\/fr\/produit\/porte-buches\/","og_locale":"fr_FR","og_type":"article","og_title":"Porte-b\u00fbches - Ton expert en pieds de table en m\u00e9tal","og_description":"Porte-b\u00fbches - Ton expert en pieds de table en m\u00e9tal \u2714\ufe0f Fabriqu\u00e9 en Europe \u2714\ufe0f Qualit\u00e9 sup\u00e9rieure \u2714\ufe0f Livraison rapide & gratuite","og_url":"https:\/\/www.tischbein-metall.de\/fr\/produit\/porte-buches\/","og_site_name":"Ton expert en pieds de table en m\u00e9tal","article_modified_time":"2025-04-26T07:43:22+00:00","og_image":[{"width":2400,"height":2400,"url":"https:\/\/www.tischbein-metall.de\/wp-content\/uploads\/2023\/10\/range-bois-apercu.jpg","type":"image\/jpeg"}],"twitter_card":"summary_large_image","twitter_misc":{"Dur\u00e9e de lecture estim\u00e9e":"2 minutes"},"schema":{"@context":"https:\/\/schema.org","@graph":[{"@type":"WebPage","@id":"https:\/\/www.tischbein-metall.de\/fr\/produit\/porte-buches\/","url":"https:\/\/www.tischbein-metall.de\/fr\/produit\/porte-buches\/","name":"Porte-b\u00fbches - Ton expert en pieds de table en m\u00e9tal","isPartOf":{"@id":"https:\/\/www.tischbein-metall.de\/#website"},"primaryImageOfPage":{"@id":"https:\/\/www.tischbein-metall.de\/fr\/produit\/porte-buches\/#primaryimage"},"image":{"@id":"https:\/\/www.tischbein-metall.de\/fr\/produit\/porte-buches\/#primaryimage"},"thumbnailUrl":"https:\/\/www.tischbein-metall.de\/wp-content\/uploads\/2023\/10\/range-bois-apercu.jpg","datePublished":"2023-10-19T17:20:22+00:00","dateModified":"2025-04-26T07:43:22+00:00","description":"Porte-b\u00fbches - Ton expert en pieds de table en m\u00e9tal \u2714\ufe0f Fabriqu\u00e9 en Europe \u2714\ufe0f Qualit\u00e9 sup\u00e9rieure \u2714\ufe0f Livraison rapide & gratuite","breadcrumb":{"@id":"https:\/\/www.tischbein-metall.de\/fr\/produit\/porte-buches\/#breadcrumb"},"inLanguage":"fr-FR","potentialAction":[{"@type":"ReadAction","target":["https:\/\/www.tischbein-metall.de\/fr\/produit\/porte-buches\/"]}]},{"@type":"ImageObject","inLanguage":"fr-FR","@id":"https:\/\/www.tischbein-metall.de\/fr\/produit\/porte-buches\/#primaryimage","url":"https:\/\/www.tischbein-metall.de\/wp-content\/uploads\/2023\/10\/range-bois-apercu.jpg","contentUrl":"https:\/\/www.tischbein-metall.de\/wp-content\/uploads\/2023\/10\/range-bois-apercu.jpg","width":2400,"height":2400,"caption":"\u00dcbersicht der drei Holzst\u00e4nder"},{"@type":"BreadcrumbList","@id":"https:\/\/www.tischbein-metall.de\/fr\/produit\/porte-buches\/#breadcrumb","itemListElement":[{"@type":"ListItem","position":1,"name":"Page d'accueil","item":"https:\/\/www.tischbein-metall.de\/fr\/"},{"@type":"ListItem","position":2,"name":"Produits","item":"https:\/\/www.tischbein-metall.de\/fr\/produits\/"},{"@type":"ListItem","position":3,"name":"Porte-b\u00fbches"}]},{"@type":"WebSite","@id":"https:\/\/www.tischbein-metall.de\/#website","url":"https:\/\/www.tischbein-metall.de\/","name":"Ton expert en pieds de table en m\u00e9tal","description":"","potentialAction":[{"@type":"SearchAction","target":{"@type":"EntryPoint","urlTemplate":"https:\/\/www.tischbein-metall.de\/?s={search_term_string}"},"query-input":{"@type":"PropertyValueSpecification","valueRequired":true,"valueName":"search_term_string"}}],"inLanguage":"fr-FR"}]}},"_links":{"self":[{"href":"https:\/\/www.tischbein-metall.de\/fr\/wp-json\/wp\/v2\/product\/17296","targetHints":{"allow":["GET"]}}],"collection":[{"href":"https:\/\/www.tischbein-metall.de\/fr\/wp-json\/wp\/v2\/product"}],"about":[{"href":"https:\/\/www.tischbein-metall.de\/fr\/wp-json\/wp\/v2\/types\/product"}],"replies":[{"embeddable":true,"href":"https:\/\/www.tischbein-metall.de\/fr\/wp-json\/wp\/v2\/comments?post=17296"}],"version-history":[{"count":8,"href":"https:\/\/www.tischbein-metall.de\/fr\/wp-json\/wp\/v2\/product\/17296\/revisions"}],"predecessor-version":[{"id":19580,"href":"https:\/\/www.tischbein-metall.de\/fr\/wp-json\/wp\/v2\/product\/17296\/revisions\/19580"}],"wp:featuredmedia":[{"embeddable":true,"href":"https:\/\/www.tischbein-metall.de\/fr\/wp-json\/wp\/v2\/media\/18248"}],"wp:attachment":[{"href":"https:\/\/www.tischbein-metall.de\/fr\/wp-json\/wp\/v2\/media?parent=17296"}],"wp:term":[{"taxonomy":"product_cat","embeddable":true,"href":"https:\/\/www.tischbein-metall.de\/fr\/wp-json\/wp\/v2\/product_cat?post=17296"},{"taxonomy":"product_tag","embeddable":true,"href":"https:\/\/www.tischbein-metall.de\/fr\/wp-json\/wp\/v2\/product_tag?post=17296"}],"curies":[{"name":"wp","href":"https:\/\/api.w.org\/{rel}","templated":true}]}}