{"id":18407,"date":"2023-10-18T15:02:49","date_gmt":"2023-10-18T13:02:49","guid":{"rendered":"https:\/\/www.tischbein-metall.de\/produkt\/lot-de-2-pieds-de-table-en-metal-en-forme-de-v-2\/"},"modified":"2025-08-06T14:28:48","modified_gmt":"2025-08-06T12:28:48","slug":"lot-de-2-pieds-de-table-en-metal-en-forme-de-a","status":"publish","type":"product","link":"https:\/\/www.tischbein-metall.de\/fr\/produit\/lot-de-2-pieds-de-table-en-metal-en-forme-de-a\/","title":{"rendered":"Lot de 2 pieds de table en m\u00e9tal en forme de A"},"content":{"rendered":"\t\t<div data-elementor-type=\"wp-post\" data-elementor-id=\"18407\" class=\"elementor elementor-18407 elementor-17162\">\n\t\t\t\t\t\t<section class=\"elementor-section elementor-top-section elementor-element elementor-element-b86a08a elementor-section-boxed elementor-section-height-default elementor-section-height-default\" data-id=\"b86a08a\" data-element_type=\"section\">\n\t\t\t\t\t\t<div class=\"elementor-container elementor-column-gap-default\">\n\t\t\t\t\t<div class=\"elementor-column elementor-col-100 elementor-top-column elementor-element elementor-element-391738b\" data-id=\"391738b\" data-element_type=\"column\">\n\t\t\t<div class=\"elementor-widget-wrap elementor-element-populated\">\n\t\t\t\t\t\t<div class=\"elementor-element elementor-element-3a0c5bf elementor-widget elementor-widget-text-editor\" data-id=\"3a0c5bf\" data-element_type=\"widget\" data-widget_type=\"text-editor.default\">\n\t\t\t\t<div class=\"elementor-widget-container\">\n\t\t\t<style>\/*! elementor - v3.23.0 - 25-07-2024 *\/\n.elementor-widget-text-editor.elementor-drop-cap-view-stacked .elementor-drop-cap{background-color:#69727d;color:#fff}.elementor-widget-text-editor.elementor-drop-cap-view-framed .elementor-drop-cap{color:#69727d;border:3px solid;background-color:transparent}.elementor-widget-text-editor:not(.elementor-drop-cap-view-default) .elementor-drop-cap{margin-top:8px}.elementor-widget-text-editor:not(.elementor-drop-cap-view-default) .elementor-drop-cap-letter{width:1em;height:1em}.elementor-widget-text-editor .elementor-drop-cap{float:left;text-align:center;line-height:1;font-size:50px}.elementor-widget-text-editor .elementor-drop-cap-letter{display:inline-block}<\/style>\t\t\t\t<p>Nos <strong>pieds de table en forme de A<\/strong> offrent une solution \u00e9l\u00e9gante et polyvalente pour donner une touche sp\u00e9ciale \u00e0 n&#8217;importe quelle table. Disponibles en deux tailles diff\u00e9rentes (<b>30\/45 cm x 42 cm<\/b> et <b>55\/82 cm x 72 cm<\/b>) et dans les couleurs \u00e9l\u00e9gantes <b>noir mat<\/b> et <b>anthracite<\/b>, elles s&#8217;adaptent parfaitement aux plateaux de table de tous types et de toutes tailles. Fabriqu\u00e9s en acier inoxydable robuste, ils garantissent une utilisation durable et rehaussent la d\u00e9coration de chaque pi\u00e8ce.<\/p>\n<p>La construction soigneuse de ces pieds de table assure un support stable et sans secousses pour votre plateau de table. Les trous allong\u00e9s (20&#215;10 mm) facilitent l&#8217;installation et offrent une grande flexibilit\u00e9, tandis que l&#8217;\u00e9paisseur du mat\u00e9riau \u00e9lev\u00e9e peut supporter sans probl\u00e8me des plateaux de table lourds. Chaque ensemble de deux pieds est livr\u00e9 avec une protection de sol pratique pour les sols sensibles, afin de pr\u00e9server vos meubles en parfait \u00e9tat.<\/p>\n<p>Nos pieds de table sont la base parfaite pour les projets de fabrication de meubles DIY, vous permettant d&#8217;exprimer votre passion pour la d\u00e9coration int\u00e9rieure. L&#8217;\u00e9l\u00e9gance intemporelle et les dimensions polyvalentes (<b>30\/45\u00d742 cm<\/b>,&nbsp;<b>55\/82\u00d772&nbsp;cm<\/b>) vous ouvrent d&#8217;innombrables possibilit\u00e9s d&#8217;am\u00e9nagement.<\/p>\n<p>Vous recevrez les pieds de table &nbsp;par lot de 2&nbsp; &#8211; y compris une protection pratique pour les sols sensibles<\/p>\n<p>Intemporel &#8211; Polyvalent &#8211; Passionn\u00e9 I Construction de meubles DIY selon vos go\u00fbts<\/p>\n<p>Les pieds de table 30\/45\u00d742 cm sont parfaits pour les tables basses et les tables d&#8217;appoint, et peuvent \u00e9galement servir de table de salon \u00e9l\u00e9gante. Le mod\u00e8le 55\/82\u00d772 cm est parfait pour les bureaux, les tables de jardin, les tables de cuisine et les tables de salle \u00e0 manger.  Ces pieds de table vous offrent la libert\u00e9 de cr\u00e9er la table de vos r\u00eaves, correspondant \u00e0 vos besoins personnels et \u00e0 votre go\u00fbt personnel.<\/p>\t\t\t\t\t\t<\/div>\n\t\t\t\t<\/div>\n\t\t\t\t<div class=\"elementor-element elementor-element-ee62735 elementor-widget-divider--view-line elementor-widget elementor-widget-divider\" data-id=\"ee62735\" data-element_type=\"widget\" data-widget_type=\"divider.default\">\n\t\t\t\t<div class=\"elementor-widget-container\">\n\t\t\t<style>\/*! elementor - v3.23.0 - 25-07-2024 *\/\n.elementor-widget-divider{--divider-border-style:none;--divider-border-width:1px;--divider-color:#0c0d0e;--divider-icon-size:20px;--divider-element-spacing:10px;--divider-pattern-height:24px;--divider-pattern-size:20px;--divider-pattern-url:none;--divider-pattern-repeat:repeat-x}.elementor-widget-divider .elementor-divider{display:flex}.elementor-widget-divider .elementor-divider__text{font-size:15px;line-height:1;max-width:95%}.elementor-widget-divider .elementor-divider__element{margin:0 var(--divider-element-spacing);flex-shrink:0}.elementor-widget-divider .elementor-icon{font-size:var(--divider-icon-size)}.elementor-widget-divider .elementor-divider-separator{display:flex;margin:0;direction:ltr}.elementor-widget-divider--view-line_icon .elementor-divider-separator,.elementor-widget-divider--view-line_text .elementor-divider-separator{align-items:center}.elementor-widget-divider--view-line_icon .elementor-divider-separator:after,.elementor-widget-divider--view-line_icon .elementor-divider-separator:before,.elementor-widget-divider--view-line_text .elementor-divider-separator:after,.elementor-widget-divider--view-line_text .elementor-divider-separator:before{display:block;content:\"\";border-block-end:0;flex-grow:1;border-block-start:var(--divider-border-width) var(--divider-border-style) var(--divider-color)}.elementor-widget-divider--element-align-left .elementor-divider .elementor-divider-separator>.elementor-divider__svg:first-of-type{flex-grow:0;flex-shrink:100}.elementor-widget-divider--element-align-left .elementor-divider-separator:before{content:none}.elementor-widget-divider--element-align-left .elementor-divider__element{margin-left:0}.elementor-widget-divider--element-align-right .elementor-divider .elementor-divider-separator>.elementor-divider__svg:last-of-type{flex-grow:0;flex-shrink:100}.elementor-widget-divider--element-align-right .elementor-divider-separator:after{content:none}.elementor-widget-divider--element-align-right .elementor-divider__element{margin-right:0}.elementor-widget-divider--element-align-start .elementor-divider .elementor-divider-separator>.elementor-divider__svg:first-of-type{flex-grow:0;flex-shrink:100}.elementor-widget-divider--element-align-start .elementor-divider-separator:before{content:none}.elementor-widget-divider--element-align-start .elementor-divider__element{margin-inline-start:0}.elementor-widget-divider--element-align-end .elementor-divider .elementor-divider-separator>.elementor-divider__svg:last-of-type{flex-grow:0;flex-shrink:100}.elementor-widget-divider--element-align-end .elementor-divider-separator:after{content:none}.elementor-widget-divider--element-align-end .elementor-divider__element{margin-inline-end:0}.elementor-widget-divider:not(.elementor-widget-divider--view-line_text):not(.elementor-widget-divider--view-line_icon) .elementor-divider-separator{border-block-start:var(--divider-border-width) var(--divider-border-style) var(--divider-color)}.elementor-widget-divider--separator-type-pattern{--divider-border-style:none}.elementor-widget-divider--separator-type-pattern.elementor-widget-divider--view-line .elementor-divider-separator,.elementor-widget-divider--separator-type-pattern:not(.elementor-widget-divider--view-line) .elementor-divider-separator:after,.elementor-widget-divider--separator-type-pattern:not(.elementor-widget-divider--view-line) .elementor-divider-separator:before,.elementor-widget-divider--separator-type-pattern:not([class*=elementor-widget-divider--view]) .elementor-divider-separator{width:100%;min-height:var(--divider-pattern-height);-webkit-mask-size:var(--divider-pattern-size) 100%;mask-size:var(--divider-pattern-size) 100%;-webkit-mask-repeat:var(--divider-pattern-repeat);mask-repeat:var(--divider-pattern-repeat);background-color:var(--divider-color);-webkit-mask-image:var(--divider-pattern-url);mask-image:var(--divider-pattern-url)}.elementor-widget-divider--no-spacing{--divider-pattern-size:auto}.elementor-widget-divider--bg-round{--divider-pattern-repeat:round}.rtl .elementor-widget-divider .elementor-divider__text{direction:rtl}.e-con-inner>.elementor-widget-divider,.e-con>.elementor-widget-divider{width:var(--container-widget-width,100%);--flex-grow:var(--container-widget-flex-grow)}<\/style>\t\t<div class=\"elementor-divider\">\n\t\t\t<span class=\"elementor-divider-separator\">\n\t\t\t\t\t\t<\/span>\n\t\t<\/div>\n\t\t\t\t<\/div>\n\t\t\t\t<\/div>\n\t\t\t\t<div class=\"elementor-element elementor-element-62ade16 elementor-widget elementor-widget-image\" data-id=\"62ade16\" data-element_type=\"widget\" data-widget_type=\"image.default\">\n\t\t\t\t<div class=\"elementor-widget-container\">\n\t\t\t<style>\/*! elementor - v3.23.0 - 25-07-2024 *\/\n.elementor-widget-image{text-align:center}.elementor-widget-image a{display:inline-block}.elementor-widget-image a img[src$=\".svg\"]{width:48px}.elementor-widget-image img{vertical-align:middle;display:inline-block}<\/style>\t\t\t\t\t\t\t\t\t\t<img decoding=\"async\" width=\"150\" height=\"150\" src=\"https:\/\/www.tischbein-metall.de\/wp-content\/uploads\/2023\/10\/eu-flag-circle-150x150.png\" class=\"attachment-thumbnail size-thumbnail wp-image-17349\" alt=\"\" srcset=\"https:\/\/www.tischbein-metall.de\/wp-content\/uploads\/2023\/10\/eu-flag-circle-150x150.png 150w, https:\/\/www.tischbein-metall.de\/wp-content\/uploads\/2023\/10\/eu-flag-circle-570x570.png 570w, https:\/\/www.tischbein-metall.de\/wp-content\/uploads\/2023\/10\/eu-flag-circle-130x130.png 130w, https:\/\/www.tischbein-metall.de\/wp-content\/uploads\/2023\/10\/eu-flag-circle-600x600.png 600w, https:\/\/www.tischbein-metall.de\/wp-content\/uploads\/2023\/10\/eu-flag-circle-300x300.png 300w, https:\/\/www.tischbein-metall.de\/wp-content\/uploads\/2023\/10\/eu-flag-circle-1024x1024.png 1024w, https:\/\/www.tischbein-metall.de\/wp-content\/uploads\/2023\/10\/eu-flag-circle-768x768.png 768w, https:\/\/www.tischbein-metall.de\/wp-content\/uploads\/2023\/10\/eu-flag-circle.png 1280w\" sizes=\"(max-width: 150px) 100vw, 150px\" \/>\t\t\t\t\t\t\t\t\t\t\t\t\t<\/div>\n\t\t\t\t<\/div>\n\t\t\t\t\t<\/div>\n\t\t<\/div>\n\t\t\t\t\t<\/div>\n\t\t<\/section>\n\t\t\t\t<\/div>\n\t\t","protected":false},"excerpt":{"rendered":"<table class=\"greyGridTable\">\n<tbody>\n<tr>\n<td><img decoding=\"async\" src=\"\/wp-content\/uploads\/2024\/12\/icons-noggi_timeless-design_blk.svg\" alt=\"Icon pr\u00e9sente une ligne stylis\u00e9e qui symbolise un design minimaliste et intemporel.\" width=\"70\" height=\"70\" \/><\/td>\n<td><b>Design intemporel :<\/b><br \/>\n\u00c9l\u00e9gant et adapt\u00e9 \u00e0 tous les int\u00e9rieurs<\/td>\n<td><img decoding=\"async\" src=\"\/wp-content\/uploads\/2024\/12\/icons-noggi_versatile-fit_blk.svg\" alt=\"L'ic\u00f4ne montre une ligne ajustable qui symbolise l'adaptabilit\u00e9 polyvalente\" width=\"70\" height=\"70\" \/><\/td>\n<td><b>Adaptation polyvalente :<\/b><br \/>\nConvient \u00e0 tout type de plateau de table<\/td>\n<\/tr>\n<tr>\n<td><img loading=\"lazy\" decoding=\"async\" src=\"\/wp-content\/uploads\/2024\/12\/icons-noggi_powder-coated_blk.svg\" alt=\"L'ic\u00f4ne repr\u00e9sente une bombe a\u00e9rosol symbolisant un rev\u00eatement en poudre de haute qualit\u00e9 pour une protection suppl\u00e9mentaire et un design moderne.\" width=\"70\" height=\"70\" \/><\/td>\n<td><b>Rev\u00eatement par poudre :<\/b><br \/>\nProt\u00e8ge contre la rouille, look moderne<\/td>\n<td><img loading=\"lazy\" decoding=\"async\" src=\"\/wp-content\/uploads\/2024\/12\/icons-noggi_indoor-outdoor_blk.svg\" alt=\"Ic\u00f4ne repr\u00e9sentant une maison et un arbre, symbolisant la polyvalence \u00e0 l'int\u00e9rieur et \u00e0 l'ext\u00e9rieur.\" width=\"70\" height=\"70\" \/><\/td>\n<td><b>Int\u00e9rieur &amp; ext\u00e9rieur :<\/b><br \/>\nDurable et r\u00e9sistant aux intemp\u00e9ries<\/td>\n<\/tr>\n<tr>\n<td><img loading=\"lazy\" decoding=\"async\" src=\"\/wp-content\/uploads\/2024\/12\/icons-noggi_floor-friendly_blk.svg\" alt=\"Icon symbolise les patins de table qui prot\u00e8gent le sol et int\u00e8grent une protection pour les surfaces sensibles.\" width=\"70\" height=\"70\" \/><\/td>\n<td><b>Protection des sols :<\/b><br \/>\nProt\u00e8ge les surfaces sensibles<\/td>\n<td><img loading=\"lazy\" decoding=\"async\" src=\"\/wp-content\/uploads\/2024\/12\/icons-noggi_effortless-assembly_blk.svg\" alt=\"L'ic\u00f4ne repr\u00e9sente une cl\u00e9 \u00e0 molette, qui symbolise un montage simple et sans effort.\" width=\"70\" height=\"70\" \/><\/td>\n<td><b>Montage facile :<\/b><br \/>\nMontage rapide gr\u00e2ce aux trous pr\u00e9-perc\u00e9s<\/td>\n<\/tr>\n<\/tbody>\n<\/table>\n","protected":false},"featured_media":17778,"comment_status":"open","ping_status":"closed","template":"","meta":{"_acf_changed":false,"inline_featured_image":false},"product_cat":[205,623],"product_tag":[],"class_list":{"0":"post-18407","1":"product","2":"type-product","3":"status-publish","4":"has-post-thumbnail","6":"product_cat-pieds-de-table","7":"product_cat-en-forme-de-a","8":"pa_farbe-noir-mat","9":"pa_farbe-anthracite","10":"pa_groesse-30-45cm-x-42cm-fr","11":"pa_groesse-55-82cm-x-72cm-fr","13":"first","14":"instock","15":"sale","16":"taxable","17":"shipping-taxable","18":"purchasable","19":"product-type-variable","20":"has-default-attributes"},"acf":[],"yoast_head":"<!-- This site is optimized with the Yoast SEO plugin v25.3 - https:\/\/yoast.com\/wordpress\/plugins\/seo\/ -->\n<title>Lot de 2 pieds de table en m\u00e9tal en forme de A<\/title>\n<meta name=\"description\" content=\"Pieds de table en forme de A - Ton expert en pieds de table en m\u00e9tal \u2714\ufe0f Fabriqu\u00e9 en Europe \u2714\ufe0f Qualit\u00e9 sup\u00e9rieure \u2714\ufe0f Livraison rapide &amp; gratuite\" \/>\n<meta name=\"robots\" content=\"index, follow, max-snippet:-1, max-image-preview:large, max-video-preview:-1\" \/>\n<link rel=\"canonical\" href=\"https:\/\/www.tischbein-metall.de\/fr\/produit\/lot-de-2-pieds-de-table-en-metal-en-forme-de-a\/\" \/>\n<meta property=\"og:locale\" content=\"fr_FR\" \/>\n<meta property=\"og:type\" content=\"article\" \/>\n<meta property=\"og:title\" content=\"Lot de 2 pieds de table en m\u00e9tal en forme de A\" \/>\n<meta property=\"og:description\" content=\"Pieds de table en forme de A - Ton expert en pieds de table en m\u00e9tal \u2714\ufe0f Fabriqu\u00e9 en Europe \u2714\ufe0f Qualit\u00e9 sup\u00e9rieure \u2714\ufe0f Livraison rapide &amp; gratuite\" \/>\n<meta property=\"og:url\" content=\"https:\/\/www.tischbein-metall.de\/fr\/produit\/lot-de-2-pieds-de-table-en-metal-en-forme-de-a\/\" \/>\n<meta property=\"og:site_name\" content=\"Ton expert en pieds de table en m\u00e9tal\" \/>\n<meta property=\"article:modified_time\" content=\"2025-08-06T12:28:48+00:00\" \/>\n<meta property=\"og:image\" content=\"https:\/\/www.tischbein-metall.de\/wp-content\/uploads\/2023\/10\/a-forme-noir.jpg\" \/>\n\t<meta property=\"og:image:width\" content=\"2400\" \/>\n\t<meta property=\"og:image:height\" content=\"2400\" \/>\n\t<meta property=\"og:image:type\" content=\"image\/jpeg\" \/>\n<meta name=\"twitter:card\" content=\"summary_large_image\" \/>\n<meta name=\"twitter:label1\" content=\"Dur\u00e9e de lecture estim\u00e9e\" \/>\n\t<meta name=\"twitter:data1\" content=\"3 minutes\" \/>\n<script type=\"application\/ld+json\" class=\"yoast-schema-graph\">{\"@context\":\"https:\/\/schema.org\",\"@graph\":[{\"@type\":\"WebPage\",\"@id\":\"https:\/\/www.tischbein-metall.de\/fr\/produit\/lot-de-2-pieds-de-table-en-metal-en-forme-de-a\/\",\"url\":\"https:\/\/www.tischbein-metall.de\/fr\/produit\/lot-de-2-pieds-de-table-en-metal-en-forme-de-a\/\",\"name\":\"Lot de 2 pieds de table en m\u00e9tal en forme de A\",\"isPartOf\":{\"@id\":\"https:\/\/www.tischbein-metall.de\/#website\"},\"primaryImageOfPage\":{\"@id\":\"https:\/\/www.tischbein-metall.de\/fr\/produit\/lot-de-2-pieds-de-table-en-metal-en-forme-de-a\/#primaryimage\"},\"image\":{\"@id\":\"https:\/\/www.tischbein-metall.de\/fr\/produit\/lot-de-2-pieds-de-table-en-metal-en-forme-de-a\/#primaryimage\"},\"thumbnailUrl\":\"https:\/\/www.tischbein-metall.de\/wp-content\/uploads\/2023\/10\/a-forme-noir.jpg\",\"datePublished\":\"2023-10-18T13:02:49+00:00\",\"dateModified\":\"2025-08-06T12:28:48+00:00\",\"description\":\"Pieds de table en forme de A - Ton expert en pieds de table en m\u00e9tal \u2714\ufe0f Fabriqu\u00e9 en Europe \u2714\ufe0f Qualit\u00e9 sup\u00e9rieure \u2714\ufe0f Livraison rapide & gratuite\",\"breadcrumb\":{\"@id\":\"https:\/\/www.tischbein-metall.de\/fr\/produit\/lot-de-2-pieds-de-table-en-metal-en-forme-de-a\/#breadcrumb\"},\"inLanguage\":\"fr-FR\",\"potentialAction\":[{\"@type\":\"ReadAction\",\"target\":[\"https:\/\/www.tischbein-metall.de\/fr\/produit\/lot-de-2-pieds-de-table-en-metal-en-forme-de-a\/\"]}]},{\"@type\":\"ImageObject\",\"inLanguage\":\"fr-FR\",\"@id\":\"https:\/\/www.tischbein-metall.de\/fr\/produit\/lot-de-2-pieds-de-table-en-metal-en-forme-de-a\/#primaryimage\",\"url\":\"https:\/\/www.tischbein-metall.de\/wp-content\/uploads\/2023\/10\/a-forme-noir.jpg\",\"contentUrl\":\"https:\/\/www.tischbein-metall.de\/wp-content\/uploads\/2023\/10\/a-forme-noir.jpg\",\"width\":2400,\"height\":2400,\"caption\":\"A Forme noire\"},{\"@type\":\"BreadcrumbList\",\"@id\":\"https:\/\/www.tischbein-metall.de\/fr\/produit\/lot-de-2-pieds-de-table-en-metal-en-forme-de-a\/#breadcrumb\",\"itemListElement\":[{\"@type\":\"ListItem\",\"position\":1,\"name\":\"Page d'accueil\",\"item\":\"https:\/\/www.tischbein-metall.de\/fr\/\"},{\"@type\":\"ListItem\",\"position\":2,\"name\":\"Produits\",\"item\":\"https:\/\/www.tischbein-metall.de\/fr\/produits\/\"},{\"@type\":\"ListItem\",\"position\":3,\"name\":\"Lot de 2 pieds de table en m\u00e9tal en forme de A\"}]},{\"@type\":\"WebSite\",\"@id\":\"https:\/\/www.tischbein-metall.de\/#website\",\"url\":\"https:\/\/www.tischbein-metall.de\/\",\"name\":\"Ton expert en pieds de table en m\u00e9tal\",\"description\":\"\",\"potentialAction\":[{\"@type\":\"SearchAction\",\"target\":{\"@type\":\"EntryPoint\",\"urlTemplate\":\"https:\/\/www.tischbein-metall.de\/?s={search_term_string}\"},\"query-input\":{\"@type\":\"PropertyValueSpecification\",\"valueRequired\":true,\"valueName\":\"search_term_string\"}}],\"inLanguage\":\"fr-FR\"}]}<\/script>\n<!-- \/ Yoast SEO plugin. -->","yoast_head_json":{"title":"Lot de 2 pieds de table en m\u00e9tal en forme de A","description":"Pieds de table en forme de A - Ton expert en pieds de table en m\u00e9tal \u2714\ufe0f Fabriqu\u00e9 en Europe \u2714\ufe0f Qualit\u00e9 sup\u00e9rieure \u2714\ufe0f Livraison rapide & gratuite","robots":{"index":"index","follow":"follow","max-snippet":"max-snippet:-1","max-image-preview":"max-image-preview:large","max-video-preview":"max-video-preview:-1"},"canonical":"https:\/\/www.tischbein-metall.de\/fr\/produit\/lot-de-2-pieds-de-table-en-metal-en-forme-de-a\/","og_locale":"fr_FR","og_type":"article","og_title":"Lot de 2 pieds de table en m\u00e9tal en forme de A","og_description":"Pieds de table en forme de A - Ton expert en pieds de table en m\u00e9tal \u2714\ufe0f Fabriqu\u00e9 en Europe \u2714\ufe0f Qualit\u00e9 sup\u00e9rieure \u2714\ufe0f Livraison rapide & gratuite","og_url":"https:\/\/www.tischbein-metall.de\/fr\/produit\/lot-de-2-pieds-de-table-en-metal-en-forme-de-a\/","og_site_name":"Ton expert en pieds de table en m\u00e9tal","article_modified_time":"2025-08-06T12:28:48+00:00","og_image":[{"width":2400,"height":2400,"url":"https:\/\/www.tischbein-metall.de\/wp-content\/uploads\/2023\/10\/a-forme-noir.jpg","type":"image\/jpeg"}],"twitter_card":"summary_large_image","twitter_misc":{"Dur\u00e9e de lecture estim\u00e9e":"3 minutes"},"schema":{"@context":"https:\/\/schema.org","@graph":[{"@type":"WebPage","@id":"https:\/\/www.tischbein-metall.de\/fr\/produit\/lot-de-2-pieds-de-table-en-metal-en-forme-de-a\/","url":"https:\/\/www.tischbein-metall.de\/fr\/produit\/lot-de-2-pieds-de-table-en-metal-en-forme-de-a\/","name":"Lot de 2 pieds de table en m\u00e9tal en forme de A","isPartOf":{"@id":"https:\/\/www.tischbein-metall.de\/#website"},"primaryImageOfPage":{"@id":"https:\/\/www.tischbein-metall.de\/fr\/produit\/lot-de-2-pieds-de-table-en-metal-en-forme-de-a\/#primaryimage"},"image":{"@id":"https:\/\/www.tischbein-metall.de\/fr\/produit\/lot-de-2-pieds-de-table-en-metal-en-forme-de-a\/#primaryimage"},"thumbnailUrl":"https:\/\/www.tischbein-metall.de\/wp-content\/uploads\/2023\/10\/a-forme-noir.jpg","datePublished":"2023-10-18T13:02:49+00:00","dateModified":"2025-08-06T12:28:48+00:00","description":"Pieds de table en forme de A - Ton expert en pieds de table en m\u00e9tal \u2714\ufe0f Fabriqu\u00e9 en Europe \u2714\ufe0f Qualit\u00e9 sup\u00e9rieure \u2714\ufe0f Livraison rapide & gratuite","breadcrumb":{"@id":"https:\/\/www.tischbein-metall.de\/fr\/produit\/lot-de-2-pieds-de-table-en-metal-en-forme-de-a\/#breadcrumb"},"inLanguage":"fr-FR","potentialAction":[{"@type":"ReadAction","target":["https:\/\/www.tischbein-metall.de\/fr\/produit\/lot-de-2-pieds-de-table-en-metal-en-forme-de-a\/"]}]},{"@type":"ImageObject","inLanguage":"fr-FR","@id":"https:\/\/www.tischbein-metall.de\/fr\/produit\/lot-de-2-pieds-de-table-en-metal-en-forme-de-a\/#primaryimage","url":"https:\/\/www.tischbein-metall.de\/wp-content\/uploads\/2023\/10\/a-forme-noir.jpg","contentUrl":"https:\/\/www.tischbein-metall.de\/wp-content\/uploads\/2023\/10\/a-forme-noir.jpg","width":2400,"height":2400,"caption":"A Forme noire"},{"@type":"BreadcrumbList","@id":"https:\/\/www.tischbein-metall.de\/fr\/produit\/lot-de-2-pieds-de-table-en-metal-en-forme-de-a\/#breadcrumb","itemListElement":[{"@type":"ListItem","position":1,"name":"Page d'accueil","item":"https:\/\/www.tischbein-metall.de\/fr\/"},{"@type":"ListItem","position":2,"name":"Produits","item":"https:\/\/www.tischbein-metall.de\/fr\/produits\/"},{"@type":"ListItem","position":3,"name":"Lot de 2 pieds de table en m\u00e9tal en forme de A"}]},{"@type":"WebSite","@id":"https:\/\/www.tischbein-metall.de\/#website","url":"https:\/\/www.tischbein-metall.de\/","name":"Ton expert en pieds de table en m\u00e9tal","description":"","potentialAction":[{"@type":"SearchAction","target":{"@type":"EntryPoint","urlTemplate":"https:\/\/www.tischbein-metall.de\/?s={search_term_string}"},"query-input":{"@type":"PropertyValueSpecification","valueRequired":true,"valueName":"search_term_string"}}],"inLanguage":"fr-FR"}]}},"_links":{"self":[{"href":"https:\/\/www.tischbein-metall.de\/fr\/wp-json\/wp\/v2\/product\/18407","targetHints":{"allow":["GET"]}}],"collection":[{"href":"https:\/\/www.tischbein-metall.de\/fr\/wp-json\/wp\/v2\/product"}],"about":[{"href":"https:\/\/www.tischbein-metall.de\/fr\/wp-json\/wp\/v2\/types\/product"}],"replies":[{"embeddable":true,"href":"https:\/\/www.tischbein-metall.de\/fr\/wp-json\/wp\/v2\/comments?post=18407"}],"version-history":[{"count":14,"href":"https:\/\/www.tischbein-metall.de\/fr\/wp-json\/wp\/v2\/product\/18407\/revisions"}],"predecessor-version":[{"id":45158,"href":"https:\/\/www.tischbein-metall.de\/fr\/wp-json\/wp\/v2\/product\/18407\/revisions\/45158"}],"wp:featuredmedia":[{"embeddable":true,"href":"https:\/\/www.tischbein-metall.de\/fr\/wp-json\/wp\/v2\/media\/17778"}],"wp:attachment":[{"href":"https:\/\/www.tischbein-metall.de\/fr\/wp-json\/wp\/v2\/media?parent=18407"}],"wp:term":[{"taxonomy":"product_cat","embeddable":true,"href":"https:\/\/www.tischbein-metall.de\/fr\/wp-json\/wp\/v2\/product_cat?post=18407"},{"taxonomy":"product_tag","embeddable":true,"href":"https:\/\/www.tischbein-metall.de\/fr\/wp-json\/wp\/v2\/product_tag?post=18407"}],"curies":[{"name":"wp","href":"https:\/\/api.w.org\/{rel}","templated":true}]}}