{"id":19709,"date":"2024-03-12T14:42:10","date_gmt":"2024-03-12T13:42:10","guid":{"rendered":"https:\/\/www.tischbein-metall.de\/?post_type=product&#038;p=19709"},"modified":"2026-01-24T15:05:37","modified_gmt":"2026-01-24T14:05:37","slug":"support-detagere","status":"publish","type":"product","link":"https:\/\/www.tischbein-metall.de\/fr\/produit\/support-detagere\/","title":{"rendered":"Lot de 2 Support d&#8217;\u00e9tag\u00e8re"},"content":{"rendered":"\t\t<div data-elementor-type=\"wp-post\" data-elementor-id=\"19709\" class=\"elementor elementor-19709 elementor-19662\">\n\t\t\t\t\t\t<section class=\"elementor-section elementor-top-section elementor-element elementor-element-5a0a023 elementor-section-boxed elementor-section-height-default elementor-section-height-default\" data-id=\"5a0a023\" data-element_type=\"section\">\n\t\t\t\t\t\t<div class=\"elementor-container elementor-column-gap-default\">\n\t\t\t\t\t<div class=\"elementor-column elementor-col-100 elementor-top-column elementor-element elementor-element-96b18cf\" data-id=\"96b18cf\" data-element_type=\"column\">\n\t\t\t<div class=\"elementor-widget-wrap elementor-element-populated\">\n\t\t\t\t\t\t<div class=\"elementor-element elementor-element-5e7b8d2 elementor-widget elementor-widget-text-editor\" data-id=\"5e7b8d2\" data-element_type=\"widget\" data-widget_type=\"text-editor.default\">\n\t\t\t\t<div class=\"elementor-widget-container\">\n\t\t\t<style>\/*! elementor - v3.23.0 - 25-07-2024 *\/\n.elementor-widget-text-editor.elementor-drop-cap-view-stacked .elementor-drop-cap{background-color:#69727d;color:#fff}.elementor-widget-text-editor.elementor-drop-cap-view-framed .elementor-drop-cap{color:#69727d;border:3px solid;background-color:transparent}.elementor-widget-text-editor:not(.elementor-drop-cap-view-default) .elementor-drop-cap{margin-top:8px}.elementor-widget-text-editor:not(.elementor-drop-cap-view-default) .elementor-drop-cap-letter{width:1em;height:1em}.elementor-widget-text-editor .elementor-drop-cap{float:left;text-align:center;line-height:1;font-size:50px}.elementor-widget-text-editor .elementor-drop-cap-letter{display:inline-block}<\/style>\t\t\t\t<p>Donnez \u00e0 votre espace une touche unique avec cette <b>support d&#8217;\u00e9tag\u00e8re&nbsp;<\/b>discr\u00e8te et polyvalente de style industriel. La construction en acier de haute qualit\u00e9 est non seulement extr\u00eamement robuste, mais aussi prot\u00e9g\u00e9e par une finition en poudre de qualit\u00e9 assurant une longue dur\u00e9e de vie. Disponible dans les \u00e9l\u00e9gantes couleurs noir et anthracite, elle s&#8217;int\u00e8gre facilement dans tout concept d&#8217;espace.<\/p>\n<p>Gr\u00e2ce aux trous allong\u00e9s pratiques <b>(20x10mm)<\/b>, le montage est facile. La grande \u00e9paisseur du mat\u00e9riau garantit non seulement la stabilit\u00e9, mais permet \u00e9galement de supporter des charges lourdes, id\u00e9ale pour les \u00e9tag\u00e8res, les d\u00e9corations ou autres accessoires de d\u00e9coration.<\/p>\n<p>Notre&nbsp;<span style=\"font-weight: 700;\">support d&#8217;\u00e9tag\u00e8re<\/span>&nbsp;est livr\u00e9 sous la forme d&#8217;un lot pratique de 2 pi\u00e8ces.<\/p>\n<p>Intemporel &#8211; Polyvalent &#8211; Passionn\u00e9 I Construction de meubles DIY selon vos go\u00fbts<\/p>\n<p>Design intemporel, possibilit\u00e9s d&#8217;utilisation multiples et passion pour la qualit\u00e9 &#8211; avec cette console murale, qu&#8217;il s&#8217;agisse d&#8217;un&nbsp;<span style=\"font-weight: 700;\">support d&#8217;\u00e9tag\u00e8re<\/span>, d&#8217;un <b>cadre d&#8217;\u00e9tag\u00e8re<\/b> ou d&#8217;une <b>\u00e9tag\u00e8re<\/b>, vous pouvez am\u00e9nager vos pi\u00e8ces selon vos pr\u00e9f\u00e9rences personnelles. Choisissez parmi les tailles <b>20x30x3 cm<\/b>, <b>20x45x3 cm<\/b> et <b>20x60x3 cm<\/b> pour chaque usage : que ce soit comme rangement \u00e9l\u00e9gant pour les serviettes dans la salle de bains, support pratique pour les \u00e9tag\u00e8res dans la cuisine ou \u00e9l\u00e9ment de d\u00e9coration esth\u00e9tique dans le salon &#8211; d\u00e9couvrez de nouvelles possibilit\u00e9s et donnez \u00e0 votre maison une touche personnelle. La construction de meubles DIY n&#8217;a jamais \u00e9t\u00e9 aussi facile!<\/p>\t\t\t\t\t\t<\/div>\n\t\t\t\t<\/div>\n\t\t\t\t<div class=\"elementor-element elementor-element-f6b6807 elementor-widget-divider--view-line elementor-widget elementor-widget-divider\" data-id=\"f6b6807\" data-element_type=\"widget\" data-widget_type=\"divider.default\">\n\t\t\t\t<div class=\"elementor-widget-container\">\n\t\t\t<style>\/*! elementor - v3.23.0 - 25-07-2024 *\/\n.elementor-widget-divider{--divider-border-style:none;--divider-border-width:1px;--divider-color:#0c0d0e;--divider-icon-size:20px;--divider-element-spacing:10px;--divider-pattern-height:24px;--divider-pattern-size:20px;--divider-pattern-url:none;--divider-pattern-repeat:repeat-x}.elementor-widget-divider .elementor-divider{display:flex}.elementor-widget-divider .elementor-divider__text{font-size:15px;line-height:1;max-width:95%}.elementor-widget-divider .elementor-divider__element{margin:0 var(--divider-element-spacing);flex-shrink:0}.elementor-widget-divider .elementor-icon{font-size:var(--divider-icon-size)}.elementor-widget-divider .elementor-divider-separator{display:flex;margin:0;direction:ltr}.elementor-widget-divider--view-line_icon .elementor-divider-separator,.elementor-widget-divider--view-line_text .elementor-divider-separator{align-items:center}.elementor-widget-divider--view-line_icon .elementor-divider-separator:after,.elementor-widget-divider--view-line_icon .elementor-divider-separator:before,.elementor-widget-divider--view-line_text .elementor-divider-separator:after,.elementor-widget-divider--view-line_text .elementor-divider-separator:before{display:block;content:\"\";border-block-end:0;flex-grow:1;border-block-start:var(--divider-border-width) var(--divider-border-style) var(--divider-color)}.elementor-widget-divider--element-align-left .elementor-divider .elementor-divider-separator>.elementor-divider__svg:first-of-type{flex-grow:0;flex-shrink:100}.elementor-widget-divider--element-align-left .elementor-divider-separator:before{content:none}.elementor-widget-divider--element-align-left .elementor-divider__element{margin-left:0}.elementor-widget-divider--element-align-right .elementor-divider .elementor-divider-separator>.elementor-divider__svg:last-of-type{flex-grow:0;flex-shrink:100}.elementor-widget-divider--element-align-right .elementor-divider-separator:after{content:none}.elementor-widget-divider--element-align-right .elementor-divider__element{margin-right:0}.elementor-widget-divider--element-align-start .elementor-divider .elementor-divider-separator>.elementor-divider__svg:first-of-type{flex-grow:0;flex-shrink:100}.elementor-widget-divider--element-align-start .elementor-divider-separator:before{content:none}.elementor-widget-divider--element-align-start .elementor-divider__element{margin-inline-start:0}.elementor-widget-divider--element-align-end .elementor-divider .elementor-divider-separator>.elementor-divider__svg:last-of-type{flex-grow:0;flex-shrink:100}.elementor-widget-divider--element-align-end .elementor-divider-separator:after{content:none}.elementor-widget-divider--element-align-end .elementor-divider__element{margin-inline-end:0}.elementor-widget-divider:not(.elementor-widget-divider--view-line_text):not(.elementor-widget-divider--view-line_icon) .elementor-divider-separator{border-block-start:var(--divider-border-width) var(--divider-border-style) var(--divider-color)}.elementor-widget-divider--separator-type-pattern{--divider-border-style:none}.elementor-widget-divider--separator-type-pattern.elementor-widget-divider--view-line .elementor-divider-separator,.elementor-widget-divider--separator-type-pattern:not(.elementor-widget-divider--view-line) .elementor-divider-separator:after,.elementor-widget-divider--separator-type-pattern:not(.elementor-widget-divider--view-line) .elementor-divider-separator:before,.elementor-widget-divider--separator-type-pattern:not([class*=elementor-widget-divider--view]) .elementor-divider-separator{width:100%;min-height:var(--divider-pattern-height);-webkit-mask-size:var(--divider-pattern-size) 100%;mask-size:var(--divider-pattern-size) 100%;-webkit-mask-repeat:var(--divider-pattern-repeat);mask-repeat:var(--divider-pattern-repeat);background-color:var(--divider-color);-webkit-mask-image:var(--divider-pattern-url);mask-image:var(--divider-pattern-url)}.elementor-widget-divider--no-spacing{--divider-pattern-size:auto}.elementor-widget-divider--bg-round{--divider-pattern-repeat:round}.rtl .elementor-widget-divider .elementor-divider__text{direction:rtl}.e-con-inner>.elementor-widget-divider,.e-con>.elementor-widget-divider{width:var(--container-widget-width,100%);--flex-grow:var(--container-widget-flex-grow)}<\/style>\t\t<div class=\"elementor-divider\">\n\t\t\t<span class=\"elementor-divider-separator\">\n\t\t\t\t\t\t<\/span>\n\t\t<\/div>\n\t\t\t\t<\/div>\n\t\t\t\t<\/div>\n\t\t\t\t<div class=\"elementor-element elementor-element-423889d elementor-widget elementor-widget-image\" data-id=\"423889d\" data-element_type=\"widget\" data-widget_type=\"image.default\">\n\t\t\t\t<div class=\"elementor-widget-container\">\n\t\t\t<style>\/*! elementor - v3.23.0 - 25-07-2024 *\/\n.elementor-widget-image{text-align:center}.elementor-widget-image a{display:inline-block}.elementor-widget-image a img[src$=\".svg\"]{width:48px}.elementor-widget-image img{vertical-align:middle;display:inline-block}<\/style>\t\t\t\t\t\t\t\t\t\t<img decoding=\"async\" width=\"150\" height=\"150\" src=\"https:\/\/www.tischbein-metall.de\/wp-content\/uploads\/2022\/10\/eu-flag-circle-150x150.png\" class=\"attachment-thumbnail size-thumbnail wp-image-13388\" alt=\"\" srcset=\"https:\/\/www.tischbein-metall.de\/wp-content\/uploads\/2022\/10\/eu-flag-circle-150x150.png 150w, https:\/\/www.tischbein-metall.de\/wp-content\/uploads\/2022\/10\/eu-flag-circle-570x570.png 570w, https:\/\/www.tischbein-metall.de\/wp-content\/uploads\/2022\/10\/eu-flag-circle-130x130.png 130w, https:\/\/www.tischbein-metall.de\/wp-content\/uploads\/2022\/10\/eu-flag-circle-600x600.png 600w, https:\/\/www.tischbein-metall.de\/wp-content\/uploads\/2022\/10\/eu-flag-circle-300x300.png 300w, https:\/\/www.tischbein-metall.de\/wp-content\/uploads\/2022\/10\/eu-flag-circle-1024x1024.png 1024w, https:\/\/www.tischbein-metall.de\/wp-content\/uploads\/2022\/10\/eu-flag-circle-768x768.png 768w, https:\/\/www.tischbein-metall.de\/wp-content\/uploads\/2022\/10\/eu-flag-circle-12x12.png 12w, https:\/\/www.tischbein-metall.de\/wp-content\/uploads\/2022\/10\/eu-flag-circle.png 1280w\" sizes=\"(max-width: 150px) 100vw, 150px\" \/>\t\t\t\t\t\t\t\t\t\t\t\t\t<\/div>\n\t\t\t\t<\/div>\n\t\t\t\t\t<\/div>\n\t\t<\/div>\n\t\t\t\t\t<\/div>\n\t\t<\/section>\n\t\t\t\t<\/div>\n\t\t","protected":false},"excerpt":{"rendered":"<p><span style=\"color: green;\">\u2714<\/span> <strong>Acier de qualit\u00e9 robuste fabriqu\u00e9 dans l\u2019UE<\/strong><br \/>\n<span style=\"color: green;\">\u2714<\/span> <strong>Design intemporel qui s\u2019int\u00e8gre parfaitement<\/strong><br \/>\n<span style=\"color: green;\">\u2714<\/span> <strong>Exp\u00e9dition quotidienne pour une livraison rapide<\/strong><br \/>\n<span style=\"color: green;\">\u2714<\/span> <strong>Rev\u00eatement en par poudre \u00e9l\u00e9gant pour une protection durable<\/strong><br \/>\n<span style=\"color: green;\">\u2714<\/span> <strong>Qualit\u00e9 garantie selon les normes europ\u00e9ennes<\/strong><br \/>\n<span style=\"color: green;\">\u2714<\/span> <strong>Assemblage rapide et facile<\/strong><\/p>\n<p>L&#8217;art moderne pour votre maison: ce <strong>support d&#8217;\u00e9tag\u00e8re<\/strong>\u00a0discret au design industriel, \u00e9galement connu sous le nom de <strong>console murale<\/strong> ou de <strong>cadre pour \u00e9tag\u00e8re<\/strong>, est fabriqu\u00e9 en acier de haute qualit\u00e9 avec un rev\u00eatement en poudre durable. Elle n&#8217;est pas seulement une fixation robuste, mais aussi un \u00e9l\u00e9ment \u00e9l\u00e9gant pour votre salle de bains, votre cuisine ou votre salon. Sa forme permet \u00e9galement de suspendre \u00e9l\u00e9gamment des serviettes, alliant fonctionnalit\u00e9 et esth\u00e9tique. Disponible en noir et anthracite.<\/p>\n","protected":false},"featured_media":21182,"comment_status":"open","ping_status":"closed","template":"","meta":{"_acf_changed":false,"inline_featured_image":false},"product_cat":[],"product_tag":[],"class_list":{"0":"post-19709","1":"product","2":"type-product","3":"status-publish","4":"has-post-thumbnail","6":"pa_farbe-noir-mat","7":"pa_farbe-anthracite","8":"pa_groesse-20cm-x-30cm-x-3cm-fr","9":"pa_groesse-20cm-x-45cm-x-3cm-fr","10":"pa_groesse-20cm-x-60cm-x-3cm-fr","12":"first","13":"instock","14":"taxable","15":"shipping-taxable","16":"purchasable","17":"product-type-variable","18":"has-default-attributes"},"acf":[],"yoast_head":"<!-- This site is optimized with the Yoast SEO plugin v25.3 - https:\/\/yoast.com\/wordpress\/plugins\/seo\/ -->\n<title>Support d&#039;\u00c9tag\u00e8re - Design \u00c9l\u00e9gant | Tischbein M\u00e9tal<\/title>\n<meta name=\"description\" content=\"Support d&#039;\u00e9tag\u00e8re \u2013 Ton expert en pieds de table en m\u00e9tal \u2714\ufe0f Fabriqu\u00e9 en Europe \u2714\ufe0f Qualit\u00e9 sup\u00e9rieure \u2714\ufe0f Livraison rapide &amp; gratuite\" \/>\n<meta name=\"robots\" content=\"index, follow, max-snippet:-1, max-image-preview:large, max-video-preview:-1\" \/>\n<link rel=\"canonical\" href=\"https:\/\/www.tischbein-metall.de\/fr\/produit\/support-detagere\/\" \/>\n<meta property=\"og:locale\" content=\"fr_FR\" \/>\n<meta property=\"og:type\" content=\"article\" \/>\n<meta property=\"og:title\" content=\"Support d&#039;\u00c9tag\u00e8re - Design \u00c9l\u00e9gant | Tischbein M\u00e9tal\" \/>\n<meta property=\"og:description\" content=\"Support d&#039;\u00e9tag\u00e8re \u2013 Ton expert en pieds de table en m\u00e9tal \u2714\ufe0f Fabriqu\u00e9 en Europe \u2714\ufe0f Qualit\u00e9 sup\u00e9rieure \u2714\ufe0f Livraison rapide &amp; gratuite\" \/>\n<meta property=\"og:url\" content=\"https:\/\/www.tischbein-metall.de\/fr\/produit\/support-detagere\/\" \/>\n<meta property=\"og:site_name\" content=\"Ton expert en pieds de table en m\u00e9tal\" \/>\n<meta property=\"article:modified_time\" content=\"2026-01-24T14:05:37+00:00\" \/>\n<meta property=\"og:image\" content=\"https:\/\/www.tischbein-metall.de\/wp-content\/uploads\/2023\/12\/noggi-porte-etagere-anthracite-salle-de-bain.jpg\" \/>\n\t<meta property=\"og:image:width\" content=\"2400\" \/>\n\t<meta property=\"og:image:height\" content=\"2400\" \/>\n\t<meta property=\"og:image:type\" content=\"image\/jpeg\" \/>\n<meta name=\"twitter:card\" content=\"summary_large_image\" \/>\n<meta name=\"twitter:label1\" content=\"Dur\u00e9e de lecture estim\u00e9e\" \/>\n\t<meta name=\"twitter:data1\" content=\"2 minutes\" \/>\n<script type=\"application\/ld+json\" class=\"yoast-schema-graph\">{\"@context\":\"https:\/\/schema.org\",\"@graph\":[{\"@type\":\"WebPage\",\"@id\":\"https:\/\/www.tischbein-metall.de\/fr\/produit\/support-detagere\/\",\"url\":\"https:\/\/www.tischbein-metall.de\/fr\/produit\/support-detagere\/\",\"name\":\"Support d'\u00c9tag\u00e8re - Design \u00c9l\u00e9gant | Tischbein M\u00e9tal\",\"isPartOf\":{\"@id\":\"https:\/\/www.tischbein-metall.de\/#website\"},\"primaryImageOfPage\":{\"@id\":\"https:\/\/www.tischbein-metall.de\/fr\/produit\/support-detagere\/#primaryimage\"},\"image\":{\"@id\":\"https:\/\/www.tischbein-metall.de\/fr\/produit\/support-detagere\/#primaryimage\"},\"thumbnailUrl\":\"https:\/\/www.tischbein-metall.de\/wp-content\/uploads\/2023\/12\/noggi-porte-etagere-anthracite-salle-de-bain.jpg\",\"datePublished\":\"2024-03-12T13:42:10+00:00\",\"dateModified\":\"2026-01-24T14:05:37+00:00\",\"description\":\"Support d'\u00e9tag\u00e8re \u2013 Ton expert en pieds de table en m\u00e9tal \u2714\ufe0f Fabriqu\u00e9 en Europe \u2714\ufe0f Qualit\u00e9 sup\u00e9rieure \u2714\ufe0f Livraison rapide & gratuite\",\"breadcrumb\":{\"@id\":\"https:\/\/www.tischbein-metall.de\/fr\/produit\/support-detagere\/#breadcrumb\"},\"inLanguage\":\"fr-FR\",\"potentialAction\":[{\"@type\":\"ReadAction\",\"target\":[\"https:\/\/www.tischbein-metall.de\/fr\/produit\/support-detagere\/\"]}]},{\"@type\":\"ImageObject\",\"inLanguage\":\"fr-FR\",\"@id\":\"https:\/\/www.tischbein-metall.de\/fr\/produit\/support-detagere\/#primaryimage\",\"url\":\"https:\/\/www.tischbein-metall.de\/wp-content\/uploads\/2023\/12\/noggi-porte-etagere-anthracite-salle-de-bain.jpg\",\"contentUrl\":\"https:\/\/www.tischbein-metall.de\/wp-content\/uploads\/2023\/12\/noggi-porte-etagere-anthracite-salle-de-bain.jpg\",\"width\":2400,\"height\":2400,\"caption\":\"Support d'\u00e9tag\u00e8re dans la salle de bain\"},{\"@type\":\"BreadcrumbList\",\"@id\":\"https:\/\/www.tischbein-metall.de\/fr\/produit\/support-detagere\/#breadcrumb\",\"itemListElement\":[{\"@type\":\"ListItem\",\"position\":1,\"name\":\"Page d'accueil\",\"item\":\"https:\/\/www.tischbein-metall.de\/fr\/\"},{\"@type\":\"ListItem\",\"position\":2,\"name\":\"Produits\",\"item\":\"https:\/\/www.tischbein-metall.de\/fr\/produits\/\"},{\"@type\":\"ListItem\",\"position\":3,\"name\":\"Lot de 2 Support d&#8217;\u00e9tag\u00e8re\"}]},{\"@type\":\"WebSite\",\"@id\":\"https:\/\/www.tischbein-metall.de\/#website\",\"url\":\"https:\/\/www.tischbein-metall.de\/\",\"name\":\"Ton expert en pieds de table en m\u00e9tal\",\"description\":\"\",\"potentialAction\":[{\"@type\":\"SearchAction\",\"target\":{\"@type\":\"EntryPoint\",\"urlTemplate\":\"https:\/\/www.tischbein-metall.de\/?s={search_term_string}\"},\"query-input\":{\"@type\":\"PropertyValueSpecification\",\"valueRequired\":true,\"valueName\":\"search_term_string\"}}],\"inLanguage\":\"fr-FR\"}]}<\/script>\n<!-- \/ Yoast SEO plugin. -->","yoast_head_json":{"title":"Support d'\u00c9tag\u00e8re - Design \u00c9l\u00e9gant | Tischbein M\u00e9tal","description":"Support d'\u00e9tag\u00e8re \u2013 Ton expert en pieds de table en m\u00e9tal \u2714\ufe0f Fabriqu\u00e9 en Europe \u2714\ufe0f Qualit\u00e9 sup\u00e9rieure \u2714\ufe0f Livraison rapide & gratuite","robots":{"index":"index","follow":"follow","max-snippet":"max-snippet:-1","max-image-preview":"max-image-preview:large","max-video-preview":"max-video-preview:-1"},"canonical":"https:\/\/www.tischbein-metall.de\/fr\/produit\/support-detagere\/","og_locale":"fr_FR","og_type":"article","og_title":"Support d'\u00c9tag\u00e8re - Design \u00c9l\u00e9gant | Tischbein M\u00e9tal","og_description":"Support d'\u00e9tag\u00e8re \u2013 Ton expert en pieds de table en m\u00e9tal \u2714\ufe0f Fabriqu\u00e9 en Europe \u2714\ufe0f Qualit\u00e9 sup\u00e9rieure \u2714\ufe0f Livraison rapide & gratuite","og_url":"https:\/\/www.tischbein-metall.de\/fr\/produit\/support-detagere\/","og_site_name":"Ton expert en pieds de table en m\u00e9tal","article_modified_time":"2026-01-24T14:05:37+00:00","og_image":[{"width":2400,"height":2400,"url":"https:\/\/www.tischbein-metall.de\/wp-content\/uploads\/2023\/12\/noggi-porte-etagere-anthracite-salle-de-bain.jpg","type":"image\/jpeg"}],"twitter_card":"summary_large_image","twitter_misc":{"Dur\u00e9e de lecture estim\u00e9e":"2 minutes"},"schema":{"@context":"https:\/\/schema.org","@graph":[{"@type":"WebPage","@id":"https:\/\/www.tischbein-metall.de\/fr\/produit\/support-detagere\/","url":"https:\/\/www.tischbein-metall.de\/fr\/produit\/support-detagere\/","name":"Support d'\u00c9tag\u00e8re - Design \u00c9l\u00e9gant | Tischbein M\u00e9tal","isPartOf":{"@id":"https:\/\/www.tischbein-metall.de\/#website"},"primaryImageOfPage":{"@id":"https:\/\/www.tischbein-metall.de\/fr\/produit\/support-detagere\/#primaryimage"},"image":{"@id":"https:\/\/www.tischbein-metall.de\/fr\/produit\/support-detagere\/#primaryimage"},"thumbnailUrl":"https:\/\/www.tischbein-metall.de\/wp-content\/uploads\/2023\/12\/noggi-porte-etagere-anthracite-salle-de-bain.jpg","datePublished":"2024-03-12T13:42:10+00:00","dateModified":"2026-01-24T14:05:37+00:00","description":"Support d'\u00e9tag\u00e8re \u2013 Ton expert en pieds de table en m\u00e9tal \u2714\ufe0f Fabriqu\u00e9 en Europe \u2714\ufe0f Qualit\u00e9 sup\u00e9rieure \u2714\ufe0f Livraison rapide & gratuite","breadcrumb":{"@id":"https:\/\/www.tischbein-metall.de\/fr\/produit\/support-detagere\/#breadcrumb"},"inLanguage":"fr-FR","potentialAction":[{"@type":"ReadAction","target":["https:\/\/www.tischbein-metall.de\/fr\/produit\/support-detagere\/"]}]},{"@type":"ImageObject","inLanguage":"fr-FR","@id":"https:\/\/www.tischbein-metall.de\/fr\/produit\/support-detagere\/#primaryimage","url":"https:\/\/www.tischbein-metall.de\/wp-content\/uploads\/2023\/12\/noggi-porte-etagere-anthracite-salle-de-bain.jpg","contentUrl":"https:\/\/www.tischbein-metall.de\/wp-content\/uploads\/2023\/12\/noggi-porte-etagere-anthracite-salle-de-bain.jpg","width":2400,"height":2400,"caption":"Support d'\u00e9tag\u00e8re dans la salle de bain"},{"@type":"BreadcrumbList","@id":"https:\/\/www.tischbein-metall.de\/fr\/produit\/support-detagere\/#breadcrumb","itemListElement":[{"@type":"ListItem","position":1,"name":"Page d'accueil","item":"https:\/\/www.tischbein-metall.de\/fr\/"},{"@type":"ListItem","position":2,"name":"Produits","item":"https:\/\/www.tischbein-metall.de\/fr\/produits\/"},{"@type":"ListItem","position":3,"name":"Lot de 2 Support d&#8217;\u00e9tag\u00e8re"}]},{"@type":"WebSite","@id":"https:\/\/www.tischbein-metall.de\/#website","url":"https:\/\/www.tischbein-metall.de\/","name":"Ton expert en pieds de table en m\u00e9tal","description":"","potentialAction":[{"@type":"SearchAction","target":{"@type":"EntryPoint","urlTemplate":"https:\/\/www.tischbein-metall.de\/?s={search_term_string}"},"query-input":{"@type":"PropertyValueSpecification","valueRequired":true,"valueName":"search_term_string"}}],"inLanguage":"fr-FR"}]}},"_links":{"self":[{"href":"https:\/\/www.tischbein-metall.de\/fr\/wp-json\/wp\/v2\/product\/19709","targetHints":{"allow":["GET"]}}],"collection":[{"href":"https:\/\/www.tischbein-metall.de\/fr\/wp-json\/wp\/v2\/product"}],"about":[{"href":"https:\/\/www.tischbein-metall.de\/fr\/wp-json\/wp\/v2\/types\/product"}],"replies":[{"embeddable":true,"href":"https:\/\/www.tischbein-metall.de\/fr\/wp-json\/wp\/v2\/comments?post=19709"}],"version-history":[{"count":11,"href":"https:\/\/www.tischbein-metall.de\/fr\/wp-json\/wp\/v2\/product\/19709\/revisions"}],"predecessor-version":[{"id":24804,"href":"https:\/\/www.tischbein-metall.de\/fr\/wp-json\/wp\/v2\/product\/19709\/revisions\/24804"}],"wp:featuredmedia":[{"embeddable":true,"href":"https:\/\/www.tischbein-metall.de\/fr\/wp-json\/wp\/v2\/media\/21182"}],"wp:attachment":[{"href":"https:\/\/www.tischbein-metall.de\/fr\/wp-json\/wp\/v2\/media?parent=19709"}],"wp:term":[{"taxonomy":"product_cat","embeddable":true,"href":"https:\/\/www.tischbein-metall.de\/fr\/wp-json\/wp\/v2\/product_cat?post=19709"},{"taxonomy":"product_tag","embeddable":true,"href":"https:\/\/www.tischbein-metall.de\/fr\/wp-json\/wp\/v2\/product_tag?post=19709"}],"curies":[{"name":"wp","href":"https:\/\/api.w.org\/{rel}","templated":true}]}}