{"id":36251,"date":"2025-02-24T14:36:41","date_gmt":"2025-02-24T13:36:41","guid":{"rendered":"https:\/\/www.tischbein-metall.de\/?post_type=product&#038;p=36251"},"modified":"2025-02-25T15:04:31","modified_gmt":"2025-02-25T14:04:31","slug":"hamac-avec-support","status":"publish","type":"product","link":"https:\/\/www.tischbein-metall.de\/fr\/produit\/hamac-avec-support\/","title":{"rendered":"Hamac avec support"},"content":{"rendered":"\t\t<div data-elementor-type=\"wp-post\" data-elementor-id=\"36251\" class=\"elementor elementor-36251 elementor-36039\">\n\t\t\t\t\t\t<section class=\"elementor-section elementor-top-section elementor-element elementor-element-d3a2625 elementor-section-boxed elementor-section-height-default elementor-section-height-default\" data-id=\"d3a2625\" data-element_type=\"section\">\n\t\t\t\t\t\t<div class=\"elementor-container elementor-column-gap-default\">\n\t\t\t\t\t<div class=\"elementor-column elementor-col-100 elementor-top-column elementor-element elementor-element-26f2af8\" data-id=\"26f2af8\" data-element_type=\"column\">\n\t\t\t<div class=\"elementor-widget-wrap elementor-element-populated\">\n\t\t\t\t\t\t<div class=\"elementor-element elementor-element-3b651dd elementor-widget elementor-widget-text-editor\" data-id=\"3b651dd\" data-element_type=\"widget\" data-widget_type=\"text-editor.default\">\n\t\t\t\t<div class=\"elementor-widget-container\">\n\t\t\t<style>\/*! elementor - v3.23.0 - 25-07-2024 *\/\n.elementor-widget-text-editor.elementor-drop-cap-view-stacked .elementor-drop-cap{background-color:#69727d;color:#fff}.elementor-widget-text-editor.elementor-drop-cap-view-framed .elementor-drop-cap{color:#69727d;border:3px solid;background-color:transparent}.elementor-widget-text-editor:not(.elementor-drop-cap-view-default) .elementor-drop-cap{margin-top:8px}.elementor-widget-text-editor:not(.elementor-drop-cap-view-default) .elementor-drop-cap-letter{width:1em;height:1em}.elementor-widget-text-editor .elementor-drop-cap{float:left;text-align:center;line-height:1;font-size:50px}.elementor-widget-text-editor .elementor-drop-cap-letter{display:inline-block}<\/style>\t\t\t\t<h2 style=\"font-size: 18px;\">Hamac avec support \u2013 D\u00e9tente de haut niveau<\/h2>\nVous cherchez un hamac robuste et \u00e9l\u00e9gant pour le jardin, le balcon ou l&#8217;int\u00e9rieur ? Ce mod\u00e8le vous s\u00e9duit par son support en acier de haute qualit\u00e9 et vous offre un confort maximal, peu importe o\u00f9 vous souhaitez vous d\u00e9tendre.\n<h3 style=\"font-size: 16px;\">Flexible pour l&#8217;int\u00e9rieur et l&#8217;ext\u00e9rieur<\/h3>\nQue ce soit dans le jardin, sur la terrasse ou dans l&#8217;appartement, avec ce hamac, vous profitez \u00e0 tout moment d&#8217;une petite pause. Le support en acier galvanis\u00e9 garantit une stabilit\u00e9 s\u00fbre et peut \u00eatre facilement plac\u00e9 \u00e0 diff\u00e9rents endroits. En hiver, il trouve aussi un endroit confortable \u00e0 l&#8217;int\u00e9rieur.\n<h3 style=\"font-size: 16px;\">Respectueux des sols &amp; s\u00fbr<\/h3>\nLes profils en acier creux sont \u00e9quip\u00e9s de capuchons de protection pour \u00e9viter les rayures sur les sols sensibles. De plus, des couvertures sp\u00e9ciales pour les vis emp\u00eachent les bords tranchants de rester expos\u00e9s \u2013 pour une utilisation s\u00e9curis\u00e9e.\n<h3 style=\"font-size: 16px;\">R\u00e9sistant aux intemp\u00e9ries &amp; durable<\/h3>\nGr\u00e2ce \u00e0 son support en acier galvanis\u00e9, ce hamac est particuli\u00e8rement r\u00e9sistant aux conditions climatiques. La finition de haute qualit\u00e9 assure une longue dur\u00e9e de vie, et la peinture fonc\u00e9e s&#8217;int\u00e8gre harmonieusement dans n&#8217;importe quel environnement. Des couvertures sp\u00e9ciales emp\u00eachent l&#8217;humidit\u00e9 de p\u00e9n\u00e9trer et augmentent la r\u00e9sistance \u00e0 la corrosion.\n<h3 style=\"font-size: 16px;\">Ensemble \u00e0 haute capacit\u00e9 de charge<\/h3>\nCet ensemble se compose d&#8217;un support en tube d&#8217;acier robuste avec une capacit\u00e9 de charge allant jusqu&#8217;\u00e0 150 kg, ainsi qu&#8217;un hamac spacieux avec une surface de couchage de 180 x 150 cm. Le montage est simple, et le hamac se fixe en quelques minutes \u2013 pour une d\u00e9tente totale sans effort.\n\t\t\t\t\t\t<\/div>\n\t\t\t\t<\/div>\n\t\t\t\t<div class=\"elementor-element elementor-element-d038e75 elementor-widget-divider--view-line elementor-widget elementor-widget-divider\" data-id=\"d038e75\" data-element_type=\"widget\" data-widget_type=\"divider.default\">\n\t\t\t\t<div class=\"elementor-widget-container\">\n\t\t\t<style>\/*! elementor - v3.23.0 - 25-07-2024 *\/\n.elementor-widget-divider{--divider-border-style:none;--divider-border-width:1px;--divider-color:#0c0d0e;--divider-icon-size:20px;--divider-element-spacing:10px;--divider-pattern-height:24px;--divider-pattern-size:20px;--divider-pattern-url:none;--divider-pattern-repeat:repeat-x}.elementor-widget-divider .elementor-divider{display:flex}.elementor-widget-divider .elementor-divider__text{font-size:15px;line-height:1;max-width:95%}.elementor-widget-divider .elementor-divider__element{margin:0 var(--divider-element-spacing);flex-shrink:0}.elementor-widget-divider .elementor-icon{font-size:var(--divider-icon-size)}.elementor-widget-divider .elementor-divider-separator{display:flex;margin:0;direction:ltr}.elementor-widget-divider--view-line_icon .elementor-divider-separator,.elementor-widget-divider--view-line_text .elementor-divider-separator{align-items:center}.elementor-widget-divider--view-line_icon .elementor-divider-separator:after,.elementor-widget-divider--view-line_icon .elementor-divider-separator:before,.elementor-widget-divider--view-line_text .elementor-divider-separator:after,.elementor-widget-divider--view-line_text .elementor-divider-separator:before{display:block;content:\"\";border-block-end:0;flex-grow:1;border-block-start:var(--divider-border-width) var(--divider-border-style) var(--divider-color)}.elementor-widget-divider--element-align-left .elementor-divider .elementor-divider-separator>.elementor-divider__svg:first-of-type{flex-grow:0;flex-shrink:100}.elementor-widget-divider--element-align-left .elementor-divider-separator:before{content:none}.elementor-widget-divider--element-align-left .elementor-divider__element{margin-left:0}.elementor-widget-divider--element-align-right .elementor-divider .elementor-divider-separator>.elementor-divider__svg:last-of-type{flex-grow:0;flex-shrink:100}.elementor-widget-divider--element-align-right .elementor-divider-separator:after{content:none}.elementor-widget-divider--element-align-right .elementor-divider__element{margin-right:0}.elementor-widget-divider--element-align-start .elementor-divider .elementor-divider-separator>.elementor-divider__svg:first-of-type{flex-grow:0;flex-shrink:100}.elementor-widget-divider--element-align-start .elementor-divider-separator:before{content:none}.elementor-widget-divider--element-align-start .elementor-divider__element{margin-inline-start:0}.elementor-widget-divider--element-align-end .elementor-divider .elementor-divider-separator>.elementor-divider__svg:last-of-type{flex-grow:0;flex-shrink:100}.elementor-widget-divider--element-align-end .elementor-divider-separator:after{content:none}.elementor-widget-divider--element-align-end .elementor-divider__element{margin-inline-end:0}.elementor-widget-divider:not(.elementor-widget-divider--view-line_text):not(.elementor-widget-divider--view-line_icon) .elementor-divider-separator{border-block-start:var(--divider-border-width) var(--divider-border-style) var(--divider-color)}.elementor-widget-divider--separator-type-pattern{--divider-border-style:none}.elementor-widget-divider--separator-type-pattern.elementor-widget-divider--view-line .elementor-divider-separator,.elementor-widget-divider--separator-type-pattern:not(.elementor-widget-divider--view-line) .elementor-divider-separator:after,.elementor-widget-divider--separator-type-pattern:not(.elementor-widget-divider--view-line) .elementor-divider-separator:before,.elementor-widget-divider--separator-type-pattern:not([class*=elementor-widget-divider--view]) .elementor-divider-separator{width:100%;min-height:var(--divider-pattern-height);-webkit-mask-size:var(--divider-pattern-size) 100%;mask-size:var(--divider-pattern-size) 100%;-webkit-mask-repeat:var(--divider-pattern-repeat);mask-repeat:var(--divider-pattern-repeat);background-color:var(--divider-color);-webkit-mask-image:var(--divider-pattern-url);mask-image:var(--divider-pattern-url)}.elementor-widget-divider--no-spacing{--divider-pattern-size:auto}.elementor-widget-divider--bg-round{--divider-pattern-repeat:round}.rtl .elementor-widget-divider .elementor-divider__text{direction:rtl}.e-con-inner>.elementor-widget-divider,.e-con>.elementor-widget-divider{width:var(--container-widget-width,100%);--flex-grow:var(--container-widget-flex-grow)}<\/style>\t\t<div class=\"elementor-divider\">\n\t\t\t<span class=\"elementor-divider-separator\">\n\t\t\t\t\t\t<\/span>\n\t\t<\/div>\n\t\t\t\t<\/div>\n\t\t\t\t<\/div>\n\t\t\t\t<div class=\"elementor-element elementor-element-863dfbb elementor-widget elementor-widget-image\" data-id=\"863dfbb\" data-element_type=\"widget\" data-widget_type=\"image.default\">\n\t\t\t\t<div class=\"elementor-widget-container\">\n\t\t\t<style>\/*! elementor - v3.23.0 - 25-07-2024 *\/\n.elementor-widget-image{text-align:center}.elementor-widget-image a{display:inline-block}.elementor-widget-image a img[src$=\".svg\"]{width:48px}.elementor-widget-image img{vertical-align:middle;display:inline-block}<\/style>\t\t\t\t\t\t\t\t\t\t<img decoding=\"async\" width=\"150\" height=\"150\" src=\"https:\/\/www.tischbein-metall.de\/wp-content\/uploads\/2022\/10\/eu-flag-circle-150x150.png\" class=\"attachment-thumbnail size-thumbnail wp-image-13388\" alt=\"\" srcset=\"https:\/\/www.tischbein-metall.de\/wp-content\/uploads\/2022\/10\/eu-flag-circle-150x150.png 150w, https:\/\/www.tischbein-metall.de\/wp-content\/uploads\/2022\/10\/eu-flag-circle-570x570.png 570w, https:\/\/www.tischbein-metall.de\/wp-content\/uploads\/2022\/10\/eu-flag-circle-130x130.png 130w, https:\/\/www.tischbein-metall.de\/wp-content\/uploads\/2022\/10\/eu-flag-circle-600x600.png 600w, https:\/\/www.tischbein-metall.de\/wp-content\/uploads\/2022\/10\/eu-flag-circle-300x300.png 300w, https:\/\/www.tischbein-metall.de\/wp-content\/uploads\/2022\/10\/eu-flag-circle-1024x1024.png 1024w, https:\/\/www.tischbein-metall.de\/wp-content\/uploads\/2022\/10\/eu-flag-circle-768x768.png 768w, https:\/\/www.tischbein-metall.de\/wp-content\/uploads\/2022\/10\/eu-flag-circle-12x12.png 12w, https:\/\/www.tischbein-metall.de\/wp-content\/uploads\/2022\/10\/eu-flag-circle.png 1280w\" sizes=\"(max-width: 150px) 100vw, 150px\" \/>\t\t\t\t\t\t\t\t\t\t\t\t\t<\/div>\n\t\t\t\t<\/div>\n\t\t\t\t\t<\/div>\n\t\t<\/div>\n\t\t\t\t\t<\/div>\n\t\t<\/section>\n\t\t\t\t<\/div>\n\t\t","protected":false},"excerpt":{"rendered":"<table class=\"greyGridTable\">\n<tbody>\n<tr>\n<td><img decoding=\"async\" src=\"\/wp-content\/uploads\/2024\/12\/icons-noggi_timeless-design_blk.svg\" alt=\"Ic\u00f4ne repr\u00e9sentant une ligne stylis\u00e9e symbolisant un design minimaliste et intemporel\" width=\"70\" height=\"70\" \/><\/td>\n<td><b>Design intemporel:<\/b><br \/>\n\u00c9l\u00e9gant et adapt\u00e9 \u00e0 tous les int\u00e9rieurs<\/td>\n<td><img decoding=\"async\" src=\"\/wp-content\/uploads\/2024\/12\/icons-noggi_versatile-fit_blk.svg\" alt=\"Ic\u00f4ne repr\u00e9sentant une ligne ajustable symbolisant une adaptabilit\u00e9 polyvalente\" width=\"70\" height=\"70\" \/><\/td>\n<td><b>Confort maximal:<\/b><br \/>\nAssise confortable pour un moment de d\u00e9tente<\/td>\n<\/tr>\n<tr>\n<td><img loading=\"lazy\" decoding=\"async\" src=\"\/wp-content\/uploads\/2024\/12\/icons-noggi_powder-coated_blk.svg\" alt=\"Ic\u00f4ne repr\u00e9sentant une bombe de spray symbolisant un rev\u00eatement en poudre de haute qualit\u00e9 pour une protection accrue et un design moderne\" width=\"70\" height=\"70\" \/><\/td>\n<td><b>Rev\u00eatement en poudre:<\/b><br \/>\nProt\u00e8ge contre la rouille, au look moderne<\/td>\n<td><img loading=\"lazy\" decoding=\"async\" src=\"\/wp-content\/uploads\/2024\/12\/icons-noggi_indoor-outdoor_blk.svg\" alt=\"Ic\u00f4ne repr\u00e9sentant une maison et un arbre symbolisant une utilisation polyvalente \u00e0 l'int\u00e9rieur et \u00e0 l'ext\u00e9rieur\" width=\"70\" height=\"70\" \/><\/td>\n<td><b>Int\u00e9rieur &amp; ext\u00e9rieur:<\/b><br \/>\nDurable et r\u00e9sistant aux intemp\u00e9ries<\/td>\n<\/tr>\n<tr>\n<td><img loading=\"lazy\" decoding=\"async\" src=\"\/wp-content\/uploads\/2024\/12\/icons-noggi_easy-to-maintain_blk.svg\" alt=\"Ic\u00f4ne repr\u00e9sentant une vis cruciforme\" width=\"70\" height=\"70\" \/><\/td>\n<td><b>Mat\u00e9riaux durables:<\/b><br \/>\nPour une grande stabilit\u00e9 et une longue durabilit\u00e9<\/td>\n<td><img loading=\"lazy\" decoding=\"async\" src=\"\/wp-content\/uploads\/2024\/12\/icons-noggi_effortless-assembly_blk.svg\" alt=\"Ic\u00f4ne repr\u00e9sentant une cl\u00e9 \u00e0 molette symbolisant un montage simple et sans effort\" width=\"70\" height=\"70\" \/><\/td>\n<td><b>Montage facile:<\/b><br \/>\nMontage rapide gr\u00e2ce \u00e0 des instructions claires<\/td>\n<\/tr>\n<\/tbody>\n<\/table>\n","protected":false},"featured_media":36401,"comment_status":"open","ping_status":"closed","template":"","meta":{"_acf_changed":false,"inline_featured_image":false},"product_cat":[649],"product_tag":[],"class_list":{"0":"post-36251","1":"product","2":"type-product","3":"status-publish","4":"has-post-thumbnail","6":"product_cat-non-classe","8":"first","9":"outofstock","10":"taxable","11":"shipping-taxable","12":"purchasable","13":"product-type-simple"},"acf":[],"yoast_head":"<!-- This site is optimized with the Yoast SEO plugin v25.3 - https:\/\/yoast.com\/wordpress\/plugins\/seo\/ -->\n<title>Hamac avec support - Ton expert en pieds de table en m\u00e9tal<\/title>\n<meta name=\"robots\" content=\"index, follow, max-snippet:-1, max-image-preview:large, max-video-preview:-1\" \/>\n<link rel=\"canonical\" href=\"https:\/\/www.tischbein-metall.de\/fr\/produit\/hamac-avec-support\/\" \/>\n<meta property=\"og:locale\" content=\"fr_FR\" \/>\n<meta property=\"og:type\" content=\"article\" \/>\n<meta property=\"og:title\" content=\"Hamac avec support - Ton expert en pieds de table en m\u00e9tal\" \/>\n<meta property=\"og:description\" content=\"Design intemporel: \u00c9l\u00e9gant et adapt\u00e9 \u00e0 tous les int\u00e9rieurs  Confort maximal: Assise confortable pour un moment de d\u00e9tente    Rev\u00eatement en poudre: Prot\u00e8ge contre la rouille, au look moderne  Int\u00e9rieur &amp; ext\u00e9rieur: Durable et r\u00e9sistant aux intemp\u00e9ries    Mat\u00e9riaux durables: Pour une grande stabilit\u00e9 et une longue durabilit\u00e9  Montage facile: Montage rapide gr\u00e2ce \u00e0 des instructions claires\" \/>\n<meta property=\"og:url\" content=\"https:\/\/www.tischbein-metall.de\/fr\/produit\/hamac-avec-support\/\" \/>\n<meta property=\"og:site_name\" content=\"Ton expert en pieds de table en m\u00e9tal\" \/>\n<meta property=\"article:modified_time\" content=\"2025-02-25T14:04:31+00:00\" \/>\n<meta property=\"og:image\" content=\"https:\/\/www.tischbein-metall.de\/wp-content\/uploads\/2025\/02\/pied-de-table-metal-hamac-avec-support-1-1.jpg\" \/>\n\t<meta property=\"og:image:width\" content=\"1800\" \/>\n\t<meta property=\"og:image:height\" content=\"1800\" \/>\n\t<meta property=\"og:image:type\" content=\"image\/jpeg\" \/>\n<meta name=\"twitter:card\" content=\"summary_large_image\" \/>\n<meta name=\"twitter:label1\" content=\"Dur\u00e9e de lecture estim\u00e9e\" \/>\n\t<meta name=\"twitter:data1\" content=\"2 minutes\" \/>\n<script type=\"application\/ld+json\" class=\"yoast-schema-graph\">{\"@context\":\"https:\/\/schema.org\",\"@graph\":[{\"@type\":\"WebPage\",\"@id\":\"https:\/\/www.tischbein-metall.de\/fr\/produit\/hamac-avec-support\/\",\"url\":\"https:\/\/www.tischbein-metall.de\/fr\/produit\/hamac-avec-support\/\",\"name\":\"Hamac avec support - Ton expert en pieds de table en m\u00e9tal\",\"isPartOf\":{\"@id\":\"https:\/\/www.tischbein-metall.de\/#website\"},\"primaryImageOfPage\":{\"@id\":\"https:\/\/www.tischbein-metall.de\/fr\/produit\/hamac-avec-support\/#primaryimage\"},\"image\":{\"@id\":\"https:\/\/www.tischbein-metall.de\/fr\/produit\/hamac-avec-support\/#primaryimage\"},\"thumbnailUrl\":\"https:\/\/www.tischbein-metall.de\/wp-content\/uploads\/2025\/02\/pied-de-table-metal-hamac-avec-support-1-1.jpg\",\"datePublished\":\"2025-02-24T13:36:41+00:00\",\"dateModified\":\"2025-02-25T14:04:31+00:00\",\"breadcrumb\":{\"@id\":\"https:\/\/www.tischbein-metall.de\/fr\/produit\/hamac-avec-support\/#breadcrumb\"},\"inLanguage\":\"fr-FR\",\"potentialAction\":[{\"@type\":\"ReadAction\",\"target\":[\"https:\/\/www.tischbein-metall.de\/fr\/produit\/hamac-avec-support\/\"]}]},{\"@type\":\"ImageObject\",\"inLanguage\":\"fr-FR\",\"@id\":\"https:\/\/www.tischbein-metall.de\/fr\/produit\/hamac-avec-support\/#primaryimage\",\"url\":\"https:\/\/www.tischbein-metall.de\/wp-content\/uploads\/2025\/02\/pied-de-table-metal-hamac-avec-support-1-1.jpg\",\"contentUrl\":\"https:\/\/www.tischbein-metall.de\/wp-content\/uploads\/2025\/02\/pied-de-table-metal-hamac-avec-support-1-1.jpg\",\"width\":1800,\"height\":1800},{\"@type\":\"BreadcrumbList\",\"@id\":\"https:\/\/www.tischbein-metall.de\/fr\/produit\/hamac-avec-support\/#breadcrumb\",\"itemListElement\":[{\"@type\":\"ListItem\",\"position\":1,\"name\":\"Page d'accueil\",\"item\":\"https:\/\/www.tischbein-metall.de\/fr\/\"},{\"@type\":\"ListItem\",\"position\":2,\"name\":\"Produits\",\"item\":\"https:\/\/www.tischbein-metall.de\/fr\/produits\/\"},{\"@type\":\"ListItem\",\"position\":3,\"name\":\"Hamac avec support\"}]},{\"@type\":\"WebSite\",\"@id\":\"https:\/\/www.tischbein-metall.de\/#website\",\"url\":\"https:\/\/www.tischbein-metall.de\/\",\"name\":\"Ton expert en pieds de table en m\u00e9tal\",\"description\":\"\",\"potentialAction\":[{\"@type\":\"SearchAction\",\"target\":{\"@type\":\"EntryPoint\",\"urlTemplate\":\"https:\/\/www.tischbein-metall.de\/?s={search_term_string}\"},\"query-input\":{\"@type\":\"PropertyValueSpecification\",\"valueRequired\":true,\"valueName\":\"search_term_string\"}}],\"inLanguage\":\"fr-FR\"}]}<\/script>\n<!-- \/ Yoast SEO plugin. -->","yoast_head_json":{"title":"Hamac avec support - Ton expert en pieds de table en m\u00e9tal","robots":{"index":"index","follow":"follow","max-snippet":"max-snippet:-1","max-image-preview":"max-image-preview:large","max-video-preview":"max-video-preview:-1"},"canonical":"https:\/\/www.tischbein-metall.de\/fr\/produit\/hamac-avec-support\/","og_locale":"fr_FR","og_type":"article","og_title":"Hamac avec support - Ton expert en pieds de table en m\u00e9tal","og_description":"Design intemporel: \u00c9l\u00e9gant et adapt\u00e9 \u00e0 tous les int\u00e9rieurs  Confort maximal: Assise confortable pour un moment de d\u00e9tente    Rev\u00eatement en poudre: Prot\u00e8ge contre la rouille, au look moderne  Int\u00e9rieur &amp; ext\u00e9rieur: Durable et r\u00e9sistant aux intemp\u00e9ries    Mat\u00e9riaux durables: Pour une grande stabilit\u00e9 et une longue durabilit\u00e9  Montage facile: Montage rapide gr\u00e2ce \u00e0 des instructions claires","og_url":"https:\/\/www.tischbein-metall.de\/fr\/produit\/hamac-avec-support\/","og_site_name":"Ton expert en pieds de table en m\u00e9tal","article_modified_time":"2025-02-25T14:04:31+00:00","og_image":[{"width":1800,"height":1800,"url":"https:\/\/www.tischbein-metall.de\/wp-content\/uploads\/2025\/02\/pied-de-table-metal-hamac-avec-support-1-1.jpg","type":"image\/jpeg"}],"twitter_card":"summary_large_image","twitter_misc":{"Dur\u00e9e de lecture estim\u00e9e":"2 minutes"},"schema":{"@context":"https:\/\/schema.org","@graph":[{"@type":"WebPage","@id":"https:\/\/www.tischbein-metall.de\/fr\/produit\/hamac-avec-support\/","url":"https:\/\/www.tischbein-metall.de\/fr\/produit\/hamac-avec-support\/","name":"Hamac avec support - Ton expert en pieds de table en m\u00e9tal","isPartOf":{"@id":"https:\/\/www.tischbein-metall.de\/#website"},"primaryImageOfPage":{"@id":"https:\/\/www.tischbein-metall.de\/fr\/produit\/hamac-avec-support\/#primaryimage"},"image":{"@id":"https:\/\/www.tischbein-metall.de\/fr\/produit\/hamac-avec-support\/#primaryimage"},"thumbnailUrl":"https:\/\/www.tischbein-metall.de\/wp-content\/uploads\/2025\/02\/pied-de-table-metal-hamac-avec-support-1-1.jpg","datePublished":"2025-02-24T13:36:41+00:00","dateModified":"2025-02-25T14:04:31+00:00","breadcrumb":{"@id":"https:\/\/www.tischbein-metall.de\/fr\/produit\/hamac-avec-support\/#breadcrumb"},"inLanguage":"fr-FR","potentialAction":[{"@type":"ReadAction","target":["https:\/\/www.tischbein-metall.de\/fr\/produit\/hamac-avec-support\/"]}]},{"@type":"ImageObject","inLanguage":"fr-FR","@id":"https:\/\/www.tischbein-metall.de\/fr\/produit\/hamac-avec-support\/#primaryimage","url":"https:\/\/www.tischbein-metall.de\/wp-content\/uploads\/2025\/02\/pied-de-table-metal-hamac-avec-support-1-1.jpg","contentUrl":"https:\/\/www.tischbein-metall.de\/wp-content\/uploads\/2025\/02\/pied-de-table-metal-hamac-avec-support-1-1.jpg","width":1800,"height":1800},{"@type":"BreadcrumbList","@id":"https:\/\/www.tischbein-metall.de\/fr\/produit\/hamac-avec-support\/#breadcrumb","itemListElement":[{"@type":"ListItem","position":1,"name":"Page d'accueil","item":"https:\/\/www.tischbein-metall.de\/fr\/"},{"@type":"ListItem","position":2,"name":"Produits","item":"https:\/\/www.tischbein-metall.de\/fr\/produits\/"},{"@type":"ListItem","position":3,"name":"Hamac avec support"}]},{"@type":"WebSite","@id":"https:\/\/www.tischbein-metall.de\/#website","url":"https:\/\/www.tischbein-metall.de\/","name":"Ton expert en pieds de table en m\u00e9tal","description":"","potentialAction":[{"@type":"SearchAction","target":{"@type":"EntryPoint","urlTemplate":"https:\/\/www.tischbein-metall.de\/?s={search_term_string}"},"query-input":{"@type":"PropertyValueSpecification","valueRequired":true,"valueName":"search_term_string"}}],"inLanguage":"fr-FR"}]}},"_links":{"self":[{"href":"https:\/\/www.tischbein-metall.de\/fr\/wp-json\/wp\/v2\/product\/36251","targetHints":{"allow":["GET"]}}],"collection":[{"href":"https:\/\/www.tischbein-metall.de\/fr\/wp-json\/wp\/v2\/product"}],"about":[{"href":"https:\/\/www.tischbein-metall.de\/fr\/wp-json\/wp\/v2\/types\/product"}],"replies":[{"embeddable":true,"href":"https:\/\/www.tischbein-metall.de\/fr\/wp-json\/wp\/v2\/comments?post=36251"}],"version-history":[{"count":8,"href":"https:\/\/www.tischbein-metall.de\/fr\/wp-json\/wp\/v2\/product\/36251\/revisions"}],"predecessor-version":[{"id":36439,"href":"https:\/\/www.tischbein-metall.de\/fr\/wp-json\/wp\/v2\/product\/36251\/revisions\/36439"}],"wp:featuredmedia":[{"embeddable":true,"href":"https:\/\/www.tischbein-metall.de\/fr\/wp-json\/wp\/v2\/media\/36401"}],"wp:attachment":[{"href":"https:\/\/www.tischbein-metall.de\/fr\/wp-json\/wp\/v2\/media?parent=36251"}],"wp:term":[{"taxonomy":"product_cat","embeddable":true,"href":"https:\/\/www.tischbein-metall.de\/fr\/wp-json\/wp\/v2\/product_cat?post=36251"},{"taxonomy":"product_tag","embeddable":true,"href":"https:\/\/www.tischbein-metall.de\/fr\/wp-json\/wp\/v2\/product_tag?post=36251"}],"curies":[{"name":"wp","href":"https:\/\/api.w.org\/{rel}","templated":true}]}}