{"id":36373,"date":"2025-02-11T19:43:04","date_gmt":"2025-02-11T18:43:04","guid":{"rendered":"https:\/\/www.tischbein-metall.de\/produkt\/haengesessel-gestell-aus-metall\/"},"modified":"2025-02-25T15:02:43","modified_gmt":"2025-02-25T14:02:43","slug":"chassis-de-fauteuil-suspendu","status":"publish","type":"product","link":"https:\/\/www.tischbein-metall.de\/fr\/produit\/chassis-de-fauteuil-suspendu\/","title":{"rendered":"Ch\u00e2ssis de fauteuil suspendu"},"content":{"rendered":"\t\t<div data-elementor-type=\"wp-post\" data-elementor-id=\"36373\" class=\"elementor elementor-36373 elementor-35141\">\n\t\t\t\t\t\t<section class=\"elementor-section elementor-top-section elementor-element elementor-element-2248805 elementor-section-boxed elementor-section-height-default elementor-section-height-default\" data-id=\"2248805\" data-element_type=\"section\">\n\t\t\t\t\t\t<div class=\"elementor-container elementor-column-gap-default\">\n\t\t\t\t\t<div class=\"elementor-column elementor-col-100 elementor-top-column elementor-element elementor-element-f635c78\" data-id=\"f635c78\" data-element_type=\"column\">\n\t\t\t<div class=\"elementor-widget-wrap elementor-element-populated\">\n\t\t\t\t\t\t<div class=\"elementor-element elementor-element-bccad1f elementor-widget elementor-widget-text-editor\" data-id=\"bccad1f\" data-element_type=\"widget\" data-widget_type=\"text-editor.default\">\n\t\t\t\t<div class=\"elementor-widget-container\">\n\t\t\t<style>\/*! elementor - v3.23.0 - 25-07-2024 *\/\n.elementor-widget-text-editor.elementor-drop-cap-view-stacked .elementor-drop-cap{background-color:#69727d;color:#fff}.elementor-widget-text-editor.elementor-drop-cap-view-framed .elementor-drop-cap{color:#69727d;border:3px solid;background-color:transparent}.elementor-widget-text-editor:not(.elementor-drop-cap-view-default) .elementor-drop-cap{margin-top:8px}.elementor-widget-text-editor:not(.elementor-drop-cap-view-default) .elementor-drop-cap-letter{width:1em;height:1em}.elementor-widget-text-editor .elementor-drop-cap{float:left;text-align:center;line-height:1;font-size:50px}.elementor-widget-text-editor .elementor-drop-cap-letter{display:inline-block}<\/style>\t\t\t\t<h2 style=\"font-size: 16px;\">Support de fauteuil suspendu en m\u00e9tal \u2013 stable, durable et \u00e9l\u00e9gant<\/h2><p>Profite de moments de d\u00e9tente avec notre support de fauteuil suspendu en m\u00e9tal \u2013 la solution id\u00e9ale pour un confort ultime chez toi, dans ton jardin ou sur ta terrasse. Fabriqu\u00e9 en acier de haute qualit\u00e9, rev\u00eatu de poudre, ce support se distingue par sa stabilit\u00e9 maximale et sa durabilit\u00e9. Sa construction robuste supporte sans effort des charges lourdes et garantit une utilisation en toute s\u00e9curit\u00e9, que ce soit \u00e0 l&#8217;int\u00e9rieur ou \u00e0 l&#8217;ext\u00e9rieur.<\/p><p>Gr\u00e2ce \u00e0 son design moderne et minimaliste, le support de fauteuil suspendu s&#8217;adapte \u00e0 tous les int\u00e9rieurs et compl\u00e8te \u00e9l\u00e9gamment ta zone de d\u00e9tente. Le pied stable emp\u00eache toute bascule et te permet de suspendre ton fauteuil suspendu pr\u00e9f\u00e9r\u00e9 de mani\u00e8re flexible \u2013 sans installation complexe au plafond ou au mur.<\/p><p>Que tu veuilles te d\u00e9tendre au soleil ou lire un livre, avec ce support de fauteuil suspendu en m\u00e9tal, tu cr\u00e9eras ton propre havre de bien-\u00eatre. Le mat\u00e9riau r\u00e9sistant aux intemp\u00e9ries assure une longue dur\u00e9e de vie, m\u00eame en cas de conditions climatiques changeantes.<\/p><p>Opte pour la qualit\u00e9, la s\u00e9curit\u00e9 et un design intemporel \u2013 commande d\u00e8s maintenant ton support de fauteuil suspendu et profite d&#8217;une d\u00e9tente maximale!<\/p>\t\t\t\t\t\t<\/div>\n\t\t\t\t<\/div>\n\t\t\t\t<div class=\"elementor-element elementor-element-880bd0f elementor-widget-divider--view-line elementor-widget elementor-widget-divider\" data-id=\"880bd0f\" data-element_type=\"widget\" data-widget_type=\"divider.default\">\n\t\t\t\t<div class=\"elementor-widget-container\">\n\t\t\t<style>\/*! elementor - v3.23.0 - 25-07-2024 *\/\n.elementor-widget-divider{--divider-border-style:none;--divider-border-width:1px;--divider-color:#0c0d0e;--divider-icon-size:20px;--divider-element-spacing:10px;--divider-pattern-height:24px;--divider-pattern-size:20px;--divider-pattern-url:none;--divider-pattern-repeat:repeat-x}.elementor-widget-divider .elementor-divider{display:flex}.elementor-widget-divider .elementor-divider__text{font-size:15px;line-height:1;max-width:95%}.elementor-widget-divider .elementor-divider__element{margin:0 var(--divider-element-spacing);flex-shrink:0}.elementor-widget-divider .elementor-icon{font-size:var(--divider-icon-size)}.elementor-widget-divider .elementor-divider-separator{display:flex;margin:0;direction:ltr}.elementor-widget-divider--view-line_icon .elementor-divider-separator,.elementor-widget-divider--view-line_text .elementor-divider-separator{align-items:center}.elementor-widget-divider--view-line_icon .elementor-divider-separator:after,.elementor-widget-divider--view-line_icon .elementor-divider-separator:before,.elementor-widget-divider--view-line_text .elementor-divider-separator:after,.elementor-widget-divider--view-line_text .elementor-divider-separator:before{display:block;content:\"\";border-block-end:0;flex-grow:1;border-block-start:var(--divider-border-width) var(--divider-border-style) var(--divider-color)}.elementor-widget-divider--element-align-left .elementor-divider .elementor-divider-separator>.elementor-divider__svg:first-of-type{flex-grow:0;flex-shrink:100}.elementor-widget-divider--element-align-left .elementor-divider-separator:before{content:none}.elementor-widget-divider--element-align-left .elementor-divider__element{margin-left:0}.elementor-widget-divider--element-align-right .elementor-divider .elementor-divider-separator>.elementor-divider__svg:last-of-type{flex-grow:0;flex-shrink:100}.elementor-widget-divider--element-align-right .elementor-divider-separator:after{content:none}.elementor-widget-divider--element-align-right .elementor-divider__element{margin-right:0}.elementor-widget-divider--element-align-start .elementor-divider .elementor-divider-separator>.elementor-divider__svg:first-of-type{flex-grow:0;flex-shrink:100}.elementor-widget-divider--element-align-start .elementor-divider-separator:before{content:none}.elementor-widget-divider--element-align-start .elementor-divider__element{margin-inline-start:0}.elementor-widget-divider--element-align-end .elementor-divider .elementor-divider-separator>.elementor-divider__svg:last-of-type{flex-grow:0;flex-shrink:100}.elementor-widget-divider--element-align-end .elementor-divider-separator:after{content:none}.elementor-widget-divider--element-align-end .elementor-divider__element{margin-inline-end:0}.elementor-widget-divider:not(.elementor-widget-divider--view-line_text):not(.elementor-widget-divider--view-line_icon) .elementor-divider-separator{border-block-start:var(--divider-border-width) var(--divider-border-style) var(--divider-color)}.elementor-widget-divider--separator-type-pattern{--divider-border-style:none}.elementor-widget-divider--separator-type-pattern.elementor-widget-divider--view-line .elementor-divider-separator,.elementor-widget-divider--separator-type-pattern:not(.elementor-widget-divider--view-line) .elementor-divider-separator:after,.elementor-widget-divider--separator-type-pattern:not(.elementor-widget-divider--view-line) .elementor-divider-separator:before,.elementor-widget-divider--separator-type-pattern:not([class*=elementor-widget-divider--view]) .elementor-divider-separator{width:100%;min-height:var(--divider-pattern-height);-webkit-mask-size:var(--divider-pattern-size) 100%;mask-size:var(--divider-pattern-size) 100%;-webkit-mask-repeat:var(--divider-pattern-repeat);mask-repeat:var(--divider-pattern-repeat);background-color:var(--divider-color);-webkit-mask-image:var(--divider-pattern-url);mask-image:var(--divider-pattern-url)}.elementor-widget-divider--no-spacing{--divider-pattern-size:auto}.elementor-widget-divider--bg-round{--divider-pattern-repeat:round}.rtl .elementor-widget-divider .elementor-divider__text{direction:rtl}.e-con-inner>.elementor-widget-divider,.e-con>.elementor-widget-divider{width:var(--container-widget-width,100%);--flex-grow:var(--container-widget-flex-grow)}<\/style>\t\t<div class=\"elementor-divider\">\n\t\t\t<span class=\"elementor-divider-separator\">\n\t\t\t\t\t\t<\/span>\n\t\t<\/div>\n\t\t\t\t<\/div>\n\t\t\t\t<\/div>\n\t\t\t\t<div class=\"elementor-element elementor-element-cac9136 elementor-widget elementor-widget-image\" data-id=\"cac9136\" data-element_type=\"widget\" data-widget_type=\"image.default\">\n\t\t\t\t<div class=\"elementor-widget-container\">\n\t\t\t<style>\/*! elementor - v3.23.0 - 25-07-2024 *\/\n.elementor-widget-image{text-align:center}.elementor-widget-image a{display:inline-block}.elementor-widget-image a img[src$=\".svg\"]{width:48px}.elementor-widget-image img{vertical-align:middle;display:inline-block}<\/style>\t\t\t\t\t\t\t\t\t\t<img decoding=\"async\" width=\"150\" height=\"150\" src=\"https:\/\/www.tischbein-metall.de\/wp-content\/uploads\/2022\/10\/eu-flag-circle-150x150.png\" class=\"attachment-thumbnail size-thumbnail wp-image-13388\" alt=\"\" srcset=\"https:\/\/www.tischbein-metall.de\/wp-content\/uploads\/2022\/10\/eu-flag-circle-150x150.png 150w, https:\/\/www.tischbein-metall.de\/wp-content\/uploads\/2022\/10\/eu-flag-circle-570x570.png 570w, https:\/\/www.tischbein-metall.de\/wp-content\/uploads\/2022\/10\/eu-flag-circle-130x130.png 130w, https:\/\/www.tischbein-metall.de\/wp-content\/uploads\/2022\/10\/eu-flag-circle-600x600.png 600w, https:\/\/www.tischbein-metall.de\/wp-content\/uploads\/2022\/10\/eu-flag-circle-300x300.png 300w, https:\/\/www.tischbein-metall.de\/wp-content\/uploads\/2022\/10\/eu-flag-circle-1024x1024.png 1024w, https:\/\/www.tischbein-metall.de\/wp-content\/uploads\/2022\/10\/eu-flag-circle-768x768.png 768w, https:\/\/www.tischbein-metall.de\/wp-content\/uploads\/2022\/10\/eu-flag-circle-12x12.png 12w, https:\/\/www.tischbein-metall.de\/wp-content\/uploads\/2022\/10\/eu-flag-circle.png 1280w\" sizes=\"(max-width: 150px) 100vw, 150px\" \/>\t\t\t\t\t\t\t\t\t\t\t\t\t<\/div>\n\t\t\t\t<\/div>\n\t\t\t\t\t<\/div>\n\t\t<\/div>\n\t\t\t\t\t<\/div>\n\t\t<\/section>\n\t\t\t\t<\/div>\n\t\t","protected":false},"excerpt":{"rendered":"<table class=\"greyGridTable\">\n<tbody>\n<tr>\n<td><img decoding=\"async\" src=\"\/wp-content\/uploads\/2024\/12\/icons-noggi_timeless-design_blk.svg\" alt=\"Ic\u00f4ne repr\u00e9sentant une ligne stylis\u00e9e symbolisant un design minimaliste et intemporel\" width=\"70\" height=\"70\" \/><\/td>\n<td><b>Design intemporel:<\/b><br \/>\n\u00c9l\u00e9gant et adapt\u00e9 \u00e0 tous les int\u00e9rieurs<\/td>\n<td><img decoding=\"async\" src=\"\/wp-content\/uploads\/2024\/12\/icons-noggi_versatile-fit_blk.svg\" alt=\"Ic\u00f4ne repr\u00e9sentant une ligne ajustable symbolisant une adaptabilit\u00e9 polyvalente\" width=\"70\" height=\"70\" \/><\/td>\n<td><b>Ajustement polyvalent:<\/b><br \/>\nConvient \u00e0 diff\u00e9rentes tailles de chaises suspendues<\/td>\n<\/tr>\n<tr>\n<td><img loading=\"lazy\" decoding=\"async\" src=\"\/wp-content\/uploads\/2024\/12\/icons-noggi_powder-coated_blk.svg\" alt=\"Ic\u00f4ne repr\u00e9sentant une bombe de peinture symbolisant un rev\u00eatement en poudre de haute qualit\u00e9 pour plus de protection et un design moderne\" width=\"70\" height=\"70\" \/><\/td>\n<td><b>Rev\u00eatement en poudre:<\/b><br \/>\nProt\u00e8ge contre la rouille, aspect moderne<\/td>\n<td><img loading=\"lazy\" decoding=\"async\" src=\"\/wp-content\/uploads\/2024\/12\/icons-noggi_indoor-outdoor_blk.svg\" alt=\"Ic\u00f4ne repr\u00e9sentant une maison et un arbre symbolisant une utilisation polyvalente \u00e0 l'int\u00e9rieur et \u00e0 l'ext\u00e9rieur\" width=\"70\" height=\"70\" \/><\/td>\n<td><b>Int\u00e9rieur &amp; Ext\u00e9rieur:<\/b><br \/>\nDurable et r\u00e9sistant aux intemp\u00e9ries<\/td>\n<\/tr>\n<tr>\n<td><img loading=\"lazy\" decoding=\"async\" src=\"\/wp-content\/uploads\/2024\/12\/icons-noggi_floor-friendly_blk.svg\" alt=\"Ic\u00f4ne repr\u00e9sentant des patins de table prot\u00e9g\u00e9s pour des surfaces sensibles\" width=\"70\" height=\"70\" \/><\/td>\n<td><b>Protection du sol:<\/b><br \/>\nProt\u00e8ge les surfaces sensibles<\/td>\n<td><img loading=\"lazy\" decoding=\"async\" src=\"\/wp-content\/uploads\/2024\/12\/icons-noggi_effortless-assembly_blk.svg\" alt=\"Ic\u00f4ne repr\u00e9sentant une cl\u00e9 \u00e0 molette symbolisant un montage facile et sans effort\" width=\"70\" height=\"70\" \/><\/td>\n<td><b>Montage facile:<\/b><br \/>\nMontage rapide gr\u00e2ce \u00e0 des instructions claires<\/td>\n<\/tr>\n<\/tbody>\n<\/table>\n","protected":false},"featured_media":36375,"comment_status":"open","ping_status":"closed","template":"","meta":{"_acf_changed":false,"inline_featured_image":false},"product_cat":[739],"product_tag":[],"class_list":{"0":"post-36373","1":"product","2":"type-product","3":"status-publish","4":"has-post-thumbnail","6":"product_cat-support-pour-fauteuil-suspendu","8":"first","9":"outofstock","10":"sale","11":"taxable","12":"shipping-taxable","13":"purchasable","14":"product-type-simple"},"acf":[],"yoast_head":"<!-- This site is optimized with the Yoast SEO plugin v25.3 - https:\/\/yoast.com\/wordpress\/plugins\/seo\/ -->\n<title>Ch\u00e2ssis de fauteuil suspendu - Ton expert en pieds de table en m\u00e9tal<\/title>\n<meta name=\"robots\" content=\"index, follow, max-snippet:-1, max-image-preview:large, max-video-preview:-1\" \/>\n<link rel=\"canonical\" href=\"https:\/\/www.tischbein-metall.de\/fr\/produit\/chassis-de-fauteuil-suspendu\/\" \/>\n<meta property=\"og:locale\" content=\"fr_FR\" \/>\n<meta property=\"og:type\" content=\"article\" \/>\n<meta property=\"og:title\" content=\"Ch\u00e2ssis de fauteuil suspendu - Ton expert en pieds de table en m\u00e9tal\" \/>\n<meta property=\"og:description\" content=\"Design intemporel: \u00c9l\u00e9gant et adapt\u00e9 \u00e0 tous les int\u00e9rieurs  Ajustement polyvalent: Convient \u00e0 diff\u00e9rentes tailles de chaises suspendues    Rev\u00eatement en poudre: Prot\u00e8ge contre la rouille, aspect moderne  Int\u00e9rieur &amp; Ext\u00e9rieur: Durable et r\u00e9sistant aux intemp\u00e9ries    Protection du sol: Prot\u00e8ge les surfaces sensibles  Montage facile: Montage rapide gr\u00e2ce \u00e0 des instructions claires\" \/>\n<meta property=\"og:url\" content=\"https:\/\/www.tischbein-metall.de\/fr\/produit\/chassis-de-fauteuil-suspendu\/\" \/>\n<meta property=\"og:site_name\" content=\"Ton expert en pieds de table en m\u00e9tal\" \/>\n<meta property=\"article:modified_time\" content=\"2025-02-25T14:02:43+00:00\" \/>\n<meta property=\"og:image\" content=\"https:\/\/www.tischbein-metall.de\/wp-content\/uploads\/2025\/02\/pied-de-table-metal-chassis-de-fauteuil-suspendu-1.jpg\" \/>\n\t<meta property=\"og:image:width\" content=\"1800\" \/>\n\t<meta property=\"og:image:height\" content=\"1800\" \/>\n\t<meta property=\"og:image:type\" content=\"image\/jpeg\" \/>\n<meta name=\"twitter:card\" content=\"summary_large_image\" \/>\n<meta name=\"twitter:label1\" content=\"Dur\u00e9e de lecture estim\u00e9e\" \/>\n\t<meta name=\"twitter:data1\" content=\"2 minutes\" \/>\n<script type=\"application\/ld+json\" class=\"yoast-schema-graph\">{\"@context\":\"https:\/\/schema.org\",\"@graph\":[{\"@type\":\"WebPage\",\"@id\":\"https:\/\/www.tischbein-metall.de\/fr\/produit\/chassis-de-fauteuil-suspendu\/\",\"url\":\"https:\/\/www.tischbein-metall.de\/fr\/produit\/chassis-de-fauteuil-suspendu\/\",\"name\":\"Ch\u00e2ssis de fauteuil suspendu - Ton expert en pieds de table en m\u00e9tal\",\"isPartOf\":{\"@id\":\"https:\/\/www.tischbein-metall.de\/#website\"},\"primaryImageOfPage\":{\"@id\":\"https:\/\/www.tischbein-metall.de\/fr\/produit\/chassis-de-fauteuil-suspendu\/#primaryimage\"},\"image\":{\"@id\":\"https:\/\/www.tischbein-metall.de\/fr\/produit\/chassis-de-fauteuil-suspendu\/#primaryimage\"},\"thumbnailUrl\":\"https:\/\/www.tischbein-metall.de\/wp-content\/uploads\/2025\/02\/pied-de-table-metal-chassis-de-fauteuil-suspendu-1.jpg\",\"datePublished\":\"2025-02-11T18:43:04+00:00\",\"dateModified\":\"2025-02-25T14:02:43+00:00\",\"breadcrumb\":{\"@id\":\"https:\/\/www.tischbein-metall.de\/fr\/produit\/chassis-de-fauteuil-suspendu\/#breadcrumb\"},\"inLanguage\":\"fr-FR\",\"potentialAction\":[{\"@type\":\"ReadAction\",\"target\":[\"https:\/\/www.tischbein-metall.de\/fr\/produit\/chassis-de-fauteuil-suspendu\/\"]}]},{\"@type\":\"ImageObject\",\"inLanguage\":\"fr-FR\",\"@id\":\"https:\/\/www.tischbein-metall.de\/fr\/produit\/chassis-de-fauteuil-suspendu\/#primaryimage\",\"url\":\"https:\/\/www.tischbein-metall.de\/wp-content\/uploads\/2025\/02\/pied-de-table-metal-chassis-de-fauteuil-suspendu-1.jpg\",\"contentUrl\":\"https:\/\/www.tischbein-metall.de\/wp-content\/uploads\/2025\/02\/pied-de-table-metal-chassis-de-fauteuil-suspendu-1.jpg\",\"width\":1800,\"height\":1800},{\"@type\":\"BreadcrumbList\",\"@id\":\"https:\/\/www.tischbein-metall.de\/fr\/produit\/chassis-de-fauteuil-suspendu\/#breadcrumb\",\"itemListElement\":[{\"@type\":\"ListItem\",\"position\":1,\"name\":\"Page d'accueil\",\"item\":\"https:\/\/www.tischbein-metall.de\/fr\/\"},{\"@type\":\"ListItem\",\"position\":2,\"name\":\"Produits\",\"item\":\"https:\/\/www.tischbein-metall.de\/fr\/produits\/\"},{\"@type\":\"ListItem\",\"position\":3,\"name\":\"Ch\u00e2ssis de fauteuil suspendu\"}]},{\"@type\":\"WebSite\",\"@id\":\"https:\/\/www.tischbein-metall.de\/#website\",\"url\":\"https:\/\/www.tischbein-metall.de\/\",\"name\":\"Ton expert en pieds de table en m\u00e9tal\",\"description\":\"\",\"potentialAction\":[{\"@type\":\"SearchAction\",\"target\":{\"@type\":\"EntryPoint\",\"urlTemplate\":\"https:\/\/www.tischbein-metall.de\/?s={search_term_string}\"},\"query-input\":{\"@type\":\"PropertyValueSpecification\",\"valueRequired\":true,\"valueName\":\"search_term_string\"}}],\"inLanguage\":\"fr-FR\"}]}<\/script>\n<!-- \/ Yoast SEO plugin. -->","yoast_head_json":{"title":"Ch\u00e2ssis de fauteuil suspendu - Ton expert en pieds de table en m\u00e9tal","robots":{"index":"index","follow":"follow","max-snippet":"max-snippet:-1","max-image-preview":"max-image-preview:large","max-video-preview":"max-video-preview:-1"},"canonical":"https:\/\/www.tischbein-metall.de\/fr\/produit\/chassis-de-fauteuil-suspendu\/","og_locale":"fr_FR","og_type":"article","og_title":"Ch\u00e2ssis de fauteuil suspendu - Ton expert en pieds de table en m\u00e9tal","og_description":"Design intemporel: \u00c9l\u00e9gant et adapt\u00e9 \u00e0 tous les int\u00e9rieurs  Ajustement polyvalent: Convient \u00e0 diff\u00e9rentes tailles de chaises suspendues    Rev\u00eatement en poudre: Prot\u00e8ge contre la rouille, aspect moderne  Int\u00e9rieur &amp; Ext\u00e9rieur: Durable et r\u00e9sistant aux intemp\u00e9ries    Protection du sol: Prot\u00e8ge les surfaces sensibles  Montage facile: Montage rapide gr\u00e2ce \u00e0 des instructions claires","og_url":"https:\/\/www.tischbein-metall.de\/fr\/produit\/chassis-de-fauteuil-suspendu\/","og_site_name":"Ton expert en pieds de table en m\u00e9tal","article_modified_time":"2025-02-25T14:02:43+00:00","og_image":[{"width":1800,"height":1800,"url":"https:\/\/www.tischbein-metall.de\/wp-content\/uploads\/2025\/02\/pied-de-table-metal-chassis-de-fauteuil-suspendu-1.jpg","type":"image\/jpeg"}],"twitter_card":"summary_large_image","twitter_misc":{"Dur\u00e9e de lecture estim\u00e9e":"2 minutes"},"schema":{"@context":"https:\/\/schema.org","@graph":[{"@type":"WebPage","@id":"https:\/\/www.tischbein-metall.de\/fr\/produit\/chassis-de-fauteuil-suspendu\/","url":"https:\/\/www.tischbein-metall.de\/fr\/produit\/chassis-de-fauteuil-suspendu\/","name":"Ch\u00e2ssis de fauteuil suspendu - Ton expert en pieds de table en m\u00e9tal","isPartOf":{"@id":"https:\/\/www.tischbein-metall.de\/#website"},"primaryImageOfPage":{"@id":"https:\/\/www.tischbein-metall.de\/fr\/produit\/chassis-de-fauteuil-suspendu\/#primaryimage"},"image":{"@id":"https:\/\/www.tischbein-metall.de\/fr\/produit\/chassis-de-fauteuil-suspendu\/#primaryimage"},"thumbnailUrl":"https:\/\/www.tischbein-metall.de\/wp-content\/uploads\/2025\/02\/pied-de-table-metal-chassis-de-fauteuil-suspendu-1.jpg","datePublished":"2025-02-11T18:43:04+00:00","dateModified":"2025-02-25T14:02:43+00:00","breadcrumb":{"@id":"https:\/\/www.tischbein-metall.de\/fr\/produit\/chassis-de-fauteuil-suspendu\/#breadcrumb"},"inLanguage":"fr-FR","potentialAction":[{"@type":"ReadAction","target":["https:\/\/www.tischbein-metall.de\/fr\/produit\/chassis-de-fauteuil-suspendu\/"]}]},{"@type":"ImageObject","inLanguage":"fr-FR","@id":"https:\/\/www.tischbein-metall.de\/fr\/produit\/chassis-de-fauteuil-suspendu\/#primaryimage","url":"https:\/\/www.tischbein-metall.de\/wp-content\/uploads\/2025\/02\/pied-de-table-metal-chassis-de-fauteuil-suspendu-1.jpg","contentUrl":"https:\/\/www.tischbein-metall.de\/wp-content\/uploads\/2025\/02\/pied-de-table-metal-chassis-de-fauteuil-suspendu-1.jpg","width":1800,"height":1800},{"@type":"BreadcrumbList","@id":"https:\/\/www.tischbein-metall.de\/fr\/produit\/chassis-de-fauteuil-suspendu\/#breadcrumb","itemListElement":[{"@type":"ListItem","position":1,"name":"Page d'accueil","item":"https:\/\/www.tischbein-metall.de\/fr\/"},{"@type":"ListItem","position":2,"name":"Produits","item":"https:\/\/www.tischbein-metall.de\/fr\/produits\/"},{"@type":"ListItem","position":3,"name":"Ch\u00e2ssis de fauteuil suspendu"}]},{"@type":"WebSite","@id":"https:\/\/www.tischbein-metall.de\/#website","url":"https:\/\/www.tischbein-metall.de\/","name":"Ton expert en pieds de table en m\u00e9tal","description":"","potentialAction":[{"@type":"SearchAction","target":{"@type":"EntryPoint","urlTemplate":"https:\/\/www.tischbein-metall.de\/?s={search_term_string}"},"query-input":{"@type":"PropertyValueSpecification","valueRequired":true,"valueName":"search_term_string"}}],"inLanguage":"fr-FR"}]}},"_links":{"self":[{"href":"https:\/\/www.tischbein-metall.de\/fr\/wp-json\/wp\/v2\/product\/36373","targetHints":{"allow":["GET"]}}],"collection":[{"href":"https:\/\/www.tischbein-metall.de\/fr\/wp-json\/wp\/v2\/product"}],"about":[{"href":"https:\/\/www.tischbein-metall.de\/fr\/wp-json\/wp\/v2\/types\/product"}],"replies":[{"embeddable":true,"href":"https:\/\/www.tischbein-metall.de\/fr\/wp-json\/wp\/v2\/comments?post=36373"}],"version-history":[{"count":5,"href":"https:\/\/www.tischbein-metall.de\/fr\/wp-json\/wp\/v2\/product\/36373\/revisions"}],"predecessor-version":[{"id":36381,"href":"https:\/\/www.tischbein-metall.de\/fr\/wp-json\/wp\/v2\/product\/36373\/revisions\/36381"}],"wp:featuredmedia":[{"embeddable":true,"href":"https:\/\/www.tischbein-metall.de\/fr\/wp-json\/wp\/v2\/media\/36375"}],"wp:attachment":[{"href":"https:\/\/www.tischbein-metall.de\/fr\/wp-json\/wp\/v2\/media?parent=36373"}],"wp:term":[{"taxonomy":"product_cat","embeddable":true,"href":"https:\/\/www.tischbein-metall.de\/fr\/wp-json\/wp\/v2\/product_cat?post=36373"},{"taxonomy":"product_tag","embeddable":true,"href":"https:\/\/www.tischbein-metall.de\/fr\/wp-json\/wp\/v2\/product_tag?post=36373"}],"curies":[{"name":"wp","href":"https:\/\/api.w.org\/{rel}","templated":true}]}}