{"id":14368,"date":"2022-10-06T10:55:17","date_gmt":"2022-10-06T08:55:17","guid":{"rendered":"https:\/\/www.tischbein-metall.de\/?page_id=14368"},"modified":"2024-12-16T13:57:19","modified_gmt":"2024-12-16T12:57:19","slug":"diritto-di-recesso","status":"publish","type":"page","link":"https:\/\/www.tischbein-metall.de\/it\/diritto-di-recesso\/","title":{"rendered":"Diritto di recesso per i consumatori e modulo di recesso"},"content":{"rendered":"\t\t<div data-elementor-type=\"wp-page\" data-elementor-id=\"14368\" class=\"elementor elementor-14368 elementor-11084\">\n\t\t\t\t<div class=\"elementor-element elementor-element-39b9faf5 e-flex e-con-boxed e-con e-parent\" data-id=\"39b9faf5\" data-element_type=\"container\">\n\t\t\t\t\t<div class=\"e-con-inner\">\n\t\t\t\t<div class=\"elementor-element elementor-element-7b7a903f elementor-widget elementor-widget-text-editor\" data-id=\"7b7a903f\" data-element_type=\"widget\" data-widget_type=\"text-editor.default\">\n\t\t\t\t<div class=\"elementor-widget-container\">\n\t\t\t<style>\/*! elementor - v3.23.0 - 25-07-2024 *\/\n.elementor-widget-text-editor.elementor-drop-cap-view-stacked .elementor-drop-cap{background-color:#69727d;color:#fff}.elementor-widget-text-editor.elementor-drop-cap-view-framed .elementor-drop-cap{color:#69727d;border:3px solid;background-color:transparent}.elementor-widget-text-editor:not(.elementor-drop-cap-view-default) .elementor-drop-cap{margin-top:8px}.elementor-widget-text-editor:not(.elementor-drop-cap-view-default) .elementor-drop-cap-letter{width:1em;height:1em}.elementor-widget-text-editor .elementor-drop-cap{float:left;text-align:center;line-height:1;font-size:50px}.elementor-widget-text-editor .elementor-drop-cap-letter{display:inline-block}<\/style>\t\t\t\t<h1>Istruzioni tipo sul recesso<\/h1><p><strong>Diritto di recesso<\/strong><br \/>Lei ha il diritto di recedere dal contratto, senza indicarne le ragioni, entro trenta giorni. Il periodo di recesso scade dopo trenta giorni dal giorno in cui Lei o un terzo, diverso dal vettore da Lei designato, acquisisce il possesso fisico dell\u2019ultimo bene.<\/p><p>Per esercitare il diritto di recesso, Lei \u00e8 tenuto a informarci (K-Sport GmbH (Noggi &#8211; Home Decor Masters &#8211; un marchio di K-Sport GmbH), Kiesweg 18, 35396 Gie\u00dfen, Germania, support@tischbein-metall.de, telefono: +49 641 971 846 16) della sua decisione di recedere dal presente contratto tramite una dichiarazione esplicita (ad esempio lettera inviata per posta, fax o posta elettronica). A tal fine pu\u00f2 utilizzare il modulo tipo di recesso allegato, ma non \u00e8 obbligatorio.<\/p><p>Pu\u00f2 anche compilare e inviare il modulo tipo di recesso o qualsiasi altra esplicita dichiarazione sul nostro sito web <a href=\"https:\/\/www.tischbein-metall.de\/it\/reso-e-reclamo\/\">https:\/\/www.tischbein-metall.de\/it\/reso-e-reclamo<\/a> in via elettronica. Nel caso scegliesse detta opzione, Le trasmetteremo senza indugio una conferma di ricevimento del recesso su un supporto durevole (ad esempio per posta elettronica).<\/p><p>Per rispettare il termine di recesso, \u00e8 sufficiente che Lei invii la comunicazione relativa all&#8217;esercizio del diritto di recesso prima della scadenza del periodo di recesso.<\/p><p><strong>Effetti del recesso <\/strong><br \/>Se Lei recede dal presente contratto, Le saranno rimborsati tutti i pagamenti che ha effettuato a nostro favore, compresi i costi di consegna (ad eccezione dei costi supplementari derivanti dalla Sua eventuale scelta di un tipo di consegna diverso dal tipo meno costoso di consegna standard da noi offerto), senza indebito ritardo e in ogni caso non oltre 14 giorni dal giorno in cui siamo informati della Sua decisione di recedere dal presente contratto. Detti rimborsi saranno effettuati utilizzando lo stesso mezzo di pagamento da Lei usato per la transazione iniziale, salvo che Lei non abbia espressamente convenuto altrimenti; in ogni caso, non dovr\u00e0 sostenere alcun costo quale conseguenza di tale rimborso. <br \/>Il rimborso pu\u00f2 essere sospeso fino al ricevimento dei beni oppure fino all\u2019avvenuta dimostrazione da parte del consumatore di aver rispedito i beni, se precedente.<\/p><p>\u00c8 pregato di rispedire i beni o di consegnarli a noi, senza indebiti ritardi e in ogni caso entro 14 giorni dal giorno in cui ci ha comunicato il suo recesso dal presente contratto. Il termine \u00e8 rispettato se Lei rispedisce i beni prima della scadenza del periodo di 14 giorni.<br \/>I costi della restituzione dei beni saranno a nostro carico.<br \/>Lei \u00e8 responsabile solo della diminuzione del valore dei beni risultante da una manipolazione del bene diversa da quella necessaria per stabilire la natura, le caratteristiche e il funzionamento dei beni.<\/p><div style=\"border: 1px solid #000000; padding: 20px; margin-bottom: 20px; background-color: #c9c9c9;\"><h4 style=\"text-align: center;\">Istruzioni tipo sul recesso<\/h4><p>(compilare e restituire il presente modulo solo se si desidera recedere dal contratto)<\/p><p>&#8211; Destinatario: <strong>K-Sport GmbH (Noggi &#8211; Home Decor Masters &#8211; un marchio di K-Sport GmbH), Kiesweg 18, Gie\u00dfen, Germania, <a href=\"mailto:support@tischbein-metall.de\">support@tischbein-metall.de<\/a><\/strong><\/p><p>&#8211; Con la presente io\/noi (*) notifichiamo il recesso dal mio\/nostro (*) contratto di vendita dei seguenti beni\/servizi (*)<\/p><p>&#8211; Ordinato il (*)\/ricevuto il (*)<\/p><p>&#8211; Nome del\/dei consumatore(i)<\/p><p>&#8211; Indirizzo del\/dei consumatore(i)<\/p><p>&#8211; Firma del\/dei consumatore(i) (solo se il presente modulo e&#8217; notificato in versione cartacea)<\/p><p>&#8211; Data<\/p><p>_______________<br \/>(*) Cancellare la dicitura inutile.<\/p><\/div><p><strong>Questioni specifiche<\/strong><br \/>Qualora Lei finanzi questo contratto mediante un contratto accessorio di mutuo e poi revochi il contratto principale, non sar\u00e0 pi\u00f9 vincolato al contratto di finanziamento purch\u00e9 entrambi i contratti costituiscano un prodotto unitario in termini commerciali. In particolare, viene presunta la presenza di un prodotto unitario in termini commerciali, nel caso fossimo noi stessi il suo finanziatore oppure qualora il suo finanziatore si avvalga della nostra collaborazione per il finanziamento. Qualora il prestito sia gi\u00e0 stato erogato e da noi incassato all\u2019entrata in vigore del recesso, il suo finanziatore vi subentra, rispetto alle conseguenze del recesso o reso, nella nostra posizione giuridica ossia in tutti i diritti e gli obblighi di cui al contratto finanziato. Quest\u2019ultimo aspetto non si applica qualora il contratto in questione abbia per oggetto l\u2019acquisto di strumenti finanziari (ad esempio, titoli, valute estere o derivati).<\/p><p>Qualora voglia evitare l&#8217;istaurazione di un vincolo contrattuale troppo restrittivo, potr\u00e0 utilizzare il suo diritto di recesso revocando il contratto di finanziamento, a condizione che si goda, nel caso concreto, di un diritto di recesso anche rispetto ad esso.<\/p><p><strong>Etichette per la restituzione <\/strong><br \/>Fatti salvi i vostri diritti legali, vi verranno fornite etichette gratuite per la restituzione. Se utilizzerete queste etichette, la restituzione sar\u00e0 gratuita per voi:<br \/>L&#8217;etichetta per i resi le verr\u00e0 fornita a mezzo e-mail.<br \/>Pu\u00f2 realizzare la restituzione del prodotto presso un ufficio dello spedizioniere corrispondente in Italia.<br \/>Le verr\u00e0 fornito un link per scaricare l&#8217;etichetta per i resi.<\/p>\t\t\t\t\t\t<\/div>\n\t\t\t\t<\/div>\n\t\t\t\t\t<\/div>\n\t\t\t\t<\/div>\n\t\t\t\t<\/div>\n\t\t","protected":false},"excerpt":{"rendered":"<p>Istruzioni tipo sul recesso Diritto di recessoLei ha il diritto di recedere dal contratto, senza indicarne le ragioni, entro trenta giorni. Il periodo di recesso scade dopo trenta giorni dal giorno in cui Lei o un terzo, diverso dal vettore da Lei designato, acquisisce il possesso fisico dell\u2019ultimo bene. Per esercitare il diritto di recesso, [&hellip;]<\/p>\n","protected":false},"author":3,"featured_media":0,"parent":0,"menu_order":0,"comment_status":"closed","ping_status":"closed","template":"","meta":{"_acf_changed":false,"inline_featured_image":false,"footnotes":""},"class_list":["post-14368","page","type-page","status-publish","hentry"],"acf":[],"yoast_head":"<!-- This site is optimized with the Yoast SEO plugin v25.3 - https:\/\/yoast.com\/wordpress\/plugins\/seo\/ -->\n<title>Diritto di recesso<\/title>\n<meta name=\"description\" content=\"Diritto di recess \u2013 Il vostro esperto per le gambe del tavolo in metallo \u2714\ufe0f Made in Europe \u2714\ufe0f Massima qualit\u00e0 \u2714\ufe0f Spedizione veloce e gratuita\" \/>\n<meta name=\"robots\" content=\"index, follow, max-snippet:-1, max-image-preview:large, max-video-preview:-1\" \/>\n<link rel=\"canonical\" href=\"https:\/\/www.tischbein-metall.de\/it\/diritto-di-recesso\/\" \/>\n<meta property=\"og:locale\" content=\"it_IT\" \/>\n<meta property=\"og:type\" content=\"article\" \/>\n<meta property=\"og:title\" content=\"Diritto di recesso\" \/>\n<meta property=\"og:description\" content=\"Diritto di recess \u2013 Il vostro esperto per le gambe del tavolo in metallo \u2714\ufe0f Made in Europe \u2714\ufe0f Massima qualit\u00e0 \u2714\ufe0f Spedizione veloce e gratuita\" \/>\n<meta property=\"og:url\" content=\"https:\/\/www.tischbein-metall.de\/it\/diritto-di-recesso\/\" \/>\n<meta property=\"og:site_name\" content=\"Il vostro esperto per le gambe del tavolo in metallo\" \/>\n<meta property=\"article:modified_time\" content=\"2024-12-16T12:57:19+00:00\" \/>\n<meta name=\"twitter:card\" content=\"summary_large_image\" \/>\n<meta name=\"twitter:label1\" content=\"Tempo di lettura stimato\" \/>\n\t<meta name=\"twitter:data1\" content=\"4 minuti\" \/>\n<script type=\"application\/ld+json\" class=\"yoast-schema-graph\">{\"@context\":\"https:\/\/schema.org\",\"@graph\":[{\"@type\":\"WebPage\",\"@id\":\"https:\/\/www.tischbein-metall.de\/it\/diritto-di-recesso\/\",\"url\":\"https:\/\/www.tischbein-metall.de\/it\/diritto-di-recesso\/\",\"name\":\"Diritto di recesso\",\"isPartOf\":{\"@id\":\"https:\/\/www.tischbein-metall.de\/#website\"},\"datePublished\":\"2022-10-06T08:55:17+00:00\",\"dateModified\":\"2024-12-16T12:57:19+00:00\",\"description\":\"Diritto di recess \u2013 Il vostro esperto per le gambe del tavolo in metallo \u2714\ufe0f Made in Europe \u2714\ufe0f Massima qualit\u00e0 \u2714\ufe0f Spedizione veloce e gratuita\",\"breadcrumb\":{\"@id\":\"https:\/\/www.tischbein-metall.de\/it\/diritto-di-recesso\/#breadcrumb\"},\"inLanguage\":\"it-IT\",\"potentialAction\":[{\"@type\":\"ReadAction\",\"target\":[\"https:\/\/www.tischbein-metall.de\/it\/diritto-di-recesso\/\"]}]},{\"@type\":\"BreadcrumbList\",\"@id\":\"https:\/\/www.tischbein-metall.de\/it\/diritto-di-recesso\/#breadcrumb\",\"itemListElement\":[{\"@type\":\"ListItem\",\"position\":1,\"name\":\"Pagina iniziale\",\"item\":\"https:\/\/www.tischbein-metall.de\/it\/\"},{\"@type\":\"ListItem\",\"position\":2,\"name\":\"Diritto di recesso per i consumatori e modulo di recesso\"}]},{\"@type\":\"WebSite\",\"@id\":\"https:\/\/www.tischbein-metall.de\/#website\",\"url\":\"https:\/\/www.tischbein-metall.de\/\",\"name\":\"Il vostro esperto per le gambe del tavolo in metallo\",\"description\":\"\",\"potentialAction\":[{\"@type\":\"SearchAction\",\"target\":{\"@type\":\"EntryPoint\",\"urlTemplate\":\"https:\/\/www.tischbein-metall.de\/?s={search_term_string}\"},\"query-input\":{\"@type\":\"PropertyValueSpecification\",\"valueRequired\":true,\"valueName\":\"search_term_string\"}}],\"inLanguage\":\"it-IT\"}]}<\/script>\n<!-- \/ Yoast SEO plugin. -->","yoast_head_json":{"title":"Diritto di recesso","description":"Diritto di recess \u2013 Il vostro esperto per le gambe del tavolo in metallo \u2714\ufe0f Made in Europe \u2714\ufe0f Massima qualit\u00e0 \u2714\ufe0f Spedizione veloce e gratuita","robots":{"index":"index","follow":"follow","max-snippet":"max-snippet:-1","max-image-preview":"max-image-preview:large","max-video-preview":"max-video-preview:-1"},"canonical":"https:\/\/www.tischbein-metall.de\/it\/diritto-di-recesso\/","og_locale":"it_IT","og_type":"article","og_title":"Diritto di recesso","og_description":"Diritto di recess \u2013 Il vostro esperto per le gambe del tavolo in metallo \u2714\ufe0f Made in Europe \u2714\ufe0f Massima qualit\u00e0 \u2714\ufe0f Spedizione veloce e gratuita","og_url":"https:\/\/www.tischbein-metall.de\/it\/diritto-di-recesso\/","og_site_name":"Il vostro esperto per le gambe del tavolo in metallo","article_modified_time":"2024-12-16T12:57:19+00:00","twitter_card":"summary_large_image","twitter_misc":{"Tempo di lettura stimato":"4 minuti"},"schema":{"@context":"https:\/\/schema.org","@graph":[{"@type":"WebPage","@id":"https:\/\/www.tischbein-metall.de\/it\/diritto-di-recesso\/","url":"https:\/\/www.tischbein-metall.de\/it\/diritto-di-recesso\/","name":"Diritto di recesso","isPartOf":{"@id":"https:\/\/www.tischbein-metall.de\/#website"},"datePublished":"2022-10-06T08:55:17+00:00","dateModified":"2024-12-16T12:57:19+00:00","description":"Diritto di recess \u2013 Il vostro esperto per le gambe del tavolo in metallo \u2714\ufe0f Made in Europe \u2714\ufe0f Massima qualit\u00e0 \u2714\ufe0f Spedizione veloce e gratuita","breadcrumb":{"@id":"https:\/\/www.tischbein-metall.de\/it\/diritto-di-recesso\/#breadcrumb"},"inLanguage":"it-IT","potentialAction":[{"@type":"ReadAction","target":["https:\/\/www.tischbein-metall.de\/it\/diritto-di-recesso\/"]}]},{"@type":"BreadcrumbList","@id":"https:\/\/www.tischbein-metall.de\/it\/diritto-di-recesso\/#breadcrumb","itemListElement":[{"@type":"ListItem","position":1,"name":"Pagina iniziale","item":"https:\/\/www.tischbein-metall.de\/it\/"},{"@type":"ListItem","position":2,"name":"Diritto di recesso per i consumatori e modulo di recesso"}]},{"@type":"WebSite","@id":"https:\/\/www.tischbein-metall.de\/#website","url":"https:\/\/www.tischbein-metall.de\/","name":"Il vostro esperto per le gambe del tavolo in metallo","description":"","potentialAction":[{"@type":"SearchAction","target":{"@type":"EntryPoint","urlTemplate":"https:\/\/www.tischbein-metall.de\/?s={search_term_string}"},"query-input":{"@type":"PropertyValueSpecification","valueRequired":true,"valueName":"search_term_string"}}],"inLanguage":"it-IT"}]}},"_links":{"self":[{"href":"https:\/\/www.tischbein-metall.de\/it\/wp-json\/wp\/v2\/pages\/14368","targetHints":{"allow":["GET"]}}],"collection":[{"href":"https:\/\/www.tischbein-metall.de\/it\/wp-json\/wp\/v2\/pages"}],"about":[{"href":"https:\/\/www.tischbein-metall.de\/it\/wp-json\/wp\/v2\/types\/page"}],"author":[{"embeddable":true,"href":"https:\/\/www.tischbein-metall.de\/it\/wp-json\/wp\/v2\/users\/3"}],"replies":[{"embeddable":true,"href":"https:\/\/www.tischbein-metall.de\/it\/wp-json\/wp\/v2\/comments?post=14368"}],"version-history":[{"count":16,"href":"https:\/\/www.tischbein-metall.de\/it\/wp-json\/wp\/v2\/pages\/14368\/revisions"}],"predecessor-version":[{"id":32481,"href":"https:\/\/www.tischbein-metall.de\/it\/wp-json\/wp\/v2\/pages\/14368\/revisions\/32481"}],"wp:attachment":[{"href":"https:\/\/www.tischbein-metall.de\/it\/wp-json\/wp\/v2\/media?parent=14368"}],"curies":[{"name":"wp","href":"https:\/\/api.w.org\/{rel}","templated":true}]}}