{"id":19191,"date":"2023-11-16T17:29:39","date_gmt":"2023-11-16T16:29:39","guid":{"rendered":"https:\/\/www.tischbein-metall.de\/treuepunkteprogramm\/"},"modified":"2024-06-18T14:25:58","modified_gmt":"2024-06-18T12:25:58","slug":"programma-fedelta","status":"publish","type":"page","link":"https:\/\/www.tischbein-metall.de\/it\/programma-fedelta\/","title":{"rendered":"Programma fedelt\u00e0"},"content":{"rendered":"\t\t<div data-elementor-type=\"wp-page\" data-elementor-id=\"19191\" class=\"elementor elementor-19191 elementor-19136\">\n\t\t\t\t\t\t<section class=\"elementor-section elementor-top-section elementor-element elementor-element-49a214c4 elementor-section-full_width elementor-section-height-default elementor-section-height-default\" data-id=\"49a214c4\" data-element_type=\"section\">\n\t\t\t\t\t\t<div class=\"elementor-container elementor-column-gap-no\">\n\t\t\t\t\t<div class=\"elementor-column elementor-col-100 elementor-top-column elementor-element elementor-element-13a1510b\" data-id=\"13a1510b\" data-element_type=\"column\">\n\t\t\t<div class=\"elementor-widget-wrap elementor-element-populated\">\n\t\t\t\t\t\t<div class=\"elementor-element elementor-element-3c6a3012 razzi--h-position-center razzi--v-position-middle razzi-slide-banner__ratio--169 razzi-slides-elementor--arrow-style-1 razzi-slides-elementor--dots-style-1 elementor-widget elementor-widget-razzi-slides\" data-id=\"3c6a3012\" data-element_type=\"widget\" data-settings=\"{&quot;effect&quot;:&quot;fade&quot;,&quot;autoplay&quot;:&quot;yes&quot;,&quot;delay&quot;:3000,&quot;autoplay_speed&quot;:1000,&quot;aspect_ratio&quot;:&quot;169&quot;}\" data-widget_type=\"razzi-slides.default\">\n\t\t\t\t<div class=\"elementor-widget-container\">\n\t\t\t<div class=\"razzi-slides-elementor razzi-swiper-carousel-elementor razzi-swiper-slider-elementor navigation-arrows navigation-tablet-arrows navigation-mobile-arrows\">\r\n\t\t\t\t<div class=\"razzi-slides-elementor__wrapper swiper-container\">\r\n\t\t\t\t\t<div class=\"razzi-slides-elementor__inner swiper-wrapper\"><div  class=\"elementor-repeater-item-396798a item-slider swiper-slide \"><div class=\"slick-slide-inner container\"><div class=\"razzi-slide-content\"><div class=\"razzi-slide-heading\">Programma fedelt\u00e0<\/div><div class=\"razzi-slide-button\"><\/div><\/div><\/div><\/div><\/div>\r\n\t\t\t\t<\/div>\r\n\t\t\t\t\r\n\t\t\t<\/div>\t\t<\/div>\n\t\t\t\t<\/div>\n\t\t\t\t\t<\/div>\n\t\t<\/div>\n\t\t\t\t\t<\/div>\n\t\t<\/section>\n\t\t\t\t<section class=\"elementor-section elementor-top-section elementor-element elementor-element-6d561be0 elementor-section-boxed elementor-section-height-default elementor-section-height-default\" data-id=\"6d561be0\" data-element_type=\"section\">\n\t\t\t\t\t\t<div class=\"elementor-container elementor-column-gap-default\">\n\t\t\t\t\t<div class=\"elementor-column elementor-col-100 elementor-top-column elementor-element elementor-element-6f3844ff\" data-id=\"6f3844ff\" data-element_type=\"column\">\n\t\t\t<div class=\"elementor-widget-wrap elementor-element-populated\">\n\t\t\t\t\t\t<div class=\"elementor-element elementor-element-6122c379 elementor-widget elementor-widget-heading\" data-id=\"6122c379\" data-element_type=\"widget\" data-widget_type=\"heading.default\">\n\t\t\t\t<div class=\"elementor-widget-container\">\n\t\t\t<style>\/*! elementor - v3.23.0 - 25-07-2024 *\/\n.elementor-heading-title{padding:0;margin:0;line-height:1}.elementor-widget-heading .elementor-heading-title[class*=elementor-size-]>a{color:inherit;font-size:inherit;line-height:inherit}.elementor-widget-heading .elementor-heading-title.elementor-size-small{font-size:15px}.elementor-widget-heading .elementor-heading-title.elementor-size-medium{font-size:19px}.elementor-widget-heading .elementor-heading-title.elementor-size-large{font-size:29px}.elementor-widget-heading .elementor-heading-title.elementor-size-xl{font-size:39px}.elementor-widget-heading .elementor-heading-title.elementor-size-xxl{font-size:59px}<\/style><h1 class=\"elementor-heading-title elementor-size-default\">Benvenuti al programma fedelt\u00e0 Noggi!<\/h1>\t\t<\/div>\n\t\t\t\t<\/div>\n\t\t\t\t\t<\/div>\n\t\t<\/div>\n\t\t\t\t\t<\/div>\n\t\t<\/section>\n\t\t\t\t<section class=\"elementor-section elementor-top-section elementor-element elementor-element-11ae71b4 elementor-section-boxed elementor-section-height-default elementor-section-height-default\" data-id=\"11ae71b4\" data-element_type=\"section\">\n\t\t\t\t\t\t<div class=\"elementor-container elementor-column-gap-default\">\n\t\t\t\t\t<div class=\"elementor-column elementor-col-100 elementor-top-column elementor-element elementor-element-347a14f3\" data-id=\"347a14f3\" data-element_type=\"column\">\n\t\t\t<div class=\"elementor-widget-wrap elementor-element-populated\">\n\t\t\t\t\t\t<div class=\"elementor-element elementor-element-376a0e82 elementor-widget elementor-widget-text-editor\" data-id=\"376a0e82\" data-element_type=\"widget\" data-widget_type=\"text-editor.default\">\n\t\t\t\t<div class=\"elementor-widget-container\">\n\t\t\t<style>\/*! elementor - v3.23.0 - 25-07-2024 *\/\n.elementor-widget-text-editor.elementor-drop-cap-view-stacked .elementor-drop-cap{background-color:#69727d;color:#fff}.elementor-widget-text-editor.elementor-drop-cap-view-framed .elementor-drop-cap{color:#69727d;border:3px solid;background-color:transparent}.elementor-widget-text-editor:not(.elementor-drop-cap-view-default) .elementor-drop-cap{margin-top:8px}.elementor-widget-text-editor:not(.elementor-drop-cap-view-default) .elementor-drop-cap-letter{width:1em;height:1em}.elementor-widget-text-editor .elementor-drop-cap{float:left;text-align:center;line-height:1;font-size:50px}.elementor-widget-text-editor .elementor-drop-cap-letter{display:inline-block}<\/style>\t\t\t\t<h2 style=\"font-size: 18px;\">Apprezzamento del Cliente &#8211; La Nostra Priorit\u00e0<\/h2><p>Da Noggi apprezziamo ogni singolo cliente. Il nostro nuovo programma fedelt\u00e0 \u00e8 il nostro modo di ringraziarvi per la vostra lealt\u00e0 e fiducia.<\/p><h3 style=\"font-size: 18px;\">Guadagna punti con ogni acquisto<\/h3><p>Per ogni euro che spendi da noi, ricevi un punto fedelt\u00e0. Ogni punto fedelt\u00e0 equivale a 0,05\u20ac. Questo significa che per un acquisto di 100\u20ac, ricevi un bonus fedelt\u00e0 di 5\u20ac che puoi utilizzare per i tuoi futuri acquisti.<\/p><h3 style=\"font-size: 18px;\">Per chi \u00e8 il nostro programma fedelt\u00e0?<\/h3><p>Il nostro programma fedelt\u00e0 \u00e8 ideale per una vasta gamma di professionisti ed appassionati: designer e produttori di mobili, interior designer, gestori di ristoranti, artigiani, ristoratori, appassionati, falegnami, appassionati del fai-da-te, fornitori per uffici e tutti gli amanti dei tavoli.<\/p><h3 style=\"font-size: 18px;\">Quando e come puoi utilizzare i tuoi punti fedelt\u00e0?<\/h3><p>Dopo il pagamento del tuo ordine, i tuoi punti fedelt\u00e0 sono immediatamente disponibili. Puoi facilmente utilizzarli al momento del tuo prossimo ordine alla cassa.<\/p><h3 style=\"font-size: 18px;\">Trasparente e equo &#8211; anche in caso di resi<\/h3><p>Se decidi di restituire un articolo, i punti fedelt\u00e0 ottenuti per quell&#8217;articolo verranno cancellati di conseguenza.<\/p><h3 style=\"font-size: 18px;\">Sempre sotto controllo: i tuoi punti fedelt\u00e0<\/h3><p>Puoi vedere i punti da ricevere al tuo primo ordine direttamente alla cassa. I punti gi\u00e0 accumulati si trovano nel tuo account utente nella scheda &#8220;Punti Fedelt\u00e0&#8221;.<\/p><h3 style=\"font-size: 18px;\">Riscatto dei punti &#8211; semplice ed automatico<\/h3><p>Puoi facilmente e automaticamente aggiungere i tuoi punti fedelt\u00e0 accumulati al tuo ordine al momento del pagamento.<\/p><h3 style=\"font-size: 18px;\">Informazioni importanti sul pagamento dei punti fedelt\u00e0<\/h3><p>Ti preghiamo di notare che i punti fedelt\u00e0 non possono essere convertiti in contanti. I punti fedelt\u00e0 possono essere utilizzati solo per acquisti sul nostro sito web.<\/p><h3 style=\"font-size: 18px;\">Scadenza dei punti fedelt\u00e0<\/h3><div>I punti fedelt\u00e0 sono validi a tempo indefinito.<\/div>\t\t\t\t\t\t<\/div>\n\t\t\t\t<\/div>\n\t\t\t\t\t<\/div>\n\t\t<\/div>\n\t\t\t\t\t<\/div>\n\t\t<\/section>\n\t\t\t\t<section class=\"elementor-section elementor-top-section elementor-element elementor-element-5a58834 elementor-section-boxed elementor-section-height-default elementor-section-height-default\" data-id=\"5a58834\" data-element_type=\"section\">\n\t\t\t\t\t\t<div class=\"elementor-container elementor-column-gap-default\">\n\t\t\t\t\t<div class=\"elementor-column elementor-col-100 elementor-top-column elementor-element elementor-element-8200d13\" data-id=\"8200d13\" data-element_type=\"column\">\n\t\t\t<div class=\"elementor-widget-wrap elementor-element-populated\">\n\t\t\t\t\t\t<div class=\"elementor-element elementor-element-5e18617 elementor-align-center elementor-widget elementor-widget-button\" data-id=\"5e18617\" data-element_type=\"widget\" data-widget_type=\"button.default\">\n\t\t\t\t<div class=\"elementor-widget-container\">\n\t\t\t\t\t<div class=\"elementor-button-wrapper\">\n\t\t\t<a class=\"elementor-button elementor-button-link elementor-size-md\" href=\"\/\">\n\t\t\t\t\t\t<span class=\"elementor-button-content-wrapper\">\n\t\t\t\t\t\t\t\t\t<span class=\"elementor-button-text\">Inizia a guadagnare punti fedelt\u00e0 ora!<\/span>\n\t\t\t\t\t<\/span>\n\t\t\t\t\t<\/a>\n\t\t<\/div>\n\t\t\t\t<\/div>\n\t\t\t\t<\/div>\n\t\t\t\t\t<\/div>\n\t\t<\/div>\n\t\t\t\t\t<\/div>\n\t\t<\/section>\n\t\t\t\t<section class=\"elementor-section elementor-top-section elementor-element elementor-element-8414448 elementor-section-boxed elementor-section-height-default elementor-section-height-default\" data-id=\"8414448\" data-element_type=\"section\">\n\t\t\t\t\t\t<div class=\"elementor-container elementor-column-gap-default\">\n\t\t\t\t\t<div class=\"elementor-column elementor-col-100 elementor-top-column elementor-element elementor-element-33b5cf2\" data-id=\"33b5cf2\" data-element_type=\"column\">\n\t\t\t<div class=\"elementor-widget-wrap elementor-element-populated\">\n\t\t\t\t\t\t<div class=\"elementor-element elementor-element-e75b57f elementor-widget elementor-widget-text-editor\" data-id=\"e75b57f\" data-element_type=\"widget\" data-widget_type=\"text-editor.default\">\n\t\t\t\t<div class=\"elementor-widget-container\">\n\t\t\t\t\t\t\t<p>*L&#8217;iscrizione al programma fedelt\u00e0 \u00e8 <strong>gratuita<\/strong> e avviene <strong>automaticamente<\/strong> al tuo primo acquisto.<\/p>\t\t\t\t\t\t<\/div>\n\t\t\t\t<\/div>\n\t\t\t\t\t<\/div>\n\t\t<\/div>\n\t\t\t\t\t<\/div>\n\t\t<\/section>\n\t\t\t\t<\/div>\n\t\t","protected":false},"excerpt":{"rendered":"<p>Programma fedelt\u00e0 Benvenuti al programma fedelt\u00e0 Noggi! Apprezzamento del Cliente &#8211; La Nostra Priorit\u00e0 Da Noggi apprezziamo ogni singolo cliente. Il nostro nuovo programma fedelt\u00e0 \u00e8 il nostro modo di ringraziarvi per la vostra lealt\u00e0 e fiducia. Guadagna punti con ogni acquisto Per ogni euro che spendi da noi, ricevi un punto fedelt\u00e0. Ogni punto [&hellip;]<\/p>\n","protected":false},"author":1,"featured_media":0,"parent":0,"menu_order":0,"comment_status":"closed","ping_status":"closed","template":"","meta":{"_acf_changed":false,"inline_featured_image":false,"footnotes":""},"class_list":["post-19191","page","type-page","status-publish","hentry"],"acf":[],"yoast_head":"<!-- This site is optimized with the Yoast SEO plugin v25.3 - https:\/\/yoast.com\/wordpress\/plugins\/seo\/ -->\n<title>Programma Fedelt\u00e0 - Vantaggi Esclusivi | Tischbein-Metall<\/title>\n<meta name=\"description\" content=\"Unisciti al nostro Programma Fedelt\u00e0 e scopri vantaggi esclusivi. Sconti, offerte speciali e molto altro su Tischbein-Metall.de!\" \/>\n<meta name=\"robots\" content=\"index, follow, max-snippet:-1, max-image-preview:large, max-video-preview:-1\" \/>\n<link rel=\"canonical\" href=\"https:\/\/www.tischbein-metall.de\/it\/programma-fedelta\/\" \/>\n<meta property=\"og:locale\" content=\"it_IT\" \/>\n<meta property=\"og:type\" content=\"article\" \/>\n<meta property=\"og:title\" content=\"Programma Fedelt\u00e0 - Vantaggi Esclusivi | Tischbein-Metall\" \/>\n<meta property=\"og:description\" content=\"Unisciti al nostro Programma Fedelt\u00e0 e scopri vantaggi esclusivi. Sconti, offerte speciali e molto altro su Tischbein-Metall.de!\" \/>\n<meta property=\"og:url\" content=\"https:\/\/www.tischbein-metall.de\/it\/programma-fedelta\/\" \/>\n<meta property=\"og:site_name\" content=\"Il vostro esperto per le gambe del tavolo in metallo\" \/>\n<meta property=\"article:modified_time\" content=\"2024-06-18T12:25:58+00:00\" \/>\n<meta name=\"twitter:card\" content=\"summary_large_image\" \/>\n<meta name=\"twitter:label1\" content=\"Tempo di lettura stimato\" \/>\n\t<meta name=\"twitter:data1\" content=\"2 minuti\" \/>\n<script type=\"application\/ld+json\" class=\"yoast-schema-graph\">{\"@context\":\"https:\/\/schema.org\",\"@graph\":[{\"@type\":\"WebPage\",\"@id\":\"https:\/\/www.tischbein-metall.de\/it\/programma-fedelta\/\",\"url\":\"https:\/\/www.tischbein-metall.de\/it\/programma-fedelta\/\",\"name\":\"Programma Fedelt\u00e0 - Vantaggi Esclusivi | Tischbein-Metall\",\"isPartOf\":{\"@id\":\"https:\/\/www.tischbein-metall.de\/#website\"},\"datePublished\":\"2023-11-16T16:29:39+00:00\",\"dateModified\":\"2024-06-18T12:25:58+00:00\",\"description\":\"Unisciti al nostro Programma Fedelt\u00e0 e scopri vantaggi esclusivi. Sconti, offerte speciali e molto altro su Tischbein-Metall.de!\",\"breadcrumb\":{\"@id\":\"https:\/\/www.tischbein-metall.de\/it\/programma-fedelta\/#breadcrumb\"},\"inLanguage\":\"it-IT\",\"potentialAction\":[{\"@type\":\"ReadAction\",\"target\":[\"https:\/\/www.tischbein-metall.de\/it\/programma-fedelta\/\"]}]},{\"@type\":\"BreadcrumbList\",\"@id\":\"https:\/\/www.tischbein-metall.de\/it\/programma-fedelta\/#breadcrumb\",\"itemListElement\":[{\"@type\":\"ListItem\",\"position\":1,\"name\":\"Pagina iniziale\",\"item\":\"https:\/\/www.tischbein-metall.de\/it\/\"},{\"@type\":\"ListItem\",\"position\":2,\"name\":\"Programma fedelt\u00e0\"}]},{\"@type\":\"WebSite\",\"@id\":\"https:\/\/www.tischbein-metall.de\/#website\",\"url\":\"https:\/\/www.tischbein-metall.de\/\",\"name\":\"Il vostro esperto per le gambe del tavolo in metallo\",\"description\":\"\",\"potentialAction\":[{\"@type\":\"SearchAction\",\"target\":{\"@type\":\"EntryPoint\",\"urlTemplate\":\"https:\/\/www.tischbein-metall.de\/?s={search_term_string}\"},\"query-input\":{\"@type\":\"PropertyValueSpecification\",\"valueRequired\":true,\"valueName\":\"search_term_string\"}}],\"inLanguage\":\"it-IT\"}]}<\/script>\n<!-- \/ Yoast SEO plugin. -->","yoast_head_json":{"title":"Programma Fedelt\u00e0 - Vantaggi Esclusivi | Tischbein-Metall","description":"Unisciti al nostro Programma Fedelt\u00e0 e scopri vantaggi esclusivi. Sconti, offerte speciali e molto altro su Tischbein-Metall.de!","robots":{"index":"index","follow":"follow","max-snippet":"max-snippet:-1","max-image-preview":"max-image-preview:large","max-video-preview":"max-video-preview:-1"},"canonical":"https:\/\/www.tischbein-metall.de\/it\/programma-fedelta\/","og_locale":"it_IT","og_type":"article","og_title":"Programma Fedelt\u00e0 - Vantaggi Esclusivi | Tischbein-Metall","og_description":"Unisciti al nostro Programma Fedelt\u00e0 e scopri vantaggi esclusivi. Sconti, offerte speciali e molto altro su Tischbein-Metall.de!","og_url":"https:\/\/www.tischbein-metall.de\/it\/programma-fedelta\/","og_site_name":"Il vostro esperto per le gambe del tavolo in metallo","article_modified_time":"2024-06-18T12:25:58+00:00","twitter_card":"summary_large_image","twitter_misc":{"Tempo di lettura stimato":"2 minuti"},"schema":{"@context":"https:\/\/schema.org","@graph":[{"@type":"WebPage","@id":"https:\/\/www.tischbein-metall.de\/it\/programma-fedelta\/","url":"https:\/\/www.tischbein-metall.de\/it\/programma-fedelta\/","name":"Programma Fedelt\u00e0 - Vantaggi Esclusivi | Tischbein-Metall","isPartOf":{"@id":"https:\/\/www.tischbein-metall.de\/#website"},"datePublished":"2023-11-16T16:29:39+00:00","dateModified":"2024-06-18T12:25:58+00:00","description":"Unisciti al nostro Programma Fedelt\u00e0 e scopri vantaggi esclusivi. Sconti, offerte speciali e molto altro su Tischbein-Metall.de!","breadcrumb":{"@id":"https:\/\/www.tischbein-metall.de\/it\/programma-fedelta\/#breadcrumb"},"inLanguage":"it-IT","potentialAction":[{"@type":"ReadAction","target":["https:\/\/www.tischbein-metall.de\/it\/programma-fedelta\/"]}]},{"@type":"BreadcrumbList","@id":"https:\/\/www.tischbein-metall.de\/it\/programma-fedelta\/#breadcrumb","itemListElement":[{"@type":"ListItem","position":1,"name":"Pagina iniziale","item":"https:\/\/www.tischbein-metall.de\/it\/"},{"@type":"ListItem","position":2,"name":"Programma fedelt\u00e0"}]},{"@type":"WebSite","@id":"https:\/\/www.tischbein-metall.de\/#website","url":"https:\/\/www.tischbein-metall.de\/","name":"Il vostro esperto per le gambe del tavolo in metallo","description":"","potentialAction":[{"@type":"SearchAction","target":{"@type":"EntryPoint","urlTemplate":"https:\/\/www.tischbein-metall.de\/?s={search_term_string}"},"query-input":{"@type":"PropertyValueSpecification","valueRequired":true,"valueName":"search_term_string"}}],"inLanguage":"it-IT"}]}},"_links":{"self":[{"href":"https:\/\/www.tischbein-metall.de\/it\/wp-json\/wp\/v2\/pages\/19191","targetHints":{"allow":["GET"]}}],"collection":[{"href":"https:\/\/www.tischbein-metall.de\/it\/wp-json\/wp\/v2\/pages"}],"about":[{"href":"https:\/\/www.tischbein-metall.de\/it\/wp-json\/wp\/v2\/types\/page"}],"author":[{"embeddable":true,"href":"https:\/\/www.tischbein-metall.de\/it\/wp-json\/wp\/v2\/users\/1"}],"replies":[{"embeddable":true,"href":"https:\/\/www.tischbein-metall.de\/it\/wp-json\/wp\/v2\/comments?post=19191"}],"version-history":[{"count":7,"href":"https:\/\/www.tischbein-metall.de\/it\/wp-json\/wp\/v2\/pages\/19191\/revisions"}],"predecessor-version":[{"id":21609,"href":"https:\/\/www.tischbein-metall.de\/it\/wp-json\/wp\/v2\/pages\/19191\/revisions\/21609"}],"wp:attachment":[{"href":"https:\/\/www.tischbein-metall.de\/it\/wp-json\/wp\/v2\/media?parent=19191"}],"curies":[{"name":"wp","href":"https:\/\/api.w.org\/{rel}","templated":true}]}}