{"id":19717,"date":"2024-03-12T14:42:10","date_gmt":"2024-03-12T13:42:10","guid":{"rendered":"https:\/\/www.tischbein-metall.de\/?post_type=product&#038;p=19717"},"modified":"2024-12-26T11:48:21","modified_gmt":"2024-12-26T10:48:21","slug":"supporto-per-scaffale","status":"publish","type":"product","link":"https:\/\/www.tischbein-metall.de\/it\/prodotto\/supporto-per-scaffale\/","title":{"rendered":"Set di 2 Supporto per scaffale"},"content":{"rendered":"\t\t<div data-elementor-type=\"wp-post\" data-elementor-id=\"19717\" class=\"elementor elementor-19717 elementor-19662\">\n\t\t\t\t\t\t<section class=\"elementor-section elementor-top-section elementor-element elementor-element-5a0a023 elementor-section-boxed elementor-section-height-default elementor-section-height-default\" data-id=\"5a0a023\" data-element_type=\"section\">\n\t\t\t\t\t\t<div class=\"elementor-container elementor-column-gap-default\">\n\t\t\t\t\t<div class=\"elementor-column elementor-col-100 elementor-top-column elementor-element elementor-element-96b18cf\" data-id=\"96b18cf\" data-element_type=\"column\">\n\t\t\t<div class=\"elementor-widget-wrap elementor-element-populated\">\n\t\t\t\t\t\t<div class=\"elementor-element elementor-element-5e7b8d2 elementor-widget elementor-widget-text-editor\" data-id=\"5e7b8d2\" data-element_type=\"widget\" data-widget_type=\"text-editor.default\">\n\t\t\t\t<div class=\"elementor-widget-container\">\n\t\t\t<style>\/*! elementor - v3.23.0 - 25-07-2024 *\/\n.elementor-widget-text-editor.elementor-drop-cap-view-stacked .elementor-drop-cap{background-color:#69727d;color:#fff}.elementor-widget-text-editor.elementor-drop-cap-view-framed .elementor-drop-cap{color:#69727d;border:3px solid;background-color:transparent}.elementor-widget-text-editor:not(.elementor-drop-cap-view-default) .elementor-drop-cap{margin-top:8px}.elementor-widget-text-editor:not(.elementor-drop-cap-view-default) .elementor-drop-cap-letter{width:1em;height:1em}.elementor-widget-text-editor .elementor-drop-cap{float:left;text-align:center;line-height:1;font-size:50px}.elementor-widget-text-editor .elementor-drop-cap-letter{display:inline-block}<\/style>\t\t\t\t<p>Dona al tuo spazio un tocco unico con questa discreta e versatile <b>supporto per scaffale<\/b>&nbsp;in stile industriale. La robusta costruzione in acciaio non \u00e8 solo estremamente resistente, ma \u00e8 anche protetta da una finitura a polvere di alta qualit\u00e0 che garantisce una lunga durata. Disponibile nei colori eleganti nero e antracite, si adatta facilmente a qualsiasi concept di spazio.<\/p>\n<p>Grazie ai pratici fori allungati <b>(20x10mm)<\/b>, il montaggio \u00e8 estremamente semplice. L&#8217;elevata spessore del materiale garantisce non solo stabilit\u00e0, ma consente anche il supporto di pesi considerevoli, ideale per mensole, decorazioni o altri accessori domestici.<\/p>\n<p>La nostra&nbsp;<span style=\"font-weight: 700;\">supporto per scaffale<\/span>&nbsp;\u00e8 fornita in un pratico set da 2.<\/p>\n<p>Senza tempo &#8211; Versatili &#8211; Appassionanti I Costruisci i tuoi mobili fai-da-te secondo i tuoi gusti<\/p>\n<p>Design senza tempo, molteplici possibilit\u00e0 di utilizzo e la passione per la qualit\u00e0: con questa staffa a muro, che sia una <b>staffa a muro<\/b>, <b>cornice per scaffali<\/b> o <b>cornice per scaffali<\/b>, puoi arredare i tuoi spazi secondo le tue individuali preferenze. Scegli tra le dimensioni <b>20x30x3 cm<\/b>, <b>20x45x3 cm<\/b> e <b>20x60x3 cm<\/b> per ogni scopo: che sia come elegante ripostiglio per gli asciugamani in bagno, pratica staffa per le mensole in cucina o come estetico elemento decorativo in soggiorno \u2013 scopri nuove possibilit\u00e0 e dona al tuo domicilio un tocco personale. Il fai da te nella costruzione di mobili non \u00e8 mai stato cos\u00ec facile!<\/p>\t\t\t\t\t\t<\/div>\n\t\t\t\t<\/div>\n\t\t\t\t<div class=\"elementor-element elementor-element-f6b6807 elementor-widget-divider--view-line elementor-widget elementor-widget-divider\" data-id=\"f6b6807\" data-element_type=\"widget\" data-widget_type=\"divider.default\">\n\t\t\t\t<div class=\"elementor-widget-container\">\n\t\t\t<style>\/*! elementor - v3.23.0 - 25-07-2024 *\/\n.elementor-widget-divider{--divider-border-style:none;--divider-border-width:1px;--divider-color:#0c0d0e;--divider-icon-size:20px;--divider-element-spacing:10px;--divider-pattern-height:24px;--divider-pattern-size:20px;--divider-pattern-url:none;--divider-pattern-repeat:repeat-x}.elementor-widget-divider .elementor-divider{display:flex}.elementor-widget-divider .elementor-divider__text{font-size:15px;line-height:1;max-width:95%}.elementor-widget-divider .elementor-divider__element{margin:0 var(--divider-element-spacing);flex-shrink:0}.elementor-widget-divider .elementor-icon{font-size:var(--divider-icon-size)}.elementor-widget-divider .elementor-divider-separator{display:flex;margin:0;direction:ltr}.elementor-widget-divider--view-line_icon .elementor-divider-separator,.elementor-widget-divider--view-line_text .elementor-divider-separator{align-items:center}.elementor-widget-divider--view-line_icon .elementor-divider-separator:after,.elementor-widget-divider--view-line_icon .elementor-divider-separator:before,.elementor-widget-divider--view-line_text .elementor-divider-separator:after,.elementor-widget-divider--view-line_text .elementor-divider-separator:before{display:block;content:\"\";border-block-end:0;flex-grow:1;border-block-start:var(--divider-border-width) var(--divider-border-style) var(--divider-color)}.elementor-widget-divider--element-align-left .elementor-divider .elementor-divider-separator>.elementor-divider__svg:first-of-type{flex-grow:0;flex-shrink:100}.elementor-widget-divider--element-align-left .elementor-divider-separator:before{content:none}.elementor-widget-divider--element-align-left .elementor-divider__element{margin-left:0}.elementor-widget-divider--element-align-right .elementor-divider .elementor-divider-separator>.elementor-divider__svg:last-of-type{flex-grow:0;flex-shrink:100}.elementor-widget-divider--element-align-right .elementor-divider-separator:after{content:none}.elementor-widget-divider--element-align-right .elementor-divider__element{margin-right:0}.elementor-widget-divider--element-align-start .elementor-divider .elementor-divider-separator>.elementor-divider__svg:first-of-type{flex-grow:0;flex-shrink:100}.elementor-widget-divider--element-align-start .elementor-divider-separator:before{content:none}.elementor-widget-divider--element-align-start .elementor-divider__element{margin-inline-start:0}.elementor-widget-divider--element-align-end .elementor-divider .elementor-divider-separator>.elementor-divider__svg:last-of-type{flex-grow:0;flex-shrink:100}.elementor-widget-divider--element-align-end .elementor-divider-separator:after{content:none}.elementor-widget-divider--element-align-end .elementor-divider__element{margin-inline-end:0}.elementor-widget-divider:not(.elementor-widget-divider--view-line_text):not(.elementor-widget-divider--view-line_icon) .elementor-divider-separator{border-block-start:var(--divider-border-width) var(--divider-border-style) var(--divider-color)}.elementor-widget-divider--separator-type-pattern{--divider-border-style:none}.elementor-widget-divider--separator-type-pattern.elementor-widget-divider--view-line .elementor-divider-separator,.elementor-widget-divider--separator-type-pattern:not(.elementor-widget-divider--view-line) .elementor-divider-separator:after,.elementor-widget-divider--separator-type-pattern:not(.elementor-widget-divider--view-line) .elementor-divider-separator:before,.elementor-widget-divider--separator-type-pattern:not([class*=elementor-widget-divider--view]) .elementor-divider-separator{width:100%;min-height:var(--divider-pattern-height);-webkit-mask-size:var(--divider-pattern-size) 100%;mask-size:var(--divider-pattern-size) 100%;-webkit-mask-repeat:var(--divider-pattern-repeat);mask-repeat:var(--divider-pattern-repeat);background-color:var(--divider-color);-webkit-mask-image:var(--divider-pattern-url);mask-image:var(--divider-pattern-url)}.elementor-widget-divider--no-spacing{--divider-pattern-size:auto}.elementor-widget-divider--bg-round{--divider-pattern-repeat:round}.rtl .elementor-widget-divider .elementor-divider__text{direction:rtl}.e-con-inner>.elementor-widget-divider,.e-con>.elementor-widget-divider{width:var(--container-widget-width,100%);--flex-grow:var(--container-widget-flex-grow)}<\/style>\t\t<div class=\"elementor-divider\">\n\t\t\t<span class=\"elementor-divider-separator\">\n\t\t\t\t\t\t<\/span>\n\t\t<\/div>\n\t\t\t\t<\/div>\n\t\t\t\t<\/div>\n\t\t\t\t<div class=\"elementor-element elementor-element-423889d elementor-widget elementor-widget-image\" data-id=\"423889d\" data-element_type=\"widget\" data-widget_type=\"image.default\">\n\t\t\t\t<div class=\"elementor-widget-container\">\n\t\t\t<style>\/*! elementor - v3.23.0 - 25-07-2024 *\/\n.elementor-widget-image{text-align:center}.elementor-widget-image a{display:inline-block}.elementor-widget-image a img[src$=\".svg\"]{width:48px}.elementor-widget-image img{vertical-align:middle;display:inline-block}<\/style>\t\t\t\t\t\t\t\t\t\t<img decoding=\"async\" width=\"150\" height=\"150\" src=\"https:\/\/www.tischbein-metall.de\/wp-content\/uploads\/2022\/10\/eu-flag-circle-150x150.png\" class=\"attachment-thumbnail size-thumbnail wp-image-13389\" alt=\"\" srcset=\"https:\/\/www.tischbein-metall.de\/wp-content\/uploads\/2022\/10\/eu-flag-circle-150x150.png 150w, https:\/\/www.tischbein-metall.de\/wp-content\/uploads\/2022\/10\/eu-flag-circle-570x570.png 570w, https:\/\/www.tischbein-metall.de\/wp-content\/uploads\/2022\/10\/eu-flag-circle-130x130.png 130w, https:\/\/www.tischbein-metall.de\/wp-content\/uploads\/2022\/10\/eu-flag-circle-600x600.png 600w, https:\/\/www.tischbein-metall.de\/wp-content\/uploads\/2022\/10\/eu-flag-circle-300x300.png 300w, https:\/\/www.tischbein-metall.de\/wp-content\/uploads\/2022\/10\/eu-flag-circle-1024x1024.png 1024w, https:\/\/www.tischbein-metall.de\/wp-content\/uploads\/2022\/10\/eu-flag-circle-768x768.png 768w, https:\/\/www.tischbein-metall.de\/wp-content\/uploads\/2022\/10\/eu-flag-circle-12x12.png 12w, https:\/\/www.tischbein-metall.de\/wp-content\/uploads\/2022\/10\/eu-flag-circle.png 1280w\" sizes=\"(max-width: 150px) 100vw, 150px\" \/>\t\t\t\t\t\t\t\t\t\t\t\t\t<\/div>\n\t\t\t\t<\/div>\n\t\t\t\t\t<\/div>\n\t\t<\/div>\n\t\t\t\t\t<\/div>\n\t\t<\/section>\n\t\t\t\t<\/div>\n\t\t","protected":false},"excerpt":{"rendered":"<p><span style=\"color: green;\">\u2714<\/span> <strong>Acciaio di alta qualit\u00e0 prodotto in UE<\/strong><br \/>\n<span style=\"color: green;\">\u2714<\/span> <strong>Design senza tempo che si integra perfettamente<\/strong><br \/>\n<span style=\"color: green;\">\u2714<\/span> <strong>Spedizione quotidiana per consegna rapida<\/strong><br \/>\n<span style=\"color: green;\">\u2714<\/span> <strong>Rivestimento in polvere elegante per una protezione duratura<\/strong><br \/>\n<span style=\"color: green;\">\u2714<\/span> <strong>Qualit\u00e0 certificata secondo gli standard europei<\/strong><br \/>\n<span style=\"color: green;\">\u2714<\/span> <strong>Montaggio rapido ed effortless<\/strong><\/p>\n<p>Arte moderna per la tua casa: Questa discreta <strong>supporto per scaffale<\/strong>\u00a0dal design industriale, nota anche come <strong>staffa a parete<\/strong> o <strong>cornice per scaffali<\/strong>, \u00e8 realizzata in acciaio di alta qualit\u00e0 con una resistente finitura a polvere. Non \u00e8 solo un robusto supporto, ma anche un elemento elegante per il tuo bagno, la tua cucina o il tuo soggiorno. La sua forma consente anche di appendere elegantemente gli asciugamani, unendo funzionalit\u00e0 ed estetica. Disponibile in nero e antracite.<\/p>\n","protected":false},"featured_media":21195,"comment_status":"open","ping_status":"closed","template":"","meta":{"_acf_changed":false,"inline_featured_image":false},"product_cat":[],"product_tag":[],"class_list":{"0":"post-19717","1":"product","2":"type-product","3":"status-publish","4":"has-post-thumbnail","6":"pa_farbe-nero-opaco","7":"pa_farbe-antracite","8":"pa_groesse-20cm-x-30cm-x-3cm-it","9":"pa_groesse-20cm-x-45cm-x-3cm-it","10":"pa_groesse-20cm-x-60cm-x-3cm-it","12":"first","13":"instock","14":"taxable","15":"shipping-taxable","16":"purchasable","17":"product-type-variable","18":"has-default-attributes"},"acf":[],"yoast_head":"<!-- This site is optimized with the Yoast SEO plugin v25.3 - https:\/\/yoast.com\/wordpress\/plugins\/seo\/ -->\n<title>Set di 2 Supporti per Scaffale - Stabilit\u00e0 e Sicurezza<\/title>\n<meta name=\"description\" content=\"Assicura la stabilit\u00e0 dei tuoi scaffali con questi supporti in metallo resistenti e affidabili. Perfetti per qualsiasi ambiente, dalla casa all&#039;ufficio.\" \/>\n<meta name=\"robots\" content=\"index, follow, max-snippet:-1, max-image-preview:large, max-video-preview:-1\" \/>\n<link rel=\"canonical\" href=\"https:\/\/www.tischbein-metall.de\/it\/prodotto\/supporto-per-scaffale\/\" \/>\n<meta property=\"og:locale\" content=\"it_IT\" \/>\n<meta property=\"og:type\" content=\"article\" \/>\n<meta property=\"og:title\" content=\"Set di 2 Supporti per Scaffale - Stabilit\u00e0 e Sicurezza\" \/>\n<meta property=\"og:description\" content=\"Assicura la stabilit\u00e0 dei tuoi scaffali con questi supporti in metallo resistenti e affidabili. Perfetti per qualsiasi ambiente, dalla casa all&#039;ufficio.\" \/>\n<meta property=\"og:url\" content=\"https:\/\/www.tischbein-metall.de\/it\/prodotto\/supporto-per-scaffale\/\" \/>\n<meta property=\"og:site_name\" content=\"Il vostro esperto per le gambe del tavolo in metallo\" \/>\n<meta property=\"article:modified_time\" content=\"2024-12-26T10:48:21+00:00\" \/>\n<meta property=\"og:image\" content=\"https:\/\/www.tischbein-metall.de\/wp-content\/uploads\/2023\/12\/noggi-supporto-scaffale-antracite-bagno.jpg\" \/>\n\t<meta property=\"og:image:width\" content=\"2400\" \/>\n\t<meta property=\"og:image:height\" content=\"2400\" \/>\n\t<meta property=\"og:image:type\" content=\"image\/jpeg\" \/>\n<meta name=\"twitter:card\" content=\"summary_large_image\" \/>\n<meta name=\"twitter:label1\" content=\"Tempo di lettura stimato\" \/>\n\t<meta name=\"twitter:data1\" content=\"2 minuti\" \/>\n<script type=\"application\/ld+json\" class=\"yoast-schema-graph\">{\"@context\":\"https:\/\/schema.org\",\"@graph\":[{\"@type\":\"WebPage\",\"@id\":\"https:\/\/www.tischbein-metall.de\/it\/prodotto\/supporto-per-scaffale\/\",\"url\":\"https:\/\/www.tischbein-metall.de\/it\/prodotto\/supporto-per-scaffale\/\",\"name\":\"Set di 2 Supporti per Scaffale - Stabilit\u00e0 e Sicurezza\",\"isPartOf\":{\"@id\":\"https:\/\/www.tischbein-metall.de\/#website\"},\"primaryImageOfPage\":{\"@id\":\"https:\/\/www.tischbein-metall.de\/it\/prodotto\/supporto-per-scaffale\/#primaryimage\"},\"image\":{\"@id\":\"https:\/\/www.tischbein-metall.de\/it\/prodotto\/supporto-per-scaffale\/#primaryimage\"},\"thumbnailUrl\":\"https:\/\/www.tischbein-metall.de\/wp-content\/uploads\/2023\/12\/noggi-supporto-scaffale-antracite-bagno.jpg\",\"datePublished\":\"2024-03-12T13:42:10+00:00\",\"dateModified\":\"2024-12-26T10:48:21+00:00\",\"description\":\"Assicura la stabilit\u00e0 dei tuoi scaffali con questi supporti in metallo resistenti e affidabili. Perfetti per qualsiasi ambiente, dalla casa all'ufficio.\",\"breadcrumb\":{\"@id\":\"https:\/\/www.tischbein-metall.de\/it\/prodotto\/supporto-per-scaffale\/#breadcrumb\"},\"inLanguage\":\"it-IT\",\"potentialAction\":[{\"@type\":\"ReadAction\",\"target\":[\"https:\/\/www.tischbein-metall.de\/it\/prodotto\/supporto-per-scaffale\/\"]}]},{\"@type\":\"ImageObject\",\"inLanguage\":\"it-IT\",\"@id\":\"https:\/\/www.tischbein-metall.de\/it\/prodotto\/supporto-per-scaffale\/#primaryimage\",\"url\":\"https:\/\/www.tischbein-metall.de\/wp-content\/uploads\/2023\/12\/noggi-supporto-scaffale-antracite-bagno.jpg\",\"contentUrl\":\"https:\/\/www.tischbein-metall.de\/wp-content\/uploads\/2023\/12\/noggi-supporto-scaffale-antracite-bagno.jpg\",\"width\":2400,\"height\":2400,\"caption\":\"Supporto per scaffale in bagno\"},{\"@type\":\"BreadcrumbList\",\"@id\":\"https:\/\/www.tischbein-metall.de\/it\/prodotto\/supporto-per-scaffale\/#breadcrumb\",\"itemListElement\":[{\"@type\":\"ListItem\",\"position\":1,\"name\":\"Pagina iniziale\",\"item\":\"https:\/\/www.tischbein-metall.de\/it\/\"},{\"@type\":\"ListItem\",\"position\":2,\"name\":\"Prodotti\",\"item\":\"https:\/\/www.tischbein-metall.de\/it\/prodotti\/\"},{\"@type\":\"ListItem\",\"position\":3,\"name\":\"Set di 2 Supporto per scaffale\"}]},{\"@type\":\"WebSite\",\"@id\":\"https:\/\/www.tischbein-metall.de\/#website\",\"url\":\"https:\/\/www.tischbein-metall.de\/\",\"name\":\"Il vostro esperto per le gambe del tavolo in metallo\",\"description\":\"\",\"potentialAction\":[{\"@type\":\"SearchAction\",\"target\":{\"@type\":\"EntryPoint\",\"urlTemplate\":\"https:\/\/www.tischbein-metall.de\/?s={search_term_string}\"},\"query-input\":{\"@type\":\"PropertyValueSpecification\",\"valueRequired\":true,\"valueName\":\"search_term_string\"}}],\"inLanguage\":\"it-IT\"}]}<\/script>\n<!-- \/ Yoast SEO plugin. -->","yoast_head_json":{"title":"Set di 2 Supporti per Scaffale - Stabilit\u00e0 e Sicurezza","description":"Assicura la stabilit\u00e0 dei tuoi scaffali con questi supporti in metallo resistenti e affidabili. Perfetti per qualsiasi ambiente, dalla casa all'ufficio.","robots":{"index":"index","follow":"follow","max-snippet":"max-snippet:-1","max-image-preview":"max-image-preview:large","max-video-preview":"max-video-preview:-1"},"canonical":"https:\/\/www.tischbein-metall.de\/it\/prodotto\/supporto-per-scaffale\/","og_locale":"it_IT","og_type":"article","og_title":"Set di 2 Supporti per Scaffale - Stabilit\u00e0 e Sicurezza","og_description":"Assicura la stabilit\u00e0 dei tuoi scaffali con questi supporti in metallo resistenti e affidabili. Perfetti per qualsiasi ambiente, dalla casa all'ufficio.","og_url":"https:\/\/www.tischbein-metall.de\/it\/prodotto\/supporto-per-scaffale\/","og_site_name":"Il vostro esperto per le gambe del tavolo in metallo","article_modified_time":"2024-12-26T10:48:21+00:00","og_image":[{"width":2400,"height":2400,"url":"https:\/\/www.tischbein-metall.de\/wp-content\/uploads\/2023\/12\/noggi-supporto-scaffale-antracite-bagno.jpg","type":"image\/jpeg"}],"twitter_card":"summary_large_image","twitter_misc":{"Tempo di lettura stimato":"2 minuti"},"schema":{"@context":"https:\/\/schema.org","@graph":[{"@type":"WebPage","@id":"https:\/\/www.tischbein-metall.de\/it\/prodotto\/supporto-per-scaffale\/","url":"https:\/\/www.tischbein-metall.de\/it\/prodotto\/supporto-per-scaffale\/","name":"Set di 2 Supporti per Scaffale - Stabilit\u00e0 e Sicurezza","isPartOf":{"@id":"https:\/\/www.tischbein-metall.de\/#website"},"primaryImageOfPage":{"@id":"https:\/\/www.tischbein-metall.de\/it\/prodotto\/supporto-per-scaffale\/#primaryimage"},"image":{"@id":"https:\/\/www.tischbein-metall.de\/it\/prodotto\/supporto-per-scaffale\/#primaryimage"},"thumbnailUrl":"https:\/\/www.tischbein-metall.de\/wp-content\/uploads\/2023\/12\/noggi-supporto-scaffale-antracite-bagno.jpg","datePublished":"2024-03-12T13:42:10+00:00","dateModified":"2024-12-26T10:48:21+00:00","description":"Assicura la stabilit\u00e0 dei tuoi scaffali con questi supporti in metallo resistenti e affidabili. Perfetti per qualsiasi ambiente, dalla casa all'ufficio.","breadcrumb":{"@id":"https:\/\/www.tischbein-metall.de\/it\/prodotto\/supporto-per-scaffale\/#breadcrumb"},"inLanguage":"it-IT","potentialAction":[{"@type":"ReadAction","target":["https:\/\/www.tischbein-metall.de\/it\/prodotto\/supporto-per-scaffale\/"]}]},{"@type":"ImageObject","inLanguage":"it-IT","@id":"https:\/\/www.tischbein-metall.de\/it\/prodotto\/supporto-per-scaffale\/#primaryimage","url":"https:\/\/www.tischbein-metall.de\/wp-content\/uploads\/2023\/12\/noggi-supporto-scaffale-antracite-bagno.jpg","contentUrl":"https:\/\/www.tischbein-metall.de\/wp-content\/uploads\/2023\/12\/noggi-supporto-scaffale-antracite-bagno.jpg","width":2400,"height":2400,"caption":"Supporto per scaffale in bagno"},{"@type":"BreadcrumbList","@id":"https:\/\/www.tischbein-metall.de\/it\/prodotto\/supporto-per-scaffale\/#breadcrumb","itemListElement":[{"@type":"ListItem","position":1,"name":"Pagina iniziale","item":"https:\/\/www.tischbein-metall.de\/it\/"},{"@type":"ListItem","position":2,"name":"Prodotti","item":"https:\/\/www.tischbein-metall.de\/it\/prodotti\/"},{"@type":"ListItem","position":3,"name":"Set di 2 Supporto per scaffale"}]},{"@type":"WebSite","@id":"https:\/\/www.tischbein-metall.de\/#website","url":"https:\/\/www.tischbein-metall.de\/","name":"Il vostro esperto per le gambe del tavolo in metallo","description":"","potentialAction":[{"@type":"SearchAction","target":{"@type":"EntryPoint","urlTemplate":"https:\/\/www.tischbein-metall.de\/?s={search_term_string}"},"query-input":{"@type":"PropertyValueSpecification","valueRequired":true,"valueName":"search_term_string"}}],"inLanguage":"it-IT"}]}},"_links":{"self":[{"href":"https:\/\/www.tischbein-metall.de\/it\/wp-json\/wp\/v2\/product\/19717","targetHints":{"allow":["GET"]}}],"collection":[{"href":"https:\/\/www.tischbein-metall.de\/it\/wp-json\/wp\/v2\/product"}],"about":[{"href":"https:\/\/www.tischbein-metall.de\/it\/wp-json\/wp\/v2\/types\/product"}],"replies":[{"embeddable":true,"href":"https:\/\/www.tischbein-metall.de\/it\/wp-json\/wp\/v2\/comments?post=19717"}],"version-history":[{"count":9,"href":"https:\/\/www.tischbein-metall.de\/it\/wp-json\/wp\/v2\/product\/19717\/revisions"}],"predecessor-version":[{"id":24572,"href":"https:\/\/www.tischbein-metall.de\/it\/wp-json\/wp\/v2\/product\/19717\/revisions\/24572"}],"wp:featuredmedia":[{"embeddable":true,"href":"https:\/\/www.tischbein-metall.de\/it\/wp-json\/wp\/v2\/media\/21195"}],"wp:attachment":[{"href":"https:\/\/www.tischbein-metall.de\/it\/wp-json\/wp\/v2\/media?parent=19717"}],"wp:term":[{"taxonomy":"product_cat","embeddable":true,"href":"https:\/\/www.tischbein-metall.de\/it\/wp-json\/wp\/v2\/product_cat?post=19717"},{"taxonomy":"product_tag","embeddable":true,"href":"https:\/\/www.tischbein-metall.de\/it\/wp-json\/wp\/v2\/product_tag?post=19717"}],"curies":[{"name":"wp","href":"https:\/\/api.w.org\/{rel}","templated":true}]}}