{"id":36233,"date":"2025-02-24T14:36:41","date_gmt":"2025-02-24T13:36:41","guid":{"rendered":"https:\/\/www.tischbein-metall.de\/?post_type=product&#038;p=36233"},"modified":"2025-05-15T22:43:29","modified_gmt":"2025-05-15T20:43:29","slug":"amaca-con-telaio","status":"publish","type":"product","link":"https:\/\/www.tischbein-metall.de\/it\/prodotto\/amaca-con-telaio\/","title":{"rendered":"Amaca con telaio"},"content":{"rendered":"\t\t<div data-elementor-type=\"wp-post\" data-elementor-id=\"36233\" class=\"elementor elementor-36233 elementor-36039\">\n\t\t\t\t\t\t<section class=\"elementor-section elementor-top-section elementor-element elementor-element-d3a2625 elementor-section-boxed elementor-section-height-default elementor-section-height-default\" data-id=\"d3a2625\" data-element_type=\"section\">\n\t\t\t\t\t\t<div class=\"elementor-container elementor-column-gap-default\">\n\t\t\t\t\t<div class=\"elementor-column elementor-col-100 elementor-top-column elementor-element elementor-element-26f2af8\" data-id=\"26f2af8\" data-element_type=\"column\">\n\t\t\t<div class=\"elementor-widget-wrap elementor-element-populated\">\n\t\t\t\t\t\t<div class=\"elementor-element elementor-element-3b651dd elementor-widget elementor-widget-text-editor\" data-id=\"3b651dd\" data-element_type=\"widget\" data-widget_type=\"text-editor.default\">\n\t\t\t\t<div class=\"elementor-widget-container\">\n\t\t\t<style>\/*! elementor - v3.23.0 - 25-07-2024 *\/\n.elementor-widget-text-editor.elementor-drop-cap-view-stacked .elementor-drop-cap{background-color:#69727d;color:#fff}.elementor-widget-text-editor.elementor-drop-cap-view-framed .elementor-drop-cap{color:#69727d;border:3px solid;background-color:transparent}.elementor-widget-text-editor:not(.elementor-drop-cap-view-default) .elementor-drop-cap{margin-top:8px}.elementor-widget-text-editor:not(.elementor-drop-cap-view-default) .elementor-drop-cap-letter{width:1em;height:1em}.elementor-widget-text-editor .elementor-drop-cap{float:left;text-align:center;line-height:1;font-size:50px}.elementor-widget-text-editor .elementor-drop-cap-letter{display:inline-block}<\/style>\t\t\t\t<h2 style=\"font-size: 18px;\">Amaca con supporto \u2013 Relax al massimo livello<\/h2><p>Stai cercando un&#8217;amaca robusta e stilosa per il giardino, il balcone o l&#8217;interno? Questo modello si distingue per il suo supporto in acciaio di alta qualit\u00e0 e ti offre il massimo comfort, ovunque tu voglia rilassarti.<\/p><h3 style=\"font-size: 16px;\">Flessibile per interni ed esterni<\/h3><p>Che sia in giardino, sul terrazzo o in casa \u2013 con questa amaca potrai goderti una pausa in qualsiasi momento. Il supporto in acciaio zincato di qualit\u00e0 garantisce una base sicura e pu\u00f2 essere facilmente posizionato in vari luoghi. Anche durante la stagione fredda, troverai un angolo accogliente all&#8217;interno.<\/p><h3 style=\"font-size: 16px;\">Gentile con il pavimento &amp; sicura<\/h3><p>I profili tubolari in acciaio rinforzato sono dotati di tappi protettivi per evitare graffi su pavimenti delicati. Inoltre, delle coperture speciali per le viti impediscono che spigoli vivi rimangano esposti, garantendo un utilizzo sicuro.<\/p><h3 style=\"font-size: 16px;\">Resistente alle intemperie &amp; durevole<\/h3><p>Grazie al supporto in acciaio zincato, questa amaca \u00e8 particolarmente resistente agli agenti atmosferici. La lavorazione di alta qualit\u00e0 garantisce una lunga durata, mentre la verniciatura scura si integra armoniosamente in ogni ambiente. Coperture speciali prevengono l&#8217;ingresso di umidit\u00e0 e aumentano la resistenza alla corrosione.<\/p><h3 style=\"font-size: 16px;\">Set con alta capacit\u00e0 di carico<\/h3><p>Questo set \u00e8 composto da un supporto in tubo d&#8217;acciaio stabile con una capacit\u00e0 di carico fino a 150 kg e un&#8217;amaca spaziosa con una superficie di sdraio di 180 x 150 cm. Il montaggio \u00e8 semplice e l&#8217;amaca si fissa in pochi minuti, per un relax puro senza sforzi.<\/p>\t\t\t\t\t\t<\/div>\n\t\t\t\t<\/div>\n\t\t\t\t<div class=\"elementor-element elementor-element-d038e75 elementor-widget-divider--view-line elementor-widget elementor-widget-divider\" data-id=\"d038e75\" data-element_type=\"widget\" data-widget_type=\"divider.default\">\n\t\t\t\t<div class=\"elementor-widget-container\">\n\t\t\t<style>\/*! elementor - v3.23.0 - 25-07-2024 *\/\n.elementor-widget-divider{--divider-border-style:none;--divider-border-width:1px;--divider-color:#0c0d0e;--divider-icon-size:20px;--divider-element-spacing:10px;--divider-pattern-height:24px;--divider-pattern-size:20px;--divider-pattern-url:none;--divider-pattern-repeat:repeat-x}.elementor-widget-divider .elementor-divider{display:flex}.elementor-widget-divider .elementor-divider__text{font-size:15px;line-height:1;max-width:95%}.elementor-widget-divider .elementor-divider__element{margin:0 var(--divider-element-spacing);flex-shrink:0}.elementor-widget-divider .elementor-icon{font-size:var(--divider-icon-size)}.elementor-widget-divider .elementor-divider-separator{display:flex;margin:0;direction:ltr}.elementor-widget-divider--view-line_icon .elementor-divider-separator,.elementor-widget-divider--view-line_text .elementor-divider-separator{align-items:center}.elementor-widget-divider--view-line_icon .elementor-divider-separator:after,.elementor-widget-divider--view-line_icon .elementor-divider-separator:before,.elementor-widget-divider--view-line_text .elementor-divider-separator:after,.elementor-widget-divider--view-line_text .elementor-divider-separator:before{display:block;content:\"\";border-block-end:0;flex-grow:1;border-block-start:var(--divider-border-width) var(--divider-border-style) var(--divider-color)}.elementor-widget-divider--element-align-left .elementor-divider .elementor-divider-separator>.elementor-divider__svg:first-of-type{flex-grow:0;flex-shrink:100}.elementor-widget-divider--element-align-left .elementor-divider-separator:before{content:none}.elementor-widget-divider--element-align-left .elementor-divider__element{margin-left:0}.elementor-widget-divider--element-align-right .elementor-divider .elementor-divider-separator>.elementor-divider__svg:last-of-type{flex-grow:0;flex-shrink:100}.elementor-widget-divider--element-align-right .elementor-divider-separator:after{content:none}.elementor-widget-divider--element-align-right .elementor-divider__element{margin-right:0}.elementor-widget-divider--element-align-start .elementor-divider .elementor-divider-separator>.elementor-divider__svg:first-of-type{flex-grow:0;flex-shrink:100}.elementor-widget-divider--element-align-start .elementor-divider-separator:before{content:none}.elementor-widget-divider--element-align-start .elementor-divider__element{margin-inline-start:0}.elementor-widget-divider--element-align-end .elementor-divider .elementor-divider-separator>.elementor-divider__svg:last-of-type{flex-grow:0;flex-shrink:100}.elementor-widget-divider--element-align-end .elementor-divider-separator:after{content:none}.elementor-widget-divider--element-align-end .elementor-divider__element{margin-inline-end:0}.elementor-widget-divider:not(.elementor-widget-divider--view-line_text):not(.elementor-widget-divider--view-line_icon) .elementor-divider-separator{border-block-start:var(--divider-border-width) var(--divider-border-style) var(--divider-color)}.elementor-widget-divider--separator-type-pattern{--divider-border-style:none}.elementor-widget-divider--separator-type-pattern.elementor-widget-divider--view-line .elementor-divider-separator,.elementor-widget-divider--separator-type-pattern:not(.elementor-widget-divider--view-line) .elementor-divider-separator:after,.elementor-widget-divider--separator-type-pattern:not(.elementor-widget-divider--view-line) .elementor-divider-separator:before,.elementor-widget-divider--separator-type-pattern:not([class*=elementor-widget-divider--view]) .elementor-divider-separator{width:100%;min-height:var(--divider-pattern-height);-webkit-mask-size:var(--divider-pattern-size) 100%;mask-size:var(--divider-pattern-size) 100%;-webkit-mask-repeat:var(--divider-pattern-repeat);mask-repeat:var(--divider-pattern-repeat);background-color:var(--divider-color);-webkit-mask-image:var(--divider-pattern-url);mask-image:var(--divider-pattern-url)}.elementor-widget-divider--no-spacing{--divider-pattern-size:auto}.elementor-widget-divider--bg-round{--divider-pattern-repeat:round}.rtl .elementor-widget-divider .elementor-divider__text{direction:rtl}.e-con-inner>.elementor-widget-divider,.e-con>.elementor-widget-divider{width:var(--container-widget-width,100%);--flex-grow:var(--container-widget-flex-grow)}<\/style>\t\t<div class=\"elementor-divider\">\n\t\t\t<span class=\"elementor-divider-separator\">\n\t\t\t\t\t\t<\/span>\n\t\t<\/div>\n\t\t\t\t<\/div>\n\t\t\t\t<\/div>\n\t\t\t\t<div class=\"elementor-element elementor-element-863dfbb elementor-widget elementor-widget-image\" data-id=\"863dfbb\" data-element_type=\"widget\" data-widget_type=\"image.default\">\n\t\t\t\t<div class=\"elementor-widget-container\">\n\t\t\t<style>\/*! elementor - v3.23.0 - 25-07-2024 *\/\n.elementor-widget-image{text-align:center}.elementor-widget-image a{display:inline-block}.elementor-widget-image a img[src$=\".svg\"]{width:48px}.elementor-widget-image img{vertical-align:middle;display:inline-block}<\/style>\t\t\t\t\t\t\t\t\t\t<img decoding=\"async\" width=\"150\" height=\"150\" src=\"https:\/\/www.tischbein-metall.de\/wp-content\/uploads\/2022\/10\/eu-flag-circle-150x150.png\" class=\"attachment-thumbnail size-thumbnail wp-image-13389\" alt=\"\" srcset=\"https:\/\/www.tischbein-metall.de\/wp-content\/uploads\/2022\/10\/eu-flag-circle-150x150.png 150w, https:\/\/www.tischbein-metall.de\/wp-content\/uploads\/2022\/10\/eu-flag-circle-570x570.png 570w, https:\/\/www.tischbein-metall.de\/wp-content\/uploads\/2022\/10\/eu-flag-circle-130x130.png 130w, https:\/\/www.tischbein-metall.de\/wp-content\/uploads\/2022\/10\/eu-flag-circle-600x600.png 600w, https:\/\/www.tischbein-metall.de\/wp-content\/uploads\/2022\/10\/eu-flag-circle-300x300.png 300w, https:\/\/www.tischbein-metall.de\/wp-content\/uploads\/2022\/10\/eu-flag-circle-1024x1024.png 1024w, https:\/\/www.tischbein-metall.de\/wp-content\/uploads\/2022\/10\/eu-flag-circle-768x768.png 768w, https:\/\/www.tischbein-metall.de\/wp-content\/uploads\/2022\/10\/eu-flag-circle-12x12.png 12w, https:\/\/www.tischbein-metall.de\/wp-content\/uploads\/2022\/10\/eu-flag-circle.png 1280w\" sizes=\"(max-width: 150px) 100vw, 150px\" \/>\t\t\t\t\t\t\t\t\t\t\t\t\t<\/div>\n\t\t\t\t<\/div>\n\t\t\t\t\t<\/div>\n\t\t<\/div>\n\t\t\t\t\t<\/div>\n\t\t<\/section>\n\t\t\t\t<\/div>\n\t\t","protected":false},"excerpt":{"rendered":"<table class=\"greyGridTable\">\n<tbody>\n<tr>\n<td><img decoding=\"async\" src=\"\/wp-content\/uploads\/2024\/12\/icons-noggi_timeless-design_blk.svg\" alt=\"Icona che mostra una linea stilizzata, simbolo di un design minimalista e senza tempo\" width=\"70\" height=\"70\" \/><\/td>\n<td><b>Design senza tempo:<\/b><br \/>\nElegante e adatto a ogni tipo di arredamento<\/td>\n<td><img decoding=\"async\" src=\"\/wp-content\/uploads\/2024\/12\/icons-noggi_versatile-fit_blk.svg\" alt=\"Icona che mostra una linea regolabile, simbolo della versatilit\u00e0 nell'adattarsi\" width=\"70\" height=\"70\" \/><\/td>\n<td><b>Massimo comfort:<\/b><br \/>\nSeduta comoda per un relax ottimale<\/td>\n<\/tr>\n<tr>\n<td><img loading=\"lazy\" decoding=\"async\" src=\"\/wp-content\/uploads\/2024\/12\/icons-noggi_powder-coated_blk.svg\" alt=\"Icona che mostra una bomboletta spray, simbolo di una verniciatura a polvere di alta qualit\u00e0 per una protezione extra e un design moderno\" width=\"70\" height=\"70\" \/><\/td>\n<td><b>Verniciatura a polvere:<\/b><br \/>\nProtegge dalla ruggine, dall&#8217;aspetto moderno<\/td>\n<td><img loading=\"lazy\" decoding=\"async\" src=\"\/wp-content\/uploads\/2024\/12\/icons-noggi_indoor-outdoor_blk.svg\" alt=\"Icona che mostra una casa e un albero, simbolo di utilizzo versatile sia all'interno che all'esterno\" width=\"70\" height=\"70\" \/><\/td>\n<td><b>Indoor &amp; Outdoor:<\/b><br \/>\nResistente e adatta a tutte le condizioni atmosferiche<\/td>\n<\/tr>\n<tr>\n<td><img loading=\"lazy\" decoding=\"async\" src=\"\/wp-content\/uploads\/2024\/12\/icons-noggi_easy-to-maintain_blk.svg\" alt=\"Icona che simboleggia una vite a croce\" width=\"70\" height=\"70\" \/><\/td>\n<td><b>Materiali resistenti:<\/b><br \/>\nPer alta stabilit\u00e0 e lunga durata<\/td>\n<td><img loading=\"lazy\" decoding=\"async\" src=\"\/wp-content\/uploads\/2024\/12\/icons-noggi_effortless-assembly_blk.svg\" alt=\"Icona che mostra una chiave inglese, simbolo di un montaggio facile e senza sforzo\" width=\"70\" height=\"70\" \/><\/td>\n<td><b>Montaggio facile:<\/b><br \/>\nMontaggio rapido grazie a istruzioni chiare<\/td>\n<\/tr>\n<\/tbody>\n<\/table>\n","protected":false},"featured_media":36414,"comment_status":"open","ping_status":"closed","template":"","meta":{"_acf_changed":false,"inline_featured_image":false},"product_cat":[653],"product_tag":[],"class_list":{"0":"post-36233","1":"product","2":"type-product","3":"status-publish","4":"has-post-thumbnail","6":"product_cat-senza-categoria","8":"first","9":"outofstock","10":"taxable","11":"shipping-taxable","12":"purchasable","13":"product-type-simple"},"acf":[],"yoast_head":"<!-- This site is optimized with the Yoast SEO plugin v25.3 - https:\/\/yoast.com\/wordpress\/plugins\/seo\/ -->\n<title>Amaca con telaio - Il vostro esperto per le gambe del tavolo in metallo<\/title>\n<meta name=\"robots\" content=\"index, follow, max-snippet:-1, max-image-preview:large, max-video-preview:-1\" \/>\n<link rel=\"canonical\" href=\"https:\/\/www.tischbein-metall.de\/it\/prodotto\/amaca-con-telaio\/\" \/>\n<meta property=\"og:locale\" content=\"it_IT\" \/>\n<meta property=\"og:type\" content=\"article\" \/>\n<meta property=\"og:title\" content=\"Amaca con telaio - Il vostro esperto per le gambe del tavolo in metallo\" \/>\n<meta property=\"og:description\" content=\"Design senza tempo: Elegante e adatto a ogni tipo di arredamento  Massimo comfort: Seduta comoda per un relax ottimale    Verniciatura a polvere: Protegge dalla ruggine, dall&#039;aspetto moderno  Indoor &amp; Outdoor: Resistente e adatta a tutte le condizioni atmosferiche    Materiali resistenti: Per alta stabilit\u00e0 e lunga durata  Montaggio facile: Montaggio rapido grazie a istruzioni chiare\" \/>\n<meta property=\"og:url\" content=\"https:\/\/www.tischbein-metall.de\/it\/prodotto\/amaca-con-telaio\/\" \/>\n<meta property=\"og:site_name\" content=\"Il vostro esperto per le gambe del tavolo in metallo\" \/>\n<meta property=\"article:modified_time\" content=\"2025-05-15T20:43:29+00:00\" \/>\n<meta property=\"og:image\" content=\"https:\/\/www.tischbein-metall.de\/wp-content\/uploads\/2025\/02\/tavolo-gamba-amaca-metallo-con-telaio-1-1.jpg\" \/>\n\t<meta property=\"og:image:width\" content=\"1800\" \/>\n\t<meta property=\"og:image:height\" content=\"1800\" \/>\n\t<meta property=\"og:image:type\" content=\"image\/jpeg\" \/>\n<meta name=\"twitter:card\" content=\"summary_large_image\" \/>\n<meta name=\"twitter:label1\" content=\"Tempo di lettura stimato\" \/>\n\t<meta name=\"twitter:data1\" content=\"2 minuti\" \/>\n<script type=\"application\/ld+json\" class=\"yoast-schema-graph\">{\"@context\":\"https:\/\/schema.org\",\"@graph\":[{\"@type\":\"WebPage\",\"@id\":\"https:\/\/www.tischbein-metall.de\/it\/prodotto\/amaca-con-telaio\/\",\"url\":\"https:\/\/www.tischbein-metall.de\/it\/prodotto\/amaca-con-telaio\/\",\"name\":\"Amaca con telaio - Il vostro esperto per le gambe del tavolo in metallo\",\"isPartOf\":{\"@id\":\"https:\/\/www.tischbein-metall.de\/#website\"},\"primaryImageOfPage\":{\"@id\":\"https:\/\/www.tischbein-metall.de\/it\/prodotto\/amaca-con-telaio\/#primaryimage\"},\"image\":{\"@id\":\"https:\/\/www.tischbein-metall.de\/it\/prodotto\/amaca-con-telaio\/#primaryimage\"},\"thumbnailUrl\":\"https:\/\/www.tischbein-metall.de\/wp-content\/uploads\/2025\/02\/tavolo-gamba-amaca-metallo-con-telaio-1-1.jpg\",\"datePublished\":\"2025-02-24T13:36:41+00:00\",\"dateModified\":\"2025-05-15T20:43:29+00:00\",\"breadcrumb\":{\"@id\":\"https:\/\/www.tischbein-metall.de\/it\/prodotto\/amaca-con-telaio\/#breadcrumb\"},\"inLanguage\":\"it-IT\",\"potentialAction\":[{\"@type\":\"ReadAction\",\"target\":[\"https:\/\/www.tischbein-metall.de\/it\/prodotto\/amaca-con-telaio\/\"]}]},{\"@type\":\"ImageObject\",\"inLanguage\":\"it-IT\",\"@id\":\"https:\/\/www.tischbein-metall.de\/it\/prodotto\/amaca-con-telaio\/#primaryimage\",\"url\":\"https:\/\/www.tischbein-metall.de\/wp-content\/uploads\/2025\/02\/tavolo-gamba-amaca-metallo-con-telaio-1-1.jpg\",\"contentUrl\":\"https:\/\/www.tischbein-metall.de\/wp-content\/uploads\/2025\/02\/tavolo-gamba-amaca-metallo-con-telaio-1-1.jpg\",\"width\":1800,\"height\":1800},{\"@type\":\"BreadcrumbList\",\"@id\":\"https:\/\/www.tischbein-metall.de\/it\/prodotto\/amaca-con-telaio\/#breadcrumb\",\"itemListElement\":[{\"@type\":\"ListItem\",\"position\":1,\"name\":\"Pagina iniziale\",\"item\":\"https:\/\/www.tischbein-metall.de\/it\/\"},{\"@type\":\"ListItem\",\"position\":2,\"name\":\"Prodotti\",\"item\":\"https:\/\/www.tischbein-metall.de\/it\/prodotti\/\"},{\"@type\":\"ListItem\",\"position\":3,\"name\":\"Amaca con telaio\"}]},{\"@type\":\"WebSite\",\"@id\":\"https:\/\/www.tischbein-metall.de\/#website\",\"url\":\"https:\/\/www.tischbein-metall.de\/\",\"name\":\"Il vostro esperto per le gambe del tavolo in metallo\",\"description\":\"\",\"potentialAction\":[{\"@type\":\"SearchAction\",\"target\":{\"@type\":\"EntryPoint\",\"urlTemplate\":\"https:\/\/www.tischbein-metall.de\/?s={search_term_string}\"},\"query-input\":{\"@type\":\"PropertyValueSpecification\",\"valueRequired\":true,\"valueName\":\"search_term_string\"}}],\"inLanguage\":\"it-IT\"}]}<\/script>\n<!-- \/ Yoast SEO plugin. -->","yoast_head_json":{"title":"Amaca con telaio - Il vostro esperto per le gambe del tavolo in metallo","robots":{"index":"index","follow":"follow","max-snippet":"max-snippet:-1","max-image-preview":"max-image-preview:large","max-video-preview":"max-video-preview:-1"},"canonical":"https:\/\/www.tischbein-metall.de\/it\/prodotto\/amaca-con-telaio\/","og_locale":"it_IT","og_type":"article","og_title":"Amaca con telaio - Il vostro esperto per le gambe del tavolo in metallo","og_description":"Design senza tempo: Elegante e adatto a ogni tipo di arredamento  Massimo comfort: Seduta comoda per un relax ottimale    Verniciatura a polvere: Protegge dalla ruggine, dall'aspetto moderno  Indoor &amp; Outdoor: Resistente e adatta a tutte le condizioni atmosferiche    Materiali resistenti: Per alta stabilit\u00e0 e lunga durata  Montaggio facile: Montaggio rapido grazie a istruzioni chiare","og_url":"https:\/\/www.tischbein-metall.de\/it\/prodotto\/amaca-con-telaio\/","og_site_name":"Il vostro esperto per le gambe del tavolo in metallo","article_modified_time":"2025-05-15T20:43:29+00:00","og_image":[{"width":1800,"height":1800,"url":"https:\/\/www.tischbein-metall.de\/wp-content\/uploads\/2025\/02\/tavolo-gamba-amaca-metallo-con-telaio-1-1.jpg","type":"image\/jpeg"}],"twitter_card":"summary_large_image","twitter_misc":{"Tempo di lettura stimato":"2 minuti"},"schema":{"@context":"https:\/\/schema.org","@graph":[{"@type":"WebPage","@id":"https:\/\/www.tischbein-metall.de\/it\/prodotto\/amaca-con-telaio\/","url":"https:\/\/www.tischbein-metall.de\/it\/prodotto\/amaca-con-telaio\/","name":"Amaca con telaio - Il vostro esperto per le gambe del tavolo in metallo","isPartOf":{"@id":"https:\/\/www.tischbein-metall.de\/#website"},"primaryImageOfPage":{"@id":"https:\/\/www.tischbein-metall.de\/it\/prodotto\/amaca-con-telaio\/#primaryimage"},"image":{"@id":"https:\/\/www.tischbein-metall.de\/it\/prodotto\/amaca-con-telaio\/#primaryimage"},"thumbnailUrl":"https:\/\/www.tischbein-metall.de\/wp-content\/uploads\/2025\/02\/tavolo-gamba-amaca-metallo-con-telaio-1-1.jpg","datePublished":"2025-02-24T13:36:41+00:00","dateModified":"2025-05-15T20:43:29+00:00","breadcrumb":{"@id":"https:\/\/www.tischbein-metall.de\/it\/prodotto\/amaca-con-telaio\/#breadcrumb"},"inLanguage":"it-IT","potentialAction":[{"@type":"ReadAction","target":["https:\/\/www.tischbein-metall.de\/it\/prodotto\/amaca-con-telaio\/"]}]},{"@type":"ImageObject","inLanguage":"it-IT","@id":"https:\/\/www.tischbein-metall.de\/it\/prodotto\/amaca-con-telaio\/#primaryimage","url":"https:\/\/www.tischbein-metall.de\/wp-content\/uploads\/2025\/02\/tavolo-gamba-amaca-metallo-con-telaio-1-1.jpg","contentUrl":"https:\/\/www.tischbein-metall.de\/wp-content\/uploads\/2025\/02\/tavolo-gamba-amaca-metallo-con-telaio-1-1.jpg","width":1800,"height":1800},{"@type":"BreadcrumbList","@id":"https:\/\/www.tischbein-metall.de\/it\/prodotto\/amaca-con-telaio\/#breadcrumb","itemListElement":[{"@type":"ListItem","position":1,"name":"Pagina iniziale","item":"https:\/\/www.tischbein-metall.de\/it\/"},{"@type":"ListItem","position":2,"name":"Prodotti","item":"https:\/\/www.tischbein-metall.de\/it\/prodotti\/"},{"@type":"ListItem","position":3,"name":"Amaca con telaio"}]},{"@type":"WebSite","@id":"https:\/\/www.tischbein-metall.de\/#website","url":"https:\/\/www.tischbein-metall.de\/","name":"Il vostro esperto per le gambe del tavolo in metallo","description":"","potentialAction":[{"@type":"SearchAction","target":{"@type":"EntryPoint","urlTemplate":"https:\/\/www.tischbein-metall.de\/?s={search_term_string}"},"query-input":{"@type":"PropertyValueSpecification","valueRequired":true,"valueName":"search_term_string"}}],"inLanguage":"it-IT"}]}},"_links":{"self":[{"href":"https:\/\/www.tischbein-metall.de\/it\/wp-json\/wp\/v2\/product\/36233","targetHints":{"allow":["GET"]}}],"collection":[{"href":"https:\/\/www.tischbein-metall.de\/it\/wp-json\/wp\/v2\/product"}],"about":[{"href":"https:\/\/www.tischbein-metall.de\/it\/wp-json\/wp\/v2\/types\/product"}],"replies":[{"embeddable":true,"href":"https:\/\/www.tischbein-metall.de\/it\/wp-json\/wp\/v2\/comments?post=36233"}],"version-history":[{"count":5,"href":"https:\/\/www.tischbein-metall.de\/it\/wp-json\/wp\/v2\/product\/36233\/revisions"}],"predecessor-version":[{"id":36426,"href":"https:\/\/www.tischbein-metall.de\/it\/wp-json\/wp\/v2\/product\/36233\/revisions\/36426"}],"wp:featuredmedia":[{"embeddable":true,"href":"https:\/\/www.tischbein-metall.de\/it\/wp-json\/wp\/v2\/media\/36414"}],"wp:attachment":[{"href":"https:\/\/www.tischbein-metall.de\/it\/wp-json\/wp\/v2\/media?parent=36233"}],"wp:term":[{"taxonomy":"product_cat","embeddable":true,"href":"https:\/\/www.tischbein-metall.de\/it\/wp-json\/wp\/v2\/product_cat?post=36233"},{"taxonomy":"product_tag","embeddable":true,"href":"https:\/\/www.tischbein-metall.de\/it\/wp-json\/wp\/v2\/product_tag?post=36233"}],"curies":[{"name":"wp","href":"https:\/\/api.w.org\/{rel}","templated":true}]}}