{"id":14184,"date":"2022-10-06T10:59:21","date_gmt":"2022-10-06T08:59:21","guid":{"rendered":"https:\/\/www.tischbein-metall.de\/?page_id=14184"},"modified":"2025-01-07T09:37:46","modified_gmt":"2025-01-07T08:37:46","slug":"betalings-en-verzendinformatie","status":"publish","type":"page","link":"https:\/\/www.tischbein-metall.de\/nl\/betalings-en-verzendinformatie\/","title":{"rendered":"Betalings- en verzendinformatie"},"content":{"rendered":"\t\t<div data-elementor-type=\"wp-page\" data-elementor-id=\"14184\" class=\"elementor elementor-14184 elementor-11088\">\n\t\t\t\t\t\t<section class=\"elementor-section elementor-top-section elementor-element elementor-element-1e7191f elementor-section-full_width elementor-section-height-default elementor-section-height-default\" data-id=\"1e7191f\" data-element_type=\"section\">\n\t\t\t\t\t\t<div class=\"elementor-container elementor-column-gap-no\">\n\t\t\t\t\t<div class=\"elementor-column elementor-col-100 elementor-top-column elementor-element elementor-element-010eb79\" data-id=\"010eb79\" data-element_type=\"column\">\n\t\t\t<div class=\"elementor-widget-wrap elementor-element-populated\">\n\t\t\t\t\t\t<div class=\"elementor-element elementor-element-e652bfc elementor-widget elementor-widget-heading\" data-id=\"e652bfc\" data-element_type=\"widget\" data-widget_type=\"heading.default\">\n\t\t\t\t<div class=\"elementor-widget-container\">\n\t\t\t<style>\/*! elementor - v3.23.0 - 25-07-2024 *\/\n.elementor-heading-title{padding:0;margin:0;line-height:1}.elementor-widget-heading .elementor-heading-title[class*=elementor-size-]>a{color:inherit;font-size:inherit;line-height:inherit}.elementor-widget-heading .elementor-heading-title.elementor-size-small{font-size:15px}.elementor-widget-heading .elementor-heading-title.elementor-size-medium{font-size:19px}.elementor-widget-heading .elementor-heading-title.elementor-size-large{font-size:29px}.elementor-widget-heading .elementor-heading-title.elementor-size-xl{font-size:39px}.elementor-widget-heading .elementor-heading-title.elementor-size-xxl{font-size:59px}<\/style><h1 class=\"elementor-heading-title elementor-size-default\">Betalings- en verzendinformatie<\/h1>\t\t<\/div>\n\t\t\t\t<\/div>\n\t\t\t\t\t<\/div>\n\t\t<\/div>\n\t\t\t\t\t<\/div>\n\t\t<\/section>\n\t\t<div class=\"elementor-element elementor-element-774f14e9 e-flex e-con-boxed e-con e-parent\" data-id=\"774f14e9\" data-element_type=\"container\">\n\t\t\t\t\t<div class=\"e-con-inner\">\n\t\t\t\t<div class=\"elementor-element elementor-element-2a1db6cc elementor-widget elementor-widget-text-editor\" data-id=\"2a1db6cc\" data-element_type=\"widget\" data-widget_type=\"text-editor.default\">\n\t\t\t\t<div class=\"elementor-widget-container\">\n\t\t\t<style>\/*! elementor - v3.23.0 - 25-07-2024 *\/\n.elementor-widget-text-editor.elementor-drop-cap-view-stacked .elementor-drop-cap{background-color:#69727d;color:#fff}.elementor-widget-text-editor.elementor-drop-cap-view-framed .elementor-drop-cap{color:#69727d;border:3px solid;background-color:transparent}.elementor-widget-text-editor:not(.elementor-drop-cap-view-default) .elementor-drop-cap{margin-top:8px}.elementor-widget-text-editor:not(.elementor-drop-cap-view-default) .elementor-drop-cap-letter{width:1em;height:1em}.elementor-widget-text-editor .elementor-drop-cap{float:left;text-align:center;line-height:1;font-size:50px}.elementor-widget-text-editor .elementor-drop-cap-letter{display:inline-block}<\/style>\t\t\t\t<strong>1. Options de paiement<\/strong>\n<figure class=\"wp-block-image size-large\">\n  <img decoding=\"async\" src=\"https:\/\/www.tischbein-metall.de\/wp-content\/uploads\/2023\/12\/zahlungsarten-2-1024x60-7.png\" alt=\"Modes de Paiement\" width=\"601\" \/>\n<\/figure>\n\n<p>1.1 Pour les livraisons en Allemagne, vous pouvez choisir parmi les options de paiement suivantes, sauf indication contraire dans la description de l&#8217;article :<\/p>\n<ul>\n  <li>Paiement anticip\u00e9 par virement bancaire<\/li>\n  <li>Paypal<\/li>\n  <li>Paypal Express<\/li>\n  <li>Pr\u00e9l\u00e8vement automatique via PayPal<\/li>\n  <li>Paiement par carte de cr\u00e9dit via PayPal<\/li>\n  <li>Achat sur facture via PayPal<\/li>\n  <li>Google Pay via Stripe<\/li>\n  <li>Apple Pay via Stripe<\/li>\n  <li>Paiement par carte de cr\u00e9dit via Stripe<\/li>\n  <li>Bancontact<\/li>\n<\/ul>\n\n<p>1.2 Pour les livraisons \u00e0 l&#8217;\u00e9tranger, nous proposons les options de paiement suivantes, sauf indication contraire dans la description de l&#8217;article :<\/p>\n<ul>\n  <li>Paiement anticip\u00e9 par virement bancaire<\/li>\n  <li>Paypal<\/li>\n  <li>Paypal Express<\/li>\n  <li>Pr\u00e9l\u00e8vement automatique via PayPal<\/li>\n  <li>Paiement par carte de cr\u00e9dit via PayPal<\/li>\n  <li>Achat sur facture via PayPal<\/li>\n  <li>Google Pay via Stripe<\/li>\n  <li>Apple Pay via Stripe<\/li>\n  <li>Paiement par carte de cr\u00e9dit via Stripe<\/li>\n  <li>Bancontact<\/li>\n<\/ul>\n\n<strong>2. Livraison<\/strong>\n<p>2.1 Votre commande sera exp\u00e9di\u00e9e par DPD.<\/p>\n<p>2.2 Nous exp\u00e9dions dans les pays suivants : Allemagne, Autriche, Pays-Bas, Belgique, France, Italie, Portugal, Espagne, Irlande, Danemark, Finlande, Croatie, Su\u00e8de, Luxembourg, Slovaquie, Slov\u00e9nie et R\u00e9publique tch\u00e8que.<\/p>\n\n<strong>3. Frais d&#8217;exp\u00e9dition<\/strong>\n<p>3.1 Les livraisons en Allemagne sont gratuites.<\/p>\n<p>3.2 Pour les livraisons \u00e0 l&#8217;\u00e9tranger, des frais d&#8217;exp\u00e9dition de 4,99 \u20ac \u00e0 99,99 \u20ac par article seront factur\u00e9s en fonction du poids et du nombre de colis du produit respectif. Avant de finaliser votre commande, vous pouvez consulter les frais d&#8217;exp\u00e9dition exacts dans le panier\/\u00e0 la caisse.<\/p>\n<p>3.3 Pour les livraisons transfrontali\u00e8res, des taxes suppl\u00e9mentaires (par exemple, en cas d&#8217;acquisition intracommunautaire) et\/ou des frais, tels que des droits de douane, peuvent \u00eatre appliqu\u00e9s. Ces frais sont \u00e0 votre charge.<\/p>\n\n<strong>4. D\u00e9lai de livraison<\/strong>\n<p>Le d\u00e9lai de livraison pour les livraisons en Allemagne est indiqu\u00e9 sur la page de l&#8217;offre respective. Le d\u00e9but du d\u00e9lai de livraison d\u00e9pend du mode de paiement choisi.<\/p>\n<p>En cas de paiement par PayPal, carte de cr\u00e9dit (PayPal Plus), pr\u00e9l\u00e8vement automatique (PayPal Plus) ou paiement anticip\u00e9, le d\u00e9lai de livraison commence un jour apr\u00e8s l&#8217;instruction de paiement. Pour tous les autres modes de paiement, le d\u00e9lai commence un jour apr\u00e8s la commande.<\/p>\n<p>Pour les livraisons \u00e0 l&#8217;\u00e9tranger, les d\u00e9lais de livraison suivants s&#8217;appliquent :<\/p>\n<ul style=\"list-style-type: none; padding-left: 0;\">\n  <li>Autriche &#8211; 14 jours ouvrables<\/li>\n  <li>Pays-Bas &#8211; 14 jours ouvrables<\/li>\n  <li>Belgique &#8211; 14 jours ouvrables<\/li>\n  <li>France &#8211; 14 jours ouvrables<\/li>\n  <li>Italie &#8211; 14 jours ouvrables<\/li>\n  <li>Portugal &#8211; 14 jours ouvrables<\/li>\n  <li>Espagne &#8211; 14 jours ouvrables<\/li>\n  <li>Irlande &#8211; 14 jours ouvrables<\/li>\n  <li>Danemark &#8211; 14 jours ouvrables<\/li>\n  <li>Finlande &#8211; 14 jours ouvrables<\/li>\n  <li>Croatie &#8211; 14 jours ouvrables<\/li>\n  <li>Su\u00e8de &#8211; 14 jours ouvrables<\/li>\n  <li>Luxembourg &#8211; 14 jours ouvrables<\/li>\n  <li>Slovaquie &#8211; 14 jours ouvrables<\/li>\n  <li>Slov\u00e9nie &#8211; 14 jours ouvrables<\/li>\n  <li>R\u00e9publique tch\u00e8que &#8211; 14 jours ouvrables<\/li>\n<\/ul>\n\n<p>Si le d\u00e9but ou la fin du d\u00e9lai tombe un samedi, un dimanche ou un jour f\u00e9ri\u00e9, le d\u00e9but ou la fin du d\u00e9lai est report\u00e9 au jour ouvrable suivant.<\/p>\n\t\t\t\t\t\t<\/div>\n\t\t\t\t<\/div>\n\t\t\t\t\t<\/div>\n\t\t\t\t<\/div>\n\t\t\t\t<\/div>\n\t\t","protected":false},"excerpt":{"rendered":"<p>Betalings- en verzendinformatie 1. Options de paiement 1.1 Pour les livraisons en Allemagne, vous pouvez choisir parmi les options de paiement suivantes, sauf indication contraire dans la description de l&#8217;article : Paiement anticip\u00e9 par virement bancaire Paypal Paypal Express Pr\u00e9l\u00e8vement automatique via PayPal Paiement par carte de cr\u00e9dit via PayPal Achat sur facture via PayPal [&hellip;]<\/p>\n","protected":false},"author":3,"featured_media":0,"parent":0,"menu_order":0,"comment_status":"closed","ping_status":"closed","template":"","meta":{"_acf_changed":false,"inline_featured_image":false,"footnotes":""},"class_list":["post-14184","page","type-page","status-publish","hentry"],"acf":[],"yoast_head":"<!-- This site is optimized with the Yoast SEO plugin v25.3 - https:\/\/yoast.com\/wordpress\/plugins\/seo\/ -->\n<title>Betalings- en verzendinformatie - Jouw expert in metalen tafelpoten<\/title>\n<meta name=\"description\" content=\"Betalings- en verzendinformatie \u2013 Jouw expert in metalen tafelpoten \u2714\ufe0f Gemaakt in Europa \u2714\ufe0f Topkwaliteit \u2714\ufe0f Snelle &amp; Gratis verzending\" \/>\n<meta name=\"robots\" content=\"index, follow, max-snippet:-1, max-image-preview:large, max-video-preview:-1\" \/>\n<link rel=\"canonical\" href=\"https:\/\/www.tischbein-metall.de\/zahlung-versand\/\" \/>\n<meta property=\"og:locale\" content=\"nl_NL\" \/>\n<meta property=\"og:type\" content=\"article\" \/>\n<meta property=\"og:title\" content=\"Betalings- en verzendinformatie - Jouw expert in metalen tafelpoten\" \/>\n<meta property=\"og:description\" content=\"Betalings- en verzendinformatie \u2013 Jouw expert in metalen tafelpoten \u2714\ufe0f Gemaakt in Europa \u2714\ufe0f Topkwaliteit \u2714\ufe0f Snelle &amp; Gratis verzending\" \/>\n<meta property=\"og:url\" content=\"https:\/\/www.tischbein-metall.de\/zahlung-versand\/\" \/>\n<meta property=\"og:site_name\" content=\"Jouw expert in metalen tafelpoten\" \/>\n<meta property=\"article:modified_time\" content=\"2025-01-07T08:37:46+00:00\" \/>\n<meta property=\"og:image\" content=\"https:\/\/www.tischbein-metall.de\/wp-content\/uploads\/2023\/12\/zahlungsarten-2-1024x60-7.png\" \/>\n<meta name=\"twitter:card\" content=\"summary_large_image\" \/>\n<meta name=\"twitter:label1\" content=\"Geschatte leestijd\" \/>\n\t<meta name=\"twitter:data1\" content=\"3 minuten\" \/>\n<script type=\"application\/ld+json\" class=\"yoast-schema-graph\">{\"@context\":\"https:\/\/schema.org\",\"@graph\":[{\"@type\":\"WebPage\",\"@id\":\"https:\/\/www.tischbein-metall.de\/zahlung-versand\/\",\"url\":\"https:\/\/www.tischbein-metall.de\/zahlung-versand\/\",\"name\":\"Betalings- en verzendinformatie - Jouw expert in metalen tafelpoten\",\"isPartOf\":{\"@id\":\"https:\/\/www.tischbein-metall.de\/#website\"},\"primaryImageOfPage\":{\"@id\":\"https:\/\/www.tischbein-metall.de\/zahlung-versand\/#primaryimage\"},\"image\":{\"@id\":\"https:\/\/www.tischbein-metall.de\/zahlung-versand\/#primaryimage\"},\"thumbnailUrl\":\"https:\/\/www.tischbein-metall.de\/wp-content\/uploads\/2023\/12\/zahlungsarten-2-1024x60-7.png\",\"datePublished\":\"2022-10-06T08:59:21+00:00\",\"dateModified\":\"2025-01-07T08:37:46+00:00\",\"description\":\"Betalings- en verzendinformatie \u2013 Jouw expert in metalen tafelpoten \u2714\ufe0f Gemaakt in Europa \u2714\ufe0f Topkwaliteit \u2714\ufe0f Snelle & Gratis verzending\",\"breadcrumb\":{\"@id\":\"https:\/\/www.tischbein-metall.de\/zahlung-versand\/#breadcrumb\"},\"inLanguage\":\"nl-NL\",\"potentialAction\":[{\"@type\":\"ReadAction\",\"target\":[\"https:\/\/www.tischbein-metall.de\/zahlung-versand\/\"]}]},{\"@type\":\"ImageObject\",\"inLanguage\":\"nl-NL\",\"@id\":\"https:\/\/www.tischbein-metall.de\/zahlung-versand\/#primaryimage\",\"url\":\"https:\/\/www.tischbein-metall.de\/wp-content\/uploads\/2023\/12\/zahlungsarten-2-1024x60-7.png\",\"contentUrl\":\"https:\/\/www.tischbein-metall.de\/wp-content\/uploads\/2023\/12\/zahlungsarten-2-1024x60-7.png\"},{\"@type\":\"BreadcrumbList\",\"@id\":\"https:\/\/www.tischbein-metall.de\/zahlung-versand\/#breadcrumb\",\"itemListElement\":[{\"@type\":\"ListItem\",\"position\":1,\"name\":\"Startpagina\",\"item\":\"https:\/\/www.tischbein-metall.de\/nl\/\"},{\"@type\":\"ListItem\",\"position\":2,\"name\":\"Betalings- en verzendinformatie\"}]},{\"@type\":\"WebSite\",\"@id\":\"https:\/\/www.tischbein-metall.de\/#website\",\"url\":\"https:\/\/www.tischbein-metall.de\/\",\"name\":\"Jouw expert in metalen tafelpoten\",\"description\":\"\",\"potentialAction\":[{\"@type\":\"SearchAction\",\"target\":{\"@type\":\"EntryPoint\",\"urlTemplate\":\"https:\/\/www.tischbein-metall.de\/?s={search_term_string}\"},\"query-input\":{\"@type\":\"PropertyValueSpecification\",\"valueRequired\":true,\"valueName\":\"search_term_string\"}}],\"inLanguage\":\"nl-NL\"}]}<\/script>\n<!-- \/ Yoast SEO plugin. -->","yoast_head_json":{"title":"Betalings- en verzendinformatie - Jouw expert in metalen tafelpoten","description":"Betalings- en verzendinformatie \u2013 Jouw expert in metalen tafelpoten \u2714\ufe0f Gemaakt in Europa \u2714\ufe0f Topkwaliteit \u2714\ufe0f Snelle & Gratis verzending","robots":{"index":"index","follow":"follow","max-snippet":"max-snippet:-1","max-image-preview":"max-image-preview:large","max-video-preview":"max-video-preview:-1"},"canonical":"https:\/\/www.tischbein-metall.de\/zahlung-versand\/","og_locale":"nl_NL","og_type":"article","og_title":"Betalings- en verzendinformatie - Jouw expert in metalen tafelpoten","og_description":"Betalings- en verzendinformatie \u2013 Jouw expert in metalen tafelpoten \u2714\ufe0f Gemaakt in Europa \u2714\ufe0f Topkwaliteit \u2714\ufe0f Snelle & Gratis verzending","og_url":"https:\/\/www.tischbein-metall.de\/zahlung-versand\/","og_site_name":"Jouw expert in metalen tafelpoten","article_modified_time":"2025-01-07T08:37:46+00:00","og_image":[{"url":"https:\/\/www.tischbein-metall.de\/wp-content\/uploads\/2023\/12\/zahlungsarten-2-1024x60-7.png","type":"","width":"","height":""}],"twitter_card":"summary_large_image","twitter_misc":{"Geschatte leestijd":"3 minuten"},"schema":{"@context":"https:\/\/schema.org","@graph":[{"@type":"WebPage","@id":"https:\/\/www.tischbein-metall.de\/zahlung-versand\/","url":"https:\/\/www.tischbein-metall.de\/zahlung-versand\/","name":"Betalings- en verzendinformatie - Jouw expert in metalen tafelpoten","isPartOf":{"@id":"https:\/\/www.tischbein-metall.de\/#website"},"primaryImageOfPage":{"@id":"https:\/\/www.tischbein-metall.de\/zahlung-versand\/#primaryimage"},"image":{"@id":"https:\/\/www.tischbein-metall.de\/zahlung-versand\/#primaryimage"},"thumbnailUrl":"https:\/\/www.tischbein-metall.de\/wp-content\/uploads\/2023\/12\/zahlungsarten-2-1024x60-7.png","datePublished":"2022-10-06T08:59:21+00:00","dateModified":"2025-01-07T08:37:46+00:00","description":"Betalings- en verzendinformatie \u2013 Jouw expert in metalen tafelpoten \u2714\ufe0f Gemaakt in Europa \u2714\ufe0f Topkwaliteit \u2714\ufe0f Snelle & Gratis verzending","breadcrumb":{"@id":"https:\/\/www.tischbein-metall.de\/zahlung-versand\/#breadcrumb"},"inLanguage":"nl-NL","potentialAction":[{"@type":"ReadAction","target":["https:\/\/www.tischbein-metall.de\/zahlung-versand\/"]}]},{"@type":"ImageObject","inLanguage":"nl-NL","@id":"https:\/\/www.tischbein-metall.de\/zahlung-versand\/#primaryimage","url":"https:\/\/www.tischbein-metall.de\/wp-content\/uploads\/2023\/12\/zahlungsarten-2-1024x60-7.png","contentUrl":"https:\/\/www.tischbein-metall.de\/wp-content\/uploads\/2023\/12\/zahlungsarten-2-1024x60-7.png"},{"@type":"BreadcrumbList","@id":"https:\/\/www.tischbein-metall.de\/zahlung-versand\/#breadcrumb","itemListElement":[{"@type":"ListItem","position":1,"name":"Startpagina","item":"https:\/\/www.tischbein-metall.de\/nl\/"},{"@type":"ListItem","position":2,"name":"Betalings- en verzendinformatie"}]},{"@type":"WebSite","@id":"https:\/\/www.tischbein-metall.de\/#website","url":"https:\/\/www.tischbein-metall.de\/","name":"Jouw expert in metalen tafelpoten","description":"","potentialAction":[{"@type":"SearchAction","target":{"@type":"EntryPoint","urlTemplate":"https:\/\/www.tischbein-metall.de\/?s={search_term_string}"},"query-input":{"@type":"PropertyValueSpecification","valueRequired":true,"valueName":"search_term_string"}}],"inLanguage":"nl-NL"}]}},"_links":{"self":[{"href":"https:\/\/www.tischbein-metall.de\/nl\/wp-json\/wp\/v2\/pages\/14184","targetHints":{"allow":["GET"]}}],"collection":[{"href":"https:\/\/www.tischbein-metall.de\/nl\/wp-json\/wp\/v2\/pages"}],"about":[{"href":"https:\/\/www.tischbein-metall.de\/nl\/wp-json\/wp\/v2\/types\/page"}],"author":[{"embeddable":true,"href":"https:\/\/www.tischbein-metall.de\/nl\/wp-json\/wp\/v2\/users\/3"}],"replies":[{"embeddable":true,"href":"https:\/\/www.tischbein-metall.de\/nl\/wp-json\/wp\/v2\/comments?post=14184"}],"version-history":[{"count":101,"href":"https:\/\/www.tischbein-metall.de\/nl\/wp-json\/wp\/v2\/pages\/14184\/revisions"}],"predecessor-version":[{"id":33603,"href":"https:\/\/www.tischbein-metall.de\/nl\/wp-json\/wp\/v2\/pages\/14184\/revisions\/33603"}],"wp:attachment":[{"href":"https:\/\/www.tischbein-metall.de\/nl\/wp-json\/wp\/v2\/media?parent=14184"}],"curies":[{"name":"wp","href":"https:\/\/api.w.org\/{rel}","templated":true}]}}