{"id":14180,"date":"2022-10-06T10:50:08","date_gmt":"2022-10-06T08:50:08","guid":{"rendered":"https:\/\/www.tischbein-metall.de\/?page_id=14180"},"modified":"2025-07-22T01:01:06","modified_gmt":"2025-07-21T23:01:06","slug":"termos-e-condicoes-gerais","status":"publish","type":"page","link":"https:\/\/www.tischbein-metall.de\/pt-pt\/termos-e-condicoes-gerais\/","title":{"rendered":"Termos e condi\u00e7\u00f5es gerais"},"content":{"rendered":"\t\t<div data-elementor-type=\"wp-page\" data-elementor-id=\"14180\" class=\"elementor elementor-14180 elementor-11080\">\n\t\t\t\t<div class=\"elementor-element elementor-element-15541d6a e-flex e-con-boxed e-con e-parent\" data-id=\"15541d6a\" data-element_type=\"container\">\n\t\t\t\t\t<div class=\"e-con-inner\">\n\t\t\t\t<div class=\"elementor-element elementor-element-53532b1f elementor-widget elementor-widget-text-editor\" data-id=\"53532b1f\" data-element_type=\"widget\" data-widget_type=\"text-editor.default\">\n\t\t\t\t<div class=\"elementor-widget-container\">\n\t\t\t<style>\/*! elementor - v3.23.0 - 25-07-2024 *\/\n.elementor-widget-text-editor.elementor-drop-cap-view-stacked .elementor-drop-cap{background-color:#69727d;color:#fff}.elementor-widget-text-editor.elementor-drop-cap-view-framed .elementor-drop-cap{color:#69727d;border:3px solid;background-color:transparent}.elementor-widget-text-editor:not(.elementor-drop-cap-view-default) .elementor-drop-cap{margin-top:8px}.elementor-widget-text-editor:not(.elementor-drop-cap-view-default) .elementor-drop-cap-letter{width:1em;height:1em}.elementor-widget-text-editor .elementor-drop-cap{float:left;text-align:center;line-height:1;font-size:50px}.elementor-widget-text-editor .elementor-drop-cap-letter{display:inline-block}<\/style>\t\t\t\t<div class=\"page-title-wrapper\">\n<h1 class=\"page-title\">Termos e Condi\u00e7\u00f5es Gerais<\/h1>\n<\/div>\n<h2>1.&nbsp;\u00c2mbito de aplica\u00e7\u00e3o<\/h2>\n<p>As seguintes Condi\u00e7\u00f5es Gerais de Venda (CGV) aplicam-se a todas as encomendas efectuadas atrav\u00e9s da nossa loja online por consumidores e empres\u00e1rios.<\/p>\n<p>Os consumidores ou utilizadores s\u00e3o pessoas singulares que actuam fora da sua atividade comercial, industrial, artesanal ou profissional. Os consumidores s\u00e3o tamb\u00e9m pessoas colectivas e entidades n\u00e3o constitu\u00eddas em sociedade que actuam sem fins lucrativos fora da sua atividade comercial, industrial, artesanal ou profissional. Um empres\u00e1rio \u00e9 uma pessoa singular ou colectiva, ou uma empresa com capacidade jur\u00eddica, que actua com um objetivo relacionado com a sua atividade comercial, industrial, artesanal ou profissional.<\/p>\n<p>No que diz respeito aos empres\u00e1rios, opomo-nos \u00e0s condi\u00e7\u00f5es gerais dos nossos clientes que complementem ou contradigam as nossas pr\u00f3prias condi\u00e7\u00f5es gerais. Estas condi\u00e7\u00f5es gerais estrangeiras s\u00f3 fazem parte do contrato se forem expressamente aceites por n\u00f3s.<\/p>\n<p>Traduzido com a vers\u00e3o gratuita do tradutor &#8211; DeepL.com<\/p>\n<h2>2.&nbsp;Partes do contrato, celebra\u00e7\u00e3o do contrato, possibilidades de corre\u00e7\u00e3o<\/h2>\n<p>O contrato de compra \u00e9 celebrado com a K-Sport GmbH (Noggi \u2013 Home Decor Masters \u2013 uma marca da K-Sport GmbH).<\/p>\n<p>Ao colocar os produtos na loja online, apresentamos uma oferta vinculativa para a celebra\u00e7\u00e3o de um contrato relativo a esses produtos. Pode colocar os produtos no carrinho de compras sem compromisso e corrigir as suas entradas antes de enviar a sua encomenda v\u00ednculativa, utilizando as ferramentas de corre\u00e7\u00e3o fornecidas e explicadas durante o processo de encomenda. O contrato \u00e9 celebrado quando aceita a oferta ao clicar no bot\u00e3o de encomenda. Imediatamente ap\u00f3s o envio da encomenda, receber\u00e1 uma confirma\u00e7\u00e3o por e-mail.<\/p>\n<h2>3.&nbsp;Idioma do contrato, armazenamento do texto do contrato<\/h2>\n<p>Os idiomas dispon\u00edveis para a celebra\u00e7\u00e3o do contrato s\u00e3o: Alem\u00e3o, Ingl\u00eas, Franc\u00eas, Holand\u00eas, Espanhol, Italiano.<\/p>\n<p>Armazenamos o texto do contrato e enviamos os dados da encomenda e os nossos TCG em formato de texto. Por raz\u00f5es de seguran\u00e7a, o texto do contrato deixa de estar acess\u00edvel pela Internet.<\/p>\n<h2>4.&nbsp;Condi\u00e7\u00f5es de entrega<\/h2>\n<h3>4.1 Custos de transporte<\/h3>\n<p>Os custos de envio podem ser adicionados aos pre\u00e7os dos produtos indicados para entrega normal. Para mais informa\u00e7\u00f5es sobre os custos de envio, consultar as ofertas.<\/p>\n<h3>4.2 Op\u00e7\u00f5es de entrega<\/h3>\n<p>Enviamos os produtos para o endere\u00e7o de entrega indicado no processo de encomenda.<\/p>\n<p>Fazemos apenas envios por transportadora. N\u00e3o \u00e9 poss\u00edvel a recolha da mercadoria.<\/p>\n<p>N\u00e3o fazemos entregas em esta\u00e7\u00f5es de correios (Packstations).<\/p>\n<h2>5.&nbsp;Pagamento<\/h2>\n<p>Na nossa loja, est\u00e3o dispon\u00edveis as seguintes formas de pagamento:<\/p>\n<p><strong>Pagamento antecipado<\/strong><br>Ao selecionar esta op\u00e7\u00e3o, enviaremos os nossos dados banc\u00e1rios num e-mail separado e expediremos a mercadoria ap\u00f3s a rece\u00e7\u00e3o do pagamento.<\/p>\n<p><strong>Cart\u00e3o de cr\u00e9dito<\/strong><br>Durante o processo de encomenda, introduza os dados do seu cart\u00e3o de cr\u00e9dito. O valor ser\u00e1 debitado imediatamente ap\u00f3s a conclus\u00e3o da encomenda.<\/p>\n<p><strong>Apple Pay<\/strong><br>Para pagar com Apple Pay, deve utilizar o navegador Safari, estar registado na Apple, ter a funcionalidade Apple Pay ativada, autenticar-se e confirmar a instru\u00e7\u00e3o de pagamento.<\/p>\n<p><strong>Google Pay<\/strong><br>Para pagar com Google Pay, deve estar registado no Google, ter a funcionalidade Google Pay ativada, autenticar-se e confirmar a instru\u00e7\u00e3o de pagamento.<\/p>\n<p><strong>Klarna<\/strong><br>Em coopera\u00e7\u00e3o com Klarna, oferecemos as seguintes op\u00e7\u00f5es de pagamento. O pagamento via Klarna est\u00e1 dispon\u00edvel apenas para consumidores.<\/p>\n<p style=\"margin-left: 40px;\"><strong>Compra a presta\u00e7\u00f5es via Klarna<\/strong><br>Pode pagar em presta\u00e7\u00f5es mensais m\u00ednimas de 1\/24 do valor total (valor m\u00ednimo: 6,95 euros).<\/p>\n<p><strong>PayPal, PayPal Express<\/strong><br>Para pagar via PayPal, deve estar registado, autenticar-se e confirmar a instru\u00e7\u00e3o de pagamento.<\/p>\n<p><strong>Sofort by Klarna<\/strong><br>Para pagar via Sofort, deve ter uma conta banc\u00e1ria habilitada para pagamentos online, autenticar-se e confirmar a instru\u00e7\u00e3o de pagamento.<\/p>\n<p><strong>Stripe Payments Europe, Limited (SPEL)<\/strong><br>Op\u00e7\u00f5es de pagamento: Cart\u00e3o de cr\u00e9dito, Link, Bancontact, Ideal, Sofort.<\/p>\n<h2>6. Direito de retrata\u00e7\u00e3o<\/h2>\n<div>\n<p>Os consumidores podem exercer o direito legal de retrata\u00e7\u00e3o tal como descrito nas instru\u00e7\u00f5es sobre o direito de retrata\u00e7\u00e3o. N\u00e3o concedemos um direito de retrata\u00e7\u00e3o volunt\u00e1rio aos empres\u00e1rios.<\/p>\n<\/div>\n<h2>7. Garantia e responsabilidade por defeitos<\/h2>\n<h3>7.1 Direito \u00e0 responsabilidade por defeitos<\/h3>\n<p>Aplica-se a legisla\u00e7\u00e3o em vigor sobre responsabilidade por defeitos.<\/p>\n<h3>7.2 Garantias e servi\u00e7o ao cliente<\/h3>\n<p>Informa\u00e7\u00f5es sobre garantias adicionais e suas condi\u00e7\u00f5es podem ser encontradas junto ao produto e em p\u00e1ginas espec\u00edficas da loja online.<\/p>\n<h2>8. Resolu\u00e7\u00e3o de lit\u00edgios<\/h2>\n<p>N\u00e3o somos obrigados nem estamos dispostos a participar num processo de resolu\u00e7\u00e3o de lit\u00edgios perante um organismo de arbitragem.<\/p>\n<h2>9. Disposiciones finales<\/h2>\n<p>Se for um empres\u00e1rio, aplica-se o direito alem\u00e3o. A Conven\u00e7\u00e3o das Na\u00e7\u00f5es Unidas sobre os Contratos de Compra e Venda Internacional de Mercadorias n\u00e3o \u00e9 aplic\u00e1vel.<\/p>\n<p>Se o utilizador for um empres\u00e1rio na ace\u00e7\u00e3o do C\u00f3digo Comercial Alem\u00e3o (Handelsgesetzbuch HGB), uma pessoa colectiva ou um fundo especial de direito p\u00fablico, a jurisdi\u00e7\u00e3o exclusiva para quaisquer lit\u00edgios decorrentes do contrato entre o utilizador e n\u00f3s ser\u00e1 o domic\u00edlio da nossa empresa.<\/p>\n<p>Se determinadas disposi\u00e7\u00f5es das presentes Condi\u00e7\u00f5es Gerais forem ou se tornarem inv\u00e1lidas, no todo ou em parte, tal n\u00e3o invalidar\u00e1 o contrato na sua totalidade, se este puder subsistir sem essas disposi\u00e7\u00f5es. A parte do contrato afetada pela n\u00e3o incorpora\u00e7\u00e3o ou invalidade ser\u00e1 integrada de acordo com as disposi\u00e7\u00f5es legais.<\/p>\n<p><\/p>\t\t\t\t\t\t<\/div>\n\t\t\t\t<\/div>\n\t\t\t\t\t<\/div>\n\t\t\t\t<\/div>\n\t\t\t\t<\/div>\n\t\t","protected":false},"excerpt":{"rendered":"<p>Termos e Condi\u00e7\u00f5es Gerais 1.&nbsp;\u00c2mbito de aplica\u00e7\u00e3o As seguintes Condi\u00e7\u00f5es Gerais de Venda (CGV) aplicam-se a todas as encomendas efectuadas atrav\u00e9s da nossa loja online por consumidores e empres\u00e1rios. Os consumidores ou utilizadores s\u00e3o pessoas singulares que actuam fora da sua atividade comercial, industrial, artesanal ou profissional. Os consumidores s\u00e3o tamb\u00e9m pessoas colectivas e entidades [&hellip;]<\/p>\n","protected":false},"author":3,"featured_media":0,"parent":0,"menu_order":0,"comment_status":"closed","ping_status":"closed","template":"","meta":{"_acf_changed":false,"inline_featured_image":false,"footnotes":""},"class_list":["post-14180","page","type-page","status-publish","hentry"],"acf":[],"yoast_head":"<!-- This site is optimized with the Yoast SEO plugin v25.3 - https:\/\/yoast.com\/wordpress\/plugins\/seo\/ -->\n<title>Termos e condi\u00e7\u00f5es gerais<\/title>\n<meta name=\"description\" content=\"Termos e condi\u00e7\u00f5es gerais - Seu especialista em p\u00e9s de mesa de metal \u2714\ufe0f Fabricado na Europa \u2714\ufe0f Qualidade excecional \u2714\ufe0f Entrega r\u00e1pida e gratuita\" \/>\n<meta name=\"robots\" content=\"index, follow, max-snippet:-1, max-image-preview:large, max-video-preview:-1\" \/>\n<link rel=\"canonical\" href=\"https:\/\/www.tischbein-metall.de\/agb\/\" \/>\n<meta property=\"og:locale\" content=\"pt_PT\" \/>\n<meta property=\"og:type\" content=\"article\" \/>\n<meta property=\"og:title\" content=\"Termos e condi\u00e7\u00f5es gerais\" \/>\n<meta property=\"og:description\" content=\"Termos e condi\u00e7\u00f5es gerais - Seu especialista em p\u00e9s de mesa de metal \u2714\ufe0f Fabricado na Europa \u2714\ufe0f Qualidade excecional \u2714\ufe0f Entrega r\u00e1pida e gratuita\" \/>\n<meta property=\"og:url\" content=\"https:\/\/www.tischbein-metall.de\/agb\/\" \/>\n<meta property=\"og:site_name\" content=\"O seu especialista em p\u00e9s de mesa met\u00e1licos\" \/>\n<meta property=\"article:modified_time\" content=\"2025-07-21T23:01:06+00:00\" \/>\n<meta name=\"twitter:card\" content=\"summary_large_image\" \/>\n<meta name=\"twitter:label1\" content=\"Tempo estimado de leitura\" \/>\n\t<meta name=\"twitter:data1\" content=\"5 minutos\" \/>\n<script type=\"application\/ld+json\" class=\"yoast-schema-graph\">{\"@context\":\"https:\/\/schema.org\",\"@graph\":[{\"@type\":\"WebPage\",\"@id\":\"https:\/\/www.tischbein-metall.de\/agb\/\",\"url\":\"https:\/\/www.tischbein-metall.de\/agb\/\",\"name\":\"Termos e condi\u00e7\u00f5es gerais\",\"isPartOf\":{\"@id\":\"https:\/\/www.tischbein-metall.de\/#website\"},\"datePublished\":\"2022-10-06T08:50:08+00:00\",\"dateModified\":\"2025-07-21T23:01:06+00:00\",\"description\":\"Termos e condi\u00e7\u00f5es gerais - Seu especialista em p\u00e9s de mesa de metal \u2714\ufe0f Fabricado na Europa \u2714\ufe0f Qualidade excecional \u2714\ufe0f Entrega r\u00e1pida e gratuita\",\"breadcrumb\":{\"@id\":\"https:\/\/www.tischbein-metall.de\/agb\/#breadcrumb\"},\"inLanguage\":\"pt-PT\",\"potentialAction\":[{\"@type\":\"ReadAction\",\"target\":[\"https:\/\/www.tischbein-metall.de\/agb\/\"]}]},{\"@type\":\"BreadcrumbList\",\"@id\":\"https:\/\/www.tischbein-metall.de\/agb\/#breadcrumb\",\"itemListElement\":[{\"@type\":\"ListItem\",\"position\":1,\"name\":\"P\u00e1gina inicial\",\"item\":\"https:\/\/www.tischbein-metall.de\/pt-pt\/\"},{\"@type\":\"ListItem\",\"position\":2,\"name\":\"Termos e condi\u00e7\u00f5es gerais\"}]},{\"@type\":\"WebSite\",\"@id\":\"https:\/\/www.tischbein-metall.de\/#website\",\"url\":\"https:\/\/www.tischbein-metall.de\/\",\"name\":\"O seu especialista em p\u00e9s de mesa met\u00e1licos\",\"description\":\"\",\"potentialAction\":[{\"@type\":\"SearchAction\",\"target\":{\"@type\":\"EntryPoint\",\"urlTemplate\":\"https:\/\/www.tischbein-metall.de\/?s={search_term_string}\"},\"query-input\":{\"@type\":\"PropertyValueSpecification\",\"valueRequired\":true,\"valueName\":\"search_term_string\"}}],\"inLanguage\":\"pt-PT\"}]}<\/script>\n<!-- \/ Yoast SEO plugin. -->","yoast_head_json":{"title":"Termos e condi\u00e7\u00f5es gerais","description":"Termos e condi\u00e7\u00f5es gerais - Seu especialista em p\u00e9s de mesa de metal \u2714\ufe0f Fabricado na Europa \u2714\ufe0f Qualidade excecional \u2714\ufe0f Entrega r\u00e1pida e gratuita","robots":{"index":"index","follow":"follow","max-snippet":"max-snippet:-1","max-image-preview":"max-image-preview:large","max-video-preview":"max-video-preview:-1"},"canonical":"https:\/\/www.tischbein-metall.de\/agb\/","og_locale":"pt_PT","og_type":"article","og_title":"Termos e condi\u00e7\u00f5es gerais","og_description":"Termos e condi\u00e7\u00f5es gerais - Seu especialista em p\u00e9s de mesa de metal \u2714\ufe0f Fabricado na Europa \u2714\ufe0f Qualidade excecional \u2714\ufe0f Entrega r\u00e1pida e gratuita","og_url":"https:\/\/www.tischbein-metall.de\/agb\/","og_site_name":"O seu especialista em p\u00e9s de mesa met\u00e1licos","article_modified_time":"2025-07-21T23:01:06+00:00","twitter_card":"summary_large_image","twitter_misc":{"Tempo estimado de leitura":"5 minutos"},"schema":{"@context":"https:\/\/schema.org","@graph":[{"@type":"WebPage","@id":"https:\/\/www.tischbein-metall.de\/agb\/","url":"https:\/\/www.tischbein-metall.de\/agb\/","name":"Termos e condi\u00e7\u00f5es gerais","isPartOf":{"@id":"https:\/\/www.tischbein-metall.de\/#website"},"datePublished":"2022-10-06T08:50:08+00:00","dateModified":"2025-07-21T23:01:06+00:00","description":"Termos e condi\u00e7\u00f5es gerais - Seu especialista em p\u00e9s de mesa de metal \u2714\ufe0f Fabricado na Europa \u2714\ufe0f Qualidade excecional \u2714\ufe0f Entrega r\u00e1pida e gratuita","breadcrumb":{"@id":"https:\/\/www.tischbein-metall.de\/agb\/#breadcrumb"},"inLanguage":"pt-PT","potentialAction":[{"@type":"ReadAction","target":["https:\/\/www.tischbein-metall.de\/agb\/"]}]},{"@type":"BreadcrumbList","@id":"https:\/\/www.tischbein-metall.de\/agb\/#breadcrumb","itemListElement":[{"@type":"ListItem","position":1,"name":"P\u00e1gina inicial","item":"https:\/\/www.tischbein-metall.de\/pt-pt\/"},{"@type":"ListItem","position":2,"name":"Termos e condi\u00e7\u00f5es gerais"}]},{"@type":"WebSite","@id":"https:\/\/www.tischbein-metall.de\/#website","url":"https:\/\/www.tischbein-metall.de\/","name":"O seu especialista em p\u00e9s de mesa met\u00e1licos","description":"","potentialAction":[{"@type":"SearchAction","target":{"@type":"EntryPoint","urlTemplate":"https:\/\/www.tischbein-metall.de\/?s={search_term_string}"},"query-input":{"@type":"PropertyValueSpecification","valueRequired":true,"valueName":"search_term_string"}}],"inLanguage":"pt-PT"}]}},"_links":{"self":[{"href":"https:\/\/www.tischbein-metall.de\/pt-pt\/wp-json\/wp\/v2\/pages\/14180","targetHints":{"allow":["GET"]}}],"collection":[{"href":"https:\/\/www.tischbein-metall.de\/pt-pt\/wp-json\/wp\/v2\/pages"}],"about":[{"href":"https:\/\/www.tischbein-metall.de\/pt-pt\/wp-json\/wp\/v2\/types\/page"}],"author":[{"embeddable":true,"href":"https:\/\/www.tischbein-metall.de\/pt-pt\/wp-json\/wp\/v2\/users\/3"}],"replies":[{"embeddable":true,"href":"https:\/\/www.tischbein-metall.de\/pt-pt\/wp-json\/wp\/v2\/comments?post=14180"}],"version-history":[{"count":18,"href":"https:\/\/www.tischbein-metall.de\/pt-pt\/wp-json\/wp\/v2\/pages\/14180\/revisions"}],"predecessor-version":[{"id":44337,"href":"https:\/\/www.tischbein-metall.de\/pt-pt\/wp-json\/wp\/v2\/pages\/14180\/revisions\/44337"}],"wp:attachment":[{"href":"https:\/\/www.tischbein-metall.de\/pt-pt\/wp-json\/wp\/v2\/media?parent=14180"}],"curies":[{"name":"wp","href":"https:\/\/api.w.org\/{rel}","templated":true}]}}