{"id":14213,"date":"2022-10-06T10:59:21","date_gmt":"2022-10-06T08:59:21","guid":{"rendered":"https:\/\/www.tischbein-metall.de\/?page_id=14213"},"modified":"2025-01-02T12:12:55","modified_gmt":"2025-01-02T11:12:55","slug":"informacoes-de-pagamento-e-envio","status":"publish","type":"page","link":"https:\/\/www.tischbein-metall.de\/pt-pt\/informacoes-de-pagamento-e-envio\/","title":{"rendered":"Informa\u00e7\u00f5es de Pagamento e Envio"},"content":{"rendered":"\t\t<div data-elementor-type=\"wp-page\" data-elementor-id=\"14213\" class=\"elementor elementor-14213 elementor-11088\">\n\t\t\t\t\t\t<section class=\"elementor-section elementor-top-section elementor-element elementor-element-c2c6b16 elementor-section-full_width elementor-section-height-default elementor-section-height-default\" data-id=\"c2c6b16\" data-element_type=\"section\">\n\t\t\t\t\t\t<div class=\"elementor-container elementor-column-gap-no\">\n\t\t\t\t\t<div class=\"elementor-column elementor-col-100 elementor-top-column elementor-element elementor-element-e707468\" data-id=\"e707468\" data-element_type=\"column\">\n\t\t\t<div class=\"elementor-widget-wrap elementor-element-populated\">\n\t\t\t\t\t\t<div class=\"elementor-element elementor-element-e93f96b elementor-widget elementor-widget-heading\" data-id=\"e93f96b\" data-element_type=\"widget\" data-widget_type=\"heading.default\">\n\t\t\t\t<div class=\"elementor-widget-container\">\n\t\t\t<style>\/*! elementor - v3.23.0 - 25-07-2024 *\/\n.elementor-heading-title{padding:0;margin:0;line-height:1}.elementor-widget-heading .elementor-heading-title[class*=elementor-size-]>a{color:inherit;font-size:inherit;line-height:inherit}.elementor-widget-heading .elementor-heading-title.elementor-size-small{font-size:15px}.elementor-widget-heading .elementor-heading-title.elementor-size-medium{font-size:19px}.elementor-widget-heading .elementor-heading-title.elementor-size-large{font-size:29px}.elementor-widget-heading .elementor-heading-title.elementor-size-xl{font-size:39px}.elementor-widget-heading .elementor-heading-title.elementor-size-xxl{font-size:59px}<\/style><h1 class=\"elementor-heading-title elementor-size-default\">Informa\u00e7\u00f5es de Pagamento e Envio<\/h1>\t\t<\/div>\n\t\t\t\t<\/div>\n\t\t\t\t\t<\/div>\n\t\t<\/div>\n\t\t\t\t\t<\/div>\n\t\t<\/section>\n\t\t<div class=\"elementor-element elementor-element-205e943 e-flex e-con-boxed e-con e-parent\" data-id=\"205e943\" data-element_type=\"container\">\n\t\t\t\t\t<div class=\"e-con-inner\">\n\t\t\t\t<div class=\"elementor-element elementor-element-51738402 elementor-widget elementor-widget-text-editor\" data-id=\"51738402\" data-element_type=\"widget\" data-widget_type=\"text-editor.default\">\n\t\t\t\t<div class=\"elementor-widget-container\">\n\t\t\t<style>\/*! elementor - v3.23.0 - 25-07-2024 *\/\n.elementor-widget-text-editor.elementor-drop-cap-view-stacked .elementor-drop-cap{background-color:#69727d;color:#fff}.elementor-widget-text-editor.elementor-drop-cap-view-framed .elementor-drop-cap{color:#69727d;border:3px solid;background-color:transparent}.elementor-widget-text-editor:not(.elementor-drop-cap-view-default) .elementor-drop-cap{margin-top:8px}.elementor-widget-text-editor:not(.elementor-drop-cap-view-default) .elementor-drop-cap-letter{width:1em;height:1em}.elementor-widget-text-editor .elementor-drop-cap{float:left;text-align:center;line-height:1;font-size:50px}.elementor-widget-text-editor .elementor-drop-cap-letter{display:inline-block}<\/style>\t\t\t\t<p><strong>1. Op\u00e7\u00f5es de Pagamento<\/strong><\/p>\n<figure class=\"wp-block-image size-large\"><img decoding=\"async\" src=\"https:\/\/www.tischbein-metall.de\/wp-content\/uploads\/2023\/12\/zahlungsarten-2-1024x60-7.png\" alt=\"Metodos de pagamento\" width=\"601\" \/><\/figure>\n<p>1.1 Para entregas na Alemanha, voc\u00ea pode escolher entre as seguintes op\u00e7\u00f5es de pagamento, a menos que seja indicado algo diferente na descri\u00e7\u00e3o do produto:<\/p>\n<ul>\n \t<li>Pagamento antecipado por transfer\u00eancia banc\u00e1ria<\/li>\n \t<li>Paypal<\/li>\n \t<li>Paypal Express<\/li>\n \t<li>D\u00e9bito direto via Paypal<\/li>\n \t<li>Pagamento com cart\u00e3o de cr\u00e9dito via Paypal<\/li>\n \t<li>Compra faturada via Paypal<\/li>\n \t<li>Google Pay via Stripe<\/li>\n \t<li>Apple Pay via Stripe<\/li>\n \t<li>Pagamento com cart\u00e3o de cr\u00e9dito via Stripe<\/li>\n \t<li>Bancontact<\/li>\n<\/ul>\n<p>1.2 Para entregas no exterior, oferecemos as seguintes op\u00e7\u00f5es de pagamento, a menos que seja indicado algo diferente na descri\u00e7\u00e3o do produto:<\/p>\n<ul>\n \t<li>Pagamento antecipado por transfer\u00eancia banc\u00e1ria<\/li>\n \t<li>Paypal<\/li>\n \t<li>Paypal Express<\/li>\n \t<li>D\u00e9bito direto via Paypal<\/li>\n \t<li>Pagamento com cart\u00e3o de cr\u00e9dito via Paypal<\/li>\n \t<li>Compra faturada via Paypal<\/li>\n \t<li>Google Pay via Stripe<\/li>\n \t<li>Apple Pay via Stripe<\/li>\n \t<li>Pagamento com cart\u00e3o de cr\u00e9dito via Stripe<\/li>\n \t<li>Bancontact<\/li>\n<\/ul>\n<p><strong>2. Envio<\/strong><\/p>\n\n<p>2.1 Seu pedido ser\u00e1 enviado atrav\u00e9s da DPD<br \/>\n2.2 Enviamos para os seguintes pa\u00edses: Alemanha, \u00c1ustria, Pa\u00edses Baixos, B\u00e9lgica, Fran\u00e7a, It\u00e1lia, Portugal, Espanha, Irlanda, Dinamarca, Finl\u00e2ndia, Cro\u00e1cia, Su\u00e9cia, Luxemburgo, Eslov\u00e1quia, Eslov\u00e9nia e Rep\u00fablica Checa.<\/p>\n<p><strong>3. Custos de Envio<\/strong><\/p>\n\n<p>3.1 Dentro da Alemanha, a entrega \u00e9 gratuita.<br \/>\n3.2 Para envios internacionais, dependendo do peso e quantidade de pacotes do produto em quest\u00e3o, ser\u00e3o aplicadas taxas de envio de \u20ac4,99 a \u20ac99,99 por item. Antes de concluir seu pedido, voc\u00ea pode verificar os custos de envio exatos no carrinho de compras\/caixa.<br \/>\n3.3 Para entregas transfronteiri\u00e7as, podem ser aplicados impostos adicionais (por exemplo, em caso de aquisi\u00e7\u00e3o intracomunit\u00e1ria) e\/ou taxas, como tarifas alfandeg\u00e1rias. Estes ser\u00e3o de sua responsabilidade.<\/p>\n\n<p><strong>4. Prazo de Entrega<\/strong><\/p>\n\n<p>O prazo de entrega para entregas dentro da Alemanha ser\u00e1 indicado na p\u00e1gina de oferta correspondente. O in\u00edcio do prazo de entrega \u00e9 determinado pelo m\u00e9todo de pagamento escolhido.\nPara pagamentos via PayPal, cart\u00e3o de cr\u00e9dito (PayPal Plus), d\u00e9bito direto (PayPal Plus) ou pagamento antecipado, o prazo de entrega come\u00e7a um dia ap\u00f3s a confirma\u00e7\u00e3o do pagamento. Para todos os outros m\u00e9todos de pagamento, o prazo come\u00e7a um dia ap\u00f3s o pedido ser realizado.\nPara entregas fora da Alemanha, os seguintes prazos de entrega se aplicam:<\/p>\n<ul>\n \t<li>\u00c1ustria &#8211; 14 dias \u00fateis<\/li>\n \t<li>Pa\u00edses Baixos &#8211; 14 dias \u00fateis<\/li>\n \t<li>B\u00e9lgica &#8211; 14 dias \u00fateis<\/li>\n \t<li>Fran\u00e7a &#8211; 14 dias \u00fateis<\/li>\n \t<li>It\u00e1lia &#8211; 14 dias \u00fateis<\/li>\n \t<li>Portugal &#8211; 14 dias \u00fateis<\/li>\n \t<li>Espanha &#8211; 14 dias \u00fateis<\/li>\n \t<li>Irlanda &#8211; 14 dias \u00fateis<\/li>\n \t<li>Dinamarca &#8211; 14 dias \u00fateis<\/li>\n \t<li>Finl\u00e2ndia &#8211; 14 dias \u00fateis<\/li>\n \t<li>Cro\u00e1cia &#8211; 14 dias \u00fateis<\/li>\n \t<li>Su\u00e9cia &#8211; 14 dias \u00fateis<\/li>\n \t<li>Luxemburgo &#8211; 14 dias \u00fateis<\/li>\n \t<li>Eslov\u00e1quia &#8211; 14 dias \u00fateis<\/li>\n \t<li>Eslov\u00e9nia &#8211; 14 dias \u00fateis<\/li>\n \t<li>Rep\u00fablica Checa &#8211; 14 dias \u00fateis<\/li>\n<\/ul>\n<p>Se o in\u00edcio ou o t\u00e9rmino do prazo cair em um s\u00e1bado, domingo ou feriado, o in\u00edcio ou t\u00e9rmino do prazo ser\u00e1 adiado para o pr\u00f3ximo dia \u00fatil.<\/p>\t\t\t\t\t\t<\/div>\n\t\t\t\t<\/div>\n\t\t\t\t\t<\/div>\n\t\t\t\t<\/div>\n\t\t\t\t<\/div>\n\t\t","protected":false},"excerpt":{"rendered":"<p>Informa\u00e7\u00f5es de Pagamento e Envio 1. Op\u00e7\u00f5es de Pagamento 1.1 Para entregas na Alemanha, voc\u00ea pode escolher entre as seguintes op\u00e7\u00f5es de pagamento, a menos que seja indicado algo diferente na descri\u00e7\u00e3o do produto: Pagamento antecipado por transfer\u00eancia banc\u00e1ria Paypal Paypal Express D\u00e9bito direto via Paypal Pagamento com cart\u00e3o de cr\u00e9dito via Paypal Compra faturada [&hellip;]<\/p>\n","protected":false},"author":3,"featured_media":0,"parent":0,"menu_order":0,"comment_status":"closed","ping_status":"closed","template":"","meta":{"_acf_changed":false,"inline_featured_image":false,"footnotes":""},"class_list":["post-14213","page","type-page","status-publish","hentry"],"acf":[],"yoast_head":"<!-- This site is optimized with the Yoast SEO plugin v25.3 - https:\/\/yoast.com\/wordpress\/plugins\/seo\/ -->\n<title>Pagamento e envio - Seu especialista em p\u00e9s de mesa de metal<\/title>\n<meta name=\"description\" content=\"Pagamento e envio \u2013 Seu especialista em p\u00e9s de mesa de metal \u2714\ufe0f Fabricado na Europa \u2714\ufe0f Qualidade excecional \u2714\ufe0f Entrega r\u00e1pida e gratuita\" \/>\n<meta name=\"robots\" content=\"index, follow, max-snippet:-1, max-image-preview:large, max-video-preview:-1\" \/>\n<link rel=\"canonical\" href=\"https:\/\/www.tischbein-metall.de\/zahlung-versand\/\" \/>\n<meta property=\"og:locale\" content=\"pt_PT\" \/>\n<meta property=\"og:type\" content=\"article\" \/>\n<meta property=\"og:title\" content=\"Pagamento e envio - Seu especialista em p\u00e9s de mesa de metal\" \/>\n<meta property=\"og:description\" content=\"Pagamento e envio \u2013 Seu especialista em p\u00e9s de mesa de metal \u2714\ufe0f Fabricado na Europa \u2714\ufe0f Qualidade excecional \u2714\ufe0f Entrega r\u00e1pida e gratuita\" \/>\n<meta property=\"og:url\" content=\"https:\/\/www.tischbein-metall.de\/zahlung-versand\/\" \/>\n<meta property=\"og:site_name\" content=\"O seu especialista em p\u00e9s de mesa met\u00e1licos\" \/>\n<meta property=\"article:modified_time\" content=\"2025-01-02T11:12:55+00:00\" \/>\n<meta property=\"og:image\" content=\"https:\/\/www.tischbein-metall.de\/wp-content\/uploads\/2023\/12\/zahlungsarten-2-1024x60-7.png\" \/>\n<meta name=\"twitter:card\" content=\"summary_large_image\" \/>\n<meta name=\"twitter:label1\" content=\"Tempo estimado de leitura\" \/>\n\t<meta name=\"twitter:data1\" content=\"3 minutos\" \/>\n<script type=\"application\/ld+json\" class=\"yoast-schema-graph\">{\"@context\":\"https:\/\/schema.org\",\"@graph\":[{\"@type\":\"WebPage\",\"@id\":\"https:\/\/www.tischbein-metall.de\/zahlung-versand\/\",\"url\":\"https:\/\/www.tischbein-metall.de\/zahlung-versand\/\",\"name\":\"Pagamento e envio - Seu especialista em p\u00e9s de mesa de metal\",\"isPartOf\":{\"@id\":\"https:\/\/www.tischbein-metall.de\/#website\"},\"primaryImageOfPage\":{\"@id\":\"https:\/\/www.tischbein-metall.de\/zahlung-versand\/#primaryimage\"},\"image\":{\"@id\":\"https:\/\/www.tischbein-metall.de\/zahlung-versand\/#primaryimage\"},\"thumbnailUrl\":\"https:\/\/www.tischbein-metall.de\/wp-content\/uploads\/2023\/12\/zahlungsarten-2-1024x60-7.png\",\"datePublished\":\"2022-10-06T08:59:21+00:00\",\"dateModified\":\"2025-01-02T11:12:55+00:00\",\"description\":\"Pagamento e envio \u2013 Seu especialista em p\u00e9s de mesa de metal \u2714\ufe0f Fabricado na Europa \u2714\ufe0f Qualidade excecional \u2714\ufe0f Entrega r\u00e1pida e gratuita\",\"breadcrumb\":{\"@id\":\"https:\/\/www.tischbein-metall.de\/zahlung-versand\/#breadcrumb\"},\"inLanguage\":\"pt-PT\",\"potentialAction\":[{\"@type\":\"ReadAction\",\"target\":[\"https:\/\/www.tischbein-metall.de\/zahlung-versand\/\"]}]},{\"@type\":\"ImageObject\",\"inLanguage\":\"pt-PT\",\"@id\":\"https:\/\/www.tischbein-metall.de\/zahlung-versand\/#primaryimage\",\"url\":\"https:\/\/www.tischbein-metall.de\/wp-content\/uploads\/2023\/12\/zahlungsarten-2-1024x60-7.png\",\"contentUrl\":\"https:\/\/www.tischbein-metall.de\/wp-content\/uploads\/2023\/12\/zahlungsarten-2-1024x60-7.png\"},{\"@type\":\"BreadcrumbList\",\"@id\":\"https:\/\/www.tischbein-metall.de\/zahlung-versand\/#breadcrumb\",\"itemListElement\":[{\"@type\":\"ListItem\",\"position\":1,\"name\":\"P\u00e1gina inicial\",\"item\":\"https:\/\/www.tischbein-metall.de\/pt-pt\/\"},{\"@type\":\"ListItem\",\"position\":2,\"name\":\"Informa\u00e7\u00f5es de Pagamento e Envio\"}]},{\"@type\":\"WebSite\",\"@id\":\"https:\/\/www.tischbein-metall.de\/#website\",\"url\":\"https:\/\/www.tischbein-metall.de\/\",\"name\":\"O seu especialista em p\u00e9s de mesa met\u00e1licos\",\"description\":\"\",\"potentialAction\":[{\"@type\":\"SearchAction\",\"target\":{\"@type\":\"EntryPoint\",\"urlTemplate\":\"https:\/\/www.tischbein-metall.de\/?s={search_term_string}\"},\"query-input\":{\"@type\":\"PropertyValueSpecification\",\"valueRequired\":true,\"valueName\":\"search_term_string\"}}],\"inLanguage\":\"pt-PT\"}]}<\/script>\n<!-- \/ Yoast SEO plugin. -->","yoast_head_json":{"title":"Pagamento e envio - Seu especialista em p\u00e9s de mesa de metal","description":"Pagamento e envio \u2013 Seu especialista em p\u00e9s de mesa de metal \u2714\ufe0f Fabricado na Europa \u2714\ufe0f Qualidade excecional \u2714\ufe0f Entrega r\u00e1pida e gratuita","robots":{"index":"index","follow":"follow","max-snippet":"max-snippet:-1","max-image-preview":"max-image-preview:large","max-video-preview":"max-video-preview:-1"},"canonical":"https:\/\/www.tischbein-metall.de\/zahlung-versand\/","og_locale":"pt_PT","og_type":"article","og_title":"Pagamento e envio - Seu especialista em p\u00e9s de mesa de metal","og_description":"Pagamento e envio \u2013 Seu especialista em p\u00e9s de mesa de metal \u2714\ufe0f Fabricado na Europa \u2714\ufe0f Qualidade excecional \u2714\ufe0f Entrega r\u00e1pida e gratuita","og_url":"https:\/\/www.tischbein-metall.de\/zahlung-versand\/","og_site_name":"O seu especialista em p\u00e9s de mesa met\u00e1licos","article_modified_time":"2025-01-02T11:12:55+00:00","og_image":[{"url":"https:\/\/www.tischbein-metall.de\/wp-content\/uploads\/2023\/12\/zahlungsarten-2-1024x60-7.png","type":"","width":"","height":""}],"twitter_card":"summary_large_image","twitter_misc":{"Tempo estimado de leitura":"3 minutos"},"schema":{"@context":"https:\/\/schema.org","@graph":[{"@type":"WebPage","@id":"https:\/\/www.tischbein-metall.de\/zahlung-versand\/","url":"https:\/\/www.tischbein-metall.de\/zahlung-versand\/","name":"Pagamento e envio - Seu especialista em p\u00e9s de mesa de metal","isPartOf":{"@id":"https:\/\/www.tischbein-metall.de\/#website"},"primaryImageOfPage":{"@id":"https:\/\/www.tischbein-metall.de\/zahlung-versand\/#primaryimage"},"image":{"@id":"https:\/\/www.tischbein-metall.de\/zahlung-versand\/#primaryimage"},"thumbnailUrl":"https:\/\/www.tischbein-metall.de\/wp-content\/uploads\/2023\/12\/zahlungsarten-2-1024x60-7.png","datePublished":"2022-10-06T08:59:21+00:00","dateModified":"2025-01-02T11:12:55+00:00","description":"Pagamento e envio \u2013 Seu especialista em p\u00e9s de mesa de metal \u2714\ufe0f Fabricado na Europa \u2714\ufe0f Qualidade excecional \u2714\ufe0f Entrega r\u00e1pida e gratuita","breadcrumb":{"@id":"https:\/\/www.tischbein-metall.de\/zahlung-versand\/#breadcrumb"},"inLanguage":"pt-PT","potentialAction":[{"@type":"ReadAction","target":["https:\/\/www.tischbein-metall.de\/zahlung-versand\/"]}]},{"@type":"ImageObject","inLanguage":"pt-PT","@id":"https:\/\/www.tischbein-metall.de\/zahlung-versand\/#primaryimage","url":"https:\/\/www.tischbein-metall.de\/wp-content\/uploads\/2023\/12\/zahlungsarten-2-1024x60-7.png","contentUrl":"https:\/\/www.tischbein-metall.de\/wp-content\/uploads\/2023\/12\/zahlungsarten-2-1024x60-7.png"},{"@type":"BreadcrumbList","@id":"https:\/\/www.tischbein-metall.de\/zahlung-versand\/#breadcrumb","itemListElement":[{"@type":"ListItem","position":1,"name":"P\u00e1gina inicial","item":"https:\/\/www.tischbein-metall.de\/pt-pt\/"},{"@type":"ListItem","position":2,"name":"Informa\u00e7\u00f5es de Pagamento e Envio"}]},{"@type":"WebSite","@id":"https:\/\/www.tischbein-metall.de\/#website","url":"https:\/\/www.tischbein-metall.de\/","name":"O seu especialista em p\u00e9s de mesa met\u00e1licos","description":"","potentialAction":[{"@type":"SearchAction","target":{"@type":"EntryPoint","urlTemplate":"https:\/\/www.tischbein-metall.de\/?s={search_term_string}"},"query-input":{"@type":"PropertyValueSpecification","valueRequired":true,"valueName":"search_term_string"}}],"inLanguage":"pt-PT"}]}},"_links":{"self":[{"href":"https:\/\/www.tischbein-metall.de\/pt-pt\/wp-json\/wp\/v2\/pages\/14213","targetHints":{"allow":["GET"]}}],"collection":[{"href":"https:\/\/www.tischbein-metall.de\/pt-pt\/wp-json\/wp\/v2\/pages"}],"about":[{"href":"https:\/\/www.tischbein-metall.de\/pt-pt\/wp-json\/wp\/v2\/types\/page"}],"author":[{"embeddable":true,"href":"https:\/\/www.tischbein-metall.de\/pt-pt\/wp-json\/wp\/v2\/users\/3"}],"replies":[{"embeddable":true,"href":"https:\/\/www.tischbein-metall.de\/pt-pt\/wp-json\/wp\/v2\/comments?post=14213"}],"version-history":[{"count":25,"href":"https:\/\/www.tischbein-metall.de\/pt-pt\/wp-json\/wp\/v2\/pages\/14213\/revisions"}],"predecessor-version":[{"id":33329,"href":"https:\/\/www.tischbein-metall.de\/pt-pt\/wp-json\/wp\/v2\/pages\/14213\/revisions\/33329"}],"wp:attachment":[{"href":"https:\/\/www.tischbein-metall.de\/pt-pt\/wp-json\/wp\/v2\/media?parent=14213"}],"curies":[{"name":"wp","href":"https:\/\/api.w.org\/{rel}","templated":true}]}}