{"id":14347,"date":"2022-11-18T11:47:09","date_gmt":"2022-11-18T10:47:09","guid":{"rendered":"https:\/\/www.tischbein-metall.de\/?page_id=14347"},"modified":"2024-06-20T19:01:29","modified_gmt":"2024-06-20T17:01:29","slug":"sobre-nos","status":"publish","type":"page","link":"https:\/\/www.tischbein-metall.de\/pt-pt\/sobre-nos\/","title":{"rendered":"SOBRE N\u00d3S"},"content":{"rendered":"\t\t<div data-elementor-type=\"wp-page\" data-elementor-id=\"14347\" class=\"elementor elementor-14347 elementor-11810\">\n\t\t\t\t\t\t<section class=\"elementor-section elementor-top-section elementor-element elementor-element-910080a elementor-section-boxed elementor-section-height-default elementor-section-height-default\" data-id=\"910080a\" data-element_type=\"section\">\n\t\t\t\t\t\t<div class=\"elementor-container elementor-column-gap-default\">\n\t\t\t\t\t<div class=\"elementor-column elementor-col-33 elementor-top-column elementor-element elementor-element-f8c7d29\" data-id=\"f8c7d29\" data-element_type=\"column\">\n\t\t\t<div class=\"elementor-widget-wrap elementor-element-populated\">\n\t\t\t\t\t\t<div class=\"elementor-element elementor-element-ba953ba elementor-widget elementor-widget-image\" data-id=\"ba953ba\" data-element_type=\"widget\" data-widget_type=\"image.default\">\n\t\t\t\t<div class=\"elementor-widget-container\">\n\t\t\t<style>\/*! elementor - v3.23.0 - 25-07-2024 *\/\n.elementor-widget-image{text-align:center}.elementor-widget-image a{display:inline-block}.elementor-widget-image a img[src$=\".svg\"]{width:48px}.elementor-widget-image img{vertical-align:middle;display:inline-block}<\/style>\t\t\t\t\t\t\t\t\t\t<img fetchpriority=\"high\" decoding=\"async\" width=\"814\" height=\"260\" src=\"https:\/\/www.tischbein-metall.de\/wp-content\/uploads\/2024\/01\/noggi-logo-3.png\" class=\"attachment-full size-full wp-image-21563\" alt=\"\" srcset=\"https:\/\/www.tischbein-metall.de\/wp-content\/uploads\/2024\/01\/noggi-logo-3.png 814w, https:\/\/www.tischbein-metall.de\/wp-content\/uploads\/2024\/01\/noggi-logo-3-300x96.png 300w, https:\/\/www.tischbein-metall.de\/wp-content\/uploads\/2024\/01\/noggi-logo-3-768x245.png 768w, https:\/\/www.tischbein-metall.de\/wp-content\/uploads\/2024\/01\/noggi-logo-3-600x192.png 600w\" sizes=\"(max-width: 814px) 100vw, 814px\" \/>\t\t\t\t\t\t\t\t\t\t\t\t\t<\/div>\n\t\t\t\t<\/div>\n\t\t\t\t\t<\/div>\n\t\t<\/div>\n\t\t\t\t<div class=\"elementor-column elementor-col-66 elementor-top-column elementor-element elementor-element-1789baa\" data-id=\"1789baa\" data-element_type=\"column\">\n\t\t\t<div class=\"elementor-widget-wrap elementor-element-populated\">\n\t\t\t\t\t\t<div class=\"elementor-element elementor-element-fd6eeea elementor-widget elementor-widget-text-editor\" data-id=\"fd6eeea\" data-element_type=\"widget\" data-widget_type=\"text-editor.default\">\n\t\t\t\t<div class=\"elementor-widget-container\">\n\t\t\t<style>\/*! elementor - v3.23.0 - 25-07-2024 *\/\n.elementor-widget-text-editor.elementor-drop-cap-view-stacked .elementor-drop-cap{background-color:#69727d;color:#fff}.elementor-widget-text-editor.elementor-drop-cap-view-framed .elementor-drop-cap{color:#69727d;border:3px solid;background-color:transparent}.elementor-widget-text-editor:not(.elementor-drop-cap-view-default) .elementor-drop-cap{margin-top:8px}.elementor-widget-text-editor:not(.elementor-drop-cap-view-default) .elementor-drop-cap-letter{width:1em;height:1em}.elementor-widget-text-editor .elementor-drop-cap{float:left;text-align:center;line-height:1;font-size:50px}.elementor-widget-text-editor .elementor-drop-cap-letter{display:inline-block}<\/style>\t\t\t\t<h1 style=\"font-size: 18px;\"><strong>Sobre N\u00f3s \u2013 Noggi<\/strong><\/h1>\n\n<p>Bem-vindo \u00e0 Noggi, o ep\u00edtome da inova\u00e7\u00e3o e qualidade em p\u00e9s de mesa de metal. Como uma empresa jovem dedicada \u00e0 arte da metalurgia, combinamos design moderno com precis\u00e3o artesanal para criar produtos excepcionais. Nossa produ\u00e7\u00e3o na Pol\u00f4nia, no cora\u00e7\u00e3o da Europa, representa a arte e a sustentabilidade do artesanato europeu.<\/p>\n\n<h2 style=\"font-size: 18px;\"><strong>Nossa Hist\u00f3ria<\/strong><\/h2>\n\n<p>Nossa jornada come\u00e7ou h\u00e1 alguns anos com uma ideia simples: criar p\u00e9s de mesa de metal que n\u00e3o fossem apenas funcionais, mas tamb\u00e9m elementos elegantes de design. Rapidamente nos desenvolvemos em uma equipe din\u00e2mica que combina t\u00e9cnicas tradicionais com tecnologias modernas para oferecer solu\u00e7\u00f5es \u00fanicas.<\/p>\n\n<h2 style=\"font-size: 18px;\"><strong>Nossos Produtos<\/strong><\/h2>\n\n<p>Nossa gama de produtos inclui v\u00e1rios estilos de p\u00e9s de mesa de metal, do minimalista-moderno ao elegante e sofisticado. Cada pe\u00e7a \u00e9 fabricada com o maior cuidado e precis\u00e3o em nossa unidade de produ\u00e7\u00e3o na Pol\u00f4nia. Usamos materiais de alta qualidade para garantir que nossos produtos sejam n\u00e3o apenas esteticamente agrad\u00e1veis, mas tamb\u00e9m dur\u00e1veis.<\/p>\n\n<h2 style=\"font-size: 18px;\"><strong>Nossa Equipe<\/strong><\/h2>\n\n<p>Por tr\u00e1s de cada empresa bem-sucedida, h\u00e1 uma equipe dedicada. Nossos funcion\u00e1rios s\u00e3o o cora\u00e7\u00e3o da Noggi. Do design \u00e0 fabrica\u00e7\u00e3o, cada membro da equipe traz seu talento \u00fanico e paix\u00e3o pelo excelente trabalho em metal. Promovemos uma cultura de inova\u00e7\u00e3o, respeito e colabora\u00e7\u00e3o para garantir que continuemos a crescer e a melhorar como empresa.<\/p>\t\t\t\t\t\t<\/div>\n\t\t\t\t<\/div>\n\t\t\t\t\t<\/div>\n\t\t<\/div>\n\t\t\t\t\t<\/div>\n\t\t<\/section>\n\t\t\t\t<\/div>\n\t\t","protected":false},"excerpt":{"rendered":"<p>Sobre N\u00f3s \u2013 Noggi Bem-vindo \u00e0 Noggi, o ep\u00edtome da inova\u00e7\u00e3o e qualidade em p\u00e9s de mesa de metal. Como uma empresa jovem dedicada \u00e0 arte da metalurgia, combinamos design moderno com precis\u00e3o artesanal para criar produtos excepcionais. Nossa produ\u00e7\u00e3o na Pol\u00f4nia, no cora\u00e7\u00e3o da Europa, representa a arte e a sustentabilidade do artesanato europeu. [&hellip;]<\/p>\n","protected":false},"author":3,"featured_media":0,"parent":0,"menu_order":0,"comment_status":"closed","ping_status":"closed","template":"","meta":{"_acf_changed":false,"inline_featured_image":false,"footnotes":""},"class_list":["post-14347","page","type-page","status-publish","hentry"],"acf":[],"yoast_head":"<!-- This site is optimized with the Yoast SEO plugin v25.3 - https:\/\/yoast.com\/wordpress\/plugins\/seo\/ -->\n<title>SOBRE N\u00d3S - Seu especialista em p\u00e9s de mesa de metal<\/title>\n<meta name=\"description\" content=\"Sobre n\u00f3s \u2013 Seu especialista em p\u00e9s de mesa de metal \u2714\ufe0f Fabricado na Europa \u2714\ufe0f Qualidade excecional \u2714\ufe0f Entrega r\u00e1pida e gratuita\" \/>\n<meta name=\"robots\" content=\"index, follow, max-snippet:-1, max-image-preview:large, max-video-preview:-1\" \/>\n<link rel=\"canonical\" href=\"https:\/\/www.tischbein-metall.de\/pt-pt\/sobre-nos\/\" \/>\n<meta property=\"og:locale\" content=\"pt_PT\" \/>\n<meta property=\"og:type\" content=\"article\" \/>\n<meta property=\"og:title\" content=\"SOBRE N\u00d3S - Seu especialista em p\u00e9s de mesa de metal\" \/>\n<meta property=\"og:description\" content=\"Sobre n\u00f3s \u2013 Seu especialista em p\u00e9s de mesa de metal \u2714\ufe0f Fabricado na Europa \u2714\ufe0f Qualidade excecional \u2714\ufe0f Entrega r\u00e1pida e gratuita\" \/>\n<meta property=\"og:url\" content=\"https:\/\/www.tischbein-metall.de\/pt-pt\/sobre-nos\/\" \/>\n<meta property=\"og:site_name\" content=\"O seu especialista em p\u00e9s de mesa met\u00e1licos\" \/>\n<meta property=\"article:modified_time\" content=\"2024-06-20T17:01:29+00:00\" \/>\n<meta property=\"og:image\" content=\"https:\/\/www.tischbein-metall.de\/wp-content\/uploads\/2024\/01\/noggi-logo-3.png\" \/>\n<meta name=\"twitter:card\" content=\"summary_large_image\" \/>\n<meta name=\"twitter:label1\" content=\"Tempo estimado de leitura\" \/>\n\t<meta name=\"twitter:data1\" content=\"2 minutos\" \/>\n<script type=\"application\/ld+json\" class=\"yoast-schema-graph\">{\"@context\":\"https:\/\/schema.org\",\"@graph\":[{\"@type\":\"WebPage\",\"@id\":\"https:\/\/www.tischbein-metall.de\/pt-pt\/sobre-nos\/\",\"url\":\"https:\/\/www.tischbein-metall.de\/pt-pt\/sobre-nos\/\",\"name\":\"SOBRE N\u00d3S - Seu especialista em p\u00e9s de mesa de metal\",\"isPartOf\":{\"@id\":\"https:\/\/www.tischbein-metall.de\/#website\"},\"primaryImageOfPage\":{\"@id\":\"https:\/\/www.tischbein-metall.de\/pt-pt\/sobre-nos\/#primaryimage\"},\"image\":{\"@id\":\"https:\/\/www.tischbein-metall.de\/pt-pt\/sobre-nos\/#primaryimage\"},\"thumbnailUrl\":\"https:\/\/www.tischbein-metall.de\/wp-content\/uploads\/2024\/01\/noggi-logo-3.png\",\"datePublished\":\"2022-11-18T10:47:09+00:00\",\"dateModified\":\"2024-06-20T17:01:29+00:00\",\"description\":\"Sobre n\u00f3s \u2013 Seu especialista em p\u00e9s de mesa de metal \u2714\ufe0f Fabricado na Europa \u2714\ufe0f Qualidade excecional \u2714\ufe0f Entrega r\u00e1pida e gratuita\",\"breadcrumb\":{\"@id\":\"https:\/\/www.tischbein-metall.de\/pt-pt\/sobre-nos\/#breadcrumb\"},\"inLanguage\":\"pt-PT\",\"potentialAction\":[{\"@type\":\"ReadAction\",\"target\":[\"https:\/\/www.tischbein-metall.de\/pt-pt\/sobre-nos\/\"]}]},{\"@type\":\"ImageObject\",\"inLanguage\":\"pt-PT\",\"@id\":\"https:\/\/www.tischbein-metall.de\/pt-pt\/sobre-nos\/#primaryimage\",\"url\":\"https:\/\/www.tischbein-metall.de\/wp-content\/uploads\/2024\/01\/noggi-logo-3.png\",\"contentUrl\":\"https:\/\/www.tischbein-metall.de\/wp-content\/uploads\/2024\/01\/noggi-logo-3.png\"},{\"@type\":\"BreadcrumbList\",\"@id\":\"https:\/\/www.tischbein-metall.de\/pt-pt\/sobre-nos\/#breadcrumb\",\"itemListElement\":[{\"@type\":\"ListItem\",\"position\":1,\"name\":\"P\u00e1gina inicial\",\"item\":\"https:\/\/www.tischbein-metall.de\/pt-pt\/\"},{\"@type\":\"ListItem\",\"position\":2,\"name\":\"SOBRE N\u00d3S\"}]},{\"@type\":\"WebSite\",\"@id\":\"https:\/\/www.tischbein-metall.de\/#website\",\"url\":\"https:\/\/www.tischbein-metall.de\/\",\"name\":\"O seu especialista em p\u00e9s de mesa met\u00e1licos\",\"description\":\"\",\"potentialAction\":[{\"@type\":\"SearchAction\",\"target\":{\"@type\":\"EntryPoint\",\"urlTemplate\":\"https:\/\/www.tischbein-metall.de\/?s={search_term_string}\"},\"query-input\":{\"@type\":\"PropertyValueSpecification\",\"valueRequired\":true,\"valueName\":\"search_term_string\"}}],\"inLanguage\":\"pt-PT\"}]}<\/script>\n<!-- \/ Yoast SEO plugin. -->","yoast_head_json":{"title":"SOBRE N\u00d3S - Seu especialista em p\u00e9s de mesa de metal","description":"Sobre n\u00f3s \u2013 Seu especialista em p\u00e9s de mesa de metal \u2714\ufe0f Fabricado na Europa \u2714\ufe0f Qualidade excecional \u2714\ufe0f Entrega r\u00e1pida e gratuita","robots":{"index":"index","follow":"follow","max-snippet":"max-snippet:-1","max-image-preview":"max-image-preview:large","max-video-preview":"max-video-preview:-1"},"canonical":"https:\/\/www.tischbein-metall.de\/pt-pt\/sobre-nos\/","og_locale":"pt_PT","og_type":"article","og_title":"SOBRE N\u00d3S - Seu especialista em p\u00e9s de mesa de metal","og_description":"Sobre n\u00f3s \u2013 Seu especialista em p\u00e9s de mesa de metal \u2714\ufe0f Fabricado na Europa \u2714\ufe0f Qualidade excecional \u2714\ufe0f Entrega r\u00e1pida e gratuita","og_url":"https:\/\/www.tischbein-metall.de\/pt-pt\/sobre-nos\/","og_site_name":"O seu especialista em p\u00e9s de mesa met\u00e1licos","article_modified_time":"2024-06-20T17:01:29+00:00","og_image":[{"url":"https:\/\/www.tischbein-metall.de\/wp-content\/uploads\/2024\/01\/noggi-logo-3.png","type":"","width":"","height":""}],"twitter_card":"summary_large_image","twitter_misc":{"Tempo estimado de leitura":"2 minutos"},"schema":{"@context":"https:\/\/schema.org","@graph":[{"@type":"WebPage","@id":"https:\/\/www.tischbein-metall.de\/pt-pt\/sobre-nos\/","url":"https:\/\/www.tischbein-metall.de\/pt-pt\/sobre-nos\/","name":"SOBRE N\u00d3S - Seu especialista em p\u00e9s de mesa de metal","isPartOf":{"@id":"https:\/\/www.tischbein-metall.de\/#website"},"primaryImageOfPage":{"@id":"https:\/\/www.tischbein-metall.de\/pt-pt\/sobre-nos\/#primaryimage"},"image":{"@id":"https:\/\/www.tischbein-metall.de\/pt-pt\/sobre-nos\/#primaryimage"},"thumbnailUrl":"https:\/\/www.tischbein-metall.de\/wp-content\/uploads\/2024\/01\/noggi-logo-3.png","datePublished":"2022-11-18T10:47:09+00:00","dateModified":"2024-06-20T17:01:29+00:00","description":"Sobre n\u00f3s \u2013 Seu especialista em p\u00e9s de mesa de metal \u2714\ufe0f Fabricado na Europa \u2714\ufe0f Qualidade excecional \u2714\ufe0f Entrega r\u00e1pida e gratuita","breadcrumb":{"@id":"https:\/\/www.tischbein-metall.de\/pt-pt\/sobre-nos\/#breadcrumb"},"inLanguage":"pt-PT","potentialAction":[{"@type":"ReadAction","target":["https:\/\/www.tischbein-metall.de\/pt-pt\/sobre-nos\/"]}]},{"@type":"ImageObject","inLanguage":"pt-PT","@id":"https:\/\/www.tischbein-metall.de\/pt-pt\/sobre-nos\/#primaryimage","url":"https:\/\/www.tischbein-metall.de\/wp-content\/uploads\/2024\/01\/noggi-logo-3.png","contentUrl":"https:\/\/www.tischbein-metall.de\/wp-content\/uploads\/2024\/01\/noggi-logo-3.png"},{"@type":"BreadcrumbList","@id":"https:\/\/www.tischbein-metall.de\/pt-pt\/sobre-nos\/#breadcrumb","itemListElement":[{"@type":"ListItem","position":1,"name":"P\u00e1gina inicial","item":"https:\/\/www.tischbein-metall.de\/pt-pt\/"},{"@type":"ListItem","position":2,"name":"SOBRE N\u00d3S"}]},{"@type":"WebSite","@id":"https:\/\/www.tischbein-metall.de\/#website","url":"https:\/\/www.tischbein-metall.de\/","name":"O seu especialista em p\u00e9s de mesa met\u00e1licos","description":"","potentialAction":[{"@type":"SearchAction","target":{"@type":"EntryPoint","urlTemplate":"https:\/\/www.tischbein-metall.de\/?s={search_term_string}"},"query-input":{"@type":"PropertyValueSpecification","valueRequired":true,"valueName":"search_term_string"}}],"inLanguage":"pt-PT"}]}},"_links":{"self":[{"href":"https:\/\/www.tischbein-metall.de\/pt-pt\/wp-json\/wp\/v2\/pages\/14347","targetHints":{"allow":["GET"]}}],"collection":[{"href":"https:\/\/www.tischbein-metall.de\/pt-pt\/wp-json\/wp\/v2\/pages"}],"about":[{"href":"https:\/\/www.tischbein-metall.de\/pt-pt\/wp-json\/wp\/v2\/types\/page"}],"author":[{"embeddable":true,"href":"https:\/\/www.tischbein-metall.de\/pt-pt\/wp-json\/wp\/v2\/users\/3"}],"replies":[{"embeddable":true,"href":"https:\/\/www.tischbein-metall.de\/pt-pt\/wp-json\/wp\/v2\/comments?post=14347"}],"version-history":[{"count":14,"href":"https:\/\/www.tischbein-metall.de\/pt-pt\/wp-json\/wp\/v2\/pages\/14347\/revisions"}],"predecessor-version":[{"id":24679,"href":"https:\/\/www.tischbein-metall.de\/pt-pt\/wp-json\/wp\/v2\/pages\/14347\/revisions\/24679"}],"wp:attachment":[{"href":"https:\/\/www.tischbein-metall.de\/pt-pt\/wp-json\/wp\/v2\/media?parent=14347"}],"curies":[{"name":"wp","href":"https:\/\/api.w.org\/{rel}","templated":true}]}}