{"id":14356,"date":"2022-10-06T11:14:08","date_gmt":"2022-10-06T09:14:08","guid":{"rendered":"https:\/\/www.tischbein-metall.de\/formulario-de-contato\/"},"modified":"2024-06-20T19:10:36","modified_gmt":"2024-06-20T17:10:36","slug":"formulario-de-contato","status":"publish","type":"page","link":"https:\/\/www.tischbein-metall.de\/pt-pt\/formulario-de-contato\/","title":{"rendered":"Formul\u00e1rio de contato"},"content":{"rendered":"\t\t<div data-elementor-type=\"wp-page\" data-elementor-id=\"14356\" class=\"elementor elementor-14356 elementor-11095\">\n\t\t\t\t\t\t<section class=\"elementor-section elementor-top-section elementor-element elementor-element-18e6dcf elementor-section-full_width elementor-section-height-default elementor-section-height-default\" data-id=\"18e6dcf\" data-element_type=\"section\">\n\t\t\t\t\t\t<div class=\"elementor-container elementor-column-gap-no\">\n\t\t\t\t\t<div class=\"elementor-column elementor-col-100 elementor-top-column elementor-element elementor-element-df88044\" data-id=\"df88044\" data-element_type=\"column\">\n\t\t\t<div class=\"elementor-widget-wrap elementor-element-populated\">\n\t\t\t\t\t\t<div class=\"elementor-element elementor-element-4edbba5 elementor-widget elementor-widget-heading\" data-id=\"4edbba5\" data-element_type=\"widget\" data-widget_type=\"heading.default\">\n\t\t\t\t<div class=\"elementor-widget-container\">\n\t\t\t<style>\/*! elementor - v3.23.0 - 25-07-2024 *\/\n.elementor-heading-title{padding:0;margin:0;line-height:1}.elementor-widget-heading .elementor-heading-title[class*=elementor-size-]>a{color:inherit;font-size:inherit;line-height:inherit}.elementor-widget-heading .elementor-heading-title.elementor-size-small{font-size:15px}.elementor-widget-heading .elementor-heading-title.elementor-size-medium{font-size:19px}.elementor-widget-heading .elementor-heading-title.elementor-size-large{font-size:29px}.elementor-widget-heading .elementor-heading-title.elementor-size-xl{font-size:39px}.elementor-widget-heading .elementor-heading-title.elementor-size-xxl{font-size:59px}<\/style><h1 class=\"elementor-heading-title elementor-size-default\">Contato<\/h1>\t\t<\/div>\n\t\t\t\t<\/div>\n\t\t\t\t\t<\/div>\n\t\t<\/div>\n\t\t\t\t\t<\/div>\n\t\t<\/section>\n\t\t\t\t<section class=\"elementor-section elementor-top-section elementor-element elementor-element-6184522f elementor-section-boxed elementor-section-height-default elementor-section-height-default\" data-id=\"6184522f\" data-element_type=\"section\">\n\t\t\t\t\t\t<div class=\"elementor-container elementor-column-gap-default\">\n\t\t\t\t\t<div class=\"elementor-column elementor-col-100 elementor-top-column elementor-element elementor-element-6ae594b6\" data-id=\"6ae594b6\" data-element_type=\"column\">\n\t\t\t<div class=\"elementor-widget-wrap elementor-element-populated\">\n\t\t\t\t\t\t<div class=\"elementor-element elementor-element-6b986b3 elementor-widget__width-initial pp-wpforms-labels-yes pp-wpforms-form-button-custom elementor-widget elementor-widget-pp-wpforms\" data-id=\"6b986b3\" data-element_type=\"widget\" data-widget_type=\"pp-wpforms.default\">\n\t\t\t\t<div class=\"elementor-widget-container\">\n\t\t\t\t\t\t\t<div class=\"pp-contact-form pp-wpforms pp-custom-radio-checkbox\">\n\t\t\t\t\t\t\t\t\t\t<div class=\"wpforms-container wpforms-container-full wpforms-render-modern\" id=\"wpforms-15252\"><form id=\"wpforms-form-15252\" class=\"wpforms-validate wpforms-form wpforms-ajax-form\" data-formid=\"15252\" method=\"post\" enctype=\"multipart\/form-data\" action=\"\/pt-pt\/wp-json\/wp\/v2\/pages\/14356\" data-token=\"6f9bc71550a8f5bc9fbcfc98719611ad\" data-token-time=\"1778733004\"><div class=\"wpforms-head-container\"><\/div><noscript class=\"wpforms-error-noscript\">Please enable JavaScript in your browser to complete this form.<\/noscript><div class=\"wpforms-hidden\" id=\"wpforms-error-noscript\">Please enable JavaScript in your browser to complete this form.<\/div><div class=\"wpforms-field-container\"><div id=\"wpforms-15252-field_0-container\" class=\"wpforms-field wpforms-field-name\" data-field-id=\"0\"><label class=\"wpforms-field-label\" for=\"wpforms-15252-field_0\">Nome <span class=\"wpforms-required-label\" aria-hidden=\"true\">*<\/span><\/label><input type=\"text\" id=\"wpforms-15252-field_0\" class=\"wpforms-field-medium wpforms-field-required\" name=\"wpforms[fields][0]\" aria-errormessage=\"wpforms-15252-field_0-error\" required><\/div><div id=\"wpforms-15252-field_1-container\" class=\"wpforms-field wpforms-field-email\" data-field-id=\"1\"><label class=\"wpforms-field-label\" for=\"wpforms-15252-field_1\">E-Mail <span class=\"wpforms-required-label\" aria-hidden=\"true\">*<\/span><\/label><input type=\"email\" id=\"wpforms-15252-field_1\" class=\"wpforms-field-medium wpforms-field-required\" name=\"wpforms[fields][1]\" spellcheck=\"false\" aria-errormessage=\"wpforms-15252-field_1-error\" required><\/div><div id=\"wpforms-15252-field_3-container\" class=\"wpforms-field wpforms-field-select wpforms-field-select-style-classic\" data-field-id=\"3\"><label class=\"wpforms-field-label\" for=\"wpforms-15252-field_3\">Assunto <span class=\"wpforms-required-label\" aria-hidden=\"true\">*<\/span><\/label><select id=\"wpforms-15252-field_3\" class=\"wpforms-field-medium wpforms-field-required\" name=\"wpforms[fields][3]\" required=\"required\"><option value=\"Por favor, escolha\" >Por favor, escolha<\/option><option value=\"Pedido\" >Pedido<\/option><option value=\"Quest\u00e3o geral\" >Quest\u00e3o geral<\/option><option value=\"Outro\" >Outro<\/option><\/select><\/div><div id=\"wpforms-15252-field_2-container\" class=\"wpforms-field wpforms-field-textarea\" data-field-id=\"2\"><label class=\"wpforms-field-label\" for=\"wpforms-15252-field_2\">Coment\u00e1rio ou mensagem <span class=\"wpforms-required-label\" aria-hidden=\"true\">*<\/span><\/label><textarea id=\"wpforms-15252-field_2\" class=\"wpforms-field-medium wpforms-field-required\" name=\"wpforms[fields][2]\" aria-errormessage=\"wpforms-15252-field_2-error\" required><\/textarea><\/div><div id=\"wpforms-15252-field_4-container\" class=\"wpforms-field wpforms-field-checkbox\" data-field-id=\"4\"><fieldset><legend class=\"wpforms-field-label\">Pol\u00edtica de Privacidade <span class=\"wpforms-required-label\" aria-hidden=\"true\">*<\/span><\/legend><ul id=\"wpforms-15252-field_4\" class=\"wpforms-field-required\"><li class=\"choice-1 depth-1\"><input type=\"checkbox\" id=\"wpforms-15252-field_4_1\" name=\"wpforms[fields][4][]\" value=\"Declaro que li a &lt;a href=&quot;\/pt-pt\/politica-de-privacidade&quot; style=&quot;color:black;&quot;&gt;&lt;b&gt;pol\u00edtica de privacidade&lt;\/b&gt;&lt;\/a&gt;.\" aria-errormessage=\"wpforms-15252-field_4_1-error\" aria-describedby=\"wpforms-15252-field_4-description\" required ><label class=\"wpforms-field-label-inline\" for=\"wpforms-15252-field_4_1\">Declaro que li a <a href=\"\/pt-pt\/politica-de-privacidade\" style=\"color:black\"><b>pol\u00edtica de privacidade<\/b><\/a>.<\/label><\/li><\/ul><div id=\"wpforms-15252-field_4-description\" class=\"wpforms-field-description\">O consentimento pode ser revogado a qualquer momento, de acordo com o Art. 7 (3) DSGVO, atrav\u00e9s de comunica\u00e7\u00e3o informal (por exemplo, por e-mail).<br><br>\r\n\r\nEste site est\u00e1 protegido pelo reCAPTCHA e se aplicam os <a href=\"https:\/\/policies.google.com\/privacy?hl=pt\">termos de servi\u00e7o<\/a> e a <a href=\"https:\/\/policies.google.com\/terms?hl=pt\">pol\u00edtica de privacidade<\/a> do Google.<\/div><\/fieldset><\/div><\/div><!-- .wpforms-field-container --><div class=\"wpforms-recaptcha-container wpforms-is-recaptcha wpforms-is-recaptcha-type-v3\" ><input type=\"hidden\" name=\"wpforms[recaptcha]\" value=\"\"><\/div><div class=\"wpforms-submit-container\" ><input type=\"hidden\" name=\"wpforms[id]\" value=\"15252\"><input type=\"hidden\" name=\"page_title\" value=\"\"><input type=\"hidden\" name=\"page_url\" value=\"https:\/\/www.tischbein-metall.de\/pt-pt\/wp-json\/wp\/v2\/pages\/14356\"><button type=\"submit\" name=\"wpforms[submit]\" id=\"wpforms-submit-15252\" class=\"wpforms-submit\" data-alt-text=\"Enviar...\" data-submit-text=\"Enviar\" aria-live=\"assertive\" value=\"wpforms-submit\">Enviar<\/button><img decoding=\"async\" src=\"https:\/\/www.tischbein-metall.de\/wp-content\/plugins\/wpforms\/assets\/images\/submit-spin.svg\" class=\"wpforms-submit-spinner\" style=\"display: none;\" width=\"26\" height=\"26\" alt=\"Loading\"><\/div><\/form><\/div>  <!-- .wpforms-container -->\t\t\t\t<\/div>\n\t\t\t\t\t\t<\/div>\n\t\t\t\t<\/div>\n\t\t\t\t\t<\/div>\n\t\t<\/div>\n\t\t\t\t\t<\/div>\n\t\t<\/section>\n\t\t\t\t<\/div>\n\t\t","protected":false},"excerpt":{"rendered":"<p>Contato Please enable JavaScript in your browser to complete this form.Please enable JavaScript in your browser to complete this form.Nome *E-Mail *Assunto *Por favor, escolhaPedidoQuest\u00e3o geralOutroComent\u00e1rio ou mensagem * Pol\u00edtica de Privacidade * Declaro que li a pol\u00edtica de privacidade. O consentimento pode ser revogado a qualquer momento, de acordo com o Art. 7 (3) [&hellip;]<\/p>\n","protected":false},"author":3,"featured_media":0,"parent":0,"menu_order":0,"comment_status":"closed","ping_status":"closed","template":"","meta":{"_acf_changed":false,"inline_featured_image":false,"footnotes":""},"class_list":["post-14356","page","type-page","status-publish","hentry"],"acf":[],"yoast_head":"<!-- This site is optimized with the Yoast SEO plugin v25.3 - https:\/\/yoast.com\/wordpress\/plugins\/seo\/ -->\n<title>Formul\u00e1rio de contato - Seu especialista em p\u00e9s de mesa de metal<\/title>\n<meta name=\"description\" content=\"Formul\u00e1rio de contato \u2013 Seu especialista em p\u00e9s de mesa de metal \u2714\ufe0f Fabricado na Europa \u2714\ufe0f Qualidade excecional \u2714\ufe0f Entrega r\u00e1pida e gratuita\" \/>\n<meta name=\"robots\" content=\"index, follow, max-snippet:-1, max-image-preview:large, max-video-preview:-1\" \/>\n<link rel=\"canonical\" href=\"https:\/\/www.tischbein-metall.de\/pt-pt\/formulario-de-contato\/\" \/>\n<meta property=\"og:locale\" content=\"pt_PT\" \/>\n<meta property=\"og:type\" content=\"article\" \/>\n<meta property=\"og:title\" content=\"Formul\u00e1rio de contato - Seu especialista em p\u00e9s de mesa de metal\" \/>\n<meta property=\"og:description\" content=\"Formul\u00e1rio de contato \u2013 Seu especialista em p\u00e9s de mesa de metal \u2714\ufe0f Fabricado na Europa \u2714\ufe0f Qualidade excecional \u2714\ufe0f Entrega r\u00e1pida e gratuita\" \/>\n<meta property=\"og:url\" content=\"https:\/\/www.tischbein-metall.de\/pt-pt\/formulario-de-contato\/\" \/>\n<meta property=\"og:site_name\" content=\"O seu especialista em p\u00e9s de mesa met\u00e1licos\" \/>\n<meta property=\"article:modified_time\" content=\"2024-06-20T17:10:36+00:00\" \/>\n<meta property=\"og:image\" content=\"https:\/\/www.tischbein-metall.de\/wp-content\/plugins\/wpforms-lite\/assets\/images\/submit-spin.svg\" \/>\n<meta name=\"twitter:card\" content=\"summary_large_image\" \/>\n<meta name=\"twitter:label1\" content=\"Tempo estimado de leitura\" \/>\n\t<meta name=\"twitter:data1\" content=\"1 minuto\" \/>\n<script type=\"application\/ld+json\" class=\"yoast-schema-graph\">{\"@context\":\"https:\/\/schema.org\",\"@graph\":[{\"@type\":\"WebPage\",\"@id\":\"https:\/\/www.tischbein-metall.de\/pt-pt\/formulario-de-contato\/\",\"url\":\"https:\/\/www.tischbein-metall.de\/pt-pt\/formulario-de-contato\/\",\"name\":\"Formul\u00e1rio de contato - Seu especialista em p\u00e9s de mesa de metal\",\"isPartOf\":{\"@id\":\"https:\/\/www.tischbein-metall.de\/#website\"},\"primaryImageOfPage\":{\"@id\":\"https:\/\/www.tischbein-metall.de\/pt-pt\/formulario-de-contato\/#primaryimage\"},\"image\":{\"@id\":\"https:\/\/www.tischbein-metall.de\/pt-pt\/formulario-de-contato\/#primaryimage\"},\"thumbnailUrl\":\"https:\/\/www.tischbein-metall.de\/wp-content\/plugins\/wpforms-lite\/assets\/images\/submit-spin.svg\",\"datePublished\":\"2022-10-06T09:14:08+00:00\",\"dateModified\":\"2024-06-20T17:10:36+00:00\",\"description\":\"Formul\u00e1rio de contato \u2013 Seu especialista em p\u00e9s de mesa de metal \u2714\ufe0f Fabricado na Europa \u2714\ufe0f Qualidade excecional \u2714\ufe0f Entrega r\u00e1pida e gratuita\",\"breadcrumb\":{\"@id\":\"https:\/\/www.tischbein-metall.de\/pt-pt\/formulario-de-contato\/#breadcrumb\"},\"inLanguage\":\"pt-PT\",\"potentialAction\":[{\"@type\":\"ReadAction\",\"target\":[\"https:\/\/www.tischbein-metall.de\/pt-pt\/formulario-de-contato\/\"]}]},{\"@type\":\"ImageObject\",\"inLanguage\":\"pt-PT\",\"@id\":\"https:\/\/www.tischbein-metall.de\/pt-pt\/formulario-de-contato\/#primaryimage\",\"url\":\"https:\/\/www.tischbein-metall.de\/wp-content\/plugins\/wpforms-lite\/assets\/images\/submit-spin.svg\",\"contentUrl\":\"https:\/\/www.tischbein-metall.de\/wp-content\/plugins\/wpforms-lite\/assets\/images\/submit-spin.svg\"},{\"@type\":\"BreadcrumbList\",\"@id\":\"https:\/\/www.tischbein-metall.de\/pt-pt\/formulario-de-contato\/#breadcrumb\",\"itemListElement\":[{\"@type\":\"ListItem\",\"position\":1,\"name\":\"P\u00e1gina inicial\",\"item\":\"https:\/\/www.tischbein-metall.de\/pt-pt\/\"},{\"@type\":\"ListItem\",\"position\":2,\"name\":\"Formul\u00e1rio de contato\"}]},{\"@type\":\"WebSite\",\"@id\":\"https:\/\/www.tischbein-metall.de\/#website\",\"url\":\"https:\/\/www.tischbein-metall.de\/\",\"name\":\"O seu especialista em p\u00e9s de mesa met\u00e1licos\",\"description\":\"\",\"potentialAction\":[{\"@type\":\"SearchAction\",\"target\":{\"@type\":\"EntryPoint\",\"urlTemplate\":\"https:\/\/www.tischbein-metall.de\/?s={search_term_string}\"},\"query-input\":{\"@type\":\"PropertyValueSpecification\",\"valueRequired\":true,\"valueName\":\"search_term_string\"}}],\"inLanguage\":\"pt-PT\"}]}<\/script>\n<!-- \/ Yoast SEO plugin. -->","yoast_head_json":{"title":"Formul\u00e1rio de contato - Seu especialista em p\u00e9s de mesa de metal","description":"Formul\u00e1rio de contato \u2013 Seu especialista em p\u00e9s de mesa de metal \u2714\ufe0f Fabricado na Europa \u2714\ufe0f Qualidade excecional \u2714\ufe0f Entrega r\u00e1pida e gratuita","robots":{"index":"index","follow":"follow","max-snippet":"max-snippet:-1","max-image-preview":"max-image-preview:large","max-video-preview":"max-video-preview:-1"},"canonical":"https:\/\/www.tischbein-metall.de\/pt-pt\/formulario-de-contato\/","og_locale":"pt_PT","og_type":"article","og_title":"Formul\u00e1rio de contato - Seu especialista em p\u00e9s de mesa de metal","og_description":"Formul\u00e1rio de contato \u2013 Seu especialista em p\u00e9s de mesa de metal \u2714\ufe0f Fabricado na Europa \u2714\ufe0f Qualidade excecional \u2714\ufe0f Entrega r\u00e1pida e gratuita","og_url":"https:\/\/www.tischbein-metall.de\/pt-pt\/formulario-de-contato\/","og_site_name":"O seu especialista em p\u00e9s de mesa met\u00e1licos","article_modified_time":"2024-06-20T17:10:36+00:00","og_image":[{"url":"https:\/\/www.tischbein-metall.de\/wp-content\/plugins\/wpforms-lite\/assets\/images\/submit-spin.svg","type":"","width":"","height":""}],"twitter_card":"summary_large_image","twitter_misc":{"Tempo estimado de leitura":"1 minuto"},"schema":{"@context":"https:\/\/schema.org","@graph":[{"@type":"WebPage","@id":"https:\/\/www.tischbein-metall.de\/pt-pt\/formulario-de-contato\/","url":"https:\/\/www.tischbein-metall.de\/pt-pt\/formulario-de-contato\/","name":"Formul\u00e1rio de contato - Seu especialista em p\u00e9s de mesa de metal","isPartOf":{"@id":"https:\/\/www.tischbein-metall.de\/#website"},"primaryImageOfPage":{"@id":"https:\/\/www.tischbein-metall.de\/pt-pt\/formulario-de-contato\/#primaryimage"},"image":{"@id":"https:\/\/www.tischbein-metall.de\/pt-pt\/formulario-de-contato\/#primaryimage"},"thumbnailUrl":"https:\/\/www.tischbein-metall.de\/wp-content\/plugins\/wpforms-lite\/assets\/images\/submit-spin.svg","datePublished":"2022-10-06T09:14:08+00:00","dateModified":"2024-06-20T17:10:36+00:00","description":"Formul\u00e1rio de contato \u2013 Seu especialista em p\u00e9s de mesa de metal \u2714\ufe0f Fabricado na Europa \u2714\ufe0f Qualidade excecional \u2714\ufe0f Entrega r\u00e1pida e gratuita","breadcrumb":{"@id":"https:\/\/www.tischbein-metall.de\/pt-pt\/formulario-de-contato\/#breadcrumb"},"inLanguage":"pt-PT","potentialAction":[{"@type":"ReadAction","target":["https:\/\/www.tischbein-metall.de\/pt-pt\/formulario-de-contato\/"]}]},{"@type":"ImageObject","inLanguage":"pt-PT","@id":"https:\/\/www.tischbein-metall.de\/pt-pt\/formulario-de-contato\/#primaryimage","url":"https:\/\/www.tischbein-metall.de\/wp-content\/plugins\/wpforms-lite\/assets\/images\/submit-spin.svg","contentUrl":"https:\/\/www.tischbein-metall.de\/wp-content\/plugins\/wpforms-lite\/assets\/images\/submit-spin.svg"},{"@type":"BreadcrumbList","@id":"https:\/\/www.tischbein-metall.de\/pt-pt\/formulario-de-contato\/#breadcrumb","itemListElement":[{"@type":"ListItem","position":1,"name":"P\u00e1gina inicial","item":"https:\/\/www.tischbein-metall.de\/pt-pt\/"},{"@type":"ListItem","position":2,"name":"Formul\u00e1rio de contato"}]},{"@type":"WebSite","@id":"https:\/\/www.tischbein-metall.de\/#website","url":"https:\/\/www.tischbein-metall.de\/","name":"O seu especialista em p\u00e9s de mesa met\u00e1licos","description":"","potentialAction":[{"@type":"SearchAction","target":{"@type":"EntryPoint","urlTemplate":"https:\/\/www.tischbein-metall.de\/?s={search_term_string}"},"query-input":{"@type":"PropertyValueSpecification","valueRequired":true,"valueName":"search_term_string"}}],"inLanguage":"pt-PT"}]}},"_links":{"self":[{"href":"https:\/\/www.tischbein-metall.de\/pt-pt\/wp-json\/wp\/v2\/pages\/14356","targetHints":{"allow":["GET"]}}],"collection":[{"href":"https:\/\/www.tischbein-metall.de\/pt-pt\/wp-json\/wp\/v2\/pages"}],"about":[{"href":"https:\/\/www.tischbein-metall.de\/pt-pt\/wp-json\/wp\/v2\/types\/page"}],"author":[{"embeddable":true,"href":"https:\/\/www.tischbein-metall.de\/pt-pt\/wp-json\/wp\/v2\/users\/3"}],"replies":[{"embeddable":true,"href":"https:\/\/www.tischbein-metall.de\/pt-pt\/wp-json\/wp\/v2\/comments?post=14356"}],"version-history":[{"count":37,"href":"https:\/\/www.tischbein-metall.de\/pt-pt\/wp-json\/wp\/v2\/pages\/14356\/revisions"}],"predecessor-version":[{"id":24700,"href":"https:\/\/www.tischbein-metall.de\/pt-pt\/wp-json\/wp\/v2\/pages\/14356\/revisions\/24700"}],"wp:attachment":[{"href":"https:\/\/www.tischbein-metall.de\/pt-pt\/wp-json\/wp\/v2\/media?parent=14356"}],"curies":[{"name":"wp","href":"https:\/\/api.w.org\/{rel}","templated":true}]}}