{"id":14366,"date":"2022-10-06T10:55:17","date_gmt":"2022-10-06T08:55:17","guid":{"rendered":"https:\/\/www.tischbein-metall.de\/?page_id=14366"},"modified":"2024-12-16T14:02:39","modified_gmt":"2024-12-16T13:02:39","slug":"politica-de-devolucao","status":"publish","type":"page","link":"https:\/\/www.tischbein-metall.de\/pt-pt\/politica-de-devolucao\/","title":{"rendered":"Pol\u00edtica de Devolu\u00e7\u00e3o"},"content":{"rendered":"\t\t<div data-elementor-type=\"wp-page\" data-elementor-id=\"14366\" class=\"elementor elementor-14366 elementor-11084\">\n\t\t\t\t<div class=\"elementor-element elementor-element-f716a40 e-flex e-con-boxed e-con e-parent\" data-id=\"f716a40\" data-element_type=\"container\">\n\t\t\t\t\t<div class=\"e-con-inner\">\n\t\t\t\t<div class=\"elementor-element elementor-element-3dbc506 elementor-widget elementor-widget-text-editor\" data-id=\"3dbc506\" data-element_type=\"widget\" data-widget_type=\"text-editor.default\">\n\t\t\t\t<div class=\"elementor-widget-container\">\n\t\t\t<style>\/*! elementor - v3.23.0 - 25-07-2024 *\/\n.elementor-widget-text-editor.elementor-drop-cap-view-stacked .elementor-drop-cap{background-color:#69727d;color:#fff}.elementor-widget-text-editor.elementor-drop-cap-view-framed .elementor-drop-cap{color:#69727d;border:3px solid;background-color:transparent}.elementor-widget-text-editor:not(.elementor-drop-cap-view-default) .elementor-drop-cap{margin-top:8px}.elementor-widget-text-editor:not(.elementor-drop-cap-view-default) .elementor-drop-cap-letter{width:1em;height:1em}.elementor-widget-text-editor .elementor-drop-cap{float:left;text-align:center;line-height:1;font-size:50px}.elementor-widget-text-editor .elementor-drop-cap-letter{display:inline-block}<\/style>\t\t\t\t<h1>Pol\u00edtica de Devolu\u00e7\u00e3o<\/h1><p><strong>Direito de Retirada<\/strong><br \/>Voc\u00ea tem o direito de retirar-se deste contrato dentro de trinta dias sem fornecer qualquer motivo. O prazo de retirada \u00e9 de trinta dias a partir do dia em que voc\u00ea ou um terceiro designado por voc\u00ea, que n\u00e3o seja o transportador, tenha tomado posse do \u00faltimo bem.<\/p><p>Para exercer o seu direito de retirada, voc\u00ea deve nos informar (K-Sport GmbH (Noggi \u2013 Home Decor Masters \u2013 uma marca da K-Sport GmbH), Kiesweg 18, 35396 Gie\u00dfen, Alemanha, support@tischbein-metall.de, Telefone: +49 641 971 846 16) por meio de uma declara\u00e7\u00e3o clara (por exemplo, uma carta enviada pelo correio ou um e-mail) sobre sua decis\u00e3o de retirar-se deste contrato. Voc\u00ea pode usar o formul\u00e1rio de retirada modelo anexado, mas isso n\u00e3o \u00e9 obrigat\u00f3rio.<\/p><p>Para cumprir o prazo de retirada, \u00e9 suficiente que voc\u00ea envie a comunica\u00e7\u00e3o sobre o exerc\u00edcio do direito de retirada antes do prazo de retirada expirar.<\/p><p><strong>Consequ\u00eancias da Retirada <\/strong><br \/>Se voc\u00ea retirar-se deste contrato, reembolsaremos todos os pagamentos que recebemos de voc\u00ea, incluindo os custos de entrega (exceto os custos adicionais decorrentes da sua escolha por um tipo de entrega diferente da entrega padr\u00e3o mais econ\u00f4mica que oferecemos), imediatamente e o mais tardar quatorze dias a partir do dia em que recebermos comunica\u00e7\u00e3o da sua retirada deste contrato. Usaremos o mesmo meio de pagamento que voc\u00ea usou para a transa\u00e7\u00e3o original, a menos que tenha sido expressamente acordado algo diferente com voc\u00ea; em nenhum caso ser\u00e3o cobradas taxas por esse reembolso.<br \/>Podemos reter o reembolso at\u00e9 recebermos os bens de volta ou at\u00e9 que voc\u00ea forne\u00e7a evid\u00eancia de que devolveu os bens, o que ocorrer primeiro.<\/p><p>Voc\u00ea deve devolver ou entregar os bens imediatamente e, em qualquer caso, no m\u00e1ximo dentro de catorze dias a partir do dia em que nos informar sobre sua retirada deste contrato. O prazo \u00e9 considerado cumprido se voc\u00ea enviar os bens antes do t\u00e9rmino do prazo de catorze dias.<br \/>N\u00f3s arcamos com os custos de devolu\u00e7\u00e3o dos bens.<br \/>Voc\u00ea s\u00f3 \u00e9 respons\u00e1vel por qualquer deprecia\u00e7\u00e3o dos bens se essa deprecia\u00e7\u00e3o for atribu\u00edda a manuseio dos bens que n\u00e3o seja necess\u00e1rio para verificar a natureza, caracter\u00edsticas e funcionamento dos bens.<\/p><div style=\"border: 1px solid #000000; padding: 20px; margin-bottom: 20px; background-color: #c9c9c9;\"><h4 style=\"text-align: center;\">Formul\u00e1rio de Retirada Modelo<\/h4><p>(Se desejar retirar-se do contrato, preencha este formul\u00e1rio e envie-o de volta.)<\/p><p>&#8211; Para: <strong>(K-Sport GmbH (Noggi \u2013 Home Decor Masters \u2013 uma marca da K-Sport GmbH), Kiesweg 18, 35396 Gie\u00dfen, Telefone: +49 641 971 846 16, E-mail: <a href=\"mailto:support@tischbein-metall.de\">support@tischbein-metall.de<\/a>)<\/strong><\/p><p>&#8211; Por meio deste, eu\/n\u00f3s (*) revogo\/revoamos (*) o contrato celebrado por mim\/n\u00f3s (*) para a compra dos seguintes bens (*)\/ a presta\u00e7\u00e3o dos seguintes servi\u00e7os (*)<\/p><p>&#8211; Pedido em (*)\/recebido em (*)<\/p><p>&#8211; Nome do(s) consumidor(es)<\/p><p>&#8211; Endere\u00e7o do(s) consumidor(es)<\/p><p>&#8211; Assinatura do(s) consumidor(es) (apenas em caso de comunica\u00e7\u00e3o por escrito)<\/p><p>&#8211; Data<\/p><p>_______________<br \/>(*) Riscar o que n\u00e3o se aplica.<\/p><\/div><p><strong>Observa\u00e7\u00f5es Especiais<\/strong><br \/>Se voc\u00ea financiou este contrato por meio de um empr\u00e9stimo e depois o retirar, voc\u00ea tamb\u00e9m n\u00e3o estar\u00e1 mais vinculado ao contrato de empr\u00e9stimo, desde que ambos os contratos formem uma unidade econ\u00f4mica. Isso \u00e9 especialmente presumido quando somos simultaneamente seu credor ou quando seu credor recorre \u00e0 nossa colabora\u00e7\u00e3o para a financiamento. Se o empr\u00e9stimo j\u00e1 tiver sido pago a n\u00f3s no momento da efetiva\u00e7\u00e3o da retirada, seu credor entrar\u00e1 em nossos direitos e obriga\u00e7\u00f5es decorrentes do contrato financiado em rela\u00e7\u00e3o a voc\u00ea. Isso n\u00e3o se aplica se o contrato em quest\u00e3o tiver como objeto a aquisi\u00e7\u00e3o de instrumentos financeiros (por exemplo, t\u00edtulos, moedas ou derivativos).<\/p><p>Se deseja evitar o m\u00e1ximo poss\u00edvel de obriga\u00e7\u00f5es contratuais, fa\u00e7a uso do seu direito de retirada e, al\u00e9m disso, retire tamb\u00e9m o contrato de empr\u00e9stimo, se tamb\u00e9m tiver direito a isso.<\/p><p><strong>R\u00f3tulos de Devolu\u00e7\u00e3o <\/strong><br \/>Sem preju\u00edzo dos seus direitos legais, ser\u00e3o fornecidos gratuitamente r\u00f3tulos de devolu\u00e7\u00e3o para a sua devolu\u00e7\u00e3o. Ao usar estes r\u00f3tulos de devolu\u00e7\u00e3o, a devolu\u00e7\u00e3o \u00e9 gratuita para voc\u00ea.<br \/>O r\u00f3tulo de devolu\u00e7\u00e3o ser\u00e1 fornecido por e-mail.<br \/>Ser\u00e1 fornecido um link para o acesso ao r\u00f3tulo de devolu\u00e7\u00e3o.<br \/>A devolu\u00e7\u00e3o pode ser feita em um ponto de recolha do respectivo fornecedor na Alemanha ou na \u00c1ustria.<\/p>\t\t\t\t\t\t<\/div>\n\t\t\t\t<\/div>\n\t\t\t\t\t<\/div>\n\t\t\t\t<\/div>\n\t\t\t\t<\/div>\n\t\t","protected":false},"excerpt":{"rendered":"<p>Pol\u00edtica de Devolu\u00e7\u00e3o Direito de RetiradaVoc\u00ea tem o direito de retirar-se deste contrato dentro de trinta dias sem fornecer qualquer motivo. O prazo de retirada \u00e9 de trinta dias a partir do dia em que voc\u00ea ou um terceiro designado por voc\u00ea, que n\u00e3o seja o transportador, tenha tomado posse do \u00faltimo bem. Para exercer [&hellip;]<\/p>\n","protected":false},"author":3,"featured_media":0,"parent":0,"menu_order":0,"comment_status":"closed","ping_status":"closed","template":"","meta":{"_acf_changed":false,"inline_featured_image":false,"footnotes":""},"class_list":["post-14366","page","type-page","status-publish","hentry"],"acf":[],"yoast_head":"<!-- This site is optimized with the Yoast SEO plugin v25.3 - https:\/\/yoast.com\/wordpress\/plugins\/seo\/ -->\n<title>Direito de Retirada - Seu especialista em p\u00e9s de mesa de metal<\/title>\n<meta name=\"description\" content=\"Direito de Retirada \u2013 Seu especialista em p\u00e9s de mesa de metal \u2714\ufe0f Fabricado na Europa \u2714\ufe0f Qualidade excecional \u2714\ufe0f Entrega r\u00e1pida e gratuita\" \/>\n<meta name=\"robots\" content=\"index, follow, max-snippet:-1, max-image-preview:large, max-video-preview:-1\" \/>\n<link rel=\"canonical\" href=\"https:\/\/www.tischbein-metall.de\/pt-pt\/politica-de-devolucao\/\" \/>\n<meta property=\"og:locale\" content=\"pt_PT\" \/>\n<meta property=\"og:type\" content=\"article\" \/>\n<meta property=\"og:title\" content=\"Direito de Retirada - Seu especialista em p\u00e9s de mesa de metal\" \/>\n<meta property=\"og:description\" content=\"Direito de Retirada \u2013 Seu especialista em p\u00e9s de mesa de metal \u2714\ufe0f Fabricado na Europa \u2714\ufe0f Qualidade excecional \u2714\ufe0f Entrega r\u00e1pida e gratuita\" \/>\n<meta property=\"og:url\" content=\"https:\/\/www.tischbein-metall.de\/pt-pt\/politica-de-devolucao\/\" \/>\n<meta property=\"og:site_name\" content=\"O seu especialista em p\u00e9s de mesa met\u00e1licos\" \/>\n<meta property=\"article:modified_time\" content=\"2024-12-16T13:02:39+00:00\" \/>\n<meta name=\"twitter:card\" content=\"summary_large_image\" \/>\n<meta name=\"twitter:label1\" content=\"Tempo estimado de leitura\" \/>\n\t<meta name=\"twitter:data1\" content=\"4 minutos\" \/>\n<script type=\"application\/ld+json\" class=\"yoast-schema-graph\">{\"@context\":\"https:\/\/schema.org\",\"@graph\":[{\"@type\":\"WebPage\",\"@id\":\"https:\/\/www.tischbein-metall.de\/pt-pt\/politica-de-devolucao\/\",\"url\":\"https:\/\/www.tischbein-metall.de\/pt-pt\/politica-de-devolucao\/\",\"name\":\"Direito de Retirada - Seu especialista em p\u00e9s de mesa de metal\",\"isPartOf\":{\"@id\":\"https:\/\/www.tischbein-metall.de\/#website\"},\"datePublished\":\"2022-10-06T08:55:17+00:00\",\"dateModified\":\"2024-12-16T13:02:39+00:00\",\"description\":\"Direito de Retirada \u2013 Seu especialista em p\u00e9s de mesa de metal \u2714\ufe0f Fabricado na Europa \u2714\ufe0f Qualidade excecional \u2714\ufe0f Entrega r\u00e1pida e gratuita\",\"breadcrumb\":{\"@id\":\"https:\/\/www.tischbein-metall.de\/pt-pt\/politica-de-devolucao\/#breadcrumb\"},\"inLanguage\":\"pt-PT\",\"potentialAction\":[{\"@type\":\"ReadAction\",\"target\":[\"https:\/\/www.tischbein-metall.de\/pt-pt\/politica-de-devolucao\/\"]}]},{\"@type\":\"BreadcrumbList\",\"@id\":\"https:\/\/www.tischbein-metall.de\/pt-pt\/politica-de-devolucao\/#breadcrumb\",\"itemListElement\":[{\"@type\":\"ListItem\",\"position\":1,\"name\":\"P\u00e1gina inicial\",\"item\":\"https:\/\/www.tischbein-metall.de\/pt-pt\/\"},{\"@type\":\"ListItem\",\"position\":2,\"name\":\"Pol\u00edtica de Devolu\u00e7\u00e3o\"}]},{\"@type\":\"WebSite\",\"@id\":\"https:\/\/www.tischbein-metall.de\/#website\",\"url\":\"https:\/\/www.tischbein-metall.de\/\",\"name\":\"O seu especialista em p\u00e9s de mesa met\u00e1licos\",\"description\":\"\",\"potentialAction\":[{\"@type\":\"SearchAction\",\"target\":{\"@type\":\"EntryPoint\",\"urlTemplate\":\"https:\/\/www.tischbein-metall.de\/?s={search_term_string}\"},\"query-input\":{\"@type\":\"PropertyValueSpecification\",\"valueRequired\":true,\"valueName\":\"search_term_string\"}}],\"inLanguage\":\"pt-PT\"}]}<\/script>\n<!-- \/ Yoast SEO plugin. -->","yoast_head_json":{"title":"Direito de Retirada - Seu especialista em p\u00e9s de mesa de metal","description":"Direito de Retirada \u2013 Seu especialista em p\u00e9s de mesa de metal \u2714\ufe0f Fabricado na Europa \u2714\ufe0f Qualidade excecional \u2714\ufe0f Entrega r\u00e1pida e gratuita","robots":{"index":"index","follow":"follow","max-snippet":"max-snippet:-1","max-image-preview":"max-image-preview:large","max-video-preview":"max-video-preview:-1"},"canonical":"https:\/\/www.tischbein-metall.de\/pt-pt\/politica-de-devolucao\/","og_locale":"pt_PT","og_type":"article","og_title":"Direito de Retirada - Seu especialista em p\u00e9s de mesa de metal","og_description":"Direito de Retirada \u2013 Seu especialista em p\u00e9s de mesa de metal \u2714\ufe0f Fabricado na Europa \u2714\ufe0f Qualidade excecional \u2714\ufe0f Entrega r\u00e1pida e gratuita","og_url":"https:\/\/www.tischbein-metall.de\/pt-pt\/politica-de-devolucao\/","og_site_name":"O seu especialista em p\u00e9s de mesa met\u00e1licos","article_modified_time":"2024-12-16T13:02:39+00:00","twitter_card":"summary_large_image","twitter_misc":{"Tempo estimado de leitura":"4 minutos"},"schema":{"@context":"https:\/\/schema.org","@graph":[{"@type":"WebPage","@id":"https:\/\/www.tischbein-metall.de\/pt-pt\/politica-de-devolucao\/","url":"https:\/\/www.tischbein-metall.de\/pt-pt\/politica-de-devolucao\/","name":"Direito de Retirada - Seu especialista em p\u00e9s de mesa de metal","isPartOf":{"@id":"https:\/\/www.tischbein-metall.de\/#website"},"datePublished":"2022-10-06T08:55:17+00:00","dateModified":"2024-12-16T13:02:39+00:00","description":"Direito de Retirada \u2013 Seu especialista em p\u00e9s de mesa de metal \u2714\ufe0f Fabricado na Europa \u2714\ufe0f Qualidade excecional \u2714\ufe0f Entrega r\u00e1pida e gratuita","breadcrumb":{"@id":"https:\/\/www.tischbein-metall.de\/pt-pt\/politica-de-devolucao\/#breadcrumb"},"inLanguage":"pt-PT","potentialAction":[{"@type":"ReadAction","target":["https:\/\/www.tischbein-metall.de\/pt-pt\/politica-de-devolucao\/"]}]},{"@type":"BreadcrumbList","@id":"https:\/\/www.tischbein-metall.de\/pt-pt\/politica-de-devolucao\/#breadcrumb","itemListElement":[{"@type":"ListItem","position":1,"name":"P\u00e1gina inicial","item":"https:\/\/www.tischbein-metall.de\/pt-pt\/"},{"@type":"ListItem","position":2,"name":"Pol\u00edtica de Devolu\u00e7\u00e3o"}]},{"@type":"WebSite","@id":"https:\/\/www.tischbein-metall.de\/#website","url":"https:\/\/www.tischbein-metall.de\/","name":"O seu especialista em p\u00e9s de mesa met\u00e1licos","description":"","potentialAction":[{"@type":"SearchAction","target":{"@type":"EntryPoint","urlTemplate":"https:\/\/www.tischbein-metall.de\/?s={search_term_string}"},"query-input":{"@type":"PropertyValueSpecification","valueRequired":true,"valueName":"search_term_string"}}],"inLanguage":"pt-PT"}]}},"_links":{"self":[{"href":"https:\/\/www.tischbein-metall.de\/pt-pt\/wp-json\/wp\/v2\/pages\/14366","targetHints":{"allow":["GET"]}}],"collection":[{"href":"https:\/\/www.tischbein-metall.de\/pt-pt\/wp-json\/wp\/v2\/pages"}],"about":[{"href":"https:\/\/www.tischbein-metall.de\/pt-pt\/wp-json\/wp\/v2\/types\/page"}],"author":[{"embeddable":true,"href":"https:\/\/www.tischbein-metall.de\/pt-pt\/wp-json\/wp\/v2\/users\/3"}],"replies":[{"embeddable":true,"href":"https:\/\/www.tischbein-metall.de\/pt-pt\/wp-json\/wp\/v2\/comments?post=14366"}],"version-history":[{"count":14,"href":"https:\/\/www.tischbein-metall.de\/pt-pt\/wp-json\/wp\/v2\/pages\/14366\/revisions"}],"predecessor-version":[{"id":32496,"href":"https:\/\/www.tischbein-metall.de\/pt-pt\/wp-json\/wp\/v2\/pages\/14366\/revisions\/32496"}],"wp:attachment":[{"href":"https:\/\/www.tischbein-metall.de\/pt-pt\/wp-json\/wp\/v2\/media?parent=14366"}],"curies":[{"name":"wp","href":"https:\/\/api.w.org\/{rel}","templated":true}]}}