{"id":14376,"date":"2022-10-31T11:59:02","date_gmt":"2022-10-31T10:59:02","guid":{"rendered":"https:\/\/www.tischbein-metall.de\/?page_id=14376"},"modified":"2024-02-09T16:11:32","modified_gmt":"2024-02-09T15:11:32","slug":"devolucoes-e-reclamacoes","status":"publish","type":"page","link":"https:\/\/www.tischbein-metall.de\/pt-pt\/devolucoes-e-reclamacoes\/","title":{"rendered":"Devolu\u00e7\u00f5es e Reclama\u00e7\u00f5es"},"content":{"rendered":"\t\t<div data-elementor-type=\"wp-page\" data-elementor-id=\"14376\" class=\"elementor elementor-14376 elementor-11257\">\n\t\t\t\t<div class=\"elementor-element elementor-element-1ab0dd48 e-flex e-con-boxed e-con e-parent\" data-id=\"1ab0dd48\" data-element_type=\"container\">\n\t\t\t\t\t<div class=\"e-con-inner\">\n\t\t\t\t<div class=\"elementor-element elementor-element-7b271867 elementor-widget elementor-widget-text-editor\" data-id=\"7b271867\" data-element_type=\"widget\" data-widget_type=\"text-editor.default\">\n\t\t\t\t<div class=\"elementor-widget-container\">\n\t\t\t<style>\/*! elementor - v3.23.0 - 25-07-2024 *\/\n.elementor-widget-text-editor.elementor-drop-cap-view-stacked .elementor-drop-cap{background-color:#69727d;color:#fff}.elementor-widget-text-editor.elementor-drop-cap-view-framed .elementor-drop-cap{color:#69727d;border:3px solid;background-color:transparent}.elementor-widget-text-editor:not(.elementor-drop-cap-view-default) .elementor-drop-cap{margin-top:8px}.elementor-widget-text-editor:not(.elementor-drop-cap-view-default) .elementor-drop-cap-letter{width:1em;height:1em}.elementor-widget-text-editor .elementor-drop-cap{float:left;text-align:center;line-height:1;font-size:50px}.elementor-widget-text-editor .elementor-drop-cap-letter{display:inline-block}<\/style>\t\t\t\t\n<p>Certamente pode acontecer que voc\u00ea n\u00e3o goste de um item. Voc\u00ea pode cancelar o contrato de compra at\u00e9 30 dias ap\u00f3s o recebimento do produto e devolver o item gratuitamente para reembolso do pre\u00e7o de compra dentro de um prazo de 30 dias ap\u00f3s o cancelamento. Voc\u00ea pode encontrar nossa pol\u00edtica de devolu\u00e7\u00e3o aqui.<\/p>\n\n\n\n<p>Eu gostaria de devolver um item que pedi:<\/p>\n\n\n\n<p>Naturalmente, voc\u00ea tem o direito de cancelamento ilimitado na Noggi dentro de 30 dias ap\u00f3s receber o item. Por favor, entre em contato conosco por e-mail em: <a href=\"mailto:support@tischbein-metall.de\">support@tischbein-metall.de<\/a><\/p>\n\n\n\n<p>ou preencha o formul\u00e1rio de cancelamento pr\u00e9vio.<\/p>\n\n\n\n<p>Importante: Pedimos que voc\u00ea n\u00e3o envie o seu pedido de volta para n\u00f3s sem coment\u00e1rios e sem frete pago! Ap\u00f3s o recebimento do cancelamento, enviaremos um r\u00f3tulo de devolu\u00e7\u00e3o para que voc\u00ea possa nos enviar o pacote.<\/p>\n\n\n\n<p>Muito obrigado pela sua compreens\u00e3o!<\/p>\n\n\n\n<p>Equipe Noggi<\/p>\n\n\n\n<p>&nbsp;<\/p>\n\n\n\n<p class=\"has-text-align-center has-large-font-size\"><strong>Devolu\u00e7\u00e3o e Reclama\u00e7\u00e3o<\/strong><\/p>\n\n\n<div class=\"wpforms-container wpforms-container-full wpforms-render-modern\" id=\"wpforms-15255\"><form id=\"wpforms-form-15255\" class=\"wpforms-validate wpforms-form wpforms-ajax-form\" data-formid=\"15255\" method=\"post\" enctype=\"multipart\/form-data\" action=\"\/pt-pt\/wp-json\/wp\/v2\/pages\/14376\" data-token=\"5d54bbeaa80bd6b16287dc54d407ff19\" data-token-time=\"1778426285\"><noscript class=\"wpforms-error-noscript\">Please enable JavaScript in your browser to complete this form.<\/noscript><div class=\"wpforms-hidden\" id=\"wpforms-error-noscript\">Please enable JavaScript in your browser to complete this form.<\/div><div class=\"wpforms-field-container\"><div id=\"wpforms-15255-field_0-container\" class=\"wpforms-field wpforms-field-name\" data-field-id=\"0\"><label class=\"wpforms-field-label\" for=\"wpforms-15255-field_0\">Nome <span class=\"wpforms-required-label\" aria-hidden=\"true\">*<\/span><\/label><input type=\"text\" id=\"wpforms-15255-field_0\" class=\"wpforms-field-medium wpforms-field-required\" name=\"wpforms[fields][0]\" aria-errormessage=\"wpforms-15255-field_0-error\" required><\/div><div id=\"wpforms-15255-field_1-container\" class=\"wpforms-field wpforms-field-email\" data-field-id=\"1\"><label class=\"wpforms-field-label\" for=\"wpforms-15255-field_1\">E-mail <span class=\"wpforms-required-label\" aria-hidden=\"true\">*<\/span><\/label><input type=\"email\" id=\"wpforms-15255-field_1\" class=\"wpforms-field-medium wpforms-field-required\" name=\"wpforms[fields][1]\" spellcheck=\"false\" aria-errormessage=\"wpforms-15255-field_1-error\" required><\/div><div id=\"wpforms-15255-field_3-container\" class=\"wpforms-field wpforms-field-select wpforms-field-select-style-classic\" data-field-id=\"3\"><label class=\"wpforms-field-label\" for=\"wpforms-15255-field_3\">Motivo <span class=\"wpforms-required-label\" aria-hidden=\"true\">*<\/span><\/label><select id=\"wpforms-15255-field_3\" class=\"wpforms-field-medium wpforms-field-required\" name=\"wpforms[fields][3]\" required=\"required\"><option value=\"Por favor, escolha\" >Por favor, escolha<\/option><option value=\"Regresso\" >Regresso<\/option><option value=\"Reclama\u00e7\u00e3o\" >Reclama\u00e7\u00e3o<\/option><option value=\"Revoga\u00e7\u00e3o\" >Revoga\u00e7\u00e3o<\/option><\/select><\/div><div id=\"wpforms-15255-field_2-container\" class=\"wpforms-field wpforms-field-textarea\" data-field-id=\"2\"><label class=\"wpforms-field-label\" for=\"wpforms-15255-field_2\">A sua mensagem <span class=\"wpforms-required-label\" aria-hidden=\"true\">*<\/span><\/label><textarea id=\"wpforms-15255-field_2\" class=\"wpforms-field-medium wpforms-field-required\" name=\"wpforms[fields][2]\" aria-errormessage=\"wpforms-15255-field_2-error\" required><\/textarea><\/div><div id=\"wpforms-15255-field_4-container\" class=\"wpforms-field wpforms-field-checkbox\" data-field-id=\"4\"><fieldset><legend class=\"wpforms-field-label\">Informativa sulla privacy <span class=\"wpforms-required-label\" aria-hidden=\"true\">*<\/span><\/legend><ul id=\"wpforms-15255-field_4\" class=\"wpforms-field-required\"><li class=\"choice-1 depth-1\"><input type=\"checkbox\" id=\"wpforms-15255-field_4_1\" name=\"wpforms[fields][4][]\" value=\"Dichiaro di aver preso visione &lt;a style=&quot;color:#ed1b24;&quot; href=&quot;\/it\/informativa-sulla-privacy&quot;&gt;dell&#039;informativa sulla privacy&lt;\/a&gt;.\" aria-errormessage=\"wpforms-15255-field_4_1-error\" aria-describedby=\"wpforms-15255-field_4-description\" required ><label class=\"wpforms-field-label-inline\" for=\"wpforms-15255-field_4_1\">Dichiaro di aver preso visione <a style=\"color:#ed1b24\" href=\"\/it\/informativa-sulla-privacy\">dell&#8217;informativa sulla privacy<\/a>.<\/label><\/li><\/ul><div id=\"wpforms-15255-field_4-description\" class=\"wpforms-field-description\">Il consenso pu\u00f2 essere revocato in qualsiasi momento ai sensi dell&#8217;art. 7 (3) DSGVO mediante comunicazione informale (ad esempio via e-mail).<br><br>\r\n\r\nQuesto sito \u00e8 protetto da reCAPTCHA; si applicano <a href=\"https:\/\/policies.google.com\/privacy?hl=it\">l&#8217;informativa sulla privacy<\/a> e i <a href=\"https:\/\/policies.google.com\/terms?hl=it\">termini di servizio<\/a> di Google.<\/div><\/fieldset><\/div><\/div><!-- .wpforms-field-container --><div class=\"wpforms-recaptcha-container wpforms-is-recaptcha wpforms-is-recaptcha-type-v3\" ><input type=\"hidden\" name=\"wpforms[recaptcha]\" value=\"\"><\/div><div class=\"wpforms-submit-container\" ><input type=\"hidden\" name=\"wpforms[id]\" value=\"15255\"><input type=\"hidden\" name=\"page_title\" value=\"\"><input type=\"hidden\" name=\"page_url\" value=\"https:\/\/www.tischbein-metall.de\/pt-pt\/wp-json\/wp\/v2\/pages\/14376\"><button type=\"submit\" name=\"wpforms[submit]\" id=\"wpforms-submit-15255\" class=\"wpforms-submit\" data-alt-text=\"Enviar...\" data-submit-text=\"Enviar\" aria-live=\"assertive\" value=\"wpforms-submit\">Enviar<\/button><img decoding=\"async\" src=\"https:\/\/www.tischbein-metall.de\/wp-content\/plugins\/wpforms\/assets\/images\/submit-spin.svg\" class=\"wpforms-submit-spinner\" style=\"display: none;\" width=\"26\" height=\"26\" alt=\"Loading\"><\/div><\/form><\/div>  <!-- .wpforms-container -->\t\t\t\t\t\t<\/div>\n\t\t\t\t<\/div>\n\t\t\t\t\t<\/div>\n\t\t\t\t<\/div>\n\t\t\t\t<\/div>\n\t\t","protected":false},"excerpt":{"rendered":"<p>Certamente pode acontecer que voc\u00ea n\u00e3o goste de um item. Voc\u00ea pode cancelar o contrato de compra at\u00e9 30 dias ap\u00f3s o recebimento do produto e devolver o item gratuitamente para reembolso do pre\u00e7o de compra dentro de um prazo de 30 dias ap\u00f3s o cancelamento. Voc\u00ea pode encontrar nossa pol\u00edtica de devolu\u00e7\u00e3o aqui. Eu [&hellip;]<\/p>\n","protected":false},"author":3,"featured_media":0,"parent":0,"menu_order":0,"comment_status":"closed","ping_status":"closed","template":"","meta":{"_acf_changed":false,"inline_featured_image":false,"footnotes":""},"class_list":["post-14376","page","type-page","status-publish","hentry"],"acf":[],"yoast_head":"<!-- This site is optimized with the Yoast SEO plugin v25.3 - https:\/\/yoast.com\/wordpress\/plugins\/seo\/ -->\n<title>Devolu\u00e7\u00f5es e Reclama\u00e7\u00f5es<\/title>\n<meta name=\"description\" content=\"Devolu\u00e7\u00e3o e Reclama\u00e7\u00e3o \u2013 Seu especialista em p\u00e9s de mesa de metal \u2714\ufe0f Fabricado na Europa \u2714\ufe0f Qualidade excecional \u2714\ufe0f Entrega r\u00e1pida e gratuita\" \/>\n<meta name=\"robots\" content=\"index, follow, max-snippet:-1, max-image-preview:large, max-video-preview:-1\" \/>\n<link rel=\"canonical\" href=\"https:\/\/www.tischbein-metall.de\/nl\/retour-klacht\/\" \/>\n<meta property=\"og:locale\" content=\"pt_PT\" \/>\n<meta property=\"og:type\" content=\"article\" \/>\n<meta property=\"og:title\" content=\"Devolu\u00e7\u00f5es e Reclama\u00e7\u00f5es\" \/>\n<meta property=\"og:description\" content=\"Devolu\u00e7\u00e3o e Reclama\u00e7\u00e3o \u2013 Seu especialista em p\u00e9s de mesa de metal \u2714\ufe0f Fabricado na Europa \u2714\ufe0f Qualidade excecional \u2714\ufe0f Entrega r\u00e1pida e gratuita\" \/>\n<meta property=\"og:url\" content=\"https:\/\/www.tischbein-metall.de\/nl\/retour-klacht\/\" \/>\n<meta property=\"og:site_name\" content=\"O seu especialista em p\u00e9s de mesa met\u00e1licos\" \/>\n<meta property=\"article:modified_time\" content=\"2024-02-09T15:11:32+00:00\" \/>\n<meta name=\"twitter:card\" content=\"summary_large_image\" \/>\n<meta name=\"twitter:label1\" content=\"Tempo estimado de leitura\" \/>\n\t<meta name=\"twitter:data1\" content=\"1 minuto\" \/>\n<script type=\"application\/ld+json\" class=\"yoast-schema-graph\">{\"@context\":\"https:\/\/schema.org\",\"@graph\":[{\"@type\":\"WebPage\",\"@id\":\"https:\/\/www.tischbein-metall.de\/nl\/retour-klacht\/\",\"url\":\"https:\/\/www.tischbein-metall.de\/nl\/retour-klacht\/\",\"name\":\"Devolu\u00e7\u00f5es e Reclama\u00e7\u00f5es\",\"isPartOf\":{\"@id\":\"https:\/\/www.tischbein-metall.de\/#website\"},\"datePublished\":\"2022-10-31T10:59:02+00:00\",\"dateModified\":\"2024-02-09T15:11:32+00:00\",\"description\":\"Devolu\u00e7\u00e3o e Reclama\u00e7\u00e3o \u2013 Seu especialista em p\u00e9s de mesa de metal \u2714\ufe0f Fabricado na Europa \u2714\ufe0f Qualidade excecional \u2714\ufe0f Entrega r\u00e1pida e gratuita\",\"breadcrumb\":{\"@id\":\"https:\/\/www.tischbein-metall.de\/nl\/retour-klacht\/#breadcrumb\"},\"inLanguage\":\"pt-PT\",\"potentialAction\":[{\"@type\":\"ReadAction\",\"target\":[\"https:\/\/www.tischbein-metall.de\/nl\/retour-klacht\/\"]}]},{\"@type\":\"BreadcrumbList\",\"@id\":\"https:\/\/www.tischbein-metall.de\/nl\/retour-klacht\/#breadcrumb\",\"itemListElement\":[{\"@type\":\"ListItem\",\"position\":1,\"name\":\"P\u00e1gina inicial\",\"item\":\"https:\/\/www.tischbein-metall.de\/pt-pt\/\"},{\"@type\":\"ListItem\",\"position\":2,\"name\":\"Devolu\u00e7\u00f5es e Reclama\u00e7\u00f5es\"}]},{\"@type\":\"WebSite\",\"@id\":\"https:\/\/www.tischbein-metall.de\/#website\",\"url\":\"https:\/\/www.tischbein-metall.de\/\",\"name\":\"O seu especialista em p\u00e9s de mesa met\u00e1licos\",\"description\":\"\",\"potentialAction\":[{\"@type\":\"SearchAction\",\"target\":{\"@type\":\"EntryPoint\",\"urlTemplate\":\"https:\/\/www.tischbein-metall.de\/?s={search_term_string}\"},\"query-input\":{\"@type\":\"PropertyValueSpecification\",\"valueRequired\":true,\"valueName\":\"search_term_string\"}}],\"inLanguage\":\"pt-PT\"}]}<\/script>\n<!-- \/ Yoast SEO plugin. -->","yoast_head_json":{"title":"Devolu\u00e7\u00f5es e Reclama\u00e7\u00f5es","description":"Devolu\u00e7\u00e3o e Reclama\u00e7\u00e3o \u2013 Seu especialista em p\u00e9s de mesa de metal \u2714\ufe0f Fabricado na Europa \u2714\ufe0f Qualidade excecional \u2714\ufe0f Entrega r\u00e1pida e gratuita","robots":{"index":"index","follow":"follow","max-snippet":"max-snippet:-1","max-image-preview":"max-image-preview:large","max-video-preview":"max-video-preview:-1"},"canonical":"https:\/\/www.tischbein-metall.de\/nl\/retour-klacht\/","og_locale":"pt_PT","og_type":"article","og_title":"Devolu\u00e7\u00f5es e Reclama\u00e7\u00f5es","og_description":"Devolu\u00e7\u00e3o e Reclama\u00e7\u00e3o \u2013 Seu especialista em p\u00e9s de mesa de metal \u2714\ufe0f Fabricado na Europa \u2714\ufe0f Qualidade excecional \u2714\ufe0f Entrega r\u00e1pida e gratuita","og_url":"https:\/\/www.tischbein-metall.de\/nl\/retour-klacht\/","og_site_name":"O seu especialista em p\u00e9s de mesa met\u00e1licos","article_modified_time":"2024-02-09T15:11:32+00:00","twitter_card":"summary_large_image","twitter_misc":{"Tempo estimado de leitura":"1 minuto"},"schema":{"@context":"https:\/\/schema.org","@graph":[{"@type":"WebPage","@id":"https:\/\/www.tischbein-metall.de\/nl\/retour-klacht\/","url":"https:\/\/www.tischbein-metall.de\/nl\/retour-klacht\/","name":"Devolu\u00e7\u00f5es e Reclama\u00e7\u00f5es","isPartOf":{"@id":"https:\/\/www.tischbein-metall.de\/#website"},"datePublished":"2022-10-31T10:59:02+00:00","dateModified":"2024-02-09T15:11:32+00:00","description":"Devolu\u00e7\u00e3o e Reclama\u00e7\u00e3o \u2013 Seu especialista em p\u00e9s de mesa de metal \u2714\ufe0f Fabricado na Europa \u2714\ufe0f Qualidade excecional \u2714\ufe0f Entrega r\u00e1pida e gratuita","breadcrumb":{"@id":"https:\/\/www.tischbein-metall.de\/nl\/retour-klacht\/#breadcrumb"},"inLanguage":"pt-PT","potentialAction":[{"@type":"ReadAction","target":["https:\/\/www.tischbein-metall.de\/nl\/retour-klacht\/"]}]},{"@type":"BreadcrumbList","@id":"https:\/\/www.tischbein-metall.de\/nl\/retour-klacht\/#breadcrumb","itemListElement":[{"@type":"ListItem","position":1,"name":"P\u00e1gina inicial","item":"https:\/\/www.tischbein-metall.de\/pt-pt\/"},{"@type":"ListItem","position":2,"name":"Devolu\u00e7\u00f5es e Reclama\u00e7\u00f5es"}]},{"@type":"WebSite","@id":"https:\/\/www.tischbein-metall.de\/#website","url":"https:\/\/www.tischbein-metall.de\/","name":"O seu especialista em p\u00e9s de mesa met\u00e1licos","description":"","potentialAction":[{"@type":"SearchAction","target":{"@type":"EntryPoint","urlTemplate":"https:\/\/www.tischbein-metall.de\/?s={search_term_string}"},"query-input":{"@type":"PropertyValueSpecification","valueRequired":true,"valueName":"search_term_string"}}],"inLanguage":"pt-PT"}]}},"_links":{"self":[{"href":"https:\/\/www.tischbein-metall.de\/pt-pt\/wp-json\/wp\/v2\/pages\/14376","targetHints":{"allow":["GET"]}}],"collection":[{"href":"https:\/\/www.tischbein-metall.de\/pt-pt\/wp-json\/wp\/v2\/pages"}],"about":[{"href":"https:\/\/www.tischbein-metall.de\/pt-pt\/wp-json\/wp\/v2\/types\/page"}],"author":[{"embeddable":true,"href":"https:\/\/www.tischbein-metall.de\/pt-pt\/wp-json\/wp\/v2\/users\/3"}],"replies":[{"embeddable":true,"href":"https:\/\/www.tischbein-metall.de\/pt-pt\/wp-json\/wp\/v2\/comments?post=14376"}],"version-history":[{"count":7,"href":"https:\/\/www.tischbein-metall.de\/pt-pt\/wp-json\/wp\/v2\/pages\/14376\/revisions"}],"predecessor-version":[{"id":22006,"href":"https:\/\/www.tischbein-metall.de\/pt-pt\/wp-json\/wp\/v2\/pages\/14376\/revisions\/22006"}],"wp:attachment":[{"href":"https:\/\/www.tischbein-metall.de\/pt-pt\/wp-json\/wp\/v2\/media?parent=14376"}],"curies":[{"name":"wp","href":"https:\/\/api.w.org\/{rel}","templated":true}]}}