{"id":19193,"date":"2023-11-16T17:29:39","date_gmt":"2023-11-16T16:29:39","guid":{"rendered":"https:\/\/www.tischbein-metall.de\/treuepunkteprogramm\/"},"modified":"2024-06-20T19:04:07","modified_gmt":"2024-06-20T17:04:07","slug":"programa-de-fidelidade","status":"publish","type":"page","link":"https:\/\/www.tischbein-metall.de\/pt-pt\/programa-de-fidelidade\/","title":{"rendered":"Programa de fidelidade"},"content":{"rendered":"\t\t<div data-elementor-type=\"wp-page\" data-elementor-id=\"19193\" class=\"elementor elementor-19193 elementor-19136\">\n\t\t\t\t\t\t<section class=\"elementor-section elementor-top-section elementor-element elementor-element-49a214c4 elementor-section-full_width elementor-section-height-default elementor-section-height-default\" data-id=\"49a214c4\" data-element_type=\"section\">\n\t\t\t\t\t\t<div class=\"elementor-container elementor-column-gap-no\">\n\t\t\t\t\t<div class=\"elementor-column elementor-col-100 elementor-top-column elementor-element elementor-element-13a1510b\" data-id=\"13a1510b\" data-element_type=\"column\">\n\t\t\t<div class=\"elementor-widget-wrap elementor-element-populated\">\n\t\t\t\t\t\t<div class=\"elementor-element elementor-element-3c6a3012 razzi--h-position-center razzi--v-position-middle razzi-slide-banner__ratio--169 razzi-slides-elementor--arrow-style-1 razzi-slides-elementor--dots-style-1 elementor-widget elementor-widget-razzi-slides\" data-id=\"3c6a3012\" data-element_type=\"widget\" data-settings=\"{&quot;effect&quot;:&quot;fade&quot;,&quot;autoplay&quot;:&quot;yes&quot;,&quot;delay&quot;:3000,&quot;autoplay_speed&quot;:1000,&quot;aspect_ratio&quot;:&quot;169&quot;}\" data-widget_type=\"razzi-slides.default\">\n\t\t\t\t<div class=\"elementor-widget-container\">\n\t\t\t<div class=\"razzi-slides-elementor razzi-swiper-carousel-elementor razzi-swiper-slider-elementor navigation-arrows navigation-tablet-arrows navigation-mobile-arrows\">\r\n\t\t\t\t<div class=\"razzi-slides-elementor__wrapper swiper-container\">\r\n\t\t\t\t\t<div class=\"razzi-slides-elementor__inner swiper-wrapper\"><div  class=\"elementor-repeater-item-396798a item-slider swiper-slide \"><div class=\"slick-slide-inner container\"><div class=\"razzi-slide-content\"><div class=\"razzi-slide-heading\">Programa de fidelidade<\/div><div class=\"razzi-slide-button\"><\/div><\/div><\/div><\/div><\/div>\r\n\t\t\t\t<\/div>\r\n\t\t\t\t\r\n\t\t\t<\/div>\t\t<\/div>\n\t\t\t\t<\/div>\n\t\t\t\t\t<\/div>\n\t\t<\/div>\n\t\t\t\t\t<\/div>\n\t\t<\/section>\n\t\t\t\t<section class=\"elementor-section elementor-top-section elementor-element elementor-element-6d561be0 elementor-section-boxed elementor-section-height-default elementor-section-height-default\" data-id=\"6d561be0\" data-element_type=\"section\">\n\t\t\t\t\t\t<div class=\"elementor-container elementor-column-gap-default\">\n\t\t\t\t\t<div class=\"elementor-column elementor-col-100 elementor-top-column elementor-element elementor-element-6f3844ff\" data-id=\"6f3844ff\" data-element_type=\"column\">\n\t\t\t<div class=\"elementor-widget-wrap elementor-element-populated\">\n\t\t\t\t\t\t<div class=\"elementor-element elementor-element-6122c379 elementor-widget elementor-widget-heading\" data-id=\"6122c379\" data-element_type=\"widget\" data-widget_type=\"heading.default\">\n\t\t\t\t<div class=\"elementor-widget-container\">\n\t\t\t<style>\/*! elementor - v3.23.0 - 25-07-2024 *\/\n.elementor-heading-title{padding:0;margin:0;line-height:1}.elementor-widget-heading .elementor-heading-title[class*=elementor-size-]>a{color:inherit;font-size:inherit;line-height:inherit}.elementor-widget-heading .elementor-heading-title.elementor-size-small{font-size:15px}.elementor-widget-heading .elementor-heading-title.elementor-size-medium{font-size:19px}.elementor-widget-heading .elementor-heading-title.elementor-size-large{font-size:29px}.elementor-widget-heading .elementor-heading-title.elementor-size-xl{font-size:39px}.elementor-widget-heading .elementor-heading-title.elementor-size-xxl{font-size:59px}<\/style><h1 class=\"elementor-heading-title elementor-size-default\">Bem-vindo ao Programa de Fidelidade Noggi!<\/h1>\t\t<\/div>\n\t\t\t\t<\/div>\n\t\t\t\t\t<\/div>\n\t\t<\/div>\n\t\t\t\t\t<\/div>\n\t\t<\/section>\n\t\t\t\t<section class=\"elementor-section elementor-top-section elementor-element elementor-element-11ae71b4 elementor-section-boxed elementor-section-height-default elementor-section-height-default\" data-id=\"11ae71b4\" data-element_type=\"section\">\n\t\t\t\t\t\t<div class=\"elementor-container elementor-column-gap-default\">\n\t\t\t\t\t<div class=\"elementor-column elementor-col-100 elementor-top-column elementor-element elementor-element-347a14f3\" data-id=\"347a14f3\" data-element_type=\"column\">\n\t\t\t<div class=\"elementor-widget-wrap elementor-element-populated\">\n\t\t\t\t\t\t<div class=\"elementor-element elementor-element-376a0e82 elementor-widget elementor-widget-text-editor\" data-id=\"376a0e82\" data-element_type=\"widget\" data-widget_type=\"text-editor.default\">\n\t\t\t\t<div class=\"elementor-widget-container\">\n\t\t\t<style>\/*! elementor - v3.23.0 - 25-07-2024 *\/\n.elementor-widget-text-editor.elementor-drop-cap-view-stacked .elementor-drop-cap{background-color:#69727d;color:#fff}.elementor-widget-text-editor.elementor-drop-cap-view-framed .elementor-drop-cap{color:#69727d;border:3px solid;background-color:transparent}.elementor-widget-text-editor:not(.elementor-drop-cap-view-default) .elementor-drop-cap{margin-top:8px}.elementor-widget-text-editor:not(.elementor-drop-cap-view-default) .elementor-drop-cap-letter{width:1em;height:1em}.elementor-widget-text-editor .elementor-drop-cap{float:left;text-align:center;line-height:1;font-size:50px}.elementor-widget-text-editor .elementor-drop-cap-letter{display:inline-block}<\/style>\t\t\t\t<h2 style=\"font-size: 18px;\">Valoriza\u00e7\u00e3o do Cliente &#8211; Nossa Prioridade<\/h2><p>Na Noggi, valorizamos cada cliente. O nosso novo programa de fidelidade \u00e9 a nossa forma de agradecer pela sua lealdade e confian\u00e7a.<\/p><h3 style=\"font-size: 18px;\">Ganhe pontos com cada compra<\/h3><p>Por cada euro que gasta connosco, receber\u00e1 um ponto de fidelidade. Cada ponto de fidelidade equivale a 0,05\u20ac. Isto significa que, numa compra de 100\u20ac, receber\u00e1 um b\u00f3nus de fidelidade de 5\u20ac que pode utilizar nas suas compras futuras.<\/p><h3 style=\"font-size: 18px;\">Para quem \u00e9 o nosso programa de fidelidade?<\/h3><p>O nosso programa de fidelidade \u00e9 ideal para uma vasta gama de profissionais e entusiastas: designers e fabricantes de m\u00f3veis, designers de interiores, operadores de restaurantes, artes\u00e3os, restauradores, entusiastas, carpinteiros, entusiastas do fa\u00e7a-voc\u00ea-mesmo, fornecedores de escrit\u00f3rio e todos os amantes de mesas.<\/p><h3 style=\"font-size: 18px;\">Quando e como pode utilizar os seus pontos de fidelidade?<\/h3><p>Ap\u00f3s o pagamento do seu pedido, os seus pontos de fidelidade est\u00e3o imediatamente dispon\u00edveis. Pode facilmente resgat\u00e1-los na pr\u00f3xima compra na caixa.<\/p><h3 style=\"font-size: 18px;\">Transparente e justo &#8211; mesmo em devolu\u00e7\u00f5es<\/h3><p>Se decidir devolver um item, os pontos de fidelidade ganhos para esse item ser\u00e3o cancelados de acordo.<\/p><h3 style=\"font-size: 18px;\">Sempre \u00e0 vista: os seus pontos de fidelidade<\/h3><p>Voc\u00ea pode ver os pontos a serem recebidos em seu primeiro pedido diretamente no caixa no resumo. Pontos j\u00e1 acumulados podem ser encontrados em sua conta de usu\u00e1rio na aba &#8220;Pontos de Fidelidade&#8221;.<\/p><h3 style=\"font-size: 18px;\">Resgate de Pontos &#8211; Simples e Autom\u00e1tico<\/h3><p>Voc\u00ea pode facilmente e automaticamente adicionar seus pontos de fidelidade acumulados ao seu pedido no caixa.<\/p><h3 style=\"font-size: 18px;\">Informa\u00e7\u00e3o Importante Sobre o Resgate de Pontos de Fidelidade<\/h3><p>Por favor, note que o resgate de pontos de fidelidade em dinheiro n\u00e3o \u00e9 poss\u00edvel. Os pontos de fidelidade podem ser usados exclusivamente para compras em nosso site.<\/p><h3 style=\"font-size: 18px;\">Validade dos Pontos de Fidelidade<\/h3><div>Os pontos de fidelidade s\u00e3o v\u00e1lidos por tempo indeterminado.<\/div>\t\t\t\t\t\t<\/div>\n\t\t\t\t<\/div>\n\t\t\t\t\t<\/div>\n\t\t<\/div>\n\t\t\t\t\t<\/div>\n\t\t<\/section>\n\t\t\t\t<section class=\"elementor-section elementor-top-section elementor-element elementor-element-8414448 elementor-section-boxed elementor-section-height-default elementor-section-height-default\" data-id=\"8414448\" data-element_type=\"section\">\n\t\t\t\t\t\t<div class=\"elementor-container elementor-column-gap-default\">\n\t\t\t\t\t<div class=\"elementor-column elementor-col-100 elementor-top-column elementor-element elementor-element-33b5cf2\" data-id=\"33b5cf2\" data-element_type=\"column\">\n\t\t\t<div class=\"elementor-widget-wrap elementor-element-populated\">\n\t\t\t\t\t\t<div class=\"elementor-element elementor-element-5e18617 elementor-align-center elementor-widget elementor-widget-button\" data-id=\"5e18617\" data-element_type=\"widget\" data-widget_type=\"button.default\">\n\t\t\t\t<div class=\"elementor-widget-container\">\n\t\t\t\t\t<div class=\"elementor-button-wrapper\">\n\t\t\t<a class=\"elementor-button elementor-button-link elementor-size-md\" href=\"\/pt-pt\/\">\n\t\t\t\t\t\t<span class=\"elementor-button-content-wrapper\">\n\t\t\t\t\t\t\t\t\t<span class=\"elementor-button-text\">Comece a Acumular Pontos de Fidelidade Agora*<\/span>\n\t\t\t\t\t<\/span>\n\t\t\t\t\t<\/a>\n\t\t<\/div>\n\t\t\t\t<\/div>\n\t\t\t\t<\/div>\n\t\t\t\t<div class=\"elementor-element elementor-element-e75b57f elementor-widget elementor-widget-text-editor\" data-id=\"e75b57f\" data-element_type=\"widget\" data-widget_type=\"text-editor.default\">\n\t\t\t\t<div class=\"elementor-widget-container\">\n\t\t\t\t\t\t\t<p>*A inscri\u00e7\u00e3o no programa de pontos de fidelidade \u00e9 <strong>gratuita<\/strong> e <strong>autom\u00e1tica<\/strong> em sua primeira compra.<\/p>\t\t\t\t\t\t<\/div>\n\t\t\t\t<\/div>\n\t\t\t\t\t<\/div>\n\t\t<\/div>\n\t\t\t\t\t<\/div>\n\t\t<\/section>\n\t\t\t\t<\/div>\n\t\t","protected":false},"excerpt":{"rendered":"<p>Programa de fidelidade Bem-vindo ao Programa de Fidelidade Noggi! Valoriza\u00e7\u00e3o do Cliente &#8211; Nossa Prioridade Na Noggi, valorizamos cada cliente. O nosso novo programa de fidelidade \u00e9 a nossa forma de agradecer pela sua lealdade e confian\u00e7a. Ganhe pontos com cada compra Por cada euro que gasta connosco, receber\u00e1 um ponto de fidelidade. Cada ponto [&hellip;]<\/p>\n","protected":false},"author":1,"featured_media":0,"parent":0,"menu_order":0,"comment_status":"closed","ping_status":"closed","template":"","meta":{"_acf_changed":false,"inline_featured_image":false,"footnotes":""},"class_list":["post-19193","page","type-page","status-publish","hentry"],"acf":[],"yoast_head":"<!-- This site is optimized with the Yoast SEO plugin v25.3 - https:\/\/yoast.com\/wordpress\/plugins\/seo\/ -->\n<title>Programa de Fidelidade - Ganhe Pontos com Suas Compras<\/title>\n<meta name=\"description\" content=\"Junte-se ao nosso Programa de Fidelidade e ganhe pontos em cada compra. Descontos exclusivos e recompensas esperam por voc\u00ea. Participe agora!\" \/>\n<meta name=\"robots\" content=\"index, follow, max-snippet:-1, max-image-preview:large, max-video-preview:-1\" \/>\n<link rel=\"canonical\" href=\"https:\/\/www.tischbein-metall.de\/pt-pt\/programa-de-fidelidade\/\" \/>\n<meta property=\"og:locale\" content=\"pt_PT\" \/>\n<meta property=\"og:type\" content=\"article\" \/>\n<meta property=\"og:title\" content=\"Programa de Fidelidade - Ganhe Pontos com Suas Compras\" \/>\n<meta property=\"og:description\" content=\"Junte-se ao nosso Programa de Fidelidade e ganhe pontos em cada compra. Descontos exclusivos e recompensas esperam por voc\u00ea. Participe agora!\" \/>\n<meta property=\"og:url\" content=\"https:\/\/www.tischbein-metall.de\/pt-pt\/programa-de-fidelidade\/\" \/>\n<meta property=\"og:site_name\" content=\"O seu especialista em p\u00e9s de mesa met\u00e1licos\" \/>\n<meta property=\"article:modified_time\" content=\"2024-06-20T17:04:07+00:00\" \/>\n<meta name=\"twitter:card\" content=\"summary_large_image\" \/>\n<meta name=\"twitter:label1\" content=\"Tempo estimado de leitura\" \/>\n\t<meta name=\"twitter:data1\" content=\"2 minutos\" \/>\n<script type=\"application\/ld+json\" class=\"yoast-schema-graph\">{\"@context\":\"https:\/\/schema.org\",\"@graph\":[{\"@type\":\"WebPage\",\"@id\":\"https:\/\/www.tischbein-metall.de\/pt-pt\/programa-de-fidelidade\/\",\"url\":\"https:\/\/www.tischbein-metall.de\/pt-pt\/programa-de-fidelidade\/\",\"name\":\"Programa de Fidelidade - Ganhe Pontos com Suas Compras\",\"isPartOf\":{\"@id\":\"https:\/\/www.tischbein-metall.de\/#website\"},\"datePublished\":\"2023-11-16T16:29:39+00:00\",\"dateModified\":\"2024-06-20T17:04:07+00:00\",\"description\":\"Junte-se ao nosso Programa de Fidelidade e ganhe pontos em cada compra. Descontos exclusivos e recompensas esperam por voc\u00ea. Participe agora!\",\"breadcrumb\":{\"@id\":\"https:\/\/www.tischbein-metall.de\/pt-pt\/programa-de-fidelidade\/#breadcrumb\"},\"inLanguage\":\"pt-PT\",\"potentialAction\":[{\"@type\":\"ReadAction\",\"target\":[\"https:\/\/www.tischbein-metall.de\/pt-pt\/programa-de-fidelidade\/\"]}]},{\"@type\":\"BreadcrumbList\",\"@id\":\"https:\/\/www.tischbein-metall.de\/pt-pt\/programa-de-fidelidade\/#breadcrumb\",\"itemListElement\":[{\"@type\":\"ListItem\",\"position\":1,\"name\":\"P\u00e1gina inicial\",\"item\":\"https:\/\/www.tischbein-metall.de\/pt-pt\/\"},{\"@type\":\"ListItem\",\"position\":2,\"name\":\"Programa de fidelidade\"}]},{\"@type\":\"WebSite\",\"@id\":\"https:\/\/www.tischbein-metall.de\/#website\",\"url\":\"https:\/\/www.tischbein-metall.de\/\",\"name\":\"O seu especialista em p\u00e9s de mesa met\u00e1licos\",\"description\":\"\",\"potentialAction\":[{\"@type\":\"SearchAction\",\"target\":{\"@type\":\"EntryPoint\",\"urlTemplate\":\"https:\/\/www.tischbein-metall.de\/?s={search_term_string}\"},\"query-input\":{\"@type\":\"PropertyValueSpecification\",\"valueRequired\":true,\"valueName\":\"search_term_string\"}}],\"inLanguage\":\"pt-PT\"}]}<\/script>\n<!-- \/ Yoast SEO plugin. -->","yoast_head_json":{"title":"Programa de Fidelidade - Ganhe Pontos com Suas Compras","description":"Junte-se ao nosso Programa de Fidelidade e ganhe pontos em cada compra. Descontos exclusivos e recompensas esperam por voc\u00ea. Participe agora!","robots":{"index":"index","follow":"follow","max-snippet":"max-snippet:-1","max-image-preview":"max-image-preview:large","max-video-preview":"max-video-preview:-1"},"canonical":"https:\/\/www.tischbein-metall.de\/pt-pt\/programa-de-fidelidade\/","og_locale":"pt_PT","og_type":"article","og_title":"Programa de Fidelidade - Ganhe Pontos com Suas Compras","og_description":"Junte-se ao nosso Programa de Fidelidade e ganhe pontos em cada compra. Descontos exclusivos e recompensas esperam por voc\u00ea. Participe agora!","og_url":"https:\/\/www.tischbein-metall.de\/pt-pt\/programa-de-fidelidade\/","og_site_name":"O seu especialista em p\u00e9s de mesa met\u00e1licos","article_modified_time":"2024-06-20T17:04:07+00:00","twitter_card":"summary_large_image","twitter_misc":{"Tempo estimado de leitura":"2 minutos"},"schema":{"@context":"https:\/\/schema.org","@graph":[{"@type":"WebPage","@id":"https:\/\/www.tischbein-metall.de\/pt-pt\/programa-de-fidelidade\/","url":"https:\/\/www.tischbein-metall.de\/pt-pt\/programa-de-fidelidade\/","name":"Programa de Fidelidade - Ganhe Pontos com Suas Compras","isPartOf":{"@id":"https:\/\/www.tischbein-metall.de\/#website"},"datePublished":"2023-11-16T16:29:39+00:00","dateModified":"2024-06-20T17:04:07+00:00","description":"Junte-se ao nosso Programa de Fidelidade e ganhe pontos em cada compra. Descontos exclusivos e recompensas esperam por voc\u00ea. Participe agora!","breadcrumb":{"@id":"https:\/\/www.tischbein-metall.de\/pt-pt\/programa-de-fidelidade\/#breadcrumb"},"inLanguage":"pt-PT","potentialAction":[{"@type":"ReadAction","target":["https:\/\/www.tischbein-metall.de\/pt-pt\/programa-de-fidelidade\/"]}]},{"@type":"BreadcrumbList","@id":"https:\/\/www.tischbein-metall.de\/pt-pt\/programa-de-fidelidade\/#breadcrumb","itemListElement":[{"@type":"ListItem","position":1,"name":"P\u00e1gina inicial","item":"https:\/\/www.tischbein-metall.de\/pt-pt\/"},{"@type":"ListItem","position":2,"name":"Programa de fidelidade"}]},{"@type":"WebSite","@id":"https:\/\/www.tischbein-metall.de\/#website","url":"https:\/\/www.tischbein-metall.de\/","name":"O seu especialista em p\u00e9s de mesa met\u00e1licos","description":"","potentialAction":[{"@type":"SearchAction","target":{"@type":"EntryPoint","urlTemplate":"https:\/\/www.tischbein-metall.de\/?s={search_term_string}"},"query-input":{"@type":"PropertyValueSpecification","valueRequired":true,"valueName":"search_term_string"}}],"inLanguage":"pt-PT"}]}},"_links":{"self":[{"href":"https:\/\/www.tischbein-metall.de\/pt-pt\/wp-json\/wp\/v2\/pages\/19193","targetHints":{"allow":["GET"]}}],"collection":[{"href":"https:\/\/www.tischbein-metall.de\/pt-pt\/wp-json\/wp\/v2\/pages"}],"about":[{"href":"https:\/\/www.tischbein-metall.de\/pt-pt\/wp-json\/wp\/v2\/types\/page"}],"author":[{"embeddable":true,"href":"https:\/\/www.tischbein-metall.de\/pt-pt\/wp-json\/wp\/v2\/users\/1"}],"replies":[{"embeddable":true,"href":"https:\/\/www.tischbein-metall.de\/pt-pt\/wp-json\/wp\/v2\/comments?post=19193"}],"version-history":[{"count":13,"href":"https:\/\/www.tischbein-metall.de\/pt-pt\/wp-json\/wp\/v2\/pages\/19193\/revisions"}],"predecessor-version":[{"id":21612,"href":"https:\/\/www.tischbein-metall.de\/pt-pt\/wp-json\/wp\/v2\/pages\/19193\/revisions\/21612"}],"wp:attachment":[{"href":"https:\/\/www.tischbein-metall.de\/pt-pt\/wp-json\/wp\/v2\/media?parent=19193"}],"curies":[{"name":"wp","href":"https:\/\/api.w.org\/{rel}","templated":true}]}}