{"id":14041,"date":"2022-12-07T14:04:09","date_gmt":"2022-12-07T13:04:09","guid":{"rendered":"https:\/\/www.tischbein-metall.de\/produkt\/porta-chave-evolution\/"},"modified":"2024-06-20T19:36:53","modified_gmt":"2024-06-20T17:36:53","slug":"porta-chave-evolution","status":"publish","type":"product","link":"https:\/\/www.tischbein-metall.de\/pt-pt\/produto\/porta-chave-evolution\/","title":{"rendered":"Porta chave Evolution"},"content":{"rendered":"\t\t<div data-elementor-type=\"wp-post\" data-elementor-id=\"14041\" class=\"elementor elementor-14041 elementor-12113\">\n\t\t\t\t\t\t<section class=\"elementor-section elementor-top-section elementor-element elementor-element-6b6333fb elementor-section-boxed elementor-section-height-default elementor-section-height-default\" data-id=\"6b6333fb\" data-element_type=\"section\">\n\t\t\t\t\t\t<div class=\"elementor-container elementor-column-gap-default\">\n\t\t\t\t\t<div class=\"elementor-column elementor-col-100 elementor-top-column elementor-element elementor-element-51e2147b\" data-id=\"51e2147b\" data-element_type=\"column\">\n\t\t\t<div class=\"elementor-widget-wrap elementor-element-populated\">\n\t\t\t\t\t\t<div class=\"elementor-element elementor-element-5212644c elementor-widget elementor-widget-text-editor\" data-id=\"5212644c\" data-element_type=\"widget\" data-widget_type=\"text-editor.default\">\n\t\t\t\t<div class=\"elementor-widget-container\">\n\t\t\t<style>\/*! elementor - v3.23.0 - 25-07-2024 *\/\n.elementor-widget-text-editor.elementor-drop-cap-view-stacked .elementor-drop-cap{background-color:#69727d;color:#fff}.elementor-widget-text-editor.elementor-drop-cap-view-framed .elementor-drop-cap{color:#69727d;border:3px solid;background-color:transparent}.elementor-widget-text-editor:not(.elementor-drop-cap-view-default) .elementor-drop-cap{margin-top:8px}.elementor-widget-text-editor:not(.elementor-drop-cap-view-default) .elementor-drop-cap-letter{width:1em;height:1em}.elementor-widget-text-editor .elementor-drop-cap{float:left;text-align:center;line-height:1;font-size:50px}.elementor-widget-text-editor .elementor-drop-cap-letter{display:inline-block}<\/style>\t\t\t\t<p>Mantenha as suas chaves organizadas com o nosso <strong>porta chave<\/strong>! \u00c9 fornecido com dez ganchos e, gra\u00e7as ao a\u00e7o com revestimento em p\u00f3, nunca mais ter\u00e1 de se preocupar com a ferrugem. Nunca mais perca uma tecla com este elegante <strong>porta-chaves<\/strong>. Montado na parede, \u00e9 muito f\u00e1cil encontrar as suas chaves e guard\u00e1-las nos ganchos correspondentes.<\/p>\n\t\t\t\t\t\t<\/div>\n\t\t\t\t<\/div>\n\t\t\t\t<div class=\"elementor-element elementor-element-d961114 elementor-widget-divider--view-line elementor-widget elementor-widget-divider\" data-id=\"d961114\" data-element_type=\"widget\" data-widget_type=\"divider.default\">\n\t\t\t\t<div class=\"elementor-widget-container\">\n\t\t\t<style>\/*! elementor - v3.23.0 - 25-07-2024 *\/\n.elementor-widget-divider{--divider-border-style:none;--divider-border-width:1px;--divider-color:#0c0d0e;--divider-icon-size:20px;--divider-element-spacing:10px;--divider-pattern-height:24px;--divider-pattern-size:20px;--divider-pattern-url:none;--divider-pattern-repeat:repeat-x}.elementor-widget-divider .elementor-divider{display:flex}.elementor-widget-divider .elementor-divider__text{font-size:15px;line-height:1;max-width:95%}.elementor-widget-divider .elementor-divider__element{margin:0 var(--divider-element-spacing);flex-shrink:0}.elementor-widget-divider .elementor-icon{font-size:var(--divider-icon-size)}.elementor-widget-divider .elementor-divider-separator{display:flex;margin:0;direction:ltr}.elementor-widget-divider--view-line_icon .elementor-divider-separator,.elementor-widget-divider--view-line_text .elementor-divider-separator{align-items:center}.elementor-widget-divider--view-line_icon .elementor-divider-separator:after,.elementor-widget-divider--view-line_icon .elementor-divider-separator:before,.elementor-widget-divider--view-line_text .elementor-divider-separator:after,.elementor-widget-divider--view-line_text .elementor-divider-separator:before{display:block;content:\"\";border-block-end:0;flex-grow:1;border-block-start:var(--divider-border-width) var(--divider-border-style) var(--divider-color)}.elementor-widget-divider--element-align-left .elementor-divider .elementor-divider-separator>.elementor-divider__svg:first-of-type{flex-grow:0;flex-shrink:100}.elementor-widget-divider--element-align-left .elementor-divider-separator:before{content:none}.elementor-widget-divider--element-align-left .elementor-divider__element{margin-left:0}.elementor-widget-divider--element-align-right .elementor-divider .elementor-divider-separator>.elementor-divider__svg:last-of-type{flex-grow:0;flex-shrink:100}.elementor-widget-divider--element-align-right .elementor-divider-separator:after{content:none}.elementor-widget-divider--element-align-right .elementor-divider__element{margin-right:0}.elementor-widget-divider--element-align-start .elementor-divider .elementor-divider-separator>.elementor-divider__svg:first-of-type{flex-grow:0;flex-shrink:100}.elementor-widget-divider--element-align-start .elementor-divider-separator:before{content:none}.elementor-widget-divider--element-align-start .elementor-divider__element{margin-inline-start:0}.elementor-widget-divider--element-align-end .elementor-divider .elementor-divider-separator>.elementor-divider__svg:last-of-type{flex-grow:0;flex-shrink:100}.elementor-widget-divider--element-align-end .elementor-divider-separator:after{content:none}.elementor-widget-divider--element-align-end .elementor-divider__element{margin-inline-end:0}.elementor-widget-divider:not(.elementor-widget-divider--view-line_text):not(.elementor-widget-divider--view-line_icon) .elementor-divider-separator{border-block-start:var(--divider-border-width) var(--divider-border-style) var(--divider-color)}.elementor-widget-divider--separator-type-pattern{--divider-border-style:none}.elementor-widget-divider--separator-type-pattern.elementor-widget-divider--view-line .elementor-divider-separator,.elementor-widget-divider--separator-type-pattern:not(.elementor-widget-divider--view-line) .elementor-divider-separator:after,.elementor-widget-divider--separator-type-pattern:not(.elementor-widget-divider--view-line) .elementor-divider-separator:before,.elementor-widget-divider--separator-type-pattern:not([class*=elementor-widget-divider--view]) .elementor-divider-separator{width:100%;min-height:var(--divider-pattern-height);-webkit-mask-size:var(--divider-pattern-size) 100%;mask-size:var(--divider-pattern-size) 100%;-webkit-mask-repeat:var(--divider-pattern-repeat);mask-repeat:var(--divider-pattern-repeat);background-color:var(--divider-color);-webkit-mask-image:var(--divider-pattern-url);mask-image:var(--divider-pattern-url)}.elementor-widget-divider--no-spacing{--divider-pattern-size:auto}.elementor-widget-divider--bg-round{--divider-pattern-repeat:round}.rtl .elementor-widget-divider .elementor-divider__text{direction:rtl}.e-con-inner>.elementor-widget-divider,.e-con>.elementor-widget-divider{width:var(--container-widget-width,100%);--flex-grow:var(--container-widget-flex-grow)}<\/style>\t\t<div class=\"elementor-divider\">\n\t\t\t<span class=\"elementor-divider-separator\">\n\t\t\t\t\t\t<\/span>\n\t\t<\/div>\n\t\t\t\t<\/div>\n\t\t\t\t<\/div>\n\t\t\t\t<div class=\"elementor-element elementor-element-1d9b546 elementor-widget elementor-widget-image\" data-id=\"1d9b546\" data-element_type=\"widget\" data-widget_type=\"image.default\">\n\t\t\t\t<div class=\"elementor-widget-container\">\n\t\t\t<style>\/*! elementor - v3.23.0 - 25-07-2024 *\/\n.elementor-widget-image{text-align:center}.elementor-widget-image a{display:inline-block}.elementor-widget-image a img[src$=\".svg\"]{width:48px}.elementor-widget-image img{vertical-align:middle;display:inline-block}<\/style>\t\t\t\t\t\t\t\t\t\t<img decoding=\"async\" width=\"150\" height=\"150\" src=\"https:\/\/www.tischbein-metall.de\/wp-content\/uploads\/2022\/10\/eu-flag-circle-150x150.png\" class=\"attachment-thumbnail size-thumbnail wp-image-13390\" alt=\"\" srcset=\"https:\/\/www.tischbein-metall.de\/wp-content\/uploads\/2022\/10\/eu-flag-circle-150x150.png 150w, https:\/\/www.tischbein-metall.de\/wp-content\/uploads\/2022\/10\/eu-flag-circle-570x570.png 570w, https:\/\/www.tischbein-metall.de\/wp-content\/uploads\/2022\/10\/eu-flag-circle-130x130.png 130w, https:\/\/www.tischbein-metall.de\/wp-content\/uploads\/2022\/10\/eu-flag-circle-600x600.png 600w, https:\/\/www.tischbein-metall.de\/wp-content\/uploads\/2022\/10\/eu-flag-circle-300x300.png 300w, https:\/\/www.tischbein-metall.de\/wp-content\/uploads\/2022\/10\/eu-flag-circle-1024x1024.png 1024w, https:\/\/www.tischbein-metall.de\/wp-content\/uploads\/2022\/10\/eu-flag-circle-768x768.png 768w, https:\/\/www.tischbein-metall.de\/wp-content\/uploads\/2022\/10\/eu-flag-circle-12x12.png 12w, https:\/\/www.tischbein-metall.de\/wp-content\/uploads\/2022\/10\/eu-flag-circle.png 1280w\" sizes=\"(max-width: 150px) 100vw, 150px\" \/>\t\t\t\t\t\t\t\t\t\t\t\t\t<\/div>\n\t\t\t\t<\/div>\n\t\t\t\t\t<\/div>\n\t\t<\/div>\n\t\t\t\t\t<\/div>\n\t\t<\/section>\n\t\t\t\t<\/div>\n\t\t","protected":false},"excerpt":{"rendered":"<p>Nunca mais perca uma tecla com este elegante <strong>porta-chaves Evolution<\/strong>. Montado na parede, \u00e9 muito f\u00e1cil encontrar as suas chaves e guard\u00e1-las nos ganchos correspondentes.<\/p>\n<p><strong>Eleg\u00e2ncia intemporal para o seu hall de entrada<\/strong><br \/>\n\u2714\ufe0fO design individual enriquece o seu hall de entrada com um verdadeiro atrativo<br \/>\n\u2714\ufe0fUma forma simples de criar ordem e estrutura para as suas chaves, para que nunca mais tenha de perder tempo a procurar<br \/>\n\u2714\ufe0fO material de alta qualidade oferece-lhe uma arruma\u00e7\u00e3o duradoura e elegante para as suas chaves<\/p>\n","protected":false},"featured_media":13535,"comment_status":"open","ping_status":"closed","template":"","meta":{"_acf_changed":false,"inline_featured_image":false},"product_cat":[257],"product_tag":[232,426,262],"class_list":{"0":"post-14041","1":"product","2":"type-product","3":"status-publish","4":"has-post-thumbnail","6":"product_cat-porta-chaves","7":"product_tag-decoracao","8":"product_tag-evolution-pt-pt","9":"product_tag-porta-chaves","11":"first","12":"outofstock","13":"sale","14":"taxable","15":"shipping-taxable","16":"purchasable","17":"product-type-simple"},"acf":[],"yoast_head":"<!-- This site is optimized with the Yoast SEO plugin v25.3 - https:\/\/yoast.com\/wordpress\/plugins\/seo\/ -->\n<title>Porta-Chaves Evolution - Organiza\u00e7\u00e3o Elegante | Tischbein Metall<\/title>\n<meta name=\"description\" content=\"Porta chave Evolution \u2013 Su experto en patas de mesa de metal \u2714\ufe0f Fabricado na Europa \u2714\ufe0f Qualidade superior \u2714\ufe0f Envio r\u00e1pido e gratuito\" \/>\n<meta name=\"robots\" content=\"index, follow, max-snippet:-1, max-image-preview:large, max-video-preview:-1\" \/>\n<link rel=\"canonical\" href=\"https:\/\/www.tischbein-metall.de\/pt-pt\/produto\/porta-chave-evolution\/\" \/>\n<meta property=\"og:locale\" content=\"pt_PT\" \/>\n<meta property=\"og:type\" content=\"article\" \/>\n<meta property=\"og:title\" content=\"Porta-Chaves Evolution - Organiza\u00e7\u00e3o Elegante | Tischbein Metall\" \/>\n<meta property=\"og:description\" content=\"Porta chave Evolution \u2013 Su experto en patas de mesa de metal \u2714\ufe0f Fabricado na Europa \u2714\ufe0f Qualidade superior \u2714\ufe0f Envio r\u00e1pido e gratuito\" \/>\n<meta property=\"og:url\" content=\"https:\/\/www.tischbein-metall.de\/pt-pt\/produto\/porta-chave-evolution\/\" \/>\n<meta property=\"og:site_name\" content=\"O seu especialista em p\u00e9s de mesa met\u00e1licos\" \/>\n<meta property=\"article:modified_time\" content=\"2024-06-20T17:36:53+00:00\" \/>\n<meta property=\"og:image\" content=\"https:\/\/www.tischbein-metall.de\/wp-content\/uploads\/2023\/07\/teclado-evolucao-1.jpg\" \/>\n\t<meta property=\"og:image:width\" content=\"2560\" \/>\n\t<meta property=\"og:image:height\" content=\"2560\" \/>\n\t<meta property=\"og:image:type\" content=\"image\/jpeg\" \/>\n<meta name=\"twitter:card\" content=\"summary_large_image\" \/>\n<meta name=\"twitter:label1\" content=\"Tempo estimado de leitura\" \/>\n\t<meta name=\"twitter:data1\" content=\"1 minuto\" \/>\n<script type=\"application\/ld+json\" class=\"yoast-schema-graph\">{\"@context\":\"https:\/\/schema.org\",\"@graph\":[{\"@type\":\"WebPage\",\"@id\":\"https:\/\/www.tischbein-metall.de\/pt-pt\/produto\/porta-chave-evolution\/\",\"url\":\"https:\/\/www.tischbein-metall.de\/pt-pt\/produto\/porta-chave-evolution\/\",\"name\":\"Porta-Chaves Evolution - Organiza\u00e7\u00e3o Elegante | Tischbein Metall\",\"isPartOf\":{\"@id\":\"https:\/\/www.tischbein-metall.de\/#website\"},\"primaryImageOfPage\":{\"@id\":\"https:\/\/www.tischbein-metall.de\/pt-pt\/produto\/porta-chave-evolution\/#primaryimage\"},\"image\":{\"@id\":\"https:\/\/www.tischbein-metall.de\/pt-pt\/produto\/porta-chave-evolution\/#primaryimage\"},\"thumbnailUrl\":\"https:\/\/www.tischbein-metall.de\/wp-content\/uploads\/2023\/07\/teclado-evolucao-1.jpg\",\"datePublished\":\"2022-12-07T13:04:09+00:00\",\"dateModified\":\"2024-06-20T17:36:53+00:00\",\"description\":\"Porta chave Evolution \u2013 Su experto en patas de mesa de metal \u2714\ufe0f Fabricado na Europa \u2714\ufe0f Qualidade superior \u2714\ufe0f Envio r\u00e1pido e gratuito\",\"breadcrumb\":{\"@id\":\"https:\/\/www.tischbein-metall.de\/pt-pt\/produto\/porta-chave-evolution\/#breadcrumb\"},\"inLanguage\":\"pt-PT\",\"potentialAction\":[{\"@type\":\"ReadAction\",\"target\":[\"https:\/\/www.tischbein-metall.de\/pt-pt\/produto\/porta-chave-evolution\/\"]}]},{\"@type\":\"ImageObject\",\"inLanguage\":\"pt-PT\",\"@id\":\"https:\/\/www.tischbein-metall.de\/pt-pt\/produto\/porta-chave-evolution\/#primaryimage\",\"url\":\"https:\/\/www.tischbein-metall.de\/wp-content\/uploads\/2023\/07\/teclado-evolucao-1.jpg\",\"contentUrl\":\"https:\/\/www.tischbein-metall.de\/wp-content\/uploads\/2023\/07\/teclado-evolucao-1.jpg\",\"width\":2560,\"height\":2560,\"caption\":\"teclado-evolu\u00e7\u00e3o-1\"},{\"@type\":\"BreadcrumbList\",\"@id\":\"https:\/\/www.tischbein-metall.de\/pt-pt\/produto\/porta-chave-evolution\/#breadcrumb\",\"itemListElement\":[{\"@type\":\"ListItem\",\"position\":1,\"name\":\"P\u00e1gina inicial\",\"item\":\"https:\/\/www.tischbein-metall.de\/pt-pt\/\"},{\"@type\":\"ListItem\",\"position\":2,\"name\":\"Produtos\",\"item\":\"https:\/\/www.tischbein-metall.de\/pt-pt\/produtos\/\"},{\"@type\":\"ListItem\",\"position\":3,\"name\":\"Porta chave Evolution\"}]},{\"@type\":\"WebSite\",\"@id\":\"https:\/\/www.tischbein-metall.de\/#website\",\"url\":\"https:\/\/www.tischbein-metall.de\/\",\"name\":\"O seu especialista em p\u00e9s de mesa met\u00e1licos\",\"description\":\"\",\"potentialAction\":[{\"@type\":\"SearchAction\",\"target\":{\"@type\":\"EntryPoint\",\"urlTemplate\":\"https:\/\/www.tischbein-metall.de\/?s={search_term_string}\"},\"query-input\":{\"@type\":\"PropertyValueSpecification\",\"valueRequired\":true,\"valueName\":\"search_term_string\"}}],\"inLanguage\":\"pt-PT\"}]}<\/script>\n<!-- \/ Yoast SEO plugin. -->","yoast_head_json":{"title":"Porta-Chaves Evolution - Organiza\u00e7\u00e3o Elegante | Tischbein Metall","description":"Porta chave Evolution \u2013 Su experto en patas de mesa de metal \u2714\ufe0f Fabricado na Europa \u2714\ufe0f Qualidade superior \u2714\ufe0f Envio r\u00e1pido e gratuito","robots":{"index":"index","follow":"follow","max-snippet":"max-snippet:-1","max-image-preview":"max-image-preview:large","max-video-preview":"max-video-preview:-1"},"canonical":"https:\/\/www.tischbein-metall.de\/pt-pt\/produto\/porta-chave-evolution\/","og_locale":"pt_PT","og_type":"article","og_title":"Porta-Chaves Evolution - Organiza\u00e7\u00e3o Elegante | Tischbein Metall","og_description":"Porta chave Evolution \u2013 Su experto en patas de mesa de metal \u2714\ufe0f Fabricado na Europa \u2714\ufe0f Qualidade superior \u2714\ufe0f Envio r\u00e1pido e gratuito","og_url":"https:\/\/www.tischbein-metall.de\/pt-pt\/produto\/porta-chave-evolution\/","og_site_name":"O seu especialista em p\u00e9s de mesa met\u00e1licos","article_modified_time":"2024-06-20T17:36:53+00:00","og_image":[{"width":2560,"height":2560,"url":"https:\/\/www.tischbein-metall.de\/wp-content\/uploads\/2023\/07\/teclado-evolucao-1.jpg","type":"image\/jpeg"}],"twitter_card":"summary_large_image","twitter_misc":{"Tempo estimado de leitura":"1 minuto"},"schema":{"@context":"https:\/\/schema.org","@graph":[{"@type":"WebPage","@id":"https:\/\/www.tischbein-metall.de\/pt-pt\/produto\/porta-chave-evolution\/","url":"https:\/\/www.tischbein-metall.de\/pt-pt\/produto\/porta-chave-evolution\/","name":"Porta-Chaves Evolution - Organiza\u00e7\u00e3o Elegante | Tischbein Metall","isPartOf":{"@id":"https:\/\/www.tischbein-metall.de\/#website"},"primaryImageOfPage":{"@id":"https:\/\/www.tischbein-metall.de\/pt-pt\/produto\/porta-chave-evolution\/#primaryimage"},"image":{"@id":"https:\/\/www.tischbein-metall.de\/pt-pt\/produto\/porta-chave-evolution\/#primaryimage"},"thumbnailUrl":"https:\/\/www.tischbein-metall.de\/wp-content\/uploads\/2023\/07\/teclado-evolucao-1.jpg","datePublished":"2022-12-07T13:04:09+00:00","dateModified":"2024-06-20T17:36:53+00:00","description":"Porta chave Evolution \u2013 Su experto en patas de mesa de metal \u2714\ufe0f Fabricado na Europa \u2714\ufe0f Qualidade superior \u2714\ufe0f Envio r\u00e1pido e gratuito","breadcrumb":{"@id":"https:\/\/www.tischbein-metall.de\/pt-pt\/produto\/porta-chave-evolution\/#breadcrumb"},"inLanguage":"pt-PT","potentialAction":[{"@type":"ReadAction","target":["https:\/\/www.tischbein-metall.de\/pt-pt\/produto\/porta-chave-evolution\/"]}]},{"@type":"ImageObject","inLanguage":"pt-PT","@id":"https:\/\/www.tischbein-metall.de\/pt-pt\/produto\/porta-chave-evolution\/#primaryimage","url":"https:\/\/www.tischbein-metall.de\/wp-content\/uploads\/2023\/07\/teclado-evolucao-1.jpg","contentUrl":"https:\/\/www.tischbein-metall.de\/wp-content\/uploads\/2023\/07\/teclado-evolucao-1.jpg","width":2560,"height":2560,"caption":"teclado-evolu\u00e7\u00e3o-1"},{"@type":"BreadcrumbList","@id":"https:\/\/www.tischbein-metall.de\/pt-pt\/produto\/porta-chave-evolution\/#breadcrumb","itemListElement":[{"@type":"ListItem","position":1,"name":"P\u00e1gina inicial","item":"https:\/\/www.tischbein-metall.de\/pt-pt\/"},{"@type":"ListItem","position":2,"name":"Produtos","item":"https:\/\/www.tischbein-metall.de\/pt-pt\/produtos\/"},{"@type":"ListItem","position":3,"name":"Porta chave Evolution"}]},{"@type":"WebSite","@id":"https:\/\/www.tischbein-metall.de\/#website","url":"https:\/\/www.tischbein-metall.de\/","name":"O seu especialista em p\u00e9s de mesa met\u00e1licos","description":"","potentialAction":[{"@type":"SearchAction","target":{"@type":"EntryPoint","urlTemplate":"https:\/\/www.tischbein-metall.de\/?s={search_term_string}"},"query-input":{"@type":"PropertyValueSpecification","valueRequired":true,"valueName":"search_term_string"}}],"inLanguage":"pt-PT"}]}},"_links":{"self":[{"href":"https:\/\/www.tischbein-metall.de\/pt-pt\/wp-json\/wp\/v2\/product\/14041","targetHints":{"allow":["GET"]}}],"collection":[{"href":"https:\/\/www.tischbein-metall.de\/pt-pt\/wp-json\/wp\/v2\/product"}],"about":[{"href":"https:\/\/www.tischbein-metall.de\/pt-pt\/wp-json\/wp\/v2\/types\/product"}],"replies":[{"embeddable":true,"href":"https:\/\/www.tischbein-metall.de\/pt-pt\/wp-json\/wp\/v2\/comments?post=14041"}],"version-history":[{"count":4,"href":"https:\/\/www.tischbein-metall.de\/pt-pt\/wp-json\/wp\/v2\/product\/14041\/revisions"}],"predecessor-version":[{"id":24708,"href":"https:\/\/www.tischbein-metall.de\/pt-pt\/wp-json\/wp\/v2\/product\/14041\/revisions\/24708"}],"wp:featuredmedia":[{"embeddable":true,"href":"https:\/\/www.tischbein-metall.de\/pt-pt\/wp-json\/wp\/v2\/media\/13535"}],"wp:attachment":[{"href":"https:\/\/www.tischbein-metall.de\/pt-pt\/wp-json\/wp\/v2\/media?parent=14041"}],"wp:term":[{"taxonomy":"product_cat","embeddable":true,"href":"https:\/\/www.tischbein-metall.de\/pt-pt\/wp-json\/wp\/v2\/product_cat?post=14041"},{"taxonomy":"product_tag","embeddable":true,"href":"https:\/\/www.tischbein-metall.de\/pt-pt\/wp-json\/wp\/v2\/product_tag?post=14041"}],"curies":[{"name":"wp","href":"https:\/\/api.w.org\/{rel}","templated":true}]}}