{"id":18339,"date":"2023-10-19T08:04:03","date_gmt":"2023-10-19T06:04:03","guid":{"rendered":"https:\/\/www.tischbein-metall.de\/produkt\/conjunto-de-2-pes-de-mesa-metalicos-em-forma-de-v\/"},"modified":"2025-11-18T18:01:48","modified_gmt":"2025-11-18T17:01:48","slug":"conjunto-de-2-pes-de-mesa-metalicos-em-forma-de-v","status":"publish","type":"product","link":"https:\/\/www.tischbein-metall.de\/pt-pt\/produto\/conjunto-de-2-pes-de-mesa-metalicos-em-forma-de-v\/","title":{"rendered":"Conjunto de 2 p\u00e9s de mesa met\u00e1licos em forma de V"},"content":{"rendered":"\t\t<div data-elementor-type=\"wp-post\" data-elementor-id=\"18339\" class=\"elementor elementor-18339 elementor-17186\">\n\t\t\t\t\t\t<section class=\"elementor-section elementor-top-section elementor-element elementor-element-a2a0930 elementor-section-boxed elementor-section-height-default elementor-section-height-default\" data-id=\"a2a0930\" data-element_type=\"section\">\n\t\t\t\t\t\t<div class=\"elementor-container elementor-column-gap-default\">\n\t\t\t\t\t<div class=\"elementor-column elementor-col-100 elementor-top-column elementor-element elementor-element-c5cfe82\" data-id=\"c5cfe82\" data-element_type=\"column\">\n\t\t\t<div class=\"elementor-widget-wrap elementor-element-populated\">\n\t\t\t\t\t\t<div class=\"elementor-element elementor-element-8db1d8d elementor-widget elementor-widget-text-editor\" data-id=\"8db1d8d\" data-element_type=\"widget\" data-widget_type=\"text-editor.default\">\n\t\t\t\t<div class=\"elementor-widget-container\">\n\t\t\t<style>\/*! elementor - v3.23.0 - 25-07-2024 *\/\n.elementor-widget-text-editor.elementor-drop-cap-view-stacked .elementor-drop-cap{background-color:#69727d;color:#fff}.elementor-widget-text-editor.elementor-drop-cap-view-framed .elementor-drop-cap{color:#69727d;border:3px solid;background-color:transparent}.elementor-widget-text-editor:not(.elementor-drop-cap-view-default) .elementor-drop-cap{margin-top:8px}.elementor-widget-text-editor:not(.elementor-drop-cap-view-default) .elementor-drop-cap-letter{width:1em;height:1em}.elementor-widget-text-editor .elementor-drop-cap{float:left;text-align:center;line-height:1;font-size:50px}.elementor-widget-text-editor .elementor-drop-cap-letter{display:inline-block}<\/style>\t\t\t\t<p>As nossas <b>pernas de mesa em forma de V<\/b> est\u00e3o dispon\u00edveis nos tamanhos <b>45\/30cm x 42cm<\/b> e <b>77\/50cm x 72cm<\/b>&nbsp;. Estas pernas de mesa fornecem a base ideal para os seus projetos de mesa personalizados, seja para mesas de centro, mesas auxiliares, secret\u00e1rias, mesas de jardim, mesas de cozinha ou mesas de jantar. Fabricadas em a\u00e7o inoxid\u00e1vel resistente, garantem durabilidade e estabilidade.<\/p>\n<p>As fendas longas (20x10mm) facilitam a fixa\u00e7\u00e3o das estruturas das mesas, e a espessura do material permite que suportem com seguran\u00e7a tampos de mesa pesados. As pernas da mesa est\u00e3o dispon\u00edveis em elegante <b>preto fosco<\/b> e intemporal <b>antracite<\/b> para se adequarem ao seu estilo pessoal. Um conjunto de duas pernas de mesa inclui prote\u00e7\u00e3o pr\u00e1tica para pisos sens\u00edveis.<\/p>\n<p>Receber\u00e1 os p\u00e9s de mesa como um &nbsp;conjunto de 2&nbsp; &#8211; incluindo um pr\u00e1tico protetor de ch\u00e3o para pisos sens\u00edveis.<\/p>\n<p>Intemporal &#8211; Vers\u00e1til &#8211; Apaixonado I Constru\u00e7\u00e3o de m\u00f3veis DIY ao seu gosto<\/p>\n<p>Os nossos diferentes tamanhos (<b>45\/30cm x 42cm<\/b> e <b>77\/50cm x 72cm<\/b>) permitem-lhe criar a mesa perfeita para as suas necessidades. Deixe a sua criatividade fluir e crie uma pe\u00e7a de mobili\u00e1rio ao seu gosto &#8211; atemporal, vers\u00e1til e apaixonante.<\/p>\t\t\t\t\t\t<\/div>\n\t\t\t\t<\/div>\n\t\t\t\t<div class=\"elementor-element elementor-element-582ee58 elementor-widget-divider--view-line elementor-widget elementor-widget-divider\" data-id=\"582ee58\" data-element_type=\"widget\" data-widget_type=\"divider.default\">\n\t\t\t\t<div class=\"elementor-widget-container\">\n\t\t\t<style>\/*! elementor - v3.23.0 - 25-07-2024 *\/\n.elementor-widget-divider{--divider-border-style:none;--divider-border-width:1px;--divider-color:#0c0d0e;--divider-icon-size:20px;--divider-element-spacing:10px;--divider-pattern-height:24px;--divider-pattern-size:20px;--divider-pattern-url:none;--divider-pattern-repeat:repeat-x}.elementor-widget-divider .elementor-divider{display:flex}.elementor-widget-divider .elementor-divider__text{font-size:15px;line-height:1;max-width:95%}.elementor-widget-divider .elementor-divider__element{margin:0 var(--divider-element-spacing);flex-shrink:0}.elementor-widget-divider .elementor-icon{font-size:var(--divider-icon-size)}.elementor-widget-divider .elementor-divider-separator{display:flex;margin:0;direction:ltr}.elementor-widget-divider--view-line_icon .elementor-divider-separator,.elementor-widget-divider--view-line_text .elementor-divider-separator{align-items:center}.elementor-widget-divider--view-line_icon .elementor-divider-separator:after,.elementor-widget-divider--view-line_icon .elementor-divider-separator:before,.elementor-widget-divider--view-line_text .elementor-divider-separator:after,.elementor-widget-divider--view-line_text .elementor-divider-separator:before{display:block;content:\"\";border-block-end:0;flex-grow:1;border-block-start:var(--divider-border-width) var(--divider-border-style) var(--divider-color)}.elementor-widget-divider--element-align-left .elementor-divider .elementor-divider-separator>.elementor-divider__svg:first-of-type{flex-grow:0;flex-shrink:100}.elementor-widget-divider--element-align-left .elementor-divider-separator:before{content:none}.elementor-widget-divider--element-align-left .elementor-divider__element{margin-left:0}.elementor-widget-divider--element-align-right .elementor-divider .elementor-divider-separator>.elementor-divider__svg:last-of-type{flex-grow:0;flex-shrink:100}.elementor-widget-divider--element-align-right .elementor-divider-separator:after{content:none}.elementor-widget-divider--element-align-right .elementor-divider__element{margin-right:0}.elementor-widget-divider--element-align-start .elementor-divider .elementor-divider-separator>.elementor-divider__svg:first-of-type{flex-grow:0;flex-shrink:100}.elementor-widget-divider--element-align-start .elementor-divider-separator:before{content:none}.elementor-widget-divider--element-align-start .elementor-divider__element{margin-inline-start:0}.elementor-widget-divider--element-align-end .elementor-divider .elementor-divider-separator>.elementor-divider__svg:last-of-type{flex-grow:0;flex-shrink:100}.elementor-widget-divider--element-align-end .elementor-divider-separator:after{content:none}.elementor-widget-divider--element-align-end .elementor-divider__element{margin-inline-end:0}.elementor-widget-divider:not(.elementor-widget-divider--view-line_text):not(.elementor-widget-divider--view-line_icon) .elementor-divider-separator{border-block-start:var(--divider-border-width) var(--divider-border-style) var(--divider-color)}.elementor-widget-divider--separator-type-pattern{--divider-border-style:none}.elementor-widget-divider--separator-type-pattern.elementor-widget-divider--view-line .elementor-divider-separator,.elementor-widget-divider--separator-type-pattern:not(.elementor-widget-divider--view-line) .elementor-divider-separator:after,.elementor-widget-divider--separator-type-pattern:not(.elementor-widget-divider--view-line) .elementor-divider-separator:before,.elementor-widget-divider--separator-type-pattern:not([class*=elementor-widget-divider--view]) .elementor-divider-separator{width:100%;min-height:var(--divider-pattern-height);-webkit-mask-size:var(--divider-pattern-size) 100%;mask-size:var(--divider-pattern-size) 100%;-webkit-mask-repeat:var(--divider-pattern-repeat);mask-repeat:var(--divider-pattern-repeat);background-color:var(--divider-color);-webkit-mask-image:var(--divider-pattern-url);mask-image:var(--divider-pattern-url)}.elementor-widget-divider--no-spacing{--divider-pattern-size:auto}.elementor-widget-divider--bg-round{--divider-pattern-repeat:round}.rtl .elementor-widget-divider .elementor-divider__text{direction:rtl}.e-con-inner>.elementor-widget-divider,.e-con>.elementor-widget-divider{width:var(--container-widget-width,100%);--flex-grow:var(--container-widget-flex-grow)}<\/style>\t\t<div class=\"elementor-divider\">\n\t\t\t<span class=\"elementor-divider-separator\">\n\t\t\t\t\t\t<\/span>\n\t\t<\/div>\n\t\t\t\t<\/div>\n\t\t\t\t<\/div>\n\t\t\t\t<div class=\"elementor-element elementor-element-1b3be51 elementor-widget elementor-widget-image\" data-id=\"1b3be51\" data-element_type=\"widget\" data-widget_type=\"image.default\">\n\t\t\t\t<div class=\"elementor-widget-container\">\n\t\t\t<style>\/*! elementor - v3.23.0 - 25-07-2024 *\/\n.elementor-widget-image{text-align:center}.elementor-widget-image a{display:inline-block}.elementor-widget-image a img[src$=\".svg\"]{width:48px}.elementor-widget-image img{vertical-align:middle;display:inline-block}<\/style>\t\t\t\t\t\t\t\t\t\t<img decoding=\"async\" width=\"150\" height=\"150\" src=\"https:\/\/www.tischbein-metall.de\/wp-content\/uploads\/2022\/10\/eu-flag-circle-150x150.png\" class=\"attachment-thumbnail size-thumbnail wp-image-13390\" alt=\"\" srcset=\"https:\/\/www.tischbein-metall.de\/wp-content\/uploads\/2022\/10\/eu-flag-circle-150x150.png 150w, https:\/\/www.tischbein-metall.de\/wp-content\/uploads\/2022\/10\/eu-flag-circle-570x570.png 570w, https:\/\/www.tischbein-metall.de\/wp-content\/uploads\/2022\/10\/eu-flag-circle-130x130.png 130w, https:\/\/www.tischbein-metall.de\/wp-content\/uploads\/2022\/10\/eu-flag-circle-600x600.png 600w, https:\/\/www.tischbein-metall.de\/wp-content\/uploads\/2022\/10\/eu-flag-circle-300x300.png 300w, https:\/\/www.tischbein-metall.de\/wp-content\/uploads\/2022\/10\/eu-flag-circle-1024x1024.png 1024w, https:\/\/www.tischbein-metall.de\/wp-content\/uploads\/2022\/10\/eu-flag-circle-768x768.png 768w, https:\/\/www.tischbein-metall.de\/wp-content\/uploads\/2022\/10\/eu-flag-circle-12x12.png 12w, https:\/\/www.tischbein-metall.de\/wp-content\/uploads\/2022\/10\/eu-flag-circle.png 1280w\" sizes=\"(max-width: 150px) 100vw, 150px\" \/>\t\t\t\t\t\t\t\t\t\t\t\t\t<\/div>\n\t\t\t\t<\/div>\n\t\t\t\t\t<\/div>\n\t\t<\/div>\n\t\t\t\t\t<\/div>\n\t\t<\/section>\n\t\t\t\t<\/div>\n\t\t","protected":false},"excerpt":{"rendered":"<table class=\"greyGridTable\">\n<tbody>\n<tr>\n<td><img decoding=\"async\" src=\"\/wp-content\/uploads\/2024\/12\/icons-noggi_timeless-design_blk.svg\" alt=\"O Icon apresenta uma linha estilizada que simboliza um design minimalista e intemporal\" width=\"70\" height=\"70\" \/><\/td>\n<td><b>Design intemporal:<\/b><br \/>\nElegante e adequado para qualquer interior<\/td>\n<td><img decoding=\"async\" src=\"\/wp-content\/uploads\/2024\/12\/icons-noggi_versatile-fit_blk.svg\" alt=\"O \u00edcone mostra uma linha ajust\u00e1vel que simboliza a adaptabilidade vers\u00e1til\" width=\"70\" height=\"70\" \/><\/td>\n<td><b>Ajuste vers\u00e1til:<\/b><br \/>\nAdequado para qualquer tampo de mesa<\/td>\n<\/tr>\n<tr>\n<td><img loading=\"lazy\" decoding=\"async\" src=\"\/wp-content\/uploads\/2024\/12\/icons-noggi_powder-coated_blk.svg\" alt=\"O \u00edcone mostra uma lata de spray que simboliza um revestimento em p\u00f3 de alta qualidade para uma prote\u00e7\u00e3o adicional e um design moderno\" width=\"70\" height=\"70\" \/><\/td>\n<td><b>Revestimento a p\u00f3:<\/b><br \/>\nProtege contra ferrugem, com um design moderno<\/td>\n<td><img loading=\"lazy\" decoding=\"async\" src=\"\/wp-content\/uploads\/2024\/12\/icons-noggi_indoor-outdoor_blk.svg\" alt=\"O \u00edcone mostra uma casa e uma \u00e1rvore, simbolizando aplica\u00e7\u00f5es vers\u00e1teis em interiores e exteriores\" width=\"70\" height=\"70\" \/><\/td>\n<td><b>Interior &amp; Exterior:<\/b><br \/>\nDur\u00e1vel e resistente \u00e0s intemp\u00e9ries<\/td>\n<\/tr>\n<tr>\n<td><img loading=\"lazy\" decoding=\"async\" src=\"\/wp-content\/uploads\/2024\/12\/icons-noggi_floor-friendly_blk.svg\" alt=\"O \u00edcone simboliza as corredi\u00e7as de mesa que protegem o ch\u00e3o com prote\u00e7\u00e3o integrada para superf\u00edcies sens\u00edveis\" width=\"70\" height=\"70\" \/><\/td>\n<td><b>Prote\u00e7\u00e3o do ch\u00e3o:<\/b><br \/>\nProtege superf\u00edcies sens\u00edveis<\/td>\n<td><img loading=\"lazy\" decoding=\"async\" src=\"\/wp-content\/uploads\/2024\/12\/icons-noggi_effortless-assembly_blk.svg\" alt=\"O \u00edcone mostra uma chave inglesa, simbolizando uma montagem simples e sem esfor\u00e7o\" width=\"70\" height=\"70\" \/><\/td>\n<td><b>Montagem f\u00e1cil:<\/b><br \/>\nMontagem r\u00e1pida gra\u00e7as aos furos pr\u00e9-perfurados<\/td>\n<\/tr>\n<\/tbody>\n<\/table>\n","protected":false},"featured_media":18084,"comment_status":"open","ping_status":"closed","template":"","meta":{"_acf_changed":false,"inline_featured_image":false},"product_cat":[209,611],"product_tag":[],"class_list":{"0":"post-18339","1":"product","2":"type-product","3":"status-publish","4":"has-post-thumbnail","6":"product_cat-pes-de-mesa","7":"product_cat-formas-em-v","8":"pa_farbe-preto-mate","9":"pa_farbe-antracite-pt-pt","10":"pa_groesse-45-30cm-x-42cm-pt-pt","11":"pa_groesse-50-77cm-x-72cm-pt-pt","13":"first","14":"instock","15":"sale","16":"taxable","17":"shipping-taxable","18":"purchasable","19":"product-type-variable","20":"has-default-attributes"},"acf":[],"yoast_head":"<!-- This site is optimized with the Yoast SEO plugin v25.3 - https:\/\/yoast.com\/wordpress\/plugins\/seo\/ -->\n<title>Conjunto de 2 p\u00e9s de mesa met\u00e1licos em forma de V<\/title>\n<meta name=\"description\" content=\"P\u00e9s de mesa em forma de V \u2013 Su experto en patas de mesa de metal \u2714\ufe0f Fabricado na Europa \u2714\ufe0f Qualidade superior \u2714\ufe0f Envio r\u00e1pido e gratuito\" \/>\n<meta name=\"robots\" content=\"index, follow, max-snippet:-1, max-image-preview:large, max-video-preview:-1\" \/>\n<link rel=\"canonical\" href=\"https:\/\/www.tischbein-metall.de\/pt-pt\/produto\/conjunto-de-2-pes-de-mesa-metalicos-em-forma-de-v\/\" \/>\n<meta property=\"og:locale\" content=\"pt_PT\" \/>\n<meta property=\"og:type\" content=\"article\" \/>\n<meta property=\"og:title\" content=\"Conjunto de 2 p\u00e9s de mesa met\u00e1licos em forma de V\" \/>\n<meta property=\"og:description\" content=\"P\u00e9s de mesa em forma de V \u2013 Su experto en patas de mesa de metal \u2714\ufe0f Fabricado na Europa \u2714\ufe0f Qualidade superior \u2714\ufe0f Envio r\u00e1pido e gratuito\" \/>\n<meta property=\"og:url\" content=\"https:\/\/www.tischbein-metall.de\/pt-pt\/produto\/conjunto-de-2-pes-de-mesa-metalicos-em-forma-de-v\/\" \/>\n<meta property=\"og:site_name\" content=\"O seu especialista em p\u00e9s de mesa met\u00e1licos\" \/>\n<meta property=\"article:modified_time\" content=\"2025-11-18T17:01:48+00:00\" \/>\n<meta property=\"og:image\" content=\"https:\/\/www.tischbein-metall.de\/wp-content\/uploads\/2023\/10\/v-forma-preta.jpg\" \/>\n\t<meta property=\"og:image:width\" content=\"2400\" \/>\n\t<meta property=\"og:image:height\" content=\"2400\" \/>\n\t<meta property=\"og:image:type\" content=\"image\/jpeg\" \/>\n<meta name=\"twitter:card\" content=\"summary_large_image\" \/>\n<meta name=\"twitter:label1\" content=\"Tempo estimado de leitura\" \/>\n\t<meta name=\"twitter:data1\" content=\"2 minutos\" \/>\n<script type=\"application\/ld+json\" class=\"yoast-schema-graph\">{\"@context\":\"https:\/\/schema.org\",\"@graph\":[{\"@type\":\"WebPage\",\"@id\":\"https:\/\/www.tischbein-metall.de\/pt-pt\/produto\/conjunto-de-2-pes-de-mesa-metalicos-em-forma-de-v\/\",\"url\":\"https:\/\/www.tischbein-metall.de\/pt-pt\/produto\/conjunto-de-2-pes-de-mesa-metalicos-em-forma-de-v\/\",\"name\":\"Conjunto de 2 p\u00e9s de mesa met\u00e1licos em forma de V\",\"isPartOf\":{\"@id\":\"https:\/\/www.tischbein-metall.de\/#website\"},\"primaryImageOfPage\":{\"@id\":\"https:\/\/www.tischbein-metall.de\/pt-pt\/produto\/conjunto-de-2-pes-de-mesa-metalicos-em-forma-de-v\/#primaryimage\"},\"image\":{\"@id\":\"https:\/\/www.tischbein-metall.de\/pt-pt\/produto\/conjunto-de-2-pes-de-mesa-metalicos-em-forma-de-v\/#primaryimage\"},\"thumbnailUrl\":\"https:\/\/www.tischbein-metall.de\/wp-content\/uploads\/2023\/10\/v-forma-preta.jpg\",\"datePublished\":\"2023-10-19T06:04:03+00:00\",\"dateModified\":\"2025-11-18T17:01:48+00:00\",\"description\":\"P\u00e9s de mesa em forma de V \u2013 Su experto en patas de mesa de metal \u2714\ufe0f Fabricado na Europa \u2714\ufe0f Qualidade superior \u2714\ufe0f Envio r\u00e1pido e gratuito\",\"breadcrumb\":{\"@id\":\"https:\/\/www.tischbein-metall.de\/pt-pt\/produto\/conjunto-de-2-pes-de-mesa-metalicos-em-forma-de-v\/#breadcrumb\"},\"inLanguage\":\"pt-PT\",\"potentialAction\":[{\"@type\":\"ReadAction\",\"target\":[\"https:\/\/www.tischbein-metall.de\/pt-pt\/produto\/conjunto-de-2-pes-de-mesa-metalicos-em-forma-de-v\/\"]}]},{\"@type\":\"ImageObject\",\"inLanguage\":\"pt-PT\",\"@id\":\"https:\/\/www.tischbein-metall.de\/pt-pt\/produto\/conjunto-de-2-pes-de-mesa-metalicos-em-forma-de-v\/#primaryimage\",\"url\":\"https:\/\/www.tischbein-metall.de\/wp-content\/uploads\/2023\/10\/v-forma-preta.jpg\",\"contentUrl\":\"https:\/\/www.tischbein-metall.de\/wp-content\/uploads\/2023\/10\/v-forma-preta.jpg\",\"width\":2400,\"height\":2400,\"caption\":\"Forma de V Preto\"},{\"@type\":\"BreadcrumbList\",\"@id\":\"https:\/\/www.tischbein-metall.de\/pt-pt\/produto\/conjunto-de-2-pes-de-mesa-metalicos-em-forma-de-v\/#breadcrumb\",\"itemListElement\":[{\"@type\":\"ListItem\",\"position\":1,\"name\":\"P\u00e1gina inicial\",\"item\":\"https:\/\/www.tischbein-metall.de\/pt-pt\/\"},{\"@type\":\"ListItem\",\"position\":2,\"name\":\"Produtos\",\"item\":\"https:\/\/www.tischbein-metall.de\/pt-pt\/produtos\/\"},{\"@type\":\"ListItem\",\"position\":3,\"name\":\"Conjunto de 2 p\u00e9s de mesa met\u00e1licos em forma de V\"}]},{\"@type\":\"WebSite\",\"@id\":\"https:\/\/www.tischbein-metall.de\/#website\",\"url\":\"https:\/\/www.tischbein-metall.de\/\",\"name\":\"O seu especialista em p\u00e9s de mesa met\u00e1licos\",\"description\":\"\",\"potentialAction\":[{\"@type\":\"SearchAction\",\"target\":{\"@type\":\"EntryPoint\",\"urlTemplate\":\"https:\/\/www.tischbein-metall.de\/?s={search_term_string}\"},\"query-input\":{\"@type\":\"PropertyValueSpecification\",\"valueRequired\":true,\"valueName\":\"search_term_string\"}}],\"inLanguage\":\"pt-PT\"}]}<\/script>\n<!-- \/ Yoast SEO plugin. -->","yoast_head_json":{"title":"Conjunto de 2 p\u00e9s de mesa met\u00e1licos em forma de V","description":"P\u00e9s de mesa em forma de V \u2013 Su experto en patas de mesa de metal \u2714\ufe0f Fabricado na Europa \u2714\ufe0f Qualidade superior \u2714\ufe0f Envio r\u00e1pido e gratuito","robots":{"index":"index","follow":"follow","max-snippet":"max-snippet:-1","max-image-preview":"max-image-preview:large","max-video-preview":"max-video-preview:-1"},"canonical":"https:\/\/www.tischbein-metall.de\/pt-pt\/produto\/conjunto-de-2-pes-de-mesa-metalicos-em-forma-de-v\/","og_locale":"pt_PT","og_type":"article","og_title":"Conjunto de 2 p\u00e9s de mesa met\u00e1licos em forma de V","og_description":"P\u00e9s de mesa em forma de V \u2013 Su experto en patas de mesa de metal \u2714\ufe0f Fabricado na Europa \u2714\ufe0f Qualidade superior \u2714\ufe0f Envio r\u00e1pido e gratuito","og_url":"https:\/\/www.tischbein-metall.de\/pt-pt\/produto\/conjunto-de-2-pes-de-mesa-metalicos-em-forma-de-v\/","og_site_name":"O seu especialista em p\u00e9s de mesa met\u00e1licos","article_modified_time":"2025-11-18T17:01:48+00:00","og_image":[{"width":2400,"height":2400,"url":"https:\/\/www.tischbein-metall.de\/wp-content\/uploads\/2023\/10\/v-forma-preta.jpg","type":"image\/jpeg"}],"twitter_card":"summary_large_image","twitter_misc":{"Tempo estimado de leitura":"2 minutos"},"schema":{"@context":"https:\/\/schema.org","@graph":[{"@type":"WebPage","@id":"https:\/\/www.tischbein-metall.de\/pt-pt\/produto\/conjunto-de-2-pes-de-mesa-metalicos-em-forma-de-v\/","url":"https:\/\/www.tischbein-metall.de\/pt-pt\/produto\/conjunto-de-2-pes-de-mesa-metalicos-em-forma-de-v\/","name":"Conjunto de 2 p\u00e9s de mesa met\u00e1licos em forma de V","isPartOf":{"@id":"https:\/\/www.tischbein-metall.de\/#website"},"primaryImageOfPage":{"@id":"https:\/\/www.tischbein-metall.de\/pt-pt\/produto\/conjunto-de-2-pes-de-mesa-metalicos-em-forma-de-v\/#primaryimage"},"image":{"@id":"https:\/\/www.tischbein-metall.de\/pt-pt\/produto\/conjunto-de-2-pes-de-mesa-metalicos-em-forma-de-v\/#primaryimage"},"thumbnailUrl":"https:\/\/www.tischbein-metall.de\/wp-content\/uploads\/2023\/10\/v-forma-preta.jpg","datePublished":"2023-10-19T06:04:03+00:00","dateModified":"2025-11-18T17:01:48+00:00","description":"P\u00e9s de mesa em forma de V \u2013 Su experto en patas de mesa de metal \u2714\ufe0f Fabricado na Europa \u2714\ufe0f Qualidade superior \u2714\ufe0f Envio r\u00e1pido e gratuito","breadcrumb":{"@id":"https:\/\/www.tischbein-metall.de\/pt-pt\/produto\/conjunto-de-2-pes-de-mesa-metalicos-em-forma-de-v\/#breadcrumb"},"inLanguage":"pt-PT","potentialAction":[{"@type":"ReadAction","target":["https:\/\/www.tischbein-metall.de\/pt-pt\/produto\/conjunto-de-2-pes-de-mesa-metalicos-em-forma-de-v\/"]}]},{"@type":"ImageObject","inLanguage":"pt-PT","@id":"https:\/\/www.tischbein-metall.de\/pt-pt\/produto\/conjunto-de-2-pes-de-mesa-metalicos-em-forma-de-v\/#primaryimage","url":"https:\/\/www.tischbein-metall.de\/wp-content\/uploads\/2023\/10\/v-forma-preta.jpg","contentUrl":"https:\/\/www.tischbein-metall.de\/wp-content\/uploads\/2023\/10\/v-forma-preta.jpg","width":2400,"height":2400,"caption":"Forma de V Preto"},{"@type":"BreadcrumbList","@id":"https:\/\/www.tischbein-metall.de\/pt-pt\/produto\/conjunto-de-2-pes-de-mesa-metalicos-em-forma-de-v\/#breadcrumb","itemListElement":[{"@type":"ListItem","position":1,"name":"P\u00e1gina inicial","item":"https:\/\/www.tischbein-metall.de\/pt-pt\/"},{"@type":"ListItem","position":2,"name":"Produtos","item":"https:\/\/www.tischbein-metall.de\/pt-pt\/produtos\/"},{"@type":"ListItem","position":3,"name":"Conjunto de 2 p\u00e9s de mesa met\u00e1licos em forma de V"}]},{"@type":"WebSite","@id":"https:\/\/www.tischbein-metall.de\/#website","url":"https:\/\/www.tischbein-metall.de\/","name":"O seu especialista em p\u00e9s de mesa met\u00e1licos","description":"","potentialAction":[{"@type":"SearchAction","target":{"@type":"EntryPoint","urlTemplate":"https:\/\/www.tischbein-metall.de\/?s={search_term_string}"},"query-input":{"@type":"PropertyValueSpecification","valueRequired":true,"valueName":"search_term_string"}}],"inLanguage":"pt-PT"}]}},"_links":{"self":[{"href":"https:\/\/www.tischbein-metall.de\/pt-pt\/wp-json\/wp\/v2\/product\/18339","targetHints":{"allow":["GET"]}}],"collection":[{"href":"https:\/\/www.tischbein-metall.de\/pt-pt\/wp-json\/wp\/v2\/product"}],"about":[{"href":"https:\/\/www.tischbein-metall.de\/pt-pt\/wp-json\/wp\/v2\/types\/product"}],"replies":[{"embeddable":true,"href":"https:\/\/www.tischbein-metall.de\/pt-pt\/wp-json\/wp\/v2\/comments?post=18339"}],"version-history":[{"count":18,"href":"https:\/\/www.tischbein-metall.de\/pt-pt\/wp-json\/wp\/v2\/product\/18339\/revisions"}],"predecessor-version":[{"id":45150,"href":"https:\/\/www.tischbein-metall.de\/pt-pt\/wp-json\/wp\/v2\/product\/18339\/revisions\/45150"}],"wp:featuredmedia":[{"embeddable":true,"href":"https:\/\/www.tischbein-metall.de\/pt-pt\/wp-json\/wp\/v2\/media\/18084"}],"wp:attachment":[{"href":"https:\/\/www.tischbein-metall.de\/pt-pt\/wp-json\/wp\/v2\/media?parent=18339"}],"wp:term":[{"taxonomy":"product_cat","embeddable":true,"href":"https:\/\/www.tischbein-metall.de\/pt-pt\/wp-json\/wp\/v2\/product_cat?post=18339"},{"taxonomy":"product_tag","embeddable":true,"href":"https:\/\/www.tischbein-metall.de\/pt-pt\/wp-json\/wp\/v2\/product_tag?post=18339"}],"curies":[{"name":"wp","href":"https:\/\/api.w.org\/{rel}","templated":true}]}}