{"id":19725,"date":"2024-03-12T14:42:10","date_gmt":"2024-03-12T13:42:10","guid":{"rendered":"https:\/\/www.tischbein-metall.de\/?post_type=product&#038;p=19725"},"modified":"2025-08-11T15:06:03","modified_gmt":"2025-08-11T13:06:03","slug":"suportes-para-prateleiras","status":"publish","type":"product","link":"https:\/\/www.tischbein-metall.de\/pt-pt\/produto\/suportes-para-prateleiras\/","title":{"rendered":"Conjunto de 2 suporte de prateleiras"},"content":{"rendered":"\t\t<div data-elementor-type=\"wp-post\" data-elementor-id=\"19725\" class=\"elementor elementor-19725 elementor-19662\">\n\t\t\t\t\t\t<section class=\"elementor-section elementor-top-section elementor-element elementor-element-5a0a023 elementor-section-boxed elementor-section-height-default elementor-section-height-default\" data-id=\"5a0a023\" data-element_type=\"section\">\n\t\t\t\t\t\t<div class=\"elementor-container elementor-column-gap-default\">\n\t\t\t\t\t<div class=\"elementor-column elementor-col-100 elementor-top-column elementor-element elementor-element-96b18cf\" data-id=\"96b18cf\" data-element_type=\"column\">\n\t\t\t<div class=\"elementor-widget-wrap elementor-element-populated\">\n\t\t\t\t\t\t<div class=\"elementor-element elementor-element-5e7b8d2 elementor-widget elementor-widget-text-editor\" data-id=\"5e7b8d2\" data-element_type=\"widget\" data-widget_type=\"text-editor.default\">\n\t\t\t\t<div class=\"elementor-widget-container\">\n\t\t\t<style>\/*! elementor - v3.23.0 - 25-07-2024 *\/\n.elementor-widget-text-editor.elementor-drop-cap-view-stacked .elementor-drop-cap{background-color:#69727d;color:#fff}.elementor-widget-text-editor.elementor-drop-cap-view-framed .elementor-drop-cap{color:#69727d;border:3px solid;background-color:transparent}.elementor-widget-text-editor:not(.elementor-drop-cap-view-default) .elementor-drop-cap{margin-top:8px}.elementor-widget-text-editor:not(.elementor-drop-cap-view-default) .elementor-drop-cap-letter{width:1em;height:1em}.elementor-widget-text-editor .elementor-drop-cap{float:left;text-align:center;line-height:1;font-size:50px}.elementor-widget-text-editor .elementor-drop-cap-letter{display:inline-block}<\/style>\t\t\t\t<p>D\u00ea \u00e0 sua sala um toque \u00fanico com este discreto <b>suporte para prateleiras<\/b> no estilo industrial. A constru\u00e7\u00e3o de a\u00e7o de alta qualidade n\u00e3o s\u00f3 \u00e9 extremamente robusta, mas tamb\u00e9m est\u00e1 protegida por um revestimento em p\u00f3 de alta qualidade, garantindo uma longa vida \u00fatil. Dispon\u00edvel nas elegantes cores preto e antracite, ajusta-se facilmente a qualquer conceito de sala.<\/p>\n<p>Gra\u00e7as aos pr\u00e1ticos furos alongados <b>(20x10mm)<\/b>, a montagem \u00e9 f\u00e1cil. A elevada espessura do material n\u00e3o garante apenas estabilidade, mas tamb\u00e9m permite suportar cargas pesadas, sendo ideal para prateleiras, decora\u00e7\u00f5es ou outros acess\u00f3rios de decora\u00e7\u00e3o.<\/p>\n<p>O nosso <b>suporte para prateleiras<\/b> \u00e9 fornecido num pr\u00e1tico conjunto de 2.<\/p>\n<p>Intemporal &#8211; Vers\u00e1til &#8211; Apaixonado I Constru\u00e7\u00e3o de m\u00f3veis DIY ao seu gosto<\/p>\n<p>Design atemporal, diversas possibilidades de aplica\u00e7\u00e3o e a paix\u00e3o pela qualidade &#8211; com este <b>suporte para prateleiras<\/b>, seja como <b>suporte de parede<\/b>, <b>estrutura de prateleira<\/b> ou prateleira, voc\u00ea pode personalizar os seus espa\u00e7os de acordo com as suas ideias. Escolha entre os tamanhos <b>20x30x3 cm<\/b>, <b>20x45x3 cm<\/b> e <b>20x60x3 cm<\/b> para cada finalidade: seja como um elegante armazenamento para toalhas na casa de banho, um pr\u00e1tico suporte para prateleiras na cozinha ou um elemento decorativo est\u00e9tico na sala de estar &#8211; descubra novas possibilidades e d\u00ea \u00e0 sua casa um toque pessoal. A constru\u00e7\u00e3o de m\u00f3veis DIY nunca foi t\u00e3o f\u00e1cil!<\/p>\n\t\t\t\t\t\t<\/div>\n\t\t\t\t<\/div>\n\t\t\t\t<div class=\"elementor-element elementor-element-f6b6807 elementor-widget-divider--view-line elementor-widget elementor-widget-divider\" data-id=\"f6b6807\" data-element_type=\"widget\" data-widget_type=\"divider.default\">\n\t\t\t\t<div class=\"elementor-widget-container\">\n\t\t\t<style>\/*! elementor - v3.23.0 - 25-07-2024 *\/\n.elementor-widget-divider{--divider-border-style:none;--divider-border-width:1px;--divider-color:#0c0d0e;--divider-icon-size:20px;--divider-element-spacing:10px;--divider-pattern-height:24px;--divider-pattern-size:20px;--divider-pattern-url:none;--divider-pattern-repeat:repeat-x}.elementor-widget-divider .elementor-divider{display:flex}.elementor-widget-divider .elementor-divider__text{font-size:15px;line-height:1;max-width:95%}.elementor-widget-divider .elementor-divider__element{margin:0 var(--divider-element-spacing);flex-shrink:0}.elementor-widget-divider .elementor-icon{font-size:var(--divider-icon-size)}.elementor-widget-divider .elementor-divider-separator{display:flex;margin:0;direction:ltr}.elementor-widget-divider--view-line_icon .elementor-divider-separator,.elementor-widget-divider--view-line_text .elementor-divider-separator{align-items:center}.elementor-widget-divider--view-line_icon .elementor-divider-separator:after,.elementor-widget-divider--view-line_icon .elementor-divider-separator:before,.elementor-widget-divider--view-line_text .elementor-divider-separator:after,.elementor-widget-divider--view-line_text .elementor-divider-separator:before{display:block;content:\"\";border-block-end:0;flex-grow:1;border-block-start:var(--divider-border-width) var(--divider-border-style) var(--divider-color)}.elementor-widget-divider--element-align-left .elementor-divider .elementor-divider-separator>.elementor-divider__svg:first-of-type{flex-grow:0;flex-shrink:100}.elementor-widget-divider--element-align-left .elementor-divider-separator:before{content:none}.elementor-widget-divider--element-align-left .elementor-divider__element{margin-left:0}.elementor-widget-divider--element-align-right .elementor-divider .elementor-divider-separator>.elementor-divider__svg:last-of-type{flex-grow:0;flex-shrink:100}.elementor-widget-divider--element-align-right .elementor-divider-separator:after{content:none}.elementor-widget-divider--element-align-right .elementor-divider__element{margin-right:0}.elementor-widget-divider--element-align-start .elementor-divider .elementor-divider-separator>.elementor-divider__svg:first-of-type{flex-grow:0;flex-shrink:100}.elementor-widget-divider--element-align-start .elementor-divider-separator:before{content:none}.elementor-widget-divider--element-align-start .elementor-divider__element{margin-inline-start:0}.elementor-widget-divider--element-align-end .elementor-divider .elementor-divider-separator>.elementor-divider__svg:last-of-type{flex-grow:0;flex-shrink:100}.elementor-widget-divider--element-align-end .elementor-divider-separator:after{content:none}.elementor-widget-divider--element-align-end .elementor-divider__element{margin-inline-end:0}.elementor-widget-divider:not(.elementor-widget-divider--view-line_text):not(.elementor-widget-divider--view-line_icon) .elementor-divider-separator{border-block-start:var(--divider-border-width) var(--divider-border-style) var(--divider-color)}.elementor-widget-divider--separator-type-pattern{--divider-border-style:none}.elementor-widget-divider--separator-type-pattern.elementor-widget-divider--view-line .elementor-divider-separator,.elementor-widget-divider--separator-type-pattern:not(.elementor-widget-divider--view-line) .elementor-divider-separator:after,.elementor-widget-divider--separator-type-pattern:not(.elementor-widget-divider--view-line) .elementor-divider-separator:before,.elementor-widget-divider--separator-type-pattern:not([class*=elementor-widget-divider--view]) .elementor-divider-separator{width:100%;min-height:var(--divider-pattern-height);-webkit-mask-size:var(--divider-pattern-size) 100%;mask-size:var(--divider-pattern-size) 100%;-webkit-mask-repeat:var(--divider-pattern-repeat);mask-repeat:var(--divider-pattern-repeat);background-color:var(--divider-color);-webkit-mask-image:var(--divider-pattern-url);mask-image:var(--divider-pattern-url)}.elementor-widget-divider--no-spacing{--divider-pattern-size:auto}.elementor-widget-divider--bg-round{--divider-pattern-repeat:round}.rtl .elementor-widget-divider .elementor-divider__text{direction:rtl}.e-con-inner>.elementor-widget-divider,.e-con>.elementor-widget-divider{width:var(--container-widget-width,100%);--flex-grow:var(--container-widget-flex-grow)}<\/style>\t\t<div class=\"elementor-divider\">\n\t\t\t<span class=\"elementor-divider-separator\">\n\t\t\t\t\t\t<\/span>\n\t\t<\/div>\n\t\t\t\t<\/div>\n\t\t\t\t<\/div>\n\t\t\t\t<div class=\"elementor-element elementor-element-423889d elementor-widget elementor-widget-image\" data-id=\"423889d\" data-element_type=\"widget\" data-widget_type=\"image.default\">\n\t\t\t\t<div class=\"elementor-widget-container\">\n\t\t\t<style>\/*! elementor - v3.23.0 - 25-07-2024 *\/\n.elementor-widget-image{text-align:center}.elementor-widget-image a{display:inline-block}.elementor-widget-image a img[src$=\".svg\"]{width:48px}.elementor-widget-image img{vertical-align:middle;display:inline-block}<\/style>\t\t\t\t\t\t\t\t\t\t<img decoding=\"async\" width=\"150\" height=\"150\" src=\"https:\/\/www.tischbein-metall.de\/wp-content\/uploads\/2022\/10\/eu-flag-circle-150x150.png\" class=\"attachment-thumbnail size-thumbnail wp-image-13390\" alt=\"\" srcset=\"https:\/\/www.tischbein-metall.de\/wp-content\/uploads\/2022\/10\/eu-flag-circle-150x150.png 150w, https:\/\/www.tischbein-metall.de\/wp-content\/uploads\/2022\/10\/eu-flag-circle-570x570.png 570w, https:\/\/www.tischbein-metall.de\/wp-content\/uploads\/2022\/10\/eu-flag-circle-130x130.png 130w, https:\/\/www.tischbein-metall.de\/wp-content\/uploads\/2022\/10\/eu-flag-circle-600x600.png 600w, https:\/\/www.tischbein-metall.de\/wp-content\/uploads\/2022\/10\/eu-flag-circle-300x300.png 300w, https:\/\/www.tischbein-metall.de\/wp-content\/uploads\/2022\/10\/eu-flag-circle-1024x1024.png 1024w, https:\/\/www.tischbein-metall.de\/wp-content\/uploads\/2022\/10\/eu-flag-circle-768x768.png 768w, https:\/\/www.tischbein-metall.de\/wp-content\/uploads\/2022\/10\/eu-flag-circle-12x12.png 12w, https:\/\/www.tischbein-metall.de\/wp-content\/uploads\/2022\/10\/eu-flag-circle.png 1280w\" sizes=\"(max-width: 150px) 100vw, 150px\" \/>\t\t\t\t\t\t\t\t\t\t\t\t\t<\/div>\n\t\t\t\t<\/div>\n\t\t\t\t\t<\/div>\n\t\t<\/div>\n\t\t\t\t\t<\/div>\n\t\t<\/section>\n\t\t\t\t<\/div>\n\t\t","protected":false},"excerpt":{"rendered":"<p><span style=\"color: green;\">\u2714<\/span> <strong>A\u00e7o de alta qualidade robusto da UE<\/strong><br \/>\n<span style=\"color: green;\">\u2714<\/span> <strong>Design intemporal que se integra perfeitamente<\/strong><br \/>\n<span style=\"color: green;\">\u2714<\/span> <strong>Envios di\u00e1rios para uma entrega r\u00e1pida<\/strong><br \/>\n<span style=\"color: green;\">\u2714<\/span> <strong>Revestimento em p\u00f3 para uma prote\u00e7\u00e3o duradoura e elegante<\/strong><br \/>\n<span style=\"color: green;\">\u2714<\/span> <strong>Qualidade certificada de acordo com os padr\u00f5es europeus<\/strong><br \/>\n<span style=\"color: green;\">\u2714<\/span> <strong>Montagem r\u00e1pida e sem esfor\u00e7o<\/strong><\/p>\n<p>Arte moderna para a sua casa: Este discreto <strong>suporte para prateleiras<\/strong>, tamb\u00e9m conhecido como <strong>suporte de parede<\/strong> ou <strong>estrutura de prateleira<\/strong>, \u00e9 feito de a\u00e7o de alta qualidade com um revestimento em p\u00f3 duradouro. N\u00e3o \u00e9 apenas uma fixa\u00e7\u00e3o est\u00e1vel, mas tamb\u00e9m um elemento elegante para a sua casa de banho, cozinha ou sala de estar. A forma permite ainda o elegante pendurar de toalhas, unindo funcionalidade com est\u00e9tica. Dispon\u00edvel em preto e antracite.<\/p>\n","protected":false},"featured_media":21204,"comment_status":"open","ping_status":"closed","template":"","meta":{"_acf_changed":false,"inline_featured_image":false},"product_cat":[],"product_tag":[],"class_list":{"0":"post-19725","1":"product","2":"type-product","3":"status-publish","4":"has-post-thumbnail","6":"pa_farbe-preto-mate","7":"pa_farbe-antracite-pt-pt","8":"pa_groesse-20cm-x-30cm-x-3cm-pt-pt","9":"pa_groesse-20cm-x-45cm-x-3cm-pt-pt","10":"pa_groesse-20cm-x-60cm-x-3cm-pt-pt","12":"first","13":"instock","14":"taxable","15":"shipping-taxable","16":"purchasable","17":"product-type-variable","18":"has-default-attributes"},"acf":[],"yoast_head":"<!-- This site is optimized with the Yoast SEO plugin v25.3 - https:\/\/yoast.com\/wordpress\/plugins\/seo\/ -->\n<title>Suportes para Prateleiras - Durabilidade e Estilo | Noggi<\/title>\n<meta name=\"description\" content=\"Suportes para prateleiras \u2013 Su experto en patas de mesa de metal \u2714\ufe0f Fabricado na Europa \u2714\ufe0f Qualidade superior \u2714\ufe0f Envio r\u00e1pido e gratuito\" \/>\n<meta name=\"robots\" content=\"index, follow, max-snippet:-1, max-image-preview:large, max-video-preview:-1\" \/>\n<link rel=\"canonical\" href=\"https:\/\/www.tischbein-metall.de\/pt-pt\/produto\/suportes-para-prateleiras\/\" \/>\n<meta property=\"og:locale\" content=\"pt_PT\" \/>\n<meta property=\"og:type\" content=\"article\" \/>\n<meta property=\"og:title\" content=\"Suportes para Prateleiras - Durabilidade e Estilo | Noggi\" \/>\n<meta property=\"og:description\" content=\"Suportes para prateleiras \u2013 Su experto en patas de mesa de metal \u2714\ufe0f Fabricado na Europa \u2714\ufe0f Qualidade superior \u2714\ufe0f Envio r\u00e1pido e gratuito\" \/>\n<meta property=\"og:url\" content=\"https:\/\/www.tischbein-metall.de\/pt-pt\/produto\/suportes-para-prateleiras\/\" \/>\n<meta property=\"og:site_name\" content=\"O seu especialista em p\u00e9s de mesa met\u00e1licos\" \/>\n<meta property=\"article:modified_time\" content=\"2025-08-11T13:06:03+00:00\" \/>\n<meta property=\"og:image\" content=\"https:\/\/www.tischbein-metall.de\/wp-content\/uploads\/2023\/12\/noggi-suporte-de-prateleiras-antracite-casa-de-banho.jpg\" \/>\n\t<meta property=\"og:image:width\" content=\"2400\" \/>\n\t<meta property=\"og:image:height\" content=\"2400\" \/>\n\t<meta property=\"og:image:type\" content=\"image\/jpeg\" \/>\n<meta name=\"twitter:card\" content=\"summary_large_image\" \/>\n<meta name=\"twitter:label1\" content=\"Tempo estimado de leitura\" \/>\n\t<meta name=\"twitter:data1\" content=\"2 minutos\" \/>\n<script type=\"application\/ld+json\" class=\"yoast-schema-graph\">{\"@context\":\"https:\/\/schema.org\",\"@graph\":[{\"@type\":\"WebPage\",\"@id\":\"https:\/\/www.tischbein-metall.de\/pt-pt\/produto\/suportes-para-prateleiras\/\",\"url\":\"https:\/\/www.tischbein-metall.de\/pt-pt\/produto\/suportes-para-prateleiras\/\",\"name\":\"Suportes para Prateleiras - Durabilidade e Estilo | Noggi\",\"isPartOf\":{\"@id\":\"https:\/\/www.tischbein-metall.de\/#website\"},\"primaryImageOfPage\":{\"@id\":\"https:\/\/www.tischbein-metall.de\/pt-pt\/produto\/suportes-para-prateleiras\/#primaryimage\"},\"image\":{\"@id\":\"https:\/\/www.tischbein-metall.de\/pt-pt\/produto\/suportes-para-prateleiras\/#primaryimage\"},\"thumbnailUrl\":\"https:\/\/www.tischbein-metall.de\/wp-content\/uploads\/2023\/12\/noggi-suporte-de-prateleiras-antracite-casa-de-banho.jpg\",\"datePublished\":\"2024-03-12T13:42:10+00:00\",\"dateModified\":\"2025-08-11T13:06:03+00:00\",\"description\":\"Suportes para prateleiras \u2013 Su experto en patas de mesa de metal \u2714\ufe0f Fabricado na Europa \u2714\ufe0f Qualidade superior \u2714\ufe0f Envio r\u00e1pido e gratuito\",\"breadcrumb\":{\"@id\":\"https:\/\/www.tischbein-metall.de\/pt-pt\/produto\/suportes-para-prateleiras\/#breadcrumb\"},\"inLanguage\":\"pt-PT\",\"potentialAction\":[{\"@type\":\"ReadAction\",\"target\":[\"https:\/\/www.tischbein-metall.de\/pt-pt\/produto\/suportes-para-prateleiras\/\"]}]},{\"@type\":\"ImageObject\",\"inLanguage\":\"pt-PT\",\"@id\":\"https:\/\/www.tischbein-metall.de\/pt-pt\/produto\/suportes-para-prateleiras\/#primaryimage\",\"url\":\"https:\/\/www.tischbein-metall.de\/wp-content\/uploads\/2023\/12\/noggi-suporte-de-prateleiras-antracite-casa-de-banho.jpg\",\"contentUrl\":\"https:\/\/www.tischbein-metall.de\/wp-content\/uploads\/2023\/12\/noggi-suporte-de-prateleiras-antracite-casa-de-banho.jpg\",\"width\":2400,\"height\":2400,\"caption\":\"Suporte para prateleiras na casa de banho\"},{\"@type\":\"BreadcrumbList\",\"@id\":\"https:\/\/www.tischbein-metall.de\/pt-pt\/produto\/suportes-para-prateleiras\/#breadcrumb\",\"itemListElement\":[{\"@type\":\"ListItem\",\"position\":1,\"name\":\"P\u00e1gina inicial\",\"item\":\"https:\/\/www.tischbein-metall.de\/pt-pt\/\"},{\"@type\":\"ListItem\",\"position\":2,\"name\":\"Produtos\",\"item\":\"https:\/\/www.tischbein-metall.de\/pt-pt\/produtos\/\"},{\"@type\":\"ListItem\",\"position\":3,\"name\":\"Conjunto de 2 suporte de prateleiras\"}]},{\"@type\":\"WebSite\",\"@id\":\"https:\/\/www.tischbein-metall.de\/#website\",\"url\":\"https:\/\/www.tischbein-metall.de\/\",\"name\":\"O seu especialista em p\u00e9s de mesa met\u00e1licos\",\"description\":\"\",\"potentialAction\":[{\"@type\":\"SearchAction\",\"target\":{\"@type\":\"EntryPoint\",\"urlTemplate\":\"https:\/\/www.tischbein-metall.de\/?s={search_term_string}\"},\"query-input\":{\"@type\":\"PropertyValueSpecification\",\"valueRequired\":true,\"valueName\":\"search_term_string\"}}],\"inLanguage\":\"pt-PT\"}]}<\/script>\n<!-- \/ Yoast SEO plugin. -->","yoast_head_json":{"title":"Suportes para Prateleiras - Durabilidade e Estilo | Noggi","description":"Suportes para prateleiras \u2013 Su experto en patas de mesa de metal \u2714\ufe0f Fabricado na Europa \u2714\ufe0f Qualidade superior \u2714\ufe0f Envio r\u00e1pido e gratuito","robots":{"index":"index","follow":"follow","max-snippet":"max-snippet:-1","max-image-preview":"max-image-preview:large","max-video-preview":"max-video-preview:-1"},"canonical":"https:\/\/www.tischbein-metall.de\/pt-pt\/produto\/suportes-para-prateleiras\/","og_locale":"pt_PT","og_type":"article","og_title":"Suportes para Prateleiras - Durabilidade e Estilo | Noggi","og_description":"Suportes para prateleiras \u2013 Su experto en patas de mesa de metal \u2714\ufe0f Fabricado na Europa \u2714\ufe0f Qualidade superior \u2714\ufe0f Envio r\u00e1pido e gratuito","og_url":"https:\/\/www.tischbein-metall.de\/pt-pt\/produto\/suportes-para-prateleiras\/","og_site_name":"O seu especialista em p\u00e9s de mesa met\u00e1licos","article_modified_time":"2025-08-11T13:06:03+00:00","og_image":[{"width":2400,"height":2400,"url":"https:\/\/www.tischbein-metall.de\/wp-content\/uploads\/2023\/12\/noggi-suporte-de-prateleiras-antracite-casa-de-banho.jpg","type":"image\/jpeg"}],"twitter_card":"summary_large_image","twitter_misc":{"Tempo estimado de leitura":"2 minutos"},"schema":{"@context":"https:\/\/schema.org","@graph":[{"@type":"WebPage","@id":"https:\/\/www.tischbein-metall.de\/pt-pt\/produto\/suportes-para-prateleiras\/","url":"https:\/\/www.tischbein-metall.de\/pt-pt\/produto\/suportes-para-prateleiras\/","name":"Suportes para Prateleiras - Durabilidade e Estilo | Noggi","isPartOf":{"@id":"https:\/\/www.tischbein-metall.de\/#website"},"primaryImageOfPage":{"@id":"https:\/\/www.tischbein-metall.de\/pt-pt\/produto\/suportes-para-prateleiras\/#primaryimage"},"image":{"@id":"https:\/\/www.tischbein-metall.de\/pt-pt\/produto\/suportes-para-prateleiras\/#primaryimage"},"thumbnailUrl":"https:\/\/www.tischbein-metall.de\/wp-content\/uploads\/2023\/12\/noggi-suporte-de-prateleiras-antracite-casa-de-banho.jpg","datePublished":"2024-03-12T13:42:10+00:00","dateModified":"2025-08-11T13:06:03+00:00","description":"Suportes para prateleiras \u2013 Su experto en patas de mesa de metal \u2714\ufe0f Fabricado na Europa \u2714\ufe0f Qualidade superior \u2714\ufe0f Envio r\u00e1pido e gratuito","breadcrumb":{"@id":"https:\/\/www.tischbein-metall.de\/pt-pt\/produto\/suportes-para-prateleiras\/#breadcrumb"},"inLanguage":"pt-PT","potentialAction":[{"@type":"ReadAction","target":["https:\/\/www.tischbein-metall.de\/pt-pt\/produto\/suportes-para-prateleiras\/"]}]},{"@type":"ImageObject","inLanguage":"pt-PT","@id":"https:\/\/www.tischbein-metall.de\/pt-pt\/produto\/suportes-para-prateleiras\/#primaryimage","url":"https:\/\/www.tischbein-metall.de\/wp-content\/uploads\/2023\/12\/noggi-suporte-de-prateleiras-antracite-casa-de-banho.jpg","contentUrl":"https:\/\/www.tischbein-metall.de\/wp-content\/uploads\/2023\/12\/noggi-suporte-de-prateleiras-antracite-casa-de-banho.jpg","width":2400,"height":2400,"caption":"Suporte para prateleiras na casa de banho"},{"@type":"BreadcrumbList","@id":"https:\/\/www.tischbein-metall.de\/pt-pt\/produto\/suportes-para-prateleiras\/#breadcrumb","itemListElement":[{"@type":"ListItem","position":1,"name":"P\u00e1gina inicial","item":"https:\/\/www.tischbein-metall.de\/pt-pt\/"},{"@type":"ListItem","position":2,"name":"Produtos","item":"https:\/\/www.tischbein-metall.de\/pt-pt\/produtos\/"},{"@type":"ListItem","position":3,"name":"Conjunto de 2 suporte de prateleiras"}]},{"@type":"WebSite","@id":"https:\/\/www.tischbein-metall.de\/#website","url":"https:\/\/www.tischbein-metall.de\/","name":"O seu especialista em p\u00e9s de mesa met\u00e1licos","description":"","potentialAction":[{"@type":"SearchAction","target":{"@type":"EntryPoint","urlTemplate":"https:\/\/www.tischbein-metall.de\/?s={search_term_string}"},"query-input":{"@type":"PropertyValueSpecification","valueRequired":true,"valueName":"search_term_string"}}],"inLanguage":"pt-PT"}]}},"_links":{"self":[{"href":"https:\/\/www.tischbein-metall.de\/pt-pt\/wp-json\/wp\/v2\/product\/19725","targetHints":{"allow":["GET"]}}],"collection":[{"href":"https:\/\/www.tischbein-metall.de\/pt-pt\/wp-json\/wp\/v2\/product"}],"about":[{"href":"https:\/\/www.tischbein-metall.de\/pt-pt\/wp-json\/wp\/v2\/types\/product"}],"replies":[{"embeddable":true,"href":"https:\/\/www.tischbein-metall.de\/pt-pt\/wp-json\/wp\/v2\/comments?post=19725"}],"version-history":[{"count":4,"href":"https:\/\/www.tischbein-metall.de\/pt-pt\/wp-json\/wp\/v2\/product\/19725\/revisions"}],"predecessor-version":[{"id":21199,"href":"https:\/\/www.tischbein-metall.de\/pt-pt\/wp-json\/wp\/v2\/product\/19725\/revisions\/21199"}],"wp:featuredmedia":[{"embeddable":true,"href":"https:\/\/www.tischbein-metall.de\/pt-pt\/wp-json\/wp\/v2\/media\/21204"}],"wp:attachment":[{"href":"https:\/\/www.tischbein-metall.de\/pt-pt\/wp-json\/wp\/v2\/media?parent=19725"}],"wp:term":[{"taxonomy":"product_cat","embeddable":true,"href":"https:\/\/www.tischbein-metall.de\/pt-pt\/wp-json\/wp\/v2\/product_cat?post=19725"},{"taxonomy":"product_tag","embeddable":true,"href":"https:\/\/www.tischbein-metall.de\/pt-pt\/wp-json\/wp\/v2\/product_tag?post=19725"}],"curies":[{"name":"wp","href":"https:\/\/api.w.org\/{rel}","templated":true}]}}