{"id":36334,"date":"2025-02-11T19:43:04","date_gmt":"2025-02-11T18:43:04","guid":{"rendered":"https:\/\/www.tischbein-metall.de\/produkt\/haengesessel-gestell-aus-metall\/"},"modified":"2025-02-25T15:03:24","modified_gmt":"2025-02-25T14:03:24","slug":"estrutura-metalica-para-cadeira-suspensa","status":"publish","type":"product","link":"https:\/\/www.tischbein-metall.de\/pt-pt\/produto\/estrutura-metalica-para-cadeira-suspensa\/","title":{"rendered":"Estrutura met\u00e1lica para cadeira suspensa"},"content":{"rendered":"\t\t<div data-elementor-type=\"wp-post\" data-elementor-id=\"36334\" class=\"elementor elementor-36334 elementor-35141\">\n\t\t\t\t\t\t<section class=\"elementor-section elementor-top-section elementor-element elementor-element-2248805 elementor-section-boxed elementor-section-height-default elementor-section-height-default\" data-id=\"2248805\" data-element_type=\"section\">\n\t\t\t\t\t\t<div class=\"elementor-container elementor-column-gap-default\">\n\t\t\t\t\t<div class=\"elementor-column elementor-col-100 elementor-top-column elementor-element elementor-element-f635c78\" data-id=\"f635c78\" data-element_type=\"column\">\n\t\t\t<div class=\"elementor-widget-wrap elementor-element-populated\">\n\t\t\t\t\t\t<div class=\"elementor-element elementor-element-bccad1f elementor-widget elementor-widget-text-editor\" data-id=\"bccad1f\" data-element_type=\"widget\" data-widget_type=\"text-editor.default\">\n\t\t\t\t<div class=\"elementor-widget-container\">\n\t\t\t<style>\/*! elementor - v3.23.0 - 25-07-2024 *\/\n.elementor-widget-text-editor.elementor-drop-cap-view-stacked .elementor-drop-cap{background-color:#69727d;color:#fff}.elementor-widget-text-editor.elementor-drop-cap-view-framed .elementor-drop-cap{color:#69727d;border:3px solid;background-color:transparent}.elementor-widget-text-editor:not(.elementor-drop-cap-view-default) .elementor-drop-cap{margin-top:8px}.elementor-widget-text-editor:not(.elementor-drop-cap-view-default) .elementor-drop-cap-letter{width:1em;height:1em}.elementor-widget-text-editor .elementor-drop-cap{float:left;text-align:center;line-height:1;font-size:50px}.elementor-widget-text-editor .elementor-drop-cap-letter{display:inline-block}<\/style>\t\t\t\t<h2 style=\"font-size: 16px;\">Estrutura para Cadeira Suspensa em Metal \u2013 est\u00e1vel, dur\u00e1vel e elegante<\/h2><p>Desfrute de horas de relaxamento com a nossa estrutura para cadeira suspensa em metal \u2013 a solu\u00e7\u00e3o perfeita para um conforto total na sua casa, jardim ou terra\u00e7o. Fabricada em a\u00e7o de alta qualidade com revestimento em p\u00f3, esta estrutura impressiona pela sua m\u00e1xima estabilidade e durabilidade. A constru\u00e7\u00e3o robusta suporta facilmente grandes cargas de peso e garante um uso seguro, seja dentro de casa ou ao ar livre.<\/p><p>Gra\u00e7as ao seu design moderno e minimalista, a estrutura para cadeira suspensa combina com qualquer decora\u00e7\u00e3o e complementa de forma elegante a sua zona de relaxamento. A base est\u00e1vel impede que tombe e oferece a liberdade de pendurar a sua cadeira suspensa favorita de forma flex\u00edvel \u2013 sem necessidade de montagem complexa no teto ou na parede.<\/p><p>Seja para relaxar ao sol ou ler um livro, com esta estrutura para cadeira suspensa em metal cria a sua pr\u00f3pria zona de bem-estar. O material resistente \u00e0s intemp\u00e9ries assegura uma longa durabilidade, mesmo em condi\u00e7\u00f5es clim\u00e1ticas vari\u00e1veis.<\/p><p>Opte por qualidade, seguran\u00e7a e um design atemporal \u2013 encomende agora a sua estrutura para cadeira suspensa e desfrute do m\u00e1ximo de relaxamento!<\/p>\t\t\t\t\t\t<\/div>\n\t\t\t\t<\/div>\n\t\t\t\t<div class=\"elementor-element elementor-element-880bd0f elementor-widget-divider--view-line elementor-widget elementor-widget-divider\" data-id=\"880bd0f\" data-element_type=\"widget\" data-widget_type=\"divider.default\">\n\t\t\t\t<div class=\"elementor-widget-container\">\n\t\t\t<style>\/*! elementor - v3.23.0 - 25-07-2024 *\/\n.elementor-widget-divider{--divider-border-style:none;--divider-border-width:1px;--divider-color:#0c0d0e;--divider-icon-size:20px;--divider-element-spacing:10px;--divider-pattern-height:24px;--divider-pattern-size:20px;--divider-pattern-url:none;--divider-pattern-repeat:repeat-x}.elementor-widget-divider .elementor-divider{display:flex}.elementor-widget-divider .elementor-divider__text{font-size:15px;line-height:1;max-width:95%}.elementor-widget-divider .elementor-divider__element{margin:0 var(--divider-element-spacing);flex-shrink:0}.elementor-widget-divider .elementor-icon{font-size:var(--divider-icon-size)}.elementor-widget-divider .elementor-divider-separator{display:flex;margin:0;direction:ltr}.elementor-widget-divider--view-line_icon .elementor-divider-separator,.elementor-widget-divider--view-line_text .elementor-divider-separator{align-items:center}.elementor-widget-divider--view-line_icon .elementor-divider-separator:after,.elementor-widget-divider--view-line_icon .elementor-divider-separator:before,.elementor-widget-divider--view-line_text .elementor-divider-separator:after,.elementor-widget-divider--view-line_text .elementor-divider-separator:before{display:block;content:\"\";border-block-end:0;flex-grow:1;border-block-start:var(--divider-border-width) var(--divider-border-style) var(--divider-color)}.elementor-widget-divider--element-align-left .elementor-divider .elementor-divider-separator>.elementor-divider__svg:first-of-type{flex-grow:0;flex-shrink:100}.elementor-widget-divider--element-align-left .elementor-divider-separator:before{content:none}.elementor-widget-divider--element-align-left .elementor-divider__element{margin-left:0}.elementor-widget-divider--element-align-right .elementor-divider .elementor-divider-separator>.elementor-divider__svg:last-of-type{flex-grow:0;flex-shrink:100}.elementor-widget-divider--element-align-right .elementor-divider-separator:after{content:none}.elementor-widget-divider--element-align-right .elementor-divider__element{margin-right:0}.elementor-widget-divider--element-align-start .elementor-divider .elementor-divider-separator>.elementor-divider__svg:first-of-type{flex-grow:0;flex-shrink:100}.elementor-widget-divider--element-align-start .elementor-divider-separator:before{content:none}.elementor-widget-divider--element-align-start .elementor-divider__element{margin-inline-start:0}.elementor-widget-divider--element-align-end .elementor-divider .elementor-divider-separator>.elementor-divider__svg:last-of-type{flex-grow:0;flex-shrink:100}.elementor-widget-divider--element-align-end .elementor-divider-separator:after{content:none}.elementor-widget-divider--element-align-end .elementor-divider__element{margin-inline-end:0}.elementor-widget-divider:not(.elementor-widget-divider--view-line_text):not(.elementor-widget-divider--view-line_icon) .elementor-divider-separator{border-block-start:var(--divider-border-width) var(--divider-border-style) var(--divider-color)}.elementor-widget-divider--separator-type-pattern{--divider-border-style:none}.elementor-widget-divider--separator-type-pattern.elementor-widget-divider--view-line .elementor-divider-separator,.elementor-widget-divider--separator-type-pattern:not(.elementor-widget-divider--view-line) .elementor-divider-separator:after,.elementor-widget-divider--separator-type-pattern:not(.elementor-widget-divider--view-line) .elementor-divider-separator:before,.elementor-widget-divider--separator-type-pattern:not([class*=elementor-widget-divider--view]) .elementor-divider-separator{width:100%;min-height:var(--divider-pattern-height);-webkit-mask-size:var(--divider-pattern-size) 100%;mask-size:var(--divider-pattern-size) 100%;-webkit-mask-repeat:var(--divider-pattern-repeat);mask-repeat:var(--divider-pattern-repeat);background-color:var(--divider-color);-webkit-mask-image:var(--divider-pattern-url);mask-image:var(--divider-pattern-url)}.elementor-widget-divider--no-spacing{--divider-pattern-size:auto}.elementor-widget-divider--bg-round{--divider-pattern-repeat:round}.rtl .elementor-widget-divider .elementor-divider__text{direction:rtl}.e-con-inner>.elementor-widget-divider,.e-con>.elementor-widget-divider{width:var(--container-widget-width,100%);--flex-grow:var(--container-widget-flex-grow)}<\/style>\t\t<div class=\"elementor-divider\">\n\t\t\t<span class=\"elementor-divider-separator\">\n\t\t\t\t\t\t<\/span>\n\t\t<\/div>\n\t\t\t\t<\/div>\n\t\t\t\t<\/div>\n\t\t\t\t<div class=\"elementor-element elementor-element-cac9136 elementor-widget elementor-widget-image\" data-id=\"cac9136\" data-element_type=\"widget\" data-widget_type=\"image.default\">\n\t\t\t\t<div class=\"elementor-widget-container\">\n\t\t\t<style>\/*! elementor - v3.23.0 - 25-07-2024 *\/\n.elementor-widget-image{text-align:center}.elementor-widget-image a{display:inline-block}.elementor-widget-image a img[src$=\".svg\"]{width:48px}.elementor-widget-image img{vertical-align:middle;display:inline-block}<\/style>\t\t\t\t\t\t\t\t\t\t<img decoding=\"async\" width=\"150\" height=\"150\" src=\"https:\/\/www.tischbein-metall.de\/wp-content\/uploads\/2022\/10\/eu-flag-circle-150x150.png\" class=\"attachment-thumbnail size-thumbnail wp-image-13390\" alt=\"\" srcset=\"https:\/\/www.tischbein-metall.de\/wp-content\/uploads\/2022\/10\/eu-flag-circle-150x150.png 150w, https:\/\/www.tischbein-metall.de\/wp-content\/uploads\/2022\/10\/eu-flag-circle-570x570.png 570w, https:\/\/www.tischbein-metall.de\/wp-content\/uploads\/2022\/10\/eu-flag-circle-130x130.png 130w, https:\/\/www.tischbein-metall.de\/wp-content\/uploads\/2022\/10\/eu-flag-circle-600x600.png 600w, https:\/\/www.tischbein-metall.de\/wp-content\/uploads\/2022\/10\/eu-flag-circle-300x300.png 300w, https:\/\/www.tischbein-metall.de\/wp-content\/uploads\/2022\/10\/eu-flag-circle-1024x1024.png 1024w, https:\/\/www.tischbein-metall.de\/wp-content\/uploads\/2022\/10\/eu-flag-circle-768x768.png 768w, https:\/\/www.tischbein-metall.de\/wp-content\/uploads\/2022\/10\/eu-flag-circle-12x12.png 12w, https:\/\/www.tischbein-metall.de\/wp-content\/uploads\/2022\/10\/eu-flag-circle.png 1280w\" sizes=\"(max-width: 150px) 100vw, 150px\" \/>\t\t\t\t\t\t\t\t\t\t\t\t\t<\/div>\n\t\t\t\t<\/div>\n\t\t\t\t\t<\/div>\n\t\t<\/div>\n\t\t\t\t\t<\/div>\n\t\t<\/section>\n\t\t\t\t<\/div>\n\t\t","protected":false},"excerpt":{"rendered":"<table class=\"greyGridTable\">\n<tbody>\n<tr>\n<td><img decoding=\"async\" src=\"\/wp-content\/uploads\/2024\/12\/icons-noggi_timeless-design_blk.svg\" alt=\"\u00cdcone mostra uma linha estilizada que simboliza um design minimalista e atemporal\" width=\"70\" height=\"70\" \/><\/td>\n<td><b>Design Atemporal:<\/b><br \/>\nElegante e adequado para qualquer ambiente<\/td>\n<td><img decoding=\"async\" src=\"\/wp-content\/uploads\/2024\/12\/icons-noggi_versatile-fit_blk.svg\" alt=\"\u00cdcone mostra uma linha ajust\u00e1vel que simboliza a versatilidade de adapta\u00e7\u00e3o\" width=\"70\" height=\"70\" \/><\/td>\n<td><b>Ajuste Vers\u00e1til:<\/b><br \/>\nAdequado para diferentes tamanhos de cadeira suspensa<\/td>\n<\/tr>\n<tr>\n<td><img loading=\"lazy\" decoding=\"async\" src=\"\/wp-content\/uploads\/2024\/12\/icons-noggi_powder-coated_blk.svg\" alt=\"\u00cdcone mostra uma lata de spray que simboliza um revestimento em p\u00f3 de alta qualidade para prote\u00e7\u00e3o adicional e design moderno\" width=\"70\" height=\"70\" \/><\/td>\n<td><b>Revestimento em P\u00f3:<\/b><br \/>\nProtege contra ferrugem, com apar\u00eancia moderna<\/td>\n<td><img loading=\"lazy\" decoding=\"async\" src=\"\/wp-content\/uploads\/2024\/12\/icons-noggi_indoor-outdoor_blk.svg\" alt=\"\u00cdcone mostra uma casa e uma \u00e1rvore, simbolizando as v\u00e1rias possibilidades de uso dentro e fora de casa\" width=\"70\" height=\"70\" \/><\/td>\n<td><b>Indoor &amp; Outdoor:<\/b><br \/>\nDur\u00e1vel e resistente \u00e0s intemp\u00e9ries<\/td>\n<\/tr>\n<tr>\n<td><img loading=\"lazy\" decoding=\"async\" src=\"\/wp-content\/uploads\/2024\/12\/icons-noggi_floor-friendly_blk.svg\" alt=\"\u00cdcone simboliza p\u00e9s de mesa que protegem o piso, com prote\u00e7\u00e3o integrada para superf\u00edcies sens\u00edveis\" width=\"70\" height=\"70\" \/><\/td>\n<td><b>Prote\u00e7\u00e3o de Piso:<\/b><br \/>\nCuida de superf\u00edcies sens\u00edveis<\/td>\n<td><img loading=\"lazy\" decoding=\"async\" src=\"\/wp-content\/uploads\/2024\/12\/icons-noggi_effortless-assembly_blk.svg\" alt=\"\u00cdcone mostra uma chave inglesa que simboliza uma montagem simples e sem esfor\u00e7o\" width=\"70\" height=\"70\" \/><\/td>\n<td><b>Montagem F\u00e1cil:<\/b><br \/>\nR\u00e1pido de montar gra\u00e7as a um manual claro<\/td>\n<\/tr>\n<\/tbody>\n<\/table>\n<p>&nbsp;<\/p>\n","protected":false},"featured_media":36336,"comment_status":"open","ping_status":"closed","template":"","meta":{"_acf_changed":false,"inline_featured_image":false},"product_cat":[741],"product_tag":[],"class_list":{"0":"post-36334","1":"product","2":"type-product","3":"status-publish","4":"has-post-thumbnail","6":"product_cat-estrutura-para-cadeira-suspensa","8":"first","9":"outofstock","10":"sale","11":"taxable","12":"shipping-taxable","13":"purchasable","14":"product-type-simple"},"acf":[],"yoast_head":"<!-- This site is optimized with the Yoast SEO plugin v25.3 - https:\/\/yoast.com\/wordpress\/plugins\/seo\/ -->\n<title>Estrutura met\u00e1lica para cadeira suspensa - O seu especialista em p\u00e9s de mesa met\u00e1licos<\/title>\n<meta name=\"robots\" content=\"index, follow, max-snippet:-1, max-image-preview:large, max-video-preview:-1\" \/>\n<link rel=\"canonical\" href=\"https:\/\/www.tischbein-metall.de\/pt-pt\/produto\/estrutura-metalica-para-cadeira-suspensa\/\" \/>\n<meta property=\"og:locale\" content=\"pt_PT\" \/>\n<meta property=\"og:type\" content=\"article\" \/>\n<meta property=\"og:title\" content=\"Estrutura met\u00e1lica para cadeira suspensa - O seu especialista em p\u00e9s de mesa met\u00e1licos\" \/>\n<meta property=\"og:description\" content=\"Design Atemporal: Elegante e adequado para qualquer ambiente  Ajuste Vers\u00e1til: Adequado para diferentes tamanhos de cadeira suspensa    Revestimento em P\u00f3: Protege contra ferrugem, com apar\u00eancia moderna  Indoor &amp; Outdoor: Dur\u00e1vel e resistente \u00e0s intemp\u00e9ries    Prote\u00e7\u00e3o de Piso: Cuida de superf\u00edcies sens\u00edveis  Montagem F\u00e1cil: R\u00e1pido de montar gra\u00e7as a um manual claro    &nbsp;\" \/>\n<meta property=\"og:url\" content=\"https:\/\/www.tischbein-metall.de\/pt-pt\/produto\/estrutura-metalica-para-cadeira-suspensa\/\" \/>\n<meta property=\"og:site_name\" content=\"O seu especialista em p\u00e9s de mesa met\u00e1licos\" \/>\n<meta property=\"article:modified_time\" content=\"2025-02-25T14:03:24+00:00\" \/>\n<meta property=\"og:image\" content=\"https:\/\/www.tischbein-metall.de\/wp-content\/uploads\/2025\/02\/mesa-perna-metal-estrutura-metalica-para-cadeira-suspensa-1.jpg\" \/>\n\t<meta property=\"og:image:width\" content=\"1800\" \/>\n\t<meta property=\"og:image:height\" content=\"1800\" \/>\n\t<meta property=\"og:image:type\" content=\"image\/jpeg\" \/>\n<meta name=\"twitter:card\" content=\"summary_large_image\" \/>\n<meta name=\"twitter:label1\" content=\"Tempo estimado de leitura\" \/>\n\t<meta name=\"twitter:data1\" content=\"2 minutos\" \/>\n<script type=\"application\/ld+json\" class=\"yoast-schema-graph\">{\"@context\":\"https:\/\/schema.org\",\"@graph\":[{\"@type\":\"WebPage\",\"@id\":\"https:\/\/www.tischbein-metall.de\/pt-pt\/produto\/estrutura-metalica-para-cadeira-suspensa\/\",\"url\":\"https:\/\/www.tischbein-metall.de\/pt-pt\/produto\/estrutura-metalica-para-cadeira-suspensa\/\",\"name\":\"Estrutura met\u00e1lica para cadeira suspensa - O seu especialista em p\u00e9s de mesa met\u00e1licos\",\"isPartOf\":{\"@id\":\"https:\/\/www.tischbein-metall.de\/#website\"},\"primaryImageOfPage\":{\"@id\":\"https:\/\/www.tischbein-metall.de\/pt-pt\/produto\/estrutura-metalica-para-cadeira-suspensa\/#primaryimage\"},\"image\":{\"@id\":\"https:\/\/www.tischbein-metall.de\/pt-pt\/produto\/estrutura-metalica-para-cadeira-suspensa\/#primaryimage\"},\"thumbnailUrl\":\"https:\/\/www.tischbein-metall.de\/wp-content\/uploads\/2025\/02\/mesa-perna-metal-estrutura-metalica-para-cadeira-suspensa-1.jpg\",\"datePublished\":\"2025-02-11T18:43:04+00:00\",\"dateModified\":\"2025-02-25T14:03:24+00:00\",\"breadcrumb\":{\"@id\":\"https:\/\/www.tischbein-metall.de\/pt-pt\/produto\/estrutura-metalica-para-cadeira-suspensa\/#breadcrumb\"},\"inLanguage\":\"pt-PT\",\"potentialAction\":[{\"@type\":\"ReadAction\",\"target\":[\"https:\/\/www.tischbein-metall.de\/pt-pt\/produto\/estrutura-metalica-para-cadeira-suspensa\/\"]}]},{\"@type\":\"ImageObject\",\"inLanguage\":\"pt-PT\",\"@id\":\"https:\/\/www.tischbein-metall.de\/pt-pt\/produto\/estrutura-metalica-para-cadeira-suspensa\/#primaryimage\",\"url\":\"https:\/\/www.tischbein-metall.de\/wp-content\/uploads\/2025\/02\/mesa-perna-metal-estrutura-metalica-para-cadeira-suspensa-1.jpg\",\"contentUrl\":\"https:\/\/www.tischbein-metall.de\/wp-content\/uploads\/2025\/02\/mesa-perna-metal-estrutura-metalica-para-cadeira-suspensa-1.jpg\",\"width\":1800,\"height\":1800},{\"@type\":\"BreadcrumbList\",\"@id\":\"https:\/\/www.tischbein-metall.de\/pt-pt\/produto\/estrutura-metalica-para-cadeira-suspensa\/#breadcrumb\",\"itemListElement\":[{\"@type\":\"ListItem\",\"position\":1,\"name\":\"P\u00e1gina inicial\",\"item\":\"https:\/\/www.tischbein-metall.de\/pt-pt\/\"},{\"@type\":\"ListItem\",\"position\":2,\"name\":\"Produtos\",\"item\":\"https:\/\/www.tischbein-metall.de\/pt-pt\/produtos\/\"},{\"@type\":\"ListItem\",\"position\":3,\"name\":\"Estrutura met\u00e1lica para cadeira suspensa\"}]},{\"@type\":\"WebSite\",\"@id\":\"https:\/\/www.tischbein-metall.de\/#website\",\"url\":\"https:\/\/www.tischbein-metall.de\/\",\"name\":\"O seu especialista em p\u00e9s de mesa met\u00e1licos\",\"description\":\"\",\"potentialAction\":[{\"@type\":\"SearchAction\",\"target\":{\"@type\":\"EntryPoint\",\"urlTemplate\":\"https:\/\/www.tischbein-metall.de\/?s={search_term_string}\"},\"query-input\":{\"@type\":\"PropertyValueSpecification\",\"valueRequired\":true,\"valueName\":\"search_term_string\"}}],\"inLanguage\":\"pt-PT\"}]}<\/script>\n<!-- \/ Yoast SEO plugin. -->","yoast_head_json":{"title":"Estrutura met\u00e1lica para cadeira suspensa - O seu especialista em p\u00e9s de mesa met\u00e1licos","robots":{"index":"index","follow":"follow","max-snippet":"max-snippet:-1","max-image-preview":"max-image-preview:large","max-video-preview":"max-video-preview:-1"},"canonical":"https:\/\/www.tischbein-metall.de\/pt-pt\/produto\/estrutura-metalica-para-cadeira-suspensa\/","og_locale":"pt_PT","og_type":"article","og_title":"Estrutura met\u00e1lica para cadeira suspensa - O seu especialista em p\u00e9s de mesa met\u00e1licos","og_description":"Design Atemporal: Elegante e adequado para qualquer ambiente  Ajuste Vers\u00e1til: Adequado para diferentes tamanhos de cadeira suspensa    Revestimento em P\u00f3: Protege contra ferrugem, com apar\u00eancia moderna  Indoor &amp; Outdoor: Dur\u00e1vel e resistente \u00e0s intemp\u00e9ries    Prote\u00e7\u00e3o de Piso: Cuida de superf\u00edcies sens\u00edveis  Montagem F\u00e1cil: R\u00e1pido de montar gra\u00e7as a um manual claro    &nbsp;","og_url":"https:\/\/www.tischbein-metall.de\/pt-pt\/produto\/estrutura-metalica-para-cadeira-suspensa\/","og_site_name":"O seu especialista em p\u00e9s de mesa met\u00e1licos","article_modified_time":"2025-02-25T14:03:24+00:00","og_image":[{"width":1800,"height":1800,"url":"https:\/\/www.tischbein-metall.de\/wp-content\/uploads\/2025\/02\/mesa-perna-metal-estrutura-metalica-para-cadeira-suspensa-1.jpg","type":"image\/jpeg"}],"twitter_card":"summary_large_image","twitter_misc":{"Tempo estimado de leitura":"2 minutos"},"schema":{"@context":"https:\/\/schema.org","@graph":[{"@type":"WebPage","@id":"https:\/\/www.tischbein-metall.de\/pt-pt\/produto\/estrutura-metalica-para-cadeira-suspensa\/","url":"https:\/\/www.tischbein-metall.de\/pt-pt\/produto\/estrutura-metalica-para-cadeira-suspensa\/","name":"Estrutura met\u00e1lica para cadeira suspensa - O seu especialista em p\u00e9s de mesa met\u00e1licos","isPartOf":{"@id":"https:\/\/www.tischbein-metall.de\/#website"},"primaryImageOfPage":{"@id":"https:\/\/www.tischbein-metall.de\/pt-pt\/produto\/estrutura-metalica-para-cadeira-suspensa\/#primaryimage"},"image":{"@id":"https:\/\/www.tischbein-metall.de\/pt-pt\/produto\/estrutura-metalica-para-cadeira-suspensa\/#primaryimage"},"thumbnailUrl":"https:\/\/www.tischbein-metall.de\/wp-content\/uploads\/2025\/02\/mesa-perna-metal-estrutura-metalica-para-cadeira-suspensa-1.jpg","datePublished":"2025-02-11T18:43:04+00:00","dateModified":"2025-02-25T14:03:24+00:00","breadcrumb":{"@id":"https:\/\/www.tischbein-metall.de\/pt-pt\/produto\/estrutura-metalica-para-cadeira-suspensa\/#breadcrumb"},"inLanguage":"pt-PT","potentialAction":[{"@type":"ReadAction","target":["https:\/\/www.tischbein-metall.de\/pt-pt\/produto\/estrutura-metalica-para-cadeira-suspensa\/"]}]},{"@type":"ImageObject","inLanguage":"pt-PT","@id":"https:\/\/www.tischbein-metall.de\/pt-pt\/produto\/estrutura-metalica-para-cadeira-suspensa\/#primaryimage","url":"https:\/\/www.tischbein-metall.de\/wp-content\/uploads\/2025\/02\/mesa-perna-metal-estrutura-metalica-para-cadeira-suspensa-1.jpg","contentUrl":"https:\/\/www.tischbein-metall.de\/wp-content\/uploads\/2025\/02\/mesa-perna-metal-estrutura-metalica-para-cadeira-suspensa-1.jpg","width":1800,"height":1800},{"@type":"BreadcrumbList","@id":"https:\/\/www.tischbein-metall.de\/pt-pt\/produto\/estrutura-metalica-para-cadeira-suspensa\/#breadcrumb","itemListElement":[{"@type":"ListItem","position":1,"name":"P\u00e1gina inicial","item":"https:\/\/www.tischbein-metall.de\/pt-pt\/"},{"@type":"ListItem","position":2,"name":"Produtos","item":"https:\/\/www.tischbein-metall.de\/pt-pt\/produtos\/"},{"@type":"ListItem","position":3,"name":"Estrutura met\u00e1lica para cadeira suspensa"}]},{"@type":"WebSite","@id":"https:\/\/www.tischbein-metall.de\/#website","url":"https:\/\/www.tischbein-metall.de\/","name":"O seu especialista em p\u00e9s de mesa met\u00e1licos","description":"","potentialAction":[{"@type":"SearchAction","target":{"@type":"EntryPoint","urlTemplate":"https:\/\/www.tischbein-metall.de\/?s={search_term_string}"},"query-input":{"@type":"PropertyValueSpecification","valueRequired":true,"valueName":"search_term_string"}}],"inLanguage":"pt-PT"}]}},"_links":{"self":[{"href":"https:\/\/www.tischbein-metall.de\/pt-pt\/wp-json\/wp\/v2\/product\/36334","targetHints":{"allow":["GET"]}}],"collection":[{"href":"https:\/\/www.tischbein-metall.de\/pt-pt\/wp-json\/wp\/v2\/product"}],"about":[{"href":"https:\/\/www.tischbein-metall.de\/pt-pt\/wp-json\/wp\/v2\/types\/product"}],"replies":[{"embeddable":true,"href":"https:\/\/www.tischbein-metall.de\/pt-pt\/wp-json\/wp\/v2\/comments?post=36334"}],"version-history":[{"count":6,"href":"https:\/\/www.tischbein-metall.de\/pt-pt\/wp-json\/wp\/v2\/product\/36334\/revisions"}],"predecessor-version":[{"id":36429,"href":"https:\/\/www.tischbein-metall.de\/pt-pt\/wp-json\/wp\/v2\/product\/36334\/revisions\/36429"}],"wp:featuredmedia":[{"embeddable":true,"href":"https:\/\/www.tischbein-metall.de\/pt-pt\/wp-json\/wp\/v2\/media\/36336"}],"wp:attachment":[{"href":"https:\/\/www.tischbein-metall.de\/pt-pt\/wp-json\/wp\/v2\/media?parent=36334"}],"wp:term":[{"taxonomy":"product_cat","embeddable":true,"href":"https:\/\/www.tischbein-metall.de\/pt-pt\/wp-json\/wp\/v2\/product_cat?post=36334"},{"taxonomy":"product_tag","embeddable":true,"href":"https:\/\/www.tischbein-metall.de\/pt-pt\/wp-json\/wp\/v2\/product_tag?post=36334"}],"curies":[{"name":"wp","href":"https:\/\/api.w.org\/{rel}","templated":true}]}}